{"id":91961,"date":"2022-12-10T12:02:49","date_gmt":"2022-12-10T11:02:49","guid":{"rendered":"https:\/\/swissraft.xyanzkdne.eu\/product\/helikopterflug-von-interlaken-grosser-flug-ueber-die-glaciers-22-min-chf-360-00\/"},"modified":"2025-06-14T22:26:03","modified_gmt":"2025-06-14T20:26:03","slug":"grosser-gletscherflug-helikopter-interlaken","status":"publish","type":"product","link":"https:\/\/www.swissraft.ch\/de\/produkt\/grosser-gletscherflug-helikopter-interlaken\/","title":{"rendered":"Helikopterflug von INTERLAKEN  GROSSER GLETSCHERFLUG &#8211; 22 Min. &#8211; CHF 370.00"},"content":{"rendered":"\t\t<div data-elementor-type=\"wp-post\" data-elementor-id=\"91961\" class=\"elementor elementor-91961 elementor-29399\">\n\t\t\t\t\t\t\t\t\t<section class=\"elementor-section elementor-top-section elementor-element elementor-element-3303a7e3 elementor-section-boxed elementor-section-height-default elementor-section-height-default\" data-id=\"3303a7e3\" data-element_type=\"section\">\n\t\t\t\t\t\t<div class=\"elementor-container elementor-column-gap-default\">\n\t\t\t\t\t<div class=\"elementor-column elementor-col-100 elementor-top-column elementor-element elementor-element-16d72dbf\" data-id=\"16d72dbf\" data-element_type=\"column\">\n\t\t\t<div class=\"elementor-widget-wrap elementor-element-populated\">\n\t\t\t\t\t\t\t\t<div class=\"elementor-element elementor-element-d743c03 elementor-widget elementor-widget-text-editor\" data-id=\"d743c03\" data-element_type=\"widget\" data-widget_type=\"text-editor.default\">\n\t\t\t\t<div class=\"elementor-widget-container\">\n\t\t\t\t\t\t\t<h2>W\u00c4HLEN SIE UNTEN IHRE AKTIVIT\u00c4T AUS, UM GESCHENKGUTSCHEINE \/ TICKETS ZU VERSCHENKEN ODER ZU BUCHEN.<\/h2><table style=\"height: 290px;\" border=\"0\" width=\"580\" cellspacing=\"10\" cellpadding=\"10\"><tbody><tr><td width=\"50%\"><strong>GROSSER GLETSCHERFLUG &#8211; 22 Min.<\/strong><\/td><td><strong>CHF 370.00 pro Person<\/strong><\/td><\/tr><tr><td>Weitere Informationen<\/td><td>&#8211; Sie werden mit anderen Passagieren zusammen sein<br \/>&#8211; Maximum 5 Pers.<\/td><\/tr><tr><td>Heliport<\/td><td><a href=\"https:\/\/www.google.com\/maps\/place\/46%C2%B038'53.4%22N+7%C2%B052'41.1%22E\/@46.6502106,7.8037923,12395m\/data=!3m1!1e3!4m4!3m3!8m2!3d46.6481667!4d7.8780833?entry=ttu\" target=\"_blank\" rel=\"noopener\">Gsteigwiler<\/a><\/td><\/tr><tr><td>Flugzeit<\/td><td>22 Min.<\/td><\/tr><tr><td>Gesamtdauer<\/td><td>ca. 50 Min.<\/td><\/tr><tr><td>Terminvereinbarung<\/td><td>Per Telefon<\/td><\/tr><tr><td><button class=\"elementor-button\" type=\"button\"><a href=\"https:\/\/swissraft.outdoorbooking.ch\/fo\/products\/45?base_id=10&amp;category_id=6&amp;order_type=gift_voucher&amp;lang=de\" target=\"_blank\" rel=\"noopener\">GUTSCHEIN KAUFEN<\/a><\/button><\/td><td>Nach Erhalt Ihres Tickets\/Gutscheins rufen Sie bitte die Telefonnummer an, die oben links angegeben ist, um zu reservieren.<\/td><\/tr><\/tbody><\/table>\t\t\t\t\t\t<\/div>\n\t\t\t\t<\/div>\n\t\t\t\t\t<\/div>\n\t\t<\/div>\n\t\t\t\t\t\t\t<\/div>\n\t\t<\/section>\n\t\t\t\t\t\t\t<\/div>\n\t\t","protected":false},"excerpt":{"rendered":"<div align=\"justify\">\n<h2 align=\"justify\">Vom Heliport Gsteigwiler aus starten Sie zu einem 20-min\u00fctigen Flug \u00fcber die Gletscher der Berner Alpen.<\/h2>\n<h3>Sie fliegen \u00fcber zahlreiche Gletscher, einer imposanter als der andere.<\/h3>\n<\/div>\n<div align=\"justify\">\n<p>Von Gsteigwiler aus fliegen wir nach Zweil\u00fctschinen im Tal von Grindelwald. Anschlie\u00dfend geht es zum Skigebiet M\u00e4nnlichen, der Nordseite des Eigers. Dann geht es weiter zum Mittellegigrat mit seinem scharfen Gipfel, dem Eismeer, der Fiescherwand, der Gr\u00fcnhornl\u00fccke und dem riesigen Kondordiaplatz. Wir kommen \u00fcber den Aletschgletscher, die L\u00f6tschenl\u00fccke, den Petersgrat-Gletscher und den Gspaltenhorn-Gletscher. Dann kommt das Schilthorn, das Soustal, bevor wir wieder auf dem Helikopterlandeplatz von Gsteigwiler landen.<\/p>\n<h3>Mit 23 Helikopterlandepl\u00e4tzen und Flugpl\u00e4tzen in der Schweiz bietet Ihnen das Swissraft Aviation Center eine betr\u00e4chtliche Anzahl von Rundfl\u00fcgen an.<\/h3>\n<p id=\"textarea\" style=\"display: none;\">So starten wir vom Heliport Gstaad-Grund in Gstaad-Saanenland und vom Flugplatz Saanen. Aber auch von den Heliports in Lauterbrunnen, Lenk-Simmental und Schattenhalb-Meiringen im Berner Oberland. Auch aus dem Wallis von den Heliports Collombey, Gampel und vom Flughafen Sitten. Wir bieten Rundfl\u00fcge ab dem Flugplatz \u00c9pagny im Kanton Freiburg an. Au\u00dferdem gibt es Rundfl\u00fcge im Kanton Uri ab dem Heliport Erstfeld und im Kanton Luzern ab Pfaffnau. Wir bieten auch Rundfl\u00fcge ab dem Flugplatz Buttwil in Aargau an. Au\u00dferdem bieten wir Helikopterrundfl\u00fcge ab dem Flugplatz Grenchen und ab dem Flughafen Bern-Belp an. Ebenso fliegen wir vom internationalen Flughafen Z\u00fcrich-Kloten ab. Wir starten auch von K\u00fcssnacht im Kanton Schwyz. Im Engadin bieten wir Ihnen Fl\u00fcge ab dem Flughafen Samedan an. Ebenfalls in Graub\u00fcnden bieten wir Helikopterfl\u00fcge von Flims, Tavanasa und Untervaz aus an. Im Tessin bieten wir Fl\u00fcge von zwei Flugpl\u00e4tzen an Lodrino und Locarno Aber auch aus Liechtenstein mit Fl\u00fcgen ab dem Heliport Balzers und dem Flugplatz Sitterdorf im Thurgau.\n<\/p>\n<p><a id=\"seeMore\" onclick=\"toggleSeeMore()\" href=\"javascript:void(0);\">Lesen Sie mehr<\/a><\/p>\n","protected":false},"featured_media":86155,"comment_status":"open","ping_status":"closed","template":"","meta":{"inline_featured_image":false,"_mi_skip_tracking":false},"product_cat":[263,274],"product_tag":[],"class_list":["post-91961","product","type-product","status-publish","has-post-thumbnail","hentry","product_cat-helikopterflug-in-der-schweiz","product_cat-helikopterrundflug-interlaken-gsteigwiler"],"yoast_head":"<!-- This site is optimized with the Yoast SEO plugin v23.6 - https:\/\/yoast.com\/wordpress\/plugins\/seo\/ -->\n<title>Grosser gletscherflug von Interlaken-Gsteigwiler aus<\/title>\n<meta name=\"description\" content=\"Grosser Gletscherflug von Interlaken-Gsteigwiler f\u00fcr einen 22-min\u00fctigen Flug mit dem Hubschrauber. Fliegen Sie u.a. \u00fcber den l\u00e4ngsten Aletschgletscher.\" \/>\n<meta name=\"robots\" content=\"index, follow, max-snippet:-1, max-image-preview:large, max-video-preview:-1\" \/>\n<link rel=\"canonical\" href=\"https:\/\/www.swissraft.ch\/de\/produkt\/grosser-gletscherflug-helikopter-interlaken\/\" \/>\n<meta property=\"og:locale\" content=\"de_DE\" \/>\n<meta property=\"og:type\" content=\"article\" \/>\n<meta property=\"og:title\" content=\"Grosser gletscherflug von Interlaken-Gsteigwiler aus\" \/>\n<meta property=\"og:description\" content=\"Grosser Gletscherflug von Interlaken-Gsteigwiler f\u00fcr einen 22-min\u00fctigen Flug mit dem Hubschrauber. Fliegen Sie u.a. \u00fcber den l\u00e4ngsten Aletschgletscher.\" \/>\n<meta property=\"og:url\" content=\"https:\/\/www.swissraft.ch\/de\/produkt\/grosser-gletscherflug-helikopter-interlaken\/\" \/>\n<meta property=\"og:site_name\" content=\"Swissraft\" \/>\n<meta property=\"article:modified_time\" content=\"2025-06-14T20:26:03+00:00\" \/>\n<meta property=\"og:image\" content=\"https:\/\/www.swissraft.ch\/wp-content\/uploads\/2022\/12\/5-INTERLAKEN-Grosser-Gletscherflug-776x776-2.jpg\" \/>\n\t<meta property=\"og:image:width\" content=\"776\" \/>\n\t<meta property=\"og:image:height\" content=\"776\" \/>\n\t<meta property=\"og:image:type\" content=\"image\/jpeg\" \/>\n<meta name=\"twitter:card\" content=\"summary_large_image\" \/>\n<meta name=\"twitter:label1\" content=\"Gesch\u00e4tzte Lesezeit\" \/>\n\t<meta name=\"twitter:data1\" content=\"1\u00a0Minute\" \/>\n<script type=\"application\/ld+json\" class=\"yoast-schema-graph\">{\"@context\":\"https:\/\/schema.org\",\"@graph\":[{\"@type\":\"WebPage\",\"@id\":\"https:\/\/www.swissraft.ch\/de\/produkt\/grosser-gletscherflug-helikopter-interlaken\/\",\"url\":\"https:\/\/www.swissraft.ch\/de\/produkt\/grosser-gletscherflug-helikopter-interlaken\/\",\"name\":\"Grosser gletscherflug von Interlaken-Gsteigwiler aus\",\"isPartOf\":{\"@id\":\"https:\/\/www.swissraft.ch\/de\/#website\"},\"primaryImageOfPage\":{\"@id\":\"https:\/\/www.swissraft.ch\/de\/produkt\/grosser-gletscherflug-helikopter-interlaken\/#primaryimage\"},\"image\":{\"@id\":\"https:\/\/www.swissraft.ch\/de\/produkt\/grosser-gletscherflug-helikopter-interlaken\/#primaryimage\"},\"thumbnailUrl\":\"https:\/\/www.swissraft.ch\/wp-content\/uploads\/2022\/12\/5-INTERLAKEN-Grosser-Gletscherflug-776x776-2.jpg\",\"datePublished\":\"2022-12-10T11:02:49+00:00\",\"dateModified\":\"2025-06-14T20:26:03+00:00\",\"description\":\"Grosser Gletscherflug von Interlaken-Gsteigwiler f\u00fcr einen 22-min\u00fctigen Flug mit dem Hubschrauber. Fliegen Sie u.a. \u00fcber den l\u00e4ngsten Aletschgletscher.\",\"breadcrumb\":{\"@id\":\"https:\/\/www.swissraft.ch\/de\/produkt\/grosser-gletscherflug-helikopter-interlaken\/#breadcrumb\"},\"inLanguage\":\"de\",\"potentialAction\":[{\"@type\":\"ReadAction\",\"target\":[\"https:\/\/www.swissraft.ch\/de\/produkt\/grosser-gletscherflug-helikopter-interlaken\/\"]}]},{\"@type\":\"ImageObject\",\"inLanguage\":\"de\",\"@id\":\"https:\/\/www.swissraft.ch\/de\/produkt\/grosser-gletscherflug-helikopter-interlaken\/#primaryimage\",\"url\":\"https:\/\/www.swissraft.ch\/wp-content\/uploads\/2022\/12\/5-INTERLAKEN-Grosser-Gletscherflug-776x776-2.jpg\",\"contentUrl\":\"https:\/\/www.swissraft.ch\/wp-content\/uploads\/2022\/12\/5-INTERLAKEN-Grosser-Gletscherflug-776x776-2.jpg\",\"width\":776,\"height\":776,\"caption\":\"Schweizer Helikopterrettung in den Bergen\"},{\"@type\":\"BreadcrumbList\",\"@id\":\"https:\/\/www.swissraft.ch\/de\/produkt\/grosser-gletscherflug-helikopter-interlaken\/#breadcrumb\",\"itemListElement\":[{\"@type\":\"ListItem\",\"position\":1,\"name\":\"Accueil\",\"item\":\"https:\/\/www.swissraft.ch\/de\/\"},{\"@type\":\"ListItem\",\"position\":2,\"name\":\"Shop\",\"item\":\"https:\/\/www.swissraft.ch\/de\/shop\/\"},{\"@type\":\"ListItem\",\"position\":3,\"name\":\"Helikopterflug von INTERLAKEN GROSSER GLETSCHERFLUG &#8211; 22 Min. &#8211; CHF 370.00\"}]},{\"@type\":\"WebSite\",\"@id\":\"https:\/\/www.swissraft.ch\/de\/#website\",\"url\":\"https:\/\/www.swissraft.ch\/de\/\",\"name\":\"Swissraft\",\"description\":\"To enjoy nature as it is\",\"publisher\":{\"@id\":\"https:\/\/www.swissraft.ch\/de\/#organization\"},\"potentialAction\":[{\"@type\":\"SearchAction\",\"target\":{\"@type\":\"EntryPoint\",\"urlTemplate\":\"https:\/\/www.swissraft.ch\/de\/?s={search_term_string}\"},\"query-input\":{\"@type\":\"PropertyValueSpecification\",\"valueRequired\":true,\"valueName\":\"search_term_string\"}}],\"inLanguage\":\"de\"},{\"@type\":\"Organization\",\"@id\":\"https:\/\/www.swissraft.ch\/de\/#organization\",\"name\":\"Swissraft\",\"url\":\"https:\/\/www.swissraft.ch\/de\/\",\"logo\":{\"@type\":\"ImageObject\",\"inLanguage\":\"de\",\"@id\":\"https:\/\/www.swissraft.ch\/de\/#\/schema\/logo\/image\/\",\"url\":\"https:\/\/www.swissraft.ch\/wp-content\/uploads\/2025\/09\/Capture.jpg\",\"contentUrl\":\"https:\/\/www.swissraft.ch\/wp-content\/uploads\/2025\/09\/Capture.jpg\",\"width\":293,\"height\":108,\"caption\":\"Swissraft\"},\"image\":{\"@id\":\"https:\/\/www.swissraft.ch\/de\/#\/schema\/logo\/image\/\"}}]}<\/script>\n<!-- \/ Yoast SEO plugin. -->","yoast_head_json":{"title":"Grosser gletscherflug von Interlaken-Gsteigwiler aus","description":"Grosser Gletscherflug von Interlaken-Gsteigwiler f\u00fcr einen 22-min\u00fctigen Flug mit dem Hubschrauber. Fliegen Sie u.a. \u00fcber den l\u00e4ngsten Aletschgletscher.","robots":{"index":"index","follow":"follow","max-snippet":"max-snippet:-1","max-image-preview":"max-image-preview:large","max-video-preview":"max-video-preview:-1"},"canonical":"https:\/\/www.swissraft.ch\/de\/produkt\/grosser-gletscherflug-helikopter-interlaken\/","og_locale":"de_DE","og_type":"article","og_title":"Grosser gletscherflug von Interlaken-Gsteigwiler aus","og_description":"Grosser Gletscherflug von Interlaken-Gsteigwiler f\u00fcr einen 22-min\u00fctigen Flug mit dem Hubschrauber. Fliegen Sie u.a. \u00fcber den l\u00e4ngsten Aletschgletscher.","og_url":"https:\/\/www.swissraft.ch\/de\/produkt\/grosser-gletscherflug-helikopter-interlaken\/","og_site_name":"Swissraft","article_modified_time":"2025-06-14T20:26:03+00:00","og_image":[{"width":776,"height":776,"url":"https:\/\/www.swissraft.ch\/wp-content\/uploads\/2022\/12\/5-INTERLAKEN-Grosser-Gletscherflug-776x776-2.jpg","type":"image\/jpeg"}],"twitter_card":"summary_large_image","twitter_misc":{"Gesch\u00e4tzte Lesezeit":"1\u00a0Minute"},"schema":{"@context":"https:\/\/schema.org","@graph":[{"@type":"WebPage","@id":"https:\/\/www.swissraft.ch\/de\/produkt\/grosser-gletscherflug-helikopter-interlaken\/","url":"https:\/\/www.swissraft.ch\/de\/produkt\/grosser-gletscherflug-helikopter-interlaken\/","name":"Grosser gletscherflug von Interlaken-Gsteigwiler aus","isPartOf":{"@id":"https:\/\/www.swissraft.ch\/de\/#website"},"primaryImageOfPage":{"@id":"https:\/\/www.swissraft.ch\/de\/produkt\/grosser-gletscherflug-helikopter-interlaken\/#primaryimage"},"image":{"@id":"https:\/\/www.swissraft.ch\/de\/produkt\/grosser-gletscherflug-helikopter-interlaken\/#primaryimage"},"thumbnailUrl":"https:\/\/www.swissraft.ch\/wp-content\/uploads\/2022\/12\/5-INTERLAKEN-Grosser-Gletscherflug-776x776-2.jpg","datePublished":"2022-12-10T11:02:49+00:00","dateModified":"2025-06-14T20:26:03+00:00","description":"Grosser Gletscherflug von Interlaken-Gsteigwiler f\u00fcr einen 22-min\u00fctigen Flug mit dem Hubschrauber. Fliegen Sie u.a. \u00fcber den l\u00e4ngsten Aletschgletscher.","breadcrumb":{"@id":"https:\/\/www.swissraft.ch\/de\/produkt\/grosser-gletscherflug-helikopter-interlaken\/#breadcrumb"},"inLanguage":"de","potentialAction":[{"@type":"ReadAction","target":["https:\/\/www.swissraft.ch\/de\/produkt\/grosser-gletscherflug-helikopter-interlaken\/"]}]},{"@type":"ImageObject","inLanguage":"de","@id":"https:\/\/www.swissraft.ch\/de\/produkt\/grosser-gletscherflug-helikopter-interlaken\/#primaryimage","url":"https:\/\/www.swissraft.ch\/wp-content\/uploads\/2022\/12\/5-INTERLAKEN-Grosser-Gletscherflug-776x776-2.jpg","contentUrl":"https:\/\/www.swissraft.ch\/wp-content\/uploads\/2022\/12\/5-INTERLAKEN-Grosser-Gletscherflug-776x776-2.jpg","width":776,"height":776,"caption":"Schweizer Helikopterrettung in den Bergen"},{"@type":"BreadcrumbList","@id":"https:\/\/www.swissraft.ch\/de\/produkt\/grosser-gletscherflug-helikopter-interlaken\/#breadcrumb","itemListElement":[{"@type":"ListItem","position":1,"name":"Accueil","item":"https:\/\/www.swissraft.ch\/de\/"},{"@type":"ListItem","position":2,"name":"Shop","item":"https:\/\/www.swissraft.ch\/de\/shop\/"},{"@type":"ListItem","position":3,"name":"Helikopterflug von INTERLAKEN GROSSER GLETSCHERFLUG &#8211; 22 Min. &#8211; CHF 370.00"}]},{"@type":"WebSite","@id":"https:\/\/www.swissraft.ch\/de\/#website","url":"https:\/\/www.swissraft.ch\/de\/","name":"Swissraft","description":"To enjoy nature as it is","publisher":{"@id":"https:\/\/www.swissraft.ch\/de\/#organization"},"potentialAction":[{"@type":"SearchAction","target":{"@type":"EntryPoint","urlTemplate":"https:\/\/www.swissraft.ch\/de\/?s={search_term_string}"},"query-input":{"@type":"PropertyValueSpecification","valueRequired":true,"valueName":"search_term_string"}}],"inLanguage":"de"},{"@type":"Organization","@id":"https:\/\/www.swissraft.ch\/de\/#organization","name":"Swissraft","url":"https:\/\/www.swissraft.ch\/de\/","logo":{"@type":"ImageObject","inLanguage":"de","@id":"https:\/\/www.swissraft.ch\/de\/#\/schema\/logo\/image\/","url":"https:\/\/www.swissraft.ch\/wp-content\/uploads\/2025\/09\/Capture.jpg","contentUrl":"https:\/\/www.swissraft.ch\/wp-content\/uploads\/2025\/09\/Capture.jpg","width":293,"height":108,"caption":"Swissraft"},"image":{"@id":"https:\/\/www.swissraft.ch\/de\/#\/schema\/logo\/image\/"}}]}},"_links":{"self":[{"href":"https:\/\/www.swissraft.ch\/de\/wp-json\/wp\/v2\/product\/91961","targetHints":{"allow":["GET"]}}],"collection":[{"href":"https:\/\/www.swissraft.ch\/de\/wp-json\/wp\/v2\/product"}],"about":[{"href":"https:\/\/www.swissraft.ch\/de\/wp-json\/wp\/v2\/types\/product"}],"replies":[{"embeddable":true,"href":"https:\/\/www.swissraft.ch\/de\/wp-json\/wp\/v2\/comments?post=91961"}],"version-history":[{"count":38,"href":"https:\/\/www.swissraft.ch\/de\/wp-json\/wp\/v2\/product\/91961\/revisions"}],"predecessor-version":[{"id":117641,"href":"https:\/\/www.swissraft.ch\/de\/wp-json\/wp\/v2\/product\/91961\/revisions\/117641"}],"wp:featuredmedia":[{"embeddable":true,"href":"https:\/\/www.swissraft.ch\/de\/wp-json\/wp\/v2\/media\/86155"}],"wp:attachment":[{"href":"https:\/\/www.swissraft.ch\/de\/wp-json\/wp\/v2\/media?parent=91961"}],"wp:term":[{"taxonomy":"product_cat","embeddable":true,"href":"https:\/\/www.swissraft.ch\/de\/wp-json\/wp\/v2\/product_cat?post=91961"},{"taxonomy":"product_tag","embeddable":true,"href":"https:\/\/www.swissraft.ch\/de\/wp-json\/wp\/v2\/product_tag?post=91961"}],"curies":[{"name":"wp","href":"https:\/\/api.w.org\/{rel}","templated":true}]}}