{"id":91958,"date":"2022-12-10T11:48:17","date_gmt":"2022-12-10T10:48:17","guid":{"rendered":"https:\/\/swissraft.xyanzkdne.eu\/product\/hubschrauberflug-von-interlaken-eiger-suedseite-17-min-chf-280-00\/"},"modified":"2026-04-19T03:40:29","modified_gmt":"2026-04-19T01:40:29","slug":"interlaken-rundflug-eiger-suedwand","status":"publish","type":"product","link":"https:\/\/www.swissraft.ch\/de\/produkt\/interlaken-rundflug-eiger-suedwand\/","title":{"rendered":"Helikopterflug &#8211; Interlaken &#8211; S\u00fcdwand des Eigers &#8211; 17 Min. &#8211; CHF 295.00"},"content":{"rendered":"\t\t<div data-elementor-type=\"wp-post\" data-elementor-id=\"91958\" class=\"elementor elementor-91958 elementor-29390\">\n\t\t\t\t\t\t\t\t\t<section class=\"elementor-section elementor-top-section elementor-element elementor-element-3303a7e3 elementor-section-boxed elementor-section-height-default elementor-section-height-default\" data-id=\"3303a7e3\" data-element_type=\"section\">\n\t\t\t\t\t\t<div class=\"elementor-container elementor-column-gap-default\">\n\t\t\t\t\t<div class=\"elementor-column elementor-col-100 elementor-top-column elementor-element elementor-element-16d72dbf\" data-id=\"16d72dbf\" data-element_type=\"column\">\n\t\t\t<div class=\"elementor-widget-wrap elementor-element-populated\">\n\t\t\t\t\t\t\t\t<div class=\"elementor-element elementor-element-d743c03 elementor-widget elementor-widget-text-editor\" data-id=\"d743c03\" data-element_type=\"widget\" data-widget_type=\"text-editor.default\">\n\t\t\t\t<div class=\"elementor-widget-container\">\n\t\t\t\t\t\t\t<h2>W\u00c4HLEN SIE UNTEN IHRE AKTIVIT\u00c4T AUS, UM GESCHENKGUTSCHEINE \/ TICKETS ZU VERSCHENKEN ODER ZU BUCHEN<\/h2><table style=\"height: 290px;\" border=\"0\" width=\"580\" cellspacing=\"10\" cellpadding=\"10\"><tbody><tr><td width=\"50%\"><strong>RUNDFLUG &#8211; S\u00dcDWAND DES EIGER (1-5 Pers.) &#8211; 17 min.<\/strong><\/td><td><strong>CHF 295.00 pro Person<\/strong><\/td><\/tr><tr><td>Zus\u00e4tzliche Informationen<\/td><td>&#8211; Sie werden mit anderen Passagieren zusammen sein<br \/>&#8211; Maximum 5 Pers.<\/td><\/tr><tr><td>Heliport<\/td><td><a href=\"https:\/\/www.google.com\/maps\/place\/46%C2%B038'53.4%22N+7%C2%B052'41.1%22E\/@46.6502106,7.8037923,12395m\/data=!3m1!1e3!4m4!3m3!8m2!3d46.6481667!4d7.8780833?entry=ttu\" target=\"_blank\" rel=\"noopener\">Gsteigwiler<\/a><\/td><\/tr><tr><td>Flugzeit<\/td><td>17 Min.<\/td><\/tr><tr><td>Gesamtdauer<\/td><td>ca. 45 Min.<\/td><\/tr><tr><td>Termin<\/td><td>Per Telefon<\/td><\/tr><tr><td><button class=\"elementor-button\" type=\"button\"><a href=\"https:\/\/swissraft.outdoorbooking.ch\/fo\/products\/44?base_id=10&amp;category_id=6&amp;order_type=gift_voucher&amp;lang=de\" target=\"_blank\" rel=\"noopener\">GUTSCHEIN \/ TICKET KAUFEN<\/a><\/button><\/td><td><strong><em>WICHTIG !<\/em><\/strong><br \/><em>Um zu reservieren, rufen Sie die Nummer an, die sich oben links auf dem Gutschein \/ Ticket befindet.<\/em><\/td><\/tr><\/tbody><\/table>\t\t\t\t\t\t<\/div>\n\t\t\t\t<\/div>\n\t\t\t\t\t<\/div>\n\t\t<\/div>\n\t\t\t\t\t\t\t<\/div>\n\t\t<\/section>\n\t\t\t\t\t\t\t<\/div>\n\t\t","protected":false},"excerpt":{"rendered":"<div align=\"justify\">\n<h2 align=\"justify\">Von Gsteigwiler aus starten Sie zu einer vollst\u00e4ndigen Umrundung des Eigermassivs auf der S\u00fcdwand.<\/h2>\n<h3>Dieser 17-min\u00fctige Helikopterflug f\u00fchrt Sie um 360 Grad um das Eiger-M\u00f6nch-Jungfrau-Massiv herum.<\/h3>\n<\/div>\n<div align=\"justify\">\n<p>Sie starten von unserem Heliport in Gsteigwiler bei Interlaken im Berner Oberland zu folgender Rundreise: Zweil\u00fctschinen &#8211; Grindelwaldtal &#8211; M\u00e4nnlichen Skigebiet &#8211; Eiger Nordwand via Mittellegigrat, dann fliegen Sie zur Eiger S\u00fcdseite &#8211; Jungfraujoch &#8211; Silberhorn &#8211; Wengen und landen wieder in Gsteigwiler.<\/p>\n<h3>Swissraft bietet Ihnen eine Vielzahl von Helikopterrundfl\u00fcgen an, die von 23 Helikopterlandepl\u00e4tzen und Flugpl\u00e4tzen aus starten.<\/h3>\n<p id=\"textarea\" style=\"display: none;\">\nEbenso starten wir vom Heliport Gstaad-Grund in Gstaad-Saanenland und vom Flugplatz Saanen. Aber auch von den Heliports in Lauterbrunnen, Lenk-Simmental und Schattenhalb-Meiringen im Berner Oberland. Ebenso wie im Wallis von den Heliports Collombey, Gampel und vom Flughafen Sitten. Einerseits bieten wir Rundfl\u00fcge ab dem Flugplatz \u00c9pagny im Kanton Freiburg an. Au\u00dferdem gibt es Rundfl\u00fcge im Kanton Uri ab dem Hubschrauberlandeplatz Erstfeld und ab Pfaffnau im Kanton Luzern. Au\u00dferdem bieten wir Rundfl\u00fcge ab dem Flugplatz Buttwil in Aargau an. Helikopterrundfl\u00fcge ab dem Flugplatz Grenchen und Rundfl\u00fcge ab dem Flughafen Bern-Belp. Wir starten auch vom internationalen Flughafen Z\u00fcrich-Kloten zu herrlichen Helikopterrundfl\u00fcgen. Aber auch wir starten von K\u00fcssnacht im Kanton Schwyz. Im Engadin bieten wir Fl\u00fcge vom Flughafen Samedan an. Ebenfalls in Graub\u00fcnden bieten wir Helikopterrundfl\u00fcge von Flims, Tavanasa und Untervaz aus an. Im Tessin bieten wir Fl\u00fcge von den Flugpl\u00e4tzen Locarno und Lodrino an. Au\u00dferdem bieten wir in Liechtenstein Fl\u00fcge von Balzers und vom Flugplatz Sitterdorf im Thurgau an.\n<\/p>\n<p><a id=\"seeMore\" onclick=\"toggleSeeMore()\" href=\"javascript:void(0);\">Lesen Sie mehr<\/a><\/p>\n","protected":false},"featured_media":86143,"comment_status":"open","ping_status":"closed","template":"","meta":{"inline_featured_image":false,"_mi_skip_tracking":false},"product_cat":[263,274],"product_tag":[],"class_list":["post-91958","product","type-product","status-publish","has-post-thumbnail","hentry","product_cat-helikopterflug-in-der-schweiz","product_cat-helikopterflug-rundflug-interlaken-gsteigwiler"],"yoast_head":"<!-- This site is optimized with the Yoast SEO plugin v23.6 - https:\/\/yoast.com\/wordpress\/plugins\/seo\/ -->\n<title>Rundflug Eiger S\u00fcdwand, Helikopterflug zum Eigermassiv<\/title>\n<meta name=\"description\" content=\"Rundflug Eiger S\u00fcdwand mit dem Helikopter \u00fcber die S\u00fcdwand des Eigers. Sie umfliegen das gesamte Eiger-M\u00f6nch-Jungfrau-Massiv\" \/>\n<meta name=\"robots\" content=\"index, follow, max-snippet:-1, max-image-preview:large, max-video-preview:-1\" \/>\n<link rel=\"canonical\" href=\"https:\/\/www.swissraft.ch\/de\/produkt\/interlaken-rundflug-eiger-suedwand\/\" \/>\n<meta property=\"og:locale\" content=\"de_DE\" \/>\n<meta property=\"og:type\" content=\"article\" \/>\n<meta property=\"og:title\" content=\"Rundflug Eiger S\u00fcdwand, Helikopterflug zum Eigermassiv\" \/>\n<meta property=\"og:description\" content=\"Rundflug Eiger S\u00fcdwand mit dem Helikopter \u00fcber die S\u00fcdwand des Eigers. Sie umfliegen das gesamte Eiger-M\u00f6nch-Jungfrau-Massiv\" \/>\n<meta property=\"og:url\" content=\"https:\/\/www.swissraft.ch\/de\/produkt\/interlaken-rundflug-eiger-suedwand\/\" \/>\n<meta property=\"og:site_name\" content=\"Swissraft\" \/>\n<meta property=\"article:modified_time\" content=\"2026-04-19T01:40:29+00:00\" \/>\n<meta property=\"og:image\" content=\"https:\/\/www.swissraft.ch\/wp-content\/uploads\/2022\/12\/4-INTERLAKEN-Eiger-Monch-Jungfrau-Suden-776x776-2.jpg\" \/>\n\t<meta property=\"og:image:width\" content=\"776\" \/>\n\t<meta property=\"og:image:height\" content=\"776\" \/>\n\t<meta property=\"og:image:type\" content=\"image\/jpeg\" \/>\n<meta name=\"twitter:card\" content=\"summary_large_image\" \/>\n<meta name=\"twitter:label1\" content=\"Gesch\u00e4tzte Lesezeit\" \/>\n\t<meta name=\"twitter:data1\" content=\"1\u00a0Minute\" \/>\n<script type=\"application\/ld+json\" class=\"yoast-schema-graph\">{\"@context\":\"https:\/\/schema.org\",\"@graph\":[{\"@type\":\"WebPage\",\"@id\":\"https:\/\/www.swissraft.ch\/de\/produkt\/interlaken-rundflug-eiger-suedwand\/\",\"url\":\"https:\/\/www.swissraft.ch\/de\/produkt\/interlaken-rundflug-eiger-suedwand\/\",\"name\":\"Rundflug Eiger S\u00fcdwand, Helikopterflug zum Eigermassiv\",\"isPartOf\":{\"@id\":\"https:\/\/www.swissraft.ch\/de\/#website\"},\"primaryImageOfPage\":{\"@id\":\"https:\/\/www.swissraft.ch\/de\/produkt\/interlaken-rundflug-eiger-suedwand\/#primaryimage\"},\"image\":{\"@id\":\"https:\/\/www.swissraft.ch\/de\/produkt\/interlaken-rundflug-eiger-suedwand\/#primaryimage\"},\"thumbnailUrl\":\"https:\/\/www.swissraft.ch\/wp-content\/uploads\/2022\/12\/4-INTERLAKEN-Eiger-Monch-Jungfrau-Suden-776x776-2.jpg\",\"datePublished\":\"2022-12-10T10:48:17+00:00\",\"dateModified\":\"2026-04-19T01:40:29+00:00\",\"description\":\"Rundflug Eiger S\u00fcdwand mit dem Helikopter \u00fcber die S\u00fcdwand des Eigers. Sie umfliegen das gesamte Eiger-M\u00f6nch-Jungfrau-Massiv\",\"breadcrumb\":{\"@id\":\"https:\/\/www.swissraft.ch\/de\/produkt\/interlaken-rundflug-eiger-suedwand\/#breadcrumb\"},\"inLanguage\":\"de\",\"potentialAction\":[{\"@type\":\"ReadAction\",\"target\":[\"https:\/\/www.swissraft.ch\/de\/produkt\/interlaken-rundflug-eiger-suedwand\/\"]}]},{\"@type\":\"ImageObject\",\"inLanguage\":\"de\",\"@id\":\"https:\/\/www.swissraft.ch\/de\/produkt\/interlaken-rundflug-eiger-suedwand\/#primaryimage\",\"url\":\"https:\/\/www.swissraft.ch\/wp-content\/uploads\/2022\/12\/4-INTERLAKEN-Eiger-Monch-Jungfrau-Suden-776x776-2.jpg\",\"contentUrl\":\"https:\/\/www.swissraft.ch\/wp-content\/uploads\/2022\/12\/4-INTERLAKEN-Eiger-Monch-Jungfrau-Suden-776x776-2.jpg\",\"width\":776,\"height\":776,\"caption\":\"Rundflug Eiger S\u00fcdwand mit einem Helikopter\"},{\"@type\":\"BreadcrumbList\",\"@id\":\"https:\/\/www.swissraft.ch\/de\/produkt\/interlaken-rundflug-eiger-suedwand\/#breadcrumb\",\"itemListElement\":[{\"@type\":\"ListItem\",\"position\":1,\"name\":\"Accueil\",\"item\":\"https:\/\/www.swissraft.ch\/de\/\"},{\"@type\":\"ListItem\",\"position\":2,\"name\":\"Shop\",\"item\":\"https:\/\/www.swissraft.ch\/de\/shop\/\"},{\"@type\":\"ListItem\",\"position\":3,\"name\":\"Helikopterflug &#8211; Interlaken &#8211; S\u00fcdwand des Eigers &#8211; 17 Min. &#8211; CHF 295.00\"}]},{\"@type\":\"WebSite\",\"@id\":\"https:\/\/www.swissraft.ch\/de\/#website\",\"url\":\"https:\/\/www.swissraft.ch\/de\/\",\"name\":\"Swissraft\",\"description\":\"To enjoy nature as it is\",\"publisher\":{\"@id\":\"https:\/\/www.swissraft.ch\/de\/#organization\"},\"potentialAction\":[{\"@type\":\"SearchAction\",\"target\":{\"@type\":\"EntryPoint\",\"urlTemplate\":\"https:\/\/www.swissraft.ch\/de\/?s={search_term_string}\"},\"query-input\":{\"@type\":\"PropertyValueSpecification\",\"valueRequired\":true,\"valueName\":\"search_term_string\"}}],\"inLanguage\":\"de\"},{\"@type\":\"Organization\",\"@id\":\"https:\/\/www.swissraft.ch\/de\/#organization\",\"name\":\"Swissraft\",\"url\":\"https:\/\/www.swissraft.ch\/de\/\",\"logo\":{\"@type\":\"ImageObject\",\"inLanguage\":\"de\",\"@id\":\"https:\/\/www.swissraft.ch\/de\/#\/schema\/logo\/image\/\",\"url\":\"https:\/\/www.swissraft.ch\/wp-content\/uploads\/2025\/09\/Capture.jpg\",\"contentUrl\":\"https:\/\/www.swissraft.ch\/wp-content\/uploads\/2025\/09\/Capture.jpg\",\"width\":293,\"height\":108,\"caption\":\"Swissraft\"},\"image\":{\"@id\":\"https:\/\/www.swissraft.ch\/de\/#\/schema\/logo\/image\/\"}}]}<\/script>\n<!-- \/ Yoast SEO plugin. -->","yoast_head_json":{"title":"Rundflug Eiger S\u00fcdwand, Helikopterflug zum Eigermassiv","description":"Rundflug Eiger S\u00fcdwand mit dem Helikopter \u00fcber die S\u00fcdwand des Eigers. Sie umfliegen das gesamte Eiger-M\u00f6nch-Jungfrau-Massiv","robots":{"index":"index","follow":"follow","max-snippet":"max-snippet:-1","max-image-preview":"max-image-preview:large","max-video-preview":"max-video-preview:-1"},"canonical":"https:\/\/www.swissraft.ch\/de\/produkt\/interlaken-rundflug-eiger-suedwand\/","og_locale":"de_DE","og_type":"article","og_title":"Rundflug Eiger S\u00fcdwand, Helikopterflug zum Eigermassiv","og_description":"Rundflug Eiger S\u00fcdwand mit dem Helikopter \u00fcber die S\u00fcdwand des Eigers. Sie umfliegen das gesamte Eiger-M\u00f6nch-Jungfrau-Massiv","og_url":"https:\/\/www.swissraft.ch\/de\/produkt\/interlaken-rundflug-eiger-suedwand\/","og_site_name":"Swissraft","article_modified_time":"2026-04-19T01:40:29+00:00","og_image":[{"width":776,"height":776,"url":"https:\/\/www.swissraft.ch\/wp-content\/uploads\/2022\/12\/4-INTERLAKEN-Eiger-Monch-Jungfrau-Suden-776x776-2.jpg","type":"image\/jpeg"}],"twitter_card":"summary_large_image","twitter_misc":{"Gesch\u00e4tzte Lesezeit":"1\u00a0Minute"},"schema":{"@context":"https:\/\/schema.org","@graph":[{"@type":"WebPage","@id":"https:\/\/www.swissraft.ch\/de\/produkt\/interlaken-rundflug-eiger-suedwand\/","url":"https:\/\/www.swissraft.ch\/de\/produkt\/interlaken-rundflug-eiger-suedwand\/","name":"Rundflug Eiger S\u00fcdwand, Helikopterflug zum Eigermassiv","isPartOf":{"@id":"https:\/\/www.swissraft.ch\/de\/#website"},"primaryImageOfPage":{"@id":"https:\/\/www.swissraft.ch\/de\/produkt\/interlaken-rundflug-eiger-suedwand\/#primaryimage"},"image":{"@id":"https:\/\/www.swissraft.ch\/de\/produkt\/interlaken-rundflug-eiger-suedwand\/#primaryimage"},"thumbnailUrl":"https:\/\/www.swissraft.ch\/wp-content\/uploads\/2022\/12\/4-INTERLAKEN-Eiger-Monch-Jungfrau-Suden-776x776-2.jpg","datePublished":"2022-12-10T10:48:17+00:00","dateModified":"2026-04-19T01:40:29+00:00","description":"Rundflug Eiger S\u00fcdwand mit dem Helikopter \u00fcber die S\u00fcdwand des Eigers. Sie umfliegen das gesamte Eiger-M\u00f6nch-Jungfrau-Massiv","breadcrumb":{"@id":"https:\/\/www.swissraft.ch\/de\/produkt\/interlaken-rundflug-eiger-suedwand\/#breadcrumb"},"inLanguage":"de","potentialAction":[{"@type":"ReadAction","target":["https:\/\/www.swissraft.ch\/de\/produkt\/interlaken-rundflug-eiger-suedwand\/"]}]},{"@type":"ImageObject","inLanguage":"de","@id":"https:\/\/www.swissraft.ch\/de\/produkt\/interlaken-rundflug-eiger-suedwand\/#primaryimage","url":"https:\/\/www.swissraft.ch\/wp-content\/uploads\/2022\/12\/4-INTERLAKEN-Eiger-Monch-Jungfrau-Suden-776x776-2.jpg","contentUrl":"https:\/\/www.swissraft.ch\/wp-content\/uploads\/2022\/12\/4-INTERLAKEN-Eiger-Monch-Jungfrau-Suden-776x776-2.jpg","width":776,"height":776,"caption":"Rundflug Eiger S\u00fcdwand mit einem Helikopter"},{"@type":"BreadcrumbList","@id":"https:\/\/www.swissraft.ch\/de\/produkt\/interlaken-rundflug-eiger-suedwand\/#breadcrumb","itemListElement":[{"@type":"ListItem","position":1,"name":"Accueil","item":"https:\/\/www.swissraft.ch\/de\/"},{"@type":"ListItem","position":2,"name":"Shop","item":"https:\/\/www.swissraft.ch\/de\/shop\/"},{"@type":"ListItem","position":3,"name":"Helikopterflug &#8211; Interlaken &#8211; S\u00fcdwand des Eigers &#8211; 17 Min. &#8211; CHF 295.00"}]},{"@type":"WebSite","@id":"https:\/\/www.swissraft.ch\/de\/#website","url":"https:\/\/www.swissraft.ch\/de\/","name":"Swissraft","description":"To enjoy nature as it is","publisher":{"@id":"https:\/\/www.swissraft.ch\/de\/#organization"},"potentialAction":[{"@type":"SearchAction","target":{"@type":"EntryPoint","urlTemplate":"https:\/\/www.swissraft.ch\/de\/?s={search_term_string}"},"query-input":{"@type":"PropertyValueSpecification","valueRequired":true,"valueName":"search_term_string"}}],"inLanguage":"de"},{"@type":"Organization","@id":"https:\/\/www.swissraft.ch\/de\/#organization","name":"Swissraft","url":"https:\/\/www.swissraft.ch\/de\/","logo":{"@type":"ImageObject","inLanguage":"de","@id":"https:\/\/www.swissraft.ch\/de\/#\/schema\/logo\/image\/","url":"https:\/\/www.swissraft.ch\/wp-content\/uploads\/2025\/09\/Capture.jpg","contentUrl":"https:\/\/www.swissraft.ch\/wp-content\/uploads\/2025\/09\/Capture.jpg","width":293,"height":108,"caption":"Swissraft"},"image":{"@id":"https:\/\/www.swissraft.ch\/de\/#\/schema\/logo\/image\/"}}]}},"_links":{"self":[{"href":"https:\/\/www.swissraft.ch\/de\/wp-json\/wp\/v2\/product\/91958","targetHints":{"allow":["GET"]}}],"collection":[{"href":"https:\/\/www.swissraft.ch\/de\/wp-json\/wp\/v2\/product"}],"about":[{"href":"https:\/\/www.swissraft.ch\/de\/wp-json\/wp\/v2\/types\/product"}],"replies":[{"embeddable":true,"href":"https:\/\/www.swissraft.ch\/de\/wp-json\/wp\/v2\/comments?post=91958"}],"version-history":[{"count":13,"href":"https:\/\/www.swissraft.ch\/de\/wp-json\/wp\/v2\/product\/91958\/revisions"}],"predecessor-version":[{"id":140991,"href":"https:\/\/www.swissraft.ch\/de\/wp-json\/wp\/v2\/product\/91958\/revisions\/140991"}],"wp:featuredmedia":[{"embeddable":true,"href":"https:\/\/www.swissraft.ch\/de\/wp-json\/wp\/v2\/media\/86143"}],"wp:attachment":[{"href":"https:\/\/www.swissraft.ch\/de\/wp-json\/wp\/v2\/media?parent=91958"}],"wp:term":[{"taxonomy":"product_cat","embeddable":true,"href":"https:\/\/www.swissraft.ch\/de\/wp-json\/wp\/v2\/product_cat?post=91958"},{"taxonomy":"product_tag","embeddable":true,"href":"https:\/\/www.swissraft.ch\/de\/wp-json\/wp\/v2\/product_tag?post=91958"}],"curies":[{"name":"wp","href":"https:\/\/api.w.org\/{rel}","templated":true}]}}