{"id":91954,"date":"2022-11-30T22:56:57","date_gmt":"2022-11-30T21:56:57","guid":{"rendered":"https:\/\/swissraft.xyanzkdne.eu\/product\/hubschrauberflug-von-buttwil-stanserhorn-und-pilatus-55-min-ab-chf-935-00\/"},"modified":"2026-02-04T04:16:53","modified_gmt":"2026-02-04T03:16:53","slug":"helikopterflug-buttwil-stanserhorn-und-pilatus","status":"publish","type":"product","link":"https:\/\/www.swissraft.ch\/de\/produkt\/helikopterflug-buttwil-stanserhorn-und-pilatus\/","title":{"rendered":"Helikopterflug ab BUTTWIL &#8211; STANSERHORN UND PILATUS &#8211; 55 Min. &#8211; Ab CHF 935.00"},"content":{"rendered":"\t\t<div data-elementor-type=\"wp-post\" data-elementor-id=\"91954\" class=\"elementor elementor-91954 elementor-29354\">\n\t\t\t\t\t\t\t\t\t<section class=\"elementor-section elementor-top-section elementor-element elementor-element-3303a7e3 elementor-section-boxed elementor-section-height-default elementor-section-height-default\" data-id=\"3303a7e3\" data-element_type=\"section\">\n\t\t\t\t\t\t<div class=\"elementor-container elementor-column-gap-default\">\n\t\t\t\t\t<div class=\"elementor-column elementor-col-100 elementor-top-column elementor-element elementor-element-16d72dbf\" data-id=\"16d72dbf\" data-element_type=\"column\">\n\t\t\t<div class=\"elementor-widget-wrap elementor-element-populated\">\n\t\t\t\t\t\t\t\t<div class=\"elementor-element elementor-element-d743c03 elementor-widget elementor-widget-text-editor\" data-id=\"d743c03\" data-element_type=\"widget\" data-widget_type=\"text-editor.default\">\n\t\t\t\t<div class=\"elementor-widget-container\">\n\t\t\t\t\t\t\t<h2>W\u00c4HLEN SIE UNTEN IHRE AKTIVIT\u00c4T AUS, UM GESCHENKGUTSCHEINE \/ TICKETS ZU VERSCHENKEN ODER ZU BUCHEN.<\/h2><table style=\"height: 290px;\" border=\"0\" width=\"580\" cellspacing=\"10\" cellpadding=\"10\"><tbody><tr><td width=\"50%\"><strong>STANSERHORN UND DER PILATUS &#8211; PRIVATFLUG (2-3 Pers.) &#8211; 55 Min.<\/strong><\/td><td><span style=\"font-weight: bold; background-color: #ffffff;\">CHF 935.00 pro Privatflug<\/span><\/td><\/tr><tr><td>Weitere Informationen<\/td><td><span class=\"patt\">&#8211; Sie haben den Helikopter ausschlie\u00dflich f\u00fcr sich<br \/>&#8211; Sie bestimmen das Datum und die Uhrzeit des Abflugs<br \/>&#8211; Maximal 3 Pers.<\/span><\/td><\/tr><tr><td>Flugplatz<\/td><td><a href=\"https:\/\/www.google.com\/maps\/place\/47%C2%B015'53.7%22N+8%C2%B018'06.3%22E\/@47.2671027,8.2667451,6062m\/data=!3m1!1e3!4m4!3m3!8m2!3d47.2649167!4d8.30175?entry=ttu\" target=\"_blank\" rel=\"noopener\">Buttwil<\/a><\/td><\/tr><tr><td>Flugzeit<\/td><td>55 Min.<\/td><\/tr><tr><td>Gesamtdauer<\/td><td>ca. 1,5 Std.<\/td><\/tr><tr><td>Termin<\/td><td>Per Telefon<\/td><\/tr><tr><td><button class=\"elementor-button\" type=\"button\"><a href=\"https:\/\/swissraft.outdoorbooking.ch\/fo\/products\/1846?base_id=257&amp;category_id=6&amp;order_type=gift_voucher&amp;lang=de\" target=\"_blank\" rel=\"noopener\">GUTSCHEIN KAUFEN<\/a><\/button><\/td><td><strong><em>WICHTIG !<\/em><\/strong><br \/><em>Um zu reservieren, rufen Sie die Nummer an, die sich oben links auf dem Gutschein \/ Ticket befindet.<\/em><\/td><\/tr><\/tbody><\/table>\t\t\t\t\t\t<\/div>\n\t\t\t\t<\/div>\n\t\t\t\t\t<\/div>\n\t\t<\/div>\n\t\t\t\t\t\t\t<\/div>\n\t\t<\/section>\n\t\t\t\t\t\t\t<\/div>\n\t\t","protected":false},"excerpt":{"rendered":"<div align=\"justify\">\n<h2 align=\"justify\">Hubschrauberrundflug: Stanserhorn und Pilatus von Buttwil aus<\/h2>\n<h3>Von Buttwil aus ein 55-min\u00fctiger Helikopterrundflug \u00fcber das Stanserhorn und den Pilatus.<\/h3>\n<div align=\"justify\">\n<p>Von Buttwil im Kanton Aargau aus fliegen Sie in Richtung: Buttwil &#8211; Zugersee &#8211; Rigi &#8211; Titlis. Anschlie\u00dfend setzen Sie Ihren Flug zum Stanserhorn &#8211; Pilatus. &#8211; Sie fliegen nach Luzern, bevor Sie wieder in Buttwil landen.<\/p>\n<h3>Swissraft bietet Ihnen auch andere Ziele f\u00fcr einen Hubschrauberflug an.<\/h3>\n<p id=\"textarea\" style=\"display: none;\">\nEbenso fliegen wir in den Kanton Solothurn nach Grenchen, ebenfalls von Bern-Belp aus. Auch im Wallis vom Flughafen Sion und von den Hubschrauberlandepl\u00e4tzen Gampel und Collombey aus; in Interlaken-Gsteigwiler im Berner Oberland. Ebenso vom Heliport Gstaad-Grund und auch vom Flugplatz Saanen im Saanenland. Sowie von den Heliports Lauterbrunnen, Lenk-Simmental und Schattenhalb-Meiringen. Au\u00dferdem fliegen wir von Z\u00fcrich-Kloten ab. Wir starten auch vom Helipor Pfaffnau im Kanton Luzern. Ebenso im Kanton Uri vom Heliport Erstfeld, im Kanton Schwyz und vom Heliport K\u00fcssnacht. Dar\u00fcber hinaus im Kanton Freiburg in \u00c9pagny im Greyerzerland, im Kanton Tessin in Locarno und Lodrino. Aber auch von Flims aus, in Tavanasa, in Untervaz, im Engadin auf dem Heliport von St. Moritz, in Tavanasa, in Untervaz, im Engadin auf dem Heliport von St. Moritz. St. Moritz und Samedan in Graub\u00fcnden. Au\u00dferdem in Liechtenstein vom Heliport Balzers und im Kanton Thurgau in Sitterdorf.\n<\/p>\n<p><a id=\"seeMore\" onclick=\"toggleSeeMore()\" href=\"javascript:void(0);\">Lire la suite<\/a><\/p>\n","protected":false},"featured_media":85672,"comment_status":"open","ping_status":"closed","template":"","meta":{"inline_featured_image":false,"_mi_skip_tracking":false},"product_cat":[263,371],"product_tag":[],"class_list":["post-91954","product","type-product","status-publish","has-post-thumbnail","hentry","product_cat-helikopterflug-in-der-schweiz","product_cat-helikopterrundflug-buttwil"],"yoast_head":"<!-- This site is optimized with the Yoast SEO plugin v23.6 - https:\/\/yoast.com\/wordpress\/plugins\/seo\/ -->\n<title>Stanserhorn und der Pilatus mit dem Helikopter von Butwil aus<\/title>\n<meta name=\"description\" content=\"Stanserhorn und der Pilatus im Helikopter von Buttwil aus. Sie machen einen 55-min\u00fctigen Rundflug mit einer atemberaubenden Aussicht\" \/>\n<meta name=\"robots\" content=\"index, follow, max-snippet:-1, max-image-preview:large, max-video-preview:-1\" \/>\n<link rel=\"canonical\" href=\"https:\/\/www.swissraft.ch\/de\/produkt\/helikopterflug-buttwil-stanserhorn-und-pilatus\/\" \/>\n<meta property=\"og:locale\" content=\"de_DE\" \/>\n<meta property=\"og:type\" content=\"article\" \/>\n<meta property=\"og:title\" content=\"Stanserhorn und der Pilatus mit dem Helikopter von Butwil aus\" \/>\n<meta property=\"og:description\" content=\"Stanserhorn und der Pilatus im Helikopter von Buttwil aus. Sie machen einen 55-min\u00fctigen Rundflug mit einer atemberaubenden Aussicht\" \/>\n<meta property=\"og:url\" content=\"https:\/\/www.swissraft.ch\/de\/produkt\/helikopterflug-buttwil-stanserhorn-und-pilatus\/\" \/>\n<meta property=\"og:site_name\" content=\"Swissraft\" \/>\n<meta property=\"article:modified_time\" content=\"2026-02-04T03:16:53+00:00\" \/>\n<meta property=\"og:image\" content=\"https:\/\/www.swissraft.ch\/wp-content\/uploads\/2022\/11\/3-BUTTWIL-Stanserhorn-Pilatus-776x776-2.jpg\" \/>\n\t<meta property=\"og:image:width\" content=\"776\" \/>\n\t<meta property=\"og:image:height\" content=\"776\" \/>\n\t<meta property=\"og:image:type\" content=\"image\/jpeg\" \/>\n<meta name=\"twitter:card\" content=\"summary_large_image\" \/>\n<meta name=\"twitter:label1\" content=\"Gesch\u00e4tzte Lesezeit\" \/>\n\t<meta name=\"twitter:data1\" content=\"1\u00a0Minute\" \/>\n<script type=\"application\/ld+json\" class=\"yoast-schema-graph\">{\"@context\":\"https:\/\/schema.org\",\"@graph\":[{\"@type\":\"WebPage\",\"@id\":\"https:\/\/www.swissraft.ch\/de\/produkt\/helikopterflug-buttwil-stanserhorn-und-pilatus\/\",\"url\":\"https:\/\/www.swissraft.ch\/de\/produkt\/helikopterflug-buttwil-stanserhorn-und-pilatus\/\",\"name\":\"Stanserhorn und der Pilatus mit dem Helikopter von Butwil aus\",\"isPartOf\":{\"@id\":\"https:\/\/www.swissraft.ch\/de\/#website\"},\"primaryImageOfPage\":{\"@id\":\"https:\/\/www.swissraft.ch\/de\/produkt\/helikopterflug-buttwil-stanserhorn-und-pilatus\/#primaryimage\"},\"image\":{\"@id\":\"https:\/\/www.swissraft.ch\/de\/produkt\/helikopterflug-buttwil-stanserhorn-und-pilatus\/#primaryimage\"},\"thumbnailUrl\":\"https:\/\/www.swissraft.ch\/wp-content\/uploads\/2022\/11\/3-BUTTWIL-Stanserhorn-Pilatus-776x776-2.jpg\",\"datePublished\":\"2022-11-30T21:56:57+00:00\",\"dateModified\":\"2026-02-04T03:16:53+00:00\",\"description\":\"Stanserhorn und der Pilatus im Helikopter von Buttwil aus. Sie machen einen 55-min\u00fctigen Rundflug mit einer atemberaubenden Aussicht\",\"breadcrumb\":{\"@id\":\"https:\/\/www.swissraft.ch\/de\/produkt\/helikopterflug-buttwil-stanserhorn-und-pilatus\/#breadcrumb\"},\"inLanguage\":\"de\",\"potentialAction\":[{\"@type\":\"ReadAction\",\"target\":[\"https:\/\/www.swissraft.ch\/de\/produkt\/helikopterflug-buttwil-stanserhorn-und-pilatus\/\"]}]},{\"@type\":\"ImageObject\",\"inLanguage\":\"de\",\"@id\":\"https:\/\/www.swissraft.ch\/de\/produkt\/helikopterflug-buttwil-stanserhorn-und-pilatus\/#primaryimage\",\"url\":\"https:\/\/www.swissraft.ch\/wp-content\/uploads\/2022\/11\/3-BUTTWIL-Stanserhorn-Pilatus-776x776-2.jpg\",\"contentUrl\":\"https:\/\/www.swissraft.ch\/wp-content\/uploads\/2022\/11\/3-BUTTWIL-Stanserhorn-Pilatus-776x776-2.jpg\",\"width\":776,\"height\":776,\"caption\":\"Von Buttwil aus mit dem Helikopter zum Stanserhorn und Pilatus\"},{\"@type\":\"BreadcrumbList\",\"@id\":\"https:\/\/www.swissraft.ch\/de\/produkt\/helikopterflug-buttwil-stanserhorn-und-pilatus\/#breadcrumb\",\"itemListElement\":[{\"@type\":\"ListItem\",\"position\":1,\"name\":\"Accueil\",\"item\":\"https:\/\/www.swissraft.ch\/de\/\"},{\"@type\":\"ListItem\",\"position\":2,\"name\":\"Shop\",\"item\":\"https:\/\/www.swissraft.ch\/de\/shop\/\"},{\"@type\":\"ListItem\",\"position\":3,\"name\":\"Helikopterflug ab BUTTWIL &#8211; STANSERHORN UND PILATUS &#8211; 55 Min. &#8211; Ab CHF 935.00\"}]},{\"@type\":\"WebSite\",\"@id\":\"https:\/\/www.swissraft.ch\/de\/#website\",\"url\":\"https:\/\/www.swissraft.ch\/de\/\",\"name\":\"Swissraft\",\"description\":\"To enjoy nature as it is\",\"publisher\":{\"@id\":\"https:\/\/www.swissraft.ch\/de\/#organization\"},\"potentialAction\":[{\"@type\":\"SearchAction\",\"target\":{\"@type\":\"EntryPoint\",\"urlTemplate\":\"https:\/\/www.swissraft.ch\/de\/?s={search_term_string}\"},\"query-input\":{\"@type\":\"PropertyValueSpecification\",\"valueRequired\":true,\"valueName\":\"search_term_string\"}}],\"inLanguage\":\"de\"},{\"@type\":\"Organization\",\"@id\":\"https:\/\/www.swissraft.ch\/de\/#organization\",\"name\":\"Swissraft\",\"url\":\"https:\/\/www.swissraft.ch\/de\/\",\"logo\":{\"@type\":\"ImageObject\",\"inLanguage\":\"de\",\"@id\":\"https:\/\/www.swissraft.ch\/de\/#\/schema\/logo\/image\/\",\"url\":\"https:\/\/www.swissraft.ch\/wp-content\/uploads\/2025\/09\/Capture.jpg\",\"contentUrl\":\"https:\/\/www.swissraft.ch\/wp-content\/uploads\/2025\/09\/Capture.jpg\",\"width\":293,\"height\":108,\"caption\":\"Swissraft\"},\"image\":{\"@id\":\"https:\/\/www.swissraft.ch\/de\/#\/schema\/logo\/image\/\"}}]}<\/script>\n<!-- \/ Yoast SEO plugin. -->","yoast_head_json":{"title":"Stanserhorn und der Pilatus mit dem Helikopter von Butwil aus","description":"Stanserhorn und der Pilatus im Helikopter von Buttwil aus. Sie machen einen 55-min\u00fctigen Rundflug mit einer atemberaubenden Aussicht","robots":{"index":"index","follow":"follow","max-snippet":"max-snippet:-1","max-image-preview":"max-image-preview:large","max-video-preview":"max-video-preview:-1"},"canonical":"https:\/\/www.swissraft.ch\/de\/produkt\/helikopterflug-buttwil-stanserhorn-und-pilatus\/","og_locale":"de_DE","og_type":"article","og_title":"Stanserhorn und der Pilatus mit dem Helikopter von Butwil aus","og_description":"Stanserhorn und der Pilatus im Helikopter von Buttwil aus. Sie machen einen 55-min\u00fctigen Rundflug mit einer atemberaubenden Aussicht","og_url":"https:\/\/www.swissraft.ch\/de\/produkt\/helikopterflug-buttwil-stanserhorn-und-pilatus\/","og_site_name":"Swissraft","article_modified_time":"2026-02-04T03:16:53+00:00","og_image":[{"width":776,"height":776,"url":"https:\/\/www.swissraft.ch\/wp-content\/uploads\/2022\/11\/3-BUTTWIL-Stanserhorn-Pilatus-776x776-2.jpg","type":"image\/jpeg"}],"twitter_card":"summary_large_image","twitter_misc":{"Gesch\u00e4tzte Lesezeit":"1\u00a0Minute"},"schema":{"@context":"https:\/\/schema.org","@graph":[{"@type":"WebPage","@id":"https:\/\/www.swissraft.ch\/de\/produkt\/helikopterflug-buttwil-stanserhorn-und-pilatus\/","url":"https:\/\/www.swissraft.ch\/de\/produkt\/helikopterflug-buttwil-stanserhorn-und-pilatus\/","name":"Stanserhorn und der Pilatus mit dem Helikopter von Butwil aus","isPartOf":{"@id":"https:\/\/www.swissraft.ch\/de\/#website"},"primaryImageOfPage":{"@id":"https:\/\/www.swissraft.ch\/de\/produkt\/helikopterflug-buttwil-stanserhorn-und-pilatus\/#primaryimage"},"image":{"@id":"https:\/\/www.swissraft.ch\/de\/produkt\/helikopterflug-buttwil-stanserhorn-und-pilatus\/#primaryimage"},"thumbnailUrl":"https:\/\/www.swissraft.ch\/wp-content\/uploads\/2022\/11\/3-BUTTWIL-Stanserhorn-Pilatus-776x776-2.jpg","datePublished":"2022-11-30T21:56:57+00:00","dateModified":"2026-02-04T03:16:53+00:00","description":"Stanserhorn und der Pilatus im Helikopter von Buttwil aus. Sie machen einen 55-min\u00fctigen Rundflug mit einer atemberaubenden Aussicht","breadcrumb":{"@id":"https:\/\/www.swissraft.ch\/de\/produkt\/helikopterflug-buttwil-stanserhorn-und-pilatus\/#breadcrumb"},"inLanguage":"de","potentialAction":[{"@type":"ReadAction","target":["https:\/\/www.swissraft.ch\/de\/produkt\/helikopterflug-buttwil-stanserhorn-und-pilatus\/"]}]},{"@type":"ImageObject","inLanguage":"de","@id":"https:\/\/www.swissraft.ch\/de\/produkt\/helikopterflug-buttwil-stanserhorn-und-pilatus\/#primaryimage","url":"https:\/\/www.swissraft.ch\/wp-content\/uploads\/2022\/11\/3-BUTTWIL-Stanserhorn-Pilatus-776x776-2.jpg","contentUrl":"https:\/\/www.swissraft.ch\/wp-content\/uploads\/2022\/11\/3-BUTTWIL-Stanserhorn-Pilatus-776x776-2.jpg","width":776,"height":776,"caption":"Von Buttwil aus mit dem Helikopter zum Stanserhorn und Pilatus"},{"@type":"BreadcrumbList","@id":"https:\/\/www.swissraft.ch\/de\/produkt\/helikopterflug-buttwil-stanserhorn-und-pilatus\/#breadcrumb","itemListElement":[{"@type":"ListItem","position":1,"name":"Accueil","item":"https:\/\/www.swissraft.ch\/de\/"},{"@type":"ListItem","position":2,"name":"Shop","item":"https:\/\/www.swissraft.ch\/de\/shop\/"},{"@type":"ListItem","position":3,"name":"Helikopterflug ab BUTTWIL &#8211; STANSERHORN UND PILATUS &#8211; 55 Min. &#8211; Ab CHF 935.00"}]},{"@type":"WebSite","@id":"https:\/\/www.swissraft.ch\/de\/#website","url":"https:\/\/www.swissraft.ch\/de\/","name":"Swissraft","description":"To enjoy nature as it is","publisher":{"@id":"https:\/\/www.swissraft.ch\/de\/#organization"},"potentialAction":[{"@type":"SearchAction","target":{"@type":"EntryPoint","urlTemplate":"https:\/\/www.swissraft.ch\/de\/?s={search_term_string}"},"query-input":{"@type":"PropertyValueSpecification","valueRequired":true,"valueName":"search_term_string"}}],"inLanguage":"de"},{"@type":"Organization","@id":"https:\/\/www.swissraft.ch\/de\/#organization","name":"Swissraft","url":"https:\/\/www.swissraft.ch\/de\/","logo":{"@type":"ImageObject","inLanguage":"de","@id":"https:\/\/www.swissraft.ch\/de\/#\/schema\/logo\/image\/","url":"https:\/\/www.swissraft.ch\/wp-content\/uploads\/2025\/09\/Capture.jpg","contentUrl":"https:\/\/www.swissraft.ch\/wp-content\/uploads\/2025\/09\/Capture.jpg","width":293,"height":108,"caption":"Swissraft"},"image":{"@id":"https:\/\/www.swissraft.ch\/de\/#\/schema\/logo\/image\/"}}]}},"_links":{"self":[{"href":"https:\/\/www.swissraft.ch\/de\/wp-json\/wp\/v2\/product\/91954","targetHints":{"allow":["GET"]}}],"collection":[{"href":"https:\/\/www.swissraft.ch\/de\/wp-json\/wp\/v2\/product"}],"about":[{"href":"https:\/\/www.swissraft.ch\/de\/wp-json\/wp\/v2\/types\/product"}],"replies":[{"embeddable":true,"href":"https:\/\/www.swissraft.ch\/de\/wp-json\/wp\/v2\/comments?post=91954"}],"version-history":[{"count":6,"href":"https:\/\/www.swissraft.ch\/de\/wp-json\/wp\/v2\/product\/91954\/revisions"}],"predecessor-version":[{"id":128935,"href":"https:\/\/www.swissraft.ch\/de\/wp-json\/wp\/v2\/product\/91954\/revisions\/128935"}],"wp:featuredmedia":[{"embeddable":true,"href":"https:\/\/www.swissraft.ch\/de\/wp-json\/wp\/v2\/media\/85672"}],"wp:attachment":[{"href":"https:\/\/www.swissraft.ch\/de\/wp-json\/wp\/v2\/media?parent=91954"}],"wp:term":[{"taxonomy":"product_cat","embeddable":true,"href":"https:\/\/www.swissraft.ch\/de\/wp-json\/wp\/v2\/product_cat?post=91954"},{"taxonomy":"product_tag","embeddable":true,"href":"https:\/\/www.swissraft.ch\/de\/wp-json\/wp\/v2\/product_tag?post=91954"}],"curies":[{"name":"wp","href":"https:\/\/api.w.org\/{rel}","templated":true}]}}