{"id":91950,"date":"2022-11-30T22:50:52","date_gmt":"2022-11-30T21:50:52","guid":{"rendered":"https:\/\/swissraft.xyanzkdne.eu\/product\/hubschrauberflug-von-buttwil-lucerne-und-rigi-35-min-ab-chf-595-00\/"},"modified":"2026-04-18T06:17:17","modified_gmt":"2026-04-18T04:17:17","slug":"helikopterflug-buttwil-rundflug-luzern-und-rigi","status":"publish","type":"product","link":"https:\/\/www.swissraft.ch\/de\/produkt\/helikopterflug-buttwil-rundflug-luzern-und-rigi\/","title":{"rendered":"Helikopterflug &#8211; Buttwil &#8211; Luzern und Rigi &#8211; 35 Min. &#8211; ab CHF 595.00"},"content":{"rendered":"\t\t<div data-elementor-type=\"wp-post\" data-elementor-id=\"91950\" class=\"elementor elementor-91950 elementor-29347\">\n\t\t\t\t\t\t\t\t\t<section class=\"elementor-section elementor-top-section elementor-element elementor-element-3303a7e3 elementor-section-boxed elementor-section-height-default elementor-section-height-default\" data-id=\"3303a7e3\" data-element_type=\"section\">\n\t\t\t\t\t\t<div class=\"elementor-container elementor-column-gap-default\">\n\t\t\t\t\t<div class=\"elementor-column elementor-col-100 elementor-top-column elementor-element elementor-element-16d72dbf\" data-id=\"16d72dbf\" data-element_type=\"column\">\n\t\t\t<div class=\"elementor-widget-wrap elementor-element-populated\">\n\t\t\t\t\t\t\t\t<div class=\"elementor-element elementor-element-d743c03 elementor-widget elementor-widget-text-editor\" data-id=\"d743c03\" data-element_type=\"widget\" data-widget_type=\"text-editor.default\">\n\t\t\t\t<div class=\"elementor-widget-container\">\n\t\t\t\t\t\t\t<h2>W\u00c4HLEN SIE UNTEN IHRE AKTIVIT\u00c4T AUS, UM GESCHENKGUTSCHEINE \/ TICKETS ZU VERSCHENKEN ODER ZU BUCHEN<\/h2><table style=\"height: 290px;\" border=\"0\" width=\"580\" cellspacing=\"10\" cellpadding=\"10\"><tbody><tr><td width=\"50%\"><strong>RUNDFLUG &#8211; LUZERN UND RIGI &#8211; PRIVATFLUG (2-3 Pers.) &#8211; 35 Min.<\/strong><\/td><td><span style=\"font-weight: bold; background-color: #ffffff;\">CHF 595.00 pro Privatflug<\/span><\/td><\/tr><tr><td>Zus\u00e4tzliche Informationen<\/td><td><span class=\"patt\">&#8211; Sie haben den Helikopter ausschlie\u00dflich f\u00fcr sich<br \/>&#8211; Sie bestimmen das Datum und die Uhrzeit des Abflugs<br \/>&#8211; Maximum 3 Pers.<\/span><\/td><\/tr><tr><td>Flugplatz<\/td><td><a href=\"https:\/\/www.google.com\/maps\/place\/47%C2%B015'53.7%22N+8%C2%B018'06.3%22E\/@47.2671027,8.2667451,6062m\/data=!3m1!1e3!4m4!3m3!8m2!3d47.2649167!4d8.30175?entry=ttu\" target=\"_blank\" rel=\"noopener\">Buttwil<\/a><\/td><\/tr><tr><td>Flugdauer<\/td><td>35 Min.<\/td><\/tr><tr><td>Gesamtdauer<\/td><td>ca. 1 Std.<\/td><\/tr><tr><td>Termin<\/td><td>Per Telefon<\/td><\/tr><tr><td><button class=\"elementor-button\" type=\"button\"><a href=\"https:\/\/swissraft.outdoorbooking.ch\/fo\/products\/1845?base_id=257&amp;category_id=6&amp;order_type=gift_voucher&amp;lang=de\" target=\"_blank\" rel=\"noopener\">GUTSCHEIN \/ TICKET KAUFEN<\/a><\/button><\/td><td><strong><em>WICHTIG !<\/em><\/strong><br \/><em>Um zu reservieren, rufen Sie die Nummer an, die sich oben links auf dem Gutschein \/ Ticket befindet.<\/em><\/td><\/tr><\/tbody><\/table>\t\t\t\t\t\t<\/div>\n\t\t\t\t<\/div>\n\t\t\t\t\t<\/div>\n\t\t<\/div>\n\t\t\t\t\t\t\t<\/div>\n\t\t<\/section>\n\t\t\t\t\t\t\t<\/div>\n\t\t","protected":false},"excerpt":{"rendered":"<div align=\"justify\">\n<h2 align=\"justify\">Von Buttwil aus Helikopterflug nach Luzern und zur Rigi<\/h2>\n<h3>Von Buttwil aus ein 35-min\u00fctiger Hubschrauberrundflug \u00fcber Luzern und die Rigi.<\/h3>\n<\/div>\n<div align=\"justify\">\n<p>Von Buttwil im Kanton Aargau aus fahren Sie die folgende Route: Buttwil &#8211; Baldeggersee &#8211; Luzern. Dann geht es weiter \u00fcber Rigi &#8211; \u00c4gerisee &#8211; Zug, bevor Sie wieder auf dem Flugplatz Buttwil landen.<\/p>\n<h3>Swissraft bietet Ihnen auch andere Ziele f\u00fcr einen Helikopterflug an<\/h3>\n<p id=\"textarea\" style=\"display: none;\">\nAu\u00dferdem fliegen wir in den Kanton Solothurn nach Grenchen, aber auch von Bern-Belp aus. Auch im Wallis vom Flughafen Sitten und vom Heliport Gampel sowie von Collombey. In Interlaken-Gsteigwiler im Berner Oberland. Aber auch vom Heliport Gstaad-Grund und auch vom Flugplatz Saanen im Saanenland. Sowie von den Heliports Lauterbrunnen, Lenk-Simmental und Schattenhalb-Meiringen. Auch wir fliegen von Z\u00fcrich-Kloten. Abflug vom Heliport Pfaffnau im Kanton Luzern. Au\u00dferdem im Kanton Uri vom Helipor Erstfeld, im Kanton Schwyz und vom Heliport K\u00fcssnacht. Auch im Kanton Freiburg in \u00c9pagny im Greyerzerland, im Kanton Tessin in Locarno und in Lodrino. In Graub\u00fcnden in Flims, Tavanasa, Untervaz; im Engadin vom Hubschrauberlandeplatz in St. Moritz aus. Moritz und Samedan. Sowie in Liechtenstein vom Heliport Balzers und im Kanton Thurgau von Sitterdorf.\n<\/p>\n<p><a id=\"seeMore\" onclick=\"toggleSeeMore()\" href=\"javascript:void(0);\">Lesen Sie mehr<\/a><\/p>\n","protected":false},"featured_media":85660,"comment_status":"open","ping_status":"closed","template":"","meta":{"inline_featured_image":false,"_mi_skip_tracking":false},"product_cat":[263,371],"product_tag":[],"class_list":["post-91950","product","type-product","status-publish","has-post-thumbnail","hentry","product_cat-helikopterflug-in-der-schweiz","product_cat-helikopterflug-rundflug-buttwil"],"yoast_head":"<!-- This site is optimized with the Yoast SEO plugin v23.6 - https:\/\/yoast.com\/wordpress\/plugins\/seo\/ -->\n<title>Rundflug Luzern und Rigi mit dem Helikopter von Buttwil aus<\/title>\n<meta name=\"description\" content=\"Rundflug Luzern und Rigi mit dem Helikopter von Buttwil aus; ein 35-min\u00fctiger Rundflug \u00fcber die Stadt Luzern und die ber\u00fchmte Rigi\" \/>\n<meta name=\"robots\" content=\"index, follow, max-snippet:-1, max-image-preview:large, max-video-preview:-1\" \/>\n<link rel=\"canonical\" href=\"https:\/\/www.swissraft.ch\/de\/produkt\/helikopterflug-buttwil-rundflug-luzern-und-rigi\/\" \/>\n<meta property=\"og:locale\" content=\"de_DE\" \/>\n<meta property=\"og:type\" content=\"article\" \/>\n<meta property=\"og:title\" content=\"Rundflug Luzern und Rigi mit dem Helikopter von Buttwil aus\" \/>\n<meta property=\"og:description\" content=\"Rundflug Luzern und Rigi mit dem Helikopter von Buttwil aus; ein 35-min\u00fctiger Rundflug \u00fcber die Stadt Luzern und die ber\u00fchmte Rigi\" \/>\n<meta property=\"og:url\" content=\"https:\/\/www.swissraft.ch\/de\/produkt\/helikopterflug-buttwil-rundflug-luzern-und-rigi\/\" \/>\n<meta property=\"og:site_name\" content=\"Swissraft\" \/>\n<meta property=\"article:modified_time\" content=\"2026-04-18T04:17:17+00:00\" \/>\n<meta property=\"og:image\" content=\"https:\/\/www.swissraft.ch\/wp-content\/uploads\/2022\/11\/2-BUTTWIL-Luzern-Rigi-776x776-2.jpg\" \/>\n\t<meta property=\"og:image:width\" content=\"776\" \/>\n\t<meta property=\"og:image:height\" content=\"776\" \/>\n\t<meta property=\"og:image:type\" content=\"image\/jpeg\" \/>\n<meta name=\"twitter:card\" content=\"summary_large_image\" \/>\n<meta name=\"twitter:label1\" content=\"Gesch\u00e4tzte Lesezeit\" \/>\n\t<meta name=\"twitter:data1\" content=\"1\u00a0Minute\" \/>\n<script type=\"application\/ld+json\" class=\"yoast-schema-graph\">{\"@context\":\"https:\/\/schema.org\",\"@graph\":[{\"@type\":\"WebPage\",\"@id\":\"https:\/\/www.swissraft.ch\/de\/produkt\/helikopterflug-buttwil-rundflug-luzern-und-rigi\/\",\"url\":\"https:\/\/www.swissraft.ch\/de\/produkt\/helikopterflug-buttwil-rundflug-luzern-und-rigi\/\",\"name\":\"Rundflug Luzern und Rigi mit dem Helikopter von Buttwil aus\",\"isPartOf\":{\"@id\":\"https:\/\/www.swissraft.ch\/de\/#website\"},\"primaryImageOfPage\":{\"@id\":\"https:\/\/www.swissraft.ch\/de\/produkt\/helikopterflug-buttwil-rundflug-luzern-und-rigi\/#primaryimage\"},\"image\":{\"@id\":\"https:\/\/www.swissraft.ch\/de\/produkt\/helikopterflug-buttwil-rundflug-luzern-und-rigi\/#primaryimage\"},\"thumbnailUrl\":\"https:\/\/www.swissraft.ch\/wp-content\/uploads\/2022\/11\/2-BUTTWIL-Luzern-Rigi-776x776-2.jpg\",\"datePublished\":\"2022-11-30T21:50:52+00:00\",\"dateModified\":\"2026-04-18T04:17:17+00:00\",\"description\":\"Rundflug Luzern und Rigi mit dem Helikopter von Buttwil aus; ein 35-min\u00fctiger Rundflug \u00fcber die Stadt Luzern und die ber\u00fchmte Rigi\",\"breadcrumb\":{\"@id\":\"https:\/\/www.swissraft.ch\/de\/produkt\/helikopterflug-buttwil-rundflug-luzern-und-rigi\/#breadcrumb\"},\"inLanguage\":\"de\",\"potentialAction\":[{\"@type\":\"ReadAction\",\"target\":[\"https:\/\/www.swissraft.ch\/de\/produkt\/helikopterflug-buttwil-rundflug-luzern-und-rigi\/\"]}]},{\"@type\":\"ImageObject\",\"inLanguage\":\"de\",\"@id\":\"https:\/\/www.swissraft.ch\/de\/produkt\/helikopterflug-buttwil-rundflug-luzern-und-rigi\/#primaryimage\",\"url\":\"https:\/\/www.swissraft.ch\/wp-content\/uploads\/2022\/11\/2-BUTTWIL-Luzern-Rigi-776x776-2.jpg\",\"contentUrl\":\"https:\/\/www.swissraft.ch\/wp-content\/uploads\/2022\/11\/2-BUTTWIL-Luzern-Rigi-776x776-2.jpg\",\"width\":776,\"height\":776,\"caption\":\"Helikopterflug \u00fcber die Stadt Luzern und die Rigi\"},{\"@type\":\"BreadcrumbList\",\"@id\":\"https:\/\/www.swissraft.ch\/de\/produkt\/helikopterflug-buttwil-rundflug-luzern-und-rigi\/#breadcrumb\",\"itemListElement\":[{\"@type\":\"ListItem\",\"position\":1,\"name\":\"Accueil\",\"item\":\"https:\/\/www.swissraft.ch\/de\/\"},{\"@type\":\"ListItem\",\"position\":2,\"name\":\"Shop\",\"item\":\"https:\/\/www.swissraft.ch\/de\/shop\/\"},{\"@type\":\"ListItem\",\"position\":3,\"name\":\"Helikopterflug &#8211; Buttwil &#8211; Luzern und Rigi &#8211; 35 Min. &#8211; ab CHF 595.00\"}]},{\"@type\":\"WebSite\",\"@id\":\"https:\/\/www.swissraft.ch\/de\/#website\",\"url\":\"https:\/\/www.swissraft.ch\/de\/\",\"name\":\"Swissraft\",\"description\":\"To enjoy nature as it is\",\"publisher\":{\"@id\":\"https:\/\/www.swissraft.ch\/de\/#organization\"},\"potentialAction\":[{\"@type\":\"SearchAction\",\"target\":{\"@type\":\"EntryPoint\",\"urlTemplate\":\"https:\/\/www.swissraft.ch\/de\/?s={search_term_string}\"},\"query-input\":{\"@type\":\"PropertyValueSpecification\",\"valueRequired\":true,\"valueName\":\"search_term_string\"}}],\"inLanguage\":\"de\"},{\"@type\":\"Organization\",\"@id\":\"https:\/\/www.swissraft.ch\/de\/#organization\",\"name\":\"Swissraft\",\"url\":\"https:\/\/www.swissraft.ch\/de\/\",\"logo\":{\"@type\":\"ImageObject\",\"inLanguage\":\"de\",\"@id\":\"https:\/\/www.swissraft.ch\/de\/#\/schema\/logo\/image\/\",\"url\":\"https:\/\/www.swissraft.ch\/wp-content\/uploads\/2025\/09\/Capture.jpg\",\"contentUrl\":\"https:\/\/www.swissraft.ch\/wp-content\/uploads\/2025\/09\/Capture.jpg\",\"width\":293,\"height\":108,\"caption\":\"Swissraft\"},\"image\":{\"@id\":\"https:\/\/www.swissraft.ch\/de\/#\/schema\/logo\/image\/\"}}]}<\/script>\n<!-- \/ Yoast SEO plugin. -->","yoast_head_json":{"title":"Rundflug Luzern und Rigi mit dem Helikopter von Buttwil aus","description":"Rundflug Luzern und Rigi mit dem Helikopter von Buttwil aus; ein 35-min\u00fctiger Rundflug \u00fcber die Stadt Luzern und die ber\u00fchmte Rigi","robots":{"index":"index","follow":"follow","max-snippet":"max-snippet:-1","max-image-preview":"max-image-preview:large","max-video-preview":"max-video-preview:-1"},"canonical":"https:\/\/www.swissraft.ch\/de\/produkt\/helikopterflug-buttwil-rundflug-luzern-und-rigi\/","og_locale":"de_DE","og_type":"article","og_title":"Rundflug Luzern und Rigi mit dem Helikopter von Buttwil aus","og_description":"Rundflug Luzern und Rigi mit dem Helikopter von Buttwil aus; ein 35-min\u00fctiger Rundflug \u00fcber die Stadt Luzern und die ber\u00fchmte Rigi","og_url":"https:\/\/www.swissraft.ch\/de\/produkt\/helikopterflug-buttwil-rundflug-luzern-und-rigi\/","og_site_name":"Swissraft","article_modified_time":"2026-04-18T04:17:17+00:00","og_image":[{"width":776,"height":776,"url":"https:\/\/www.swissraft.ch\/wp-content\/uploads\/2022\/11\/2-BUTTWIL-Luzern-Rigi-776x776-2.jpg","type":"image\/jpeg"}],"twitter_card":"summary_large_image","twitter_misc":{"Gesch\u00e4tzte Lesezeit":"1\u00a0Minute"},"schema":{"@context":"https:\/\/schema.org","@graph":[{"@type":"WebPage","@id":"https:\/\/www.swissraft.ch\/de\/produkt\/helikopterflug-buttwil-rundflug-luzern-und-rigi\/","url":"https:\/\/www.swissraft.ch\/de\/produkt\/helikopterflug-buttwil-rundflug-luzern-und-rigi\/","name":"Rundflug Luzern und Rigi mit dem Helikopter von Buttwil aus","isPartOf":{"@id":"https:\/\/www.swissraft.ch\/de\/#website"},"primaryImageOfPage":{"@id":"https:\/\/www.swissraft.ch\/de\/produkt\/helikopterflug-buttwil-rundflug-luzern-und-rigi\/#primaryimage"},"image":{"@id":"https:\/\/www.swissraft.ch\/de\/produkt\/helikopterflug-buttwil-rundflug-luzern-und-rigi\/#primaryimage"},"thumbnailUrl":"https:\/\/www.swissraft.ch\/wp-content\/uploads\/2022\/11\/2-BUTTWIL-Luzern-Rigi-776x776-2.jpg","datePublished":"2022-11-30T21:50:52+00:00","dateModified":"2026-04-18T04:17:17+00:00","description":"Rundflug Luzern und Rigi mit dem Helikopter von Buttwil aus; ein 35-min\u00fctiger Rundflug \u00fcber die Stadt Luzern und die ber\u00fchmte Rigi","breadcrumb":{"@id":"https:\/\/www.swissraft.ch\/de\/produkt\/helikopterflug-buttwil-rundflug-luzern-und-rigi\/#breadcrumb"},"inLanguage":"de","potentialAction":[{"@type":"ReadAction","target":["https:\/\/www.swissraft.ch\/de\/produkt\/helikopterflug-buttwil-rundflug-luzern-und-rigi\/"]}]},{"@type":"ImageObject","inLanguage":"de","@id":"https:\/\/www.swissraft.ch\/de\/produkt\/helikopterflug-buttwil-rundflug-luzern-und-rigi\/#primaryimage","url":"https:\/\/www.swissraft.ch\/wp-content\/uploads\/2022\/11\/2-BUTTWIL-Luzern-Rigi-776x776-2.jpg","contentUrl":"https:\/\/www.swissraft.ch\/wp-content\/uploads\/2022\/11\/2-BUTTWIL-Luzern-Rigi-776x776-2.jpg","width":776,"height":776,"caption":"Helikopterflug \u00fcber die Stadt Luzern und die Rigi"},{"@type":"BreadcrumbList","@id":"https:\/\/www.swissraft.ch\/de\/produkt\/helikopterflug-buttwil-rundflug-luzern-und-rigi\/#breadcrumb","itemListElement":[{"@type":"ListItem","position":1,"name":"Accueil","item":"https:\/\/www.swissraft.ch\/de\/"},{"@type":"ListItem","position":2,"name":"Shop","item":"https:\/\/www.swissraft.ch\/de\/shop\/"},{"@type":"ListItem","position":3,"name":"Helikopterflug &#8211; Buttwil &#8211; Luzern und Rigi &#8211; 35 Min. &#8211; ab CHF 595.00"}]},{"@type":"WebSite","@id":"https:\/\/www.swissraft.ch\/de\/#website","url":"https:\/\/www.swissraft.ch\/de\/","name":"Swissraft","description":"To enjoy nature as it is","publisher":{"@id":"https:\/\/www.swissraft.ch\/de\/#organization"},"potentialAction":[{"@type":"SearchAction","target":{"@type":"EntryPoint","urlTemplate":"https:\/\/www.swissraft.ch\/de\/?s={search_term_string}"},"query-input":{"@type":"PropertyValueSpecification","valueRequired":true,"valueName":"search_term_string"}}],"inLanguage":"de"},{"@type":"Organization","@id":"https:\/\/www.swissraft.ch\/de\/#organization","name":"Swissraft","url":"https:\/\/www.swissraft.ch\/de\/","logo":{"@type":"ImageObject","inLanguage":"de","@id":"https:\/\/www.swissraft.ch\/de\/#\/schema\/logo\/image\/","url":"https:\/\/www.swissraft.ch\/wp-content\/uploads\/2025\/09\/Capture.jpg","contentUrl":"https:\/\/www.swissraft.ch\/wp-content\/uploads\/2025\/09\/Capture.jpg","width":293,"height":108,"caption":"Swissraft"},"image":{"@id":"https:\/\/www.swissraft.ch\/de\/#\/schema\/logo\/image\/"}}]}},"_links":{"self":[{"href":"https:\/\/www.swissraft.ch\/de\/wp-json\/wp\/v2\/product\/91950","targetHints":{"allow":["GET"]}}],"collection":[{"href":"https:\/\/www.swissraft.ch\/de\/wp-json\/wp\/v2\/product"}],"about":[{"href":"https:\/\/www.swissraft.ch\/de\/wp-json\/wp\/v2\/types\/product"}],"replies":[{"embeddable":true,"href":"https:\/\/www.swissraft.ch\/de\/wp-json\/wp\/v2\/comments?post=91950"}],"version-history":[{"count":23,"href":"https:\/\/www.swissraft.ch\/de\/wp-json\/wp\/v2\/product\/91950\/revisions"}],"predecessor-version":[{"id":140731,"href":"https:\/\/www.swissraft.ch\/de\/wp-json\/wp\/v2\/product\/91950\/revisions\/140731"}],"wp:featuredmedia":[{"embeddable":true,"href":"https:\/\/www.swissraft.ch\/de\/wp-json\/wp\/v2\/media\/85660"}],"wp:attachment":[{"href":"https:\/\/www.swissraft.ch\/de\/wp-json\/wp\/v2\/media?parent=91950"}],"wp:term":[{"taxonomy":"product_cat","embeddable":true,"href":"https:\/\/www.swissraft.ch\/de\/wp-json\/wp\/v2\/product_cat?post=91950"},{"taxonomy":"product_tag","embeddable":true,"href":"https:\/\/www.swissraft.ch\/de\/wp-json\/wp\/v2\/product_tag?post=91950"}],"curies":[{"name":"wp","href":"https:\/\/api.w.org\/{rel}","templated":true}]}}