{"id":91946,"date":"2022-11-23T21:55:58","date_gmt":"2022-11-23T20:55:58","guid":{"rendered":"https:\/\/swissraft.xyanzkdne.eu\/product\/helikopterflug-von-berne-belp-berner-alpen-60-min-ab-chf-585-00\/"},"modified":"2026-04-17T00:02:26","modified_gmt":"2026-04-16T22:02:26","slug":"helikopterflug-bern-belp-rundflug-berner-alpen","status":"publish","type":"product","link":"https:\/\/www.swissraft.ch\/de\/produkt\/helikopterflug-bern-belp-rundflug-berner-alpen\/","title":{"rendered":"Helikopterflug &#8211; Bern-Belp &#8211; Berner Alpen &#8211; 60 Min. &#8211; Ab CHF 616.00"},"content":{"rendered":"\t\t<div data-elementor-type=\"wp-post\" data-elementor-id=\"91946\" class=\"elementor elementor-91946 elementor-29188\">\n\t\t\t\t\t\t\t\t\t<section class=\"elementor-section elementor-top-section elementor-element elementor-element-3303a7e3 elementor-section-boxed elementor-section-height-default elementor-section-height-default\" data-id=\"3303a7e3\" data-element_type=\"section\">\n\t\t\t\t\t\t<div class=\"elementor-container elementor-column-gap-default\">\n\t\t\t\t\t<div class=\"elementor-column elementor-col-100 elementor-top-column elementor-element elementor-element-16d72dbf\" data-id=\"16d72dbf\" data-element_type=\"column\">\n\t\t\t<div class=\"elementor-widget-wrap elementor-element-populated\">\n\t\t\t\t\t\t\t\t<div class=\"elementor-element elementor-element-d743c03 elementor-widget elementor-widget-text-editor\" data-id=\"d743c03\" data-element_type=\"widget\" data-widget_type=\"text-editor.default\">\n\t\t\t\t<div class=\"elementor-widget-container\">\n\t\t\t\t\t\t\t<h2>W\u00c4HLEN SIE UNTEN IHRE AKTIVIT\u00c4T AUS, UM GESCHENKGUTSCHEINE \/ TICKETS ZU VERSCHENKEN ODER ZU BUCHEN<\/h2><table style=\"height: 290px;\" border=\"0\" width=\"580\" cellspacing=\"10\" cellpadding=\"10\"><tbody><tr><td width=\"50%\"><strong>RUNDFLUG &#8211; DIE BERNER ALPEN (1-5 Pax) &#8211; 60 min.<\/strong><\/td><td><strong>Ab CHF 616.00 pro Person<\/strong><\/td><\/tr><tr><td>Zus\u00e4tzliche Informationen<\/td><td>&#8211; Sie werden mit anderen Passagieren zusammen sein<br \/>&#8211; Sie werden haupts\u00e4chlich sonntags fliegen<br \/>&#8211; T\u00e4glich Privatflug<br \/>&#8211; Maximal 5 Pers.<\/td><\/tr><tr><td>Flughafen<\/td><td><a href=\"https:\/\/www.google.ch\/maps\/place\/Flugplatzstrasse+9,+3123+Belp\/@46.9110741,7.5014815,384m\/data=!3m1!1e3!4m6!3m5!1s0x478e364abf3cd12d:0x66533198ed658320!8m2!3d46.9109935!4d7.5040993!16s%2Fg%2F11c2cjv1zm?hl=fr&amp;entry=ttu\" target=\"_blank\" rel=\"noopener\">Bern-Belp<\/a><\/td><\/tr><tr><td>Flugzeit<\/td><td>60 Min.<\/td><\/tr><tr><td>Gesamtdauer<\/td><td>ca. 2,5 Std.<\/td><\/tr><tr><td>Termin<\/td><td>Per Telefon<\/td><\/tr><tr><td><a href=\"https:\/\/swissraft.outdoorbooking.ch\/fo\/products\/944?base_id=113&amp;category_id=6&amp;order_type=gift_voucher&amp;lang=de\" target=\"_blank\" rel=\"noopener\"><button class=\"elementor-button\" type=\"button\">GUTSCHEIN \/ TICKET KAUFEN<\/button><\/a><\/td><td><strong>CHF 616.00<\/strong>\/Pers.<\/td><\/tr><tr><td><a href=\"https:\/\/swissraft.outdoorbooking.ch\/fo\/products\/946?base_id=114&amp;category_id=6&amp;order_type=gift_voucher&amp;lang=de\" target=\"_blank\" rel=\"noopener\"><button class=\"elementor-button\" type=\"button\">GUTSCHEIN \/ TICKET KAUFEN<\/button><\/a><\/td><td><strong>CHF 1&#8217;675.00 &#8211; Privatflug (3 Pers.) <\/strong><\/td><\/tr><tr><td><a href=\"https:\/\/swissraft.outdoorbooking.ch\/fo\/products\/483?base_id=115&amp;category_id=6&amp;order_type=gift_voucher&amp;lang=de\" target=\"_blank\" rel=\"noopener\"><button class=\"elementor-button\" type=\"button\">GUTSCHEIN \/ TICKET KAUFEN<\/button><\/a><\/td><td><strong>CHF 2&#8217;260.00 &#8211; Privatflug (4 Pers.)<\/strong><\/td><\/tr><tr><td><a href=\"https:\/\/swissraft.outdoorbooking.ch\/fo\/products\/948?base_id=116&amp;category_id=6&amp;order_type=gift_voucher&amp;lang=de\" target=\"_blank\" rel=\"noopener\"><button class=\"elementor-button\" type=\"button\">GUTSCHEIN \/ TICKET KAUFEN<\/button><\/a><\/td><td><strong>CHF 2&#8217;925.00 &#8211; Privatflug (5 Pers.)<\/strong><\/td><\/tr><tr><td>\u00a0<\/td><td><strong><em>WICHTIG !<\/em><\/strong><br \/><em>Um zu reservieren, rufen Sie die Nummer an, die sich oben links auf dem Gutschein \/ Ticket befindet.<\/em><\/td><\/tr><\/tbody><\/table>\t\t\t\t\t\t<\/div>\n\t\t\t\t<\/div>\n\t\t\t\t\t<\/div>\n\t\t<\/div>\n\t\t\t\t\t\t\t<\/div>\n\t\t<\/section>\n\t\t\t\t\t\t\t<\/div>\n\t\t","protected":false},"excerpt":{"rendered":"<div align=\"justify\">\n<h2 align=\"justify\">Bei diesem 60-min\u00fctigen Flug fliegen Sie \u00fcber die Berner Alpen.<\/h2>\n<h3>Sie fliegen mit dem Helikopter \u00fcber die 4000m hohen Berner Alpen von der Jungfrau bis zum Aletschgletscher. Anschlie\u00dfend landen Sie bei einem Restaurant mit Blick auf den Thunersee und nehmen einen Drink, wenn Sie m\u00f6chten.<\/h3>\n<\/div>\n<div align=\"justify\">\n<p>Sie starten in Bern-Belp und fliegen in Richtung Thun, Interlaken, Schynige Platte, Grindelwald. Dann geht es weiter zum Wetterhorn, Mittellegigrat, Eiger M\u00f6nch Jungfraujoch, Aletschgletscher und Konkordiaplatz. Danach geht der Flug weiter zur L\u00f6tschenl\u00fccke, Petersgrat, Gamchil\u00fccke, Bl\u00fcemlisalp, Schwanden und landet in der N\u00e4he des Restaurants Meielisalp in Leissigen. Sie fliegen zur\u00fcck nach Konolfingen und landen wieder auf dem internationalen Flughafen Bern-Belp.<\/p>\n<h3>Wir bieten auch andere Rundfl\u00fcge von vielen Heliports und Flugpl\u00e4tzen in der Schweiz an.<\/h3>\n<p id=\"textarea\" style=\"display: none;\">\nWir f\u00fchren Rundfl\u00fcge im Wallis von den Heliports Collombey und Gampel sowie vom Flughafen Sitten aus durch. Wir starten auch vom Heliport Interlaken-Gsteigwiler im Berner Oberland. Ebenso vom Heliport Gstaad-Grund und vom Flugplatz Saanen im Saanenland. Danach fliegen wir von den Hubschrauberlandepl\u00e4tzen Lauterbrunnen, Lenk-Simmental und Schattenhalb-Meiringen im Berner Oberland. Au\u00dferdem starten wir vom internationalen Flughafen Z\u00fcrich-Kloten aus zu Helikopterrundfl\u00fcgen. Wir fliegen \u00fcbrigens von Buttwil aus in den Aargau und von Grenchen im Kanton Solothurn aus. Zum einen bieten wir Fl\u00fcge vom Heliport Pfaffnau im Kanton Luzern an. Au\u00dferdem haben wir Fl\u00fcge von Erstfeld im Kanton Uri und von K\u00fcssnacht im Kanton Schwyz. Au\u00dferdem starten wir auch vom Flugplatz \u00c9pagny en Gruy\u00e8re im Kanton Freiburg. Wir bieten Fl\u00fcge von den Flugpl\u00e4tzen Locarno und Lodrino im Kanton Tessin an. Dar\u00fcber hinaus bieten wir in Graub\u00fcnden Fl\u00fcge von den Heliports Flims, Tavanasa und Untervaz an. Im Engadin bieten wir Fl\u00fcge vom Flugplatz Samedan und vom Hubschrauberlandeplatz St. Moritz im Winter. In Liechtenstein fliegen wir vom Heliport Balzers und in der Ostschweiz vom Flugplatz Sitterdorf.\n<\/p>\n<p><a id=\"seeMore\" onclick=\"toggleSeeMore()\" href=\"javascript:void(0);\">Lesen Sie mehr<\/a><\/p>\n","protected":false},"featured_media":90568,"comment_status":"open","ping_status":"closed","template":"","meta":{"inline_featured_image":false,"_mi_skip_tracking":false},"product_cat":[263,307],"product_tag":[],"class_list":["post-91946","product","type-product","status-publish","has-post-thumbnail","hentry","product_cat-helikopterflug-in-der-schweiz","product_cat-helikopterflug-rundflug-berne-belp"],"yoast_head":"<!-- This site is optimized with the Yoast SEO plugin v23.6 - https:\/\/yoast.com\/wordpress\/plugins\/seo\/ -->\n<title>Rundflug Die Berner Alpen. Helikopterflug ab Bern-Belp<\/title>\n<meta name=\"description\" content=\"Rundflug Die Berner Alpen. Helikopterflug ab Bern-Belp. Wir machen einen Zwischenstopp in der N\u00e4he eines Restaurants, das f\u00fcr seine gute K\u00fcche bekannt ist\" \/>\n<meta name=\"robots\" content=\"index, follow, max-snippet:-1, max-image-preview:large, max-video-preview:-1\" \/>\n<link rel=\"canonical\" href=\"https:\/\/www.swissraft.ch\/de\/produkt\/helikopterflug-bern-belp-rundflug-berner-alpen\/\" \/>\n<meta property=\"og:locale\" content=\"de_DE\" \/>\n<meta property=\"og:type\" content=\"article\" \/>\n<meta property=\"og:title\" content=\"Rundflug Die Berner Alpen. Helikopterflug ab Bern-Belp\" \/>\n<meta property=\"og:description\" content=\"Rundflug Die Berner Alpen. Helikopterflug ab Bern-Belp. Wir machen einen Zwischenstopp in der N\u00e4he eines Restaurants, das f\u00fcr seine gute K\u00fcche bekannt ist\" \/>\n<meta property=\"og:url\" content=\"https:\/\/www.swissraft.ch\/de\/produkt\/helikopterflug-bern-belp-rundflug-berner-alpen\/\" \/>\n<meta property=\"og:site_name\" content=\"Swissraft\" \/>\n<meta property=\"article:modified_time\" content=\"2026-04-16T22:02:26+00:00\" \/>\n<meta property=\"og:image\" content=\"https:\/\/www.swissraft.ch\/wp-content\/uploads\/2022\/11\/Les-Alpes-bernoises.jpg\" \/>\n\t<meta property=\"og:image:width\" content=\"776\" \/>\n\t<meta property=\"og:image:height\" content=\"776\" \/>\n\t<meta property=\"og:image:type\" content=\"image\/jpeg\" \/>\n<meta name=\"twitter:card\" content=\"summary_large_image\" \/>\n<meta name=\"twitter:label1\" content=\"Gesch\u00e4tzte Lesezeit\" \/>\n\t<meta name=\"twitter:data1\" content=\"1\u00a0Minute\" \/>\n<script type=\"application\/ld+json\" class=\"yoast-schema-graph\">{\"@context\":\"https:\/\/schema.org\",\"@graph\":[{\"@type\":\"WebPage\",\"@id\":\"https:\/\/www.swissraft.ch\/de\/produkt\/helikopterflug-bern-belp-rundflug-berner-alpen\/\",\"url\":\"https:\/\/www.swissraft.ch\/de\/produkt\/helikopterflug-bern-belp-rundflug-berner-alpen\/\",\"name\":\"Rundflug Die Berner Alpen. Helikopterflug ab Bern-Belp\",\"isPartOf\":{\"@id\":\"https:\/\/www.swissraft.ch\/de\/#website\"},\"primaryImageOfPage\":{\"@id\":\"https:\/\/www.swissraft.ch\/de\/produkt\/helikopterflug-bern-belp-rundflug-berner-alpen\/#primaryimage\"},\"image\":{\"@id\":\"https:\/\/www.swissraft.ch\/de\/produkt\/helikopterflug-bern-belp-rundflug-berner-alpen\/#primaryimage\"},\"thumbnailUrl\":\"https:\/\/www.swissraft.ch\/wp-content\/uploads\/2022\/11\/Les-Alpes-bernoises.jpg\",\"datePublished\":\"2022-11-23T20:55:58+00:00\",\"dateModified\":\"2026-04-16T22:02:26+00:00\",\"description\":\"Rundflug Die Berner Alpen. Helikopterflug ab Bern-Belp. Wir machen einen Zwischenstopp in der N\u00e4he eines Restaurants, das f\u00fcr seine gute K\u00fcche bekannt ist\",\"breadcrumb\":{\"@id\":\"https:\/\/www.swissraft.ch\/de\/produkt\/helikopterflug-bern-belp-rundflug-berner-alpen\/#breadcrumb\"},\"inLanguage\":\"de\",\"potentialAction\":[{\"@type\":\"ReadAction\",\"target\":[\"https:\/\/www.swissraft.ch\/de\/produkt\/helikopterflug-bern-belp-rundflug-berner-alpen\/\"]}]},{\"@type\":\"ImageObject\",\"inLanguage\":\"de\",\"@id\":\"https:\/\/www.swissraft.ch\/de\/produkt\/helikopterflug-bern-belp-rundflug-berner-alpen\/#primaryimage\",\"url\":\"https:\/\/www.swissraft.ch\/wp-content\/uploads\/2022\/11\/Les-Alpes-bernoises.jpg\",\"contentUrl\":\"https:\/\/www.swissraft.ch\/wp-content\/uploads\/2022\/11\/Les-Alpes-bernoises.jpg\",\"width\":776,\"height\":776,\"caption\":\"Die Berner Alpen mit dem Hubschrauber und als Bonus ein Fondue auf einem Gletscher w\u00e4hrend einer Zwischenlandung.\"},{\"@type\":\"BreadcrumbList\",\"@id\":\"https:\/\/www.swissraft.ch\/de\/produkt\/helikopterflug-bern-belp-rundflug-berner-alpen\/#breadcrumb\",\"itemListElement\":[{\"@type\":\"ListItem\",\"position\":1,\"name\":\"Accueil\",\"item\":\"https:\/\/www.swissraft.ch\/de\/\"},{\"@type\":\"ListItem\",\"position\":2,\"name\":\"Shop\",\"item\":\"https:\/\/www.swissraft.ch\/de\/shop\/\"},{\"@type\":\"ListItem\",\"position\":3,\"name\":\"Helikopterflug &#8211; Bern-Belp &#8211; Berner Alpen &#8211; 60 Min. &#8211; Ab CHF 616.00\"}]},{\"@type\":\"WebSite\",\"@id\":\"https:\/\/www.swissraft.ch\/de\/#website\",\"url\":\"https:\/\/www.swissraft.ch\/de\/\",\"name\":\"Swissraft\",\"description\":\"To enjoy nature as it is\",\"publisher\":{\"@id\":\"https:\/\/www.swissraft.ch\/de\/#organization\"},\"potentialAction\":[{\"@type\":\"SearchAction\",\"target\":{\"@type\":\"EntryPoint\",\"urlTemplate\":\"https:\/\/www.swissraft.ch\/de\/?s={search_term_string}\"},\"query-input\":{\"@type\":\"PropertyValueSpecification\",\"valueRequired\":true,\"valueName\":\"search_term_string\"}}],\"inLanguage\":\"de\"},{\"@type\":\"Organization\",\"@id\":\"https:\/\/www.swissraft.ch\/de\/#organization\",\"name\":\"Swissraft\",\"url\":\"https:\/\/www.swissraft.ch\/de\/\",\"logo\":{\"@type\":\"ImageObject\",\"inLanguage\":\"de\",\"@id\":\"https:\/\/www.swissraft.ch\/de\/#\/schema\/logo\/image\/\",\"url\":\"https:\/\/www.swissraft.ch\/wp-content\/uploads\/2025\/09\/Capture.jpg\",\"contentUrl\":\"https:\/\/www.swissraft.ch\/wp-content\/uploads\/2025\/09\/Capture.jpg\",\"width\":293,\"height\":108,\"caption\":\"Swissraft\"},\"image\":{\"@id\":\"https:\/\/www.swissraft.ch\/de\/#\/schema\/logo\/image\/\"}}]}<\/script>\n<!-- \/ Yoast SEO plugin. -->","yoast_head_json":{"title":"Rundflug Die Berner Alpen. Helikopterflug ab Bern-Belp","description":"Rundflug Die Berner Alpen. Helikopterflug ab Bern-Belp. Wir machen einen Zwischenstopp in der N\u00e4he eines Restaurants, das f\u00fcr seine gute K\u00fcche bekannt ist","robots":{"index":"index","follow":"follow","max-snippet":"max-snippet:-1","max-image-preview":"max-image-preview:large","max-video-preview":"max-video-preview:-1"},"canonical":"https:\/\/www.swissraft.ch\/de\/produkt\/helikopterflug-bern-belp-rundflug-berner-alpen\/","og_locale":"de_DE","og_type":"article","og_title":"Rundflug Die Berner Alpen. Helikopterflug ab Bern-Belp","og_description":"Rundflug Die Berner Alpen. Helikopterflug ab Bern-Belp. Wir machen einen Zwischenstopp in der N\u00e4he eines Restaurants, das f\u00fcr seine gute K\u00fcche bekannt ist","og_url":"https:\/\/www.swissraft.ch\/de\/produkt\/helikopterflug-bern-belp-rundflug-berner-alpen\/","og_site_name":"Swissraft","article_modified_time":"2026-04-16T22:02:26+00:00","og_image":[{"width":776,"height":776,"url":"https:\/\/www.swissraft.ch\/wp-content\/uploads\/2022\/11\/Les-Alpes-bernoises.jpg","type":"image\/jpeg"}],"twitter_card":"summary_large_image","twitter_misc":{"Gesch\u00e4tzte Lesezeit":"1\u00a0Minute"},"schema":{"@context":"https:\/\/schema.org","@graph":[{"@type":"WebPage","@id":"https:\/\/www.swissraft.ch\/de\/produkt\/helikopterflug-bern-belp-rundflug-berner-alpen\/","url":"https:\/\/www.swissraft.ch\/de\/produkt\/helikopterflug-bern-belp-rundflug-berner-alpen\/","name":"Rundflug Die Berner Alpen. Helikopterflug ab Bern-Belp","isPartOf":{"@id":"https:\/\/www.swissraft.ch\/de\/#website"},"primaryImageOfPage":{"@id":"https:\/\/www.swissraft.ch\/de\/produkt\/helikopterflug-bern-belp-rundflug-berner-alpen\/#primaryimage"},"image":{"@id":"https:\/\/www.swissraft.ch\/de\/produkt\/helikopterflug-bern-belp-rundflug-berner-alpen\/#primaryimage"},"thumbnailUrl":"https:\/\/www.swissraft.ch\/wp-content\/uploads\/2022\/11\/Les-Alpes-bernoises.jpg","datePublished":"2022-11-23T20:55:58+00:00","dateModified":"2026-04-16T22:02:26+00:00","description":"Rundflug Die Berner Alpen. Helikopterflug ab Bern-Belp. Wir machen einen Zwischenstopp in der N\u00e4he eines Restaurants, das f\u00fcr seine gute K\u00fcche bekannt ist","breadcrumb":{"@id":"https:\/\/www.swissraft.ch\/de\/produkt\/helikopterflug-bern-belp-rundflug-berner-alpen\/#breadcrumb"},"inLanguage":"de","potentialAction":[{"@type":"ReadAction","target":["https:\/\/www.swissraft.ch\/de\/produkt\/helikopterflug-bern-belp-rundflug-berner-alpen\/"]}]},{"@type":"ImageObject","inLanguage":"de","@id":"https:\/\/www.swissraft.ch\/de\/produkt\/helikopterflug-bern-belp-rundflug-berner-alpen\/#primaryimage","url":"https:\/\/www.swissraft.ch\/wp-content\/uploads\/2022\/11\/Les-Alpes-bernoises.jpg","contentUrl":"https:\/\/www.swissraft.ch\/wp-content\/uploads\/2022\/11\/Les-Alpes-bernoises.jpg","width":776,"height":776,"caption":"Die Berner Alpen mit dem Hubschrauber und als Bonus ein Fondue auf einem Gletscher w\u00e4hrend einer Zwischenlandung."},{"@type":"BreadcrumbList","@id":"https:\/\/www.swissraft.ch\/de\/produkt\/helikopterflug-bern-belp-rundflug-berner-alpen\/#breadcrumb","itemListElement":[{"@type":"ListItem","position":1,"name":"Accueil","item":"https:\/\/www.swissraft.ch\/de\/"},{"@type":"ListItem","position":2,"name":"Shop","item":"https:\/\/www.swissraft.ch\/de\/shop\/"},{"@type":"ListItem","position":3,"name":"Helikopterflug &#8211; Bern-Belp &#8211; Berner Alpen &#8211; 60 Min. &#8211; Ab CHF 616.00"}]},{"@type":"WebSite","@id":"https:\/\/www.swissraft.ch\/de\/#website","url":"https:\/\/www.swissraft.ch\/de\/","name":"Swissraft","description":"To enjoy nature as it is","publisher":{"@id":"https:\/\/www.swissraft.ch\/de\/#organization"},"potentialAction":[{"@type":"SearchAction","target":{"@type":"EntryPoint","urlTemplate":"https:\/\/www.swissraft.ch\/de\/?s={search_term_string}"},"query-input":{"@type":"PropertyValueSpecification","valueRequired":true,"valueName":"search_term_string"}}],"inLanguage":"de"},{"@type":"Organization","@id":"https:\/\/www.swissraft.ch\/de\/#organization","name":"Swissraft","url":"https:\/\/www.swissraft.ch\/de\/","logo":{"@type":"ImageObject","inLanguage":"de","@id":"https:\/\/www.swissraft.ch\/de\/#\/schema\/logo\/image\/","url":"https:\/\/www.swissraft.ch\/wp-content\/uploads\/2025\/09\/Capture.jpg","contentUrl":"https:\/\/www.swissraft.ch\/wp-content\/uploads\/2025\/09\/Capture.jpg","width":293,"height":108,"caption":"Swissraft"},"image":{"@id":"https:\/\/www.swissraft.ch\/de\/#\/schema\/logo\/image\/"}}]}},"_links":{"self":[{"href":"https:\/\/www.swissraft.ch\/de\/wp-json\/wp\/v2\/product\/91946","targetHints":{"allow":["GET"]}}],"collection":[{"href":"https:\/\/www.swissraft.ch\/de\/wp-json\/wp\/v2\/product"}],"about":[{"href":"https:\/\/www.swissraft.ch\/de\/wp-json\/wp\/v2\/types\/product"}],"replies":[{"embeddable":true,"href":"https:\/\/www.swissraft.ch\/de\/wp-json\/wp\/v2\/comments?post=91946"}],"version-history":[{"count":40,"href":"https:\/\/www.swissraft.ch\/de\/wp-json\/wp\/v2\/product\/91946\/revisions"}],"predecessor-version":[{"id":140383,"href":"https:\/\/www.swissraft.ch\/de\/wp-json\/wp\/v2\/product\/91946\/revisions\/140383"}],"wp:featuredmedia":[{"embeddable":true,"href":"https:\/\/www.swissraft.ch\/de\/wp-json\/wp\/v2\/media\/90568"}],"wp:attachment":[{"href":"https:\/\/www.swissraft.ch\/de\/wp-json\/wp\/v2\/media?parent=91946"}],"wp:term":[{"taxonomy":"product_cat","embeddable":true,"href":"https:\/\/www.swissraft.ch\/de\/wp-json\/wp\/v2\/product_cat?post=91946"},{"taxonomy":"product_tag","embeddable":true,"href":"https:\/\/www.swissraft.ch\/de\/wp-json\/wp\/v2\/product_tag?post=91946"}],"curies":[{"name":"wp","href":"https:\/\/api.w.org\/{rel}","templated":true}]}}