{"id":91945,"date":"2022-11-30T22:40:00","date_gmt":"2022-11-30T21:40:00","guid":{"rendered":"https:\/\/swissraft.xyanzkdne.eu\/product\/hubschrauberflug-ab-buttwil-a-la-carte-30-min-ab-chf-490-00\/"},"modified":"2026-04-18T06:11:55","modified_gmt":"2026-04-18T04:11:55","slug":"helikopterflug-buttwil-rundflug-a-la-carte","status":"publish","type":"product","link":"https:\/\/www.swissraft.ch\/de\/produkt\/helikopterflug-buttwil-rundflug-a-la-carte\/","title":{"rendered":"Helikopterflug &#8211; Buttwil &#8211; \u00c0 la Carte &#8211; 30 Min. &#8211; Ab CHF 490.00"},"content":{"rendered":"\t\t<div data-elementor-type=\"wp-post\" data-elementor-id=\"91945\" class=\"elementor elementor-91945 elementor-29341\">\n\t\t\t\t\t\t\t\t\t<section class=\"elementor-section elementor-top-section elementor-element elementor-element-3303a7e3 elementor-section-boxed elementor-section-height-default elementor-section-height-default\" data-id=\"3303a7e3\" data-element_type=\"section\">\n\t\t\t\t\t\t<div class=\"elementor-container elementor-column-gap-default\">\n\t\t\t\t\t<div class=\"elementor-column elementor-col-100 elementor-top-column elementor-element elementor-element-16d72dbf\" data-id=\"16d72dbf\" data-element_type=\"column\">\n\t\t\t<div class=\"elementor-widget-wrap elementor-element-populated\">\n\t\t\t\t\t\t\t\t<div class=\"elementor-element elementor-element-d743c03 elementor-widget elementor-widget-text-editor\" data-id=\"d743c03\" data-element_type=\"widget\" data-widget_type=\"text-editor.default\">\n\t\t\t\t<div class=\"elementor-widget-container\">\n\t\t\t\t\t\t\t<h2>W\u00c4HLEN SIE UNTEN IHRE AKTIVIT\u00c4T AUS, UM GESCHENKGUTSCHEINE \/ TICKETS ZU VERSCHENKEN ODER ZU BUCHEN<\/h2><table style=\"height: 290px;\" border=\"0\" width=\"580\" cellspacing=\"10\" cellpadding=\"10\"><tbody><tr><td width=\"50%\"><strong>1) RUNDFLUG &#8211; 25 KM HELIKOPTERFLUG A LA CARTE &#8211; PRIVATFLUG (1-2 Pers.) &#8211; 30 Min.<\/strong><\/td><td><span style=\"font-weight: bold; background-color: #ffffff;\">CHF 490.00 pro Privatflug<\/span><\/td><\/tr><tr><td>Zus\u00e4tzliche Informationen<\/td><td><span class=\"patt\">&#8211; Sie haben den Helikopter ausschlie\u00dflich f\u00fcr sich<br \/>&#8211; Sie bestimmen das Datum und die Uhrzeit des Abflugs<br \/>&#8211; Maximum 2 Pers.<\/span><\/td><\/tr><tr><td>Flugplatz<\/td><td><a href=\"https:\/\/www.google.com\/maps\/place\/47%C2%B015'53.7%22N+8%C2%B018'06.3%22E\/@47.2671027,8.2667451,6062m\/data=!3m1!1e3!4m4!3m3!8m2!3d47.2649167!4d8.30175?entry=ttu\" target=\"_blank\" rel=\"noopener\">Buttwil<\/a><\/td><\/tr><tr><td>Flugzeit<\/td><td>30 Min.<\/td><\/tr><tr><td>Gesamtdauer<\/td><td>ca. 1 Std.<\/td><\/tr><tr><td>Termin<\/td><td>Per Telefon<\/td><\/tr><tr><td><button class=\"elementor-button\" type=\"button\"><a href=\"https:\/\/swissraft.outdoorbooking.ch\/fo\/products\/1821?base_id=102&amp;category_id=6&amp;order_type=gift_voucher&amp;lang=de\" target=\"_blank\" rel=\"noopener\">GUTSCHEIN \/ TICKET KAUFEN<\/a><\/button><\/td><td><strong><em>WICHTIG !<\/em><\/strong><br \/><em>Um zu reservieren, rufen Sie die Nummer an, die sich oben links auf dem Gutschein \/ Ticket befindet.<\/em><\/td><\/tr><\/tbody><\/table><table style=\"height: 290px;\" border=\"0\" width=\"580\" cellspacing=\"10\" cellpadding=\"10\"><tbody><tr><td width=\"50%\"><strong>2) RUNDFLUG &#8211; 30 KM HELIKOPTERFLUG \u00c0 LA CARTE &#8211; PRIVATFLUG (2-4 Pers.) &#8211; 30 Min.<\/strong><\/td><td><strong>CHF 590.00 pro Privatflug<br \/><\/strong><\/td><\/tr><tr><td>Zus\u00e4tzliche Informationen<\/td><td><span class=\"patt\">&#8211; Sie haben den Helikopter ausschlie\u00dflich f\u00fcr sich<br \/>&#8211; Sie bestimmen das Datum und die Uhrzeit des Abflugs<br \/>&#8211; Maximum 4 Pers.<\/span><\/td><\/tr><tr><td>Flugplatz<\/td><td><a href=\"https:\/\/www.google.com\/maps\/place\/47%C2%B015'53.7%22N+8%C2%B018'06.3%22E\/@47.2671027,8.2667451,6062m\/data=!3m1!1e3!4m4!3m3!8m2!3d47.2649167!4d8.30175?entry=ttu\" target=\"_blank\" rel=\"noopener\">Buttwil<\/a><\/td><\/tr><tr><td>Flugzeit<\/td><td>30 Min.<\/td><\/tr><tr><td>Gesamtdauer<\/td><td>ca. 1 Std.<\/td><\/tr><tr><td>Termin<\/td><td>Per Telefon<\/td><\/tr><tr><td><button class=\"elementor-button\" type=\"button\"><a href=\"https:\/\/swissraft.outdoorbooking.ch\/fo\/products\/1844?base_id=25&amp;category_id=6&amp;order_type=gift_voucher&amp;lang=de\" target=\"_blank\" rel=\"noopener\">GUTSCHEIN \/ TICKET KAUFEN<\/a><\/button><\/td><td><strong><em>WICHTIG !<\/em><\/strong><br \/><em>Um zu reservieren, rufen Sie die Nummer an, die sich oben links auf dem Gutschein \/ Ticket befindet.<\/em><\/td><\/tr><\/tbody><\/table>\t\t\t\t\t\t<\/div>\n\t\t\t\t<\/div>\n\t\t\t\t\t<\/div>\n\t\t<\/div>\n\t\t\t\t\t\t\t<\/div>\n\t\t<\/section>\n\t\t\t\t\t\t\t<\/div>\n\t\t","protected":false},"excerpt":{"rendered":"<div align=\"justify\">\n<h2 align=\"justify\">Helikopterflug ab Buttwil auf eigene Faust<\/h2>\n<h3>Von Buttwil aus eine Panoramatour von 25 oder 30 km in der Umgebung von Buttwil<\/h3>\n<\/div>\n<div align=\"justify\">\n<p>Helikopterflug \u00e0 la carte von Buttwil im Kanton Aargau aus. Sie fliegen einen beliebigen Flug in einem Radius von 25 km bis 30 km um den Flugplatz Buttwil.<\/p>\n<h3>Swissraft bietet Ihnen auch andere Abfl\u00fcge f\u00fcr einen Helikopterflug \u00e0 la carte an.<\/h3>\n<p id=\"textarea\" style=\"display: none;\">\nAu\u00dferdem fliegen wir im Kanton Solothurn in Grenchen, aber auch von Bern-Belp aus. Im Wallis vom Flughafen Sion und vom Hubschrauberlandeplatz Gampel und vom Hubschrauberlandeplatz Collombey; in Interlaken-Gsteigwiler im Berner Oberland. Aber auch vom Hubschrauberlandeplatz Gstaad-Grund und auch vom Flugplatz Saanen im Saanenland. Auch von den Heliports Lauterbrunnen, Lenk-Simmental und Schattenhalb-Meiringen. Au\u00dferdem starten wir von Z\u00fcrich-Kloten. Abflug vom Hubschrauberlandeplatz Pfaffnau im Kanton Luzern. Im Kanton Uri ab dem Hubschrauberlandeplatz Erstfeld, im Kanton Schwyz ab dem Hubschrauberlandeplatz K\u00fcssnacht. Auch im Kanton Freiburg in \u00c9pagny en Gruy\u00e8re, im Kanton Tessin in Locarno und Lodrino. In Graub\u00fcnden in Flims, Tavanasa, Untervaz, im Engadin auf dem Hubschrauberlandeplatz von St. Moritz und in Samedan. Auch in Liechtenstein vom Hubschrauberlandeplatz Balzers und im Kanton Thurgau in Sitterdorf.\n<\/p>\n<p><a id=\"seeMore\" onclick=\"toggleSeeMore()\" href=\"javascript:void(0);\">Lesen Sie mehr<\/a><\/p>\n","protected":false},"featured_media":82771,"comment_status":"open","ping_status":"closed","template":"","meta":{"inline_featured_image":false,"_mi_skip_tracking":false},"product_cat":[263,371],"product_tag":[],"class_list":["post-91945","product","type-product","status-publish","has-post-thumbnail","hentry","product_cat-helikopterflug-in-der-schweiz","product_cat-helikopterflug-rundflug-buttwil"],"yoast_head":"<!-- This site is optimized with the Yoast SEO plugin v23.6 - https:\/\/yoast.com\/wordpress\/plugins\/seo\/ -->\n<title>Rundflug \u00e0 la carte ab Buttwil. Stellen Sie Ihre Route<\/title>\n<meta name=\"description\" content=\"Rundflug \u00e0 la carte ab Buttwil nach Wunsch. Ein Panorama-Rundflug von 25 bis 30 km in der Umgebung der Stadt Buttwil. W\u00e4hlen Sie Ihren Rundflug selbst\" \/>\n<meta name=\"robots\" content=\"index, follow, max-snippet:-1, max-image-preview:large, max-video-preview:-1\" \/>\n<link rel=\"canonical\" href=\"https:\/\/www.swissraft.ch\/de\/produkt\/helikopterflug-buttwil-rundflug-a-la-carte\/\" \/>\n<meta property=\"og:locale\" content=\"de_DE\" \/>\n<meta property=\"og:type\" content=\"article\" \/>\n<meta property=\"og:title\" content=\"Rundflug \u00e0 la carte ab Buttwil. Stellen Sie Ihre Route\" \/>\n<meta property=\"og:description\" content=\"Rundflug \u00e0 la carte ab Buttwil nach Wunsch. Ein Panorama-Rundflug von 25 bis 30 km in der Umgebung der Stadt Buttwil. W\u00e4hlen Sie Ihren Rundflug selbst\" \/>\n<meta property=\"og:url\" content=\"https:\/\/www.swissraft.ch\/de\/produkt\/helikopterflug-buttwil-rundflug-a-la-carte\/\" \/>\n<meta property=\"og:site_name\" content=\"Swissraft\" \/>\n<meta property=\"article:modified_time\" content=\"2026-04-18T04:11:55+00:00\" \/>\n<meta property=\"og:image\" content=\"https:\/\/www.swissraft.ch\/wp-content\/uploads\/2022\/11\/1-BUTTWIL-Rundfluge-A-la-Carte-30-Minuten-776X776.jpg\" \/>\n\t<meta property=\"og:image:width\" content=\"776\" \/>\n\t<meta property=\"og:image:height\" content=\"776\" \/>\n\t<meta property=\"og:image:type\" content=\"image\/jpeg\" \/>\n<meta name=\"twitter:card\" content=\"summary_large_image\" \/>\n<meta name=\"twitter:label1\" content=\"Gesch\u00e4tzte Lesezeit\" \/>\n\t<meta name=\"twitter:data1\" content=\"1\u00a0Minute\" \/>\n<script type=\"application\/ld+json\" class=\"yoast-schema-graph\">{\"@context\":\"https:\/\/schema.org\",\"@graph\":[{\"@type\":\"WebPage\",\"@id\":\"https:\/\/www.swissraft.ch\/de\/produkt\/helikopterflug-buttwil-rundflug-a-la-carte\/\",\"url\":\"https:\/\/www.swissraft.ch\/de\/produkt\/helikopterflug-buttwil-rundflug-a-la-carte\/\",\"name\":\"Rundflug \u00e0 la carte ab Buttwil. Stellen Sie Ihre Route\",\"isPartOf\":{\"@id\":\"https:\/\/www.swissraft.ch\/de\/#website\"},\"primaryImageOfPage\":{\"@id\":\"https:\/\/www.swissraft.ch\/de\/produkt\/helikopterflug-buttwil-rundflug-a-la-carte\/#primaryimage\"},\"image\":{\"@id\":\"https:\/\/www.swissraft.ch\/de\/produkt\/helikopterflug-buttwil-rundflug-a-la-carte\/#primaryimage\"},\"thumbnailUrl\":\"https:\/\/www.swissraft.ch\/wp-content\/uploads\/2022\/11\/1-BUTTWIL-Rundfluge-A-la-Carte-30-Minuten-776X776.jpg\",\"datePublished\":\"2022-11-30T21:40:00+00:00\",\"dateModified\":\"2026-04-18T04:11:55+00:00\",\"description\":\"Rundflug \u00e0 la carte ab Buttwil nach Wunsch. Ein Panorama-Rundflug von 25 bis 30 km in der Umgebung der Stadt Buttwil. W\u00e4hlen Sie Ihren Rundflug selbst\",\"breadcrumb\":{\"@id\":\"https:\/\/www.swissraft.ch\/de\/produkt\/helikopterflug-buttwil-rundflug-a-la-carte\/#breadcrumb\"},\"inLanguage\":\"de\",\"potentialAction\":[{\"@type\":\"ReadAction\",\"target\":[\"https:\/\/www.swissraft.ch\/de\/produkt\/helikopterflug-buttwil-rundflug-a-la-carte\/\"]}]},{\"@type\":\"ImageObject\",\"inLanguage\":\"de\",\"@id\":\"https:\/\/www.swissraft.ch\/de\/produkt\/helikopterflug-buttwil-rundflug-a-la-carte\/#primaryimage\",\"url\":\"https:\/\/www.swissraft.ch\/wp-content\/uploads\/2022\/11\/1-BUTTWIL-Rundfluge-A-la-Carte-30-Minuten-776X776.jpg\",\"contentUrl\":\"https:\/\/www.swissraft.ch\/wp-content\/uploads\/2022\/11\/1-BUTTWIL-Rundfluge-A-la-Carte-30-Minuten-776X776.jpg\",\"width\":776,\"height\":776,\"caption\":\"Helikopter Buttwil : \u00c0 la carte\"},{\"@type\":\"BreadcrumbList\",\"@id\":\"https:\/\/www.swissraft.ch\/de\/produkt\/helikopterflug-buttwil-rundflug-a-la-carte\/#breadcrumb\",\"itemListElement\":[{\"@type\":\"ListItem\",\"position\":1,\"name\":\"Accueil\",\"item\":\"https:\/\/www.swissraft.ch\/de\/\"},{\"@type\":\"ListItem\",\"position\":2,\"name\":\"Shop\",\"item\":\"https:\/\/www.swissraft.ch\/de\/shop\/\"},{\"@type\":\"ListItem\",\"position\":3,\"name\":\"Helikopterflug &#8211; Buttwil &#8211; \u00c0 la Carte &#8211; 30 Min. &#8211; Ab CHF 490.00\"}]},{\"@type\":\"WebSite\",\"@id\":\"https:\/\/www.swissraft.ch\/de\/#website\",\"url\":\"https:\/\/www.swissraft.ch\/de\/\",\"name\":\"Swissraft\",\"description\":\"To enjoy nature as it is\",\"publisher\":{\"@id\":\"https:\/\/www.swissraft.ch\/de\/#organization\"},\"potentialAction\":[{\"@type\":\"SearchAction\",\"target\":{\"@type\":\"EntryPoint\",\"urlTemplate\":\"https:\/\/www.swissraft.ch\/de\/?s={search_term_string}\"},\"query-input\":{\"@type\":\"PropertyValueSpecification\",\"valueRequired\":true,\"valueName\":\"search_term_string\"}}],\"inLanguage\":\"de\"},{\"@type\":\"Organization\",\"@id\":\"https:\/\/www.swissraft.ch\/de\/#organization\",\"name\":\"Swissraft\",\"url\":\"https:\/\/www.swissraft.ch\/de\/\",\"logo\":{\"@type\":\"ImageObject\",\"inLanguage\":\"de\",\"@id\":\"https:\/\/www.swissraft.ch\/de\/#\/schema\/logo\/image\/\",\"url\":\"https:\/\/www.swissraft.ch\/wp-content\/uploads\/2025\/09\/Capture.jpg\",\"contentUrl\":\"https:\/\/www.swissraft.ch\/wp-content\/uploads\/2025\/09\/Capture.jpg\",\"width\":293,\"height\":108,\"caption\":\"Swissraft\"},\"image\":{\"@id\":\"https:\/\/www.swissraft.ch\/de\/#\/schema\/logo\/image\/\"}}]}<\/script>\n<!-- \/ Yoast SEO plugin. -->","yoast_head_json":{"title":"Rundflug \u00e0 la carte ab Buttwil. Stellen Sie Ihre Route","description":"Rundflug \u00e0 la carte ab Buttwil nach Wunsch. Ein Panorama-Rundflug von 25 bis 30 km in der Umgebung der Stadt Buttwil. W\u00e4hlen Sie Ihren Rundflug selbst","robots":{"index":"index","follow":"follow","max-snippet":"max-snippet:-1","max-image-preview":"max-image-preview:large","max-video-preview":"max-video-preview:-1"},"canonical":"https:\/\/www.swissraft.ch\/de\/produkt\/helikopterflug-buttwil-rundflug-a-la-carte\/","og_locale":"de_DE","og_type":"article","og_title":"Rundflug \u00e0 la carte ab Buttwil. Stellen Sie Ihre Route","og_description":"Rundflug \u00e0 la carte ab Buttwil nach Wunsch. Ein Panorama-Rundflug von 25 bis 30 km in der Umgebung der Stadt Buttwil. W\u00e4hlen Sie Ihren Rundflug selbst","og_url":"https:\/\/www.swissraft.ch\/de\/produkt\/helikopterflug-buttwil-rundflug-a-la-carte\/","og_site_name":"Swissraft","article_modified_time":"2026-04-18T04:11:55+00:00","og_image":[{"width":776,"height":776,"url":"https:\/\/www.swissraft.ch\/wp-content\/uploads\/2022\/11\/1-BUTTWIL-Rundfluge-A-la-Carte-30-Minuten-776X776.jpg","type":"image\/jpeg"}],"twitter_card":"summary_large_image","twitter_misc":{"Gesch\u00e4tzte Lesezeit":"1\u00a0Minute"},"schema":{"@context":"https:\/\/schema.org","@graph":[{"@type":"WebPage","@id":"https:\/\/www.swissraft.ch\/de\/produkt\/helikopterflug-buttwil-rundflug-a-la-carte\/","url":"https:\/\/www.swissraft.ch\/de\/produkt\/helikopterflug-buttwil-rundflug-a-la-carte\/","name":"Rundflug \u00e0 la carte ab Buttwil. Stellen Sie Ihre Route","isPartOf":{"@id":"https:\/\/www.swissraft.ch\/de\/#website"},"primaryImageOfPage":{"@id":"https:\/\/www.swissraft.ch\/de\/produkt\/helikopterflug-buttwil-rundflug-a-la-carte\/#primaryimage"},"image":{"@id":"https:\/\/www.swissraft.ch\/de\/produkt\/helikopterflug-buttwil-rundflug-a-la-carte\/#primaryimage"},"thumbnailUrl":"https:\/\/www.swissraft.ch\/wp-content\/uploads\/2022\/11\/1-BUTTWIL-Rundfluge-A-la-Carte-30-Minuten-776X776.jpg","datePublished":"2022-11-30T21:40:00+00:00","dateModified":"2026-04-18T04:11:55+00:00","description":"Rundflug \u00e0 la carte ab Buttwil nach Wunsch. Ein Panorama-Rundflug von 25 bis 30 km in der Umgebung der Stadt Buttwil. W\u00e4hlen Sie Ihren Rundflug selbst","breadcrumb":{"@id":"https:\/\/www.swissraft.ch\/de\/produkt\/helikopterflug-buttwil-rundflug-a-la-carte\/#breadcrumb"},"inLanguage":"de","potentialAction":[{"@type":"ReadAction","target":["https:\/\/www.swissraft.ch\/de\/produkt\/helikopterflug-buttwil-rundflug-a-la-carte\/"]}]},{"@type":"ImageObject","inLanguage":"de","@id":"https:\/\/www.swissraft.ch\/de\/produkt\/helikopterflug-buttwil-rundflug-a-la-carte\/#primaryimage","url":"https:\/\/www.swissraft.ch\/wp-content\/uploads\/2022\/11\/1-BUTTWIL-Rundfluge-A-la-Carte-30-Minuten-776X776.jpg","contentUrl":"https:\/\/www.swissraft.ch\/wp-content\/uploads\/2022\/11\/1-BUTTWIL-Rundfluge-A-la-Carte-30-Minuten-776X776.jpg","width":776,"height":776,"caption":"Helikopter Buttwil : \u00c0 la carte"},{"@type":"BreadcrumbList","@id":"https:\/\/www.swissraft.ch\/de\/produkt\/helikopterflug-buttwil-rundflug-a-la-carte\/#breadcrumb","itemListElement":[{"@type":"ListItem","position":1,"name":"Accueil","item":"https:\/\/www.swissraft.ch\/de\/"},{"@type":"ListItem","position":2,"name":"Shop","item":"https:\/\/www.swissraft.ch\/de\/shop\/"},{"@type":"ListItem","position":3,"name":"Helikopterflug &#8211; Buttwil &#8211; \u00c0 la Carte &#8211; 30 Min. &#8211; Ab CHF 490.00"}]},{"@type":"WebSite","@id":"https:\/\/www.swissraft.ch\/de\/#website","url":"https:\/\/www.swissraft.ch\/de\/","name":"Swissraft","description":"To enjoy nature as it is","publisher":{"@id":"https:\/\/www.swissraft.ch\/de\/#organization"},"potentialAction":[{"@type":"SearchAction","target":{"@type":"EntryPoint","urlTemplate":"https:\/\/www.swissraft.ch\/de\/?s={search_term_string}"},"query-input":{"@type":"PropertyValueSpecification","valueRequired":true,"valueName":"search_term_string"}}],"inLanguage":"de"},{"@type":"Organization","@id":"https:\/\/www.swissraft.ch\/de\/#organization","name":"Swissraft","url":"https:\/\/www.swissraft.ch\/de\/","logo":{"@type":"ImageObject","inLanguage":"de","@id":"https:\/\/www.swissraft.ch\/de\/#\/schema\/logo\/image\/","url":"https:\/\/www.swissraft.ch\/wp-content\/uploads\/2025\/09\/Capture.jpg","contentUrl":"https:\/\/www.swissraft.ch\/wp-content\/uploads\/2025\/09\/Capture.jpg","width":293,"height":108,"caption":"Swissraft"},"image":{"@id":"https:\/\/www.swissraft.ch\/de\/#\/schema\/logo\/image\/"}}]}},"_links":{"self":[{"href":"https:\/\/www.swissraft.ch\/de\/wp-json\/wp\/v2\/product\/91945","targetHints":{"allow":["GET"]}}],"collection":[{"href":"https:\/\/www.swissraft.ch\/de\/wp-json\/wp\/v2\/product"}],"about":[{"href":"https:\/\/www.swissraft.ch\/de\/wp-json\/wp\/v2\/types\/product"}],"replies":[{"embeddable":true,"href":"https:\/\/www.swissraft.ch\/de\/wp-json\/wp\/v2\/comments?post=91945"}],"version-history":[{"count":13,"href":"https:\/\/www.swissraft.ch\/de\/wp-json\/wp\/v2\/product\/91945\/revisions"}],"predecessor-version":[{"id":140721,"href":"https:\/\/www.swissraft.ch\/de\/wp-json\/wp\/v2\/product\/91945\/revisions\/140721"}],"wp:featuredmedia":[{"embeddable":true,"href":"https:\/\/www.swissraft.ch\/de\/wp-json\/wp\/v2\/media\/82771"}],"wp:attachment":[{"href":"https:\/\/www.swissraft.ch\/de\/wp-json\/wp\/v2\/media?parent=91945"}],"wp:term":[{"taxonomy":"product_cat","embeddable":true,"href":"https:\/\/www.swissraft.ch\/de\/wp-json\/wp\/v2\/product_cat?post=91945"},{"taxonomy":"product_tag","embeddable":true,"href":"https:\/\/www.swissraft.ch\/de\/wp-json\/wp\/v2\/product_tag?post=91945"}],"curies":[{"name":"wp","href":"https:\/\/api.w.org\/{rel}","templated":true}]}}