{"id":91941,"date":"2022-11-23T22:56:22","date_gmt":"2022-11-23T21:56:22","guid":{"rendered":"https:\/\/swissraft.xyanzkdne.eu\/product\/hubschrauberflug-von-berne-belp-le-cervin-85-min-ab-chf-2990-00\/"},"modified":"2026-04-17T02:25:07","modified_gmt":"2026-04-17T00:25:07","slug":"helikopterflug-bern-belp-rundflug-matterhorn-privatflug","status":"publish","type":"product","link":"https:\/\/www.swissraft.ch\/de\/produkt\/helikopterflug-bern-belp-rundflug-matterhorn-privatflug\/","title":{"rendered":"Helikopterflug &#8211; Bern-Belp &#8211; Das Matterhorn &#8211; 85 Min. &#8211; Ab CHF 3&#8217;160.00"},"content":{"rendered":"\t\t<div data-elementor-type=\"wp-post\" data-elementor-id=\"91941\" class=\"elementor elementor-91941 elementor-29215\">\n\t\t\t\t\t\t\t\t\t<section class=\"elementor-section elementor-top-section elementor-element elementor-element-3303a7e3 elementor-section-boxed elementor-section-height-default elementor-section-height-default\" data-id=\"3303a7e3\" data-element_type=\"section\">\n\t\t\t\t\t\t<div class=\"elementor-container elementor-column-gap-default\">\n\t\t\t\t\t<div class=\"elementor-column elementor-col-100 elementor-top-column elementor-element elementor-element-16d72dbf\" data-id=\"16d72dbf\" data-element_type=\"column\">\n\t\t\t<div class=\"elementor-widget-wrap elementor-element-populated\">\n\t\t\t\t\t\t\t\t<div class=\"elementor-element elementor-element-d743c03 elementor-widget elementor-widget-text-editor\" data-id=\"d743c03\" data-element_type=\"widget\" data-widget_type=\"text-editor.default\">\n\t\t\t\t<div class=\"elementor-widget-container\">\n\t\t\t\t\t\t\t<h2>W\u00c4HLEN SIE UNTEN IHRE AKTIVIT\u00c4T AUS, UM GESCHENKGUTSCHEINE \/ TICKETS ZU VERSCHENKEN ODER ZU BUCHEN<\/h2><table style=\"height: 290px;\" border=\"0\" width=\"580\" cellspacing=\"10\" cellpadding=\"10\"><tbody><tr><td width=\"50%\"><strong>RUNDFLUG &#8211; DAS MATTERHORN &#8211; PRIVATFLUG (1-5 pax) &#8211; 85 Min.<\/strong><\/td><td><span style=\"font-weight: bold; background-color: #ffffff;\">Ab CHF 3&#8217;160.00 pro Privatflug<\/span><\/td><\/tr><tr><td>Zus\u00e4tzliche Informationen<\/td><td>&#8211; Sie haben den Helikopter ausschlie\u00dflich f\u00fcr sich<br \/>&#8211; Sie bestimmen das Datum und die Uhrzeit des Abflugs<br \/>&#8211; Maximum 5 Pers.<br \/><em><strong>&#8211; Verpflegung nicht inbegriffen<\/strong><\/em><\/td><\/tr><tr><td>Flughafen<\/td><td><a href=\"https:\/\/www.google.ch\/maps\/place\/Flugplatzstrasse+9,+3123+Belp\/@46.9110741,7.5014815,384m\/data=!3m1!1e3!4m6!3m5!1s0x478e364abf3cd12d:0x66533198ed658320!8m2!3d46.9109935!4d7.5040993!16s%2Fg%2F11c2cjv1zm?hl=fr&amp;entry=ttu\" target=\"_blank\" rel=\"noopener\">Bern-Belp<\/a><\/td><\/tr><tr><td>Flugzeit<\/td><td>85 Min.<\/td><\/tr><tr><td>Gesamtdauer<\/td><td>ca. 3 Std.<\/td><\/tr><tr><td>Termin<\/td><td>Per Telefon<\/td><\/tr><tr><td><button class=\"elementor-button\" type=\"button\"><a href=\"https:\/\/swissraft.outdoorbooking.ch\/fo\/products\/985?base_id=115&amp;category_id=6&amp;order_type=gift_voucher&amp;lang=de\" target=\"_blank\" rel=\"noopener\">GUTSCHEIN \/ TICKET KAUFEN<\/a><\/button><\/td><td><span style=\"font-weight: bold; background-color: #ffffff;\">CHF 3&#8217;160.00 &#8211; Privatflug (1-4 Pers.)<\/span><\/td><\/tr><tr><td><button class=\"elementor-button\" type=\"button\"><a href=\"https:\/\/swissraft.outdoorbooking.ch:443\/fo\/products\/986?base_id=116&amp;category_id=6&amp;category_id=6&amp;order_type=gift_voucher&amp;lang=de\" target=\"_blank\" rel=\"noopener\">GUTSCHEIN \/ TICKET KAUFEN<\/a><\/button><\/td><td><span style=\"font-weight: bold; background-color: #ffffff;\">CHF 4&#8217;070.00 &#8211; Privatflug (5 Pers.)<\/span><\/td><\/tr><tr><td>\u00a0<\/td><td><strong><em>WICHTIG !<\/em><\/strong><br \/><em>Um zu reservieren, rufen Sie die Nummer an, die sich oben links auf dem Gutschein \/ Ticket befindet.<\/em><\/td><\/tr><\/tbody><\/table>\t\t\t\t\t\t<\/div>\n\t\t\t\t<\/div>\n\t\t\t\t\t<\/div>\n\t\t<\/div>\n\t\t\t\t\t\t\t<\/div>\n\t\t<\/section>\n\t\t\t\t\t\t\t<\/div>\n\t\t","protected":false},"excerpt":{"rendered":"<div align=\"justify\">\n<h2 align=\"justify\">Dieser 85-min\u00fctige Helikopterflug f\u00fchrt Sie zum Matterhorn, dem legend\u00e4ren Bergmassiv in den Schweizer Alpen.<\/h2>\n<h3>Von Bern-Belp aus machen Sie einen langen Flug mit einer Zwischenlandung auf dem Unterrothorn, wo Sie im Restaurant Rothorn oberhalb von Zermatt eine kulinarische Pause einlegen k\u00f6nnen.<\/h3>\n<\/div>\n<div align=\"justify\">\n<p>Hubschrauberflug zum ber\u00fchmtesten aller Berge: das Matterhorn. Nach dem Start in Bern-Belp fliegen Sie in Richtung Riggisberg, Stockhornkette, Adelboden, Wildstrubel, Siders. Dann folgen das Val d&#8216; Anniviers, die Dent Blanche und das Matterhorn, bevor wir uns auf dem Unterrothorn niederlassen. Sie befinden sich oberhalb von Zermatt neben dem Restaurant Rothorn. Nach einer kulinarischen Pause setzen Sie Ihren Flug in Richtung Mattertal, Visp. Anschlie\u00dfend passieren Sie den Petersgrat, Bl\u00fcemlisalp und das Kiental. Zum Abschluss des Fluges fliegen Sie \u00fcber den Thunersee, bevor Sie sich am Flughafen Bern-Belp ausruhen.<\/p>\n<h3>Auf unserer Swissraft-Website finden Sie unter der Rubrik Helikopterflug \u00fcber 150 Helikopterrundfl\u00fcge, die von zahlreichen Heliports und Flugpl\u00e4tzen in der Schweiz aus starten.<\/h3>\n<p id=\"textarea\" style=\"display: none;\">\nIm Wallis vom Flughafen Sitten und den Heliports Gampel und Collombey. Ebenso haben wir Fl\u00fcge vom Heliport Interlaken-Gsteigwiler im Berner Oberland. Aber auch von dem Heliport in Gstaad-Grund und vom Flugplatz Saanen im Saanenland. Auch von den Heliports Lauterbrunnen, Lenk-Simmental und Schattenhalb-Meiringen. Au\u00dferdem fliegen wir vom internationalen Flughafen Z\u00fcrich-Kloten ab. Dar\u00fcber hinaus fliegen wir von Buttwil aus in den Aargau und von Grenchen aus in den Kanton Solothurn. Aber auch im Kanton Luzern vom Heliport Pfaffnau aus. Wir fliegen in den Kanton Uri vom Heliport Erstfeld und in den Kanton Schwyz von K\u00fcssnacht aus. Sowie im Kanton Freiburg in \u00c9pagny im Greyerzerland. Au\u00dferdem haben wir Rundreisen im Kanton Tessin in Locarno-Magadino und Lodrino. Parallel dazu starten wir in Graub\u00fcnden von den Heliports Flims, Tavanasa und Untervaz. Au\u00dferdem fliegen wir im Engadin vom Heliport St. Moritz aus. Moritz im Winter und vom Flugplatz Samedan das ganze Jahr \u00fcber. Auch in Liechtenstein starten wir vom Heliport Balzers und in der Ostschweiz im Kanton Thurgau von Sitterdorf aus.\n<\/p>\n<p><a id=\"seeMore\" onclick=\"toggleSeeMore()\" href=\"javascript:void(0);\">Lesen Sie mehr<\/a><\/p>\n","protected":false},"featured_media":87208,"comment_status":"open","ping_status":"closed","template":"","meta":{"inline_featured_image":false,"_mi_skip_tracking":false},"product_cat":[263,307],"product_tag":[],"class_list":["post-91941","product","type-product","status-publish","has-post-thumbnail","hentry","product_cat-helikopterflug-in-der-schweiz","product_cat-helikopterflug-rundflug-berne-belp"],"yoast_head":"<!-- This site is optimized with the Yoast SEO plugin v23.6 - https:\/\/yoast.com\/wordpress\/plugins\/seo\/ -->\n<title>Rundflug Matterhorn - Privatflug mit dem Helikopter ab Bern-Belp<\/title>\n<meta name=\"description\" content=\"Rundflug Matterhorn - Privatflug mit dem Helikopter ab Bern-Belp f\u00fcr einen 85-min\u00fctigen Flug mit Landung in der N\u00e4he eines Restaurants \u00fcber Zermatt\" \/>\n<meta name=\"robots\" content=\"index, follow, max-snippet:-1, max-image-preview:large, max-video-preview:-1\" \/>\n<link rel=\"canonical\" href=\"https:\/\/www.swissraft.ch\/de\/produkt\/helikopterflug-bern-belp-rundflug-matterhorn-privatflug\/\" \/>\n<meta property=\"og:locale\" content=\"de_DE\" \/>\n<meta property=\"og:type\" content=\"article\" \/>\n<meta property=\"og:title\" content=\"Rundflug Matterhorn - Privatflug mit dem Helikopter ab Bern-Belp\" \/>\n<meta property=\"og:description\" content=\"Rundflug Matterhorn - Privatflug mit dem Helikopter ab Bern-Belp f\u00fcr einen 85-min\u00fctigen Flug mit Landung in der N\u00e4he eines Restaurants \u00fcber Zermatt\" \/>\n<meta property=\"og:url\" content=\"https:\/\/www.swissraft.ch\/de\/produkt\/helikopterflug-bern-belp-rundflug-matterhorn-privatflug\/\" \/>\n<meta property=\"og:site_name\" content=\"Swissraft\" \/>\n<meta property=\"article:modified_time\" content=\"2026-04-17T00:25:07+00:00\" \/>\n<meta property=\"og:image\" content=\"https:\/\/www.swissraft.ch\/wp-content\/uploads\/2022\/11\/20-BERN-BELP-Matterhorn-Alpenrundflug-776x776-2.jpg\" \/>\n\t<meta property=\"og:image:width\" content=\"776\" \/>\n\t<meta property=\"og:image:height\" content=\"776\" \/>\n\t<meta property=\"og:image:type\" content=\"image\/jpeg\" \/>\n<meta name=\"twitter:card\" content=\"summary_large_image\" \/>\n<meta name=\"twitter:label1\" content=\"Gesch\u00e4tzte Lesezeit\" \/>\n\t<meta name=\"twitter:data1\" content=\"1\u00a0Minute\" \/>\n<script type=\"application\/ld+json\" class=\"yoast-schema-graph\">{\"@context\":\"https:\/\/schema.org\",\"@graph\":[{\"@type\":\"WebPage\",\"@id\":\"https:\/\/www.swissraft.ch\/de\/produkt\/helikopterflug-bern-belp-rundflug-matterhorn-privatflug\/\",\"url\":\"https:\/\/www.swissraft.ch\/de\/produkt\/helikopterflug-bern-belp-rundflug-matterhorn-privatflug\/\",\"name\":\"Rundflug Matterhorn - Privatflug mit dem Helikopter ab Bern-Belp\",\"isPartOf\":{\"@id\":\"https:\/\/www.swissraft.ch\/de\/#website\"},\"primaryImageOfPage\":{\"@id\":\"https:\/\/www.swissraft.ch\/de\/produkt\/helikopterflug-bern-belp-rundflug-matterhorn-privatflug\/#primaryimage\"},\"image\":{\"@id\":\"https:\/\/www.swissraft.ch\/de\/produkt\/helikopterflug-bern-belp-rundflug-matterhorn-privatflug\/#primaryimage\"},\"thumbnailUrl\":\"https:\/\/www.swissraft.ch\/wp-content\/uploads\/2022\/11\/20-BERN-BELP-Matterhorn-Alpenrundflug-776x776-2.jpg\",\"datePublished\":\"2022-11-23T21:56:22+00:00\",\"dateModified\":\"2026-04-17T00:25:07+00:00\",\"description\":\"Rundflug Matterhorn - Privatflug mit dem Helikopter ab Bern-Belp f\u00fcr einen 85-min\u00fctigen Flug mit Landung in der N\u00e4he eines Restaurants \u00fcber Zermatt\",\"breadcrumb\":{\"@id\":\"https:\/\/www.swissraft.ch\/de\/produkt\/helikopterflug-bern-belp-rundflug-matterhorn-privatflug\/#breadcrumb\"},\"inLanguage\":\"de\",\"potentialAction\":[{\"@type\":\"ReadAction\",\"target\":[\"https:\/\/www.swissraft.ch\/de\/produkt\/helikopterflug-bern-belp-rundflug-matterhorn-privatflug\/\"]}]},{\"@type\":\"ImageObject\",\"inLanguage\":\"de\",\"@id\":\"https:\/\/www.swissraft.ch\/de\/produkt\/helikopterflug-bern-belp-rundflug-matterhorn-privatflug\/#primaryimage\",\"url\":\"https:\/\/www.swissraft.ch\/wp-content\/uploads\/2022\/11\/20-BERN-BELP-Matterhorn-Alpenrundflug-776x776-2.jpg\",\"contentUrl\":\"https:\/\/www.swissraft.ch\/wp-content\/uploads\/2022\/11\/20-BERN-BELP-Matterhorn-Alpenrundflug-776x776-2.jpg\",\"width\":776,\"height\":776,\"caption\":\"Rundflug Matterhorn - Privatflug\"},{\"@type\":\"BreadcrumbList\",\"@id\":\"https:\/\/www.swissraft.ch\/de\/produkt\/helikopterflug-bern-belp-rundflug-matterhorn-privatflug\/#breadcrumb\",\"itemListElement\":[{\"@type\":\"ListItem\",\"position\":1,\"name\":\"Accueil\",\"item\":\"https:\/\/www.swissraft.ch\/de\/\"},{\"@type\":\"ListItem\",\"position\":2,\"name\":\"Shop\",\"item\":\"https:\/\/www.swissraft.ch\/de\/shop\/\"},{\"@type\":\"ListItem\",\"position\":3,\"name\":\"Helikopterflug &#8211; Bern-Belp &#8211; Das Matterhorn &#8211; 85 Min. &#8211; Ab CHF 3&rsquo;160.00\"}]},{\"@type\":\"WebSite\",\"@id\":\"https:\/\/www.swissraft.ch\/de\/#website\",\"url\":\"https:\/\/www.swissraft.ch\/de\/\",\"name\":\"Swissraft\",\"description\":\"To enjoy nature as it is\",\"publisher\":{\"@id\":\"https:\/\/www.swissraft.ch\/de\/#organization\"},\"potentialAction\":[{\"@type\":\"SearchAction\",\"target\":{\"@type\":\"EntryPoint\",\"urlTemplate\":\"https:\/\/www.swissraft.ch\/de\/?s={search_term_string}\"},\"query-input\":{\"@type\":\"PropertyValueSpecification\",\"valueRequired\":true,\"valueName\":\"search_term_string\"}}],\"inLanguage\":\"de\"},{\"@type\":\"Organization\",\"@id\":\"https:\/\/www.swissraft.ch\/de\/#organization\",\"name\":\"Swissraft\",\"url\":\"https:\/\/www.swissraft.ch\/de\/\",\"logo\":{\"@type\":\"ImageObject\",\"inLanguage\":\"de\",\"@id\":\"https:\/\/www.swissraft.ch\/de\/#\/schema\/logo\/image\/\",\"url\":\"https:\/\/www.swissraft.ch\/wp-content\/uploads\/2025\/09\/Capture.jpg\",\"contentUrl\":\"https:\/\/www.swissraft.ch\/wp-content\/uploads\/2025\/09\/Capture.jpg\",\"width\":293,\"height\":108,\"caption\":\"Swissraft\"},\"image\":{\"@id\":\"https:\/\/www.swissraft.ch\/de\/#\/schema\/logo\/image\/\"}}]}<\/script>\n<!-- \/ Yoast SEO plugin. -->","yoast_head_json":{"title":"Rundflug Matterhorn - Privatflug mit dem Helikopter ab Bern-Belp","description":"Rundflug Matterhorn - Privatflug mit dem Helikopter ab Bern-Belp f\u00fcr einen 85-min\u00fctigen Flug mit Landung in der N\u00e4he eines Restaurants \u00fcber Zermatt","robots":{"index":"index","follow":"follow","max-snippet":"max-snippet:-1","max-image-preview":"max-image-preview:large","max-video-preview":"max-video-preview:-1"},"canonical":"https:\/\/www.swissraft.ch\/de\/produkt\/helikopterflug-bern-belp-rundflug-matterhorn-privatflug\/","og_locale":"de_DE","og_type":"article","og_title":"Rundflug Matterhorn - Privatflug mit dem Helikopter ab Bern-Belp","og_description":"Rundflug Matterhorn - Privatflug mit dem Helikopter ab Bern-Belp f\u00fcr einen 85-min\u00fctigen Flug mit Landung in der N\u00e4he eines Restaurants \u00fcber Zermatt","og_url":"https:\/\/www.swissraft.ch\/de\/produkt\/helikopterflug-bern-belp-rundflug-matterhorn-privatflug\/","og_site_name":"Swissraft","article_modified_time":"2026-04-17T00:25:07+00:00","og_image":[{"width":776,"height":776,"url":"https:\/\/www.swissraft.ch\/wp-content\/uploads\/2022\/11\/20-BERN-BELP-Matterhorn-Alpenrundflug-776x776-2.jpg","type":"image\/jpeg"}],"twitter_card":"summary_large_image","twitter_misc":{"Gesch\u00e4tzte Lesezeit":"1\u00a0Minute"},"schema":{"@context":"https:\/\/schema.org","@graph":[{"@type":"WebPage","@id":"https:\/\/www.swissraft.ch\/de\/produkt\/helikopterflug-bern-belp-rundflug-matterhorn-privatflug\/","url":"https:\/\/www.swissraft.ch\/de\/produkt\/helikopterflug-bern-belp-rundflug-matterhorn-privatflug\/","name":"Rundflug Matterhorn - Privatflug mit dem Helikopter ab Bern-Belp","isPartOf":{"@id":"https:\/\/www.swissraft.ch\/de\/#website"},"primaryImageOfPage":{"@id":"https:\/\/www.swissraft.ch\/de\/produkt\/helikopterflug-bern-belp-rundflug-matterhorn-privatflug\/#primaryimage"},"image":{"@id":"https:\/\/www.swissraft.ch\/de\/produkt\/helikopterflug-bern-belp-rundflug-matterhorn-privatflug\/#primaryimage"},"thumbnailUrl":"https:\/\/www.swissraft.ch\/wp-content\/uploads\/2022\/11\/20-BERN-BELP-Matterhorn-Alpenrundflug-776x776-2.jpg","datePublished":"2022-11-23T21:56:22+00:00","dateModified":"2026-04-17T00:25:07+00:00","description":"Rundflug Matterhorn - Privatflug mit dem Helikopter ab Bern-Belp f\u00fcr einen 85-min\u00fctigen Flug mit Landung in der N\u00e4he eines Restaurants \u00fcber Zermatt","breadcrumb":{"@id":"https:\/\/www.swissraft.ch\/de\/produkt\/helikopterflug-bern-belp-rundflug-matterhorn-privatflug\/#breadcrumb"},"inLanguage":"de","potentialAction":[{"@type":"ReadAction","target":["https:\/\/www.swissraft.ch\/de\/produkt\/helikopterflug-bern-belp-rundflug-matterhorn-privatflug\/"]}]},{"@type":"ImageObject","inLanguage":"de","@id":"https:\/\/www.swissraft.ch\/de\/produkt\/helikopterflug-bern-belp-rundflug-matterhorn-privatflug\/#primaryimage","url":"https:\/\/www.swissraft.ch\/wp-content\/uploads\/2022\/11\/20-BERN-BELP-Matterhorn-Alpenrundflug-776x776-2.jpg","contentUrl":"https:\/\/www.swissraft.ch\/wp-content\/uploads\/2022\/11\/20-BERN-BELP-Matterhorn-Alpenrundflug-776x776-2.jpg","width":776,"height":776,"caption":"Rundflug Matterhorn - Privatflug"},{"@type":"BreadcrumbList","@id":"https:\/\/www.swissraft.ch\/de\/produkt\/helikopterflug-bern-belp-rundflug-matterhorn-privatflug\/#breadcrumb","itemListElement":[{"@type":"ListItem","position":1,"name":"Accueil","item":"https:\/\/www.swissraft.ch\/de\/"},{"@type":"ListItem","position":2,"name":"Shop","item":"https:\/\/www.swissraft.ch\/de\/shop\/"},{"@type":"ListItem","position":3,"name":"Helikopterflug &#8211; Bern-Belp &#8211; Das Matterhorn &#8211; 85 Min. &#8211; Ab CHF 3&rsquo;160.00"}]},{"@type":"WebSite","@id":"https:\/\/www.swissraft.ch\/de\/#website","url":"https:\/\/www.swissraft.ch\/de\/","name":"Swissraft","description":"To enjoy nature as it is","publisher":{"@id":"https:\/\/www.swissraft.ch\/de\/#organization"},"potentialAction":[{"@type":"SearchAction","target":{"@type":"EntryPoint","urlTemplate":"https:\/\/www.swissraft.ch\/de\/?s={search_term_string}"},"query-input":{"@type":"PropertyValueSpecification","valueRequired":true,"valueName":"search_term_string"}}],"inLanguage":"de"},{"@type":"Organization","@id":"https:\/\/www.swissraft.ch\/de\/#organization","name":"Swissraft","url":"https:\/\/www.swissraft.ch\/de\/","logo":{"@type":"ImageObject","inLanguage":"de","@id":"https:\/\/www.swissraft.ch\/de\/#\/schema\/logo\/image\/","url":"https:\/\/www.swissraft.ch\/wp-content\/uploads\/2025\/09\/Capture.jpg","contentUrl":"https:\/\/www.swissraft.ch\/wp-content\/uploads\/2025\/09\/Capture.jpg","width":293,"height":108,"caption":"Swissraft"},"image":{"@id":"https:\/\/www.swissraft.ch\/de\/#\/schema\/logo\/image\/"}}]}},"_links":{"self":[{"href":"https:\/\/www.swissraft.ch\/de\/wp-json\/wp\/v2\/product\/91941","targetHints":{"allow":["GET"]}}],"collection":[{"href":"https:\/\/www.swissraft.ch\/de\/wp-json\/wp\/v2\/product"}],"about":[{"href":"https:\/\/www.swissraft.ch\/de\/wp-json\/wp\/v2\/types\/product"}],"replies":[{"embeddable":true,"href":"https:\/\/www.swissraft.ch\/de\/wp-json\/wp\/v2\/comments?post=91941"}],"version-history":[{"count":31,"href":"https:\/\/www.swissraft.ch\/de\/wp-json\/wp\/v2\/product\/91941\/revisions"}],"predecessor-version":[{"id":140473,"href":"https:\/\/www.swissraft.ch\/de\/wp-json\/wp\/v2\/product\/91941\/revisions\/140473"}],"wp:featuredmedia":[{"embeddable":true,"href":"https:\/\/www.swissraft.ch\/de\/wp-json\/wp\/v2\/media\/87208"}],"wp:attachment":[{"href":"https:\/\/www.swissraft.ch\/de\/wp-json\/wp\/v2\/media?parent=91941"}],"wp:term":[{"taxonomy":"product_cat","embeddable":true,"href":"https:\/\/www.swissraft.ch\/de\/wp-json\/wp\/v2\/product_cat?post=91941"},{"taxonomy":"product_tag","embeddable":true,"href":"https:\/\/www.swissraft.ch\/de\/wp-json\/wp\/v2\/product_tag?post=91941"}],"curies":[{"name":"wp","href":"https:\/\/api.w.org\/{rel}","templated":true}]}}