{"id":91937,"date":"2022-11-23T22:43:56","date_gmt":"2022-11-23T21:43:56","guid":{"rendered":"https:\/\/swissraft.xyanzkdne.eu\/product\/helikopterflug-von-berne-belp-berner-und-walliser-alpen-85-min-chf-710-00\/"},"modified":"2025-10-14T18:40:43","modified_gmt":"2025-10-14T16:40:43","slug":"helikopterflug-bern-belp-berner-und-walliser-alpen","status":"publish","type":"product","link":"https:\/\/www.swissraft.ch\/de\/produkt\/helikopterflug-bern-belp-berner-und-walliser-alpen\/","title":{"rendered":"Helikopterflug von BERN-BELP &#8211; BERNER UND WALLISER ALPEN &#8211; 85 Min. &#8211; CHF 760.00"},"content":{"rendered":"\t\t<div data-elementor-type=\"wp-post\" data-elementor-id=\"91937\" class=\"elementor elementor-91937 elementor-29209\">\n\t\t\t\t\t\t\t\t\t<section class=\"elementor-section elementor-top-section elementor-element elementor-element-3303a7e3 elementor-section-boxed elementor-section-height-default elementor-section-height-default\" data-id=\"3303a7e3\" data-element_type=\"section\">\n\t\t\t\t\t\t<div class=\"elementor-container elementor-column-gap-default\">\n\t\t\t\t\t<div class=\"elementor-column elementor-col-100 elementor-top-column elementor-element elementor-element-16d72dbf\" data-id=\"16d72dbf\" data-element_type=\"column\">\n\t\t\t<div class=\"elementor-widget-wrap elementor-element-populated\">\n\t\t\t\t\t\t\t\t<div class=\"elementor-element elementor-element-d743c03 elementor-widget elementor-widget-text-editor\" data-id=\"d743c03\" data-element_type=\"widget\" data-widget_type=\"text-editor.default\">\n\t\t\t\t<div class=\"elementor-widget-container\">\n\t\t\t\t\t\t\t<h2>W\u00c4HLEN SIE UNTEN IHRE AKTIVIT\u00c4T AUS, UM GESCHENKGUTSCHEINE \/ TICKETS ZU VERSCHENKEN ODER ZU BUCHEN.<\/h2><table style=\"height: 290px;\" border=\"0\" width=\"580\" cellspacing=\"10\" cellpadding=\"10\"><tbody><tr><td width=\"50%\"><strong>BERNER UND WALLISER ALPEN + Aperitif &#8211; 85 Min.<\/strong><\/td><td><strong>CHF 760.00 pro Person<\/strong><\/td><\/tr><tr><td>Weitere Informationen<\/td><td>&#8211; Sie werden mit anderen Passagieren zusammen sein<br \/>&#8211; Sie werden haupts\u00e4chlich am Sonntag fliegen<br \/>&#8211; Nehmen Sie gute Wanderschuhe und warme Kleidung mit<br \/>&#8211; Maximal 4 Pers.<br \/><em><strong>&#8211; Kostenloser Aperitif<\/strong><\/em><\/td><\/tr><tr><td>Flughafen<\/td><td><a href=\"https:\/\/www.google.ch\/maps\/place\/Heliswiss,+Muristrasse+114,+3123+Belp,+Suisse\/@46.9057885,7.4958155,321m\/data=!3m1!1e3!4m6!3m5!1s0x478e37cb85b7030b:0x76ad571a8664265a!8m2!3d46.9058939!4d7.4980748!16s%2Fg%2F11b8t9rf23?hl=fr&amp;entry=ttu&amp;g_ep=EgoyMDI1MDYxMS4wIKXMDSoASAFQAw%3D%3D\" target=\"_blank\" rel=\"noopener\">Bern-Belp<\/a><\/td><\/tr><tr><td>Flugzeit<\/td><td>85 Min.<\/td><\/tr><tr><td>Gesamtdauer<\/td><td>ca. 3 Std.<\/td><\/tr><tr><td>Terminvereinbarung<\/td><td>Per Telefon<\/td><\/tr><tr><td><button class=\"elementor-button\" type=\"button\"><a href=\"https:\/\/swissraft.outdoorbooking.ch\/fo\/products\/1828?base_id=9&amp;category_id=6&amp;order_type=gift_voucher&amp;lang=de\" target=\"_blank\" rel=\"noopener\">GUTSCHEIN KAUFEN<\/a><\/button><\/td><td><strong><em>WICHTIG !<\/em><\/strong><br \/><em>Nach Erhalt Ihres Tickets\/Gutscheins rufen Sie bitte die oben links angegebene Nummer an, um zu reservieren.<\/em><\/td><\/tr><\/tbody><\/table>\t\t\t\t\t\t<\/div>\n\t\t\t\t<\/div>\n\t\t\t\t\t<\/div>\n\t\t<\/div>\n\t\t\t\t\t\t\t<\/div>\n\t\t<\/section>\n\t\t\t\t\t\t\t<\/div>\n\t\t","protected":false},"excerpt":{"rendered":"<div align=\"justify\">\n<h2 align=\"justify\">Ein 85-min\u00fctiger Helikopterflug \u00fcber die Berner und Walliser Alpen.<\/h2>\n<h3>Von Bern-Belp aus starten Sie zu einem unvergesslichen Panoramaflug und einer Zwischenlandung auf \u00fcber 3000 m H\u00f6he.<\/h3>\n<\/div>\n<div align=\"justify\">\n<p>Von Bern-Belp aus fliegen Sie ins Berner Oberland, wo Sie die Nordwand des Eigers bewundern k\u00f6nnen. Danach fliegen Sie \u00fcber den Aletschgletscher und steigen das Saastal hinauf. Die bekannten Viertausender ziehen an Ihnen vorbei, wie das Mischabelmassiv, der Allalinhorngletscher. Aber auch die Dufourspitze und der Monte Rosa. Nachdem Sie den Gipfel des Alphubel \u00fcberquert haben, genie\u00dfen Sie den Blick auf das Matterhorn. Sie werden diesen mythischen Berg in seiner ganzen imposanten Gr\u00f6\u00dfe und Pracht erleben. Auf dem R\u00fcckflug machen Sie eine Zwischenlandung auf dem Petersgrat- oder Kanderous-Gletscher, je nach Schneeverh\u00e4ltnissen. Swissraft serviert Ihnen einen Aperitif, bevor sie wieder abhebt und Sie zum Flughafen Bern-Belp fliegt.<\/p>\n<h3>Swissraft bietet weitere Flugziele von verschiedenen Heliports und Flugpl\u00e4tzen in der Schweiz an.<\/h3>\n<p id=\"textarea\" style=\"display: none;\">\nWir bieten Rundfl\u00fcge von den Heliports Collombey und Gampel sowie vom Flughafen Sion im Wallis an. Wir starten auch vom Hubschrauberlandeplatz Interlaken-Gsteigwiler im Berner Oberland. Ebenso vom Hubschrauberlandeplatz Gstaad-Grund und vom Flugplatz Saanen im Saanenland. Ebenso haben wir Rundfl\u00fcge von den Heliports Lauterbrunnen, Lenk-Simmental und Schattenhalb-Meiringen im Berner Oberland. Dar\u00fcber hinaus starten wir vom internationalen Flughafen Z\u00fcrich-Kloten zu Hubschrauberrundfl\u00fcgen. Einerseits fliegen wir von Buttwil in den Aargau und von Grenchen in den Kanton Solothurn. Andererseits bieten wir Fl\u00fcge im Kanton Luzern vom Heliport Pfaffnau aus an. Aber auch Fl\u00fcge von Erstfeld im Kanton Uri und von K\u00fcssnacht im Kanton Schwyz. Au\u00dferdem starten wir vom Flugplatz \u00c9pagny im Kanton Freiburg. Au\u00dferdem bieten wir Hubschrauberfl\u00fcge ins Tessin von den Flugpl\u00e4tzen Locarno und Lodrino aus an. Weiterhin bieten wir Fl\u00fcge von den Heliports Flims, Tavanasa und Untervaz in Graub\u00fcnden an. Im Engadin bieten wir Hubschrauberfl\u00fcge ab dem Flugplatz Samedan an. Au\u00dferdem bieten wir in Liechtenstein Fl\u00fcge vom Heliport Balzers und im Thurgau vom Flugplatz Sitterdorf aus an.\n<\/p>\n<p><a id=\"seeMore\" onclick=\"toggleSeeMore()\" href=\"javascript:void(0);\">Lesen Sie mehr<\/a><\/p>\n","protected":false},"featured_media":85630,"comment_status":"open","ping_status":"closed","template":"","meta":{"inline_featured_image":false,"_mi_skip_tracking":false},"product_cat":[263,307],"product_tag":[],"class_list":["post-91937","product","type-product","status-publish","has-post-thumbnail","hentry","product_cat-helikopterflug-in-der-schweiz","product_cat-helikopterrundflug-berne-belp"],"yoast_head":"<!-- This site is optimized with the Yoast SEO plugin v23.6 - https:\/\/yoast.com\/wordpress\/plugins\/seo\/ -->\n<title>Die Berner und Walliser Alpen aus dem Helikopter. Ein sch\u00f6ner Rundflug<\/title>\n<meta name=\"description\" content=\"Die Berner und Walliser Alpen aus dem Helikopter. Dieser 85-min\u00fctige Flug mit einer Landung auf einem Gletscher und einem anschlie\u00dfenden Aperitif wird Ihnen in Erinnerung bleiben.\" \/>\n<meta name=\"robots\" content=\"index, follow, max-snippet:-1, max-image-preview:large, max-video-preview:-1\" \/>\n<link rel=\"canonical\" href=\"https:\/\/www.swissraft.ch\/de\/produkt\/helikopterflug-bern-belp-berner-und-walliser-alpen\/\" \/>\n<meta property=\"og:locale\" content=\"de_DE\" \/>\n<meta property=\"og:type\" content=\"article\" \/>\n<meta property=\"og:title\" content=\"Die Berner und Walliser Alpen aus dem Helikopter. Ein sch\u00f6ner Rundflug\" \/>\n<meta property=\"og:description\" content=\"Die Berner und Walliser Alpen aus dem Helikopter. Dieser 85-min\u00fctige Flug mit einer Landung auf einem Gletscher und einem anschlie\u00dfenden Aperitif wird Ihnen in Erinnerung bleiben.\" \/>\n<meta property=\"og:url\" content=\"https:\/\/www.swissraft.ch\/de\/produkt\/helikopterflug-bern-belp-berner-und-walliser-alpen\/\" \/>\n<meta property=\"og:site_name\" content=\"Swissraft\" \/>\n<meta property=\"article:modified_time\" content=\"2025-10-14T16:40:43+00:00\" \/>\n<meta property=\"og:image\" content=\"https:\/\/www.swissraft.ch\/wp-content\/uploads\/2022\/11\/19-BERN-BELP-Berner-und-Walliser-Alpen-776x776-2.jpg\" \/>\n\t<meta property=\"og:image:width\" content=\"776\" \/>\n\t<meta property=\"og:image:height\" content=\"776\" \/>\n\t<meta property=\"og:image:type\" content=\"image\/jpeg\" \/>\n<meta name=\"twitter:card\" content=\"summary_large_image\" \/>\n<meta name=\"twitter:label1\" content=\"Gesch\u00e4tzte Lesezeit\" \/>\n\t<meta name=\"twitter:data1\" content=\"1\u00a0Minute\" \/>\n<script type=\"application\/ld+json\" class=\"yoast-schema-graph\">{\"@context\":\"https:\/\/schema.org\",\"@graph\":[{\"@type\":\"WebPage\",\"@id\":\"https:\/\/www.swissraft.ch\/de\/produkt\/helikopterflug-bern-belp-berner-und-walliser-alpen\/\",\"url\":\"https:\/\/www.swissraft.ch\/de\/produkt\/helikopterflug-bern-belp-berner-und-walliser-alpen\/\",\"name\":\"Die Berner und Walliser Alpen aus dem Helikopter. Ein sch\u00f6ner Rundflug\",\"isPartOf\":{\"@id\":\"https:\/\/www.swissraft.ch\/de\/#website\"},\"primaryImageOfPage\":{\"@id\":\"https:\/\/www.swissraft.ch\/de\/produkt\/helikopterflug-bern-belp-berner-und-walliser-alpen\/#primaryimage\"},\"image\":{\"@id\":\"https:\/\/www.swissraft.ch\/de\/produkt\/helikopterflug-bern-belp-berner-und-walliser-alpen\/#primaryimage\"},\"thumbnailUrl\":\"https:\/\/www.swissraft.ch\/wp-content\/uploads\/2022\/11\/19-BERN-BELP-Berner-und-Walliser-Alpen-776x776-2.jpg\",\"datePublished\":\"2022-11-23T21:43:56+00:00\",\"dateModified\":\"2025-10-14T16:40:43+00:00\",\"description\":\"Die Berner und Walliser Alpen aus dem Helikopter. Dieser 85-min\u00fctige Flug mit einer Landung auf einem Gletscher und einem anschlie\u00dfenden Aperitif wird Ihnen in Erinnerung bleiben.\",\"breadcrumb\":{\"@id\":\"https:\/\/www.swissraft.ch\/de\/produkt\/helikopterflug-bern-belp-berner-und-walliser-alpen\/#breadcrumb\"},\"inLanguage\":\"de\",\"potentialAction\":[{\"@type\":\"ReadAction\",\"target\":[\"https:\/\/www.swissraft.ch\/de\/produkt\/helikopterflug-bern-belp-berner-und-walliser-alpen\/\"]}]},{\"@type\":\"ImageObject\",\"inLanguage\":\"de\",\"@id\":\"https:\/\/www.swissraft.ch\/de\/produkt\/helikopterflug-bern-belp-berner-und-walliser-alpen\/#primaryimage\",\"url\":\"https:\/\/www.swissraft.ch\/wp-content\/uploads\/2022\/11\/19-BERN-BELP-Berner-und-Walliser-Alpen-776x776-2.jpg\",\"contentUrl\":\"https:\/\/www.swissraft.ch\/wp-content\/uploads\/2022\/11\/19-BERN-BELP-Berner-und-Walliser-Alpen-776x776-2.jpg\",\"width\":776,\"height\":776,\"caption\":\"Flug \u00fcber die Berner und Walliser Alpen\"},{\"@type\":\"BreadcrumbList\",\"@id\":\"https:\/\/www.swissraft.ch\/de\/produkt\/helikopterflug-bern-belp-berner-und-walliser-alpen\/#breadcrumb\",\"itemListElement\":[{\"@type\":\"ListItem\",\"position\":1,\"name\":\"Accueil\",\"item\":\"https:\/\/www.swissraft.ch\/de\/\"},{\"@type\":\"ListItem\",\"position\":2,\"name\":\"Shop\",\"item\":\"https:\/\/www.swissraft.ch\/de\/shop\/\"},{\"@type\":\"ListItem\",\"position\":3,\"name\":\"Helikopterflug von BERN-BELP &#8211; BERNER UND WALLISER ALPEN &#8211; 85 Min. &#8211; CHF 760.00\"}]},{\"@type\":\"WebSite\",\"@id\":\"https:\/\/www.swissraft.ch\/de\/#website\",\"url\":\"https:\/\/www.swissraft.ch\/de\/\",\"name\":\"Swissraft\",\"description\":\"To enjoy nature as it is\",\"publisher\":{\"@id\":\"https:\/\/www.swissraft.ch\/de\/#organization\"},\"potentialAction\":[{\"@type\":\"SearchAction\",\"target\":{\"@type\":\"EntryPoint\",\"urlTemplate\":\"https:\/\/www.swissraft.ch\/de\/?s={search_term_string}\"},\"query-input\":{\"@type\":\"PropertyValueSpecification\",\"valueRequired\":true,\"valueName\":\"search_term_string\"}}],\"inLanguage\":\"de\"},{\"@type\":\"Organization\",\"@id\":\"https:\/\/www.swissraft.ch\/de\/#organization\",\"name\":\"Swissraft\",\"url\":\"https:\/\/www.swissraft.ch\/de\/\",\"logo\":{\"@type\":\"ImageObject\",\"inLanguage\":\"de\",\"@id\":\"https:\/\/www.swissraft.ch\/de\/#\/schema\/logo\/image\/\",\"url\":\"https:\/\/www.swissraft.ch\/wp-content\/uploads\/2025\/09\/Capture.jpg\",\"contentUrl\":\"https:\/\/www.swissraft.ch\/wp-content\/uploads\/2025\/09\/Capture.jpg\",\"width\":293,\"height\":108,\"caption\":\"Swissraft\"},\"image\":{\"@id\":\"https:\/\/www.swissraft.ch\/de\/#\/schema\/logo\/image\/\"}}]}<\/script>\n<!-- \/ Yoast SEO plugin. -->","yoast_head_json":{"title":"Die Berner und Walliser Alpen aus dem Helikopter. Ein sch\u00f6ner Rundflug","description":"Die Berner und Walliser Alpen aus dem Helikopter. Dieser 85-min\u00fctige Flug mit einer Landung auf einem Gletscher und einem anschlie\u00dfenden Aperitif wird Ihnen in Erinnerung bleiben.","robots":{"index":"index","follow":"follow","max-snippet":"max-snippet:-1","max-image-preview":"max-image-preview:large","max-video-preview":"max-video-preview:-1"},"canonical":"https:\/\/www.swissraft.ch\/de\/produkt\/helikopterflug-bern-belp-berner-und-walliser-alpen\/","og_locale":"de_DE","og_type":"article","og_title":"Die Berner und Walliser Alpen aus dem Helikopter. Ein sch\u00f6ner Rundflug","og_description":"Die Berner und Walliser Alpen aus dem Helikopter. Dieser 85-min\u00fctige Flug mit einer Landung auf einem Gletscher und einem anschlie\u00dfenden Aperitif wird Ihnen in Erinnerung bleiben.","og_url":"https:\/\/www.swissraft.ch\/de\/produkt\/helikopterflug-bern-belp-berner-und-walliser-alpen\/","og_site_name":"Swissraft","article_modified_time":"2025-10-14T16:40:43+00:00","og_image":[{"width":776,"height":776,"url":"https:\/\/www.swissraft.ch\/wp-content\/uploads\/2022\/11\/19-BERN-BELP-Berner-und-Walliser-Alpen-776x776-2.jpg","type":"image\/jpeg"}],"twitter_card":"summary_large_image","twitter_misc":{"Gesch\u00e4tzte Lesezeit":"1\u00a0Minute"},"schema":{"@context":"https:\/\/schema.org","@graph":[{"@type":"WebPage","@id":"https:\/\/www.swissraft.ch\/de\/produkt\/helikopterflug-bern-belp-berner-und-walliser-alpen\/","url":"https:\/\/www.swissraft.ch\/de\/produkt\/helikopterflug-bern-belp-berner-und-walliser-alpen\/","name":"Die Berner und Walliser Alpen aus dem Helikopter. Ein sch\u00f6ner Rundflug","isPartOf":{"@id":"https:\/\/www.swissraft.ch\/de\/#website"},"primaryImageOfPage":{"@id":"https:\/\/www.swissraft.ch\/de\/produkt\/helikopterflug-bern-belp-berner-und-walliser-alpen\/#primaryimage"},"image":{"@id":"https:\/\/www.swissraft.ch\/de\/produkt\/helikopterflug-bern-belp-berner-und-walliser-alpen\/#primaryimage"},"thumbnailUrl":"https:\/\/www.swissraft.ch\/wp-content\/uploads\/2022\/11\/19-BERN-BELP-Berner-und-Walliser-Alpen-776x776-2.jpg","datePublished":"2022-11-23T21:43:56+00:00","dateModified":"2025-10-14T16:40:43+00:00","description":"Die Berner und Walliser Alpen aus dem Helikopter. Dieser 85-min\u00fctige Flug mit einer Landung auf einem Gletscher und einem anschlie\u00dfenden Aperitif wird Ihnen in Erinnerung bleiben.","breadcrumb":{"@id":"https:\/\/www.swissraft.ch\/de\/produkt\/helikopterflug-bern-belp-berner-und-walliser-alpen\/#breadcrumb"},"inLanguage":"de","potentialAction":[{"@type":"ReadAction","target":["https:\/\/www.swissraft.ch\/de\/produkt\/helikopterflug-bern-belp-berner-und-walliser-alpen\/"]}]},{"@type":"ImageObject","inLanguage":"de","@id":"https:\/\/www.swissraft.ch\/de\/produkt\/helikopterflug-bern-belp-berner-und-walliser-alpen\/#primaryimage","url":"https:\/\/www.swissraft.ch\/wp-content\/uploads\/2022\/11\/19-BERN-BELP-Berner-und-Walliser-Alpen-776x776-2.jpg","contentUrl":"https:\/\/www.swissraft.ch\/wp-content\/uploads\/2022\/11\/19-BERN-BELP-Berner-und-Walliser-Alpen-776x776-2.jpg","width":776,"height":776,"caption":"Flug \u00fcber die Berner und Walliser Alpen"},{"@type":"BreadcrumbList","@id":"https:\/\/www.swissraft.ch\/de\/produkt\/helikopterflug-bern-belp-berner-und-walliser-alpen\/#breadcrumb","itemListElement":[{"@type":"ListItem","position":1,"name":"Accueil","item":"https:\/\/www.swissraft.ch\/de\/"},{"@type":"ListItem","position":2,"name":"Shop","item":"https:\/\/www.swissraft.ch\/de\/shop\/"},{"@type":"ListItem","position":3,"name":"Helikopterflug von BERN-BELP &#8211; BERNER UND WALLISER ALPEN &#8211; 85 Min. &#8211; CHF 760.00"}]},{"@type":"WebSite","@id":"https:\/\/www.swissraft.ch\/de\/#website","url":"https:\/\/www.swissraft.ch\/de\/","name":"Swissraft","description":"To enjoy nature as it is","publisher":{"@id":"https:\/\/www.swissraft.ch\/de\/#organization"},"potentialAction":[{"@type":"SearchAction","target":{"@type":"EntryPoint","urlTemplate":"https:\/\/www.swissraft.ch\/de\/?s={search_term_string}"},"query-input":{"@type":"PropertyValueSpecification","valueRequired":true,"valueName":"search_term_string"}}],"inLanguage":"de"},{"@type":"Organization","@id":"https:\/\/www.swissraft.ch\/de\/#organization","name":"Swissraft","url":"https:\/\/www.swissraft.ch\/de\/","logo":{"@type":"ImageObject","inLanguage":"de","@id":"https:\/\/www.swissraft.ch\/de\/#\/schema\/logo\/image\/","url":"https:\/\/www.swissraft.ch\/wp-content\/uploads\/2025\/09\/Capture.jpg","contentUrl":"https:\/\/www.swissraft.ch\/wp-content\/uploads\/2025\/09\/Capture.jpg","width":293,"height":108,"caption":"Swissraft"},"image":{"@id":"https:\/\/www.swissraft.ch\/de\/#\/schema\/logo\/image\/"}}]}},"_links":{"self":[{"href":"https:\/\/www.swissraft.ch\/de\/wp-json\/wp\/v2\/product\/91937","targetHints":{"allow":["GET"]}}],"collection":[{"href":"https:\/\/www.swissraft.ch\/de\/wp-json\/wp\/v2\/product"}],"about":[{"href":"https:\/\/www.swissraft.ch\/de\/wp-json\/wp\/v2\/types\/product"}],"replies":[{"embeddable":true,"href":"https:\/\/www.swissraft.ch\/de\/wp-json\/wp\/v2\/comments?post=91937"}],"version-history":[{"count":17,"href":"https:\/\/www.swissraft.ch\/de\/wp-json\/wp\/v2\/product\/91937\/revisions"}],"predecessor-version":[{"id":123001,"href":"https:\/\/www.swissraft.ch\/de\/wp-json\/wp\/v2\/product\/91937\/revisions\/123001"}],"wp:featuredmedia":[{"embeddable":true,"href":"https:\/\/www.swissraft.ch\/de\/wp-json\/wp\/v2\/media\/85630"}],"wp:attachment":[{"href":"https:\/\/www.swissraft.ch\/de\/wp-json\/wp\/v2\/media?parent=91937"}],"wp:term":[{"taxonomy":"product_cat","embeddable":true,"href":"https:\/\/www.swissraft.ch\/de\/wp-json\/wp\/v2\/product_cat?post=91937"},{"taxonomy":"product_tag","embeddable":true,"href":"https:\/\/www.swissraft.ch\/de\/wp-json\/wp\/v2\/product_tag?post=91937"}],"curies":[{"name":"wp","href":"https:\/\/api.w.org\/{rel}","templated":true}]}}