{"id":91934,"date":"2022-11-23T22:29:46","date_gmt":"2022-11-23T21:29:46","guid":{"rendered":"https:\/\/swissraft.xyanzkdne.eu\/product\/hubschrauberflug-von-berne-belp-pilatus-und-villa-honegg-65-min-ab-chf-1940-00\/"},"modified":"2026-04-17T00:55:50","modified_gmt":"2026-04-16T22:55:50","slug":"helikopterflug-bern-belp-rundflug-pilatus-und-villa-honegg","status":"publish","type":"product","link":"https:\/\/www.swissraft.ch\/de\/produkt\/helikopterflug-bern-belp-rundflug-pilatus-und-villa-honegg\/","title":{"rendered":"Helikopterflug &#8211; Bern-Belp &#8211; Pilatus und Villa Honegg &#8211; 65 Min. &#8211; Ab CHF 1&#8217;975.00"},"content":{"rendered":"\t\t<div data-elementor-type=\"wp-post\" data-elementor-id=\"91934\" class=\"elementor elementor-91934 elementor-29203\">\n\t\t\t\t\t\t\t\t\t<section class=\"elementor-section elementor-top-section elementor-element elementor-element-3303a7e3 elementor-section-boxed elementor-section-height-default elementor-section-height-default\" data-id=\"3303a7e3\" data-element_type=\"section\">\n\t\t\t\t\t\t<div class=\"elementor-container elementor-column-gap-default\">\n\t\t\t\t\t<div class=\"elementor-column elementor-col-100 elementor-top-column elementor-element elementor-element-16d72dbf\" data-id=\"16d72dbf\" data-element_type=\"column\">\n\t\t\t<div class=\"elementor-widget-wrap elementor-element-populated\">\n\t\t\t\t\t\t\t\t<div class=\"elementor-element elementor-element-d743c03 elementor-widget elementor-widget-text-editor\" data-id=\"d743c03\" data-element_type=\"widget\" data-widget_type=\"text-editor.default\">\n\t\t\t\t<div class=\"elementor-widget-container\">\n\t\t\t\t\t\t\t<h2>W\u00c4HLEN SIE UNTEN IHRE AKTIVIT\u00c4T AUS, UM GESCHENKGUTSCHEINE \/ TICKETS ZU VERSCHENKEN ODER ZU BUCHEN\u00a0<\/h2><table style=\"height: 290px;\" border=\"0\" width=\"580\" cellspacing=\"10\" cellpadding=\"10\"><tbody><tr><td width=\"50%\"><strong>RUNDFLUG &#8211; PILATUS UND VILLA HONEGG &#8211; PRIVATFLUG (1-5 pax) &#8211; 65 Min.<\/strong><\/td><td><strong>Ab CHF 1&#8217;975.00 pro Privatflug<\/strong><\/td><\/tr><tr><td>Zus\u00e4tzliche Informationen<\/td><td>&#8211; Sie haben den Helikopter ausschlie\u00dflich f\u00fcr sich<br \/>&#8211; Sie bestimmen das Datum und die Uhrzeit des Abflugs<br \/>&#8211; Maximal 5 Pers.<br \/><em><strong>&#8211; Verpflegung nicht inbegriffen<\/strong><\/em><\/td><\/tr><tr><td>Flughafen<\/td><td><a href=\"https:\/\/www.google.ch\/maps\/place\/Flugplatzstrasse+9,+3123+Belp\/@46.9110741,7.5014815,384m\/data=!3m1!1e3!4m6!3m5!1s0x478e364abf3cd12d:0x66533198ed658320!8m2!3d46.9109935!4d7.5040993!16s%2Fg%2F11c2cjv1zm?hl=fr&amp;entry=ttu\" target=\"_blank\" rel=\"noopener\">Bern-Belp<\/a><\/td><\/tr><tr><td>Flugzeit<\/td><td>65 Min.<\/td><\/tr><tr><td>Gesamtdauer<\/td><td>ca. 3 Std.<\/td><\/tr><tr><td>Termin<\/td><td>Per Telefon<\/td><\/tr><tr><td><button class=\"elementor-button\" type=\"button\"><a href=\"https:\/\/swissraft.outdoorbooking.ch\/fo\/products\/981?base_id=211&amp;category_id=6&amp;order_type=gift_voucher&amp;lang=de\" target=\"_blank\" rel=\"noopener\">GUTSCHEIN \/ TICKET KAUFEN<\/a><\/button><\/td><td><strong>CHF 1&#8217;975.00 &#8211; Privatflug (1-3 Pers.)<\/strong><\/td><\/tr><tr><td><button class=\"elementor-button\" type=\"button\"><a href=\"https:\/\/swissraft.outdoorbooking.ch\/fo\/products\/983?base_id=115&amp;category_id=6&amp;order_type=gift_voucher&amp;lang=de\" target=\"_blank\" rel=\"noopener\">GUTSCHEIN \/ TICKET KAUFEN<\/a><\/button><\/td><td><strong>CHF 2&#8217;615.00 &#8211; Privatflug (4 Pers.)<\/strong><\/td><\/tr><tr><td><button class=\"elementor-button\" type=\"button\"><a href=\"https:\/\/swissraft.outdoorbooking.ch\/fo\/products\/984?base_id=116&amp;category_id=6&amp;order_type=gift_voucher&amp;lang=de\" target=\"_blank\" rel=\"noopener\">GUTSCHEIN \/ TICKET KAUFEN<\/a><\/button><\/td><td><strong>CHF 3&#8217;320.00 &#8211; Privatflug (5 Pers.)<\/strong><\/td><\/tr><tr><td>\u00a0<\/td><td><strong><em>WICHTIG !<\/em><\/strong><br \/><em>Um zu reservieren, rufen Sie die Nummer an, die sich oben links auf dem Gutschein \/ Ticket befindet.<\/em><\/td><\/tr><\/tbody><\/table>\t\t\t\t\t\t<\/div>\n\t\t\t\t<\/div>\n\t\t\t\t\t<\/div>\n\t\t<\/div>\n\t\t\t\t\t\t\t<\/div>\n\t\t<\/section>\n\t\t\t\t\t\t\t<\/div>\n\t\t","protected":false},"excerpt":{"rendered":"<div align=\"justify\">\n<h2 align=\"justify\">65-min\u00fctiger Helikopterflug zum Pilatus und zur ber\u00fchmten Villa Honegg.<\/h2>\n<h3>Von Bern-Belp aus landen Sie in der N\u00e4he der ber\u00fchmten Villa Honegg. Von der Terrasse aus haben Sie einen herrlichen Blick auf den Vierwaldst\u00e4ttersee.<\/h3>\n<\/div>\n<div align=\"justify\">\n<p>Nach dem Start vom Flughafen Bern-Belp fliegen Sie nach Langnau, Entlebuch, Pilatus und Luzern. Sie fliegen \u00fcber den Vierwaldst\u00e4ttersee und den B\u00fcrgenstock, bevor Sie bei der ber\u00fchmten Villa Honegg landen. Auf der Terrasse k\u00f6nnen Sie je nach Jahreszeit ein gastronomisches Essen genie\u00dfen. Auf dem R\u00fcckflug fliegen Sie \u00fcber Stans, den Sarner See und den Lungernsee. Dann folgen das Brienzer Rothorn, der Brienzer See, Interlaken. Sie beenden die Reise mit einem Flug \u00fcber den Thunersee, Thun, bevor Sie sich am Flughafen Bern-Belp ausruhen.<\/p>\n<h3>Swissraft verf\u00fcgt \u00fcber ein gro\u00dfes Netzwerk von Helikopterlandepl\u00e4tzen, Flugpl\u00e4tzen und internationalen Flugh\u00e4fen und bietet mehr als 150 Helikopterfl\u00fcge an.<\/h3>\n<p id=\"textarea\" style=\"display: none;\">\nWir bieten Helikopterrundfl\u00fcge vom Flughafen Sitten und den Heliports Gampel und Collombey im Wallis an. Au\u00dferdem haben wir Fl\u00fcge ins Berner Oberland vom Heliport Interlaken-Gsteigwiler aus im Angebot. Wir haben auch Rundfl\u00fcge vom Heliport Gstaad-Grund und vom Flugplatz Saanen im Saanenland im Angebot. Ebenso wie Rundfl\u00fcge von den Heliports Lauterbrunnen, Lenk-Simmental und Schattenhalb-Meiringen. Au\u00dferdem fliegen wir vom internationalen Flughafen Z\u00fcrich-Kloten ab. Dann haben wir Fl\u00fcge von Buttwil im Aargau und im Kanton Solothurn vom Flugplatz Grenchen aus. Aber wir bieten auch Hubschrauberrundfl\u00fcge im Kanton Luzern an, die vom Heliport Pfaffnau aus starten. Einerseits haben wir Fl\u00fcge in den Kanton Uri, die von Erstfeld aus starten. Zum anderen Fl\u00fcge vom Heliport K\u00fcssnacht im Kanton Schwyz. Gleichzeitig starten wir im Greyerzerland vom Flugplatz \u00c9pagny. Wir bieten Helikopterrundfl\u00fcge von den Flugpl\u00e4tzen Locarno und Lodrino im Tessin an. Au\u00dferdem haben wir Fl\u00fcge von den Heliports in Flims, Tavanasa und Untervaz in Graub\u00fcnden. Au\u00dferdem gibt es ganzj\u00e4hrig Rundfl\u00fcge vom Flugplatz Samedan und vom Hubschrauberlandeplatz St. Moritz im Winter. Dar\u00fcber hinaus starten wir in Liechtenstein vom Heliport Balzers und im Thurgau vom Heliport Sitterdorf.\n<\/p>\n<p><a id=\"seeMore\" onclick=\"toggleSeeMore()\" href=\"javascript:void(0);\">Lesen Sie mehr<\/a><\/p>\n","protected":false},"featured_media":87328,"comment_status":"open","ping_status":"closed","template":"","meta":{"inline_featured_image":false,"_mi_skip_tracking":false},"product_cat":[263,307],"product_tag":[],"class_list":["post-91934","product","type-product","status-publish","has-post-thumbnail","hentry","product_cat-helikopterflug-in-der-schweiz","product_cat-helikopterflug-rundflug-berne-belp"],"yoast_head":"<!-- This site is optimized with the Yoast SEO plugin v23.6 - https:\/\/yoast.com\/wordpress\/plugins\/seo\/ -->\n<title>Rundflug Pilatus Villa Honegg im Helikopter von Bern-Belp aus<\/title>\n<meta name=\"description\" content=\"Rundflug Pilatus Villa Honegg von Belp aus mit dem Helikopter f\u00fcr einen 65 min. Flug mit Zwischenlandung bei der Villa Honegg, wo Sie sich st\u00e4rken k\u00f6nnen\" \/>\n<meta name=\"robots\" content=\"index, follow, max-snippet:-1, max-image-preview:large, max-video-preview:-1\" \/>\n<link rel=\"canonical\" href=\"https:\/\/www.swissraft.ch\/de\/produkt\/helikopterflug-bern-belp-rundflug-pilatus-und-villa-honegg\/\" \/>\n<meta property=\"og:locale\" content=\"de_DE\" \/>\n<meta property=\"og:type\" content=\"article\" \/>\n<meta property=\"og:title\" content=\"Rundflug Pilatus Villa Honegg im Helikopter von Bern-Belp aus\" \/>\n<meta property=\"og:description\" content=\"Rundflug Pilatus Villa Honegg von Belp aus mit dem Helikopter f\u00fcr einen 65 min. Flug mit Zwischenlandung bei der Villa Honegg, wo Sie sich st\u00e4rken k\u00f6nnen\" \/>\n<meta property=\"og:url\" content=\"https:\/\/www.swissraft.ch\/de\/produkt\/helikopterflug-bern-belp-rundflug-pilatus-und-villa-honegg\/\" \/>\n<meta property=\"og:site_name\" content=\"Swissraft\" \/>\n<meta property=\"article:modified_time\" content=\"2026-04-16T22:55:50+00:00\" \/>\n<meta property=\"og:image\" content=\"https:\/\/www.swissraft.ch\/wp-content\/uploads\/2022\/11\/18-BERN-BELP-Pilatus-und-Villa-Honegg-776x776-2.jpg\" \/>\n\t<meta property=\"og:image:width\" content=\"776\" \/>\n\t<meta property=\"og:image:height\" content=\"776\" \/>\n\t<meta property=\"og:image:type\" content=\"image\/jpeg\" \/>\n<meta name=\"twitter:card\" content=\"summary_large_image\" \/>\n<meta name=\"twitter:label1\" content=\"Gesch\u00e4tzte Lesezeit\" \/>\n\t<meta name=\"twitter:data1\" content=\"1\u00a0Minute\" \/>\n<script type=\"application\/ld+json\" class=\"yoast-schema-graph\">{\"@context\":\"https:\/\/schema.org\",\"@graph\":[{\"@type\":\"WebPage\",\"@id\":\"https:\/\/www.swissraft.ch\/de\/produkt\/helikopterflug-bern-belp-rundflug-pilatus-und-villa-honegg\/\",\"url\":\"https:\/\/www.swissraft.ch\/de\/produkt\/helikopterflug-bern-belp-rundflug-pilatus-und-villa-honegg\/\",\"name\":\"Rundflug Pilatus Villa Honegg im Helikopter von Bern-Belp aus\",\"isPartOf\":{\"@id\":\"https:\/\/www.swissraft.ch\/de\/#website\"},\"primaryImageOfPage\":{\"@id\":\"https:\/\/www.swissraft.ch\/de\/produkt\/helikopterflug-bern-belp-rundflug-pilatus-und-villa-honegg\/#primaryimage\"},\"image\":{\"@id\":\"https:\/\/www.swissraft.ch\/de\/produkt\/helikopterflug-bern-belp-rundflug-pilatus-und-villa-honegg\/#primaryimage\"},\"thumbnailUrl\":\"https:\/\/www.swissraft.ch\/wp-content\/uploads\/2022\/11\/18-BERN-BELP-Pilatus-und-Villa-Honegg-776x776-2.jpg\",\"datePublished\":\"2022-11-23T21:29:46+00:00\",\"dateModified\":\"2026-04-16T22:55:50+00:00\",\"description\":\"Rundflug Pilatus Villa Honegg von Belp aus mit dem Helikopter f\u00fcr einen 65 min. Flug mit Zwischenlandung bei der Villa Honegg, wo Sie sich st\u00e4rken k\u00f6nnen\",\"breadcrumb\":{\"@id\":\"https:\/\/www.swissraft.ch\/de\/produkt\/helikopterflug-bern-belp-rundflug-pilatus-und-villa-honegg\/#breadcrumb\"},\"inLanguage\":\"de\",\"potentialAction\":[{\"@type\":\"ReadAction\",\"target\":[\"https:\/\/www.swissraft.ch\/de\/produkt\/helikopterflug-bern-belp-rundflug-pilatus-und-villa-honegg\/\"]}]},{\"@type\":\"ImageObject\",\"inLanguage\":\"de\",\"@id\":\"https:\/\/www.swissraft.ch\/de\/produkt\/helikopterflug-bern-belp-rundflug-pilatus-und-villa-honegg\/#primaryimage\",\"url\":\"https:\/\/www.swissraft.ch\/wp-content\/uploads\/2022\/11\/18-BERN-BELP-Pilatus-und-Villa-Honegg-776x776-2.jpg\",\"contentUrl\":\"https:\/\/www.swissraft.ch\/wp-content\/uploads\/2022\/11\/18-BERN-BELP-Pilatus-und-Villa-Honegg-776x776-2.jpg\",\"width\":776,\"height\":776,\"caption\":\"Von Bern-Belp zum Pilatus und zur Villa Honegg mit dem Helikopter\"},{\"@type\":\"BreadcrumbList\",\"@id\":\"https:\/\/www.swissraft.ch\/de\/produkt\/helikopterflug-bern-belp-rundflug-pilatus-und-villa-honegg\/#breadcrumb\",\"itemListElement\":[{\"@type\":\"ListItem\",\"position\":1,\"name\":\"Accueil\",\"item\":\"https:\/\/www.swissraft.ch\/de\/\"},{\"@type\":\"ListItem\",\"position\":2,\"name\":\"Shop\",\"item\":\"https:\/\/www.swissraft.ch\/de\/shop\/\"},{\"@type\":\"ListItem\",\"position\":3,\"name\":\"Helikopterflug &#8211; Bern-Belp &#8211; Pilatus und Villa Honegg &#8211; 65 Min. &#8211; Ab CHF 1&rsquo;975.00\"}]},{\"@type\":\"WebSite\",\"@id\":\"https:\/\/www.swissraft.ch\/de\/#website\",\"url\":\"https:\/\/www.swissraft.ch\/de\/\",\"name\":\"Swissraft\",\"description\":\"To enjoy nature as it is\",\"publisher\":{\"@id\":\"https:\/\/www.swissraft.ch\/de\/#organization\"},\"potentialAction\":[{\"@type\":\"SearchAction\",\"target\":{\"@type\":\"EntryPoint\",\"urlTemplate\":\"https:\/\/www.swissraft.ch\/de\/?s={search_term_string}\"},\"query-input\":{\"@type\":\"PropertyValueSpecification\",\"valueRequired\":true,\"valueName\":\"search_term_string\"}}],\"inLanguage\":\"de\"},{\"@type\":\"Organization\",\"@id\":\"https:\/\/www.swissraft.ch\/de\/#organization\",\"name\":\"Swissraft\",\"url\":\"https:\/\/www.swissraft.ch\/de\/\",\"logo\":{\"@type\":\"ImageObject\",\"inLanguage\":\"de\",\"@id\":\"https:\/\/www.swissraft.ch\/de\/#\/schema\/logo\/image\/\",\"url\":\"https:\/\/www.swissraft.ch\/wp-content\/uploads\/2025\/09\/Capture.jpg\",\"contentUrl\":\"https:\/\/www.swissraft.ch\/wp-content\/uploads\/2025\/09\/Capture.jpg\",\"width\":293,\"height\":108,\"caption\":\"Swissraft\"},\"image\":{\"@id\":\"https:\/\/www.swissraft.ch\/de\/#\/schema\/logo\/image\/\"}}]}<\/script>\n<!-- \/ Yoast SEO plugin. -->","yoast_head_json":{"title":"Rundflug Pilatus Villa Honegg im Helikopter von Bern-Belp aus","description":"Rundflug Pilatus Villa Honegg von Belp aus mit dem Helikopter f\u00fcr einen 65 min. Flug mit Zwischenlandung bei der Villa Honegg, wo Sie sich st\u00e4rken k\u00f6nnen","robots":{"index":"index","follow":"follow","max-snippet":"max-snippet:-1","max-image-preview":"max-image-preview:large","max-video-preview":"max-video-preview:-1"},"canonical":"https:\/\/www.swissraft.ch\/de\/produkt\/helikopterflug-bern-belp-rundflug-pilatus-und-villa-honegg\/","og_locale":"de_DE","og_type":"article","og_title":"Rundflug Pilatus Villa Honegg im Helikopter von Bern-Belp aus","og_description":"Rundflug Pilatus Villa Honegg von Belp aus mit dem Helikopter f\u00fcr einen 65 min. Flug mit Zwischenlandung bei der Villa Honegg, wo Sie sich st\u00e4rken k\u00f6nnen","og_url":"https:\/\/www.swissraft.ch\/de\/produkt\/helikopterflug-bern-belp-rundflug-pilatus-und-villa-honegg\/","og_site_name":"Swissraft","article_modified_time":"2026-04-16T22:55:50+00:00","og_image":[{"width":776,"height":776,"url":"https:\/\/www.swissraft.ch\/wp-content\/uploads\/2022\/11\/18-BERN-BELP-Pilatus-und-Villa-Honegg-776x776-2.jpg","type":"image\/jpeg"}],"twitter_card":"summary_large_image","twitter_misc":{"Gesch\u00e4tzte Lesezeit":"1\u00a0Minute"},"schema":{"@context":"https:\/\/schema.org","@graph":[{"@type":"WebPage","@id":"https:\/\/www.swissraft.ch\/de\/produkt\/helikopterflug-bern-belp-rundflug-pilatus-und-villa-honegg\/","url":"https:\/\/www.swissraft.ch\/de\/produkt\/helikopterflug-bern-belp-rundflug-pilatus-und-villa-honegg\/","name":"Rundflug Pilatus Villa Honegg im Helikopter von Bern-Belp aus","isPartOf":{"@id":"https:\/\/www.swissraft.ch\/de\/#website"},"primaryImageOfPage":{"@id":"https:\/\/www.swissraft.ch\/de\/produkt\/helikopterflug-bern-belp-rundflug-pilatus-und-villa-honegg\/#primaryimage"},"image":{"@id":"https:\/\/www.swissraft.ch\/de\/produkt\/helikopterflug-bern-belp-rundflug-pilatus-und-villa-honegg\/#primaryimage"},"thumbnailUrl":"https:\/\/www.swissraft.ch\/wp-content\/uploads\/2022\/11\/18-BERN-BELP-Pilatus-und-Villa-Honegg-776x776-2.jpg","datePublished":"2022-11-23T21:29:46+00:00","dateModified":"2026-04-16T22:55:50+00:00","description":"Rundflug Pilatus Villa Honegg von Belp aus mit dem Helikopter f\u00fcr einen 65 min. Flug mit Zwischenlandung bei der Villa Honegg, wo Sie sich st\u00e4rken k\u00f6nnen","breadcrumb":{"@id":"https:\/\/www.swissraft.ch\/de\/produkt\/helikopterflug-bern-belp-rundflug-pilatus-und-villa-honegg\/#breadcrumb"},"inLanguage":"de","potentialAction":[{"@type":"ReadAction","target":["https:\/\/www.swissraft.ch\/de\/produkt\/helikopterflug-bern-belp-rundflug-pilatus-und-villa-honegg\/"]}]},{"@type":"ImageObject","inLanguage":"de","@id":"https:\/\/www.swissraft.ch\/de\/produkt\/helikopterflug-bern-belp-rundflug-pilatus-und-villa-honegg\/#primaryimage","url":"https:\/\/www.swissraft.ch\/wp-content\/uploads\/2022\/11\/18-BERN-BELP-Pilatus-und-Villa-Honegg-776x776-2.jpg","contentUrl":"https:\/\/www.swissraft.ch\/wp-content\/uploads\/2022\/11\/18-BERN-BELP-Pilatus-und-Villa-Honegg-776x776-2.jpg","width":776,"height":776,"caption":"Von Bern-Belp zum Pilatus und zur Villa Honegg mit dem Helikopter"},{"@type":"BreadcrumbList","@id":"https:\/\/www.swissraft.ch\/de\/produkt\/helikopterflug-bern-belp-rundflug-pilatus-und-villa-honegg\/#breadcrumb","itemListElement":[{"@type":"ListItem","position":1,"name":"Accueil","item":"https:\/\/www.swissraft.ch\/de\/"},{"@type":"ListItem","position":2,"name":"Shop","item":"https:\/\/www.swissraft.ch\/de\/shop\/"},{"@type":"ListItem","position":3,"name":"Helikopterflug &#8211; Bern-Belp &#8211; Pilatus und Villa Honegg &#8211; 65 Min. &#8211; Ab CHF 1&rsquo;975.00"}]},{"@type":"WebSite","@id":"https:\/\/www.swissraft.ch\/de\/#website","url":"https:\/\/www.swissraft.ch\/de\/","name":"Swissraft","description":"To enjoy nature as it is","publisher":{"@id":"https:\/\/www.swissraft.ch\/de\/#organization"},"potentialAction":[{"@type":"SearchAction","target":{"@type":"EntryPoint","urlTemplate":"https:\/\/www.swissraft.ch\/de\/?s={search_term_string}"},"query-input":{"@type":"PropertyValueSpecification","valueRequired":true,"valueName":"search_term_string"}}],"inLanguage":"de"},{"@type":"Organization","@id":"https:\/\/www.swissraft.ch\/de\/#organization","name":"Swissraft","url":"https:\/\/www.swissraft.ch\/de\/","logo":{"@type":"ImageObject","inLanguage":"de","@id":"https:\/\/www.swissraft.ch\/de\/#\/schema\/logo\/image\/","url":"https:\/\/www.swissraft.ch\/wp-content\/uploads\/2025\/09\/Capture.jpg","contentUrl":"https:\/\/www.swissraft.ch\/wp-content\/uploads\/2025\/09\/Capture.jpg","width":293,"height":108,"caption":"Swissraft"},"image":{"@id":"https:\/\/www.swissraft.ch\/de\/#\/schema\/logo\/image\/"}}]}},"_links":{"self":[{"href":"https:\/\/www.swissraft.ch\/de\/wp-json\/wp\/v2\/product\/91934","targetHints":{"allow":["GET"]}}],"collection":[{"href":"https:\/\/www.swissraft.ch\/de\/wp-json\/wp\/v2\/product"}],"about":[{"href":"https:\/\/www.swissraft.ch\/de\/wp-json\/wp\/v2\/types\/product"}],"replies":[{"embeddable":true,"href":"https:\/\/www.swissraft.ch\/de\/wp-json\/wp\/v2\/comments?post=91934"}],"version-history":[{"count":19,"href":"https:\/\/www.swissraft.ch\/de\/wp-json\/wp\/v2\/product\/91934\/revisions"}],"predecessor-version":[{"id":140428,"href":"https:\/\/www.swissraft.ch\/de\/wp-json\/wp\/v2\/product\/91934\/revisions\/140428"}],"wp:featuredmedia":[{"embeddable":true,"href":"https:\/\/www.swissraft.ch\/de\/wp-json\/wp\/v2\/media\/87328"}],"wp:attachment":[{"href":"https:\/\/www.swissraft.ch\/de\/wp-json\/wp\/v2\/media?parent=91934"}],"wp:term":[{"taxonomy":"product_cat","embeddable":true,"href":"https:\/\/www.swissraft.ch\/de\/wp-json\/wp\/v2\/product_cat?post=91934"},{"taxonomy":"product_tag","embeddable":true,"href":"https:\/\/www.swissraft.ch\/de\/wp-json\/wp\/v2\/product_tag?post=91934"}],"curies":[{"name":"wp","href":"https:\/\/api.w.org\/{rel}","templated":true}]}}