{"id":91933,"date":"2022-11-23T10:50:13","date_gmt":"2022-11-23T09:50:13","guid":{"rendered":"https:\/\/swissraft.xyanzkdne.eu\/product\/hubschrauberflug-von-belp-meringues-emmental-45-min-ab-chf-1350-00\/"},"modified":"2026-04-17T00:52:43","modified_gmt":"2026-04-16T22:52:43","slug":"helikopterflug-bern-belp-rundflug-meringues-emmental","status":"publish","type":"product","link":"https:\/\/www.swissraft.ch\/de\/produkt\/helikopterflug-bern-belp-rundflug-meringues-emmental\/","title":{"rendered":"Helikopterflug &#8211; Bern-Belp &#8211; Meringues &#8211; Emmental &#8211; 45 Min. &#8211; Ab CHF 1&#8217;810.00"},"content":{"rendered":"\t\t<div data-elementor-type=\"wp-post\" data-elementor-id=\"91933\" class=\"elementor elementor-91933 elementor-29157\">\n\t\t\t\t\t\t\t\t\t<section class=\"elementor-section elementor-top-section elementor-element elementor-element-3303a7e3 elementor-section-boxed elementor-section-height-default elementor-section-height-default\" data-id=\"3303a7e3\" data-element_type=\"section\">\n\t\t\t\t\t\t<div class=\"elementor-container elementor-column-gap-default\">\n\t\t\t\t\t<div class=\"elementor-column elementor-col-100 elementor-top-column elementor-element elementor-element-16d72dbf\" data-id=\"16d72dbf\" data-element_type=\"column\">\n\t\t\t<div class=\"elementor-widget-wrap elementor-element-populated\">\n\t\t\t\t\t\t\t\t<div class=\"elementor-element elementor-element-d743c03 elementor-widget elementor-widget-text-editor\" data-id=\"d743c03\" data-element_type=\"widget\" data-widget_type=\"text-editor.default\">\n\t\t\t\t<div class=\"elementor-widget-container\">\n\t\t\t\t\t\t\t<h2>W\u00c4HLEN SIE UNTEN IHRE AKTIVIT\u00c4T AUS, UM GESCHENKGUTSCHEINE \/ TICKETS ZU VERSCHENKEN ODER ZU BUCHEN<\/h2><table style=\"height: 290px;\" border=\"0\" width=\"580\" cellspacing=\"10\" cellpadding=\"10\"><tbody><tr><td width=\"50%\"><strong>RUNDFLUG &#8211; MERINGUES IM EMMENTAL &#8211; PRIVATFLUG (1-5 pax) &#8211; 45 min.<\/strong><\/td><td><strong>Ab CHF 1&#8217;810.00 pro Privatflug <\/strong><\/td><\/tr><tr><td>Zus\u00e4tzlich Informationen<\/td><td>&#8211; Sie haben den Helikopter ausschlie\u00dflich f\u00fcr sich<br \/>&#8211; Sie bestimmen das Datum und die Uhrzeit des Abflugs<br \/>&#8211; Maximal 5 Pers.<br \/><em><strong>&#8211; Verpflegung nicht inbegriffen<\/strong><\/em><\/td><\/tr><tr><td>Flughafen<\/td><td><a href=\"https:\/\/www.google.ch\/maps\/place\/Flugplatzstrasse+9,+3123+Belp\/@46.9110741,7.5014815,384m\/data=!3m1!1e3!4m6!3m5!1s0x478e364abf3cd12d:0x66533198ed658320!8m2!3d46.9109935!4d7.5040993!16s%2Fg%2F11c2cjv1zm?hl=fr&amp;entry=ttu\" target=\"_blank\" rel=\"noopener\">Bern-Belp<\/a><\/td><\/tr><tr><td>Flugzeit<\/td><td>45 Min.<\/td><\/tr><tr><td>Gesamtdauer<\/td><td>ca. 2 Std.<\/td><\/tr><tr><td>Termin<\/td><td>Per Telefon<\/td><\/tr><tr><td><button class=\"elementor-button\" type=\"button\"><a href=\"https:\/\/swissraft.outdoorbooking.ch\/fo\/products\/472?base_id=115&amp;category_id=6&amp;order_type=gift_voucher&amp;lang=de\" target=\"_blank\" rel=\"noopener\">GUTSCHEIN \/ TICKET KAUFEN<\/a><\/button><\/td><td><strong>CHF 1&#8217;810.00 &#8211; Privatflug (4 Pers.)<\/strong><\/td><\/tr><tr><td><button class=\"elementor-button\" type=\"button\"><a href=\"https:\/\/swissraft.outdoorbooking.ch\/fo\/products\/474?base_id=116&amp;category_id=6&amp;order_type=gift_voucher&amp;lang=de\" target=\"_blank\" rel=\"noopener\">GUTSCHEIN \/ TICKET KAUFEN<\/a><\/button><\/td><td><strong>CHF 2&#8217;310.00 &#8211; Privatflug (5 Pers.)<\/strong><\/td><\/tr><tr><td>\u00a0<\/td><td><strong><em>WICHTIG !<\/em><\/strong><br \/><em>Um zu reservieren, rufen Sie die Nummer an, die sich oben links auf dem Gutschein \/ Ticket befindet.<\/em><\/td><\/tr><\/tbody><\/table>\t\t\t\t\t\t<\/div>\n\t\t\t\t<\/div>\n\t\t\t\t\t<\/div>\n\t\t<\/div>\n\t\t\t\t\t\t\t<\/div>\n\t\t<\/section>\n\t\t\t\t\t\t\t<\/div>\n\t\t","protected":false},"excerpt":{"rendered":"<div align=\"justify\">\n<h2 align=\"justify\">Nehmen Sie den Helikopter f\u00fcr einen 45-min\u00fctigen Flug und genie\u00dfen Sie im Emmental ein k\u00f6stliches und ber\u00fchmtes Baiser.<\/h2>\n<h3>Von Bern-Belp aus fliegen Sie zum Restaurant Kemmeribodenbad und machen eine Zwischenlandung, um das ber\u00fchmte Baiser zu probieren.<\/h3>\n<\/div>\n<div align=\"justify\">\n<p>Vom Flughafen Bern-Belp aus fliegen Sie nach Hasle, vorbei am Schloss Trachselwald. Dann nach Wasen im Emmental. Der Flug geht weiter nach L\u00fcderenalp, Napf, Tr\u00fcb, Marbach und entlang der Schrattenfluh. Sie landen in der N\u00e4he des Restaurants &#8222;Kemmeribodenbad&#8220; im Emmental, wo Sie die weltber\u00fchmte Kemmeriboden-Meringue probieren. Nach dieser Gourmetpause starten Sie wieder in Richtung Sieben Hengste (1955 m), oberhalb von Sichel, entlang des Niederhorns. Anschlie\u00dfend fliegen Sie \u00fcber den Thunersee und entlang der Aare, bevor Sie in Bern-Belp eine Pause einlegen.<\/p>\n<h3>Swissraft mit seinen 26 Heliports und Flugpl\u00e4tzen, darunter zwei internationale Flugh\u00e4fen, bietet Ihnen mehr als 150 Flugziele.<\/h3>\n<p id=\"textarea\" style=\"display: none;\">\nWir haben \u00fcbrigens Fl\u00fcge ins Wallis von den Heliports Gampel und Collombey sowie vom Flughafen Sitten. Aber auch vom Heliport Interlaken-Gsteigwiler. Dann haben wir Fl\u00fcge vom Heliport Gstaad-Grund und vom Flugplatz Saanen im Saanenland. Sowie Fl\u00fcge von den Hubschrauberlandepl\u00e4tzen Lauterbrunnen, Lenk-Simmental und Schattenhalb-Meiringen im Berner Oberland. Au\u00dferdem bieten wir Fl\u00fcge vom internationalen Flughafen Z\u00fcrich-Kloten an, um herrliche Hubschrauberrundfl\u00fcge zu unternehmen. Au\u00dferdem haben wir Fl\u00fcge in den Aargau von Buttwil und in den Kanton Solothurn von Grenchen aus. Aber auch vom Heliport Pfaffnau im Kanton Luzern. Dar\u00fcber hinaus haben wir Fl\u00fcge von Erstfeld im Kanton Uri. Und auch im Kanton Schwyz vom Heliport K\u00fcssnacht aus. Au\u00dferdem starten wir vom Flugplatz \u00c9pagny im Greyerzerland im Kanton Freiburg. Daneben bieten wir auch Hubschrauberrundfl\u00fcge von den Flugpl\u00e4tzen Locarno und Lodrino im Tessin an. Dar\u00fcber hinaus haben wir Fl\u00fcge von den Heliports Flims, Tavanasa und Untervaz in Graub\u00fcnden. Aber auch ins Engadin ab dem Flugplatz Samedan das ganze Jahr \u00fcber und ab dem Heliport St. Moritz. Moritz im Winter. Dann starten wir auch in Liechtenstein vom Heliport Balzers und vom Heliport Sitterdorf im Kanton Thurgau.\n<\/p>\n<p><a id=\"seeMore\" onclick=\"toggleSeeMore()\" href=\"javascript:void(0);\">Lesen Sie mehr<\/a><\/p>\n","protected":false},"featured_media":87265,"comment_status":"open","ping_status":"closed","template":"","meta":{"inline_featured_image":false,"_mi_skip_tracking":false},"product_cat":[263,307],"product_tag":[],"class_list":["post-91933","product","type-product","status-publish","has-post-thumbnail","hentry","product_cat-helikopterflug-in-der-schweiz","product_cat-helikopterflug-rundflug-berne-belp"],"yoast_head":"<!-- This site is optimized with the Yoast SEO plugin v23.6 - https:\/\/yoast.com\/wordpress\/plugins\/seo\/ -->\n<title>Rundflug Meringues im Emmental von Bern-Belp mit Helikopter<\/title>\n<meta name=\"description\" content=\"Rundflug Meringues im Emmental von Bern-Belp im Helikopter f\u00fcr einen 45-min\u00fctigen Flug mit Zwischenlandung, um die ber\u00fchmten Meringues zu probieren\" \/>\n<meta name=\"robots\" content=\"index, follow, max-snippet:-1, max-image-preview:large, max-video-preview:-1\" \/>\n<link rel=\"canonical\" href=\"https:\/\/www.swissraft.ch\/de\/produkt\/helikopterflug-bern-belp-rundflug-meringues-emmental\/\" \/>\n<meta property=\"og:locale\" content=\"de_DE\" \/>\n<meta property=\"og:type\" content=\"article\" \/>\n<meta property=\"og:title\" content=\"Rundflug Meringues im Emmental von Bern-Belp mit Helikopter\" \/>\n<meta property=\"og:description\" content=\"Rundflug Meringues im Emmental von Bern-Belp im Helikopter f\u00fcr einen 45-min\u00fctigen Flug mit Zwischenlandung, um die ber\u00fchmten Meringues zu probieren\" \/>\n<meta property=\"og:url\" content=\"https:\/\/www.swissraft.ch\/de\/produkt\/helikopterflug-bern-belp-rundflug-meringues-emmental\/\" \/>\n<meta property=\"og:site_name\" content=\"Swissraft\" \/>\n<meta property=\"article:modified_time\" content=\"2026-04-16T22:52:43+00:00\" \/>\n<meta property=\"og:image\" content=\"https:\/\/www.swissraft.ch\/wp-content\/uploads\/2022\/11\/11-BERN-BELP-Meringues-im-Emmental-776x776-2.jpg\" \/>\n\t<meta property=\"og:image:width\" content=\"776\" \/>\n\t<meta property=\"og:image:height\" content=\"776\" \/>\n\t<meta property=\"og:image:type\" content=\"image\/jpeg\" \/>\n<meta name=\"twitter:card\" content=\"summary_large_image\" \/>\n<meta name=\"twitter:label1\" content=\"Gesch\u00e4tzte Lesezeit\" \/>\n\t<meta name=\"twitter:data1\" content=\"1\u00a0Minute\" \/>\n<script type=\"application\/ld+json\" class=\"yoast-schema-graph\">{\"@context\":\"https:\/\/schema.org\",\"@graph\":[{\"@type\":\"WebPage\",\"@id\":\"https:\/\/www.swissraft.ch\/de\/produkt\/helikopterflug-bern-belp-rundflug-meringues-emmental\/\",\"url\":\"https:\/\/www.swissraft.ch\/de\/produkt\/helikopterflug-bern-belp-rundflug-meringues-emmental\/\",\"name\":\"Rundflug Meringues im Emmental von Bern-Belp mit Helikopter\",\"isPartOf\":{\"@id\":\"https:\/\/www.swissraft.ch\/de\/#website\"},\"primaryImageOfPage\":{\"@id\":\"https:\/\/www.swissraft.ch\/de\/produkt\/helikopterflug-bern-belp-rundflug-meringues-emmental\/#primaryimage\"},\"image\":{\"@id\":\"https:\/\/www.swissraft.ch\/de\/produkt\/helikopterflug-bern-belp-rundflug-meringues-emmental\/#primaryimage\"},\"thumbnailUrl\":\"https:\/\/www.swissraft.ch\/wp-content\/uploads\/2022\/11\/11-BERN-BELP-Meringues-im-Emmental-776x776-2.jpg\",\"datePublished\":\"2022-11-23T09:50:13+00:00\",\"dateModified\":\"2026-04-16T22:52:43+00:00\",\"description\":\"Rundflug Meringues im Emmental von Bern-Belp im Helikopter f\u00fcr einen 45-min\u00fctigen Flug mit Zwischenlandung, um die ber\u00fchmten Meringues zu probieren\",\"breadcrumb\":{\"@id\":\"https:\/\/www.swissraft.ch\/de\/produkt\/helikopterflug-bern-belp-rundflug-meringues-emmental\/#breadcrumb\"},\"inLanguage\":\"de\",\"potentialAction\":[{\"@type\":\"ReadAction\",\"target\":[\"https:\/\/www.swissraft.ch\/de\/produkt\/helikopterflug-bern-belp-rundflug-meringues-emmental\/\"]}]},{\"@type\":\"ImageObject\",\"inLanguage\":\"de\",\"@id\":\"https:\/\/www.swissraft.ch\/de\/produkt\/helikopterflug-bern-belp-rundflug-meringues-emmental\/#primaryimage\",\"url\":\"https:\/\/www.swissraft.ch\/wp-content\/uploads\/2022\/11\/11-BERN-BELP-Meringues-im-Emmental-776x776-2.jpg\",\"contentUrl\":\"https:\/\/www.swissraft.ch\/wp-content\/uploads\/2022\/11\/11-BERN-BELP-Meringues-im-Emmental-776x776-2.jpg\",\"width\":776,\"height\":776,\"caption\":\"Von Bern-Belp mit dem Helikopter Rundflug Meringues im Emmental\"},{\"@type\":\"BreadcrumbList\",\"@id\":\"https:\/\/www.swissraft.ch\/de\/produkt\/helikopterflug-bern-belp-rundflug-meringues-emmental\/#breadcrumb\",\"itemListElement\":[{\"@type\":\"ListItem\",\"position\":1,\"name\":\"Accueil\",\"item\":\"https:\/\/www.swissraft.ch\/de\/\"},{\"@type\":\"ListItem\",\"position\":2,\"name\":\"Shop\",\"item\":\"https:\/\/www.swissraft.ch\/de\/shop\/\"},{\"@type\":\"ListItem\",\"position\":3,\"name\":\"Helikopterflug &#8211; Bern-Belp &#8211; Meringues &#8211; Emmental &#8211; 45 Min. &#8211; Ab CHF 1&rsquo;810.00\"}]},{\"@type\":\"WebSite\",\"@id\":\"https:\/\/www.swissraft.ch\/de\/#website\",\"url\":\"https:\/\/www.swissraft.ch\/de\/\",\"name\":\"Swissraft\",\"description\":\"To enjoy nature as it is\",\"publisher\":{\"@id\":\"https:\/\/www.swissraft.ch\/de\/#organization\"},\"potentialAction\":[{\"@type\":\"SearchAction\",\"target\":{\"@type\":\"EntryPoint\",\"urlTemplate\":\"https:\/\/www.swissraft.ch\/de\/?s={search_term_string}\"},\"query-input\":{\"@type\":\"PropertyValueSpecification\",\"valueRequired\":true,\"valueName\":\"search_term_string\"}}],\"inLanguage\":\"de\"},{\"@type\":\"Organization\",\"@id\":\"https:\/\/www.swissraft.ch\/de\/#organization\",\"name\":\"Swissraft\",\"url\":\"https:\/\/www.swissraft.ch\/de\/\",\"logo\":{\"@type\":\"ImageObject\",\"inLanguage\":\"de\",\"@id\":\"https:\/\/www.swissraft.ch\/de\/#\/schema\/logo\/image\/\",\"url\":\"https:\/\/www.swissraft.ch\/wp-content\/uploads\/2025\/09\/Capture.jpg\",\"contentUrl\":\"https:\/\/www.swissraft.ch\/wp-content\/uploads\/2025\/09\/Capture.jpg\",\"width\":293,\"height\":108,\"caption\":\"Swissraft\"},\"image\":{\"@id\":\"https:\/\/www.swissraft.ch\/de\/#\/schema\/logo\/image\/\"}}]}<\/script>\n<!-- \/ Yoast SEO plugin. -->","yoast_head_json":{"title":"Rundflug Meringues im Emmental von Bern-Belp mit Helikopter","description":"Rundflug Meringues im Emmental von Bern-Belp im Helikopter f\u00fcr einen 45-min\u00fctigen Flug mit Zwischenlandung, um die ber\u00fchmten Meringues zu probieren","robots":{"index":"index","follow":"follow","max-snippet":"max-snippet:-1","max-image-preview":"max-image-preview:large","max-video-preview":"max-video-preview:-1"},"canonical":"https:\/\/www.swissraft.ch\/de\/produkt\/helikopterflug-bern-belp-rundflug-meringues-emmental\/","og_locale":"de_DE","og_type":"article","og_title":"Rundflug Meringues im Emmental von Bern-Belp mit Helikopter","og_description":"Rundflug Meringues im Emmental von Bern-Belp im Helikopter f\u00fcr einen 45-min\u00fctigen Flug mit Zwischenlandung, um die ber\u00fchmten Meringues zu probieren","og_url":"https:\/\/www.swissraft.ch\/de\/produkt\/helikopterflug-bern-belp-rundflug-meringues-emmental\/","og_site_name":"Swissraft","article_modified_time":"2026-04-16T22:52:43+00:00","og_image":[{"width":776,"height":776,"url":"https:\/\/www.swissraft.ch\/wp-content\/uploads\/2022\/11\/11-BERN-BELP-Meringues-im-Emmental-776x776-2.jpg","type":"image\/jpeg"}],"twitter_card":"summary_large_image","twitter_misc":{"Gesch\u00e4tzte Lesezeit":"1\u00a0Minute"},"schema":{"@context":"https:\/\/schema.org","@graph":[{"@type":"WebPage","@id":"https:\/\/www.swissraft.ch\/de\/produkt\/helikopterflug-bern-belp-rundflug-meringues-emmental\/","url":"https:\/\/www.swissraft.ch\/de\/produkt\/helikopterflug-bern-belp-rundflug-meringues-emmental\/","name":"Rundflug Meringues im Emmental von Bern-Belp mit Helikopter","isPartOf":{"@id":"https:\/\/www.swissraft.ch\/de\/#website"},"primaryImageOfPage":{"@id":"https:\/\/www.swissraft.ch\/de\/produkt\/helikopterflug-bern-belp-rundflug-meringues-emmental\/#primaryimage"},"image":{"@id":"https:\/\/www.swissraft.ch\/de\/produkt\/helikopterflug-bern-belp-rundflug-meringues-emmental\/#primaryimage"},"thumbnailUrl":"https:\/\/www.swissraft.ch\/wp-content\/uploads\/2022\/11\/11-BERN-BELP-Meringues-im-Emmental-776x776-2.jpg","datePublished":"2022-11-23T09:50:13+00:00","dateModified":"2026-04-16T22:52:43+00:00","description":"Rundflug Meringues im Emmental von Bern-Belp im Helikopter f\u00fcr einen 45-min\u00fctigen Flug mit Zwischenlandung, um die ber\u00fchmten Meringues zu probieren","breadcrumb":{"@id":"https:\/\/www.swissraft.ch\/de\/produkt\/helikopterflug-bern-belp-rundflug-meringues-emmental\/#breadcrumb"},"inLanguage":"de","potentialAction":[{"@type":"ReadAction","target":["https:\/\/www.swissraft.ch\/de\/produkt\/helikopterflug-bern-belp-rundflug-meringues-emmental\/"]}]},{"@type":"ImageObject","inLanguage":"de","@id":"https:\/\/www.swissraft.ch\/de\/produkt\/helikopterflug-bern-belp-rundflug-meringues-emmental\/#primaryimage","url":"https:\/\/www.swissraft.ch\/wp-content\/uploads\/2022\/11\/11-BERN-BELP-Meringues-im-Emmental-776x776-2.jpg","contentUrl":"https:\/\/www.swissraft.ch\/wp-content\/uploads\/2022\/11\/11-BERN-BELP-Meringues-im-Emmental-776x776-2.jpg","width":776,"height":776,"caption":"Von Bern-Belp mit dem Helikopter Rundflug Meringues im Emmental"},{"@type":"BreadcrumbList","@id":"https:\/\/www.swissraft.ch\/de\/produkt\/helikopterflug-bern-belp-rundflug-meringues-emmental\/#breadcrumb","itemListElement":[{"@type":"ListItem","position":1,"name":"Accueil","item":"https:\/\/www.swissraft.ch\/de\/"},{"@type":"ListItem","position":2,"name":"Shop","item":"https:\/\/www.swissraft.ch\/de\/shop\/"},{"@type":"ListItem","position":3,"name":"Helikopterflug &#8211; Bern-Belp &#8211; Meringues &#8211; Emmental &#8211; 45 Min. &#8211; Ab CHF 1&rsquo;810.00"}]},{"@type":"WebSite","@id":"https:\/\/www.swissraft.ch\/de\/#website","url":"https:\/\/www.swissraft.ch\/de\/","name":"Swissraft","description":"To enjoy nature as it is","publisher":{"@id":"https:\/\/www.swissraft.ch\/de\/#organization"},"potentialAction":[{"@type":"SearchAction","target":{"@type":"EntryPoint","urlTemplate":"https:\/\/www.swissraft.ch\/de\/?s={search_term_string}"},"query-input":{"@type":"PropertyValueSpecification","valueRequired":true,"valueName":"search_term_string"}}],"inLanguage":"de"},{"@type":"Organization","@id":"https:\/\/www.swissraft.ch\/de\/#organization","name":"Swissraft","url":"https:\/\/www.swissraft.ch\/de\/","logo":{"@type":"ImageObject","inLanguage":"de","@id":"https:\/\/www.swissraft.ch\/de\/#\/schema\/logo\/image\/","url":"https:\/\/www.swissraft.ch\/wp-content\/uploads\/2025\/09\/Capture.jpg","contentUrl":"https:\/\/www.swissraft.ch\/wp-content\/uploads\/2025\/09\/Capture.jpg","width":293,"height":108,"caption":"Swissraft"},"image":{"@id":"https:\/\/www.swissraft.ch\/de\/#\/schema\/logo\/image\/"}}]}},"_links":{"self":[{"href":"https:\/\/www.swissraft.ch\/de\/wp-json\/wp\/v2\/product\/91933","targetHints":{"allow":["GET"]}}],"collection":[{"href":"https:\/\/www.swissraft.ch\/de\/wp-json\/wp\/v2\/product"}],"about":[{"href":"https:\/\/www.swissraft.ch\/de\/wp-json\/wp\/v2\/types\/product"}],"replies":[{"embeddable":true,"href":"https:\/\/www.swissraft.ch\/de\/wp-json\/wp\/v2\/comments?post=91933"}],"version-history":[{"count":31,"href":"https:\/\/www.swissraft.ch\/de\/wp-json\/wp\/v2\/product\/91933\/revisions"}],"predecessor-version":[{"id":140421,"href":"https:\/\/www.swissraft.ch\/de\/wp-json\/wp\/v2\/product\/91933\/revisions\/140421"}],"wp:featuredmedia":[{"embeddable":true,"href":"https:\/\/www.swissraft.ch\/de\/wp-json\/wp\/v2\/media\/87265"}],"wp:attachment":[{"href":"https:\/\/www.swissraft.ch\/de\/wp-json\/wp\/v2\/media?parent=91933"}],"wp:term":[{"taxonomy":"product_cat","embeddable":true,"href":"https:\/\/www.swissraft.ch\/de\/wp-json\/wp\/v2\/product_cat?post=91933"},{"taxonomy":"product_tag","embeddable":true,"href":"https:\/\/www.swissraft.ch\/de\/wp-json\/wp\/v2\/product_tag?post=91933"}],"curies":[{"name":"wp","href":"https:\/\/api.w.org\/{rel}","templated":true}]}}