{"id":91927,"date":"2022-11-22T16:46:07","date_gmt":"2022-11-22T15:46:07","guid":{"rendered":"https:\/\/swissraft.xyanzkdne.eu\/product\/hubschrauberflug-von-belp-eiger-moench-etjungfraujoch-45-min-ab-chf-380-00\/"},"modified":"2026-02-01T22:26:29","modified_gmt":"2026-02-01T21:26:29","slug":"helikopterflug-bern-belp-eiger-moench-und-jungfraujoch","status":"publish","type":"product","link":"https:\/\/www.swissraft.ch\/de\/produkt\/helikopterflug-bern-belp-eiger-moench-und-jungfraujoch\/","title":{"rendered":"Helikopterflug von BERN-BELP &#8211; EIGER, M\u00d6NCH JUNGFRAUJOCH &#8211; 45 Min. &#8211; Ab CHF 410.00"},"content":{"rendered":"\t\t<div data-elementor-type=\"wp-post\" data-elementor-id=\"91927\" class=\"elementor elementor-91927 elementor-29110\">\n\t\t\t\t\t\t\t\t\t<section class=\"elementor-section elementor-top-section elementor-element elementor-element-3303a7e3 elementor-section-boxed elementor-section-height-default elementor-section-height-default\" data-id=\"3303a7e3\" data-element_type=\"section\">\n\t\t\t\t\t\t<div class=\"elementor-container elementor-column-gap-default\">\n\t\t\t\t\t<div class=\"elementor-column elementor-col-100 elementor-top-column elementor-element elementor-element-16d72dbf\" data-id=\"16d72dbf\" data-element_type=\"column\">\n\t\t\t<div class=\"elementor-widget-wrap elementor-element-populated\">\n\t\t\t\t\t\t\t\t<div class=\"elementor-element elementor-element-d743c03 elementor-widget elementor-widget-text-editor\" data-id=\"d743c03\" data-element_type=\"widget\" data-widget_type=\"text-editor.default\">\n\t\t\t\t<div class=\"elementor-widget-container\">\n\t\t\t\t\t\t\t<h2>W\u00c4HLEN SIE UNTEN IHRE AKTIVIT\u00c4T AUS, UM GESCHENKGUTSCHEINE \/ TICKETS ZU VERSCHENKEN ODER ZU BUCHEN<\/h2><table style=\"height: 290px;\" border=\"0\" width=\"580\" cellspacing=\"10\" cellpadding=\"10\"><tbody><tr><td width=\"50%\"><strong>1) EIGER M\u00d6NCH UND JUNGFRAUJOCH &#8211; 45 Min.<\/strong><\/td><td><strong>CHF 410.00 pro Person<\/strong><\/td><\/tr><tr><td>Zus\u00e4tzliche Informationen<\/td><td>&#8211; Sie werden mit anderen Passagieren zusammen sein<br \/>&#8211; Flug ab 4 Pers.<\/td><\/tr><tr><td>Flughafen<\/td><td><a href=\"https:\/\/www.google.ch\/maps\/place\/Muristrasse+114,+3123+Belp\/@46.9054073,7.4971459,192m\/data=!3m1!1e3!4m6!3m5!1s0x478e37cc7fe34b07:0xd2876f33b4e5b28c!8m2!3d46.905372!4d7.4984699!16s%2Fg%2F11c279q9ks?hl=fr&amp;entry=ttu\" target=\"_blank\" rel=\"noopener\">Bern-Belp<\/a><\/td><\/tr><tr><td>Flugzeit<\/td><td>45 Min.<\/td><\/tr><tr><td>Gesamtdauer<\/td><td>ca. 1:15 Std.<\/td><\/tr><tr><td>Termin<\/td><td>Per Telefon<\/td><\/tr><tr><td><a href=\"https:\/\/swissraft.outdoorbooking.ch\/fo\/products\/1824?base_id=9&amp;category_id=6&amp;order_type=gift_voucher&amp;lang=de\" target=\"_blank\" rel=\"noopener\"><button class=\"elementor-button\" type=\"button\">GUTSCHEIN \/ TICKET KAUFEN<\/button><\/a><\/td><td><span style=\"font-weight: bold; background-color: #ffffff;\">CHF <strong>410.00<\/strong><\/span><span style=\"background-color: #ffffff;\">\/Pers.<\/span><\/td><\/tr><tr><td><a href=\"https:\/\/swissraft.outdoorbooking.ch\/fo\/products\/2091?base_id=9&amp;category_id=6&amp;order_type=gift_voucher&amp;lang=de\" target=\"_blank\" rel=\"noopener\"><button class=\"elementor-button\" type=\"button\">GUTSCHEIN \/ TICKET KAUFEN<\/button><\/a><\/td><td><span style=\"font-weight: bold; background-color: #ffffff;\">CHF 1&#8217;640.00 &#8211; <\/span><strong><span style=\"background-color: #ffffff;\">Privatflug (4 Pers.)<\/span><\/strong><\/td><\/tr><tr><td>\u00a0<\/td><td><strong><em>WICHTIG !<br \/><\/em><\/strong><em>Um zu reservieren, rufen Sie die Nummer an, die sich oben links auf dem Gutschein \/ Ticket befindet.<\/em><\/td><\/tr><\/tbody><\/table><table style=\"height: 290px;\" border=\"0\" width=\"580\" cellspacing=\"10\" cellpadding=\"10\"><tbody><tr><td width=\"50%\"><strong>2) EIGER M\u00d6NCH UND JUNGFRAUJOCH &#8211; PRIVATFLUG (3-5 pax) &#8211; 45 Min.<\/strong><\/td><td><strong>Ab CHF 1&#8217;210.00 pro Privatflug<\/strong><\/td><\/tr><tr><td>Zus\u00e4tzliche Informationen<\/td><td>&#8211; Sie haben den Helikopter ausschlie\u00dflich f\u00fcr sich<br \/>&#8211; Sie bestimmen das Datum und die Uhrzeit des Abflugs<br \/>&#8211; Maximal 5 Pers.<\/td><\/tr><tr><td>Flughafen<\/td><td><a href=\"https:\/\/www.google.ch\/maps\/place\/Flugplatzstrasse+9,+3123+Belp\/@46.9110741,7.5014815,384m\/data=!3m1!1e3!4m6!3m5!1s0x478e364abf3cd12d:0x66533198ed658320!8m2!3d46.9109935!4d7.5040993!16s%2Fg%2F11c2cjv1zm?hl=fr&amp;entry=ttu\" target=\"_blank\" rel=\"noopener\">Bern-Belp<\/a><\/td><\/tr><tr><td>Flugzeit<\/td><td>45 Min.<\/td><\/tr><tr><td>Gesamtdauer<\/td><td>ca. 1:15 Std.<\/td><\/tr><tr><td>Termin<\/td><td>Per Telefon<\/td><\/tr><tr><td><a href=\"https:\/\/swissraft.outdoorbooking.ch:443\/fo\/products\/1380?base_id=211&amp;category_id=6&amp;order_type=gift_voucher&amp;lang=de\" target=\"_blank\" rel=\"noopener\"><button class=\"elementor-button\" type=\"button\">GUTSCHEIN \/ TICKET KAUFEN<\/button><\/a><\/td><td><span style=\"font-weight: bold; background-color: #ffffff;\">CHF 1&#8217;210.00<\/span><strong><span style=\"background-color: #ffffff;\"> &#8211; <\/span><span style=\"background-color: #ffffff;\">Privatflug (3 Pers.)<\/span><\/strong><\/td><\/tr><tr><td><a href=\"https:\/\/swissraft.outdoorbooking.ch\/fo\/products\/933?base_id=116&amp;category_id=6&amp;order_type=gift_voucher&amp;lang=de\" target=\"_blank\" rel=\"noopener\"><button class=\"elementor-button\" type=\"button\">GUTSCHEIN \/ TICKET KAUFEN<\/button><\/a><\/td><td><span style=\"font-weight: bold; background-color: #ffffff;\">CHF 2&#8217;150.00<\/span><strong><span style=\"background-color: #ffffff;\"> &#8211; <\/span><span style=\"background-color: #ffffff;\">Privatflug (5 Pers.)<\/span><\/strong><\/td><\/tr><tr><td>\u00a0<\/td><td><strong><em>WICHTIG !<br \/><\/em><\/strong><em>Um zu reservieren, rufen Sie die Nummer an, die sich oben links auf dem Gutschein \/ Ticket befindet.<\/em><\/td><\/tr><\/tbody><\/table>\t\t\t\t\t\t<\/div>\n\t\t\t\t<\/div>\n\t\t\t\t\t<\/div>\n\t\t<\/div>\n\t\t\t\t\t\t\t<\/div>\n\t\t<\/section>\n\t\t\t\t\t\t\t<\/div>\n\t\t","protected":false},"excerpt":{"rendered":"<div align=\"justify\">\n<h2 align=\"justify\">45-min\u00fctiger Helikopterflug zu den ber\u00fchmten Berner Alpen: Eiger, M\u00f6nch und Jungfraujoch<\/h2>\n<h3>Dieser Rundflug von Bern-Belp aus wird Ihnen in Erinnerung bleiben.<\/h3>\n<\/div>\n<div align=\"justify\">\n<p>Von Belp aus fahren Sie nach Thun, Interlaken, Grindelwald und dann zum Eigermassiv. Ganz nah an der mythischen Eiger-Nordwand und dann entlang der Jungfrau mit ihrer beeindruckenden Sphinx. Dann das Schilthorn, der Niesen, die Stockhornkette. Und zum Schluss das G\u00fcrbetal, bevor wir wieder auf dem Flughafen Bern-Belp zur Ruhe kommen.<\/p>\n<h3>Swissraft bietet Ihnen auf dieser Seite weitere Rundfl\u00fcge von vielen Heliports und Flugpl\u00e4tzen in der Schweiz an; \u00fcber 150 Helikoperrundfl\u00fcge.<\/h3>\n<p id=\"textarea\" style=\"display: none;\">Wir starten auch im Wallis vom Flughafen Sitten und von den Heliports Gampel und Collombey. Au\u00dferdem bieten wir Fl\u00fcge von Interlaken-Gsteigwiler im Berner Oberland an. Zum einen haben wir Fl\u00fcge vom Heliport Gstaad-Grund und vom Flugplatz Saanen im Saanenland. Au\u00dferdem gibt es Fl\u00fcge von den Heliports Lauterbrunnen, Lenk-Simmental und Schattenhalb-Meiringen im Berner Oberland. Au\u00dferdem fliegen wir vom Flughafen Z\u00fcrich-Kloten ab. Au\u00dferdem fliegen wir in den Aargau von Buttwil und vom Flughafen Grenchen im Kanton Solothurn. Aber auch vom Helikopterlandeplatz Pfaffnau in der N\u00e4he von Luzern. Gleichzeitig fliegen wir im Kanton Uri vom Heliport Erstfeld und im Kanton Schwyz vom Heliport K\u00fcssnacht aus. Aber auch vom Flughafen \u00c9pagny im Greyerzerland im Kanton Freiburg. Wir haben auch Fl\u00fcge in den Kanton Tessin von den Flugpl\u00e4tzen Locarno-Magadino und Lodrino aus. Wir fliegen in Graub\u00fcnden von den Heliports Flims, Tavanasa und Untervaz aus. Au\u00dferdem bieten wir das ganze Jahr \u00fcber Fl\u00fcge ins Engadin ab dem Heliport Samedan an. Aber auch vom Heliport Balzers in Liechtenstein und im Kanton Thurgau vom Flugplatz Sitterdorf aus.\n<\/p>\n<p><a id=\"seeMore\" onclick=\"toggleSeeMore()\" href=\"javascript:void(0);\">Lesen Sie mehr<\/a><\/p>\n","protected":false},"featured_media":85576,"comment_status":"open","ping_status":"closed","template":"","meta":{"inline_featured_image":false,"_mi_skip_tracking":false},"product_cat":[263,307],"product_tag":[],"class_list":["post-91927","product","type-product","status-publish","has-post-thumbnail","hentry","product_cat-helikopterflug-in-der-schweiz","product_cat-helikopterrundflug-berne-belp"],"yoast_head":"<!-- This site is optimized with the Yoast SEO plugin v23.6 - https:\/\/yoast.com\/wordpress\/plugins\/seo\/ -->\n<title>Eiger M\u00f6nch und Jungfraujoch. Dieser Flug ist einer der spektakul\u00e4rsten<\/title>\n<meta name=\"description\" content=\"Eiger M\u00f6nch und Jungfraujoch. Sie werden einen herrlichen Flug erleben, bei dem Sie der ber\u00fchmten Nordwand des Eigers so nahe wie m\u00f6glich kommen. Dieses Massiv ist wirklich sehr imposant\" \/>\n<meta name=\"robots\" content=\"index, follow, max-snippet:-1, max-image-preview:large, max-video-preview:-1\" \/>\n<link rel=\"canonical\" href=\"https:\/\/www.swissraft.ch\/de\/produkt\/helikopterflug-bern-belp-eiger-moench-und-jungfraujoch\/\" \/>\n<meta property=\"og:locale\" content=\"de_DE\" \/>\n<meta property=\"og:type\" content=\"article\" \/>\n<meta property=\"og:title\" content=\"Eiger M\u00f6nch und Jungfraujoch. Dieser Flug ist einer der spektakul\u00e4rsten\" \/>\n<meta property=\"og:description\" content=\"Eiger M\u00f6nch und Jungfraujoch. Sie werden einen herrlichen Flug erleben, bei dem Sie der ber\u00fchmten Nordwand des Eigers so nahe wie m\u00f6glich kommen. Dieses Massiv ist wirklich sehr imposant\" \/>\n<meta property=\"og:url\" content=\"https:\/\/www.swissraft.ch\/de\/produkt\/helikopterflug-bern-belp-eiger-moench-und-jungfraujoch\/\" \/>\n<meta property=\"og:site_name\" content=\"Swissraft\" \/>\n<meta property=\"article:modified_time\" content=\"2026-02-01T21:26:29+00:00\" \/>\n<meta property=\"og:image\" content=\"https:\/\/www.swissraft.ch\/wp-content\/uploads\/2022\/11\/07-BERN-BELP-Eiger-Monch-Jungfrau-Rundflug-776x776-2.jpg\" \/>\n\t<meta property=\"og:image:width\" content=\"776\" \/>\n\t<meta property=\"og:image:height\" content=\"776\" \/>\n\t<meta property=\"og:image:type\" content=\"image\/jpeg\" \/>\n<meta name=\"twitter:card\" content=\"summary_large_image\" \/>\n<meta name=\"twitter:label1\" content=\"Gesch\u00e4tzte Lesezeit\" \/>\n\t<meta name=\"twitter:data1\" content=\"1\u00a0Minute\" \/>\n<script type=\"application\/ld+json\" class=\"yoast-schema-graph\">{\"@context\":\"https:\/\/schema.org\",\"@graph\":[{\"@type\":\"WebPage\",\"@id\":\"https:\/\/www.swissraft.ch\/de\/produkt\/helikopterflug-bern-belp-eiger-moench-und-jungfraujoch\/\",\"url\":\"https:\/\/www.swissraft.ch\/de\/produkt\/helikopterflug-bern-belp-eiger-moench-und-jungfraujoch\/\",\"name\":\"Eiger M\u00f6nch und Jungfraujoch. Dieser Flug ist einer der spektakul\u00e4rsten\",\"isPartOf\":{\"@id\":\"https:\/\/www.swissraft.ch\/de\/#website\"},\"primaryImageOfPage\":{\"@id\":\"https:\/\/www.swissraft.ch\/de\/produkt\/helikopterflug-bern-belp-eiger-moench-und-jungfraujoch\/#primaryimage\"},\"image\":{\"@id\":\"https:\/\/www.swissraft.ch\/de\/produkt\/helikopterflug-bern-belp-eiger-moench-und-jungfraujoch\/#primaryimage\"},\"thumbnailUrl\":\"https:\/\/www.swissraft.ch\/wp-content\/uploads\/2022\/11\/07-BERN-BELP-Eiger-Monch-Jungfrau-Rundflug-776x776-2.jpg\",\"datePublished\":\"2022-11-22T15:46:07+00:00\",\"dateModified\":\"2026-02-01T21:26:29+00:00\",\"description\":\"Eiger M\u00f6nch und Jungfraujoch. Sie werden einen herrlichen Flug erleben, bei dem Sie der ber\u00fchmten Nordwand des Eigers so nahe wie m\u00f6glich kommen. Dieses Massiv ist wirklich sehr imposant\",\"breadcrumb\":{\"@id\":\"https:\/\/www.swissraft.ch\/de\/produkt\/helikopterflug-bern-belp-eiger-moench-und-jungfraujoch\/#breadcrumb\"},\"inLanguage\":\"de\",\"potentialAction\":[{\"@type\":\"ReadAction\",\"target\":[\"https:\/\/www.swissraft.ch\/de\/produkt\/helikopterflug-bern-belp-eiger-moench-und-jungfraujoch\/\"]}]},{\"@type\":\"ImageObject\",\"inLanguage\":\"de\",\"@id\":\"https:\/\/www.swissraft.ch\/de\/produkt\/helikopterflug-bern-belp-eiger-moench-und-jungfraujoch\/#primaryimage\",\"url\":\"https:\/\/www.swissraft.ch\/wp-content\/uploads\/2022\/11\/07-BERN-BELP-Eiger-Monch-Jungfrau-Rundflug-776x776-2.jpg\",\"contentUrl\":\"https:\/\/www.swissraft.ch\/wp-content\/uploads\/2022\/11\/07-BERN-BELP-Eiger-Monch-Jungfrau-Rundflug-776x776-2.jpg\",\"width\":776,\"height\":776,\"caption\":\"Eiger M\u00f6nch und Jungfraujoch\"},{\"@type\":\"BreadcrumbList\",\"@id\":\"https:\/\/www.swissraft.ch\/de\/produkt\/helikopterflug-bern-belp-eiger-moench-und-jungfraujoch\/#breadcrumb\",\"itemListElement\":[{\"@type\":\"ListItem\",\"position\":1,\"name\":\"Accueil\",\"item\":\"https:\/\/www.swissraft.ch\/de\/\"},{\"@type\":\"ListItem\",\"position\":2,\"name\":\"Shop\",\"item\":\"https:\/\/www.swissraft.ch\/de\/shop\/\"},{\"@type\":\"ListItem\",\"position\":3,\"name\":\"Helikopterflug von BERN-BELP &#8211; EIGER, M\u00d6NCH JUNGFRAUJOCH &#8211; 45 Min. &#8211; Ab CHF 410.00\"}]},{\"@type\":\"WebSite\",\"@id\":\"https:\/\/www.swissraft.ch\/de\/#website\",\"url\":\"https:\/\/www.swissraft.ch\/de\/\",\"name\":\"Swissraft\",\"description\":\"To enjoy nature as it is\",\"publisher\":{\"@id\":\"https:\/\/www.swissraft.ch\/de\/#organization\"},\"potentialAction\":[{\"@type\":\"SearchAction\",\"target\":{\"@type\":\"EntryPoint\",\"urlTemplate\":\"https:\/\/www.swissraft.ch\/de\/?s={search_term_string}\"},\"query-input\":{\"@type\":\"PropertyValueSpecification\",\"valueRequired\":true,\"valueName\":\"search_term_string\"}}],\"inLanguage\":\"de\"},{\"@type\":\"Organization\",\"@id\":\"https:\/\/www.swissraft.ch\/de\/#organization\",\"name\":\"Swissraft\",\"url\":\"https:\/\/www.swissraft.ch\/de\/\",\"logo\":{\"@type\":\"ImageObject\",\"inLanguage\":\"de\",\"@id\":\"https:\/\/www.swissraft.ch\/de\/#\/schema\/logo\/image\/\",\"url\":\"https:\/\/www.swissraft.ch\/wp-content\/uploads\/2025\/09\/Capture.jpg\",\"contentUrl\":\"https:\/\/www.swissraft.ch\/wp-content\/uploads\/2025\/09\/Capture.jpg\",\"width\":293,\"height\":108,\"caption\":\"Swissraft\"},\"image\":{\"@id\":\"https:\/\/www.swissraft.ch\/de\/#\/schema\/logo\/image\/\"}}]}<\/script>\n<!-- \/ Yoast SEO plugin. -->","yoast_head_json":{"title":"Eiger M\u00f6nch und Jungfraujoch. Dieser Flug ist einer der spektakul\u00e4rsten","description":"Eiger M\u00f6nch und Jungfraujoch. Sie werden einen herrlichen Flug erleben, bei dem Sie der ber\u00fchmten Nordwand des Eigers so nahe wie m\u00f6glich kommen. Dieses Massiv ist wirklich sehr imposant","robots":{"index":"index","follow":"follow","max-snippet":"max-snippet:-1","max-image-preview":"max-image-preview:large","max-video-preview":"max-video-preview:-1"},"canonical":"https:\/\/www.swissraft.ch\/de\/produkt\/helikopterflug-bern-belp-eiger-moench-und-jungfraujoch\/","og_locale":"de_DE","og_type":"article","og_title":"Eiger M\u00f6nch und Jungfraujoch. Dieser Flug ist einer der spektakul\u00e4rsten","og_description":"Eiger M\u00f6nch und Jungfraujoch. Sie werden einen herrlichen Flug erleben, bei dem Sie der ber\u00fchmten Nordwand des Eigers so nahe wie m\u00f6glich kommen. Dieses Massiv ist wirklich sehr imposant","og_url":"https:\/\/www.swissraft.ch\/de\/produkt\/helikopterflug-bern-belp-eiger-moench-und-jungfraujoch\/","og_site_name":"Swissraft","article_modified_time":"2026-02-01T21:26:29+00:00","og_image":[{"width":776,"height":776,"url":"https:\/\/www.swissraft.ch\/wp-content\/uploads\/2022\/11\/07-BERN-BELP-Eiger-Monch-Jungfrau-Rundflug-776x776-2.jpg","type":"image\/jpeg"}],"twitter_card":"summary_large_image","twitter_misc":{"Gesch\u00e4tzte Lesezeit":"1\u00a0Minute"},"schema":{"@context":"https:\/\/schema.org","@graph":[{"@type":"WebPage","@id":"https:\/\/www.swissraft.ch\/de\/produkt\/helikopterflug-bern-belp-eiger-moench-und-jungfraujoch\/","url":"https:\/\/www.swissraft.ch\/de\/produkt\/helikopterflug-bern-belp-eiger-moench-und-jungfraujoch\/","name":"Eiger M\u00f6nch und Jungfraujoch. Dieser Flug ist einer der spektakul\u00e4rsten","isPartOf":{"@id":"https:\/\/www.swissraft.ch\/de\/#website"},"primaryImageOfPage":{"@id":"https:\/\/www.swissraft.ch\/de\/produkt\/helikopterflug-bern-belp-eiger-moench-und-jungfraujoch\/#primaryimage"},"image":{"@id":"https:\/\/www.swissraft.ch\/de\/produkt\/helikopterflug-bern-belp-eiger-moench-und-jungfraujoch\/#primaryimage"},"thumbnailUrl":"https:\/\/www.swissraft.ch\/wp-content\/uploads\/2022\/11\/07-BERN-BELP-Eiger-Monch-Jungfrau-Rundflug-776x776-2.jpg","datePublished":"2022-11-22T15:46:07+00:00","dateModified":"2026-02-01T21:26:29+00:00","description":"Eiger M\u00f6nch und Jungfraujoch. Sie werden einen herrlichen Flug erleben, bei dem Sie der ber\u00fchmten Nordwand des Eigers so nahe wie m\u00f6glich kommen. Dieses Massiv ist wirklich sehr imposant","breadcrumb":{"@id":"https:\/\/www.swissraft.ch\/de\/produkt\/helikopterflug-bern-belp-eiger-moench-und-jungfraujoch\/#breadcrumb"},"inLanguage":"de","potentialAction":[{"@type":"ReadAction","target":["https:\/\/www.swissraft.ch\/de\/produkt\/helikopterflug-bern-belp-eiger-moench-und-jungfraujoch\/"]}]},{"@type":"ImageObject","inLanguage":"de","@id":"https:\/\/www.swissraft.ch\/de\/produkt\/helikopterflug-bern-belp-eiger-moench-und-jungfraujoch\/#primaryimage","url":"https:\/\/www.swissraft.ch\/wp-content\/uploads\/2022\/11\/07-BERN-BELP-Eiger-Monch-Jungfrau-Rundflug-776x776-2.jpg","contentUrl":"https:\/\/www.swissraft.ch\/wp-content\/uploads\/2022\/11\/07-BERN-BELP-Eiger-Monch-Jungfrau-Rundflug-776x776-2.jpg","width":776,"height":776,"caption":"Eiger M\u00f6nch und Jungfraujoch"},{"@type":"BreadcrumbList","@id":"https:\/\/www.swissraft.ch\/de\/produkt\/helikopterflug-bern-belp-eiger-moench-und-jungfraujoch\/#breadcrumb","itemListElement":[{"@type":"ListItem","position":1,"name":"Accueil","item":"https:\/\/www.swissraft.ch\/de\/"},{"@type":"ListItem","position":2,"name":"Shop","item":"https:\/\/www.swissraft.ch\/de\/shop\/"},{"@type":"ListItem","position":3,"name":"Helikopterflug von BERN-BELP &#8211; EIGER, M\u00d6NCH JUNGFRAUJOCH &#8211; 45 Min. &#8211; Ab CHF 410.00"}]},{"@type":"WebSite","@id":"https:\/\/www.swissraft.ch\/de\/#website","url":"https:\/\/www.swissraft.ch\/de\/","name":"Swissraft","description":"To enjoy nature as it is","publisher":{"@id":"https:\/\/www.swissraft.ch\/de\/#organization"},"potentialAction":[{"@type":"SearchAction","target":{"@type":"EntryPoint","urlTemplate":"https:\/\/www.swissraft.ch\/de\/?s={search_term_string}"},"query-input":{"@type":"PropertyValueSpecification","valueRequired":true,"valueName":"search_term_string"}}],"inLanguage":"de"},{"@type":"Organization","@id":"https:\/\/www.swissraft.ch\/de\/#organization","name":"Swissraft","url":"https:\/\/www.swissraft.ch\/de\/","logo":{"@type":"ImageObject","inLanguage":"de","@id":"https:\/\/www.swissraft.ch\/de\/#\/schema\/logo\/image\/","url":"https:\/\/www.swissraft.ch\/wp-content\/uploads\/2025\/09\/Capture.jpg","contentUrl":"https:\/\/www.swissraft.ch\/wp-content\/uploads\/2025\/09\/Capture.jpg","width":293,"height":108,"caption":"Swissraft"},"image":{"@id":"https:\/\/www.swissraft.ch\/de\/#\/schema\/logo\/image\/"}}]}},"_links":{"self":[{"href":"https:\/\/www.swissraft.ch\/de\/wp-json\/wp\/v2\/product\/91927","targetHints":{"allow":["GET"]}}],"collection":[{"href":"https:\/\/www.swissraft.ch\/de\/wp-json\/wp\/v2\/product"}],"about":[{"href":"https:\/\/www.swissraft.ch\/de\/wp-json\/wp\/v2\/types\/product"}],"replies":[{"embeddable":true,"href":"https:\/\/www.swissraft.ch\/de\/wp-json\/wp\/v2\/comments?post=91927"}],"version-history":[{"count":57,"href":"https:\/\/www.swissraft.ch\/de\/wp-json\/wp\/v2\/product\/91927\/revisions"}],"predecessor-version":[{"id":128490,"href":"https:\/\/www.swissraft.ch\/de\/wp-json\/wp\/v2\/product\/91927\/revisions\/128490"}],"wp:featuredmedia":[{"embeddable":true,"href":"https:\/\/www.swissraft.ch\/de\/wp-json\/wp\/v2\/media\/85576"}],"wp:attachment":[{"href":"https:\/\/www.swissraft.ch\/de\/wp-json\/wp\/v2\/media?parent=91927"}],"wp:term":[{"taxonomy":"product_cat","embeddable":true,"href":"https:\/\/www.swissraft.ch\/de\/wp-json\/wp\/v2\/product_cat?post=91927"},{"taxonomy":"product_tag","embeddable":true,"href":"https:\/\/www.swissraft.ch\/de\/wp-json\/wp\/v2\/product_tag?post=91927"}],"curies":[{"name":"wp","href":"https:\/\/api.w.org\/{rel}","templated":true}]}}