{"id":91923,"date":"2022-11-06T12:06:41","date_gmt":"2022-11-06T11:06:41","guid":{"rendered":"https:\/\/swissraft.xyanzkdne.eu\/product\/helikopterflug-von-berne-belp-thunsee-30-min-ab-chf-299-00\/"},"modified":"2026-04-16T22:46:23","modified_gmt":"2026-04-16T20:46:23","slug":"helikopterflug-bern-belp-rundflug-thunersee","status":"publish","type":"product","link":"https:\/\/www.swissraft.ch\/de\/produkt\/helikopterflug-bern-belp-rundflug-thunersee\/","title":{"rendered":"Helikopterflug &#8211; Bern-Belp &#8211; Thunersee &#8211; 30 Min. &#8211; Ab CHF 306.00"},"content":{"rendered":"\t\t<div data-elementor-type=\"wp-post\" data-elementor-id=\"91923\" class=\"elementor elementor-91923 elementor-29060\">\n\t\t\t\t\t\t\t\t\t<section class=\"elementor-section elementor-top-section elementor-element elementor-element-3303a7e3 elementor-section-boxed elementor-section-height-default elementor-section-height-default\" data-id=\"3303a7e3\" data-element_type=\"section\">\n\t\t\t\t\t\t<div class=\"elementor-container elementor-column-gap-default\">\n\t\t\t\t\t<div class=\"elementor-column elementor-col-100 elementor-top-column elementor-element elementor-element-16d72dbf\" data-id=\"16d72dbf\" data-element_type=\"column\">\n\t\t\t<div class=\"elementor-widget-wrap elementor-element-populated\">\n\t\t\t\t\t\t\t\t<div class=\"elementor-element elementor-element-d743c03 elementor-widget elementor-widget-text-editor\" data-id=\"d743c03\" data-element_type=\"widget\" data-widget_type=\"text-editor.default\">\n\t\t\t\t<div class=\"elementor-widget-container\">\n\t\t\t\t\t\t\t<h2>W\u00c4HLEN SIE UNTEN IHRE AKTIVIT\u00c4T AUS, UM GESCHENKGUTSCHEINE \/ TICKETS ZU VERSCHENKEN ODER ZU BUCHEN<\/h2><table style=\"height: 290px;\" border=\"0\" width=\"580\" cellspacing=\"10\" cellpadding=\"10\"><tbody><tr><td width=\"50%\"><strong>RUNDFLUG &#8211; THUNERSEE (1-5 Pers.) &#8211; 30 Min.<\/strong><\/td><td><strong>Ab CHF 306.00 pro Person<\/strong><\/td><\/tr><tr><td>Zus\u00e4tzliche Informationen<\/td><td>&#8211; Sie werden mit anderen Passagieren zusammen sein<br \/>&#8211; Sie werden haupts\u00e4chlich sonntags fliegen<br \/>&#8211; T\u00e4glich Privatflug<br \/>&#8211; Maximal 5 Pers.<\/td><\/tr><tr><td>Flughafen<\/td><td><a href=\"https:\/\/www.google.ch\/maps\/place\/Flugplatzstrasse+9,+3123+Belp\/@46.9110741,7.5014815,384m\/data=!3m1!1e3!4m6!3m5!1s0x478e364abf3cd12d:0x66533198ed658320!8m2!3d46.9109935!4d7.5040993!16s%2Fg%2F11c2cjv1zm?hl=fr&amp;entry=ttu\" target=\"_blank\" rel=\"noopener\">Bern-Belp<\/a><\/td><\/tr><tr><td>Flugzeit<\/td><td>30 Min.<\/td><\/tr><tr><td>Gesamtdauer<\/td><td>ca. 50 Min.<\/td><\/tr><tr><td>Termin<\/td><td>Per Telefon<\/td><\/tr><tr><td><a href=\"https:\/\/swissraft.outdoorbooking.ch\/fo\/products\/922?base_id=113&amp;category_id=6&amp;order_type=gift_voucher&amp;lang=de\" target=\"_blank\" rel=\"noopener\"><button class=\"elementor-button\" type=\"button\">GUTSCHEIN \/ TICKET KAUFEN<\/button><\/a><\/td><td><strong>CHF 306.00<\/strong>\/pers.<\/td><\/tr><tr><td><button class=\"elementor-button\" type=\"button\"><a href=\"https:\/\/swissraft.outdoorbooking.ch\/fo\/products\/928?base_id=211&amp;category_id=6&amp;order_type=gift_voucher&amp;lang=de\" target=\"_blank\" rel=\"noopener\">GUTSCHEIN \/ TICKET KAUFEN<\/a><\/button><\/td><td style=\"text-align: left;\"><strong>CHF 821.00 &#8211; Privatflug<\/strong><strong> (2-3 Pers.)<\/strong><\/td><\/tr><tr><td><button class=\"elementor-button\" type=\"button\"><a href=\"https:\/\/swissraft.outdoorbooking.ch\/fo\/products\/925?base_id=115&amp;category_id=6&amp;order_type=gift_voucher&amp;lang=de\" target=\"_blank\" rel=\"noopener\">GUTSCHEIN \/ TICKET KAUFEN<\/a><\/button><\/td><td style=\"text-align: left;\"><strong>CHF 1&#8217;120.00 &#8211; Privatflug <\/strong><strong>(4 Pers.)<\/strong><\/td><\/tr><tr><td><button class=\"elementor-button\" type=\"button\"><a href=\"https:\/\/swissraft.outdoorbooking.ch\/fo\/products\/926?base_id=116&amp;category_id=6&amp;order_type=gift_voucher&amp;lang=de\" target=\"_blank\" rel=\"noopener\">GUTSCHEIN \/ TICKET KAUFEN<\/a><\/button><\/td><td style=\"text-align: left;\"><strong>CHF 1&#8217;460.00 &#8211; Privatflug (5 Pers.)<\/strong><\/td><\/tr><tr><td>\u00a0<\/td><td style=\"text-align: left;\"><strong><em>WICHTIG !<\/em><\/strong><br \/><em>Um zu reservieren, rufen Sie die Nummer an, die sich oben links auf dem Gutschein \/ Ticket befindet.<\/em><\/td><\/tr><\/tbody><\/table>\t\t\t\t\t\t<\/div>\n\t\t\t\t<\/div>\n\t\t\t\t\t<\/div>\n\t\t<\/div>\n\t\t\t\t\t\t\t<\/div>\n\t\t<\/section>\n\t\t\t\t\t\t\t<\/div>\n\t\t","protected":false},"excerpt":{"rendered":"<div align=\"justify\">\n<h2 align=\"justify\">Auf zu einem 30-min\u00fctigen Helikopterflug \u00fcber die Thunersee-Region.<\/h2>\n<h3>Von Bern-Belp aus starten Sie und haben einen Blick auf den Thunersee, den Niesen und den Brienzersee. Im Hintergrund haben Sie ein spektakul\u00e4res Panorama auf den Eiger, das M\u00f6nch- und Jungfraujochmassiv.<\/h3>\n<\/div>\n<div align=\"justify\">\n<p>Von Bern-Belp aus fliegen Sie nach Zimmerwald, Riggisberg, Spiez, Leissigen, Interlaken. Danach geht es weiter nach Beatenberg, Merligen, Sigriswil, Oberhofen, Konolfingen, bevor Sie wieder auf dem Flughafen Bern-Belp landen.<\/p>\n<h3>Swissraft bietet Ihnen auch andere Helikopterlandepl\u00e4tze und Flugpl\u00e4tze in der Schweiz f\u00fcr einen Helikopterflug an<\/h3>\n<p id=\"textarea\" style=\"display: none;\">\nWir fliegen vom Flughafen Sion und den Helikopterlandepl\u00e4tzen Gampel und Collombey im Wallis. Wir starten auch vom Heliport Interlaken-Gsteigwiler im Berner Oberland. Aber auch vom Helikopterlandeplatz Gstaad-Grund und vom Flugplatz Saanen im Saanenland. Wir bieten auch Rundfl\u00fcge von den Heliports Lauterbrunnen, Lenk-Simmental und Schattenhalb-Meiringen aus an. Au\u00dferdem starten wir vom internationalen Flughafen Z\u00fcrich-Kloten zu sch\u00f6nen Hubschrauberrundfl\u00fcgen. Au\u00dferdem fliegen wir von Buttwil aus in den Aargau und von Grenchen aus in den Kanton Solothurn. Wir bieten Fl\u00fcge vom Hubschrauberlandeplatz Pfaffnau im Kanton Luzern an. Daneben haben wir auch Fl\u00fcge vom Heliport Erstfeld im Kanton Uri und von K\u00fcssnacht im Kanton Schwyz. Au\u00dferdem starten wir vom Flugplatz \u00c9pagny im Greyerzerland im Kanton Freiburg. Wir bieten Fl\u00fcge von den Flugpl\u00e4tzen Locarno und Lodrino im Tessin an. Dann in Graub\u00fcnden von den Helikopterlandepl\u00e4tzen Flims, Tavanasa und Untervaz aus. Dar\u00fcber hinaus bieten wir im Engadin Fl\u00fcge vom Flugplatz Samedan und vom Heliport St. Moritz im Winter. Ebenso starten wir in Liechtenstein vom Heliport Balzers und im Kanton Thurgau vom Flugplatz Sitterdorf aus.\n<\/p>\n<p><a id=\"seeMore\" onclick=\"toggleSeeMore()\" href=\"javascript:void(0);\">Lesen Sie mehr<\/a><\/p>\n","protected":false},"featured_media":85558,"comment_status":"open","ping_status":"closed","template":"","meta":{"inline_featured_image":false,"_mi_skip_tracking":false},"product_cat":[263,307],"product_tag":[],"class_list":["post-91923","product","type-product","status-publish","has-post-thumbnail","hentry","product_cat-helikopterflug-in-der-schweiz","product_cat-helikopterflug-rundflug-berne-belp"],"yoast_head":"<!-- This site is optimized with the Yoast SEO plugin v23.6 - https:\/\/yoast.com\/wordpress\/plugins\/seo\/ -->\n<title>Rundflug Thunersee aus dem Helikopter. Mit auch Brienzersee<\/title>\n<meta name=\"description\" content=\"Rundflug Thunersee. Dieser Helikopterflug f\u00fchrt Sie \u00fcber den Thunersee, den Niesen und den Brienzersee. Ein herrlicher Panoramaflug\" \/>\n<meta name=\"robots\" content=\"index, follow, max-snippet:-1, max-image-preview:large, max-video-preview:-1\" \/>\n<link rel=\"canonical\" href=\"https:\/\/www.swissraft.ch\/de\/produkt\/helikopterflug-bern-belp-rundflug-thunersee\/\" \/>\n<meta property=\"og:locale\" content=\"de_DE\" \/>\n<meta property=\"og:type\" content=\"article\" \/>\n<meta property=\"og:title\" content=\"Rundflug Thunersee aus dem Helikopter. Mit auch Brienzersee\" \/>\n<meta property=\"og:description\" content=\"Rundflug Thunersee. Dieser Helikopterflug f\u00fchrt Sie \u00fcber den Thunersee, den Niesen und den Brienzersee. Ein herrlicher Panoramaflug\" \/>\n<meta property=\"og:url\" content=\"https:\/\/www.swissraft.ch\/de\/produkt\/helikopterflug-bern-belp-rundflug-thunersee\/\" \/>\n<meta property=\"og:site_name\" content=\"Swissraft\" \/>\n<meta property=\"article:modified_time\" content=\"2026-04-16T20:46:23+00:00\" \/>\n<meta property=\"og:image\" content=\"https:\/\/www.swissraft.ch\/wp-content\/uploads\/2022\/11\/04-BERN-BELP-Thunersee-Rundflug-776x776-1.jpg\" \/>\n\t<meta property=\"og:image:width\" content=\"776\" \/>\n\t<meta property=\"og:image:height\" content=\"776\" \/>\n\t<meta property=\"og:image:type\" content=\"image\/jpeg\" \/>\n<meta name=\"twitter:card\" content=\"summary_large_image\" \/>\n<meta name=\"twitter:label1\" content=\"Gesch\u00e4tzte Lesezeit\" \/>\n\t<meta name=\"twitter:data1\" content=\"1\u00a0Minute\" \/>\n<script type=\"application\/ld+json\" class=\"yoast-schema-graph\">{\"@context\":\"https:\/\/schema.org\",\"@graph\":[{\"@type\":\"WebPage\",\"@id\":\"https:\/\/www.swissraft.ch\/de\/produkt\/helikopterflug-bern-belp-rundflug-thunersee\/\",\"url\":\"https:\/\/www.swissraft.ch\/de\/produkt\/helikopterflug-bern-belp-rundflug-thunersee\/\",\"name\":\"Rundflug Thunersee aus dem Helikopter. Mit auch Brienzersee\",\"isPartOf\":{\"@id\":\"https:\/\/www.swissraft.ch\/de\/#website\"},\"primaryImageOfPage\":{\"@id\":\"https:\/\/www.swissraft.ch\/de\/produkt\/helikopterflug-bern-belp-rundflug-thunersee\/#primaryimage\"},\"image\":{\"@id\":\"https:\/\/www.swissraft.ch\/de\/produkt\/helikopterflug-bern-belp-rundflug-thunersee\/#primaryimage\"},\"thumbnailUrl\":\"https:\/\/www.swissraft.ch\/wp-content\/uploads\/2022\/11\/04-BERN-BELP-Thunersee-Rundflug-776x776-1.jpg\",\"datePublished\":\"2022-11-06T11:06:41+00:00\",\"dateModified\":\"2026-04-16T20:46:23+00:00\",\"description\":\"Rundflug Thunersee. Dieser Helikopterflug f\u00fchrt Sie \u00fcber den Thunersee, den Niesen und den Brienzersee. Ein herrlicher Panoramaflug\",\"breadcrumb\":{\"@id\":\"https:\/\/www.swissraft.ch\/de\/produkt\/helikopterflug-bern-belp-rundflug-thunersee\/#breadcrumb\"},\"inLanguage\":\"de\",\"potentialAction\":[{\"@type\":\"ReadAction\",\"target\":[\"https:\/\/www.swissraft.ch\/de\/produkt\/helikopterflug-bern-belp-rundflug-thunersee\/\"]}]},{\"@type\":\"ImageObject\",\"inLanguage\":\"de\",\"@id\":\"https:\/\/www.swissraft.ch\/de\/produkt\/helikopterflug-bern-belp-rundflug-thunersee\/#primaryimage\",\"url\":\"https:\/\/www.swissraft.ch\/wp-content\/uploads\/2022\/11\/04-BERN-BELP-Thunersee-Rundflug-776x776-1.jpg\",\"contentUrl\":\"https:\/\/www.swissraft.ch\/wp-content\/uploads\/2022\/11\/04-BERN-BELP-Thunersee-Rundflug-776x776-1.jpg\",\"width\":776,\"height\":776,\"caption\":\"Flug nach Thunersee ab Belp\"},{\"@type\":\"BreadcrumbList\",\"@id\":\"https:\/\/www.swissraft.ch\/de\/produkt\/helikopterflug-bern-belp-rundflug-thunersee\/#breadcrumb\",\"itemListElement\":[{\"@type\":\"ListItem\",\"position\":1,\"name\":\"Accueil\",\"item\":\"https:\/\/www.swissraft.ch\/de\/\"},{\"@type\":\"ListItem\",\"position\":2,\"name\":\"Shop\",\"item\":\"https:\/\/www.swissraft.ch\/de\/shop\/\"},{\"@type\":\"ListItem\",\"position\":3,\"name\":\"Helikopterflug &#8211; Bern-Belp &#8211; Thunersee &#8211; 30 Min. &#8211; Ab CHF 306.00\"}]},{\"@type\":\"WebSite\",\"@id\":\"https:\/\/www.swissraft.ch\/de\/#website\",\"url\":\"https:\/\/www.swissraft.ch\/de\/\",\"name\":\"Swissraft\",\"description\":\"To enjoy nature as it is\",\"publisher\":{\"@id\":\"https:\/\/www.swissraft.ch\/de\/#organization\"},\"potentialAction\":[{\"@type\":\"SearchAction\",\"target\":{\"@type\":\"EntryPoint\",\"urlTemplate\":\"https:\/\/www.swissraft.ch\/de\/?s={search_term_string}\"},\"query-input\":{\"@type\":\"PropertyValueSpecification\",\"valueRequired\":true,\"valueName\":\"search_term_string\"}}],\"inLanguage\":\"de\"},{\"@type\":\"Organization\",\"@id\":\"https:\/\/www.swissraft.ch\/de\/#organization\",\"name\":\"Swissraft\",\"url\":\"https:\/\/www.swissraft.ch\/de\/\",\"logo\":{\"@type\":\"ImageObject\",\"inLanguage\":\"de\",\"@id\":\"https:\/\/www.swissraft.ch\/de\/#\/schema\/logo\/image\/\",\"url\":\"https:\/\/www.swissraft.ch\/wp-content\/uploads\/2025\/09\/Capture.jpg\",\"contentUrl\":\"https:\/\/www.swissraft.ch\/wp-content\/uploads\/2025\/09\/Capture.jpg\",\"width\":293,\"height\":108,\"caption\":\"Swissraft\"},\"image\":{\"@id\":\"https:\/\/www.swissraft.ch\/de\/#\/schema\/logo\/image\/\"}}]}<\/script>\n<!-- \/ Yoast SEO plugin. -->","yoast_head_json":{"title":"Rundflug Thunersee aus dem Helikopter. Mit auch Brienzersee","description":"Rundflug Thunersee. Dieser Helikopterflug f\u00fchrt Sie \u00fcber den Thunersee, den Niesen und den Brienzersee. Ein herrlicher Panoramaflug","robots":{"index":"index","follow":"follow","max-snippet":"max-snippet:-1","max-image-preview":"max-image-preview:large","max-video-preview":"max-video-preview:-1"},"canonical":"https:\/\/www.swissraft.ch\/de\/produkt\/helikopterflug-bern-belp-rundflug-thunersee\/","og_locale":"de_DE","og_type":"article","og_title":"Rundflug Thunersee aus dem Helikopter. Mit auch Brienzersee","og_description":"Rundflug Thunersee. Dieser Helikopterflug f\u00fchrt Sie \u00fcber den Thunersee, den Niesen und den Brienzersee. Ein herrlicher Panoramaflug","og_url":"https:\/\/www.swissraft.ch\/de\/produkt\/helikopterflug-bern-belp-rundflug-thunersee\/","og_site_name":"Swissraft","article_modified_time":"2026-04-16T20:46:23+00:00","og_image":[{"width":776,"height":776,"url":"https:\/\/www.swissraft.ch\/wp-content\/uploads\/2022\/11\/04-BERN-BELP-Thunersee-Rundflug-776x776-1.jpg","type":"image\/jpeg"}],"twitter_card":"summary_large_image","twitter_misc":{"Gesch\u00e4tzte Lesezeit":"1\u00a0Minute"},"schema":{"@context":"https:\/\/schema.org","@graph":[{"@type":"WebPage","@id":"https:\/\/www.swissraft.ch\/de\/produkt\/helikopterflug-bern-belp-rundflug-thunersee\/","url":"https:\/\/www.swissraft.ch\/de\/produkt\/helikopterflug-bern-belp-rundflug-thunersee\/","name":"Rundflug Thunersee aus dem Helikopter. Mit auch Brienzersee","isPartOf":{"@id":"https:\/\/www.swissraft.ch\/de\/#website"},"primaryImageOfPage":{"@id":"https:\/\/www.swissraft.ch\/de\/produkt\/helikopterflug-bern-belp-rundflug-thunersee\/#primaryimage"},"image":{"@id":"https:\/\/www.swissraft.ch\/de\/produkt\/helikopterflug-bern-belp-rundflug-thunersee\/#primaryimage"},"thumbnailUrl":"https:\/\/www.swissraft.ch\/wp-content\/uploads\/2022\/11\/04-BERN-BELP-Thunersee-Rundflug-776x776-1.jpg","datePublished":"2022-11-06T11:06:41+00:00","dateModified":"2026-04-16T20:46:23+00:00","description":"Rundflug Thunersee. Dieser Helikopterflug f\u00fchrt Sie \u00fcber den Thunersee, den Niesen und den Brienzersee. Ein herrlicher Panoramaflug","breadcrumb":{"@id":"https:\/\/www.swissraft.ch\/de\/produkt\/helikopterflug-bern-belp-rundflug-thunersee\/#breadcrumb"},"inLanguage":"de","potentialAction":[{"@type":"ReadAction","target":["https:\/\/www.swissraft.ch\/de\/produkt\/helikopterflug-bern-belp-rundflug-thunersee\/"]}]},{"@type":"ImageObject","inLanguage":"de","@id":"https:\/\/www.swissraft.ch\/de\/produkt\/helikopterflug-bern-belp-rundflug-thunersee\/#primaryimage","url":"https:\/\/www.swissraft.ch\/wp-content\/uploads\/2022\/11\/04-BERN-BELP-Thunersee-Rundflug-776x776-1.jpg","contentUrl":"https:\/\/www.swissraft.ch\/wp-content\/uploads\/2022\/11\/04-BERN-BELP-Thunersee-Rundflug-776x776-1.jpg","width":776,"height":776,"caption":"Flug nach Thunersee ab Belp"},{"@type":"BreadcrumbList","@id":"https:\/\/www.swissraft.ch\/de\/produkt\/helikopterflug-bern-belp-rundflug-thunersee\/#breadcrumb","itemListElement":[{"@type":"ListItem","position":1,"name":"Accueil","item":"https:\/\/www.swissraft.ch\/de\/"},{"@type":"ListItem","position":2,"name":"Shop","item":"https:\/\/www.swissraft.ch\/de\/shop\/"},{"@type":"ListItem","position":3,"name":"Helikopterflug &#8211; Bern-Belp &#8211; Thunersee &#8211; 30 Min. &#8211; Ab CHF 306.00"}]},{"@type":"WebSite","@id":"https:\/\/www.swissraft.ch\/de\/#website","url":"https:\/\/www.swissraft.ch\/de\/","name":"Swissraft","description":"To enjoy nature as it is","publisher":{"@id":"https:\/\/www.swissraft.ch\/de\/#organization"},"potentialAction":[{"@type":"SearchAction","target":{"@type":"EntryPoint","urlTemplate":"https:\/\/www.swissraft.ch\/de\/?s={search_term_string}"},"query-input":{"@type":"PropertyValueSpecification","valueRequired":true,"valueName":"search_term_string"}}],"inLanguage":"de"},{"@type":"Organization","@id":"https:\/\/www.swissraft.ch\/de\/#organization","name":"Swissraft","url":"https:\/\/www.swissraft.ch\/de\/","logo":{"@type":"ImageObject","inLanguage":"de","@id":"https:\/\/www.swissraft.ch\/de\/#\/schema\/logo\/image\/","url":"https:\/\/www.swissraft.ch\/wp-content\/uploads\/2025\/09\/Capture.jpg","contentUrl":"https:\/\/www.swissraft.ch\/wp-content\/uploads\/2025\/09\/Capture.jpg","width":293,"height":108,"caption":"Swissraft"},"image":{"@id":"https:\/\/www.swissraft.ch\/de\/#\/schema\/logo\/image\/"}}]}},"_links":{"self":[{"href":"https:\/\/www.swissraft.ch\/de\/wp-json\/wp\/v2\/product\/91923","targetHints":{"allow":["GET"]}}],"collection":[{"href":"https:\/\/www.swissraft.ch\/de\/wp-json\/wp\/v2\/product"}],"about":[{"href":"https:\/\/www.swissraft.ch\/de\/wp-json\/wp\/v2\/types\/product"}],"replies":[{"embeddable":true,"href":"https:\/\/www.swissraft.ch\/de\/wp-json\/wp\/v2\/comments?post=91923"}],"version-history":[{"count":25,"href":"https:\/\/www.swissraft.ch\/de\/wp-json\/wp\/v2\/product\/91923\/revisions"}],"predecessor-version":[{"id":140302,"href":"https:\/\/www.swissraft.ch\/de\/wp-json\/wp\/v2\/product\/91923\/revisions\/140302"}],"wp:featuredmedia":[{"embeddable":true,"href":"https:\/\/www.swissraft.ch\/de\/wp-json\/wp\/v2\/media\/85558"}],"wp:attachment":[{"href":"https:\/\/www.swissraft.ch\/de\/wp-json\/wp\/v2\/media?parent=91923"}],"wp:term":[{"taxonomy":"product_cat","embeddable":true,"href":"https:\/\/www.swissraft.ch\/de\/wp-json\/wp\/v2\/product_cat?post=91923"},{"taxonomy":"product_tag","embeddable":true,"href":"https:\/\/www.swissraft.ch\/de\/wp-json\/wp\/v2\/product_tag?post=91923"}],"curies":[{"name":"wp","href":"https:\/\/api.w.org\/{rel}","templated":true}]}}