{"id":91920,"date":"2022-11-06T11:50:24","date_gmt":"2022-11-06T10:50:24","guid":{"rendered":"https:\/\/swissraft.xyanzkdne.eu\/product\/helikopterflug-von-berne-belp-schloesser-und-seen-20-min-chf-210-00\/"},"modified":"2026-04-16T22:34:05","modified_gmt":"2026-04-16T20:34:05","slug":"helikopterflug-bern-belp-rundflug-schloesser-und-seen","status":"publish","type":"product","link":"https:\/\/www.swissraft.ch\/de\/produkt\/helikopterflug-bern-belp-rundflug-schloesser-und-seen\/","title":{"rendered":"Helikopterflug &#8211; Bern-Belp &#8211; Schl\u00f6sser und Seen &#8211; 20 Min. &#8211; CHF 210.00"},"content":{"rendered":"\t\t<div data-elementor-type=\"wp-post\" data-elementor-id=\"91920\" class=\"elementor elementor-91920 elementor-29051\">\n\t\t\t\t\t\t\t\t\t<section class=\"elementor-section elementor-top-section elementor-element elementor-element-3303a7e3 elementor-section-boxed elementor-section-height-default elementor-section-height-default\" data-id=\"3303a7e3\" data-element_type=\"section\">\n\t\t\t\t\t\t<div class=\"elementor-container elementor-column-gap-default\">\n\t\t\t\t\t<div class=\"elementor-column elementor-col-100 elementor-top-column elementor-element elementor-element-16d72dbf\" data-id=\"16d72dbf\" data-element_type=\"column\">\n\t\t\t<div class=\"elementor-widget-wrap elementor-element-populated\">\n\t\t\t\t\t\t\t\t<div class=\"elementor-element elementor-element-d743c03 elementor-widget elementor-widget-text-editor\" data-id=\"d743c03\" data-element_type=\"widget\" data-widget_type=\"text-editor.default\">\n\t\t\t\t<div class=\"elementor-widget-container\">\n\t\t\t\t\t\t\t<h2>W\u00c4HLEN SIE UNTEN IHRE AKTIVIT\u00c4T AUS, UM GESCHENKGUTSCHEINE \/ TICKETS ZU VERSCHENKEN ODER ZU BUCHEN<\/h2><table style=\"height: 290px;\" border=\"0\" width=\"580\" cellspacing=\"10\" cellpadding=\"10\"><tbody><tr><td width=\"50%\"><strong>RUNDFLUG &#8211; SCHL\u00d6SSER UND SEEN &#8211; 20 Min.<\/strong><\/td><td><strong>CHF 210.00 pro Person<\/strong><\/td><\/tr><tr><td>Zus\u00e4tzliche Information<\/td><td>&#8211; Sie werden mit anderen Passagieren zusammen sein<\/td><\/tr><tr><td>Flughafen<\/td><td><a href=\"https:\/\/www.google.ch\/maps\/place\/Muristrasse+114,+3123+Belp\/@46.9054073,7.4971459,192m\/data=!3m1!1e3!4m6!3m5!1s0x478e37cc7fe34b07:0xd2876f33b4e5b28c!8m2!3d46.905372!4d7.4984699!16s%2Fg%2F11c279q9ks?hl=fr&amp;entry=ttu\" target=\"_blank\" rel=\"noopener\">Bern-Belp<\/a><\/td><\/tr><tr><td>Flugzeit<\/td><td>20 Min.<\/td><\/tr><tr><td>Gesamtdauer<\/td><td>ca. 40 Min.<\/td><\/tr><tr><td>Termin<\/td><td>Per Telefon<\/td><\/tr><tr><td><button class=\"elementor-button\" type=\"button\"><a href=\"https:\/\/swissraft.outdoorbooking.ch\/fo\/products\/468?base_id=113&amp;category_id=6&amp;order_type=gift_voucher&amp;lang=de\" target=\"_blank\" rel=\"noopener\">GUTSCHEIN \/ TICKET KAUFEN<\/a><\/button><\/td><td><strong><em>WICHTIG !<\/em> <\/strong> <br \/><em>Um zu reservieren, rufen Sie die Nummer an, die sich oben links auf dem Gutschein \/ Ticket befindet.<\/em><\/td><\/tr><\/tbody><\/table><hr \/>\t\t\t\t\t\t<\/div>\n\t\t\t\t<\/div>\n\t\t\t\t\t<\/div>\n\t\t<\/div>\n\t\t\t\t\t\t\t<\/div>\n\t\t<\/section>\n\t\t\t\t\t\t\t<\/div>\n\t\t","protected":false},"excerpt":{"rendered":"<div align=\"justify\">\n<h2 align=\"justify\">Helikopterflug \u00fcber Schl\u00f6sser und Seen<\/h2>\n<h3>Von Bern-Belp aus starten Sie zu einem 20-min\u00fctigen Helikopterrundflug, um unser Kulturerbe zu entdecken.<\/h3>\n<\/div>\n<div align=\"justify\">\n<p>Von Bern-Belp aus fliegen Sie mit einem unserer Helikopter nach Belpberg &#8211; Aaretal. Dann fliegen Sie \u00fcber Thun, Oberhofen, den Thunersee, Spiez, Stockhorn, Stockental, Gurnigel, das G\u00fcrbetal. Nach einem 20-min\u00fctigen Flug kehren Sie zum Flughafen Bern-Belp zur\u00fcck.<\/p>\n<h3>Swissraft bietet Ihnen auch andere Helikopterlandepl\u00e4tze in der Schweiz f\u00fcr einen Helikopterflug an<\/h3>\n<p id=\"textarea\" style=\"display: none;\">\nWir bieten Fl\u00fcge ins Wallis ab dem Flughafen Sitten und den Heliports Collombey und Gampel an, sowie ab Interlaken-Gsteigwiler im Berner Oberland. Aber auch vom Heliport Gstaad-Grund und auch vom Flugplatz Saanen im Saanenland. Au\u00dferdem starten wir von den Heliports Lauterbrunnen, Lenk-Simmental und Schattenhalb-Meiringen. Dar\u00fcber hinaus bieten wir Helikopterfl\u00fcge vom internationalen Flughafen Z\u00fcrich-Kloten an. Au\u00dferdem fliegen wir von Buttwil aus in den Aargau und von Grenchen aus in den Kanton Solothurn. Wir bieten auch Fl\u00fcge von Pfaffnau in den Kanton Luzern an.<br \/>\nWir haben auch Fl\u00fcge vom Heliport Erstfeld und vom Heliport K\u00fcssnacht. Auch im Kanton Freiburg in \u00c9pagny im Greyerzerland. Dar\u00fcber hinaus haben wir Hubschrauberfl\u00fcge im Kanton Tessin von Locarno und Lodrino aus. Dar\u00fcber hinaus bieten wir in Graub\u00fcnden Fl\u00fcge von den Heliports Untervaz, Flims und Tavanasa an. Wir fliegen auch ins Engadin vom Heliport St. Moritz im Winter und das ganze Jahr \u00fcber vom Flugplatz Samedan aus m\u00f6glich. Auch in Liechtenstein bieten wir Rundfl\u00fcge ab dem Helikopterlandeplatz Balzers und ab Sitterdorf in der Ostschweiz an.\n<\/p>\n<p><a id=\"seeMore\" onclick=\"toggleSeeMore()\" href=\"javascript:void(0);\">Lesen Sie mehr<\/a><\/p>\n","protected":false},"featured_media":85540,"comment_status":"open","ping_status":"closed","template":"","meta":{"inline_featured_image":false,"_mi_skip_tracking":false},"product_cat":[263,307],"product_tag":[],"class_list":["post-91920","product","type-product","status-publish","has-post-thumbnail","hentry","product_cat-helikopterflug-in-der-schweiz","product_cat-helikopterflug-rundflug-berne-belp"],"yoast_head":"<!-- This site is optimized with the Yoast SEO plugin v23.6 - https:\/\/yoast.com\/wordpress\/plugins\/seo\/ -->\n<title>Rundflug Schl\u00f6sser und Seen. Ein 20 min. Panorama- u. Kulturflug<\/title>\n<meta name=\"description\" content=\"Rundflug Schl\u00f6sser und Seen in der Schweiz. Dieser Flug f\u00fchrt Sie \u00fcber die Schl\u00f6sser der Region und die Seen. Wundersch\u00f6ner Panoramaflug\" \/>\n<meta name=\"robots\" content=\"index, follow, max-snippet:-1, max-image-preview:large, max-video-preview:-1\" \/>\n<link rel=\"canonical\" href=\"https:\/\/www.swissraft.ch\/de\/produkt\/helikopterflug-bern-belp-rundflug-schloesser-und-seen\/\" \/>\n<meta property=\"og:locale\" content=\"de_DE\" \/>\n<meta property=\"og:type\" content=\"article\" \/>\n<meta property=\"og:title\" content=\"Rundflug Schl\u00f6sser und Seen. Ein 20 min. Panorama- u. Kulturflug\" \/>\n<meta property=\"og:description\" content=\"Rundflug Schl\u00f6sser und Seen in der Schweiz. Dieser Flug f\u00fchrt Sie \u00fcber die Schl\u00f6sser der Region und die Seen. Wundersch\u00f6ner Panoramaflug\" \/>\n<meta property=\"og:url\" content=\"https:\/\/www.swissraft.ch\/de\/produkt\/helikopterflug-bern-belp-rundflug-schloesser-und-seen\/\" \/>\n<meta property=\"og:site_name\" content=\"Swissraft\" \/>\n<meta property=\"article:modified_time\" content=\"2026-04-16T20:34:05+00:00\" \/>\n<meta property=\"og:image\" content=\"https:\/\/www.swissraft.ch\/wp-content\/uploads\/2022\/11\/03-BERN-BELP-Schlosser-und-Seen-Rundflug-776x776-2.jpg\" \/>\n\t<meta property=\"og:image:width\" content=\"776\" \/>\n\t<meta property=\"og:image:height\" content=\"776\" \/>\n\t<meta property=\"og:image:type\" content=\"image\/jpeg\" \/>\n<meta name=\"twitter:card\" content=\"summary_large_image\" \/>\n<meta name=\"twitter:label1\" content=\"Gesch\u00e4tzte Lesezeit\" \/>\n\t<meta name=\"twitter:data1\" content=\"1\u00a0Minute\" \/>\n<script type=\"application\/ld+json\" class=\"yoast-schema-graph\">{\"@context\":\"https:\/\/schema.org\",\"@graph\":[{\"@type\":\"WebPage\",\"@id\":\"https:\/\/www.swissraft.ch\/de\/produkt\/helikopterflug-bern-belp-rundflug-schloesser-und-seen\/\",\"url\":\"https:\/\/www.swissraft.ch\/de\/produkt\/helikopterflug-bern-belp-rundflug-schloesser-und-seen\/\",\"name\":\"Rundflug Schl\u00f6sser und Seen. Ein 20 min. Panorama- u. Kulturflug\",\"isPartOf\":{\"@id\":\"https:\/\/www.swissraft.ch\/de\/#website\"},\"primaryImageOfPage\":{\"@id\":\"https:\/\/www.swissraft.ch\/de\/produkt\/helikopterflug-bern-belp-rundflug-schloesser-und-seen\/#primaryimage\"},\"image\":{\"@id\":\"https:\/\/www.swissraft.ch\/de\/produkt\/helikopterflug-bern-belp-rundflug-schloesser-und-seen\/#primaryimage\"},\"thumbnailUrl\":\"https:\/\/www.swissraft.ch\/wp-content\/uploads\/2022\/11\/03-BERN-BELP-Schlosser-und-Seen-Rundflug-776x776-2.jpg\",\"datePublished\":\"2022-11-06T10:50:24+00:00\",\"dateModified\":\"2026-04-16T20:34:05+00:00\",\"description\":\"Rundflug Schl\u00f6sser und Seen in der Schweiz. Dieser Flug f\u00fchrt Sie \u00fcber die Schl\u00f6sser der Region und die Seen. Wundersch\u00f6ner Panoramaflug\",\"breadcrumb\":{\"@id\":\"https:\/\/www.swissraft.ch\/de\/produkt\/helikopterflug-bern-belp-rundflug-schloesser-und-seen\/#breadcrumb\"},\"inLanguage\":\"de\",\"potentialAction\":[{\"@type\":\"ReadAction\",\"target\":[\"https:\/\/www.swissraft.ch\/de\/produkt\/helikopterflug-bern-belp-rundflug-schloesser-und-seen\/\"]}]},{\"@type\":\"ImageObject\",\"inLanguage\":\"de\",\"@id\":\"https:\/\/www.swissraft.ch\/de\/produkt\/helikopterflug-bern-belp-rundflug-schloesser-und-seen\/#primaryimage\",\"url\":\"https:\/\/www.swissraft.ch\/wp-content\/uploads\/2022\/11\/03-BERN-BELP-Schlosser-und-Seen-Rundflug-776x776-2.jpg\",\"contentUrl\":\"https:\/\/www.swissraft.ch\/wp-content\/uploads\/2022\/11\/03-BERN-BELP-Schlosser-und-Seen-Rundflug-776x776-2.jpg\",\"width\":776,\"height\":776,\"caption\":\"Schl\u00f6sser und Seen\"},{\"@type\":\"BreadcrumbList\",\"@id\":\"https:\/\/www.swissraft.ch\/de\/produkt\/helikopterflug-bern-belp-rundflug-schloesser-und-seen\/#breadcrumb\",\"itemListElement\":[{\"@type\":\"ListItem\",\"position\":1,\"name\":\"Accueil\",\"item\":\"https:\/\/www.swissraft.ch\/de\/\"},{\"@type\":\"ListItem\",\"position\":2,\"name\":\"Shop\",\"item\":\"https:\/\/www.swissraft.ch\/de\/shop\/\"},{\"@type\":\"ListItem\",\"position\":3,\"name\":\"Helikopterflug &#8211; Bern-Belp &#8211; Schl\u00f6sser und Seen &#8211; 20 Min. &#8211; CHF 210.00\"}]},{\"@type\":\"WebSite\",\"@id\":\"https:\/\/www.swissraft.ch\/de\/#website\",\"url\":\"https:\/\/www.swissraft.ch\/de\/\",\"name\":\"Swissraft\",\"description\":\"To enjoy nature as it is\",\"publisher\":{\"@id\":\"https:\/\/www.swissraft.ch\/de\/#organization\"},\"potentialAction\":[{\"@type\":\"SearchAction\",\"target\":{\"@type\":\"EntryPoint\",\"urlTemplate\":\"https:\/\/www.swissraft.ch\/de\/?s={search_term_string}\"},\"query-input\":{\"@type\":\"PropertyValueSpecification\",\"valueRequired\":true,\"valueName\":\"search_term_string\"}}],\"inLanguage\":\"de\"},{\"@type\":\"Organization\",\"@id\":\"https:\/\/www.swissraft.ch\/de\/#organization\",\"name\":\"Swissraft\",\"url\":\"https:\/\/www.swissraft.ch\/de\/\",\"logo\":{\"@type\":\"ImageObject\",\"inLanguage\":\"de\",\"@id\":\"https:\/\/www.swissraft.ch\/de\/#\/schema\/logo\/image\/\",\"url\":\"https:\/\/www.swissraft.ch\/wp-content\/uploads\/2025\/09\/Capture.jpg\",\"contentUrl\":\"https:\/\/www.swissraft.ch\/wp-content\/uploads\/2025\/09\/Capture.jpg\",\"width\":293,\"height\":108,\"caption\":\"Swissraft\"},\"image\":{\"@id\":\"https:\/\/www.swissraft.ch\/de\/#\/schema\/logo\/image\/\"}}]}<\/script>\n<!-- \/ Yoast SEO plugin. -->","yoast_head_json":{"title":"Rundflug Schl\u00f6sser und Seen. Ein 20 min. Panorama- u. Kulturflug","description":"Rundflug Schl\u00f6sser und Seen in der Schweiz. Dieser Flug f\u00fchrt Sie \u00fcber die Schl\u00f6sser der Region und die Seen. Wundersch\u00f6ner Panoramaflug","robots":{"index":"index","follow":"follow","max-snippet":"max-snippet:-1","max-image-preview":"max-image-preview:large","max-video-preview":"max-video-preview:-1"},"canonical":"https:\/\/www.swissraft.ch\/de\/produkt\/helikopterflug-bern-belp-rundflug-schloesser-und-seen\/","og_locale":"de_DE","og_type":"article","og_title":"Rundflug Schl\u00f6sser und Seen. Ein 20 min. Panorama- u. Kulturflug","og_description":"Rundflug Schl\u00f6sser und Seen in der Schweiz. Dieser Flug f\u00fchrt Sie \u00fcber die Schl\u00f6sser der Region und die Seen. Wundersch\u00f6ner Panoramaflug","og_url":"https:\/\/www.swissraft.ch\/de\/produkt\/helikopterflug-bern-belp-rundflug-schloesser-und-seen\/","og_site_name":"Swissraft","article_modified_time":"2026-04-16T20:34:05+00:00","og_image":[{"width":776,"height":776,"url":"https:\/\/www.swissraft.ch\/wp-content\/uploads\/2022\/11\/03-BERN-BELP-Schlosser-und-Seen-Rundflug-776x776-2.jpg","type":"image\/jpeg"}],"twitter_card":"summary_large_image","twitter_misc":{"Gesch\u00e4tzte Lesezeit":"1\u00a0Minute"},"schema":{"@context":"https:\/\/schema.org","@graph":[{"@type":"WebPage","@id":"https:\/\/www.swissraft.ch\/de\/produkt\/helikopterflug-bern-belp-rundflug-schloesser-und-seen\/","url":"https:\/\/www.swissraft.ch\/de\/produkt\/helikopterflug-bern-belp-rundflug-schloesser-und-seen\/","name":"Rundflug Schl\u00f6sser und Seen. Ein 20 min. Panorama- u. Kulturflug","isPartOf":{"@id":"https:\/\/www.swissraft.ch\/de\/#website"},"primaryImageOfPage":{"@id":"https:\/\/www.swissraft.ch\/de\/produkt\/helikopterflug-bern-belp-rundflug-schloesser-und-seen\/#primaryimage"},"image":{"@id":"https:\/\/www.swissraft.ch\/de\/produkt\/helikopterflug-bern-belp-rundflug-schloesser-und-seen\/#primaryimage"},"thumbnailUrl":"https:\/\/www.swissraft.ch\/wp-content\/uploads\/2022\/11\/03-BERN-BELP-Schlosser-und-Seen-Rundflug-776x776-2.jpg","datePublished":"2022-11-06T10:50:24+00:00","dateModified":"2026-04-16T20:34:05+00:00","description":"Rundflug Schl\u00f6sser und Seen in der Schweiz. Dieser Flug f\u00fchrt Sie \u00fcber die Schl\u00f6sser der Region und die Seen. Wundersch\u00f6ner Panoramaflug","breadcrumb":{"@id":"https:\/\/www.swissraft.ch\/de\/produkt\/helikopterflug-bern-belp-rundflug-schloesser-und-seen\/#breadcrumb"},"inLanguage":"de","potentialAction":[{"@type":"ReadAction","target":["https:\/\/www.swissraft.ch\/de\/produkt\/helikopterflug-bern-belp-rundflug-schloesser-und-seen\/"]}]},{"@type":"ImageObject","inLanguage":"de","@id":"https:\/\/www.swissraft.ch\/de\/produkt\/helikopterflug-bern-belp-rundflug-schloesser-und-seen\/#primaryimage","url":"https:\/\/www.swissraft.ch\/wp-content\/uploads\/2022\/11\/03-BERN-BELP-Schlosser-und-Seen-Rundflug-776x776-2.jpg","contentUrl":"https:\/\/www.swissraft.ch\/wp-content\/uploads\/2022\/11\/03-BERN-BELP-Schlosser-und-Seen-Rundflug-776x776-2.jpg","width":776,"height":776,"caption":"Schl\u00f6sser und Seen"},{"@type":"BreadcrumbList","@id":"https:\/\/www.swissraft.ch\/de\/produkt\/helikopterflug-bern-belp-rundflug-schloesser-und-seen\/#breadcrumb","itemListElement":[{"@type":"ListItem","position":1,"name":"Accueil","item":"https:\/\/www.swissraft.ch\/de\/"},{"@type":"ListItem","position":2,"name":"Shop","item":"https:\/\/www.swissraft.ch\/de\/shop\/"},{"@type":"ListItem","position":3,"name":"Helikopterflug &#8211; Bern-Belp &#8211; Schl\u00f6sser und Seen &#8211; 20 Min. &#8211; CHF 210.00"}]},{"@type":"WebSite","@id":"https:\/\/www.swissraft.ch\/de\/#website","url":"https:\/\/www.swissraft.ch\/de\/","name":"Swissraft","description":"To enjoy nature as it is","publisher":{"@id":"https:\/\/www.swissraft.ch\/de\/#organization"},"potentialAction":[{"@type":"SearchAction","target":{"@type":"EntryPoint","urlTemplate":"https:\/\/www.swissraft.ch\/de\/?s={search_term_string}"},"query-input":{"@type":"PropertyValueSpecification","valueRequired":true,"valueName":"search_term_string"}}],"inLanguage":"de"},{"@type":"Organization","@id":"https:\/\/www.swissraft.ch\/de\/#organization","name":"Swissraft","url":"https:\/\/www.swissraft.ch\/de\/","logo":{"@type":"ImageObject","inLanguage":"de","@id":"https:\/\/www.swissraft.ch\/de\/#\/schema\/logo\/image\/","url":"https:\/\/www.swissraft.ch\/wp-content\/uploads\/2025\/09\/Capture.jpg","contentUrl":"https:\/\/www.swissraft.ch\/wp-content\/uploads\/2025\/09\/Capture.jpg","width":293,"height":108,"caption":"Swissraft"},"image":{"@id":"https:\/\/www.swissraft.ch\/de\/#\/schema\/logo\/image\/"}}]}},"_links":{"self":[{"href":"https:\/\/www.swissraft.ch\/de\/wp-json\/wp\/v2\/product\/91920","targetHints":{"allow":["GET"]}}],"collection":[{"href":"https:\/\/www.swissraft.ch\/de\/wp-json\/wp\/v2\/product"}],"about":[{"href":"https:\/\/www.swissraft.ch\/de\/wp-json\/wp\/v2\/types\/product"}],"replies":[{"embeddable":true,"href":"https:\/\/www.swissraft.ch\/de\/wp-json\/wp\/v2\/comments?post=91920"}],"version-history":[{"count":31,"href":"https:\/\/www.swissraft.ch\/de\/wp-json\/wp\/v2\/product\/91920\/revisions"}],"predecessor-version":[{"id":140285,"href":"https:\/\/www.swissraft.ch\/de\/wp-json\/wp\/v2\/product\/91920\/revisions\/140285"}],"wp:featuredmedia":[{"embeddable":true,"href":"https:\/\/www.swissraft.ch\/de\/wp-json\/wp\/v2\/media\/85540"}],"wp:attachment":[{"href":"https:\/\/www.swissraft.ch\/de\/wp-json\/wp\/v2\/media?parent=91920"}],"wp:term":[{"taxonomy":"product_cat","embeddable":true,"href":"https:\/\/www.swissraft.ch\/de\/wp-json\/wp\/v2\/product_cat?post=91920"},{"taxonomy":"product_tag","embeddable":true,"href":"https:\/\/www.swissraft.ch\/de\/wp-json\/wp\/v2\/product_tag?post=91920"}],"curies":[{"name":"wp","href":"https:\/\/api.w.org\/{rel}","templated":true}]}}