{"id":91919,"date":"2022-11-22T18:00:50","date_gmt":"2022-11-22T17:00:50","guid":{"rendered":"https:\/\/swissraft.xyanzkdne.eu\/product\/helikopterflug-von-berne-belp-les-3-lacs-45-min-chf-1520-00\/"},"modified":"2026-04-17T02:27:14","modified_gmt":"2026-04-17T00:27:14","slug":"helikopterflug-bern-belp-rundflug-die-drei-seen","status":"publish","type":"product","link":"https:\/\/www.swissraft.ch\/de\/produkt\/helikopterflug-bern-belp-rundflug-die-drei-seen\/","title":{"rendered":"Helikopterflug &#8211; Bern-Belp &#8211; Die drei Seen &#8211; 45 Min. &#8211; CHF 1&#8217;610.00"},"content":{"rendered":"\t\t<div data-elementor-type=\"wp-post\" data-elementor-id=\"91919\" class=\"elementor elementor-91919 elementor-29144\">\n\t\t\t\t\t\t\t\t\t<section class=\"elementor-section elementor-top-section elementor-element elementor-element-3303a7e3 elementor-section-boxed elementor-section-height-default elementor-section-height-default\" data-id=\"3303a7e3\" data-element_type=\"section\">\n\t\t\t\t\t\t<div class=\"elementor-container elementor-column-gap-default\">\n\t\t\t\t\t<div class=\"elementor-column elementor-col-100 elementor-top-column elementor-element elementor-element-16d72dbf\" data-id=\"16d72dbf\" data-element_type=\"column\">\n\t\t\t<div class=\"elementor-widget-wrap elementor-element-populated\">\n\t\t\t\t\t\t\t\t<div class=\"elementor-element elementor-element-d743c03 elementor-widget elementor-widget-text-editor\" data-id=\"d743c03\" data-element_type=\"widget\" data-widget_type=\"text-editor.default\">\n\t\t\t\t<div class=\"elementor-widget-container\">\n\t\t\t\t\t\t\t<h2>W\u00c4HLEN SIE UNTEN IHRE AKTIVIT\u00c4T AUS, UM GESCHENKGUTSCHEINE \/ TICKETS ZU VERSCHENKEN ODER ZU BUCHEN<\/h2><table style=\"height: 290px;\" border=\"0\" width=\"580\" cellspacing=\"10\" cellpadding=\"10\"><tbody><tr><td width=\"50%\"><strong>RUNDFLUG &#8211; DIE 3 SEEN &#8211; PRIVATFLUG (1-4 pax) &#8211; 45 Min.<\/strong><\/td><td><strong>CHF 1&#8217;610.00 pro Privatflug<\/strong><\/td><\/tr><tr><td>Zus\u00e4tzliche Informationen<\/td><td>&#8211; Sie haben den Helikopter ausschlie\u00dflich f\u00fcr sich<br \/>&#8211; Sie bestimmen das Datum und die Uhrzeit des Abflugs<br \/>&#8211; Maximum 4 Pers.<\/td><\/tr><tr><td>Flughafen<\/td><td><a href=\"https:\/\/www.google.ch\/maps\/place\/Heliswiss,+Muristrasse+114,+3123+Belp,+Suisse\/@46.9058178,7.4957941,321m\/data=!3m1!1e3!4m6!3m5!1s0x478e37cb85b7030b:0x76ad571a8664265a!8m2!3d46.9058939!4d7.4980748!16s%2Fg%2F11b8t9rf23!5m1!1e1?hl=fr&amp;entry=ttu&amp;g_ep=EgoyMDI1MDYwOS4xIKXMDSoASAFQAw%3D%3D\" target=\"_blank\" rel=\"noopener\">Bern-Belp<\/a><\/td><\/tr><tr><td>Flugzeit<\/td><td>45 Min.<\/td><\/tr><tr><td>Gesamtdauer<\/td><td>ca. 1:15 Std.<\/td><\/tr><tr><td>Termin<\/td><td>Per Telefon<\/td><\/tr><tr><td><button class=\"elementor-button\" type=\"button\"><a href=\"https:\/\/swissraft.outdoorbooking.ch\/fo\/products\/1827?base_id=9&amp;category_id=6&amp;order_type=gift_voucher&amp;lang=de\" target=\"_blank\" rel=\"noopener\">GUTSCHEIN \/ TICKET KAUFEN<\/a><\/button><\/td><td><strong><em>WICHTIG !<\/em><\/strong><br \/><em>Um zu reservieren, rufen Sie die Nummer an, die sich oben links auf dem Gutschein \/ Ticket befindet.<\/em><\/td><\/tr><\/tbody><\/table>\t\t\t\t\t\t<\/div>\n\t\t\t\t<\/div>\n\t\t\t\t\t<\/div>\n\t\t<\/div>\n\t\t\t\t\t\t\t<\/div>\n\t\t<\/section>\n\t\t\t\t\t\t\t<\/div>\n\t\t","protected":false},"excerpt":{"rendered":"<div align=\"justify\">\n<h2 align=\"justify\">Vom Flughafen Bern-Belp zu einem 45-min\u00fctigen Helikopterflug in den Jura.<\/h2>\n<h3>Sie fliegen zum Creux du Van, einer ber\u00fchmten geologischen St\u00e4tte, von wo aus Sie aus dem Hubschrauber einen herrlichen Blick auf die drei Seen haben.<\/h3>\n<\/div>\n<div align=\"justify\">\n<p>Von Bern-Belp aus machen Sie einen Panoramaflug zum Creux du Van im Jura. Von hier aus haben Sie einen herrlichen Blick auf den Bieler-, Neuenburger- und Murtensee.<\/p>\n<h3>Wir bieten Ihnen 23 Heliports und Flugpl\u00e4tze, von denen aus Sie \u00fcber 150 Fl\u00fcge buchen k\u00f6nnen.<\/h3>\n<p id=\"textarea\" style=\"display: none;\">\nAu\u00dferdem bieten wir Fl\u00fcge ins Wallis vom Flughafen Sion sowie von den Heliports Collombey und Gampel an. Aber auch vom Heliport Interlaken-Gsteigwiler aus. Wir haben auch Fl\u00fcge vom Heliport Gstaad-Grund und vom Flugplatz Saanen im Saanenland. Ebenso wie Fl\u00fcge von den Heliports Lauterbrunnen, Lenk-Simmental und Schattenhalb-Meiringen im Berner Oberland. Wir bieten auch Helikopterfl\u00fcge vom internationalen Flughafen Z\u00fcrich-Kloten aus an. Dar\u00fcber hinaus haben wir Fl\u00fcge in den Aargau von Buttwil und in den Kanton Solothurn von Grenchen aus. Zum einen fliegen wir vom Heliport Pfaffnau im Kanton Luzern aus. Au\u00dferdem fliegen wir auch von Erstfeld im Kanton Uri aus. Und auch vom Helikopter K\u00fcssnacht im Kanton Schwyz aus. Au\u00dferdem starten wir vom Flugplatz \u00c9pagny im Kanton Freiburg. Ebenso bieten wir Helikopterrundfl\u00fcge im Tessin von den Flugpl\u00e4tzen Locarno und Lodrino an. Gleichzeitig fliegen wir von den Heliports in Flims, Tavanasa und Untervaz in Graub\u00fcnden. Aber auch vom Flugplatz Samedan aus das ganze Jahr \u00fcber. Danach starten wir auch in Liechtenstein vom Heliport Balzers und vom Heliport Sitterdorf in der Ostschweiz.\n<\/p>\n<p><a id=\"seeMore\" onclick=\"toggleSeeMore()\" href=\"javascript:void(0);\">Lesen Sie mehr<\/a><\/p>\n","protected":false},"featured_media":87283,"comment_status":"open","ping_status":"closed","template":"","meta":{"inline_featured_image":false,"_mi_skip_tracking":false},"product_cat":[263,307],"product_tag":[],"class_list":["post-91919","product","type-product","status-publish","has-post-thumbnail","hentry","product_cat-helikopterflug-in-der-schweiz","product_cat-helikopterflug-rundflug-berne-belp"],"yoast_head":"<!-- This site is optimized with the Yoast SEO plugin v23.6 - https:\/\/yoast.com\/wordpress\/plugins\/seo\/ -->\n<title>Rundflug Die drei Seen von Bern-Belp aus mit dem Helikopter<\/title>\n<meta name=\"description\" content=\"Rundflug Die drei Seen von Bern-Belp; 45-min\u00fctiger Helikopterflug in Richtung Jura und Creux du Van mit einem herrlichen Panorama \u00fcber die Seen\" \/>\n<meta name=\"robots\" content=\"index, follow, max-snippet:-1, max-image-preview:large, max-video-preview:-1\" \/>\n<link rel=\"canonical\" href=\"https:\/\/www.swissraft.ch\/de\/produkt\/helikopterflug-bern-belp-rundflug-die-drei-seen\/\" \/>\n<meta property=\"og:locale\" content=\"de_DE\" \/>\n<meta property=\"og:type\" content=\"article\" \/>\n<meta property=\"og:title\" content=\"Rundflug Die drei Seen von Bern-Belp aus mit dem Helikopter\" \/>\n<meta property=\"og:description\" content=\"Rundflug Die drei Seen von Bern-Belp; 45-min\u00fctiger Helikopterflug in Richtung Jura und Creux du Van mit einem herrlichen Panorama \u00fcber die Seen\" \/>\n<meta property=\"og:url\" content=\"https:\/\/www.swissraft.ch\/de\/produkt\/helikopterflug-bern-belp-rundflug-die-drei-seen\/\" \/>\n<meta property=\"og:site_name\" content=\"Swissraft\" \/>\n<meta property=\"article:modified_time\" content=\"2026-04-17T00:27:14+00:00\" \/>\n<meta property=\"og:image\" content=\"https:\/\/www.swissraft.ch\/wp-content\/uploads\/2022\/11\/09-BERN-BELP-Die-Drei-Seen-776x776-2.jpg\" \/>\n\t<meta property=\"og:image:width\" content=\"776\" \/>\n\t<meta property=\"og:image:height\" content=\"776\" \/>\n\t<meta property=\"og:image:type\" content=\"image\/jpeg\" \/>\n<meta name=\"twitter:card\" content=\"summary_large_image\" \/>\n<meta name=\"twitter:label1\" content=\"Gesch\u00e4tzte Lesezeit\" \/>\n\t<meta name=\"twitter:data1\" content=\"1\u00a0Minute\" \/>\n<script type=\"application\/ld+json\" class=\"yoast-schema-graph\">{\"@context\":\"https:\/\/schema.org\",\"@graph\":[{\"@type\":\"WebPage\",\"@id\":\"https:\/\/www.swissraft.ch\/de\/produkt\/helikopterflug-bern-belp-rundflug-die-drei-seen\/\",\"url\":\"https:\/\/www.swissraft.ch\/de\/produkt\/helikopterflug-bern-belp-rundflug-die-drei-seen\/\",\"name\":\"Rundflug Die drei Seen von Bern-Belp aus mit dem Helikopter\",\"isPartOf\":{\"@id\":\"https:\/\/www.swissraft.ch\/de\/#website\"},\"primaryImageOfPage\":{\"@id\":\"https:\/\/www.swissraft.ch\/de\/produkt\/helikopterflug-bern-belp-rundflug-die-drei-seen\/#primaryimage\"},\"image\":{\"@id\":\"https:\/\/www.swissraft.ch\/de\/produkt\/helikopterflug-bern-belp-rundflug-die-drei-seen\/#primaryimage\"},\"thumbnailUrl\":\"https:\/\/www.swissraft.ch\/wp-content\/uploads\/2022\/11\/09-BERN-BELP-Die-Drei-Seen-776x776-2.jpg\",\"datePublished\":\"2022-11-22T17:00:50+00:00\",\"dateModified\":\"2026-04-17T00:27:14+00:00\",\"description\":\"Rundflug Die drei Seen von Bern-Belp; 45-min\u00fctiger Helikopterflug in Richtung Jura und Creux du Van mit einem herrlichen Panorama \u00fcber die Seen\",\"breadcrumb\":{\"@id\":\"https:\/\/www.swissraft.ch\/de\/produkt\/helikopterflug-bern-belp-rundflug-die-drei-seen\/#breadcrumb\"},\"inLanguage\":\"de\",\"potentialAction\":[{\"@type\":\"ReadAction\",\"target\":[\"https:\/\/www.swissraft.ch\/de\/produkt\/helikopterflug-bern-belp-rundflug-die-drei-seen\/\"]}]},{\"@type\":\"ImageObject\",\"inLanguage\":\"de\",\"@id\":\"https:\/\/www.swissraft.ch\/de\/produkt\/helikopterflug-bern-belp-rundflug-die-drei-seen\/#primaryimage\",\"url\":\"https:\/\/www.swissraft.ch\/wp-content\/uploads\/2022\/11\/09-BERN-BELP-Die-Drei-Seen-776x776-2.jpg\",\"contentUrl\":\"https:\/\/www.swissraft.ch\/wp-content\/uploads\/2022\/11\/09-BERN-BELP-Die-Drei-Seen-776x776-2.jpg\",\"width\":776,\"height\":776,\"caption\":\"Von Bern-Belp zu einem Rundflug \u00fcber Die drei Seen\"},{\"@type\":\"BreadcrumbList\",\"@id\":\"https:\/\/www.swissraft.ch\/de\/produkt\/helikopterflug-bern-belp-rundflug-die-drei-seen\/#breadcrumb\",\"itemListElement\":[{\"@type\":\"ListItem\",\"position\":1,\"name\":\"Accueil\",\"item\":\"https:\/\/www.swissraft.ch\/de\/\"},{\"@type\":\"ListItem\",\"position\":2,\"name\":\"Shop\",\"item\":\"https:\/\/www.swissraft.ch\/de\/shop\/\"},{\"@type\":\"ListItem\",\"position\":3,\"name\":\"Helikopterflug &#8211; Bern-Belp &#8211; Die drei Seen &#8211; 45 Min. &#8211; CHF 1&rsquo;610.00\"}]},{\"@type\":\"WebSite\",\"@id\":\"https:\/\/www.swissraft.ch\/de\/#website\",\"url\":\"https:\/\/www.swissraft.ch\/de\/\",\"name\":\"Swissraft\",\"description\":\"To enjoy nature as it is\",\"publisher\":{\"@id\":\"https:\/\/www.swissraft.ch\/de\/#organization\"},\"potentialAction\":[{\"@type\":\"SearchAction\",\"target\":{\"@type\":\"EntryPoint\",\"urlTemplate\":\"https:\/\/www.swissraft.ch\/de\/?s={search_term_string}\"},\"query-input\":{\"@type\":\"PropertyValueSpecification\",\"valueRequired\":true,\"valueName\":\"search_term_string\"}}],\"inLanguage\":\"de\"},{\"@type\":\"Organization\",\"@id\":\"https:\/\/www.swissraft.ch\/de\/#organization\",\"name\":\"Swissraft\",\"url\":\"https:\/\/www.swissraft.ch\/de\/\",\"logo\":{\"@type\":\"ImageObject\",\"inLanguage\":\"de\",\"@id\":\"https:\/\/www.swissraft.ch\/de\/#\/schema\/logo\/image\/\",\"url\":\"https:\/\/www.swissraft.ch\/wp-content\/uploads\/2025\/09\/Capture.jpg\",\"contentUrl\":\"https:\/\/www.swissraft.ch\/wp-content\/uploads\/2025\/09\/Capture.jpg\",\"width\":293,\"height\":108,\"caption\":\"Swissraft\"},\"image\":{\"@id\":\"https:\/\/www.swissraft.ch\/de\/#\/schema\/logo\/image\/\"}}]}<\/script>\n<!-- \/ Yoast SEO plugin. -->","yoast_head_json":{"title":"Rundflug Die drei Seen von Bern-Belp aus mit dem Helikopter","description":"Rundflug Die drei Seen von Bern-Belp; 45-min\u00fctiger Helikopterflug in Richtung Jura und Creux du Van mit einem herrlichen Panorama \u00fcber die Seen","robots":{"index":"index","follow":"follow","max-snippet":"max-snippet:-1","max-image-preview":"max-image-preview:large","max-video-preview":"max-video-preview:-1"},"canonical":"https:\/\/www.swissraft.ch\/de\/produkt\/helikopterflug-bern-belp-rundflug-die-drei-seen\/","og_locale":"de_DE","og_type":"article","og_title":"Rundflug Die drei Seen von Bern-Belp aus mit dem Helikopter","og_description":"Rundflug Die drei Seen von Bern-Belp; 45-min\u00fctiger Helikopterflug in Richtung Jura und Creux du Van mit einem herrlichen Panorama \u00fcber die Seen","og_url":"https:\/\/www.swissraft.ch\/de\/produkt\/helikopterflug-bern-belp-rundflug-die-drei-seen\/","og_site_name":"Swissraft","article_modified_time":"2026-04-17T00:27:14+00:00","og_image":[{"width":776,"height":776,"url":"https:\/\/www.swissraft.ch\/wp-content\/uploads\/2022\/11\/09-BERN-BELP-Die-Drei-Seen-776x776-2.jpg","type":"image\/jpeg"}],"twitter_card":"summary_large_image","twitter_misc":{"Gesch\u00e4tzte Lesezeit":"1\u00a0Minute"},"schema":{"@context":"https:\/\/schema.org","@graph":[{"@type":"WebPage","@id":"https:\/\/www.swissraft.ch\/de\/produkt\/helikopterflug-bern-belp-rundflug-die-drei-seen\/","url":"https:\/\/www.swissraft.ch\/de\/produkt\/helikopterflug-bern-belp-rundflug-die-drei-seen\/","name":"Rundflug Die drei Seen von Bern-Belp aus mit dem Helikopter","isPartOf":{"@id":"https:\/\/www.swissraft.ch\/de\/#website"},"primaryImageOfPage":{"@id":"https:\/\/www.swissraft.ch\/de\/produkt\/helikopterflug-bern-belp-rundflug-die-drei-seen\/#primaryimage"},"image":{"@id":"https:\/\/www.swissraft.ch\/de\/produkt\/helikopterflug-bern-belp-rundflug-die-drei-seen\/#primaryimage"},"thumbnailUrl":"https:\/\/www.swissraft.ch\/wp-content\/uploads\/2022\/11\/09-BERN-BELP-Die-Drei-Seen-776x776-2.jpg","datePublished":"2022-11-22T17:00:50+00:00","dateModified":"2026-04-17T00:27:14+00:00","description":"Rundflug Die drei Seen von Bern-Belp; 45-min\u00fctiger Helikopterflug in Richtung Jura und Creux du Van mit einem herrlichen Panorama \u00fcber die Seen","breadcrumb":{"@id":"https:\/\/www.swissraft.ch\/de\/produkt\/helikopterflug-bern-belp-rundflug-die-drei-seen\/#breadcrumb"},"inLanguage":"de","potentialAction":[{"@type":"ReadAction","target":["https:\/\/www.swissraft.ch\/de\/produkt\/helikopterflug-bern-belp-rundflug-die-drei-seen\/"]}]},{"@type":"ImageObject","inLanguage":"de","@id":"https:\/\/www.swissraft.ch\/de\/produkt\/helikopterflug-bern-belp-rundflug-die-drei-seen\/#primaryimage","url":"https:\/\/www.swissraft.ch\/wp-content\/uploads\/2022\/11\/09-BERN-BELP-Die-Drei-Seen-776x776-2.jpg","contentUrl":"https:\/\/www.swissraft.ch\/wp-content\/uploads\/2022\/11\/09-BERN-BELP-Die-Drei-Seen-776x776-2.jpg","width":776,"height":776,"caption":"Von Bern-Belp zu einem Rundflug \u00fcber Die drei Seen"},{"@type":"BreadcrumbList","@id":"https:\/\/www.swissraft.ch\/de\/produkt\/helikopterflug-bern-belp-rundflug-die-drei-seen\/#breadcrumb","itemListElement":[{"@type":"ListItem","position":1,"name":"Accueil","item":"https:\/\/www.swissraft.ch\/de\/"},{"@type":"ListItem","position":2,"name":"Shop","item":"https:\/\/www.swissraft.ch\/de\/shop\/"},{"@type":"ListItem","position":3,"name":"Helikopterflug &#8211; Bern-Belp &#8211; Die drei Seen &#8211; 45 Min. &#8211; CHF 1&rsquo;610.00"}]},{"@type":"WebSite","@id":"https:\/\/www.swissraft.ch\/de\/#website","url":"https:\/\/www.swissraft.ch\/de\/","name":"Swissraft","description":"To enjoy nature as it is","publisher":{"@id":"https:\/\/www.swissraft.ch\/de\/#organization"},"potentialAction":[{"@type":"SearchAction","target":{"@type":"EntryPoint","urlTemplate":"https:\/\/www.swissraft.ch\/de\/?s={search_term_string}"},"query-input":{"@type":"PropertyValueSpecification","valueRequired":true,"valueName":"search_term_string"}}],"inLanguage":"de"},{"@type":"Organization","@id":"https:\/\/www.swissraft.ch\/de\/#organization","name":"Swissraft","url":"https:\/\/www.swissraft.ch\/de\/","logo":{"@type":"ImageObject","inLanguage":"de","@id":"https:\/\/www.swissraft.ch\/de\/#\/schema\/logo\/image\/","url":"https:\/\/www.swissraft.ch\/wp-content\/uploads\/2025\/09\/Capture.jpg","contentUrl":"https:\/\/www.swissraft.ch\/wp-content\/uploads\/2025\/09\/Capture.jpg","width":293,"height":108,"caption":"Swissraft"},"image":{"@id":"https:\/\/www.swissraft.ch\/de\/#\/schema\/logo\/image\/"}}]}},"_links":{"self":[{"href":"https:\/\/www.swissraft.ch\/de\/wp-json\/wp\/v2\/product\/91919","targetHints":{"allow":["GET"]}}],"collection":[{"href":"https:\/\/www.swissraft.ch\/de\/wp-json\/wp\/v2\/product"}],"about":[{"href":"https:\/\/www.swissraft.ch\/de\/wp-json\/wp\/v2\/types\/product"}],"replies":[{"embeddable":true,"href":"https:\/\/www.swissraft.ch\/de\/wp-json\/wp\/v2\/comments?post=91919"}],"version-history":[{"count":40,"href":"https:\/\/www.swissraft.ch\/de\/wp-json\/wp\/v2\/product\/91919\/revisions"}],"predecessor-version":[{"id":140476,"href":"https:\/\/www.swissraft.ch\/de\/wp-json\/wp\/v2\/product\/91919\/revisions\/140476"}],"wp:featuredmedia":[{"embeddable":true,"href":"https:\/\/www.swissraft.ch\/de\/wp-json\/wp\/v2\/media\/87283"}],"wp:attachment":[{"href":"https:\/\/www.swissraft.ch\/de\/wp-json\/wp\/v2\/media?parent=91919"}],"wp:term":[{"taxonomy":"product_cat","embeddable":true,"href":"https:\/\/www.swissraft.ch\/de\/wp-json\/wp\/v2\/product_cat?post=91919"},{"taxonomy":"product_tag","embeddable":true,"href":"https:\/\/www.swissraft.ch\/de\/wp-json\/wp\/v2\/product_tag?post=91919"}],"curies":[{"name":"wp","href":"https:\/\/api.w.org\/{rel}","templated":true}]}}