{"id":91916,"date":"2022-10-16T17:11:43","date_gmt":"2022-10-16T15:11:43","guid":{"rendered":"https:\/\/swissraft.xyanzkdne.eu\/product\/helikopterflug-von-bern-belp-flug-ueber-bern-15-und-20-min-ab-chf-160-00\/"},"modified":"2026-02-01T19:13:53","modified_gmt":"2026-02-01T18:13:53","slug":"helikopterflug-bern-belp-flug-bern","status":"publish","type":"product","link":"https:\/\/www.swissraft.ch\/de\/produkt\/helikopterflug-bern-belp-flug-bern\/","title":{"rendered":"Helikopterflug von BERN-BELP &#8211; FLUG \u00dcBER BERN &#8211; 15 und 20 Min. &#8211; Ab CHF 160.00"},"content":{"rendered":"\t\t<div data-elementor-type=\"wp-post\" data-elementor-id=\"91916\" class=\"elementor elementor-91916 elementor-28887\">\n\t\t\t\t\t\t\t\t\t<section class=\"elementor-section elementor-top-section elementor-element elementor-element-3303a7e3 elementor-section-boxed elementor-section-height-default elementor-section-height-default\" data-id=\"3303a7e3\" data-element_type=\"section\">\n\t\t\t\t\t\t<div class=\"elementor-container elementor-column-gap-default\">\n\t\t\t\t\t<div class=\"elementor-column elementor-col-100 elementor-top-column elementor-element elementor-element-16d72dbf\" data-id=\"16d72dbf\" data-element_type=\"column\">\n\t\t\t<div class=\"elementor-widget-wrap elementor-element-populated\">\n\t\t\t\t\t\t\t\t<div class=\"elementor-element elementor-element-d743c03 elementor-widget elementor-widget-text-editor\" data-id=\"d743c03\" data-element_type=\"widget\" data-widget_type=\"text-editor.default\">\n\t\t\t\t<div class=\"elementor-widget-container\">\n\t\t\t\t\t\t\t<h2>W\u00c4HLEN SIE UNTEN IHRE AKTIVIT\u00c4T AUS, UM GESCHENKGUTSCHEINE \/ TICKETS ZU VERSCHENKEN ODER ZU BUCHEN<\/h2><table style=\"height: 290px;\" border=\"0\" width=\"580\" cellspacing=\"10\" cellpadding=\"10\"><tbody><tr><td width=\"50%\"><strong>1) FLUG \u00dcBER BERN &#8211; 15 Min.<\/strong><\/td><td><strong>Ab CHF 160.00 pro Person<\/strong><\/td><\/tr><tr><td>Weitere Information<\/td><td>&#8211; Sie werden mit anderen Passagieren zusammen sein<\/td><\/tr><tr><td>Flughafen<\/td><td><a href=\"https:\/\/www.google.ch\/maps\/place\/Muristrasse+114,+3123+Belp,+Suisse\/@46.9054,7.4973283,193m\/data=!3m1!1e3!4m6!3m5!1s0x478e37cc7fe34b07:0xd2876f33b4e5b28c!8m2!3d46.905372!4d7.4984699!16s%2Fg%2F11c279q9ks!5m1!1e1?hl=fr&amp;entry=ttu&amp;g_ep=EgoyMDI0MDgyOC4wIKXMDSoASAFQAw%3D%3D\" target=\"_blank\" rel=\"noopener\">Bern-Belp<\/a><\/td><\/tr><tr><td>Flugzeit<\/td><td>15 Min.<\/td><\/tr><tr><td>Gesamtdauer<\/td><td>ca. 35 Min.<\/td><\/tr><tr><td>Termin<\/td><td>Per Telefon<\/td><\/tr><tr><td><a href=\"https:\/\/swissraft.outdoorbooking.ch\/fo\/products\/1289?base_id=9&amp;category_id=6&amp;order_type=gift_voucher&amp;lang=de\" target=\"_blank\" rel=\"noopener\"><button class=\"elementor-button\" type=\"button\">GUTSCHEIN \/ TICKET KAUFEN <\/button><\/a><\/td><td><span style=\"font-weight: bold; background-color: #ffffff;\">CHF <strong>160.00 pro Person<\/strong><\/span><\/td><\/tr><tr><td><a href=\"https:\/\/swissraft.outdoorbooking.ch\/fo\/products\/1859?base_id=9&amp;category_id=6&amp;order_type=gift_voucher&amp;lang=de\" target=\"_blank\" rel=\"noopener\"><button class=\"elementor-button\" type=\"button\">GUTSCHEIN \/ TICKET KAUFEN<\/button> <\/a><\/td><td><strong>CHF 640.00 &#8211; Privatflug (4 Pers.)<\/strong><\/td><\/tr><tr><td>\u00a0<\/td><td><span style=\"text-decoration: underline;\"><strong><em>WICHTIG !<\/em><\/strong><\/span><br \/><em>Um zu reservieren, rufen Sie die Nummer an, die sich oben links auf dem Gutschein \/ Ticket befindet.<\/em><\/td><\/tr><\/tbody><\/table><table style=\"height: 290px;\" border=\"0\" width=\"580\" cellspacing=\"10\" cellpadding=\"10\"><tbody><tr><td width=\"50%\"><strong>2) FLUG \u00dcBER BERN &#8211; PRIVATFLUG (3-5 Pers.) &#8211; 20 Min.<\/strong><\/td><td><strong>Ab CHF 566.00 pro Privatflug<\/strong><\/td><\/tr><tr><td>Zus\u00e4tzliche Informationen<\/td><td>&#8211; Sie haben den Helikopter ausschlie\u00dflich f\u00fcr sich<br \/>&#8211; Sie bestimmen das Datum und die Uhrzeit des Abflugs<br \/>&#8211; Maximal 5 Pers.<\/td><\/tr><tr><td>Flughafen<\/td><td><a href=\"https:\/\/www.google.ch\/maps\/place\/Flugplatzstrasse+9,+3123+Belp\/@46.9110741,7.5014815,384m\/data=!3m1!1e3!4m6!3m5!1s0x478e364abf3cd12d:0x66533198ed658320!8m2!3d46.9109935!4d7.5040993!16s%2Fg%2F11c2cjv1zm?hl=fr&amp;entry=ttu\" target=\"_blank\" rel=\"noopener\">Bern-Belp<\/a><\/td><\/tr><tr><td>Flugzeit<\/td><td>20 Min.<\/td><\/tr><tr><td>Gesamtdauer<\/td><td>ca. 40 Min.<\/td><\/tr><tr><td>Termin<\/td><td>Per Telefon<\/td><\/tr><tr><td><a href=\"https:\/\/swissraft.outdoorbooking.ch\/fo\/products\/465?base_id=211&amp;category_id=6&amp;order_type=gift_voucher&amp;lang=de\" target=\"_blank\" rel=\"noopener\"><button class=\"elementor-button\" type=\"button\">GUTSCHEIN \/ TICKET KAUFEN <\/button><\/a><\/td><td><strong>CHF 566.00 &#8211; Privatflug (3 Pers.)<\/strong><\/td><\/tr><tr><td><a href=\"https:\/\/swissraft.outdoorbooking.ch:443\/fo\/products\/2175?base_id=115&amp;category_id=6&amp;order_type=gift_voucher&amp;lang=de\" target=\"_blank\" rel=\"noopener\"><button class=\"elementor-button\" type=\"button\">GUTSCHEIN \/ TICKET KAUFEN<\/button><\/a><\/td><td><strong>CHF 765.00 &#8211; Privatflug (4 Pers.)<\/strong><\/td><\/tr><tr><td><a href=\"https:\/\/swissraft.outdoorbooking.ch\/fo\/products\/467?base_id=116&amp;category_id=6&amp;order_type=gift_voucher&amp;lang=de\" target=\"_blank\" rel=\"noopener\"><button class=\"elementor-button\" type=\"button\">GUTSCHEIN \/ TICKET KAUFEN<\/button><\/a><\/td><td><strong>CHF 999.00 &#8211; Privatflug (5 Pers.)<\/strong><\/td><\/tr><tr><td>\u00a0<\/td><td><span style=\"text-decoration: underline;\"><strong><em>WICHTIG !<\/em><\/strong><\/span><br \/><em>Um zu reservieren, rufen Sie die Nummer an, die sich oben links auf dem Gutschein \/ Ticket befindet.<\/em><\/td><\/tr><\/tbody><\/table>\t\t\t\t\t\t<\/div>\n\t\t\t\t<\/div>\n\t\t\t\t\t<\/div>\n\t\t<\/div>\n\t\t\t\t\t\t\t<\/div>\n\t\t<\/section>\n\t\t\t\t\t\t\t<\/div>\n\t\t","protected":false},"excerpt":{"rendered":"<div align=\"justify\">\n<h2 align=\"justify\">Helikopterflug \u00fcber die politische Hauptstadt der Schweiz: Bern<\/h2>\n<h3>Von Bern-Belp aus, ein touristischer und kultureller Helikopterflug<\/h3>\n<\/div>\n<div align=\"justify\">\n<p>Sie fliegen mit dem Helikopter \u00fcber die politische Hauptstadt der Schweiz und haben eine imposante Aussicht auf die historische Altstadt. Oberhalb des Bundeshauses und des Klosters. Dann fahren Sie nach Rubigen, Worb, Bantiger, dem Stade de Suisse, der Altstadt und dem Bundeshaus. Dann der See von Wohlen, Gurten, der Berg von Belp. Danach geht es durch das Aaretal, bevor Sie sich am internationalen Flughafen Bern-Belp ausruhen.<\/p>\n<h3>Swissraft bietet Ihnen ab Bern-Belp zahlreiche Hubschrauberrundfl\u00fcge an.<\/h3>\n<p id=\"textarea\" style=\"display: none;\">Wir starten im Wallis vom Flughafen Sion und den Hubschrauberlandepl\u00e4tzen Gampel und Collombey. Aber wir haben auch Fl\u00fcge vom Helikopterlandeplatz Interlaken-Gsteigwiler im Berner Oberland. Sowie Fl\u00fcge ab dem Heliport Gstaad-Grund und ab dem Flugplatz Saanen im Saanenland. Ebenso von den Helikopterlandepl\u00e4tzen Lauterbrunnen, Lenk-Simmental und Schattenhalb-Meiringen. Au\u00dferdem fliegen wir von Buttwil aus in den Aargau und von Grenchen aus in den Kanton Solothurn. Dann starten wir auch im Kanton Luzern vom Hubschrauberlandeplatz Pfaffnau.<br \/>\nWir haben auch Fl\u00fcge in den Kanton Uri vom Heliport Erstfeld aus im Angebot. Aber auch im Kanton Schwyz vom Helikopeterlandeplatz K\u00fcssnacht aus. Daneben bieten wir auch Hubschrauberrundfl\u00fcge im Kanton Freiburg in \u00c9pagny en Gruy\u00e8re an. Au\u00dferdem haben wir Fl\u00fcge in den Kanton Tessin von den Flugpl\u00e4tzen Locarno und Lodrino aus. Dar\u00fcber hinaus bieten wir Fl\u00fcge in Graub\u00fcnden von den Heliports Flims, Tavanasa und Untervaz an. Au\u00dferdem starten wir im Engadin vom Flugplatz Samedan aus. Wir bieten auch Fl\u00fcge nach Liechtenstein vom Heliport Balzers und in den Kanton Thurgau von Sitterdorf aus an.\n<\/p>\n<p><a id=\"seeMore\" onclick=\"toggleSeeMore()\" href=\"javascript:void(0);\">Lesen Sie mehr<\/a><\/p>\n","protected":false},"featured_media":87943,"comment_status":"open","ping_status":"closed","template":"","meta":{"inline_featured_image":false,"_mi_skip_tracking":false},"product_cat":[263,307],"product_tag":[],"class_list":["post-91916","product","type-product","status-publish","has-post-thumbnail","hentry","product_cat-helikopterflug-in-der-schweiz","product_cat-helikopterrundflug-berne-belp"],"yoast_head":"<!-- This site is optimized with the Yoast SEO plugin v23.6 - https:\/\/yoast.com\/wordpress\/plugins\/seo\/ -->\n<title>Flug \u00fcber Bern, die politische Hauptstadt der Schweiz<\/title>\n<meta name=\"description\" content=\"Flug \u00fcber Bern. Sie fliegen \u00fcber alle Geb\u00e4ude und markanten Orte der Stadt Bern. Dieser Hubschrauberflug ist nicht nur ein Panoramaflug, sondern auch ein Kulturflug.\" \/>\n<meta name=\"robots\" content=\"index, follow, max-snippet:-1, max-image-preview:large, max-video-preview:-1\" \/>\n<link rel=\"canonical\" href=\"https:\/\/www.swissraft.ch\/de\/produkt\/helikopterflug-bern-belp-flug-bern\/\" \/>\n<meta property=\"og:locale\" content=\"de_DE\" \/>\n<meta property=\"og:type\" content=\"article\" \/>\n<meta property=\"og:title\" content=\"Flug \u00fcber Bern, die politische Hauptstadt der Schweiz\" \/>\n<meta property=\"og:description\" content=\"Flug \u00fcber Bern. Sie fliegen \u00fcber alle Geb\u00e4ude und markanten Orte der Stadt Bern. Dieser Hubschrauberflug ist nicht nur ein Panoramaflug, sondern auch ein Kulturflug.\" \/>\n<meta property=\"og:url\" content=\"https:\/\/www.swissraft.ch\/de\/produkt\/helikopterflug-bern-belp-flug-bern\/\" \/>\n<meta property=\"og:site_name\" content=\"Swissraft\" \/>\n<meta property=\"article:modified_time\" content=\"2026-02-01T18:13:53+00:00\" \/>\n<meta property=\"og:image\" content=\"https:\/\/www.swissraft.ch\/wp-content\/uploads\/2023\/01\/1-BERN-BELP-Bern-City-776x776-1.jpg\" \/>\n\t<meta property=\"og:image:width\" content=\"776\" \/>\n\t<meta property=\"og:image:height\" content=\"776\" \/>\n\t<meta property=\"og:image:type\" content=\"image\/jpeg\" \/>\n<meta name=\"twitter:card\" content=\"summary_large_image\" \/>\n<meta name=\"twitter:label1\" content=\"Gesch\u00e4tzte Lesezeit\" \/>\n\t<meta name=\"twitter:data1\" content=\"1\u00a0Minute\" \/>\n<script type=\"application\/ld+json\" class=\"yoast-schema-graph\">{\"@context\":\"https:\/\/schema.org\",\"@graph\":[{\"@type\":\"WebPage\",\"@id\":\"https:\/\/www.swissraft.ch\/de\/produkt\/helikopterflug-bern-belp-flug-bern\/\",\"url\":\"https:\/\/www.swissraft.ch\/de\/produkt\/helikopterflug-bern-belp-flug-bern\/\",\"name\":\"Flug \u00fcber Bern, die politische Hauptstadt der Schweiz\",\"isPartOf\":{\"@id\":\"https:\/\/www.swissraft.ch\/de\/#website\"},\"primaryImageOfPage\":{\"@id\":\"https:\/\/www.swissraft.ch\/de\/produkt\/helikopterflug-bern-belp-flug-bern\/#primaryimage\"},\"image\":{\"@id\":\"https:\/\/www.swissraft.ch\/de\/produkt\/helikopterflug-bern-belp-flug-bern\/#primaryimage\"},\"thumbnailUrl\":\"https:\/\/www.swissraft.ch\/wp-content\/uploads\/2023\/01\/1-BERN-BELP-Bern-City-776x776-1.jpg\",\"datePublished\":\"2022-10-16T15:11:43+00:00\",\"dateModified\":\"2026-02-01T18:13:53+00:00\",\"description\":\"Flug \u00fcber Bern. Sie fliegen \u00fcber alle Geb\u00e4ude und markanten Orte der Stadt Bern. Dieser Hubschrauberflug ist nicht nur ein Panoramaflug, sondern auch ein Kulturflug.\",\"breadcrumb\":{\"@id\":\"https:\/\/www.swissraft.ch\/de\/produkt\/helikopterflug-bern-belp-flug-bern\/#breadcrumb\"},\"inLanguage\":\"de\",\"potentialAction\":[{\"@type\":\"ReadAction\",\"target\":[\"https:\/\/www.swissraft.ch\/de\/produkt\/helikopterflug-bern-belp-flug-bern\/\"]}]},{\"@type\":\"ImageObject\",\"inLanguage\":\"de\",\"@id\":\"https:\/\/www.swissraft.ch\/de\/produkt\/helikopterflug-bern-belp-flug-bern\/#primaryimage\",\"url\":\"https:\/\/www.swissraft.ch\/wp-content\/uploads\/2023\/01\/1-BERN-BELP-Bern-City-776x776-1.jpg\",\"contentUrl\":\"https:\/\/www.swissraft.ch\/wp-content\/uploads\/2023\/01\/1-BERN-BELP-Bern-City-776x776-1.jpg\",\"width\":776,\"height\":776,\"caption\":\"Helikopterflug \u00fcber Bern von Bern-Belp aus\"},{\"@type\":\"BreadcrumbList\",\"@id\":\"https:\/\/www.swissraft.ch\/de\/produkt\/helikopterflug-bern-belp-flug-bern\/#breadcrumb\",\"itemListElement\":[{\"@type\":\"ListItem\",\"position\":1,\"name\":\"Accueil\",\"item\":\"https:\/\/www.swissraft.ch\/de\/\"},{\"@type\":\"ListItem\",\"position\":2,\"name\":\"Shop\",\"item\":\"https:\/\/www.swissraft.ch\/de\/shop\/\"},{\"@type\":\"ListItem\",\"position\":3,\"name\":\"Helikopterflug von BERN-BELP &#8211; FLUG \u00dcBER BERN &#8211; 15 und 20 Min. &#8211; Ab CHF 160.00\"}]},{\"@type\":\"WebSite\",\"@id\":\"https:\/\/www.swissraft.ch\/de\/#website\",\"url\":\"https:\/\/www.swissraft.ch\/de\/\",\"name\":\"Swissraft\",\"description\":\"To enjoy nature as it is\",\"publisher\":{\"@id\":\"https:\/\/www.swissraft.ch\/de\/#organization\"},\"potentialAction\":[{\"@type\":\"SearchAction\",\"target\":{\"@type\":\"EntryPoint\",\"urlTemplate\":\"https:\/\/www.swissraft.ch\/de\/?s={search_term_string}\"},\"query-input\":{\"@type\":\"PropertyValueSpecification\",\"valueRequired\":true,\"valueName\":\"search_term_string\"}}],\"inLanguage\":\"de\"},{\"@type\":\"Organization\",\"@id\":\"https:\/\/www.swissraft.ch\/de\/#organization\",\"name\":\"Swissraft\",\"url\":\"https:\/\/www.swissraft.ch\/de\/\",\"logo\":{\"@type\":\"ImageObject\",\"inLanguage\":\"de\",\"@id\":\"https:\/\/www.swissraft.ch\/de\/#\/schema\/logo\/image\/\",\"url\":\"https:\/\/www.swissraft.ch\/wp-content\/uploads\/2025\/09\/Capture.jpg\",\"contentUrl\":\"https:\/\/www.swissraft.ch\/wp-content\/uploads\/2025\/09\/Capture.jpg\",\"width\":293,\"height\":108,\"caption\":\"Swissraft\"},\"image\":{\"@id\":\"https:\/\/www.swissraft.ch\/de\/#\/schema\/logo\/image\/\"}}]}<\/script>\n<!-- \/ Yoast SEO plugin. -->","yoast_head_json":{"title":"Flug \u00fcber Bern, die politische Hauptstadt der Schweiz","description":"Flug \u00fcber Bern. Sie fliegen \u00fcber alle Geb\u00e4ude und markanten Orte der Stadt Bern. Dieser Hubschrauberflug ist nicht nur ein Panoramaflug, sondern auch ein Kulturflug.","robots":{"index":"index","follow":"follow","max-snippet":"max-snippet:-1","max-image-preview":"max-image-preview:large","max-video-preview":"max-video-preview:-1"},"canonical":"https:\/\/www.swissraft.ch\/de\/produkt\/helikopterflug-bern-belp-flug-bern\/","og_locale":"de_DE","og_type":"article","og_title":"Flug \u00fcber Bern, die politische Hauptstadt der Schweiz","og_description":"Flug \u00fcber Bern. Sie fliegen \u00fcber alle Geb\u00e4ude und markanten Orte der Stadt Bern. Dieser Hubschrauberflug ist nicht nur ein Panoramaflug, sondern auch ein Kulturflug.","og_url":"https:\/\/www.swissraft.ch\/de\/produkt\/helikopterflug-bern-belp-flug-bern\/","og_site_name":"Swissraft","article_modified_time":"2026-02-01T18:13:53+00:00","og_image":[{"width":776,"height":776,"url":"https:\/\/www.swissraft.ch\/wp-content\/uploads\/2023\/01\/1-BERN-BELP-Bern-City-776x776-1.jpg","type":"image\/jpeg"}],"twitter_card":"summary_large_image","twitter_misc":{"Gesch\u00e4tzte Lesezeit":"1\u00a0Minute"},"schema":{"@context":"https:\/\/schema.org","@graph":[{"@type":"WebPage","@id":"https:\/\/www.swissraft.ch\/de\/produkt\/helikopterflug-bern-belp-flug-bern\/","url":"https:\/\/www.swissraft.ch\/de\/produkt\/helikopterflug-bern-belp-flug-bern\/","name":"Flug \u00fcber Bern, die politische Hauptstadt der Schweiz","isPartOf":{"@id":"https:\/\/www.swissraft.ch\/de\/#website"},"primaryImageOfPage":{"@id":"https:\/\/www.swissraft.ch\/de\/produkt\/helikopterflug-bern-belp-flug-bern\/#primaryimage"},"image":{"@id":"https:\/\/www.swissraft.ch\/de\/produkt\/helikopterflug-bern-belp-flug-bern\/#primaryimage"},"thumbnailUrl":"https:\/\/www.swissraft.ch\/wp-content\/uploads\/2023\/01\/1-BERN-BELP-Bern-City-776x776-1.jpg","datePublished":"2022-10-16T15:11:43+00:00","dateModified":"2026-02-01T18:13:53+00:00","description":"Flug \u00fcber Bern. Sie fliegen \u00fcber alle Geb\u00e4ude und markanten Orte der Stadt Bern. Dieser Hubschrauberflug ist nicht nur ein Panoramaflug, sondern auch ein Kulturflug.","breadcrumb":{"@id":"https:\/\/www.swissraft.ch\/de\/produkt\/helikopterflug-bern-belp-flug-bern\/#breadcrumb"},"inLanguage":"de","potentialAction":[{"@type":"ReadAction","target":["https:\/\/www.swissraft.ch\/de\/produkt\/helikopterflug-bern-belp-flug-bern\/"]}]},{"@type":"ImageObject","inLanguage":"de","@id":"https:\/\/www.swissraft.ch\/de\/produkt\/helikopterflug-bern-belp-flug-bern\/#primaryimage","url":"https:\/\/www.swissraft.ch\/wp-content\/uploads\/2023\/01\/1-BERN-BELP-Bern-City-776x776-1.jpg","contentUrl":"https:\/\/www.swissraft.ch\/wp-content\/uploads\/2023\/01\/1-BERN-BELP-Bern-City-776x776-1.jpg","width":776,"height":776,"caption":"Helikopterflug \u00fcber Bern von Bern-Belp aus"},{"@type":"BreadcrumbList","@id":"https:\/\/www.swissraft.ch\/de\/produkt\/helikopterflug-bern-belp-flug-bern\/#breadcrumb","itemListElement":[{"@type":"ListItem","position":1,"name":"Accueil","item":"https:\/\/www.swissraft.ch\/de\/"},{"@type":"ListItem","position":2,"name":"Shop","item":"https:\/\/www.swissraft.ch\/de\/shop\/"},{"@type":"ListItem","position":3,"name":"Helikopterflug von BERN-BELP &#8211; FLUG \u00dcBER BERN &#8211; 15 und 20 Min. &#8211; Ab CHF 160.00"}]},{"@type":"WebSite","@id":"https:\/\/www.swissraft.ch\/de\/#website","url":"https:\/\/www.swissraft.ch\/de\/","name":"Swissraft","description":"To enjoy nature as it is","publisher":{"@id":"https:\/\/www.swissraft.ch\/de\/#organization"},"potentialAction":[{"@type":"SearchAction","target":{"@type":"EntryPoint","urlTemplate":"https:\/\/www.swissraft.ch\/de\/?s={search_term_string}"},"query-input":{"@type":"PropertyValueSpecification","valueRequired":true,"valueName":"search_term_string"}}],"inLanguage":"de"},{"@type":"Organization","@id":"https:\/\/www.swissraft.ch\/de\/#organization","name":"Swissraft","url":"https:\/\/www.swissraft.ch\/de\/","logo":{"@type":"ImageObject","inLanguage":"de","@id":"https:\/\/www.swissraft.ch\/de\/#\/schema\/logo\/image\/","url":"https:\/\/www.swissraft.ch\/wp-content\/uploads\/2025\/09\/Capture.jpg","contentUrl":"https:\/\/www.swissraft.ch\/wp-content\/uploads\/2025\/09\/Capture.jpg","width":293,"height":108,"caption":"Swissraft"},"image":{"@id":"https:\/\/www.swissraft.ch\/de\/#\/schema\/logo\/image\/"}}]}},"_links":{"self":[{"href":"https:\/\/www.swissraft.ch\/de\/wp-json\/wp\/v2\/product\/91916","targetHints":{"allow":["GET"]}}],"collection":[{"href":"https:\/\/www.swissraft.ch\/de\/wp-json\/wp\/v2\/product"}],"about":[{"href":"https:\/\/www.swissraft.ch\/de\/wp-json\/wp\/v2\/types\/product"}],"replies":[{"embeddable":true,"href":"https:\/\/www.swissraft.ch\/de\/wp-json\/wp\/v2\/comments?post=91916"}],"version-history":[{"count":55,"href":"https:\/\/www.swissraft.ch\/de\/wp-json\/wp\/v2\/product\/91916\/revisions"}],"predecessor-version":[{"id":133085,"href":"https:\/\/www.swissraft.ch\/de\/wp-json\/wp\/v2\/product\/91916\/revisions\/133085"}],"wp:featuredmedia":[{"embeddable":true,"href":"https:\/\/www.swissraft.ch\/de\/wp-json\/wp\/v2\/media\/87943"}],"wp:attachment":[{"href":"https:\/\/www.swissraft.ch\/de\/wp-json\/wp\/v2\/media?parent=91916"}],"wp:term":[{"taxonomy":"product_cat","embeddable":true,"href":"https:\/\/www.swissraft.ch\/de\/wp-json\/wp\/v2\/product_cat?post=91916"},{"taxonomy":"product_tag","embeddable":true,"href":"https:\/\/www.swissraft.ch\/de\/wp-json\/wp\/v2\/product_tag?post=91916"}],"curies":[{"name":"wp","href":"https:\/\/api.w.org\/{rel}","templated":true}]}}