{"id":91915,"date":"2022-11-22T17:19:15","date_gmt":"2022-11-22T16:19:15","guid":{"rendered":"https:\/\/swissraft.xyanzkdne.eu\/product\/hubschrauberflug-von-belp-petersgrat-aperitif-45-min-ab-chf-455-00\/"},"modified":"2026-02-01T19:27:31","modified_gmt":"2026-02-01T18:27:31","slug":"helikopterflug-bern-belp-landung-petersgrat-aperitif","status":"publish","type":"product","link":"https:\/\/www.swissraft.ch\/de\/produkt\/helikopterflug-bern-belp-landung-petersgrat-aperitif\/","title":{"rendered":"Helikopterflug von BERN-BELP &#8211; PETERSGRAT + APERITIF &#8211; 45 Min. &#8211; Ab CHF 486.00"},"content":{"rendered":"\t\t<div data-elementor-type=\"wp-post\" data-elementor-id=\"91915\" class=\"elementor elementor-91915 elementor-29128\">\n\t\t\t\t\t\t\t\t\t<section class=\"elementor-section elementor-top-section elementor-element elementor-element-3303a7e3 elementor-section-boxed elementor-section-height-default elementor-section-height-default\" data-id=\"3303a7e3\" data-element_type=\"section\">\n\t\t\t\t\t\t<div class=\"elementor-container elementor-column-gap-default\">\n\t\t\t\t\t<div class=\"elementor-column elementor-col-100 elementor-top-column elementor-element elementor-element-16d72dbf\" data-id=\"16d72dbf\" data-element_type=\"column\">\n\t\t\t<div class=\"elementor-widget-wrap elementor-element-populated\">\n\t\t\t\t\t\t\t\t<div class=\"elementor-element elementor-element-d743c03 elementor-widget elementor-widget-text-editor\" data-id=\"d743c03\" data-element_type=\"widget\" data-widget_type=\"text-editor.default\">\n\t\t\t\t<div class=\"elementor-widget-container\">\n\t\t\t\t\t\t\t<h2>W\u00c4HLEN SIE UNTEN IHRE AKTIVIT\u00c4T AUS, UM GESCHENKGUTSCHEINE \/ TICKETS ZU VERSCHENKEN ODER ZU BUCHEN<\/h2><table style=\"height: 290px;\" border=\"0\" width=\"580\" cellspacing=\"10\" cellpadding=\"10\"><tbody><tr><td width=\"50%\"><strong>LANDUNG AUF DEM PETERSGRAT + APERITIF (1-5 Pers.) &#8211; 45 Min.<\/strong><\/td><td><strong>Ab CHF 486.00 pro Person <\/strong><\/td><\/tr><tr><td>Weitere Informationen<\/td><td>&#8211; Sie werden mit anderen Passagieren zusammen sein<br \/>&#8211; Sie werden haupts\u00e4chlich am Sonntag fliegen<br \/>&#8211; T\u00e4glich Privatflug<br \/>&#8211; Maximal 5 Pers.<br \/><em><strong>&#8211; Der Aperitif wird Ihnen angeboten<\/strong><\/em><\/td><\/tr><tr><td>Flughafen<\/td><td><a href=\"https:\/\/www.google.ch\/maps\/place\/Flugplatzstrasse+9,+3123+Belp\/@46.9110741,7.5014815,384m\/data=!3m1!1e3!4m6!3m5!1s0x478e364abf3cd12d:0x66533198ed658320!8m2!3d46.9109935!4d7.5040993!16s%2Fg%2F11c2cjv1zm?hl=fr&amp;entry=ttu\" target=\"_blank\" rel=\"noopener\">Bern-Belp<\/a><\/td><\/tr><tr><td>Flugzeit<\/td><td>45 Min.<\/td><\/tr><tr><td>Gesamtdauer<\/td><td>ca. 2,5 Std.<\/td><\/tr><tr><td>Termin<\/td><td>Per Telefon<\/td><\/tr><tr><td><a href=\"https:\/\/swissraft.outdoorbooking.ch\/fo\/products\/934?base_id=113&amp;category_id=6&amp;order_type=gift_voucher&amp;lang=de\" target=\"_blank\" rel=\"noopener\"><button class=\"elementor-button\" type=\"button\">GUTSCHEIN \/ TICKET KAUFEN<\/button><\/a><\/td><td><strong>CHF 486.00<\/strong>\/Pers.<\/td><\/tr><tr><td><a href=\"https:\/\/swissraft.outdoorbooking.ch\/fo\/products\/1379?base_id=115&amp;category_id=6&amp;order_type=gift_voucher&amp;lang=de\" target=\"_blank\" rel=\"noopener\"><button class=\"elementor-button\" type=\"button\">GUTSCHEIN \/ TICKET KAUFEN<\/button><\/a><\/td><td><strong>CHF 1&#8217;800.00 &#8211; Privatflug (2-4 Pers.)<\/strong><\/td><\/tr><tr><td><a href=\"https:\/\/swissraft.outdoorbooking.ch\/fo\/products\/1287?base_id=116&amp;category_id=6&amp;order_type=gift_voucher&amp;lang=de\" target=\"_blank\" rel=\"noopener\"><button class=\"elementor-button\" type=\"button\">GUTSCHEIN \/ TICKET KAUFEN<\/button><\/a><\/td><td><strong>CHF 2&#8217;310.00 &#8211; Privatflug (5 Pers.)<\/strong><\/td><\/tr><tr><td>\u00a0<\/td><td><strong><em>WICHTIG !<\/em><\/strong><br \/><em>Um zu reservieren, rufen Sie die Nummer an, die sich oben links auf dem Gutschein \/ Ticket befindet.<\/em><\/td><\/tr><\/tbody><\/table>\t\t\t\t\t\t<\/div>\n\t\t\t\t<\/div>\n\t\t\t\t\t<\/div>\n\t\t<\/div>\n\t\t\t\t\t\t\t<\/div>\n\t\t<\/section>\n\t\t\t\t\t\t\t<\/div>\n\t\t","protected":false},"excerpt":{"rendered":"<div align=\"justify\">\n<h2 align=\"justify\">Von Bern-Belp zu einem 45-min\u00fctigen Hubschrauberflug mit Landung auf dem Petersgrat auf \u00fcber 3000 m H\u00f6he.<\/h2>\n<h3>Dieser Flug geh\u00f6rt zu den Klassikern. Wir servieren Ihnen auf dem Gletscher einen Aperitif mit Prosecco, Bier, Mineralien und Amuse Bouche. <\/h3>\n<\/div>\n<div align=\"justify\">\n<p>Von Bern-Belp aus fliegen Sie \u00fcber die Stadt Thun und ihren See, das Kiental. Anschlie\u00dfend lassen Sie sich auf dem Petersgratgletscher f\u00fcr einen Aperitif nieder. Das Abenteuer geht dann weiter in Richtung Kandersteg, Niesen, Stockhorn. Danach fliegen Sie \u00fcber das G\u00fcrbetal, bevor wir wieder auf dem Flughafen Bern-Belp landen.<\/p>\n<h3>Swissraft bietet Ihnen insgesamt 26 Heliports und Flugpl\u00e4tze in der Schweiz f\u00fcr einen Helikopterflug an.<\/h3>\n<p id=\"textarea\" style=\"display: none;\">Wir starten im Wallis von den Helikopterlandepl\u00e4tzen Gampel und Collombey sowie vom Flughafen Sitten. Wir starten auch vom Heliport Interlaken-Gsteigwiler im Berner Oberland. Aber auch vom Heliport Gstaad-Grund und vom Flugplatz Saanen im Saanenland. Wir bieten auch Rundfl\u00fcge von den Heliports Lauterbrunnen, Lenk-Simmental und Schattenhalb-Meiringen aus an. Au\u00dferdem fliegen wir vom internationalen Flughafen Z\u00fcrich-Kloten ab. Zum einen fliegen wir von Buttwil aus in den Aargau und von Grenchen aus in den Kanton Solothurn. Au\u00dferdem bieten wir Fl\u00fcge vom Hubschrauberlandeplatz Pfaffnau im Kanton Luzern an. Ebenso haben wir Fl\u00fcge von Erstfeld im Kanton Uri und von K\u00fcssnacht im Kanton Schwyz. Wir starten \u00fcbrigens vom Flugplatz \u00c9pagny im Greyerzerland im Kanton Freiburg. Wir bieten auch Fl\u00fcge von den Flugpl\u00e4tzen Locarno und Lodrino im Kanton Tessin an. Dar\u00fcber hinaus haben wir in Graub\u00fcnden Fl\u00fcge von den Heliports in Flims, Tavanasa und Untervaz. Im Engadin bieten wir Fl\u00fcge vom Flugplatz Samedan und vom Heliport St. Moritz an. Moritz im Winter. Parallel dazu fliegen wir in Liechtenstein vom Heliport Balzers und im Kanton Thurgau von Sitterdorf aus.\n<\/p>\n<p><a id=\"seeMore\" onclick=\"toggleSeeMore()\" href=\"javascript:void(0);\">Lesen Sie mehr<\/a><\/p>\n","protected":false},"featured_media":85591,"comment_status":"open","ping_status":"closed","template":"","meta":{"inline_featured_image":false,"_mi_skip_tracking":false},"product_cat":[263,307],"product_tag":[],"class_list":["post-91915","product","type-product","status-publish","has-post-thumbnail","hentry","product_cat-helikopterflug-in-der-schweiz","product_cat-helikopterrundflug-berne-belp"],"yoast_head":"<!-- This site is optimized with the Yoast SEO plugin v23.6 - https:\/\/yoast.com\/wordpress\/plugins\/seo\/ -->\n<title>Landung auf dem Petersgrat mit Aperitif. Ein bemerkenswerter Flug<\/title>\n<meta name=\"description\" content=\"Landung auf dem Petersgrat f\u00fcr einen Aperitif, der von uns spendiert wird. Dieser Flug von Belp aus ist einer der sch\u00f6nsten Fl\u00fcge, die Sie machen k\u00f6nnen.\" \/>\n<meta name=\"robots\" content=\"index, follow, max-snippet:-1, max-image-preview:large, max-video-preview:-1\" \/>\n<link rel=\"canonical\" href=\"https:\/\/www.swissraft.ch\/de\/produkt\/helikopterflug-bern-belp-landung-petersgrat-aperitif\/\" \/>\n<meta property=\"og:locale\" content=\"de_DE\" \/>\n<meta property=\"og:type\" content=\"article\" \/>\n<meta property=\"og:title\" content=\"Landung auf dem Petersgrat mit Aperitif. Ein bemerkenswerter Flug\" \/>\n<meta property=\"og:description\" content=\"Landung auf dem Petersgrat f\u00fcr einen Aperitif, der von uns spendiert wird. Dieser Flug von Belp aus ist einer der sch\u00f6nsten Fl\u00fcge, die Sie machen k\u00f6nnen.\" \/>\n<meta property=\"og:url\" content=\"https:\/\/www.swissraft.ch\/de\/produkt\/helikopterflug-bern-belp-landung-petersgrat-aperitif\/\" \/>\n<meta property=\"og:site_name\" content=\"Swissraft\" \/>\n<meta property=\"article:modified_time\" content=\"2026-02-01T18:27:31+00:00\" \/>\n<meta property=\"og:image\" content=\"https:\/\/www.swissraft.ch\/wp-content\/uploads\/2022\/11\/08-BERN-BELP-Petersgrat-mit-Apero-776x776-1.jpg\" \/>\n\t<meta property=\"og:image:width\" content=\"776\" \/>\n\t<meta property=\"og:image:height\" content=\"776\" \/>\n\t<meta property=\"og:image:type\" content=\"image\/jpeg\" \/>\n<meta name=\"twitter:card\" content=\"summary_large_image\" \/>\n<meta name=\"twitter:label1\" content=\"Gesch\u00e4tzte Lesezeit\" \/>\n\t<meta name=\"twitter:data1\" content=\"1\u00a0Minute\" \/>\n<script type=\"application\/ld+json\" class=\"yoast-schema-graph\">{\"@context\":\"https:\/\/schema.org\",\"@graph\":[{\"@type\":\"WebPage\",\"@id\":\"https:\/\/www.swissraft.ch\/de\/produkt\/helikopterflug-bern-belp-landung-petersgrat-aperitif\/\",\"url\":\"https:\/\/www.swissraft.ch\/de\/produkt\/helikopterflug-bern-belp-landung-petersgrat-aperitif\/\",\"name\":\"Landung auf dem Petersgrat mit Aperitif. Ein bemerkenswerter Flug\",\"isPartOf\":{\"@id\":\"https:\/\/www.swissraft.ch\/de\/#website\"},\"primaryImageOfPage\":{\"@id\":\"https:\/\/www.swissraft.ch\/de\/produkt\/helikopterflug-bern-belp-landung-petersgrat-aperitif\/#primaryimage\"},\"image\":{\"@id\":\"https:\/\/www.swissraft.ch\/de\/produkt\/helikopterflug-bern-belp-landung-petersgrat-aperitif\/#primaryimage\"},\"thumbnailUrl\":\"https:\/\/www.swissraft.ch\/wp-content\/uploads\/2022\/11\/08-BERN-BELP-Petersgrat-mit-Apero-776x776-1.jpg\",\"datePublished\":\"2022-11-22T16:19:15+00:00\",\"dateModified\":\"2026-02-01T18:27:31+00:00\",\"description\":\"Landung auf dem Petersgrat f\u00fcr einen Aperitif, der von uns spendiert wird. Dieser Flug von Belp aus ist einer der sch\u00f6nsten Fl\u00fcge, die Sie machen k\u00f6nnen.\",\"breadcrumb\":{\"@id\":\"https:\/\/www.swissraft.ch\/de\/produkt\/helikopterflug-bern-belp-landung-petersgrat-aperitif\/#breadcrumb\"},\"inLanguage\":\"de\",\"potentialAction\":[{\"@type\":\"ReadAction\",\"target\":[\"https:\/\/www.swissraft.ch\/de\/produkt\/helikopterflug-bern-belp-landung-petersgrat-aperitif\/\"]}]},{\"@type\":\"ImageObject\",\"inLanguage\":\"de\",\"@id\":\"https:\/\/www.swissraft.ch\/de\/produkt\/helikopterflug-bern-belp-landung-petersgrat-aperitif\/#primaryimage\",\"url\":\"https:\/\/www.swissraft.ch\/wp-content\/uploads\/2022\/11\/08-BERN-BELP-Petersgrat-mit-Apero-776x776-1.jpg\",\"contentUrl\":\"https:\/\/www.swissraft.ch\/wp-content\/uploads\/2022\/11\/08-BERN-BELP-Petersgrat-mit-Apero-776x776-1.jpg\",\"width\":776,\"height\":776,\"caption\":\"Petersgratgletscher mit Aperitif\"},{\"@type\":\"BreadcrumbList\",\"@id\":\"https:\/\/www.swissraft.ch\/de\/produkt\/helikopterflug-bern-belp-landung-petersgrat-aperitif\/#breadcrumb\",\"itemListElement\":[{\"@type\":\"ListItem\",\"position\":1,\"name\":\"Accueil\",\"item\":\"https:\/\/www.swissraft.ch\/de\/\"},{\"@type\":\"ListItem\",\"position\":2,\"name\":\"Shop\",\"item\":\"https:\/\/www.swissraft.ch\/de\/shop\/\"},{\"@type\":\"ListItem\",\"position\":3,\"name\":\"Helikopterflug von BERN-BELP &#8211; PETERSGRAT + APERITIF &#8211; 45 Min. &#8211; Ab CHF 486.00\"}]},{\"@type\":\"WebSite\",\"@id\":\"https:\/\/www.swissraft.ch\/de\/#website\",\"url\":\"https:\/\/www.swissraft.ch\/de\/\",\"name\":\"Swissraft\",\"description\":\"To enjoy nature as it is\",\"publisher\":{\"@id\":\"https:\/\/www.swissraft.ch\/de\/#organization\"},\"potentialAction\":[{\"@type\":\"SearchAction\",\"target\":{\"@type\":\"EntryPoint\",\"urlTemplate\":\"https:\/\/www.swissraft.ch\/de\/?s={search_term_string}\"},\"query-input\":{\"@type\":\"PropertyValueSpecification\",\"valueRequired\":true,\"valueName\":\"search_term_string\"}}],\"inLanguage\":\"de\"},{\"@type\":\"Organization\",\"@id\":\"https:\/\/www.swissraft.ch\/de\/#organization\",\"name\":\"Swissraft\",\"url\":\"https:\/\/www.swissraft.ch\/de\/\",\"logo\":{\"@type\":\"ImageObject\",\"inLanguage\":\"de\",\"@id\":\"https:\/\/www.swissraft.ch\/de\/#\/schema\/logo\/image\/\",\"url\":\"https:\/\/www.swissraft.ch\/wp-content\/uploads\/2025\/09\/Capture.jpg\",\"contentUrl\":\"https:\/\/www.swissraft.ch\/wp-content\/uploads\/2025\/09\/Capture.jpg\",\"width\":293,\"height\":108,\"caption\":\"Swissraft\"},\"image\":{\"@id\":\"https:\/\/www.swissraft.ch\/de\/#\/schema\/logo\/image\/\"}}]}<\/script>\n<!-- \/ Yoast SEO plugin. -->","yoast_head_json":{"title":"Landung auf dem Petersgrat mit Aperitif. Ein bemerkenswerter Flug","description":"Landung auf dem Petersgrat f\u00fcr einen Aperitif, der von uns spendiert wird. Dieser Flug von Belp aus ist einer der sch\u00f6nsten Fl\u00fcge, die Sie machen k\u00f6nnen.","robots":{"index":"index","follow":"follow","max-snippet":"max-snippet:-1","max-image-preview":"max-image-preview:large","max-video-preview":"max-video-preview:-1"},"canonical":"https:\/\/www.swissraft.ch\/de\/produkt\/helikopterflug-bern-belp-landung-petersgrat-aperitif\/","og_locale":"de_DE","og_type":"article","og_title":"Landung auf dem Petersgrat mit Aperitif. Ein bemerkenswerter Flug","og_description":"Landung auf dem Petersgrat f\u00fcr einen Aperitif, der von uns spendiert wird. Dieser Flug von Belp aus ist einer der sch\u00f6nsten Fl\u00fcge, die Sie machen k\u00f6nnen.","og_url":"https:\/\/www.swissraft.ch\/de\/produkt\/helikopterflug-bern-belp-landung-petersgrat-aperitif\/","og_site_name":"Swissraft","article_modified_time":"2026-02-01T18:27:31+00:00","og_image":[{"width":776,"height":776,"url":"https:\/\/www.swissraft.ch\/wp-content\/uploads\/2022\/11\/08-BERN-BELP-Petersgrat-mit-Apero-776x776-1.jpg","type":"image\/jpeg"}],"twitter_card":"summary_large_image","twitter_misc":{"Gesch\u00e4tzte Lesezeit":"1\u00a0Minute"},"schema":{"@context":"https:\/\/schema.org","@graph":[{"@type":"WebPage","@id":"https:\/\/www.swissraft.ch\/de\/produkt\/helikopterflug-bern-belp-landung-petersgrat-aperitif\/","url":"https:\/\/www.swissraft.ch\/de\/produkt\/helikopterflug-bern-belp-landung-petersgrat-aperitif\/","name":"Landung auf dem Petersgrat mit Aperitif. Ein bemerkenswerter Flug","isPartOf":{"@id":"https:\/\/www.swissraft.ch\/de\/#website"},"primaryImageOfPage":{"@id":"https:\/\/www.swissraft.ch\/de\/produkt\/helikopterflug-bern-belp-landung-petersgrat-aperitif\/#primaryimage"},"image":{"@id":"https:\/\/www.swissraft.ch\/de\/produkt\/helikopterflug-bern-belp-landung-petersgrat-aperitif\/#primaryimage"},"thumbnailUrl":"https:\/\/www.swissraft.ch\/wp-content\/uploads\/2022\/11\/08-BERN-BELP-Petersgrat-mit-Apero-776x776-1.jpg","datePublished":"2022-11-22T16:19:15+00:00","dateModified":"2026-02-01T18:27:31+00:00","description":"Landung auf dem Petersgrat f\u00fcr einen Aperitif, der von uns spendiert wird. Dieser Flug von Belp aus ist einer der sch\u00f6nsten Fl\u00fcge, die Sie machen k\u00f6nnen.","breadcrumb":{"@id":"https:\/\/www.swissraft.ch\/de\/produkt\/helikopterflug-bern-belp-landung-petersgrat-aperitif\/#breadcrumb"},"inLanguage":"de","potentialAction":[{"@type":"ReadAction","target":["https:\/\/www.swissraft.ch\/de\/produkt\/helikopterflug-bern-belp-landung-petersgrat-aperitif\/"]}]},{"@type":"ImageObject","inLanguage":"de","@id":"https:\/\/www.swissraft.ch\/de\/produkt\/helikopterflug-bern-belp-landung-petersgrat-aperitif\/#primaryimage","url":"https:\/\/www.swissraft.ch\/wp-content\/uploads\/2022\/11\/08-BERN-BELP-Petersgrat-mit-Apero-776x776-1.jpg","contentUrl":"https:\/\/www.swissraft.ch\/wp-content\/uploads\/2022\/11\/08-BERN-BELP-Petersgrat-mit-Apero-776x776-1.jpg","width":776,"height":776,"caption":"Petersgratgletscher mit Aperitif"},{"@type":"BreadcrumbList","@id":"https:\/\/www.swissraft.ch\/de\/produkt\/helikopterflug-bern-belp-landung-petersgrat-aperitif\/#breadcrumb","itemListElement":[{"@type":"ListItem","position":1,"name":"Accueil","item":"https:\/\/www.swissraft.ch\/de\/"},{"@type":"ListItem","position":2,"name":"Shop","item":"https:\/\/www.swissraft.ch\/de\/shop\/"},{"@type":"ListItem","position":3,"name":"Helikopterflug von BERN-BELP &#8211; PETERSGRAT + APERITIF &#8211; 45 Min. &#8211; Ab CHF 486.00"}]},{"@type":"WebSite","@id":"https:\/\/www.swissraft.ch\/de\/#website","url":"https:\/\/www.swissraft.ch\/de\/","name":"Swissraft","description":"To enjoy nature as it is","publisher":{"@id":"https:\/\/www.swissraft.ch\/de\/#organization"},"potentialAction":[{"@type":"SearchAction","target":{"@type":"EntryPoint","urlTemplate":"https:\/\/www.swissraft.ch\/de\/?s={search_term_string}"},"query-input":{"@type":"PropertyValueSpecification","valueRequired":true,"valueName":"search_term_string"}}],"inLanguage":"de"},{"@type":"Organization","@id":"https:\/\/www.swissraft.ch\/de\/#organization","name":"Swissraft","url":"https:\/\/www.swissraft.ch\/de\/","logo":{"@type":"ImageObject","inLanguage":"de","@id":"https:\/\/www.swissraft.ch\/de\/#\/schema\/logo\/image\/","url":"https:\/\/www.swissraft.ch\/wp-content\/uploads\/2025\/09\/Capture.jpg","contentUrl":"https:\/\/www.swissraft.ch\/wp-content\/uploads\/2025\/09\/Capture.jpg","width":293,"height":108,"caption":"Swissraft"},"image":{"@id":"https:\/\/www.swissraft.ch\/de\/#\/schema\/logo\/image\/"}}]}},"_links":{"self":[{"href":"https:\/\/www.swissraft.ch\/de\/wp-json\/wp\/v2\/product\/91915","targetHints":{"allow":["GET"]}}],"collection":[{"href":"https:\/\/www.swissraft.ch\/de\/wp-json\/wp\/v2\/product"}],"about":[{"href":"https:\/\/www.swissraft.ch\/de\/wp-json\/wp\/v2\/types\/product"}],"replies":[{"embeddable":true,"href":"https:\/\/www.swissraft.ch\/de\/wp-json\/wp\/v2\/comments?post=91915"}],"version-history":[{"count":26,"href":"https:\/\/www.swissraft.ch\/de\/wp-json\/wp\/v2\/product\/91915\/revisions"}],"predecessor-version":[{"id":128334,"href":"https:\/\/www.swissraft.ch\/de\/wp-json\/wp\/v2\/product\/91915\/revisions\/128334"}],"wp:featuredmedia":[{"embeddable":true,"href":"https:\/\/www.swissraft.ch\/de\/wp-json\/wp\/v2\/media\/85591"}],"wp:attachment":[{"href":"https:\/\/www.swissraft.ch\/de\/wp-json\/wp\/v2\/media?parent=91915"}],"wp:term":[{"taxonomy":"product_cat","embeddable":true,"href":"https:\/\/www.swissraft.ch\/de\/wp-json\/wp\/v2\/product_cat?post=91915"},{"taxonomy":"product_tag","embeddable":true,"href":"https:\/\/www.swissraft.ch\/de\/wp-json\/wp\/v2\/product_tag?post=91915"}],"curies":[{"name":"wp","href":"https:\/\/api.w.org\/{rel}","templated":true}]}}