{"id":91912,"date":"2022-12-11T14:30:46","date_gmt":"2022-12-11T13:30:46","guid":{"rendered":"https:\/\/swissraft.xyanzkdne.eu\/product\/hubschrauberflug-von-epagny-lavaux-und-fribourgische-praealpen-40-min-chf-1340-00\/"},"modified":"2026-02-05T04:29:04","modified_gmt":"2026-02-05T03:29:04","slug":"helikopterflug-epagny-lavaux-freiburger-voralpen","status":"publish","type":"product","link":"https:\/\/www.swissraft.ch\/de\/produkt\/helikopterflug-epagny-lavaux-freiburger-voralpen\/","title":{"rendered":"Helikopterflug von \u00c9PAGNY &#8211; LAVAUX UND FREIBURGER VORALPEN &#8211; 40 Min. &#8211; CHF 1&#8217;420.00"},"content":{"rendered":"\t\t<div data-elementor-type=\"wp-post\" data-elementor-id=\"91912\" class=\"elementor elementor-91912 elementor-29582\">\n\t\t\t\t\t\t\t\t\t<section class=\"elementor-section elementor-top-section elementor-element elementor-element-3303a7e3 elementor-section-boxed elementor-section-height-default elementor-section-height-default\" data-id=\"3303a7e3\" data-element_type=\"section\">\n\t\t\t\t\t\t<div class=\"elementor-container elementor-column-gap-default\">\n\t\t\t\t\t<div class=\"elementor-column elementor-col-100 elementor-top-column elementor-element elementor-element-16d72dbf\" data-id=\"16d72dbf\" data-element_type=\"column\">\n\t\t\t<div class=\"elementor-widget-wrap elementor-element-populated\">\n\t\t\t\t\t\t\t\t<div class=\"elementor-element elementor-element-d743c03 elementor-widget elementor-widget-text-editor\" data-id=\"d743c03\" data-element_type=\"widget\" data-widget_type=\"text-editor.default\">\n\t\t\t\t<div class=\"elementor-widget-container\">\n\t\t\t\t\t\t\t<h2>W\u00c4HLEN SIE UNTEN IHRE AKTIVIT\u00c4T AUS, UM GESCHENKGUTSCHEINE \/ TICKETS ZU VERSCHENKEN ODER ZU BUCHEN.<\/h2><table border=\"0\" width=\"580\" cellspacing=\"10\" cellpadding=\"10\"><tbody><tr><td width=\"50%\"><strong>LAVAUX UND FREIBURGER VORALPEN &#8211; PRIVATFLUG (1-4 Pers.) &#8211; 40 Min.<\/strong><\/td><td><strong>CHF <span class=\"productPrice\">1&#8217;420.00 pro Privatflug<\/span><\/strong><\/td><\/tr><tr><td>Weitere Informationen<\/td><td>&#8211; Sie haben den Helikopter ausschlie\u00dflich f\u00fcr sich<br \/>&#8211; Sie bestimmen das Datum und die Uhrzeit des Abflugs<br \/>&#8211; Maximal 4 Pers.<\/td><\/tr><tr><td>Flugplatz<\/td><td><a href=\"https:\/\/www.google.com\/maps\/place\/A%C3%A9rodrome+de+la+Gruy%C3%A8re\/@46.5952055,7.0843047,1551m\/data=!3m1!1e3!4m6!3m5!1s0x478e89f722c3d039:0xd4423e0e6ea8594d!8m2!3d46.5948613!4d7.0933586!16s%2Fg%2F120t9782?entry=ttu\" target=\"_blank\" rel=\"noopener\">\u00c9pagny<\/a><\/td><\/tr><tr><td>Flugzeit<\/td><td>40 Min.<\/td><\/tr><tr><td>Gesamtdauer<\/td><td>ca. 1:15 Std.<\/td><\/tr><tr><td>Termin<\/td><td>Per Telefon<\/td><\/tr><tr><td><button class=\"elementor-button\" type=\"button\"><a href=\"https:\/\/swissraft.outdoorbooking.ch\/fo\/products\/1834?base_id=125&amp;category_id=6&amp;order_type=gift_voucher&amp;lang=de\" target=\"_blank\" rel=\"noopener\">GUTSCHEIN \/ TICKET KAUFEN<\/a><\/button><\/td><td><strong><em>WICHTIG !<\/em><\/strong><br \/><em>Um zu reservieren, rufen Sie die Nummer an, die sich oben links auf dem Gutschein \/ Ticket befindet.<\/em><\/td><\/tr><\/tbody><\/table>\t\t\t\t\t\t<\/div>\n\t\t\t\t<\/div>\n\t\t\t\t\t<\/div>\n\t\t<\/div>\n\t\t\t\t\t\t\t<\/div>\n\t\t<\/section>\n\t\t\t\t\t\t\t<\/div>\n\t\t","protected":false},"excerpt":{"rendered":"<h2 align=\"justify\">Dieser 40-min\u00fctige Helikopterflug bringt Sie in das Lavaux und seine ber\u00fchmten Weinberge.<\/h2>\n<h3>Von \u00c9pagny aus fliegen Sie \u00fcber die Weinberge des Lavaux und die unumg\u00e4nglichen Freiburger Voralpen.<\/h3>\n<div align=\"justify\">\n<p>Gemeinsam mit unserem Piloten starten Sie in \u00c9pagny und fliegen zum Gipfel des Mol\u00e9son. Vor Ihnen taucht das Lavaux mit seinen Weinbergen auf, die zum UNESCO-Weltkulturerbe geh\u00f6ren. Dann setzen Sie Ihre Reise \u00fcber die Freiburger Voralpen fort, vorbei an der Vanils-Kette, den Gastlosen, Jaun, Charmey. Nach einem 40-min\u00fctigen Flug landen Sie auf dem Flugplatz von \u00c9pagny.<\/p>\n<h3>Besuchen Sie unsere Swissraft-Website, auf der Sie mehr als 150 Helikopterflugrouten finden.<\/h3>\n<p id=\"textarea\" style=\"display: none;\">\nWir starten auch von den Heliports Collombey und Gampel sowie vom Flughafen Sitten im Wallis. Au\u00dferdem bieten wir Fl\u00fcge ab dem Heliport Interlaken-Gsteigwiler an. Aber auch vom Heliport Gstaad-Grund und vom Flugplatz Saanen im Saanenland. Au\u00dferdem starten wir von den Heliports Lauterbrunnen, Lenk-Simmental und Schattenhalb-Meiringen. Wir fliegen auch vom Flughafen Grenchen und vom internationalen Flughafen Bern-Belp. Dar\u00fcber hinaus fliegen wir vom internationalen Flughafen Z\u00fcrich-Kloten. Dar\u00fcber hinaus starten wir auch vom Hubschrauberlandeplatz Pfaffnau im Kanton Luzern. Dar\u00fcber hinaus starten wir von Erstfeld im Kanton Uri und vom Heliport K\u00fcssnacht im Kanton Schwyz. Aber auch wir starten von Buttwil im Kanton Aargau. Daneben haben wir Rundfl\u00fcge von den Flugpl\u00e4tzen Locarno und Lodrino im Kanton Tessin. Einerseits haben wir Rundfl\u00fcge von den Heliports in Flims, Tavanasa und Untervaz in Graub\u00fcnden. Au\u00dferdem bieten wir Rundfl\u00fcge ab dem Flugplatz Samedan an. Wir bieten auch Hubschrauberfl\u00fcge von Balzers und vom Flugplatz Sitterdorf in der Ostschweiz an.\n<\/p>\n<p><a id=\"seeMore\" onclick=\"toggleSeeMore()\" href=\"javascript:void(0);\">Lesen Sie mehr<\/a><\/p>\n","protected":false},"featured_media":87442,"comment_status":"open","ping_status":"closed","template":"","meta":{"inline_featured_image":false,"_mi_skip_tracking":false},"product_cat":[263,315],"product_tag":[],"class_list":["post-91912","product","type-product","status-publish","has-post-thumbnail","hentry","product_cat-helikopterflug-in-der-schweiz","product_cat-helikopterrundflug-epagny"],"yoast_head":"<!-- This site is optimized with the Yoast SEO plugin v23.6 - https:\/\/yoast.com\/wordpress\/plugins\/seo\/ -->\n<title>Lavaux und Freiburger Voralpen von \u00c9pagny aus<\/title>\n<meta name=\"description\" content=\"Lavaux und Freiburger Voralpen von \u00c9pagny aus mit dem Helikopter auf einem 45-min\u00fctigen Flug \u00fcber das Lavaux und seine Weinberge.\" \/>\n<meta name=\"robots\" content=\"index, follow, max-snippet:-1, max-image-preview:large, max-video-preview:-1\" \/>\n<link rel=\"canonical\" href=\"https:\/\/www.swissraft.ch\/de\/produkt\/helikopterflug-epagny-lavaux-freiburger-voralpen\/\" \/>\n<meta property=\"og:locale\" content=\"de_DE\" \/>\n<meta property=\"og:type\" content=\"article\" \/>\n<meta property=\"og:title\" content=\"Lavaux und Freiburger Voralpen von \u00c9pagny aus\" \/>\n<meta property=\"og:description\" content=\"Lavaux und Freiburger Voralpen von \u00c9pagny aus mit dem Helikopter auf einem 45-min\u00fctigen Flug \u00fcber das Lavaux und seine Weinberge.\" \/>\n<meta property=\"og:url\" content=\"https:\/\/www.swissraft.ch\/de\/produkt\/helikopterflug-epagny-lavaux-freiburger-voralpen\/\" \/>\n<meta property=\"og:site_name\" content=\"Swissraft\" \/>\n<meta property=\"article:modified_time\" content=\"2026-02-05T03:29:04+00:00\" \/>\n<meta property=\"og:image\" content=\"https:\/\/www.swissraft.ch\/wp-content\/uploads\/2022\/12\/06-EPAGNY-Lavaux-und-Freiburger-Voralpen-776x776-2.jpg\" \/>\n\t<meta property=\"og:image:width\" content=\"776\" \/>\n\t<meta property=\"og:image:height\" content=\"776\" \/>\n\t<meta property=\"og:image:type\" content=\"image\/jpeg\" \/>\n<meta name=\"twitter:card\" content=\"summary_large_image\" \/>\n<meta name=\"twitter:label1\" content=\"Gesch\u00e4tzte Lesezeit\" \/>\n\t<meta name=\"twitter:data1\" content=\"1\u00a0Minute\" \/>\n<script type=\"application\/ld+json\" class=\"yoast-schema-graph\">{\"@context\":\"https:\/\/schema.org\",\"@graph\":[{\"@type\":\"WebPage\",\"@id\":\"https:\/\/www.swissraft.ch\/de\/produkt\/helikopterflug-epagny-lavaux-freiburger-voralpen\/\",\"url\":\"https:\/\/www.swissraft.ch\/de\/produkt\/helikopterflug-epagny-lavaux-freiburger-voralpen\/\",\"name\":\"Lavaux und Freiburger Voralpen von \u00c9pagny aus\",\"isPartOf\":{\"@id\":\"https:\/\/www.swissraft.ch\/de\/#website\"},\"primaryImageOfPage\":{\"@id\":\"https:\/\/www.swissraft.ch\/de\/produkt\/helikopterflug-epagny-lavaux-freiburger-voralpen\/#primaryimage\"},\"image\":{\"@id\":\"https:\/\/www.swissraft.ch\/de\/produkt\/helikopterflug-epagny-lavaux-freiburger-voralpen\/#primaryimage\"},\"thumbnailUrl\":\"https:\/\/www.swissraft.ch\/wp-content\/uploads\/2022\/12\/06-EPAGNY-Lavaux-und-Freiburger-Voralpen-776x776-2.jpg\",\"datePublished\":\"2022-12-11T13:30:46+00:00\",\"dateModified\":\"2026-02-05T03:29:04+00:00\",\"description\":\"Lavaux und Freiburger Voralpen von \u00c9pagny aus mit dem Helikopter auf einem 45-min\u00fctigen Flug \u00fcber das Lavaux und seine Weinberge.\",\"breadcrumb\":{\"@id\":\"https:\/\/www.swissraft.ch\/de\/produkt\/helikopterflug-epagny-lavaux-freiburger-voralpen\/#breadcrumb\"},\"inLanguage\":\"de\",\"potentialAction\":[{\"@type\":\"ReadAction\",\"target\":[\"https:\/\/www.swissraft.ch\/de\/produkt\/helikopterflug-epagny-lavaux-freiburger-voralpen\/\"]}]},{\"@type\":\"ImageObject\",\"inLanguage\":\"de\",\"@id\":\"https:\/\/www.swissraft.ch\/de\/produkt\/helikopterflug-epagny-lavaux-freiburger-voralpen\/#primaryimage\",\"url\":\"https:\/\/www.swissraft.ch\/wp-content\/uploads\/2022\/12\/06-EPAGNY-Lavaux-und-Freiburger-Voralpen-776x776-2.jpg\",\"contentUrl\":\"https:\/\/www.swissraft.ch\/wp-content\/uploads\/2022\/12\/06-EPAGNY-Lavaux-und-Freiburger-Voralpen-776x776-2.jpg\",\"width\":776,\"height\":776,\"caption\":\"Lavaux und Freiburger Voralpen im Hubschrauber von \u00c9pagny aus\"},{\"@type\":\"BreadcrumbList\",\"@id\":\"https:\/\/www.swissraft.ch\/de\/produkt\/helikopterflug-epagny-lavaux-freiburger-voralpen\/#breadcrumb\",\"itemListElement\":[{\"@type\":\"ListItem\",\"position\":1,\"name\":\"Accueil\",\"item\":\"https:\/\/www.swissraft.ch\/de\/\"},{\"@type\":\"ListItem\",\"position\":2,\"name\":\"Shop\",\"item\":\"https:\/\/www.swissraft.ch\/de\/shop\/\"},{\"@type\":\"ListItem\",\"position\":3,\"name\":\"Helikopterflug von \u00c9PAGNY &#8211; LAVAUX UND FREIBURGER VORALPEN &#8211; 40 Min. &#8211; CHF 1&rsquo;420.00\"}]},{\"@type\":\"WebSite\",\"@id\":\"https:\/\/www.swissraft.ch\/de\/#website\",\"url\":\"https:\/\/www.swissraft.ch\/de\/\",\"name\":\"Swissraft\",\"description\":\"To enjoy nature as it is\",\"publisher\":{\"@id\":\"https:\/\/www.swissraft.ch\/de\/#organization\"},\"potentialAction\":[{\"@type\":\"SearchAction\",\"target\":{\"@type\":\"EntryPoint\",\"urlTemplate\":\"https:\/\/www.swissraft.ch\/de\/?s={search_term_string}\"},\"query-input\":{\"@type\":\"PropertyValueSpecification\",\"valueRequired\":true,\"valueName\":\"search_term_string\"}}],\"inLanguage\":\"de\"},{\"@type\":\"Organization\",\"@id\":\"https:\/\/www.swissraft.ch\/de\/#organization\",\"name\":\"Swissraft\",\"url\":\"https:\/\/www.swissraft.ch\/de\/\",\"logo\":{\"@type\":\"ImageObject\",\"inLanguage\":\"de\",\"@id\":\"https:\/\/www.swissraft.ch\/de\/#\/schema\/logo\/image\/\",\"url\":\"https:\/\/www.swissraft.ch\/wp-content\/uploads\/2025\/09\/Capture.jpg\",\"contentUrl\":\"https:\/\/www.swissraft.ch\/wp-content\/uploads\/2025\/09\/Capture.jpg\",\"width\":293,\"height\":108,\"caption\":\"Swissraft\"},\"image\":{\"@id\":\"https:\/\/www.swissraft.ch\/de\/#\/schema\/logo\/image\/\"}}]}<\/script>\n<!-- \/ Yoast SEO plugin. -->","yoast_head_json":{"title":"Lavaux und Freiburger Voralpen von \u00c9pagny aus","description":"Lavaux und Freiburger Voralpen von \u00c9pagny aus mit dem Helikopter auf einem 45-min\u00fctigen Flug \u00fcber das Lavaux und seine Weinberge.","robots":{"index":"index","follow":"follow","max-snippet":"max-snippet:-1","max-image-preview":"max-image-preview:large","max-video-preview":"max-video-preview:-1"},"canonical":"https:\/\/www.swissraft.ch\/de\/produkt\/helikopterflug-epagny-lavaux-freiburger-voralpen\/","og_locale":"de_DE","og_type":"article","og_title":"Lavaux und Freiburger Voralpen von \u00c9pagny aus","og_description":"Lavaux und Freiburger Voralpen von \u00c9pagny aus mit dem Helikopter auf einem 45-min\u00fctigen Flug \u00fcber das Lavaux und seine Weinberge.","og_url":"https:\/\/www.swissraft.ch\/de\/produkt\/helikopterflug-epagny-lavaux-freiburger-voralpen\/","og_site_name":"Swissraft","article_modified_time":"2026-02-05T03:29:04+00:00","og_image":[{"width":776,"height":776,"url":"https:\/\/www.swissraft.ch\/wp-content\/uploads\/2022\/12\/06-EPAGNY-Lavaux-und-Freiburger-Voralpen-776x776-2.jpg","type":"image\/jpeg"}],"twitter_card":"summary_large_image","twitter_misc":{"Gesch\u00e4tzte Lesezeit":"1\u00a0Minute"},"schema":{"@context":"https:\/\/schema.org","@graph":[{"@type":"WebPage","@id":"https:\/\/www.swissraft.ch\/de\/produkt\/helikopterflug-epagny-lavaux-freiburger-voralpen\/","url":"https:\/\/www.swissraft.ch\/de\/produkt\/helikopterflug-epagny-lavaux-freiburger-voralpen\/","name":"Lavaux und Freiburger Voralpen von \u00c9pagny aus","isPartOf":{"@id":"https:\/\/www.swissraft.ch\/de\/#website"},"primaryImageOfPage":{"@id":"https:\/\/www.swissraft.ch\/de\/produkt\/helikopterflug-epagny-lavaux-freiburger-voralpen\/#primaryimage"},"image":{"@id":"https:\/\/www.swissraft.ch\/de\/produkt\/helikopterflug-epagny-lavaux-freiburger-voralpen\/#primaryimage"},"thumbnailUrl":"https:\/\/www.swissraft.ch\/wp-content\/uploads\/2022\/12\/06-EPAGNY-Lavaux-und-Freiburger-Voralpen-776x776-2.jpg","datePublished":"2022-12-11T13:30:46+00:00","dateModified":"2026-02-05T03:29:04+00:00","description":"Lavaux und Freiburger Voralpen von \u00c9pagny aus mit dem Helikopter auf einem 45-min\u00fctigen Flug \u00fcber das Lavaux und seine Weinberge.","breadcrumb":{"@id":"https:\/\/www.swissraft.ch\/de\/produkt\/helikopterflug-epagny-lavaux-freiburger-voralpen\/#breadcrumb"},"inLanguage":"de","potentialAction":[{"@type":"ReadAction","target":["https:\/\/www.swissraft.ch\/de\/produkt\/helikopterflug-epagny-lavaux-freiburger-voralpen\/"]}]},{"@type":"ImageObject","inLanguage":"de","@id":"https:\/\/www.swissraft.ch\/de\/produkt\/helikopterflug-epagny-lavaux-freiburger-voralpen\/#primaryimage","url":"https:\/\/www.swissraft.ch\/wp-content\/uploads\/2022\/12\/06-EPAGNY-Lavaux-und-Freiburger-Voralpen-776x776-2.jpg","contentUrl":"https:\/\/www.swissraft.ch\/wp-content\/uploads\/2022\/12\/06-EPAGNY-Lavaux-und-Freiburger-Voralpen-776x776-2.jpg","width":776,"height":776,"caption":"Lavaux und Freiburger Voralpen im Hubschrauber von \u00c9pagny aus"},{"@type":"BreadcrumbList","@id":"https:\/\/www.swissraft.ch\/de\/produkt\/helikopterflug-epagny-lavaux-freiburger-voralpen\/#breadcrumb","itemListElement":[{"@type":"ListItem","position":1,"name":"Accueil","item":"https:\/\/www.swissraft.ch\/de\/"},{"@type":"ListItem","position":2,"name":"Shop","item":"https:\/\/www.swissraft.ch\/de\/shop\/"},{"@type":"ListItem","position":3,"name":"Helikopterflug von \u00c9PAGNY &#8211; LAVAUX UND FREIBURGER VORALPEN &#8211; 40 Min. &#8211; CHF 1&rsquo;420.00"}]},{"@type":"WebSite","@id":"https:\/\/www.swissraft.ch\/de\/#website","url":"https:\/\/www.swissraft.ch\/de\/","name":"Swissraft","description":"To enjoy nature as it is","publisher":{"@id":"https:\/\/www.swissraft.ch\/de\/#organization"},"potentialAction":[{"@type":"SearchAction","target":{"@type":"EntryPoint","urlTemplate":"https:\/\/www.swissraft.ch\/de\/?s={search_term_string}"},"query-input":{"@type":"PropertyValueSpecification","valueRequired":true,"valueName":"search_term_string"}}],"inLanguage":"de"},{"@type":"Organization","@id":"https:\/\/www.swissraft.ch\/de\/#organization","name":"Swissraft","url":"https:\/\/www.swissraft.ch\/de\/","logo":{"@type":"ImageObject","inLanguage":"de","@id":"https:\/\/www.swissraft.ch\/de\/#\/schema\/logo\/image\/","url":"https:\/\/www.swissraft.ch\/wp-content\/uploads\/2025\/09\/Capture.jpg","contentUrl":"https:\/\/www.swissraft.ch\/wp-content\/uploads\/2025\/09\/Capture.jpg","width":293,"height":108,"caption":"Swissraft"},"image":{"@id":"https:\/\/www.swissraft.ch\/de\/#\/schema\/logo\/image\/"}}]}},"_links":{"self":[{"href":"https:\/\/www.swissraft.ch\/de\/wp-json\/wp\/v2\/product\/91912","targetHints":{"allow":["GET"]}}],"collection":[{"href":"https:\/\/www.swissraft.ch\/de\/wp-json\/wp\/v2\/product"}],"about":[{"href":"https:\/\/www.swissraft.ch\/de\/wp-json\/wp\/v2\/types\/product"}],"replies":[{"embeddable":true,"href":"https:\/\/www.swissraft.ch\/de\/wp-json\/wp\/v2\/comments?post=91912"}],"version-history":[{"count":18,"href":"https:\/\/www.swissraft.ch\/de\/wp-json\/wp\/v2\/product\/91912\/revisions"}],"predecessor-version":[{"id":129236,"href":"https:\/\/www.swissraft.ch\/de\/wp-json\/wp\/v2\/product\/91912\/revisions\/129236"}],"wp:featuredmedia":[{"embeddable":true,"href":"https:\/\/www.swissraft.ch\/de\/wp-json\/wp\/v2\/media\/87442"}],"wp:attachment":[{"href":"https:\/\/www.swissraft.ch\/de\/wp-json\/wp\/v2\/media?parent=91912"}],"wp:term":[{"taxonomy":"product_cat","embeddable":true,"href":"https:\/\/www.swissraft.ch\/de\/wp-json\/wp\/v2\/product_cat?post=91912"},{"taxonomy":"product_tag","embeddable":true,"href":"https:\/\/www.swissraft.ch\/de\/wp-json\/wp\/v2\/product_tag?post=91912"}],"curies":[{"name":"wp","href":"https:\/\/api.w.org\/{rel}","templated":true}]}}