{"id":91910,"date":"2022-12-10T18:20:06","date_gmt":"2022-12-10T17:20:06","guid":{"rendered":"https:\/\/swissraft.xyanzkdne.eu\/product\/hubschrauberflug-von-saanen-cervin-und-mont-blanc-80-min-chf-3744-00\/"},"modified":"2026-04-22T02:28:50","modified_gmt":"2026-04-22T00:28:50","slug":"saanen-rundflug-matterhorn-mont-blanc","status":"publish","type":"product","link":"https:\/\/www.swissraft.ch\/de\/produkt\/saanen-rundflug-matterhorn-mont-blanc\/","title":{"rendered":"Helikopterflug &#8211; Saanen &#8211; Matterhorn und Mont Blanc &#8211; 80 Min. &#8211; CHF 3&#8217;725.00"},"content":{"rendered":"\t\t<div data-elementor-type=\"wp-post\" data-elementor-id=\"91910\" class=\"elementor elementor-91910 elementor-29526\">\n\t\t\t\t\t\t\t\t\t<section class=\"elementor-section elementor-top-section elementor-element elementor-element-3303a7e3 elementor-section-boxed elementor-section-height-default elementor-section-height-default\" data-id=\"3303a7e3\" data-element_type=\"section\">\n\t\t\t\t\t\t<div class=\"elementor-container elementor-column-gap-default\">\n\t\t\t\t\t<div class=\"elementor-column elementor-col-100 elementor-top-column elementor-element elementor-element-16d72dbf\" data-id=\"16d72dbf\" data-element_type=\"column\">\n\t\t\t<div class=\"elementor-widget-wrap elementor-element-populated\">\n\t\t\t\t\t\t\t\t<div class=\"elementor-element elementor-element-d743c03 elementor-widget elementor-widget-text-editor\" data-id=\"d743c03\" data-element_type=\"widget\" data-widget_type=\"text-editor.default\">\n\t\t\t\t<div class=\"elementor-widget-container\">\n\t\t\t\t\t\t\t<h2>W\u00c4HLEN SIE UNTEN IHRE AKTIVIT\u00c4T AUS, UM GESCHENKGUTSCHEINE \/ TICKETS ZU VERSCHENKEN ODER ZU BUCHEN<\/h2><table style=\"height: 290px;\" border=\"0\" width=\"580\" cellspacing=\"10\" cellpadding=\"10\"><tbody><tr><td width=\"50%\"><strong>RUNDFLUG &#8211; DER CERVIN UND DER MONT BLANC &#8211; Privatflug (1-5 Pers.) &#8211; 80 Min.<\/strong><\/td><td><strong><span style=\"background-color: #ffffff;\">CHF <span class=\"productPrice\">3&#8217;725.00 pro Privatflug<\/span><\/span><\/strong><span style=\"font-weight: bold; background-color: #ffffff;\"><br \/><\/span><\/td><\/tr><tr><td>Zus\u00e4tzliche Informationen<\/td><td>&#8211; Sie haben den Helikopter ausschlie\u00dflich f\u00fcr sich<br \/>&#8211; Sie bestimmen das Datum und die Uhrzeit des Abflugs<br \/>&#8211; Maximum 5 Pers.<\/td><\/tr><tr><td>Flugplatz<\/td><td><a href=\"https:\/\/www.google.ch\/maps\/place\/46%C2%B029'14.0%22N+7%C2%B014'37.1%22E\/@46.4873887,7.238248,774m\/data=!3m1!1e3!4m4!3m3!8m2!3d46.4872222!4d7.2436389?hl=fr&amp;entry=ttu\" target=\"_blank\" rel=\"noopener\">Saanen<\/a><\/td><\/tr><tr><td>Flugzeit<\/td><td>80 Min.<\/td><\/tr><tr><td>Gesamtdauer<\/td><td>ca. 1:50 Std.<\/td><\/tr><tr><td>Termin<\/td><td>Per Telefon<\/td><\/tr><tr><td><button class=\"elementor-button\" type=\"button\"><a href=\"https:\/\/swissraft.outdoorbooking.ch\/fo\/products\/1748?base_id=234&amp;category_id=6&amp;order_type=gift_voucher&amp;lang=de\" target=\"_blank\" rel=\"noopener\">GUTSCHEIN \/ TICKET KAUFEN<\/a><\/button><\/td><td><strong>CHF 3&#8217;725.00 &#8211; Privatflug (1-5 Pers.)<\/strong><\/td><\/tr><tr><td>\u00a0<\/td><td><strong><em>WICHTIG !<\/em><\/strong><br \/><em>Um zu reservieren, rufen Sie die Nummer an, die sich oben links auf dem Gutschein \/ Ticket befindet.<\/em><\/td><\/tr><\/tbody><\/table>\t\t\t\t\t\t<\/div>\n\t\t\t\t<\/div>\n\t\t\t\t\t<\/div>\n\t\t<\/div>\n\t\t\t\t\t\t\t<\/div>\n\t\t<\/section>\n\t\t\t\t\t\t\t<\/div>\n\t\t","protected":false},"excerpt":{"rendered":"<div align=\"justify\">\n<h2 align=\"justify\">Gro\u00dfer Flug von Saanen zum Matterhorn und zum Mont Blanc<\/h2>\n<h3>Die Sch\u00f6nheit und die Weite der Alpen, ein Cocktail, der Sie begeistern wird.<\/h3>\n<\/div>\n<div align=\"justify\">\n<p>80 Minuten Helikopterflug vom Flugplatz Saanen im Berner Oberland. Sie werden das Matterhorn 4478 m und den Mont Blanc 4810 m sehen, die beiden ber\u00fchmtesten Berge Europas. Starke Emotionen garantiert!<\/p>\n<h3>Swissraft freut sich, Ihnen eine gro\u00dfe Auswahl an Rundfl\u00fcgen in der Schweiz anbieten zu k\u00f6nnen. Besuchen Sie unsere Website, wo Sie eine Vielzahl von Fl\u00fcgen finden, die Ihrem Budget entsprechen.<\/h3>\n<p id=\"textarea\" style=\"display: none;\">\nWir bieten auch Fl\u00fcge vom Hubschrauberlandeplatz Gstaad-Grund im Saanenland an. Sowie von den Heliports Lenk-Simmental, Schattenhalb-Meiringen, Interlaken-Gsteigwiler und Lauterbrunnen. Ebenso haben wir Fl\u00fcge von den Heliports Gampel und Collombey und vom Flughafen Sion im Wallis. Wir bieten auch Fl\u00fcge von Pfaffnau im Kanton Luzern und von Erstfeld im Kanton Uri an. Au\u00dferdem im Kanton Freiburg vom Flugplatz \u00c9pagny im Greyerzerland aus. Dann haben wir Fl\u00fcge von Buttwil im Kanton Aargau. Sowie vom Flugplatz Grenchen im Kanton Solothurn. Zum anderen vom Heliport K\u00fcssnacht im Kanton Schwyz. Ebenso fliegen wir vom internationalen Flughafen Z\u00fcrich-Kloten und vom internationalen Flughafen Bern-Belp ab. Au\u00dferdem starten wir vom Heliport in St. Der Flugplatz von St. Moritz und der Flugplatz von Samedan im Engadin. Aber auch von den Heliports in Untervaz, Flims und Tavanasa in Graub\u00fcnden. Au\u00dferdem f\u00fchren wir Rundfl\u00fcge von Liechtenstein ab Balzers und Sitterdorf im Thurgau durch. Von den Flugpl\u00e4tzen Locarno und Lodrino im Tessin aus bieten wir auch herrliche Helikopterrundfl\u00fcge an.\n<\/p>\n<p><a id=\"seeMore\" onclick=\"toggleSeeMore()\" href=\"javascript:void(0);\">Lesen Sie mehr<\/a><\/p>\n","protected":false},"featured_media":86530,"comment_status":"open","ping_status":"closed","template":"","meta":{"inline_featured_image":false,"_mi_skip_tracking":false},"product_cat":[263,369],"product_tag":[],"class_list":["post-91910","product","type-product","status-publish","has-post-thumbnail","hentry","product_cat-helikopterflug-in-der-schweiz","product_cat-helikopterflug-rundflug-saanen"],"yoast_head":"<!-- This site is optimized with the Yoast SEO plugin v23.6 - https:\/\/yoast.com\/wordpress\/plugins\/seo\/ -->\n<title>Rundflug Matterhorn Mont Blanc mit dem Helikopter ab Saanen<\/title>\n<meta name=\"description\" content=\"Rundflug Matterhorn Mont Blanc im Helikopter von Saanen aus auf einem 80-min\u00fctigen Flug. Sie fliegen zum Matterhorn und zum Mont Blanc. Ein herrlicher Flug\" \/>\n<meta name=\"robots\" content=\"index, follow, max-snippet:-1, max-image-preview:large, max-video-preview:-1\" \/>\n<link rel=\"canonical\" href=\"https:\/\/www.swissraft.ch\/de\/produkt\/saanen-rundflug-matterhorn-mont-blanc\/\" \/>\n<meta property=\"og:locale\" content=\"de_DE\" \/>\n<meta property=\"og:type\" content=\"article\" \/>\n<meta property=\"og:title\" content=\"Rundflug Matterhorn Mont Blanc mit dem Helikopter ab Saanen\" \/>\n<meta property=\"og:description\" content=\"Rundflug Matterhorn Mont Blanc im Helikopter von Saanen aus auf einem 80-min\u00fctigen Flug. Sie fliegen zum Matterhorn und zum Mont Blanc. Ein herrlicher Flug\" \/>\n<meta property=\"og:url\" content=\"https:\/\/www.swissraft.ch\/de\/produkt\/saanen-rundflug-matterhorn-mont-blanc\/\" \/>\n<meta property=\"og:site_name\" content=\"Swissraft\" \/>\n<meta property=\"article:modified_time\" content=\"2026-04-22T00:28:50+00:00\" \/>\n<meta property=\"og:image\" content=\"https:\/\/www.swissraft.ch\/wp-content\/uploads\/2022\/12\/5-SAANEN-Matterhorn-und-Mont-Blanc-776x776-2.jpg\" \/>\n\t<meta property=\"og:image:width\" content=\"776\" \/>\n\t<meta property=\"og:image:height\" content=\"776\" \/>\n\t<meta property=\"og:image:type\" content=\"image\/jpeg\" \/>\n<meta name=\"twitter:card\" content=\"summary_large_image\" \/>\n<meta name=\"twitter:label1\" content=\"Gesch\u00e4tzte Lesezeit\" \/>\n\t<meta name=\"twitter:data1\" content=\"1\u00a0Minute\" \/>\n<script type=\"application\/ld+json\" class=\"yoast-schema-graph\">{\"@context\":\"https:\/\/schema.org\",\"@graph\":[{\"@type\":\"WebPage\",\"@id\":\"https:\/\/www.swissraft.ch\/de\/produkt\/saanen-rundflug-matterhorn-mont-blanc\/\",\"url\":\"https:\/\/www.swissraft.ch\/de\/produkt\/saanen-rundflug-matterhorn-mont-blanc\/\",\"name\":\"Rundflug Matterhorn Mont Blanc mit dem Helikopter ab Saanen\",\"isPartOf\":{\"@id\":\"https:\/\/www.swissraft.ch\/de\/#website\"},\"primaryImageOfPage\":{\"@id\":\"https:\/\/www.swissraft.ch\/de\/produkt\/saanen-rundflug-matterhorn-mont-blanc\/#primaryimage\"},\"image\":{\"@id\":\"https:\/\/www.swissraft.ch\/de\/produkt\/saanen-rundflug-matterhorn-mont-blanc\/#primaryimage\"},\"thumbnailUrl\":\"https:\/\/www.swissraft.ch\/wp-content\/uploads\/2022\/12\/5-SAANEN-Matterhorn-und-Mont-Blanc-776x776-2.jpg\",\"datePublished\":\"2022-12-10T17:20:06+00:00\",\"dateModified\":\"2026-04-22T00:28:50+00:00\",\"description\":\"Rundflug Matterhorn Mont Blanc im Helikopter von Saanen aus auf einem 80-min\u00fctigen Flug. Sie fliegen zum Matterhorn und zum Mont Blanc. Ein herrlicher Flug\",\"breadcrumb\":{\"@id\":\"https:\/\/www.swissraft.ch\/de\/produkt\/saanen-rundflug-matterhorn-mont-blanc\/#breadcrumb\"},\"inLanguage\":\"de\",\"potentialAction\":[{\"@type\":\"ReadAction\",\"target\":[\"https:\/\/www.swissraft.ch\/de\/produkt\/saanen-rundflug-matterhorn-mont-blanc\/\"]}]},{\"@type\":\"ImageObject\",\"inLanguage\":\"de\",\"@id\":\"https:\/\/www.swissraft.ch\/de\/produkt\/saanen-rundflug-matterhorn-mont-blanc\/#primaryimage\",\"url\":\"https:\/\/www.swissraft.ch\/wp-content\/uploads\/2022\/12\/5-SAANEN-Matterhorn-und-Mont-Blanc-776x776-2.jpg\",\"contentUrl\":\"https:\/\/www.swissraft.ch\/wp-content\/uploads\/2022\/12\/5-SAANEN-Matterhorn-und-Mont-Blanc-776x776-2.jpg\",\"width\":776,\"height\":776,\"caption\":\"Von Saanen mit dem Hubschrauber zum Matterhorn und zum Mont Blanc\"},{\"@type\":\"BreadcrumbList\",\"@id\":\"https:\/\/www.swissraft.ch\/de\/produkt\/saanen-rundflug-matterhorn-mont-blanc\/#breadcrumb\",\"itemListElement\":[{\"@type\":\"ListItem\",\"position\":1,\"name\":\"Accueil\",\"item\":\"https:\/\/www.swissraft.ch\/de\/\"},{\"@type\":\"ListItem\",\"position\":2,\"name\":\"Shop\",\"item\":\"https:\/\/www.swissraft.ch\/de\/shop\/\"},{\"@type\":\"ListItem\",\"position\":3,\"name\":\"Helikopterflug &#8211; Saanen &#8211; Matterhorn und Mont Blanc &#8211; 80 Min. &#8211; CHF 3&rsquo;725.00\"}]},{\"@type\":\"WebSite\",\"@id\":\"https:\/\/www.swissraft.ch\/de\/#website\",\"url\":\"https:\/\/www.swissraft.ch\/de\/\",\"name\":\"Swissraft\",\"description\":\"To enjoy nature as it is\",\"publisher\":{\"@id\":\"https:\/\/www.swissraft.ch\/de\/#organization\"},\"potentialAction\":[{\"@type\":\"SearchAction\",\"target\":{\"@type\":\"EntryPoint\",\"urlTemplate\":\"https:\/\/www.swissraft.ch\/de\/?s={search_term_string}\"},\"query-input\":{\"@type\":\"PropertyValueSpecification\",\"valueRequired\":true,\"valueName\":\"search_term_string\"}}],\"inLanguage\":\"de\"},{\"@type\":\"Organization\",\"@id\":\"https:\/\/www.swissraft.ch\/de\/#organization\",\"name\":\"Swissraft\",\"url\":\"https:\/\/www.swissraft.ch\/de\/\",\"logo\":{\"@type\":\"ImageObject\",\"inLanguage\":\"de\",\"@id\":\"https:\/\/www.swissraft.ch\/de\/#\/schema\/logo\/image\/\",\"url\":\"https:\/\/www.swissraft.ch\/wp-content\/uploads\/2025\/09\/Capture.jpg\",\"contentUrl\":\"https:\/\/www.swissraft.ch\/wp-content\/uploads\/2025\/09\/Capture.jpg\",\"width\":293,\"height\":108,\"caption\":\"Swissraft\"},\"image\":{\"@id\":\"https:\/\/www.swissraft.ch\/de\/#\/schema\/logo\/image\/\"}}]}<\/script>\n<!-- \/ Yoast SEO plugin. -->","yoast_head_json":{"title":"Rundflug Matterhorn Mont Blanc mit dem Helikopter ab Saanen","description":"Rundflug Matterhorn Mont Blanc im Helikopter von Saanen aus auf einem 80-min\u00fctigen Flug. Sie fliegen zum Matterhorn und zum Mont Blanc. Ein herrlicher Flug","robots":{"index":"index","follow":"follow","max-snippet":"max-snippet:-1","max-image-preview":"max-image-preview:large","max-video-preview":"max-video-preview:-1"},"canonical":"https:\/\/www.swissraft.ch\/de\/produkt\/saanen-rundflug-matterhorn-mont-blanc\/","og_locale":"de_DE","og_type":"article","og_title":"Rundflug Matterhorn Mont Blanc mit dem Helikopter ab Saanen","og_description":"Rundflug Matterhorn Mont Blanc im Helikopter von Saanen aus auf einem 80-min\u00fctigen Flug. Sie fliegen zum Matterhorn und zum Mont Blanc. Ein herrlicher Flug","og_url":"https:\/\/www.swissraft.ch\/de\/produkt\/saanen-rundflug-matterhorn-mont-blanc\/","og_site_name":"Swissraft","article_modified_time":"2026-04-22T00:28:50+00:00","og_image":[{"width":776,"height":776,"url":"https:\/\/www.swissraft.ch\/wp-content\/uploads\/2022\/12\/5-SAANEN-Matterhorn-und-Mont-Blanc-776x776-2.jpg","type":"image\/jpeg"}],"twitter_card":"summary_large_image","twitter_misc":{"Gesch\u00e4tzte Lesezeit":"1\u00a0Minute"},"schema":{"@context":"https:\/\/schema.org","@graph":[{"@type":"WebPage","@id":"https:\/\/www.swissraft.ch\/de\/produkt\/saanen-rundflug-matterhorn-mont-blanc\/","url":"https:\/\/www.swissraft.ch\/de\/produkt\/saanen-rundflug-matterhorn-mont-blanc\/","name":"Rundflug Matterhorn Mont Blanc mit dem Helikopter ab Saanen","isPartOf":{"@id":"https:\/\/www.swissraft.ch\/de\/#website"},"primaryImageOfPage":{"@id":"https:\/\/www.swissraft.ch\/de\/produkt\/saanen-rundflug-matterhorn-mont-blanc\/#primaryimage"},"image":{"@id":"https:\/\/www.swissraft.ch\/de\/produkt\/saanen-rundflug-matterhorn-mont-blanc\/#primaryimage"},"thumbnailUrl":"https:\/\/www.swissraft.ch\/wp-content\/uploads\/2022\/12\/5-SAANEN-Matterhorn-und-Mont-Blanc-776x776-2.jpg","datePublished":"2022-12-10T17:20:06+00:00","dateModified":"2026-04-22T00:28:50+00:00","description":"Rundflug Matterhorn Mont Blanc im Helikopter von Saanen aus auf einem 80-min\u00fctigen Flug. Sie fliegen zum Matterhorn und zum Mont Blanc. Ein herrlicher Flug","breadcrumb":{"@id":"https:\/\/www.swissraft.ch\/de\/produkt\/saanen-rundflug-matterhorn-mont-blanc\/#breadcrumb"},"inLanguage":"de","potentialAction":[{"@type":"ReadAction","target":["https:\/\/www.swissraft.ch\/de\/produkt\/saanen-rundflug-matterhorn-mont-blanc\/"]}]},{"@type":"ImageObject","inLanguage":"de","@id":"https:\/\/www.swissraft.ch\/de\/produkt\/saanen-rundflug-matterhorn-mont-blanc\/#primaryimage","url":"https:\/\/www.swissraft.ch\/wp-content\/uploads\/2022\/12\/5-SAANEN-Matterhorn-und-Mont-Blanc-776x776-2.jpg","contentUrl":"https:\/\/www.swissraft.ch\/wp-content\/uploads\/2022\/12\/5-SAANEN-Matterhorn-und-Mont-Blanc-776x776-2.jpg","width":776,"height":776,"caption":"Von Saanen mit dem Hubschrauber zum Matterhorn und zum Mont Blanc"},{"@type":"BreadcrumbList","@id":"https:\/\/www.swissraft.ch\/de\/produkt\/saanen-rundflug-matterhorn-mont-blanc\/#breadcrumb","itemListElement":[{"@type":"ListItem","position":1,"name":"Accueil","item":"https:\/\/www.swissraft.ch\/de\/"},{"@type":"ListItem","position":2,"name":"Shop","item":"https:\/\/www.swissraft.ch\/de\/shop\/"},{"@type":"ListItem","position":3,"name":"Helikopterflug &#8211; Saanen &#8211; Matterhorn und Mont Blanc &#8211; 80 Min. &#8211; CHF 3&rsquo;725.00"}]},{"@type":"WebSite","@id":"https:\/\/www.swissraft.ch\/de\/#website","url":"https:\/\/www.swissraft.ch\/de\/","name":"Swissraft","description":"To enjoy nature as it is","publisher":{"@id":"https:\/\/www.swissraft.ch\/de\/#organization"},"potentialAction":[{"@type":"SearchAction","target":{"@type":"EntryPoint","urlTemplate":"https:\/\/www.swissraft.ch\/de\/?s={search_term_string}"},"query-input":{"@type":"PropertyValueSpecification","valueRequired":true,"valueName":"search_term_string"}}],"inLanguage":"de"},{"@type":"Organization","@id":"https:\/\/www.swissraft.ch\/de\/#organization","name":"Swissraft","url":"https:\/\/www.swissraft.ch\/de\/","logo":{"@type":"ImageObject","inLanguage":"de","@id":"https:\/\/www.swissraft.ch\/de\/#\/schema\/logo\/image\/","url":"https:\/\/www.swissraft.ch\/wp-content\/uploads\/2025\/09\/Capture.jpg","contentUrl":"https:\/\/www.swissraft.ch\/wp-content\/uploads\/2025\/09\/Capture.jpg","width":293,"height":108,"caption":"Swissraft"},"image":{"@id":"https:\/\/www.swissraft.ch\/de\/#\/schema\/logo\/image\/"}}]}},"_links":{"self":[{"href":"https:\/\/www.swissraft.ch\/de\/wp-json\/wp\/v2\/product\/91910","targetHints":{"allow":["GET"]}}],"collection":[{"href":"https:\/\/www.swissraft.ch\/de\/wp-json\/wp\/v2\/product"}],"about":[{"href":"https:\/\/www.swissraft.ch\/de\/wp-json\/wp\/v2\/types\/product"}],"replies":[{"embeddable":true,"href":"https:\/\/www.swissraft.ch\/de\/wp-json\/wp\/v2\/comments?post=91910"}],"version-history":[{"count":16,"href":"https:\/\/www.swissraft.ch\/de\/wp-json\/wp\/v2\/product\/91910\/revisions"}],"predecessor-version":[{"id":141382,"href":"https:\/\/www.swissraft.ch\/de\/wp-json\/wp\/v2\/product\/91910\/revisions\/141382"}],"wp:featuredmedia":[{"embeddable":true,"href":"https:\/\/www.swissraft.ch\/de\/wp-json\/wp\/v2\/media\/86530"}],"wp:attachment":[{"href":"https:\/\/www.swissraft.ch\/de\/wp-json\/wp\/v2\/media?parent=91910"}],"wp:term":[{"taxonomy":"product_cat","embeddable":true,"href":"https:\/\/www.swissraft.ch\/de\/wp-json\/wp\/v2\/product_cat?post=91910"},{"taxonomy":"product_tag","embeddable":true,"href":"https:\/\/www.swissraft.ch\/de\/wp-json\/wp\/v2\/product_tag?post=91910"}],"curies":[{"name":"wp","href":"https:\/\/api.w.org\/{rel}","templated":true}]}}