{"id":91908,"date":"2022-12-11T11:27:41","date_gmt":"2022-12-11T10:27:41","guid":{"rendered":"https:\/\/swissraft.xyanzkdne.eu\/product\/hubschrauberflug-von-epagny-glacier-des-diablerets-35-min-chf-1175-00\/"},"modified":"2026-02-05T04:11:32","modified_gmt":"2026-02-05T03:11:32","slug":"helikopterflug-epagny-gletscher-diablerets","status":"publish","type":"product","link":"https:\/\/www.swissraft.ch\/de\/produkt\/helikopterflug-epagny-gletscher-diablerets\/","title":{"rendered":"Helikopterflug von \u00c9PAGNY &#8211; GLETSCHER VON LES DIABLERETS &#8211; 35 Min. &#8211; CHF 1&#8217;245.00"},"content":{"rendered":"\t\t<div data-elementor-type=\"wp-post\" data-elementor-id=\"91908\" class=\"elementor elementor-91908 elementor-29576\">\n\t\t\t\t\t\t\t\t\t<section class=\"elementor-section elementor-top-section elementor-element elementor-element-3303a7e3 elementor-section-boxed elementor-section-height-default elementor-section-height-default\" data-id=\"3303a7e3\" data-element_type=\"section\">\n\t\t\t\t\t\t<div class=\"elementor-container elementor-column-gap-default\">\n\t\t\t\t\t<div class=\"elementor-column elementor-col-100 elementor-top-column elementor-element elementor-element-16d72dbf\" data-id=\"16d72dbf\" data-element_type=\"column\">\n\t\t\t<div class=\"elementor-widget-wrap elementor-element-populated\">\n\t\t\t\t\t\t\t\t<div class=\"elementor-element elementor-element-d743c03 elementor-widget elementor-widget-text-editor\" data-id=\"d743c03\" data-element_type=\"widget\" data-widget_type=\"text-editor.default\">\n\t\t\t\t<div class=\"elementor-widget-container\">\n\t\t\t\t\t\t\t<h2>W\u00c4HLEN SIE UNTEN IHRE AKTIVIT\u00c4T AUS, UM GESCHENKGUTSCHEINE \/ TICKETS ZU VERSCHENKEN ODER ZU BUCHEN.<\/h2><table border=\"0\" width=\"580\" cellspacing=\"10\" cellpadding=\"10\"><tbody><tr><td width=\"50%\"><strong>DER GLETSCHER LES DIABLERETS &#8211; PRIVATFLUG (1-4 Pers.) &#8211; 35 Min.<\/strong><\/td><td><strong>CHF 1&#8217;245<span class=\"productPrice\">.00 pro Privatflug<\/span><\/strong><\/td><\/tr><tr><td>Weitere Informationen<\/td><td>&#8211; Sie haben den Helikopter ausschlie\u00dflich f\u00fcr sich<br \/>&#8211; Sie bestimmen das Datum und die Uhrzeit des Abflugs<br \/>&#8211; Maximal 4 Pers.<\/td><\/tr><tr><td>Flugplatz<\/td><td><a href=\"https:\/\/www.google.com\/maps\/place\/A%C3%A9rodrome+de+la+Gruy%C3%A8re\/@46.5952055,7.0843047,1551m\/data=!3m1!1e3!4m6!3m5!1s0x478e89f722c3d039:0xd4423e0e6ea8594d!8m2!3d46.5948613!4d7.0933586!16s%2Fg%2F120t9782?entry=ttu\" target=\"_blank\" rel=\"noopener\">\u00c9pagny<\/a><\/td><\/tr><tr><td>Flugzeit<\/td><td>35 Min.<\/td><\/tr><tr><td>Gesamtdauer<\/td><td>ca. 1 Std.<\/td><\/tr><tr><td>Termin<\/td><td>Per Telefon<\/td><\/tr><tr><td><button class=\"elementor-button\" type=\"button\"><a href=\"https:\/\/swissraft.outdoorbooking.ch\/fo\/products\/62?base_id=125&amp;category_id=6&amp;order_type=gift_voucher&amp;lang=de\" target=\"_blank\" rel=\"noopener\">GUTSCHEIN \/ TICKET KAUFEN<\/a><\/button><\/td><td><strong><em>WICHTIG !<\/em><\/strong><br \/><em>Um zu reservieren, rufen Sie die Nummer an, die sich oben links auf dem Gutschein \/ Ticket befindet.<\/em><\/td><\/tr><\/tbody><\/table>\t\t\t\t\t\t<\/div>\n\t\t\t\t<\/div>\n\t\t\t\t\t<\/div>\n\t\t<\/div>\n\t\t\t\t\t\t\t<\/div>\n\t\t<\/section>\n\t\t\t\t\t\t\t<\/div>\n\t\t","protected":false},"excerpt":{"rendered":"<div align=\"justify\">\n<h2 align=\"justify\">Dieser 35-min\u00fctige Flug bringt Sie zum Gletscher von Les Diablerets.<\/h2>\n<h3>Von \u00c9pagny aus machen Sie auf diesem Helikopterflug eine Zwischenlandung auf dem Diablerets-Gletscher.<\/h3>\n<\/div>\n<div align=\"justify\">\n<p>Sie starten mit dem Helikopter vom Flughafen \u00c9pagny im Greyerzerland und fliegen in Richtung der Cha\u00eene des Vanils. Dann sehen Sie von oben den Hongrinersee und den Diablerets-Gletscher. Sie halten ein paar Minuten auf diesem wundersch\u00f6nen Gletscher, bevor Sie wieder zum Sanestch Pass aufbrechen. Anschlie\u00dfend fliegen Sie weiter nach Gstaad, den Gastlosen und Charmey, bevor Sie sich in \u00c9pagny ausruhen.<\/p>\n<h3>Unser umfangreiches Netzwerk von 12 Hubschrauberlandepl\u00e4tzen, 9 Flugpl\u00e4tzen und 2 Flugh\u00e4fen erm\u00f6glicht es uns, Ihnen eine sehr gro\u00dfe Anzahl von Hubschrauberrundfl\u00fcgen anzubieten.<\/h3>\n<p id=\"textarea\" style=\"display: none;\">\nWir haben auch Fl\u00fcge von Gampel und Collombey sowie von Sitten im Wallis. Aber wir haben auch Fl\u00fcge ab dem Heliport Interlaken-Gsteigwiler. Aber auch vom Heliport Gstaad-Grund und vom Flugplatz Saanen im Saanenland. Au\u00dferdem starten wir von den Heliports in Lauterbrunnen, Lenk-Simmental und Schattenhalb-Meiringen im Berner Oberland. Wir fliegen auch vom Flughafen Grenchen und vom internationalen Flughafen Bern-Belp. Gleichzeitig bieten wir Fl\u00fcge vom internationalen Flughafen Z\u00fcrich-Kloten an. Au\u00dferdem starten wir vom Heliport Pfaffnau im Kanton Luzern. Au\u00dferdem starten wir von Erstfeld im Kanton Uri und von K\u00fcssnacht im Kanton Schwyz. Ebenso starten wir von Buttwil im Kanton Aargau. Au\u00dferdem bieten wir Rundfl\u00fcge von den Flugpl\u00e4tzen Locarno und Lodrino im Tessin an. Dar\u00fcber hinaus haben wir Rundfl\u00fcge in Graub\u00fcnden, die von den Heliports Flims, Tavanasa und Untervaz aus starten. Ebenso wie vom Flugplatz Samedan das ganze Jahr \u00fcber ins Engadin. Au\u00dferdem bieten wir Helikopterrundfl\u00fcge ab Balzers und ab dem Flugplatz Sitterdorf in der Ostschweiz an.<\/p>\n<p><a id=\"seeMore\" onclick=\"toggleSeeMore()\" href=\"javascript:void(0);\">Lesen Sie mehr<\/a><\/p>\n","protected":false},"featured_media":87424,"comment_status":"open","ping_status":"closed","template":"","meta":{"inline_featured_image":false,"_mi_skip_tracking":false},"product_cat":[263,315],"product_tag":[],"class_list":["post-91908","product","type-product","status-publish","has-post-thumbnail","hentry","product_cat-helikopterflug-in-der-schweiz","product_cat-helikopterrundflug-epagny"],"yoast_head":"<!-- This site is optimized with the Yoast SEO plugin v23.6 - https:\/\/yoast.com\/wordpress\/plugins\/seo\/ -->\n<title>Der Gletscher les Diablerets im Helikopter. Flug von 35 Minuten<\/title>\n<meta name=\"description\" content=\"Der Gletscher les Diablerets im Helikopter f\u00fcr einen 35-min\u00fctigen Flug mit einer Zwischenlandung auf dem Gletscher, um Fotos zu machen\" \/>\n<meta name=\"robots\" content=\"index, follow, max-snippet:-1, max-image-preview:large, max-video-preview:-1\" \/>\n<link rel=\"canonical\" href=\"https:\/\/www.swissraft.ch\/de\/produkt\/helikopterflug-epagny-gletscher-diablerets\/\" \/>\n<meta property=\"og:locale\" content=\"de_DE\" \/>\n<meta property=\"og:type\" content=\"article\" \/>\n<meta property=\"og:title\" content=\"Der Gletscher les Diablerets im Helikopter. Flug von 35 Minuten\" \/>\n<meta property=\"og:description\" content=\"Der Gletscher les Diablerets im Helikopter f\u00fcr einen 35-min\u00fctigen Flug mit einer Zwischenlandung auf dem Gletscher, um Fotos zu machen\" \/>\n<meta property=\"og:url\" content=\"https:\/\/www.swissraft.ch\/de\/produkt\/helikopterflug-epagny-gletscher-diablerets\/\" \/>\n<meta property=\"og:site_name\" content=\"Swissraft\" \/>\n<meta property=\"article:modified_time\" content=\"2026-02-05T03:11:32+00:00\" \/>\n<meta property=\"og:image\" content=\"https:\/\/www.swissraft.ch\/wp-content\/uploads\/2022\/12\/05-EPAGNY-Gletscher-der-Diablerets-776x776-2.jpg\" \/>\n\t<meta property=\"og:image:width\" content=\"776\" \/>\n\t<meta property=\"og:image:height\" content=\"776\" \/>\n\t<meta property=\"og:image:type\" content=\"image\/jpeg\" \/>\n<meta name=\"twitter:card\" content=\"summary_large_image\" \/>\n<meta name=\"twitter:label1\" content=\"Gesch\u00e4tzte Lesezeit\" \/>\n\t<meta name=\"twitter:data1\" content=\"1\u00a0Minute\" \/>\n<script type=\"application\/ld+json\" class=\"yoast-schema-graph\">{\"@context\":\"https:\/\/schema.org\",\"@graph\":[{\"@type\":\"WebPage\",\"@id\":\"https:\/\/www.swissraft.ch\/de\/produkt\/helikopterflug-epagny-gletscher-diablerets\/\",\"url\":\"https:\/\/www.swissraft.ch\/de\/produkt\/helikopterflug-epagny-gletscher-diablerets\/\",\"name\":\"Der Gletscher les Diablerets im Helikopter. Flug von 35 Minuten\",\"isPartOf\":{\"@id\":\"https:\/\/www.swissraft.ch\/de\/#website\"},\"primaryImageOfPage\":{\"@id\":\"https:\/\/www.swissraft.ch\/de\/produkt\/helikopterflug-epagny-gletscher-diablerets\/#primaryimage\"},\"image\":{\"@id\":\"https:\/\/www.swissraft.ch\/de\/produkt\/helikopterflug-epagny-gletscher-diablerets\/#primaryimage\"},\"thumbnailUrl\":\"https:\/\/www.swissraft.ch\/wp-content\/uploads\/2022\/12\/05-EPAGNY-Gletscher-der-Diablerets-776x776-2.jpg\",\"datePublished\":\"2022-12-11T10:27:41+00:00\",\"dateModified\":\"2026-02-05T03:11:32+00:00\",\"description\":\"Der Gletscher les Diablerets im Helikopter f\u00fcr einen 35-min\u00fctigen Flug mit einer Zwischenlandung auf dem Gletscher, um Fotos zu machen\",\"breadcrumb\":{\"@id\":\"https:\/\/www.swissraft.ch\/de\/produkt\/helikopterflug-epagny-gletscher-diablerets\/#breadcrumb\"},\"inLanguage\":\"de\",\"potentialAction\":[{\"@type\":\"ReadAction\",\"target\":[\"https:\/\/www.swissraft.ch\/de\/produkt\/helikopterflug-epagny-gletscher-diablerets\/\"]}]},{\"@type\":\"ImageObject\",\"inLanguage\":\"de\",\"@id\":\"https:\/\/www.swissraft.ch\/de\/produkt\/helikopterflug-epagny-gletscher-diablerets\/#primaryimage\",\"url\":\"https:\/\/www.swissraft.ch\/wp-content\/uploads\/2022\/12\/05-EPAGNY-Gletscher-der-Diablerets-776x776-2.jpg\",\"contentUrl\":\"https:\/\/www.swissraft.ch\/wp-content\/uploads\/2022\/12\/05-EPAGNY-Gletscher-der-Diablerets-776x776-2.jpg\",\"width\":776,\"height\":776,\"caption\":\"Hubschrauberflug zum Diablerets-Gletscher von \u00c9pagny aus\"},{\"@type\":\"BreadcrumbList\",\"@id\":\"https:\/\/www.swissraft.ch\/de\/produkt\/helikopterflug-epagny-gletscher-diablerets\/#breadcrumb\",\"itemListElement\":[{\"@type\":\"ListItem\",\"position\":1,\"name\":\"Accueil\",\"item\":\"https:\/\/www.swissraft.ch\/de\/\"},{\"@type\":\"ListItem\",\"position\":2,\"name\":\"Shop\",\"item\":\"https:\/\/www.swissraft.ch\/de\/shop\/\"},{\"@type\":\"ListItem\",\"position\":3,\"name\":\"Helikopterflug von \u00c9PAGNY &#8211; GLETSCHER VON LES DIABLERETS &#8211; 35 Min. &#8211; CHF 1&rsquo;245.00\"}]},{\"@type\":\"WebSite\",\"@id\":\"https:\/\/www.swissraft.ch\/de\/#website\",\"url\":\"https:\/\/www.swissraft.ch\/de\/\",\"name\":\"Swissraft\",\"description\":\"To enjoy nature as it is\",\"publisher\":{\"@id\":\"https:\/\/www.swissraft.ch\/de\/#organization\"},\"potentialAction\":[{\"@type\":\"SearchAction\",\"target\":{\"@type\":\"EntryPoint\",\"urlTemplate\":\"https:\/\/www.swissraft.ch\/de\/?s={search_term_string}\"},\"query-input\":{\"@type\":\"PropertyValueSpecification\",\"valueRequired\":true,\"valueName\":\"search_term_string\"}}],\"inLanguage\":\"de\"},{\"@type\":\"Organization\",\"@id\":\"https:\/\/www.swissraft.ch\/de\/#organization\",\"name\":\"Swissraft\",\"url\":\"https:\/\/www.swissraft.ch\/de\/\",\"logo\":{\"@type\":\"ImageObject\",\"inLanguage\":\"de\",\"@id\":\"https:\/\/www.swissraft.ch\/de\/#\/schema\/logo\/image\/\",\"url\":\"https:\/\/www.swissraft.ch\/wp-content\/uploads\/2025\/09\/Capture.jpg\",\"contentUrl\":\"https:\/\/www.swissraft.ch\/wp-content\/uploads\/2025\/09\/Capture.jpg\",\"width\":293,\"height\":108,\"caption\":\"Swissraft\"},\"image\":{\"@id\":\"https:\/\/www.swissraft.ch\/de\/#\/schema\/logo\/image\/\"}}]}<\/script>\n<!-- \/ Yoast SEO plugin. -->","yoast_head_json":{"title":"Der Gletscher les Diablerets im Helikopter. Flug von 35 Minuten","description":"Der Gletscher les Diablerets im Helikopter f\u00fcr einen 35-min\u00fctigen Flug mit einer Zwischenlandung auf dem Gletscher, um Fotos zu machen","robots":{"index":"index","follow":"follow","max-snippet":"max-snippet:-1","max-image-preview":"max-image-preview:large","max-video-preview":"max-video-preview:-1"},"canonical":"https:\/\/www.swissraft.ch\/de\/produkt\/helikopterflug-epagny-gletscher-diablerets\/","og_locale":"de_DE","og_type":"article","og_title":"Der Gletscher les Diablerets im Helikopter. Flug von 35 Minuten","og_description":"Der Gletscher les Diablerets im Helikopter f\u00fcr einen 35-min\u00fctigen Flug mit einer Zwischenlandung auf dem Gletscher, um Fotos zu machen","og_url":"https:\/\/www.swissraft.ch\/de\/produkt\/helikopterflug-epagny-gletscher-diablerets\/","og_site_name":"Swissraft","article_modified_time":"2026-02-05T03:11:32+00:00","og_image":[{"width":776,"height":776,"url":"https:\/\/www.swissraft.ch\/wp-content\/uploads\/2022\/12\/05-EPAGNY-Gletscher-der-Diablerets-776x776-2.jpg","type":"image\/jpeg"}],"twitter_card":"summary_large_image","twitter_misc":{"Gesch\u00e4tzte Lesezeit":"1\u00a0Minute"},"schema":{"@context":"https:\/\/schema.org","@graph":[{"@type":"WebPage","@id":"https:\/\/www.swissraft.ch\/de\/produkt\/helikopterflug-epagny-gletscher-diablerets\/","url":"https:\/\/www.swissraft.ch\/de\/produkt\/helikopterflug-epagny-gletscher-diablerets\/","name":"Der Gletscher les Diablerets im Helikopter. Flug von 35 Minuten","isPartOf":{"@id":"https:\/\/www.swissraft.ch\/de\/#website"},"primaryImageOfPage":{"@id":"https:\/\/www.swissraft.ch\/de\/produkt\/helikopterflug-epagny-gletscher-diablerets\/#primaryimage"},"image":{"@id":"https:\/\/www.swissraft.ch\/de\/produkt\/helikopterflug-epagny-gletscher-diablerets\/#primaryimage"},"thumbnailUrl":"https:\/\/www.swissraft.ch\/wp-content\/uploads\/2022\/12\/05-EPAGNY-Gletscher-der-Diablerets-776x776-2.jpg","datePublished":"2022-12-11T10:27:41+00:00","dateModified":"2026-02-05T03:11:32+00:00","description":"Der Gletscher les Diablerets im Helikopter f\u00fcr einen 35-min\u00fctigen Flug mit einer Zwischenlandung auf dem Gletscher, um Fotos zu machen","breadcrumb":{"@id":"https:\/\/www.swissraft.ch\/de\/produkt\/helikopterflug-epagny-gletscher-diablerets\/#breadcrumb"},"inLanguage":"de","potentialAction":[{"@type":"ReadAction","target":["https:\/\/www.swissraft.ch\/de\/produkt\/helikopterflug-epagny-gletscher-diablerets\/"]}]},{"@type":"ImageObject","inLanguage":"de","@id":"https:\/\/www.swissraft.ch\/de\/produkt\/helikopterflug-epagny-gletscher-diablerets\/#primaryimage","url":"https:\/\/www.swissraft.ch\/wp-content\/uploads\/2022\/12\/05-EPAGNY-Gletscher-der-Diablerets-776x776-2.jpg","contentUrl":"https:\/\/www.swissraft.ch\/wp-content\/uploads\/2022\/12\/05-EPAGNY-Gletscher-der-Diablerets-776x776-2.jpg","width":776,"height":776,"caption":"Hubschrauberflug zum Diablerets-Gletscher von \u00c9pagny aus"},{"@type":"BreadcrumbList","@id":"https:\/\/www.swissraft.ch\/de\/produkt\/helikopterflug-epagny-gletscher-diablerets\/#breadcrumb","itemListElement":[{"@type":"ListItem","position":1,"name":"Accueil","item":"https:\/\/www.swissraft.ch\/de\/"},{"@type":"ListItem","position":2,"name":"Shop","item":"https:\/\/www.swissraft.ch\/de\/shop\/"},{"@type":"ListItem","position":3,"name":"Helikopterflug von \u00c9PAGNY &#8211; GLETSCHER VON LES DIABLERETS &#8211; 35 Min. &#8211; CHF 1&rsquo;245.00"}]},{"@type":"WebSite","@id":"https:\/\/www.swissraft.ch\/de\/#website","url":"https:\/\/www.swissraft.ch\/de\/","name":"Swissraft","description":"To enjoy nature as it is","publisher":{"@id":"https:\/\/www.swissraft.ch\/de\/#organization"},"potentialAction":[{"@type":"SearchAction","target":{"@type":"EntryPoint","urlTemplate":"https:\/\/www.swissraft.ch\/de\/?s={search_term_string}"},"query-input":{"@type":"PropertyValueSpecification","valueRequired":true,"valueName":"search_term_string"}}],"inLanguage":"de"},{"@type":"Organization","@id":"https:\/\/www.swissraft.ch\/de\/#organization","name":"Swissraft","url":"https:\/\/www.swissraft.ch\/de\/","logo":{"@type":"ImageObject","inLanguage":"de","@id":"https:\/\/www.swissraft.ch\/de\/#\/schema\/logo\/image\/","url":"https:\/\/www.swissraft.ch\/wp-content\/uploads\/2025\/09\/Capture.jpg","contentUrl":"https:\/\/www.swissraft.ch\/wp-content\/uploads\/2025\/09\/Capture.jpg","width":293,"height":108,"caption":"Swissraft"},"image":{"@id":"https:\/\/www.swissraft.ch\/de\/#\/schema\/logo\/image\/"}}]}},"_links":{"self":[{"href":"https:\/\/www.swissraft.ch\/de\/wp-json\/wp\/v2\/product\/91908","targetHints":{"allow":["GET"]}}],"collection":[{"href":"https:\/\/www.swissraft.ch\/de\/wp-json\/wp\/v2\/product"}],"about":[{"href":"https:\/\/www.swissraft.ch\/de\/wp-json\/wp\/v2\/types\/product"}],"replies":[{"embeddable":true,"href":"https:\/\/www.swissraft.ch\/de\/wp-json\/wp\/v2\/comments?post=91908"}],"version-history":[{"count":18,"href":"https:\/\/www.swissraft.ch\/de\/wp-json\/wp\/v2\/product\/91908\/revisions"}],"predecessor-version":[{"id":129199,"href":"https:\/\/www.swissraft.ch\/de\/wp-json\/wp\/v2\/product\/91908\/revisions\/129199"}],"wp:featuredmedia":[{"embeddable":true,"href":"https:\/\/www.swissraft.ch\/de\/wp-json\/wp\/v2\/media\/87424"}],"wp:attachment":[{"href":"https:\/\/www.swissraft.ch\/de\/wp-json\/wp\/v2\/media?parent=91908"}],"wp:term":[{"taxonomy":"product_cat","embeddable":true,"href":"https:\/\/www.swissraft.ch\/de\/wp-json\/wp\/v2\/product_cat?post=91908"},{"taxonomy":"product_tag","embeddable":true,"href":"https:\/\/www.swissraft.ch\/de\/wp-json\/wp\/v2\/product_tag?post=91908"}],"curies":[{"name":"wp","href":"https:\/\/api.w.org\/{rel}","templated":true}]}}