{"id":91900,"date":"2022-12-10T19:13:29","date_gmt":"2022-12-10T18:13:29","guid":{"rendered":"https:\/\/swissraft.xyanzkdne.eu\/product\/hubschrauberflug-von-schattenhalb-wetterhorn-rosenlaui-15-min-chf-790-00\/"},"modified":"2026-04-22T04:06:23","modified_gmt":"2026-04-22T02:06:23","slug":"schattenhalb-meiringen-rundflug-wetterhorn-rosenlaui","status":"publish","type":"product","link":"https:\/\/www.swissraft.ch\/de\/produkt\/schattenhalb-meiringen-rundflug-wetterhorn-rosenlaui\/","title":{"rendered":"Helikopterflug &#8211; Schattenhalb &#8211; Wetterhorn-Rosenlaui &#8211; 15 Min. &#8211; CHF 790.00"},"content":{"rendered":"\t\t<div data-elementor-type=\"wp-post\" data-elementor-id=\"91900\" class=\"elementor elementor-91900 elementor-29548\">\n\t\t\t\t\t\t\t\t\t<section class=\"elementor-section elementor-top-section elementor-element elementor-element-3303a7e3 elementor-section-boxed elementor-section-height-default elementor-section-height-default\" data-id=\"3303a7e3\" data-element_type=\"section\">\n\t\t\t\t\t\t<div class=\"elementor-container elementor-column-gap-default\">\n\t\t\t\t\t<div class=\"elementor-column elementor-col-100 elementor-top-column elementor-element elementor-element-16d72dbf\" data-id=\"16d72dbf\" data-element_type=\"column\">\n\t\t\t<div class=\"elementor-widget-wrap elementor-element-populated\">\n\t\t\t\t\t\t\t\t<div class=\"elementor-element elementor-element-d743c03 elementor-widget elementor-widget-text-editor\" data-id=\"d743c03\" data-element_type=\"widget\" data-widget_type=\"text-editor.default\">\n\t\t\t\t<div class=\"elementor-widget-container\">\n\t\t\t\t\t\t\t<h2>W\u00c4HLEN SIE UNTEN IHRE AKTIVIT\u00c4T AUS, UM GESCHENKGUTSCHEINE \/ TICKETS ZU VERSCHENKEN ODER ZU BUCHEN<\/h2><table style=\"height: 290px;\" border=\"0\" width=\"580\" cellspacing=\"10\" cellpadding=\"10\"><tbody><tr><td width=\"50%\"><strong>RUNDFLUG &#8211; WETTERHORN-ROSENLAUI &#8211; PRIVATFLUG &#8211; 15 Min.<\/strong><\/td><td><strong><span style=\"background-color: #ffffff;\">CHF 790.00 pro Privatflug<\/span><\/strong><span style=\"font-weight: bold; background-color: #ffffff;\"><br \/><\/span><\/td><\/tr><tr><td>Zus\u00e4tzliche Informationen<\/td><td>&#8211; Sie haben den Helikopter ausschlie\u00dflich f\u00fcr sich<br \/>&#8211; Sie bestimmen das Datum und die Uhrzeit des Abflugs<br \/>&#8211; Maximum 5 Pers.<\/td><\/tr><tr><td>Heliport<\/td><td><a href=\"https:\/\/www.google.com\/maps\/place\/46%C2%B042'39.3%22N+8%C2%B012'05.6%22E\/@46.7111801,8.1926831,1548m\/data=!3m1!1e3!4m4!3m3!8m2!3d46.7109167!4d8.2015556?entry=ttu\" target=\"_blank\" rel=\"noopener\">Schattenhalb-Meiringen<\/a><\/td><\/tr><tr><td>Flugzeit<\/td><td>15 Min.<\/td><\/tr><tr><td>Gesamtdauer<\/td><td>ca. 45 Min.<\/td><\/tr><tr><td>Termin<\/td><td>Per Telefon<\/td><\/tr><tr><td><button class=\"elementor-button\" type=\"button\"><a href=\"https:\/\/swissraft.outdoorbooking.ch\/fo\/products\/1632?base_id=245&amp;category_id=6&amp;order_type=gift_voucher&amp;lang=de\" target=\"_blank\" rel=\"noopener\">GUTSCHEIN \/ TICKET KAUFEN<\/a><\/button><\/td><td><strong><em>WICHTIG !<\/em><\/strong><br \/><em>Um zu reservieren, rufen Sie die Nummer an, die sich oben links auf dem Gutschein \/ Ticket befindet.<\/em><\/td><\/tr><\/tbody><\/table>\t\t\t\t\t\t<\/div>\n\t\t\t\t<\/div>\n\t\t\t\t\t<\/div>\n\t\t<\/div>\n\t\t\t\t\t\t\t<\/div>\n\t\t<\/section>\n\t\t\t\t\t\t\t<\/div>\n\t\t","protected":false},"excerpt":{"rendered":"<div align=\"justify\">\n<h2 align=\"justify\">Abflug vom Heliport Schattenhalb-Meiringen im Kanton Bern f\u00fcr einen 15-min\u00fctigen Flug!<\/h2>\n<h3>Entdecken Sie mit unserem Piloten Landschaften mit saftigen Alpenwiesen, B\u00e4chen und Bergseen.<\/h3>\n<\/div>\n<p>Schon beim Start k\u00f6nnen Sie das Wetterhorn bewundern, das 3690 m hoch ist und Grindelwald \u00fcberragt. Danach geht es zum Rosenlaui-Gletscher, bevor wir wieder auf dem Hubschrauberlandeplatz Schattenhalb-Meiringen landen.<\/p>\n<h3>Auf unserer Website finden Sie \u00fcber 150 Helikpterrundfl\u00fcge. Sie haben die Wahl&#8230; Wir sind Ihnen gerne behilflich, wenn Sie es w\u00fcnschen.<\/h3>\n<p id=\"textarea\" style=\"display: none;\">\nWir haben auch Rundfl\u00fcge ab Saanen und ab dem Hubschrauberlandeplatz Gstaad-Grund im Angebot. Aber auch Rundfl\u00fcge ab den Heliports Lenk-Simmental, Interlaken-Gsteigwiler und Lauterbrunnen im Berner Oberland. Au\u00dferdem bieten wir Rundfl\u00fcge von den internationalen Flugh\u00e4fen Z\u00fcrich-Kloten und Bern-Belp an. Wir bieten auch Fl\u00fcge von Pfaffnau im Kanton Luzern und vom Heliport Erstfeld an. Au\u00dferdem haben wir Fl\u00fcge in den Kanton Aargau vom Flugplatz Buttwil aus. Aber auch Fl\u00fcge von K\u00fcssnacht im Kanton Schwyz und von Grenchen im Kanton Solothurn. Zum einen starten wir vom Flugplatz \u00c9pagny im Kanton Freiburg. Au\u00dferdem starten wir vom Flughafen Sitten und von den Heliports Collombey und Gampel im Wallis. Gleichzeitig starten wir von Samedan im Engadin, wo wir das ganze Jahr \u00fcber fliegen. Ebenso vom Heliport in St. Moritz haben wir Fl\u00fcge, aber nur in der Wintersaison. Au\u00dferdem starten wir von den Heliports in Tavanasa, Flims und Untervaz. Aber auch vom Flugplatz Sitterdorf in Thurgau und vom Heliport Balzers in Liechtenstein. Au\u00dferdem bieten wir Fl\u00fcge aus dem Tessin von den Flugh\u00e4fen Locarno und Lodrino an.\n<\/p>\n<p><a id=\"seeMore\" onclick=\"toggleSeeMore()\" href=\"javascript:void(0);\">Lesen Sie mehr<\/a><\/p>\n","protected":false},"featured_media":86767,"comment_status":"open","ping_status":"closed","template":"","meta":{"inline_featured_image":false,"_mi_skip_tracking":false},"product_cat":[263,370],"product_tag":[],"class_list":["post-91900","product","type-product","status-publish","has-post-thumbnail","hentry","product_cat-helikopterflug-in-der-schweiz","product_cat-helikopterflug-rundflug-schattenhalb-meiringen"],"yoast_head":"<!-- This site is optimized with the Yoast SEO plugin v23.6 - https:\/\/yoast.com\/wordpress\/plugins\/seo\/ -->\n<title>Rundflug Wetterhorn-Rosenlaui ab Schattenhalb-Meiringen<\/title>\n<meta name=\"description\" content=\"Rundflug Wetterhorn-Rosenlaui ab Schattenhalb-Meiringen f\u00fcr einen 15-min\u00fctigen Helikopterflug. Sie fliegen \u00fcber das Wetterhorn und den Rosenlaui-Gletscher.\" \/>\n<meta name=\"robots\" content=\"index, follow, max-snippet:-1, max-image-preview:large, max-video-preview:-1\" \/>\n<link rel=\"canonical\" href=\"https:\/\/www.swissraft.ch\/de\/produkt\/schattenhalb-meiringen-rundflug-wetterhorn-rosenlaui\/\" \/>\n<meta property=\"og:locale\" content=\"de_DE\" \/>\n<meta property=\"og:type\" content=\"article\" \/>\n<meta property=\"og:title\" content=\"Rundflug Wetterhorn-Rosenlaui ab Schattenhalb-Meiringen\" \/>\n<meta property=\"og:description\" content=\"Rundflug Wetterhorn-Rosenlaui ab Schattenhalb-Meiringen f\u00fcr einen 15-min\u00fctigen Helikopterflug. Sie fliegen \u00fcber das Wetterhorn und den Rosenlaui-Gletscher.\" \/>\n<meta property=\"og:url\" content=\"https:\/\/www.swissraft.ch\/de\/produkt\/schattenhalb-meiringen-rundflug-wetterhorn-rosenlaui\/\" \/>\n<meta property=\"og:site_name\" content=\"Swissraft\" \/>\n<meta property=\"article:modified_time\" content=\"2026-04-22T02:06:23+00:00\" \/>\n<meta property=\"og:image\" content=\"https:\/\/www.swissraft.ch\/wp-content\/uploads\/2022\/12\/2-SCHATTENHALB-MEIRINGEN-Wetterhorn-Rosenlaui-776x776-2.jpg\" \/>\n\t<meta property=\"og:image:width\" content=\"776\" \/>\n\t<meta property=\"og:image:height\" content=\"776\" \/>\n\t<meta property=\"og:image:type\" content=\"image\/jpeg\" \/>\n<meta name=\"twitter:card\" content=\"summary_large_image\" \/>\n<meta name=\"twitter:label1\" content=\"Gesch\u00e4tzte Lesezeit\" \/>\n\t<meta name=\"twitter:data1\" content=\"1\u00a0Minute\" \/>\n<script type=\"application\/ld+json\" class=\"yoast-schema-graph\">{\"@context\":\"https:\/\/schema.org\",\"@graph\":[{\"@type\":\"WebPage\",\"@id\":\"https:\/\/www.swissraft.ch\/de\/produkt\/schattenhalb-meiringen-rundflug-wetterhorn-rosenlaui\/\",\"url\":\"https:\/\/www.swissraft.ch\/de\/produkt\/schattenhalb-meiringen-rundflug-wetterhorn-rosenlaui\/\",\"name\":\"Rundflug Wetterhorn-Rosenlaui ab Schattenhalb-Meiringen\",\"isPartOf\":{\"@id\":\"https:\/\/www.swissraft.ch\/de\/#website\"},\"primaryImageOfPage\":{\"@id\":\"https:\/\/www.swissraft.ch\/de\/produkt\/schattenhalb-meiringen-rundflug-wetterhorn-rosenlaui\/#primaryimage\"},\"image\":{\"@id\":\"https:\/\/www.swissraft.ch\/de\/produkt\/schattenhalb-meiringen-rundflug-wetterhorn-rosenlaui\/#primaryimage\"},\"thumbnailUrl\":\"https:\/\/www.swissraft.ch\/wp-content\/uploads\/2022\/12\/2-SCHATTENHALB-MEIRINGEN-Wetterhorn-Rosenlaui-776x776-2.jpg\",\"datePublished\":\"2022-12-10T18:13:29+00:00\",\"dateModified\":\"2026-04-22T02:06:23+00:00\",\"description\":\"Rundflug Wetterhorn-Rosenlaui ab Schattenhalb-Meiringen f\u00fcr einen 15-min\u00fctigen Helikopterflug. Sie fliegen \u00fcber das Wetterhorn und den Rosenlaui-Gletscher.\",\"breadcrumb\":{\"@id\":\"https:\/\/www.swissraft.ch\/de\/produkt\/schattenhalb-meiringen-rundflug-wetterhorn-rosenlaui\/#breadcrumb\"},\"inLanguage\":\"de\",\"potentialAction\":[{\"@type\":\"ReadAction\",\"target\":[\"https:\/\/www.swissraft.ch\/de\/produkt\/schattenhalb-meiringen-rundflug-wetterhorn-rosenlaui\/\"]}]},{\"@type\":\"ImageObject\",\"inLanguage\":\"de\",\"@id\":\"https:\/\/www.swissraft.ch\/de\/produkt\/schattenhalb-meiringen-rundflug-wetterhorn-rosenlaui\/#primaryimage\",\"url\":\"https:\/\/www.swissraft.ch\/wp-content\/uploads\/2022\/12\/2-SCHATTENHALB-MEIRINGEN-Wetterhorn-Rosenlaui-776x776-2.jpg\",\"contentUrl\":\"https:\/\/www.swissraft.ch\/wp-content\/uploads\/2022\/12\/2-SCHATTENHALB-MEIRINGEN-Wetterhorn-Rosenlaui-776x776-2.jpg\",\"width\":776,\"height\":776,\"caption\":\"MINOLTA DIGITAL CAMERA\"},{\"@type\":\"BreadcrumbList\",\"@id\":\"https:\/\/www.swissraft.ch\/de\/produkt\/schattenhalb-meiringen-rundflug-wetterhorn-rosenlaui\/#breadcrumb\",\"itemListElement\":[{\"@type\":\"ListItem\",\"position\":1,\"name\":\"Accueil\",\"item\":\"https:\/\/www.swissraft.ch\/de\/\"},{\"@type\":\"ListItem\",\"position\":2,\"name\":\"Shop\",\"item\":\"https:\/\/www.swissraft.ch\/de\/shop\/\"},{\"@type\":\"ListItem\",\"position\":3,\"name\":\"Helikopterflug &#8211; Schattenhalb &#8211; Wetterhorn-Rosenlaui &#8211; 15 Min. &#8211; CHF 790.00\"}]},{\"@type\":\"WebSite\",\"@id\":\"https:\/\/www.swissraft.ch\/de\/#website\",\"url\":\"https:\/\/www.swissraft.ch\/de\/\",\"name\":\"Swissraft\",\"description\":\"To enjoy nature as it is\",\"publisher\":{\"@id\":\"https:\/\/www.swissraft.ch\/de\/#organization\"},\"potentialAction\":[{\"@type\":\"SearchAction\",\"target\":{\"@type\":\"EntryPoint\",\"urlTemplate\":\"https:\/\/www.swissraft.ch\/de\/?s={search_term_string}\"},\"query-input\":{\"@type\":\"PropertyValueSpecification\",\"valueRequired\":true,\"valueName\":\"search_term_string\"}}],\"inLanguage\":\"de\"},{\"@type\":\"Organization\",\"@id\":\"https:\/\/www.swissraft.ch\/de\/#organization\",\"name\":\"Swissraft\",\"url\":\"https:\/\/www.swissraft.ch\/de\/\",\"logo\":{\"@type\":\"ImageObject\",\"inLanguage\":\"de\",\"@id\":\"https:\/\/www.swissraft.ch\/de\/#\/schema\/logo\/image\/\",\"url\":\"https:\/\/www.swissraft.ch\/wp-content\/uploads\/2025\/09\/Capture.jpg\",\"contentUrl\":\"https:\/\/www.swissraft.ch\/wp-content\/uploads\/2025\/09\/Capture.jpg\",\"width\":293,\"height\":108,\"caption\":\"Swissraft\"},\"image\":{\"@id\":\"https:\/\/www.swissraft.ch\/de\/#\/schema\/logo\/image\/\"}}]}<\/script>\n<!-- \/ Yoast SEO plugin. -->","yoast_head_json":{"title":"Rundflug Wetterhorn-Rosenlaui ab Schattenhalb-Meiringen","description":"Rundflug Wetterhorn-Rosenlaui ab Schattenhalb-Meiringen f\u00fcr einen 15-min\u00fctigen Helikopterflug. Sie fliegen \u00fcber das Wetterhorn und den Rosenlaui-Gletscher.","robots":{"index":"index","follow":"follow","max-snippet":"max-snippet:-1","max-image-preview":"max-image-preview:large","max-video-preview":"max-video-preview:-1"},"canonical":"https:\/\/www.swissraft.ch\/de\/produkt\/schattenhalb-meiringen-rundflug-wetterhorn-rosenlaui\/","og_locale":"de_DE","og_type":"article","og_title":"Rundflug Wetterhorn-Rosenlaui ab Schattenhalb-Meiringen","og_description":"Rundflug Wetterhorn-Rosenlaui ab Schattenhalb-Meiringen f\u00fcr einen 15-min\u00fctigen Helikopterflug. Sie fliegen \u00fcber das Wetterhorn und den Rosenlaui-Gletscher.","og_url":"https:\/\/www.swissraft.ch\/de\/produkt\/schattenhalb-meiringen-rundflug-wetterhorn-rosenlaui\/","og_site_name":"Swissraft","article_modified_time":"2026-04-22T02:06:23+00:00","og_image":[{"width":776,"height":776,"url":"https:\/\/www.swissraft.ch\/wp-content\/uploads\/2022\/12\/2-SCHATTENHALB-MEIRINGEN-Wetterhorn-Rosenlaui-776x776-2.jpg","type":"image\/jpeg"}],"twitter_card":"summary_large_image","twitter_misc":{"Gesch\u00e4tzte Lesezeit":"1\u00a0Minute"},"schema":{"@context":"https:\/\/schema.org","@graph":[{"@type":"WebPage","@id":"https:\/\/www.swissraft.ch\/de\/produkt\/schattenhalb-meiringen-rundflug-wetterhorn-rosenlaui\/","url":"https:\/\/www.swissraft.ch\/de\/produkt\/schattenhalb-meiringen-rundflug-wetterhorn-rosenlaui\/","name":"Rundflug Wetterhorn-Rosenlaui ab Schattenhalb-Meiringen","isPartOf":{"@id":"https:\/\/www.swissraft.ch\/de\/#website"},"primaryImageOfPage":{"@id":"https:\/\/www.swissraft.ch\/de\/produkt\/schattenhalb-meiringen-rundflug-wetterhorn-rosenlaui\/#primaryimage"},"image":{"@id":"https:\/\/www.swissraft.ch\/de\/produkt\/schattenhalb-meiringen-rundflug-wetterhorn-rosenlaui\/#primaryimage"},"thumbnailUrl":"https:\/\/www.swissraft.ch\/wp-content\/uploads\/2022\/12\/2-SCHATTENHALB-MEIRINGEN-Wetterhorn-Rosenlaui-776x776-2.jpg","datePublished":"2022-12-10T18:13:29+00:00","dateModified":"2026-04-22T02:06:23+00:00","description":"Rundflug Wetterhorn-Rosenlaui ab Schattenhalb-Meiringen f\u00fcr einen 15-min\u00fctigen Helikopterflug. Sie fliegen \u00fcber das Wetterhorn und den Rosenlaui-Gletscher.","breadcrumb":{"@id":"https:\/\/www.swissraft.ch\/de\/produkt\/schattenhalb-meiringen-rundflug-wetterhorn-rosenlaui\/#breadcrumb"},"inLanguage":"de","potentialAction":[{"@type":"ReadAction","target":["https:\/\/www.swissraft.ch\/de\/produkt\/schattenhalb-meiringen-rundflug-wetterhorn-rosenlaui\/"]}]},{"@type":"ImageObject","inLanguage":"de","@id":"https:\/\/www.swissraft.ch\/de\/produkt\/schattenhalb-meiringen-rundflug-wetterhorn-rosenlaui\/#primaryimage","url":"https:\/\/www.swissraft.ch\/wp-content\/uploads\/2022\/12\/2-SCHATTENHALB-MEIRINGEN-Wetterhorn-Rosenlaui-776x776-2.jpg","contentUrl":"https:\/\/www.swissraft.ch\/wp-content\/uploads\/2022\/12\/2-SCHATTENHALB-MEIRINGEN-Wetterhorn-Rosenlaui-776x776-2.jpg","width":776,"height":776,"caption":"MINOLTA DIGITAL CAMERA"},{"@type":"BreadcrumbList","@id":"https:\/\/www.swissraft.ch\/de\/produkt\/schattenhalb-meiringen-rundflug-wetterhorn-rosenlaui\/#breadcrumb","itemListElement":[{"@type":"ListItem","position":1,"name":"Accueil","item":"https:\/\/www.swissraft.ch\/de\/"},{"@type":"ListItem","position":2,"name":"Shop","item":"https:\/\/www.swissraft.ch\/de\/shop\/"},{"@type":"ListItem","position":3,"name":"Helikopterflug &#8211; Schattenhalb &#8211; Wetterhorn-Rosenlaui &#8211; 15 Min. &#8211; CHF 790.00"}]},{"@type":"WebSite","@id":"https:\/\/www.swissraft.ch\/de\/#website","url":"https:\/\/www.swissraft.ch\/de\/","name":"Swissraft","description":"To enjoy nature as it is","publisher":{"@id":"https:\/\/www.swissraft.ch\/de\/#organization"},"potentialAction":[{"@type":"SearchAction","target":{"@type":"EntryPoint","urlTemplate":"https:\/\/www.swissraft.ch\/de\/?s={search_term_string}"},"query-input":{"@type":"PropertyValueSpecification","valueRequired":true,"valueName":"search_term_string"}}],"inLanguage":"de"},{"@type":"Organization","@id":"https:\/\/www.swissraft.ch\/de\/#organization","name":"Swissraft","url":"https:\/\/www.swissraft.ch\/de\/","logo":{"@type":"ImageObject","inLanguage":"de","@id":"https:\/\/www.swissraft.ch\/de\/#\/schema\/logo\/image\/","url":"https:\/\/www.swissraft.ch\/wp-content\/uploads\/2025\/09\/Capture.jpg","contentUrl":"https:\/\/www.swissraft.ch\/wp-content\/uploads\/2025\/09\/Capture.jpg","width":293,"height":108,"caption":"Swissraft"},"image":{"@id":"https:\/\/www.swissraft.ch\/de\/#\/schema\/logo\/image\/"}}]}},"_links":{"self":[{"href":"https:\/\/www.swissraft.ch\/de\/wp-json\/wp\/v2\/product\/91900","targetHints":{"allow":["GET"]}}],"collection":[{"href":"https:\/\/www.swissraft.ch\/de\/wp-json\/wp\/v2\/product"}],"about":[{"href":"https:\/\/www.swissraft.ch\/de\/wp-json\/wp\/v2\/types\/product"}],"replies":[{"embeddable":true,"href":"https:\/\/www.swissraft.ch\/de\/wp-json\/wp\/v2\/comments?post=91900"}],"version-history":[{"count":16,"href":"https:\/\/www.swissraft.ch\/de\/wp-json\/wp\/v2\/product\/91900\/revisions"}],"predecessor-version":[{"id":141431,"href":"https:\/\/www.swissraft.ch\/de\/wp-json\/wp\/v2\/product\/91900\/revisions\/141431"}],"wp:featuredmedia":[{"embeddable":true,"href":"https:\/\/www.swissraft.ch\/de\/wp-json\/wp\/v2\/media\/86767"}],"wp:attachment":[{"href":"https:\/\/www.swissraft.ch\/de\/wp-json\/wp\/v2\/media?parent=91900"}],"wp:term":[{"taxonomy":"product_cat","embeddable":true,"href":"https:\/\/www.swissraft.ch\/de\/wp-json\/wp\/v2\/product_cat?post=91900"},{"taxonomy":"product_tag","embeddable":true,"href":"https:\/\/www.swissraft.ch\/de\/wp-json\/wp\/v2\/product_tag?post=91900"}],"curies":[{"name":"wp","href":"https:\/\/api.w.org\/{rel}","templated":true}]}}