{"id":91899,"date":"2022-12-10T16:58:43","date_gmt":"2022-12-10T15:58:43","guid":{"rendered":"https:\/\/swissraft.xyanzkdne.eu\/product\/helikopterflug-von-saanen-glacier-3000-30-min-chf-1560-00\/"},"modified":"2026-04-22T01:59:19","modified_gmt":"2026-04-21T23:59:19","slug":"saanen-rundflug-gletscher-3000","status":"publish","type":"product","link":"https:\/\/www.swissraft.ch\/de\/produkt\/saanen-rundflug-gletscher-3000\/","title":{"rendered":"Helikopterflug &#8211; Saanen &#8211; Gletscher 3000 &#8211; 30 Min. &#8211; Ab CHF 1&#8217;320.00"},"content":{"rendered":"\t\t<div data-elementor-type=\"wp-post\" data-elementor-id=\"91899\" class=\"elementor elementor-91899 elementor-29509\">\n\t\t\t\t\t\t\t\t\t<section class=\"elementor-section elementor-top-section elementor-element elementor-element-3303a7e3 elementor-section-boxed elementor-section-height-default elementor-section-height-default\" data-id=\"3303a7e3\" data-element_type=\"section\">\n\t\t\t\t\t\t<div class=\"elementor-container elementor-column-gap-default\">\n\t\t\t\t\t<div class=\"elementor-column elementor-col-100 elementor-top-column elementor-element elementor-element-16d72dbf\" data-id=\"16d72dbf\" data-element_type=\"column\">\n\t\t\t<div class=\"elementor-widget-wrap elementor-element-populated\">\n\t\t\t\t\t\t\t\t<div class=\"elementor-element elementor-element-d743c03 elementor-widget elementor-widget-text-editor\" data-id=\"d743c03\" data-element_type=\"widget\" data-widget_type=\"text-editor.default\">\n\t\t\t\t<div class=\"elementor-widget-container\">\n\t\t\t\t\t\t\t<h2>W\u00c4HLEN SIE UNTEN IHRE AKTIVIT\u00c4T AUS, UM GESCHENKGUTSCHEINE \/ TICKETS ZU VERSCHENKEN ODER ZU BUCHEN<\/h2><table style=\"height: 290px;\" border=\"0\" width=\"580\" cellspacing=\"10\" cellpadding=\"10\"><tbody><tr><td width=\"50%\"><strong>RUNDFLUG &#8211; GLETSCHER 3000 AB SAANEN &#8211; PRIVATFLUG (1-5 pax) &#8211; 30 Min.<\/strong><\/td><td><strong><span style=\"background-color: #ffffff;\">Ab CHF 1&#8217;320.00 pro Privatflug<\/span><\/strong><span style=\"font-weight: bold; background-color: #ffffff;\"><br \/><\/span><\/td><\/tr><tr><td>Zus\u00e4tzliche Informationen<\/td><td>&#8211; Sie haben den Helikopter ausschlie\u00dflich f\u00fcr sich<br \/>&#8211; Sie bestimmen das Datum und die Uhrzeit des Abflugs<br \/>&#8211; Maximum 5 Pers.<\/td><\/tr><tr><td>Flugplatz<\/td><td><a href=\"https:\/\/www.google.ch\/maps\/place\/46%C2%B029'14.0%22N+7%C2%B014'37.1%22E\/@46.4873887,7.238248,774m\/data=!3m1!1e3!4m4!3m3!8m2!3d46.4872222!4d7.2436389?hl=fr&amp;entry=ttu\" target=\"_blank\" rel=\"noopener\">Saanen<\/a><\/td><\/tr><tr><td>Flugzeit<\/td><td>30 Min.<\/td><\/tr><tr><td>Gesamtdauer<\/td><td>ca. 1 Std.<\/td><\/tr><tr><td>Termin<\/td><td>Per Telefon<\/td><\/tr><tr><td><button class=\"elementor-button\" type=\"button\"><a href=\"https:\/\/swissraft.outdoorbooking.ch\/fo\/products\/1540?base_id=233&amp;category_id=6&amp;order_type=gift_voucher&amp;lang=de\" target=\"_blank\" rel=\"noopener\">GUTSCHEIN \/ TICKET KAUFEN<\/a><\/button><\/td><td><strong>CHF 1&#8217;320.00 &#8211; Privatflug (1-4 Pers.)<\/strong><\/td><\/tr><tr><td><a href=\"https:\/\/swissraft.outdoorbooking.ch\/fo\/products\/1745?base_id=234&amp;category_id=6&amp;order_type=gift_voucher&amp;lang=de\" target=\"_blank\" rel=\"noopener\"><button class=\"elementor-button\" type=\"button\">GUTSCHEIN \/ TICKET KAUFEN<\/button><\/a><\/td><td><strong>CHF 1&#8217;650.00 &#8211; Privatflug (5 Pers.)<\/strong><\/td><\/tr><tr><td>\u00a0<\/td><td><strong><em>WICHTIG !<\/em><\/strong><br \/><em>Um zu reservieren, rufen Sie die Nummer an, die sich oben links auf dem Gutschein \/ Ticket befindet.<\/em><\/td><\/tr><\/tbody><\/table>\t\t\t\t\t\t<\/div>\n\t\t\t\t<\/div>\n\t\t\t\t\t<\/div>\n\t\t<\/div>\n\t\t\t\t\t\t\t<\/div>\n\t\t<\/section>\n\t\t\t\t\t\t\t<\/div>\n\t\t","protected":false},"excerpt":{"rendered":"<div align=\"justify\">\n<h2 align=\"justify\">Vom Flugplatz Saanen im Berner Oberland zu den Gletschern<\/h2>\n<h3>Ein atemberaubendes Panorama mit unendlicher Weite und ewigem Schnee<\/h3>\n<\/div>\n<div align=\"justify\">\n<p>Vom Flugplatz Saanen aus kommen Sie dem ber\u00fchmten Glacier 3000 von Les Diablerets und den Gletschern von Wildhorn und Wildstrubel sehr nahe.<\/p>\n<h3>Swissraft bietet Ihnen eine Vielzahl von Panoramen wie dieses dank seiner zahlreichen Heliport im Herzen der Schweizer Alpen.<\/h3>\n<p id=\"textarea\" style=\"display: none;\">\nTats\u00e4chlich starten wir vom Heliport Gstaad-Grund im Saanenland. Aber auch von den Heliports Lenk-Simmental, Schattenhalb-Meiringen, Interlaken-Gsteigwiler und Lauterbrunnen, ebenfalls im Berner Oberland. Dar\u00fcber hinaus bieten wir auch Fl\u00fcge vom Flughafen Sitten und den Heliports Gampel und Collombey an. Dar\u00fcber hinaus bieten wir Fl\u00fcge von Pfaffnau im Kanton Luzern und vom Heliport Erstfeld im Kanton Uri an. Aber auch vom Flugplatz \u00c9pagny im Greyerzerland im Kanton Freiburg. Au\u00dferdem starten wir vom Flugplatz Buttwil im Kanton Aargau.<br \/>\nWir bieten auch Rundfl\u00fcge im Kanton Solothurn an, die vom Flugplatz Grenchen aus starten. Wir haben auch Fl\u00fcge vom Heliport K\u00fcssnacht im Kanton Schwyz. Ebenso fliegen wir vom internationalen Flughafen Z\u00fcrich-Kloten und vom internationalen Flughafen Bern-Belp ab. Einerseits haben wir Fl\u00fcge vom Heliport in St. Moritz und der Flugplatz von Samedan sind im Sommer und Winter ge\u00f6ffnet. Au\u00dferdem bieten wir Fl\u00fcge von den Heliports in Untervaz, Flims und Tavanasa in Graub\u00fcnden an. Parallel dazu starten wir in Liechtenstein vom Heliport Balzers und vom Flugplatz Sitterdorf im Kanton Thurgau. Wir bieten auch Fl\u00fcge von den Flugpl\u00e4tzen Locarno und Lodrino im Tessin an.\n<\/p>\n<p><a id=\"seeMore\" onclick=\"toggleSeeMore()\" href=\"javascript:void(0);\">Lesen Sie mehr<\/a><\/p>\n","protected":false},"featured_media":86491,"comment_status":"open","ping_status":"closed","template":"","meta":{"inline_featured_image":false,"_mi_skip_tracking":false},"product_cat":[263,369],"product_tag":[],"class_list":["post-91899","product","type-product","status-publish","has-post-thumbnail","hentry","product_cat-helikopterflug-in-der-schweiz","product_cat-helikopterflug-rundflug-saanen"],"yoast_head":"<!-- This site is optimized with the Yoast SEO plugin v23.6 - https:\/\/yoast.com\/wordpress\/plugins\/seo\/ -->\n<title>Rundflug Glacier 3000 Saanen mit dem Helikopter<\/title>\n<meta name=\"description\" content=\"Rundflug Glacier 3000 Saanen mit dem Helikopter auf einem 30-min\u00fctigen Flug, bei dem Sie auch den Wildhorn- und den Wildstrubelgletscher \u00fcberfliegen.\" \/>\n<meta name=\"robots\" content=\"index, follow, max-snippet:-1, max-image-preview:large, max-video-preview:-1\" \/>\n<link rel=\"canonical\" href=\"https:\/\/www.swissraft.ch\/de\/produkt\/saanen-rundflug-gletscher-3000\/\" \/>\n<meta property=\"og:locale\" content=\"de_DE\" \/>\n<meta property=\"og:type\" content=\"article\" \/>\n<meta property=\"og:title\" content=\"Rundflug Glacier 3000 Saanen mit dem Helikopter\" \/>\n<meta property=\"og:description\" content=\"Rundflug Glacier 3000 Saanen mit dem Helikopter auf einem 30-min\u00fctigen Flug, bei dem Sie auch den Wildhorn- und den Wildstrubelgletscher \u00fcberfliegen.\" \/>\n<meta property=\"og:url\" content=\"https:\/\/www.swissraft.ch\/de\/produkt\/saanen-rundflug-gletscher-3000\/\" \/>\n<meta property=\"og:site_name\" content=\"Swissraft\" \/>\n<meta property=\"article:modified_time\" content=\"2026-04-21T23:59:19+00:00\" \/>\n<meta property=\"og:image\" content=\"https:\/\/www.swissraft.ch\/wp-content\/uploads\/2022\/12\/2-SAANEN-Gletscher-3000-776x776-2.jpg\" \/>\n\t<meta property=\"og:image:width\" content=\"776\" \/>\n\t<meta property=\"og:image:height\" content=\"776\" \/>\n\t<meta property=\"og:image:type\" content=\"image\/jpeg\" \/>\n<meta name=\"twitter:card\" content=\"summary_large_image\" \/>\n<meta name=\"twitter:label1\" content=\"Gesch\u00e4tzte Lesezeit\" \/>\n\t<meta name=\"twitter:data1\" content=\"1\u00a0Minute\" \/>\n<script type=\"application\/ld+json\" class=\"yoast-schema-graph\">{\"@context\":\"https:\/\/schema.org\",\"@graph\":[{\"@type\":\"WebPage\",\"@id\":\"https:\/\/www.swissraft.ch\/de\/produkt\/saanen-rundflug-gletscher-3000\/\",\"url\":\"https:\/\/www.swissraft.ch\/de\/produkt\/saanen-rundflug-gletscher-3000\/\",\"name\":\"Rundflug Glacier 3000 Saanen mit dem Helikopter\",\"isPartOf\":{\"@id\":\"https:\/\/www.swissraft.ch\/de\/#website\"},\"primaryImageOfPage\":{\"@id\":\"https:\/\/www.swissraft.ch\/de\/produkt\/saanen-rundflug-gletscher-3000\/#primaryimage\"},\"image\":{\"@id\":\"https:\/\/www.swissraft.ch\/de\/produkt\/saanen-rundflug-gletscher-3000\/#primaryimage\"},\"thumbnailUrl\":\"https:\/\/www.swissraft.ch\/wp-content\/uploads\/2022\/12\/2-SAANEN-Gletscher-3000-776x776-2.jpg\",\"datePublished\":\"2022-12-10T15:58:43+00:00\",\"dateModified\":\"2026-04-21T23:59:19+00:00\",\"description\":\"Rundflug Glacier 3000 Saanen mit dem Helikopter auf einem 30-min\u00fctigen Flug, bei dem Sie auch den Wildhorn- und den Wildstrubelgletscher \u00fcberfliegen.\",\"breadcrumb\":{\"@id\":\"https:\/\/www.swissraft.ch\/de\/produkt\/saanen-rundflug-gletscher-3000\/#breadcrumb\"},\"inLanguage\":\"de\",\"potentialAction\":[{\"@type\":\"ReadAction\",\"target\":[\"https:\/\/www.swissraft.ch\/de\/produkt\/saanen-rundflug-gletscher-3000\/\"]}]},{\"@type\":\"ImageObject\",\"inLanguage\":\"de\",\"@id\":\"https:\/\/www.swissraft.ch\/de\/produkt\/saanen-rundflug-gletscher-3000\/#primaryimage\",\"url\":\"https:\/\/www.swissraft.ch\/wp-content\/uploads\/2022\/12\/2-SAANEN-Gletscher-3000-776x776-2.jpg\",\"contentUrl\":\"https:\/\/www.swissraft.ch\/wp-content\/uploads\/2022\/12\/2-SAANEN-Gletscher-3000-776x776-2.jpg\",\"width\":776,\"height\":776,\"caption\":\"Von Saanen mit dem Hubschrauber zum Gletscher 3000\"},{\"@type\":\"BreadcrumbList\",\"@id\":\"https:\/\/www.swissraft.ch\/de\/produkt\/saanen-rundflug-gletscher-3000\/#breadcrumb\",\"itemListElement\":[{\"@type\":\"ListItem\",\"position\":1,\"name\":\"Accueil\",\"item\":\"https:\/\/www.swissraft.ch\/de\/\"},{\"@type\":\"ListItem\",\"position\":2,\"name\":\"Shop\",\"item\":\"https:\/\/www.swissraft.ch\/de\/shop\/\"},{\"@type\":\"ListItem\",\"position\":3,\"name\":\"Helikopterflug &#8211; Saanen &#8211; Gletscher 3000 &#8211; 30 Min. &#8211; Ab CHF 1&rsquo;320.00\"}]},{\"@type\":\"WebSite\",\"@id\":\"https:\/\/www.swissraft.ch\/de\/#website\",\"url\":\"https:\/\/www.swissraft.ch\/de\/\",\"name\":\"Swissraft\",\"description\":\"To enjoy nature as it is\",\"publisher\":{\"@id\":\"https:\/\/www.swissraft.ch\/de\/#organization\"},\"potentialAction\":[{\"@type\":\"SearchAction\",\"target\":{\"@type\":\"EntryPoint\",\"urlTemplate\":\"https:\/\/www.swissraft.ch\/de\/?s={search_term_string}\"},\"query-input\":{\"@type\":\"PropertyValueSpecification\",\"valueRequired\":true,\"valueName\":\"search_term_string\"}}],\"inLanguage\":\"de\"},{\"@type\":\"Organization\",\"@id\":\"https:\/\/www.swissraft.ch\/de\/#organization\",\"name\":\"Swissraft\",\"url\":\"https:\/\/www.swissraft.ch\/de\/\",\"logo\":{\"@type\":\"ImageObject\",\"inLanguage\":\"de\",\"@id\":\"https:\/\/www.swissraft.ch\/de\/#\/schema\/logo\/image\/\",\"url\":\"https:\/\/www.swissraft.ch\/wp-content\/uploads\/2025\/09\/Capture.jpg\",\"contentUrl\":\"https:\/\/www.swissraft.ch\/wp-content\/uploads\/2025\/09\/Capture.jpg\",\"width\":293,\"height\":108,\"caption\":\"Swissraft\"},\"image\":{\"@id\":\"https:\/\/www.swissraft.ch\/de\/#\/schema\/logo\/image\/\"}}]}<\/script>\n<!-- \/ Yoast SEO plugin. -->","yoast_head_json":{"title":"Rundflug Glacier 3000 Saanen mit dem Helikopter","description":"Rundflug Glacier 3000 Saanen mit dem Helikopter auf einem 30-min\u00fctigen Flug, bei dem Sie auch den Wildhorn- und den Wildstrubelgletscher \u00fcberfliegen.","robots":{"index":"index","follow":"follow","max-snippet":"max-snippet:-1","max-image-preview":"max-image-preview:large","max-video-preview":"max-video-preview:-1"},"canonical":"https:\/\/www.swissraft.ch\/de\/produkt\/saanen-rundflug-gletscher-3000\/","og_locale":"de_DE","og_type":"article","og_title":"Rundflug Glacier 3000 Saanen mit dem Helikopter","og_description":"Rundflug Glacier 3000 Saanen mit dem Helikopter auf einem 30-min\u00fctigen Flug, bei dem Sie auch den Wildhorn- und den Wildstrubelgletscher \u00fcberfliegen.","og_url":"https:\/\/www.swissraft.ch\/de\/produkt\/saanen-rundflug-gletscher-3000\/","og_site_name":"Swissraft","article_modified_time":"2026-04-21T23:59:19+00:00","og_image":[{"width":776,"height":776,"url":"https:\/\/www.swissraft.ch\/wp-content\/uploads\/2022\/12\/2-SAANEN-Gletscher-3000-776x776-2.jpg","type":"image\/jpeg"}],"twitter_card":"summary_large_image","twitter_misc":{"Gesch\u00e4tzte Lesezeit":"1\u00a0Minute"},"schema":{"@context":"https:\/\/schema.org","@graph":[{"@type":"WebPage","@id":"https:\/\/www.swissraft.ch\/de\/produkt\/saanen-rundflug-gletscher-3000\/","url":"https:\/\/www.swissraft.ch\/de\/produkt\/saanen-rundflug-gletscher-3000\/","name":"Rundflug Glacier 3000 Saanen mit dem Helikopter","isPartOf":{"@id":"https:\/\/www.swissraft.ch\/de\/#website"},"primaryImageOfPage":{"@id":"https:\/\/www.swissraft.ch\/de\/produkt\/saanen-rundflug-gletscher-3000\/#primaryimage"},"image":{"@id":"https:\/\/www.swissraft.ch\/de\/produkt\/saanen-rundflug-gletscher-3000\/#primaryimage"},"thumbnailUrl":"https:\/\/www.swissraft.ch\/wp-content\/uploads\/2022\/12\/2-SAANEN-Gletscher-3000-776x776-2.jpg","datePublished":"2022-12-10T15:58:43+00:00","dateModified":"2026-04-21T23:59:19+00:00","description":"Rundflug Glacier 3000 Saanen mit dem Helikopter auf einem 30-min\u00fctigen Flug, bei dem Sie auch den Wildhorn- und den Wildstrubelgletscher \u00fcberfliegen.","breadcrumb":{"@id":"https:\/\/www.swissraft.ch\/de\/produkt\/saanen-rundflug-gletscher-3000\/#breadcrumb"},"inLanguage":"de","potentialAction":[{"@type":"ReadAction","target":["https:\/\/www.swissraft.ch\/de\/produkt\/saanen-rundflug-gletscher-3000\/"]}]},{"@type":"ImageObject","inLanguage":"de","@id":"https:\/\/www.swissraft.ch\/de\/produkt\/saanen-rundflug-gletscher-3000\/#primaryimage","url":"https:\/\/www.swissraft.ch\/wp-content\/uploads\/2022\/12\/2-SAANEN-Gletscher-3000-776x776-2.jpg","contentUrl":"https:\/\/www.swissraft.ch\/wp-content\/uploads\/2022\/12\/2-SAANEN-Gletscher-3000-776x776-2.jpg","width":776,"height":776,"caption":"Von Saanen mit dem Hubschrauber zum Gletscher 3000"},{"@type":"BreadcrumbList","@id":"https:\/\/www.swissraft.ch\/de\/produkt\/saanen-rundflug-gletscher-3000\/#breadcrumb","itemListElement":[{"@type":"ListItem","position":1,"name":"Accueil","item":"https:\/\/www.swissraft.ch\/de\/"},{"@type":"ListItem","position":2,"name":"Shop","item":"https:\/\/www.swissraft.ch\/de\/shop\/"},{"@type":"ListItem","position":3,"name":"Helikopterflug &#8211; Saanen &#8211; Gletscher 3000 &#8211; 30 Min. &#8211; Ab CHF 1&rsquo;320.00"}]},{"@type":"WebSite","@id":"https:\/\/www.swissraft.ch\/de\/#website","url":"https:\/\/www.swissraft.ch\/de\/","name":"Swissraft","description":"To enjoy nature as it is","publisher":{"@id":"https:\/\/www.swissraft.ch\/de\/#organization"},"potentialAction":[{"@type":"SearchAction","target":{"@type":"EntryPoint","urlTemplate":"https:\/\/www.swissraft.ch\/de\/?s={search_term_string}"},"query-input":{"@type":"PropertyValueSpecification","valueRequired":true,"valueName":"search_term_string"}}],"inLanguage":"de"},{"@type":"Organization","@id":"https:\/\/www.swissraft.ch\/de\/#organization","name":"Swissraft","url":"https:\/\/www.swissraft.ch\/de\/","logo":{"@type":"ImageObject","inLanguage":"de","@id":"https:\/\/www.swissraft.ch\/de\/#\/schema\/logo\/image\/","url":"https:\/\/www.swissraft.ch\/wp-content\/uploads\/2025\/09\/Capture.jpg","contentUrl":"https:\/\/www.swissraft.ch\/wp-content\/uploads\/2025\/09\/Capture.jpg","width":293,"height":108,"caption":"Swissraft"},"image":{"@id":"https:\/\/www.swissraft.ch\/de\/#\/schema\/logo\/image\/"}}]}},"_links":{"self":[{"href":"https:\/\/www.swissraft.ch\/de\/wp-json\/wp\/v2\/product\/91899","targetHints":{"allow":["GET"]}}],"collection":[{"href":"https:\/\/www.swissraft.ch\/de\/wp-json\/wp\/v2\/product"}],"about":[{"href":"https:\/\/www.swissraft.ch\/de\/wp-json\/wp\/v2\/types\/product"}],"replies":[{"embeddable":true,"href":"https:\/\/www.swissraft.ch\/de\/wp-json\/wp\/v2\/comments?post=91899"}],"version-history":[{"count":14,"href":"https:\/\/www.swissraft.ch\/de\/wp-json\/wp\/v2\/product\/91899\/revisions"}],"predecessor-version":[{"id":141343,"href":"https:\/\/www.swissraft.ch\/de\/wp-json\/wp\/v2\/product\/91899\/revisions\/141343"}],"wp:featuredmedia":[{"embeddable":true,"href":"https:\/\/www.swissraft.ch\/de\/wp-json\/wp\/v2\/media\/86491"}],"wp:attachment":[{"href":"https:\/\/www.swissraft.ch\/de\/wp-json\/wp\/v2\/media?parent=91899"}],"wp:term":[{"taxonomy":"product_cat","embeddable":true,"href":"https:\/\/www.swissraft.ch\/de\/wp-json\/wp\/v2\/product_cat?post=91899"},{"taxonomy":"product_tag","embeddable":true,"href":"https:\/\/www.swissraft.ch\/de\/wp-json\/wp\/v2\/product_tag?post=91899"}],"curies":[{"name":"wp","href":"https:\/\/api.w.org\/{rel}","templated":true}]}}