{"id":91896,"date":"2022-12-10T18:25:30","date_gmt":"2022-12-10T17:25:30","guid":{"rendered":"https:\/\/swissraft.xyanzkdne.eu\/product\/hubschrauberflug-von-saanen-a-la-carte-ab-20-min-ab-chf-915-00\/"},"modified":"2026-04-22T02:00:02","modified_gmt":"2026-04-22T00:00:02","slug":"saanen-rundflug-a-la-carte","status":"publish","type":"product","link":"https:\/\/www.swissraft.ch\/de\/produkt\/saanen-rundflug-a-la-carte\/","title":{"rendered":"Helikopterflug &#8211; Saanen &#8211; \u00c0 la carte &#8211; Ab 20 Min. &#8211; Ab CHF 1000.00"},"content":{"rendered":"\t\t<div data-elementor-type=\"wp-post\" data-elementor-id=\"91896\" class=\"elementor elementor-91896 elementor-29531\">\n\t\t\t\t\t\t\t\t\t<section class=\"elementor-section elementor-top-section elementor-element elementor-element-3303a7e3 elementor-section-boxed elementor-section-height-default elementor-section-height-default\" data-id=\"3303a7e3\" data-element_type=\"section\">\n\t\t\t\t\t\t<div class=\"elementor-container elementor-column-gap-default\">\n\t\t\t\t\t<div class=\"elementor-column elementor-col-100 elementor-top-column elementor-element elementor-element-16d72dbf\" data-id=\"16d72dbf\" data-element_type=\"column\">\n\t\t\t<div class=\"elementor-widget-wrap elementor-element-populated\">\n\t\t\t\t\t\t\t\t<div class=\"elementor-element elementor-element-d743c03 elementor-widget elementor-widget-text-editor\" data-id=\"d743c03\" data-element_type=\"widget\" data-widget_type=\"text-editor.default\">\n\t\t\t\t<div class=\"elementor-widget-container\">\n\t\t\t\t\t\t\t<h2>W\u00c4HLEN SIE UNTEN IHRE AKTIVIT\u00c4T AUS, UM GESCHENKGUTSCHEINE \/ TICKETS ZU VERSCHENKEN ODER ZU BUCHEN<\/h2><table style=\"height: 290px;\" border=\"0\" width=\"580\" cellspacing=\"10\" cellpadding=\"10\"><tbody><tr><td width=\"50%\"><strong>1) RUNDFLUG &#8211; FLUG \u00c0 LA CARTE &#8211; PRIVATFLUG (1-5 Pers.) &#8211; 20 Min.<\/strong><\/td><td><span style=\"font-weight: bold; background-color: #ffffff;\">Ab CHF 1&#8217;000.00 pro Privatflug<\/span><\/td><\/tr><tr><td>Zus\u00e4tzliche Informationen<\/td><td>&#8211; Sie haben den Helikopter ausschlie\u00dflich f\u00fcr sich<br \/>&#8211; Sie bestimmen das Datum und die Uhrzeit des Abflugs<br \/>&#8211; Maximum 5 Pers.<\/td><\/tr><tr><td>Flugplatz<\/td><td><a href=\"https:\/\/www.google.ch\/maps\/place\/46%C2%B029'14.0%22N+7%C2%B014'37.1%22E\/@46.4873887,7.238248,774m\/data=!3m1!1e3!4m4!3m3!8m2!3d46.4872222!4d7.2436389?hl=fr&amp;entry=ttu\">Saanen<\/a><\/td><\/tr><tr><td>Flugzeit<\/td><td>20 Min.<\/td><\/tr><tr><td>Gesamtdauer<\/td><td>ca. 50 Min.<\/td><\/tr><tr><td>Termin<\/td><td>Per Telefon<\/td><\/tr><tr><td><a href=\"https:\/\/swissraft.outdoorbooking.ch\/fo\/products\/1539?base_id=233&amp;category_id=6&amp;order_type=gift_voucher&amp;lang=de\" target=\"_blank\" rel=\"noopener\"><button class=\"elementor-button\" type=\"button\">GUTSCHEIN \/ TICKET KAUFEN<\/button><\/a><\/td><td><strong>CHF 1&#8217;000.00 &#8211; Privatflug (1-4 Pers.)<\/strong><\/td><\/tr><tr><td><a href=\"https:\/\/swissraft.outdoorbooking.ch\/fo\/products\/1544?base_id=234&amp;category_id=6&amp;order_type=gift_voucher&amp;lang=de\" target=\"_blank\" rel=\"noopener\"><button class=\"elementor-button\" type=\"button\">GUTSCHEIN \/ TICKET KAUFEN<\/button><\/a><\/td><td><strong>CHF 1&#8217;250.00 &#8211; Privatflug (5 Pers.)<\/strong><\/td><\/tr><tr><td>\u00a0<\/td><td><strong><em>WICHTIG !<\/em><\/strong><br \/><em>Um zu reservieren, rufen Sie die Nummer an, die sich oben links auf dem Gutschein \/ Ticket befindet.<\/em><\/td><\/tr><\/tbody><\/table><table border=\"0\" width=\"580\" cellspacing=\"10\" cellpadding=\"10\"><tbody><tr><td width=\"50%\"><strong>2) RUNDFLUG &#8211; FLUG \u00c0 LA CARTE &#8211; PRIVATFLUG (1-5 Pers.) &#8211; 30 Min.<\/strong><\/td><td><strong>Ab CHF <span class=\"productPrice\">1&#8217;320.00 pro Privatflug<\/span><\/strong><\/td><\/tr><tr><td>Zus\u00e4tzliche Informationen<\/td><td>&#8211; Sie haben den Helikopter ausschlie\u00dflich f\u00fcr sich<br \/>&#8211; Sie bestimmen das Datum und die Uhrzeit des Abflugs<br \/>&#8211; Maximum 5 Pers.<\/td><\/tr><tr><td>Flugplatz<\/td><td><a href=\"https:\/\/www.google.ch\/maps\/place\/46%C2%B029'14.0%22N+7%C2%B014'37.1%22E\/@46.4873887,7.238248,774m\/data=!3m1!1e3!4m4!3m3!8m2!3d46.4872222!4d7.2436389?hl=fr&amp;entry=ttu\">Saanen<\/a><\/td><\/tr><tr><td>Flugzeit<\/td><td>30 Min.<\/td><\/tr><tr><td>Gesamtdauer<\/td><td>ca. 1 Std.<\/td><\/tr><tr><td>Termin<\/td><td>Per Telefon<\/td><\/tr><tr><td><a href=\"https:\/\/swissraft.outdoorbooking.ch\/fo\/products\/1756?base_id=233&amp;category_id=6&amp;order_type=gift_voucher&amp;lang=de\" target=\"_blank\" rel=\"noopener\"><button class=\"elementor-button\" type=\"button\">GUTSCHEIN \/ TICKET KAUFEN<\/button><\/a><\/td><td><strong>CHF 1&#8217;320.00 &#8211; Privatflug (1-4 Pers.)<\/strong><\/td><\/tr><tr><td><a href=\"https:\/\/swissraft.outdoorbooking.ch\/fo\/products\/1753?base_id=234&amp;category_id=6&amp;order_type=gift_voucher&amp;lang=de\" target=\"_blank\" rel=\"noopener\"><button class=\"elementor-button\" type=\"button\">GUTSCHEIN \/ TICKET KAUFEN<\/button><\/a><\/td><td><strong>CHF 1&#8217;650.00 &#8211; Privatflug (5 Pers.)<\/strong><\/td><\/tr><tr><td>\u00a0<\/td><td><strong><em>WICHTIG !<\/em><\/strong><br \/><em>Um zu reservieren, rufen Sie die Nummer an, die sich oben links auf dem Gutschein \/ Ticket befindet.<\/em><\/td><\/tr><\/tbody><\/table><table style=\"font-size: 1rem;\" border=\"0\" width=\"580\" cellspacing=\"10\" cellpadding=\"10\"><tbody><tr><td width=\"50%\"><strong>3) RUNDFLUG &#8211; FLUG \u00c0 LA CARTE &#8211; PRIVATFLUG (1-5 Pers.) &#8211; 45 Min.<\/strong><\/td><td><strong>Ab CHF 1<span class=\"productPrice\">&#8218;880.00 pro Privatflug<br \/><\/span><\/strong><\/td><\/tr><tr><td>Zus\u00e4tzliche Informationen<\/td><td>&#8211; Sie haben den Helikopter ausschlie\u00dflich f\u00fcr sich<br \/>&#8211; Sie bestimmen das Datum und die Uhrzeit des Abflugs<br \/>&#8211; Maximm 5 Pers.<\/td><\/tr><tr><td>Flugplatz<\/td><td><a href=\"https:\/\/www.google.ch\/maps\/place\/46%C2%B029'14.0%22N+7%C2%B014'37.1%22E\/@46.4873887,7.238248,774m\/data=!3m1!1e3!4m4!3m3!8m2!3d46.4872222!4d7.2436389?hl=fr&amp;entry=ttu\">Saanen<\/a><\/td><\/tr><tr><td>Flugzeit<\/td><td>60 Min.<\/td><\/tr><tr><td>Gesamtdauer<\/td><td>ca. 1,5 Std.<\/td><\/tr><tr><td>Termin<\/td><td>Per Telefon<\/td><\/tr><tr><td><button class=\"elementor-button\" type=\"button\"><a href=\"https:\/\/swissraft.outdoorbooking.ch\/fo\/products\/1755?base_id=233&amp;category_id=6&amp;order_type=gift_voucher&amp;lang=de\" target=\"_blank\" rel=\"noopener\">GUTSCHEIN \/ TICKET KAUFEN<\/a><\/button><\/td><td><strong>CHF 1&#8217;880.00 &#8211; Privatflug (1-4 Pers.)<\/strong><\/td><\/tr><tr><td><a href=\"https:\/\/swissraft.outdoorbooking.ch\/fo\/products\/1758?base_id=234&amp;category_id=6&amp;order_type=gift_voucher&amp;lang=de\" target=\"_blank\" rel=\"noopener\"><button class=\"elementor-button\" type=\"button\">GUTSCHEIN \/ TICKET KAUFEN<\/button><\/a><\/td><td><strong>CHF 2&#8217;350.00 &#8211; Privatflug (5 Pers.)<\/strong><\/td><\/tr><tr><td>\u00a0<\/td><td><strong><em>WICHTIG !<\/em><\/strong><br \/><em>Um zu reservieren, rufen Sie die Nummer an, die sich oben links auf dem Gutschein \/ Ticket befindet.<\/em><\/td><\/tr><\/tbody><\/table><table border=\"0\" width=\"580\" cellspacing=\"10\" cellpadding=\"10\"><tbody><tr><td width=\"50%\"><strong>4) RUNDFLUG &#8211; FLUG \u00c0 LA CARTE &#8211; PRIVATFLUG (1-5 Pers.) &#8211; 60 Min.<\/strong><\/td><td><strong>Ab CHF 2&#8217;90<span class=\"productPrice\">0.00 pro Privatflug<br \/><\/span><\/strong><\/td><\/tr><tr><td>Zus\u00e4tzliche Informationen<\/td><td>&#8211; Sie haben den Helikopter ausschlie\u00dflich f\u00fcr sich<br \/>&#8211; Sie bestimmen das Datum und die Uhrzeit des Abflugs<br \/>&#8211; Maximum 5 Pers.<\/td><\/tr><tr><td>Flugplatz<\/td><td><a href=\"https:\/\/www.google.ch\/maps\/place\/46%C2%B029'14.0%22N+7%C2%B014'37.1%22E\/@46.4873887,7.238248,774m\/data=!3m1!1e3!4m4!3m3!8m2!3d46.4872222!4d7.2436389?hl=fr&amp;entry=ttu\">Saanen<\/a><\/td><\/tr><tr><td>Flugzeit<\/td><td>60 Min.<\/td><\/tr><tr><td>Gesamtdauer<\/td><td>ca. 1,5 Std.<\/td><\/tr><tr><td>Termin<\/td><td>Per Telefon<\/td><\/tr><tr><td><a href=\"https:\/\/swissraft.outdoorbooking.ch\/fo\/products\/1760?base_id=234&amp;category_id=6&amp;order_type=gift_voucher&amp;lang=de\" target=\"_blank\" rel=\"noopener\"><button class=\"elementor-button\" type=\"button\">GUTSCHEIN \/ TICKET KAUFEN<\/button><\/a><\/td><td><strong>CHF 2&#8217;900.00 &#8211; Privatflug (1-5 Pers.)<\/strong><\/td><\/tr><tr><td>\u00a0<\/td><td><strong><em>WICHTIG !<\/em><\/strong><br \/><em>Um zu reservieren, rufen Sie die Nummer an, die sich oben links auf dem Gutschein \/ Ticket befindet.<\/em><\/td><\/tr><\/tbody><\/table>\t\t\t\t\t\t<\/div>\n\t\t\t\t<\/div>\n\t\t\t\t\t<\/div>\n\t\t<\/div>\n\t\t\t\t\t\t\t<\/div>\n\t\t<\/section>\n\t\t\t\t\t\t\t<\/div>\n\t\t","protected":false},"excerpt":{"rendered":"<div align=\"justify\">\n<h2 align=\"justify\">Zun\u00e4chst teilen Sie unserem Piloten Ihren Wunsch mit, indem Sie die Anzahl der Minuten angeben, die Sie w\u00fcnschen.<\/h2>\n<h3>Danach wird Ihnen unser Pilot helfen, Ihren Rundflug ab dem Flugplatz Saanen zu beenden und zu konkretisieren.<\/h3>\n<\/div>\n<div align=\"justify\">\n<p>Helikopterrundfl\u00fcge \u00c0 LA CARTE! Sie w\u00e4hlen Ihre Route entsprechend Ihrem Budget. Unser Pilot steht Ihnen mit Rat und Tat zur Seite und hilft Ihnen, Ihren Rundflug zu planen.<\/p>\n<p>Rundflug 1 : 20 Minuten Flug \u00e0 la carte<\/p>\n<p>Rundflug 2 : 30 Minuten Flug \u00e0 la carte<\/p>\n<p>Rundflug 3 : 45 Minuten Flugzeit \u00e0 la carte<\/p>\n<p>Rundflug 4 : 60 Minuten Flugzeit \u00e0 la carte<\/p>\n<h3>Auf dieser Website bieten wir Ihnen mehr als 150 Fl\u00fcge an, die f\u00fcr jedes Budget geeignet sind.<\/h3>\n<p id=\"textarea\" style=\"display: none;\">\nEbenso starten wir vom Hubschrauberlandeplatz Gstaad-Grund im Saanenland. Und immer noch im Berner Oberland starten wir von den Heliports Lenk-Simmental, Schattenhalb-Meiringen, Interlaken-Gsteigwiler und Lauterbrunnen. Aber wir haben auch Fl\u00fcge vom Flughafen Sion und den Helikopterlandepl\u00e4tzen Gampel und Collombey. Dar\u00fcber hinaus bieten wir Fl\u00fcge von Pfaffnau im Kanton Luzern und vom Heliport Erstfeld im Kanton Uri an. Aber auch vom Flugplatz \u00c9pagny im Greyerzerland im Kanton Freiburg. Au\u00dferdem starten wir vom Flugplatz Buttwil im Kanton Aargau. Wir fliegen auch in den Kanton Solothurn vom Flugplatz Grenchen aus. Dann haben wir auch Fl\u00fcge in den Kanton Schwyz vom Heliport K\u00fcssnacht aus. Zum einen fliegen wir mit dem Helikopter vom internationalen Flughafen Z\u00fcrich-Kloten und vom internationalen Flughafen Bern-Belp ab. Wir haben auch Fl\u00fcge vom Heliport in St. Moritz und der Flugplatz von Samedan. Wir bieten auch Fl\u00fcge von den Heliports in Untervaz, Flims und Tavanasa in Graub\u00fcnden an. Und au\u00dferdem starten wir in Liechtenstein in Balzers und auf dem Flugplatz Sitterdorf im Kanton Thurgau. Sowie im Tessin die Flugpl\u00e4tze von Locarno und Lodrino.\n<\/p>\n<p><a id=\"seeMore\" onclick=\"toggleSeeMore()\" href=\"javascript:void(0);\">Lesen Sie mehr<\/a><\/p>\n","protected":false},"featured_media":86479,"comment_status":"open","ping_status":"closed","template":"","meta":{"inline_featured_image":false,"_mi_skip_tracking":false},"product_cat":[263,369],"product_tag":[],"class_list":["post-91896","product","type-product","status-publish","has-post-thumbnail","hentry","product_cat-helikopterflug-in-der-schweiz","product_cat-helikopterflug-rundflug-saanen"],"yoast_head":"<!-- This site is optimized with the Yoast SEO plugin v23.6 - https:\/\/yoast.com\/wordpress\/plugins\/seo\/ -->\n<title>Rundflug \u00e0 la carte ab Saanen nach Wunsch mit Hilfe des Piloten<\/title>\n<meta name=\"description\" content=\"Rundflug \u00e0 la carte mit helikopter buchen. Sie entscheiden, welche Tour Sie machen m\u00f6chten. Unser Pilot wird Sie gerne beraten\" \/>\n<meta name=\"robots\" content=\"index, follow, max-snippet:-1, max-image-preview:large, max-video-preview:-1\" \/>\n<link rel=\"canonical\" href=\"https:\/\/www.swissraft.ch\/de\/produkt\/saanen-rundflug-a-la-carte\/\" \/>\n<meta property=\"og:locale\" content=\"de_DE\" \/>\n<meta property=\"og:type\" content=\"article\" \/>\n<meta property=\"og:title\" content=\"Rundflug \u00e0 la carte ab Saanen nach Wunsch mit Hilfe des Piloten\" \/>\n<meta property=\"og:description\" content=\"Rundflug \u00e0 la carte mit helikopter buchen. Sie entscheiden, welche Tour Sie machen m\u00f6chten. Unser Pilot wird Sie gerne beraten\" \/>\n<meta property=\"og:url\" content=\"https:\/\/www.swissraft.ch\/de\/produkt\/saanen-rundflug-a-la-carte\/\" \/>\n<meta property=\"og:site_name\" content=\"Swissraft\" \/>\n<meta property=\"article:modified_time\" content=\"2026-04-22T00:00:02+00:00\" \/>\n<meta property=\"og:image\" content=\"https:\/\/www.swissraft.ch\/wp-content\/uploads\/2022\/12\/6-SAANEN-Rundfluge-A-LA-CARTE-20-Minuten-776x776-2.jpg\" \/>\n\t<meta property=\"og:image:width\" content=\"776\" \/>\n\t<meta property=\"og:image:height\" content=\"776\" \/>\n\t<meta property=\"og:image:type\" content=\"image\/jpeg\" \/>\n<meta name=\"twitter:card\" content=\"summary_large_image\" \/>\n<meta name=\"twitter:label1\" content=\"Gesch\u00e4tzte Lesezeit\" \/>\n\t<meta name=\"twitter:data1\" content=\"2\u00a0Minuten\" \/>\n<script type=\"application\/ld+json\" class=\"yoast-schema-graph\">{\"@context\":\"https:\/\/schema.org\",\"@graph\":[{\"@type\":\"WebPage\",\"@id\":\"https:\/\/www.swissraft.ch\/de\/produkt\/saanen-rundflug-a-la-carte\/\",\"url\":\"https:\/\/www.swissraft.ch\/de\/produkt\/saanen-rundflug-a-la-carte\/\",\"name\":\"Rundflug \u00e0 la carte ab Saanen nach Wunsch mit Hilfe des Piloten\",\"isPartOf\":{\"@id\":\"https:\/\/www.swissraft.ch\/de\/#website\"},\"primaryImageOfPage\":{\"@id\":\"https:\/\/www.swissraft.ch\/de\/produkt\/saanen-rundflug-a-la-carte\/#primaryimage\"},\"image\":{\"@id\":\"https:\/\/www.swissraft.ch\/de\/produkt\/saanen-rundflug-a-la-carte\/#primaryimage\"},\"thumbnailUrl\":\"https:\/\/www.swissraft.ch\/wp-content\/uploads\/2022\/12\/6-SAANEN-Rundfluge-A-LA-CARTE-20-Minuten-776x776-2.jpg\",\"datePublished\":\"2022-12-10T17:25:30+00:00\",\"dateModified\":\"2026-04-22T00:00:02+00:00\",\"description\":\"Rundflug \u00e0 la carte mit helikopter buchen. Sie entscheiden, welche Tour Sie machen m\u00f6chten. Unser Pilot wird Sie gerne beraten\",\"breadcrumb\":{\"@id\":\"https:\/\/www.swissraft.ch\/de\/produkt\/saanen-rundflug-a-la-carte\/#breadcrumb\"},\"inLanguage\":\"de\",\"potentialAction\":[{\"@type\":\"ReadAction\",\"target\":[\"https:\/\/www.swissraft.ch\/de\/produkt\/saanen-rundflug-a-la-carte\/\"]}]},{\"@type\":\"ImageObject\",\"inLanguage\":\"de\",\"@id\":\"https:\/\/www.swissraft.ch\/de\/produkt\/saanen-rundflug-a-la-carte\/#primaryimage\",\"url\":\"https:\/\/www.swissraft.ch\/wp-content\/uploads\/2022\/12\/6-SAANEN-Rundfluge-A-LA-CARTE-20-Minuten-776x776-2.jpg\",\"contentUrl\":\"https:\/\/www.swissraft.ch\/wp-content\/uploads\/2022\/12\/6-SAANEN-Rundfluge-A-LA-CARTE-20-Minuten-776x776-2.jpg\",\"width\":776,\"height\":776,\"caption\":\"Saanen - Helikopterflug \u00e0 la carte\"},{\"@type\":\"BreadcrumbList\",\"@id\":\"https:\/\/www.swissraft.ch\/de\/produkt\/saanen-rundflug-a-la-carte\/#breadcrumb\",\"itemListElement\":[{\"@type\":\"ListItem\",\"position\":1,\"name\":\"Accueil\",\"item\":\"https:\/\/www.swissraft.ch\/de\/\"},{\"@type\":\"ListItem\",\"position\":2,\"name\":\"Shop\",\"item\":\"https:\/\/www.swissraft.ch\/de\/shop\/\"},{\"@type\":\"ListItem\",\"position\":3,\"name\":\"Helikopterflug &#8211; Saanen &#8211; \u00c0 la carte &#8211; Ab 20 Min. &#8211; Ab CHF 1000.00\"}]},{\"@type\":\"WebSite\",\"@id\":\"https:\/\/www.swissraft.ch\/de\/#website\",\"url\":\"https:\/\/www.swissraft.ch\/de\/\",\"name\":\"Swissraft\",\"description\":\"To enjoy nature as it is\",\"publisher\":{\"@id\":\"https:\/\/www.swissraft.ch\/de\/#organization\"},\"potentialAction\":[{\"@type\":\"SearchAction\",\"target\":{\"@type\":\"EntryPoint\",\"urlTemplate\":\"https:\/\/www.swissraft.ch\/de\/?s={search_term_string}\"},\"query-input\":{\"@type\":\"PropertyValueSpecification\",\"valueRequired\":true,\"valueName\":\"search_term_string\"}}],\"inLanguage\":\"de\"},{\"@type\":\"Organization\",\"@id\":\"https:\/\/www.swissraft.ch\/de\/#organization\",\"name\":\"Swissraft\",\"url\":\"https:\/\/www.swissraft.ch\/de\/\",\"logo\":{\"@type\":\"ImageObject\",\"inLanguage\":\"de\",\"@id\":\"https:\/\/www.swissraft.ch\/de\/#\/schema\/logo\/image\/\",\"url\":\"https:\/\/www.swissraft.ch\/wp-content\/uploads\/2025\/09\/Capture.jpg\",\"contentUrl\":\"https:\/\/www.swissraft.ch\/wp-content\/uploads\/2025\/09\/Capture.jpg\",\"width\":293,\"height\":108,\"caption\":\"Swissraft\"},\"image\":{\"@id\":\"https:\/\/www.swissraft.ch\/de\/#\/schema\/logo\/image\/\"}}]}<\/script>\n<!-- \/ Yoast SEO plugin. -->","yoast_head_json":{"title":"Rundflug \u00e0 la carte ab Saanen nach Wunsch mit Hilfe des Piloten","description":"Rundflug \u00e0 la carte mit helikopter buchen. Sie entscheiden, welche Tour Sie machen m\u00f6chten. Unser Pilot wird Sie gerne beraten","robots":{"index":"index","follow":"follow","max-snippet":"max-snippet:-1","max-image-preview":"max-image-preview:large","max-video-preview":"max-video-preview:-1"},"canonical":"https:\/\/www.swissraft.ch\/de\/produkt\/saanen-rundflug-a-la-carte\/","og_locale":"de_DE","og_type":"article","og_title":"Rundflug \u00e0 la carte ab Saanen nach Wunsch mit Hilfe des Piloten","og_description":"Rundflug \u00e0 la carte mit helikopter buchen. Sie entscheiden, welche Tour Sie machen m\u00f6chten. Unser Pilot wird Sie gerne beraten","og_url":"https:\/\/www.swissraft.ch\/de\/produkt\/saanen-rundflug-a-la-carte\/","og_site_name":"Swissraft","article_modified_time":"2026-04-22T00:00:02+00:00","og_image":[{"width":776,"height":776,"url":"https:\/\/www.swissraft.ch\/wp-content\/uploads\/2022\/12\/6-SAANEN-Rundfluge-A-LA-CARTE-20-Minuten-776x776-2.jpg","type":"image\/jpeg"}],"twitter_card":"summary_large_image","twitter_misc":{"Gesch\u00e4tzte Lesezeit":"2\u00a0Minuten"},"schema":{"@context":"https:\/\/schema.org","@graph":[{"@type":"WebPage","@id":"https:\/\/www.swissraft.ch\/de\/produkt\/saanen-rundflug-a-la-carte\/","url":"https:\/\/www.swissraft.ch\/de\/produkt\/saanen-rundflug-a-la-carte\/","name":"Rundflug \u00e0 la carte ab Saanen nach Wunsch mit Hilfe des Piloten","isPartOf":{"@id":"https:\/\/www.swissraft.ch\/de\/#website"},"primaryImageOfPage":{"@id":"https:\/\/www.swissraft.ch\/de\/produkt\/saanen-rundflug-a-la-carte\/#primaryimage"},"image":{"@id":"https:\/\/www.swissraft.ch\/de\/produkt\/saanen-rundflug-a-la-carte\/#primaryimage"},"thumbnailUrl":"https:\/\/www.swissraft.ch\/wp-content\/uploads\/2022\/12\/6-SAANEN-Rundfluge-A-LA-CARTE-20-Minuten-776x776-2.jpg","datePublished":"2022-12-10T17:25:30+00:00","dateModified":"2026-04-22T00:00:02+00:00","description":"Rundflug \u00e0 la carte mit helikopter buchen. Sie entscheiden, welche Tour Sie machen m\u00f6chten. Unser Pilot wird Sie gerne beraten","breadcrumb":{"@id":"https:\/\/www.swissraft.ch\/de\/produkt\/saanen-rundflug-a-la-carte\/#breadcrumb"},"inLanguage":"de","potentialAction":[{"@type":"ReadAction","target":["https:\/\/www.swissraft.ch\/de\/produkt\/saanen-rundflug-a-la-carte\/"]}]},{"@type":"ImageObject","inLanguage":"de","@id":"https:\/\/www.swissraft.ch\/de\/produkt\/saanen-rundflug-a-la-carte\/#primaryimage","url":"https:\/\/www.swissraft.ch\/wp-content\/uploads\/2022\/12\/6-SAANEN-Rundfluge-A-LA-CARTE-20-Minuten-776x776-2.jpg","contentUrl":"https:\/\/www.swissraft.ch\/wp-content\/uploads\/2022\/12\/6-SAANEN-Rundfluge-A-LA-CARTE-20-Minuten-776x776-2.jpg","width":776,"height":776,"caption":"Saanen - Helikopterflug \u00e0 la carte"},{"@type":"BreadcrumbList","@id":"https:\/\/www.swissraft.ch\/de\/produkt\/saanen-rundflug-a-la-carte\/#breadcrumb","itemListElement":[{"@type":"ListItem","position":1,"name":"Accueil","item":"https:\/\/www.swissraft.ch\/de\/"},{"@type":"ListItem","position":2,"name":"Shop","item":"https:\/\/www.swissraft.ch\/de\/shop\/"},{"@type":"ListItem","position":3,"name":"Helikopterflug &#8211; Saanen &#8211; \u00c0 la carte &#8211; Ab 20 Min. &#8211; Ab CHF 1000.00"}]},{"@type":"WebSite","@id":"https:\/\/www.swissraft.ch\/de\/#website","url":"https:\/\/www.swissraft.ch\/de\/","name":"Swissraft","description":"To enjoy nature as it is","publisher":{"@id":"https:\/\/www.swissraft.ch\/de\/#organization"},"potentialAction":[{"@type":"SearchAction","target":{"@type":"EntryPoint","urlTemplate":"https:\/\/www.swissraft.ch\/de\/?s={search_term_string}"},"query-input":{"@type":"PropertyValueSpecification","valueRequired":true,"valueName":"search_term_string"}}],"inLanguage":"de"},{"@type":"Organization","@id":"https:\/\/www.swissraft.ch\/de\/#organization","name":"Swissraft","url":"https:\/\/www.swissraft.ch\/de\/","logo":{"@type":"ImageObject","inLanguage":"de","@id":"https:\/\/www.swissraft.ch\/de\/#\/schema\/logo\/image\/","url":"https:\/\/www.swissraft.ch\/wp-content\/uploads\/2025\/09\/Capture.jpg","contentUrl":"https:\/\/www.swissraft.ch\/wp-content\/uploads\/2025\/09\/Capture.jpg","width":293,"height":108,"caption":"Swissraft"},"image":{"@id":"https:\/\/www.swissraft.ch\/de\/#\/schema\/logo\/image\/"}}]}},"_links":{"self":[{"href":"https:\/\/www.swissraft.ch\/de\/wp-json\/wp\/v2\/product\/91896","targetHints":{"allow":["GET"]}}],"collection":[{"href":"https:\/\/www.swissraft.ch\/de\/wp-json\/wp\/v2\/product"}],"about":[{"href":"https:\/\/www.swissraft.ch\/de\/wp-json\/wp\/v2\/types\/product"}],"replies":[{"embeddable":true,"href":"https:\/\/www.swissraft.ch\/de\/wp-json\/wp\/v2\/comments?post=91896"}],"version-history":[{"count":25,"href":"https:\/\/www.swissraft.ch\/de\/wp-json\/wp\/v2\/product\/91896\/revisions"}],"predecessor-version":[{"id":141346,"href":"https:\/\/www.swissraft.ch\/de\/wp-json\/wp\/v2\/product\/91896\/revisions\/141346"}],"wp:featuredmedia":[{"embeddable":true,"href":"https:\/\/www.swissraft.ch\/de\/wp-json\/wp\/v2\/media\/86479"}],"wp:attachment":[{"href":"https:\/\/www.swissraft.ch\/de\/wp-json\/wp\/v2\/media?parent=91896"}],"wp:term":[{"taxonomy":"product_cat","embeddable":true,"href":"https:\/\/www.swissraft.ch\/de\/wp-json\/wp\/v2\/product_cat?post=91896"},{"taxonomy":"product_tag","embeddable":true,"href":"https:\/\/www.swissraft.ch\/de\/wp-json\/wp\/v2\/product_tag?post=91896"}],"curies":[{"name":"wp","href":"https:\/\/api.w.org\/{rel}","templated":true}]}}