{"id":91892,"date":"2022-12-10T15:33:40","date_gmt":"2022-12-10T14:33:40","guid":{"rendered":"https:\/\/swissraft.xyanzkdne.eu\/product\/hubschrauberflug-von-lenk-simmental-die-lenk-und-die-alpen-25-min-chf-1660-00\/"},"modified":"2026-04-19T07:04:00","modified_gmt":"2026-04-19T05:04:00","slug":"lenk-simmental-rundflug-grosser-lenker-alpenflug","status":"publish","type":"product","link":"https:\/\/www.swissraft.ch\/de\/produkt\/lenk-simmental-rundflug-grosser-lenker-alpenflug\/","title":{"rendered":"Helikopterflug &#8211; Lenk-Simmental &#8211; Grosser Lenker Alpenflug &#8211; 25 Min. &#8211; CHF 1&#8217;660.00"},"content":{"rendered":"\t\t<div data-elementor-type=\"wp-post\" data-elementor-id=\"91892\" class=\"elementor elementor-91892 elementor-29488\">\n\t\t\t\t\t\t\t\t\t<section class=\"elementor-section elementor-top-section elementor-element elementor-element-3303a7e3 elementor-section-boxed elementor-section-height-default elementor-section-height-default\" data-id=\"3303a7e3\" data-element_type=\"section\">\n\t\t\t\t\t\t<div class=\"elementor-container elementor-column-gap-default\">\n\t\t\t\t\t<div class=\"elementor-column elementor-col-100 elementor-top-column elementor-element elementor-element-16d72dbf\" data-id=\"16d72dbf\" data-element_type=\"column\">\n\t\t\t<div class=\"elementor-widget-wrap elementor-element-populated\">\n\t\t\t\t\t\t\t\t<div class=\"elementor-element elementor-element-d743c03 elementor-widget elementor-widget-text-editor\" data-id=\"d743c03\" data-element_type=\"widget\" data-widget_type=\"text-editor.default\">\n\t\t\t\t<div class=\"elementor-widget-container\">\n\t\t\t\t\t\t\t<h2>W\u00c4HLEN SIE UNTEN IHRE AKTIVIT\u00c4T AUS, UM GESCHENKGUTSCHEINE \/ TICKETS ZU VERSCHENKEN ODER ZU BUCHEN<\/h2><table style=\"height: 290px;\" border=\"0\" width=\"580\" cellspacing=\"10\" cellpadding=\"10\"><tbody><tr><td width=\"50%\"><strong><strong><strong>RUNDFLUG &#8211; GROSSER LENKER ALPENFLUG &#8211; PRIVATFLUG (1-5 pax) &#8211; 25 Min.<\/strong><\/strong><\/strong><\/td><td><strong><span style=\"background-color: #ffffff;\">CHF 1&#8217;660.00 pro Privatflug<\/span><\/strong><span style=\"font-weight: bold; background-color: #ffffff;\"><br \/><\/span><\/td><\/tr><tr><td>Zus\u00e4tzliche Informationen\u00a0<\/td><td>&#8211; Sie haben den Helikopter ausschlie\u00dflich f\u00fcr sich<br \/>&#8211; Sie bestimmen das Datum und die Uhrzeit des Abflugs<br \/>&#8211; Maximal 5 Pers.<\/td><\/tr><tr><td>Heliport<\/td><td><a href=\"https:\/\/www.google.com\/maps\/place\/46%C2%B026'28.6%22N+7%C2%B027'25.6%22E\/@46.4413084,7.4549019,389m\/data=!3m1!1e3!4m4!3m3!8m2!3d46.4412778!4d7.4571111?entry=ttu\">Metschbahn-Station<\/a><\/td><\/tr><tr><td>Flugzeit<\/td><td>25 Min.<\/td><\/tr><tr><td>Gesamtdauer<\/td><td>ca. 1 Std.<\/td><\/tr><tr><td>Termin<\/td><td>Per Telefon<\/td><\/tr><tr><td><button class=\"elementor-button\" type=\"button\"><a href=\"https:\/\/swissraft.outdoorbooking.ch\/fo\/products\/1623?base_id=242&amp;category_id=6&amp;order_type=gift_voucher&amp;lang=de\" target=\"_blank\" rel=\"noopener\">GUTSCHEIN \/ TICKET KAUFEN<\/a><\/button><\/td><td><strong><em>WICHTIG !<\/em><\/strong><br \/><em>Um zu reservieren, rufen Sie die Nummer an, die sich oben links auf dem Gutschein \/ Ticket befindet.<\/em><\/td><\/tr><\/tbody><\/table>\t\t\t\t\t\t<\/div>\n\t\t\t\t<\/div>\n\t\t\t\t\t<\/div>\n\t\t<\/div>\n\t\t\t\t\t\t\t<\/div>\n\t\t<\/section>\n\t\t\t\t\t\t\t<\/div>\n\t\t","protected":false},"excerpt":{"rendered":"<div align=\"justify\">\n<h2 align=\"justify\">Mit diesem 25-min\u00fctigen Flug von der Metschbahn-Station in Lenk haben Sie eine Kombination aus Alpen, T\u00e4lern und D\u00f6rfern.<\/h2>\n<h3>Sie werden einen fantastischen Flug \u00fcber Gipfel, Gletscher und wundersch\u00f6ne Wiesen erleben &#8211; und das alles im Berner Oberland.<\/h3>\n<\/div>\n<div align=\"justify\">\n<p>Von Lenk aus fahren wir nach Adelboden, zum Gemmipass und zum Gletscher der toten Ebene. Danach fliegen Sie \u00fcber das majest\u00e4tische Wildhorn.<\/p>\n<h3>Swissraft Services Int. bietet mehr als 150 Hubschrauberrundfl\u00fcge in der ganzen Schweiz an&#8230;<\/h3>\n<p id=\"textarea\" style=\"display: none;\">\nWir haben auch Rundfl\u00fcge ab dem Hubschrauberlandeplatz Gstaad-Grund im Saanenland und dem Flugplatz Saanen im Angebot. Ebenso von den Heliports Schattenhalb-Meiringen, Interlaken-Gsteigwiler und Lauterbrunnen im Berner Oberland. Aber auch von den Hubschrauberlandepl\u00e4tzen Erstfeld im Kanton Uri und Pfaffnau im Kanton Luzern. Aber auch im Wallis starten wir von Collombey und Gampel sowie vom Flughafen Sitten. Au\u00dferdem bieten wir Fl\u00fcge ab dem Flugplatz von \u00c9pagny im Greyerzerland an. Wir bieten auch Rundfl\u00fcge im Aargau an, die vom Flugplatz Buttwil aus starten. Wir fliegen auch vom Flugplatz Grenchen im Kanton Solothurn aus. Zum einen haben wir Helikopterrundfl\u00fcge vom internationalen Flughafen Bern-Belp aus im Angebot. Au\u00dferdem bieten wir Rundfl\u00fcge vom internationalen Flughafen Z\u00fcrich-Kloten an. Sowie vom Heliport K\u00fcssnacht im Kanton Schwyz. Au\u00dferdem bieten wir im Winter Fl\u00fcge ab St. Moritz und ganzj\u00e4hrige Fl\u00fcge von Samedan. Dar\u00fcber hinaus haben wir immer Fl\u00fcge in Graub\u00fcnden von den Heliports Untervaz, Flims und Tavanasa aus. Wir bieten auch Fl\u00fcge aus dem Tessin von den Flugpl\u00e4tzen Lodrino und Locarno-Magadino an. Ebenso starten wir in Liechtenstein vom Heliport Balzers und vom Flugplatz Sitterdorf im Thurgau.\n<\/p>\n<p><a id=\"seeMore\" onclick=\"toggleSeeMore()\" href=\"javascript:void(0);\">Lesen Sie mehr<\/a><\/p>\n","protected":false},"featured_media":86344,"comment_status":"open","ping_status":"closed","template":"","meta":{"inline_featured_image":false,"_mi_skip_tracking":false},"product_cat":[263,368],"product_tag":[],"class_list":["post-91892","product","type-product","status-publish","has-post-thumbnail","hentry","product_cat-helikopterflug-in-der-schweiz","product_cat-helikopterflug-rundflug-lenk-simmental"],"yoast_head":"<!-- This site is optimized with the Yoast SEO plugin v23.6 - https:\/\/yoast.com\/wordpress\/plugins\/seo\/ -->\n<title>Rundflug Grosser Lenker Alpenflug ab Lenk mit dem Helikopter<\/title>\n<meta name=\"description\" content=\"Rundflug Grosser Lenker Alpenflug von Lenk aus in einem 25-min\u00fctigen Hubschrauberflug. Sie fliegen \u00fcber die Gipfel und Ebenen der Berner Alpen. Ein Zauber\" \/>\n<meta name=\"robots\" content=\"index, follow, max-snippet:-1, max-image-preview:large, max-video-preview:-1\" \/>\n<link rel=\"canonical\" href=\"https:\/\/www.swissraft.ch\/de\/produkt\/lenk-simmental-rundflug-grosser-lenker-alpenflug\/\" \/>\n<meta property=\"og:locale\" content=\"de_DE\" \/>\n<meta property=\"og:type\" content=\"article\" \/>\n<meta property=\"og:title\" content=\"Rundflug Grosser Lenker Alpenflug ab Lenk mit dem Helikopter\" \/>\n<meta property=\"og:description\" content=\"Rundflug Grosser Lenker Alpenflug von Lenk aus in einem 25-min\u00fctigen Hubschrauberflug. Sie fliegen \u00fcber die Gipfel und Ebenen der Berner Alpen. Ein Zauber\" \/>\n<meta property=\"og:url\" content=\"https:\/\/www.swissraft.ch\/de\/produkt\/lenk-simmental-rundflug-grosser-lenker-alpenflug\/\" \/>\n<meta property=\"og:site_name\" content=\"Swissraft\" \/>\n<meta property=\"article:modified_time\" content=\"2026-04-19T05:04:00+00:00\" \/>\n<meta property=\"og:image\" content=\"https:\/\/www.swissraft.ch\/wp-content\/uploads\/2022\/12\/2-LENK-SIMMENTAL-Wildhorn-776x776-2.jpg\" \/>\n\t<meta property=\"og:image:width\" content=\"776\" \/>\n\t<meta property=\"og:image:height\" content=\"776\" \/>\n\t<meta property=\"og:image:type\" content=\"image\/jpeg\" \/>\n<meta name=\"twitter:card\" content=\"summary_large_image\" \/>\n<meta name=\"twitter:label1\" content=\"Gesch\u00e4tzte Lesezeit\" \/>\n\t<meta name=\"twitter:data1\" content=\"1\u00a0Minute\" \/>\n<script type=\"application\/ld+json\" class=\"yoast-schema-graph\">{\"@context\":\"https:\/\/schema.org\",\"@graph\":[{\"@type\":\"WebPage\",\"@id\":\"https:\/\/www.swissraft.ch\/de\/produkt\/lenk-simmental-rundflug-grosser-lenker-alpenflug\/\",\"url\":\"https:\/\/www.swissraft.ch\/de\/produkt\/lenk-simmental-rundflug-grosser-lenker-alpenflug\/\",\"name\":\"Rundflug Grosser Lenker Alpenflug ab Lenk mit dem Helikopter\",\"isPartOf\":{\"@id\":\"https:\/\/www.swissraft.ch\/de\/#website\"},\"primaryImageOfPage\":{\"@id\":\"https:\/\/www.swissraft.ch\/de\/produkt\/lenk-simmental-rundflug-grosser-lenker-alpenflug\/#primaryimage\"},\"image\":{\"@id\":\"https:\/\/www.swissraft.ch\/de\/produkt\/lenk-simmental-rundflug-grosser-lenker-alpenflug\/#primaryimage\"},\"thumbnailUrl\":\"https:\/\/www.swissraft.ch\/wp-content\/uploads\/2022\/12\/2-LENK-SIMMENTAL-Wildhorn-776x776-2.jpg\",\"datePublished\":\"2022-12-10T14:33:40+00:00\",\"dateModified\":\"2026-04-19T05:04:00+00:00\",\"description\":\"Rundflug Grosser Lenker Alpenflug von Lenk aus in einem 25-min\u00fctigen Hubschrauberflug. Sie fliegen \u00fcber die Gipfel und Ebenen der Berner Alpen. Ein Zauber\",\"breadcrumb\":{\"@id\":\"https:\/\/www.swissraft.ch\/de\/produkt\/lenk-simmental-rundflug-grosser-lenker-alpenflug\/#breadcrumb\"},\"inLanguage\":\"de\",\"potentialAction\":[{\"@type\":\"ReadAction\",\"target\":[\"https:\/\/www.swissraft.ch\/de\/produkt\/lenk-simmental-rundflug-grosser-lenker-alpenflug\/\"]}]},{\"@type\":\"ImageObject\",\"inLanguage\":\"de\",\"@id\":\"https:\/\/www.swissraft.ch\/de\/produkt\/lenk-simmental-rundflug-grosser-lenker-alpenflug\/#primaryimage\",\"url\":\"https:\/\/www.swissraft.ch\/wp-content\/uploads\/2022\/12\/2-LENK-SIMMENTAL-Wildhorn-776x776-2.jpg\",\"contentUrl\":\"https:\/\/www.swissraft.ch\/wp-content\/uploads\/2022\/12\/2-LENK-SIMMENTAL-Wildhorn-776x776-2.jpg\",\"width\":776,\"height\":776,\"caption\":\"Grosser Lenker Alpenflug mit dem Helikopter\"},{\"@type\":\"BreadcrumbList\",\"@id\":\"https:\/\/www.swissraft.ch\/de\/produkt\/lenk-simmental-rundflug-grosser-lenker-alpenflug\/#breadcrumb\",\"itemListElement\":[{\"@type\":\"ListItem\",\"position\":1,\"name\":\"Accueil\",\"item\":\"https:\/\/www.swissraft.ch\/de\/\"},{\"@type\":\"ListItem\",\"position\":2,\"name\":\"Shop\",\"item\":\"https:\/\/www.swissraft.ch\/de\/shop\/\"},{\"@type\":\"ListItem\",\"position\":3,\"name\":\"Helikopterflug &#8211; Lenk-Simmental &#8211; Grosser Lenker Alpenflug &#8211; 25 Min. &#8211; CHF 1&rsquo;660.00\"}]},{\"@type\":\"WebSite\",\"@id\":\"https:\/\/www.swissraft.ch\/de\/#website\",\"url\":\"https:\/\/www.swissraft.ch\/de\/\",\"name\":\"Swissraft\",\"description\":\"To enjoy nature as it is\",\"publisher\":{\"@id\":\"https:\/\/www.swissraft.ch\/de\/#organization\"},\"potentialAction\":[{\"@type\":\"SearchAction\",\"target\":{\"@type\":\"EntryPoint\",\"urlTemplate\":\"https:\/\/www.swissraft.ch\/de\/?s={search_term_string}\"},\"query-input\":{\"@type\":\"PropertyValueSpecification\",\"valueRequired\":true,\"valueName\":\"search_term_string\"}}],\"inLanguage\":\"de\"},{\"@type\":\"Organization\",\"@id\":\"https:\/\/www.swissraft.ch\/de\/#organization\",\"name\":\"Swissraft\",\"url\":\"https:\/\/www.swissraft.ch\/de\/\",\"logo\":{\"@type\":\"ImageObject\",\"inLanguage\":\"de\",\"@id\":\"https:\/\/www.swissraft.ch\/de\/#\/schema\/logo\/image\/\",\"url\":\"https:\/\/www.swissraft.ch\/wp-content\/uploads\/2025\/09\/Capture.jpg\",\"contentUrl\":\"https:\/\/www.swissraft.ch\/wp-content\/uploads\/2025\/09\/Capture.jpg\",\"width\":293,\"height\":108,\"caption\":\"Swissraft\"},\"image\":{\"@id\":\"https:\/\/www.swissraft.ch\/de\/#\/schema\/logo\/image\/\"}}]}<\/script>\n<!-- \/ Yoast SEO plugin. -->","yoast_head_json":{"title":"Rundflug Grosser Lenker Alpenflug ab Lenk mit dem Helikopter","description":"Rundflug Grosser Lenker Alpenflug von Lenk aus in einem 25-min\u00fctigen Hubschrauberflug. Sie fliegen \u00fcber die Gipfel und Ebenen der Berner Alpen. Ein Zauber","robots":{"index":"index","follow":"follow","max-snippet":"max-snippet:-1","max-image-preview":"max-image-preview:large","max-video-preview":"max-video-preview:-1"},"canonical":"https:\/\/www.swissraft.ch\/de\/produkt\/lenk-simmental-rundflug-grosser-lenker-alpenflug\/","og_locale":"de_DE","og_type":"article","og_title":"Rundflug Grosser Lenker Alpenflug ab Lenk mit dem Helikopter","og_description":"Rundflug Grosser Lenker Alpenflug von Lenk aus in einem 25-min\u00fctigen Hubschrauberflug. Sie fliegen \u00fcber die Gipfel und Ebenen der Berner Alpen. Ein Zauber","og_url":"https:\/\/www.swissraft.ch\/de\/produkt\/lenk-simmental-rundflug-grosser-lenker-alpenflug\/","og_site_name":"Swissraft","article_modified_time":"2026-04-19T05:04:00+00:00","og_image":[{"width":776,"height":776,"url":"https:\/\/www.swissraft.ch\/wp-content\/uploads\/2022\/12\/2-LENK-SIMMENTAL-Wildhorn-776x776-2.jpg","type":"image\/jpeg"}],"twitter_card":"summary_large_image","twitter_misc":{"Gesch\u00e4tzte Lesezeit":"1\u00a0Minute"},"schema":{"@context":"https:\/\/schema.org","@graph":[{"@type":"WebPage","@id":"https:\/\/www.swissraft.ch\/de\/produkt\/lenk-simmental-rundflug-grosser-lenker-alpenflug\/","url":"https:\/\/www.swissraft.ch\/de\/produkt\/lenk-simmental-rundflug-grosser-lenker-alpenflug\/","name":"Rundflug Grosser Lenker Alpenflug ab Lenk mit dem Helikopter","isPartOf":{"@id":"https:\/\/www.swissraft.ch\/de\/#website"},"primaryImageOfPage":{"@id":"https:\/\/www.swissraft.ch\/de\/produkt\/lenk-simmental-rundflug-grosser-lenker-alpenflug\/#primaryimage"},"image":{"@id":"https:\/\/www.swissraft.ch\/de\/produkt\/lenk-simmental-rundflug-grosser-lenker-alpenflug\/#primaryimage"},"thumbnailUrl":"https:\/\/www.swissraft.ch\/wp-content\/uploads\/2022\/12\/2-LENK-SIMMENTAL-Wildhorn-776x776-2.jpg","datePublished":"2022-12-10T14:33:40+00:00","dateModified":"2026-04-19T05:04:00+00:00","description":"Rundflug Grosser Lenker Alpenflug von Lenk aus in einem 25-min\u00fctigen Hubschrauberflug. Sie fliegen \u00fcber die Gipfel und Ebenen der Berner Alpen. Ein Zauber","breadcrumb":{"@id":"https:\/\/www.swissraft.ch\/de\/produkt\/lenk-simmental-rundflug-grosser-lenker-alpenflug\/#breadcrumb"},"inLanguage":"de","potentialAction":[{"@type":"ReadAction","target":["https:\/\/www.swissraft.ch\/de\/produkt\/lenk-simmental-rundflug-grosser-lenker-alpenflug\/"]}]},{"@type":"ImageObject","inLanguage":"de","@id":"https:\/\/www.swissraft.ch\/de\/produkt\/lenk-simmental-rundflug-grosser-lenker-alpenflug\/#primaryimage","url":"https:\/\/www.swissraft.ch\/wp-content\/uploads\/2022\/12\/2-LENK-SIMMENTAL-Wildhorn-776x776-2.jpg","contentUrl":"https:\/\/www.swissraft.ch\/wp-content\/uploads\/2022\/12\/2-LENK-SIMMENTAL-Wildhorn-776x776-2.jpg","width":776,"height":776,"caption":"Grosser Lenker Alpenflug mit dem Helikopter"},{"@type":"BreadcrumbList","@id":"https:\/\/www.swissraft.ch\/de\/produkt\/lenk-simmental-rundflug-grosser-lenker-alpenflug\/#breadcrumb","itemListElement":[{"@type":"ListItem","position":1,"name":"Accueil","item":"https:\/\/www.swissraft.ch\/de\/"},{"@type":"ListItem","position":2,"name":"Shop","item":"https:\/\/www.swissraft.ch\/de\/shop\/"},{"@type":"ListItem","position":3,"name":"Helikopterflug &#8211; Lenk-Simmental &#8211; Grosser Lenker Alpenflug &#8211; 25 Min. &#8211; CHF 1&rsquo;660.00"}]},{"@type":"WebSite","@id":"https:\/\/www.swissraft.ch\/de\/#website","url":"https:\/\/www.swissraft.ch\/de\/","name":"Swissraft","description":"To enjoy nature as it is","publisher":{"@id":"https:\/\/www.swissraft.ch\/de\/#organization"},"potentialAction":[{"@type":"SearchAction","target":{"@type":"EntryPoint","urlTemplate":"https:\/\/www.swissraft.ch\/de\/?s={search_term_string}"},"query-input":{"@type":"PropertyValueSpecification","valueRequired":true,"valueName":"search_term_string"}}],"inLanguage":"de"},{"@type":"Organization","@id":"https:\/\/www.swissraft.ch\/de\/#organization","name":"Swissraft","url":"https:\/\/www.swissraft.ch\/de\/","logo":{"@type":"ImageObject","inLanguage":"de","@id":"https:\/\/www.swissraft.ch\/de\/#\/schema\/logo\/image\/","url":"https:\/\/www.swissraft.ch\/wp-content\/uploads\/2025\/09\/Capture.jpg","contentUrl":"https:\/\/www.swissraft.ch\/wp-content\/uploads\/2025\/09\/Capture.jpg","width":293,"height":108,"caption":"Swissraft"},"image":{"@id":"https:\/\/www.swissraft.ch\/de\/#\/schema\/logo\/image\/"}}]}},"_links":{"self":[{"href":"https:\/\/www.swissraft.ch\/de\/wp-json\/wp\/v2\/product\/91892","targetHints":{"allow":["GET"]}}],"collection":[{"href":"https:\/\/www.swissraft.ch\/de\/wp-json\/wp\/v2\/product"}],"about":[{"href":"https:\/\/www.swissraft.ch\/de\/wp-json\/wp\/v2\/types\/product"}],"replies":[{"embeddable":true,"href":"https:\/\/www.swissraft.ch\/de\/wp-json\/wp\/v2\/comments?post=91892"}],"version-history":[{"count":10,"href":"https:\/\/www.swissraft.ch\/de\/wp-json\/wp\/v2\/product\/91892\/revisions"}],"predecessor-version":[{"id":141154,"href":"https:\/\/www.swissraft.ch\/de\/wp-json\/wp\/v2\/product\/91892\/revisions\/141154"}],"wp:featuredmedia":[{"embeddable":true,"href":"https:\/\/www.swissraft.ch\/de\/wp-json\/wp\/v2\/media\/86344"}],"wp:attachment":[{"href":"https:\/\/www.swissraft.ch\/de\/wp-json\/wp\/v2\/media?parent=91892"}],"wp:term":[{"taxonomy":"product_cat","embeddable":true,"href":"https:\/\/www.swissraft.ch\/de\/wp-json\/wp\/v2\/product_cat?post=91892"},{"taxonomy":"product_tag","embeddable":true,"href":"https:\/\/www.swissraft.ch\/de\/wp-json\/wp\/v2\/product_tag?post=91892"}],"curies":[{"name":"wp","href":"https:\/\/api.w.org\/{rel}","templated":true}]}}