{"id":91891,"date":"2022-12-10T14:43:17","date_gmt":"2022-12-10T13:43:17","guid":{"rendered":"https:\/\/swissraft.xyanzkdne.eu\/product\/hubschrauberflug-von-lauterbrunnen-der-mythische-cervin-70-min-chf-3-276-00\/"},"modified":"2025-04-15T23:44:51","modified_gmt":"2025-04-15T21:44:51","slug":"hubschrauberflug-von-lauterbrunnen-der-mythische-cervin-70-min-chf-3-276-00","status":"publish","type":"product","link":"https:\/\/www.swissraft.ch\/de\/produkt\/hubschrauberflug-von-lauterbrunnen-der-mythische-cervin-70-min-chf-3-276-00\/","title":{"rendered":"Helikopterflug von LAUTERBRUNNEN &#8211; DAS MYTHISCHE MATTERHORN &#8211; 70 Min. &#8211; CHF 3&#8217;400.00"},"content":{"rendered":"\t\t<div data-elementor-type=\"wp-post\" data-elementor-id=\"91891\" class=\"elementor elementor-91891 elementor-29452\">\n\t\t\t\t\t\t\t\t\t<section class=\"elementor-section elementor-top-section elementor-element elementor-element-3303a7e3 elementor-section-boxed elementor-section-height-default elementor-section-height-default\" data-id=\"3303a7e3\" data-element_type=\"section\">\n\t\t\t\t\t\t<div class=\"elementor-container elementor-column-gap-default\">\n\t\t\t\t\t<div class=\"elementor-column elementor-col-100 elementor-top-column elementor-element elementor-element-16d72dbf\" data-id=\"16d72dbf\" data-element_type=\"column\">\n\t\t\t<div class=\"elementor-widget-wrap elementor-element-populated\">\n\t\t\t\t\t\t\t\t<div class=\"elementor-element elementor-element-d743c03 elementor-widget elementor-widget-text-editor\" data-id=\"d743c03\" data-element_type=\"widget\" data-widget_type=\"text-editor.default\">\n\t\t\t\t<div class=\"elementor-widget-container\">\n\t\t\t\t\t\t\t<h2>W\u00c4HLEN SIE UNTEN IHRE AKTIVIT\u00c4T AUS, UM GESCHENKGUTSCHEINE \/ TICKETS ZU VERSCHENKEN ODER ZU BUCHEN.<\/h2>\n<table style=\"height: 290px;\" border=\"0\" width=\"580\" cellspacing=\"10\" cellpadding=\"10\">\n<tbody>\n<tr>\n<td width=\"50%\"><strong>DAS MYTHISCHE CERVIN &#8211; PRIVATFlug (1-5 pax) &#8211; 70 min.<\/strong><\/td>\n<td><strong>CHF <span class=\"productPrice\">3&#8217;400.00 pro Privatflug <\/span> \n<\/strong><\/td>\n<\/tr>\n<tr>\n<td>Weitere Informationen<\/td>\n<td>&#8211; Sie haben den Helikopter exklusiv f\u00fcr sich.\n&#8211; Sie bestimmen das Datum und die Uhrzeit des Abflugs\n&#8211; Maximal 5 Pers.<\/td>\n<\/tr>\n<tr>\n<td>Hubschrauberlandeplatz<\/td>\n<td><a href=\"https:\/\/www.google.com\/maps\/place\/46%C2%B035'08.5%22N+7%C2%B054'49.9%22E\/@46.5866323,7.8960457,3102m\/data=!3m1!1e3!4m4!3m3!8m2!3d46.5856944!4d7.9138611?entry=ttu\" target=\"_blank\" rel=\"noopener\">Lauterbrunnen<\/a><\/td>\n<\/tr>\n<tr>\n<td>Flugzeit<\/td>\n<td>70 Min.<\/td>\n<\/tr>\n<tr>\n<td>Gesamtdauer<\/td>\n<td>ca. 1 Stunde 45 Minuten<\/td>\n<\/tr>\n<tr>\n<td>Besuchen Sie<\/td>\n<td>Per Telefon<\/td>\n<\/tr>\n<tr>\n<td><button class=\"elementor-button\" type=\"button\"><a href=\"https:\/\/swissraft.outdoorbooking.ch\/fo\/products\/1733?base_id=228&amp;category_id=6&amp;order_type=gift_voucher&amp;lang=de\" target=\"_blank\" rel=\"noopener\">GUTSCHEIN KAUFEN<\/a><\/button><\/td>\n<td><strong>CHF 3&#8217;400.00 &#8211; Privatflug (1-5 Pers.)<\/strong><\/td>\n<\/tr>\n<tr>\n<td><\/td>\n<td>Um zu buchen : <span class=\"patt\" style=\"font-family: inherit; font-size: inherit;\"><span class=\"plbl\"><span class=\"patt\"><a href=\"https:\/\/www.swissraft.ch\/de\/kontakt\/\">Kontaktieren Sie uns<\/a><\/span><\/span><\/span><\/td>\n<\/tr>\n<\/tbody>\n<\/table>\t\t\t\t\t\t<\/div>\n\t\t\t\t<\/div>\n\t\t\t\t\t<\/div>\n\t\t<\/div>\n\t\t\t\t\t\t\t<\/div>\n\t\t<\/section>\n\t\t\t\t\t\t\t<\/div>\n\t\t","protected":false},"excerpt":{"rendered":"<div align=\"justify\">\n<h2 align=\"justify\">70-min\u00fctiger Helikopter-Panoramaflug mit den h\u00f6chsten Gipfeln der Schweizer Alpen als H\u00f6hepunkt<\/h2>\n<h3>Bequem an Bord k\u00f6nnen Sie jede Minute dieses herrlichen Fluges \u00fcber das Alpenmassiv genie\u00dfen.<\/h3>\n<\/div>\n<div align=\"justify\">\n<p>Bei diesem Rundflug k\u00f6nnen Sie die h\u00f6chsten Gipfel der Schweizer Alpen \u00fcberfliegen. Das Trio Eiger, M\u00f6nch und Jungfrau, das Matterhorn, das Weisshorn, das Zinal Rothorn, der Dent Blanche. Und alle anderen 4000, die Ihnen sehr nahe stehen werden. Dies ist die l\u00e4ngste Tour, die Swissraft von Lauterbrunnen aus anbietet und eine der spektakul\u00e4rsten.<\/p>\n<h3>Besuchen Sie unsere Website; Swissraft International bietet Ihnen mehr als 150 beeindruckende Helikopterfl\u00fcge an.<\/h3>\n<p id=\"textarea\" style=\"display: none;\">Wir starten zum Beispiel von den Heliports Erstfeld im Kanton Uri und Pfaffnau im Kanton Luzern. Auch vom Hubschrauberlandeplatz Gstaad-Grund im Saanenland und vom Flugplatz Saanen. Sowie die Heliports Lenk-Simmental, Schattenhalb-Meiringen und Interlaken-Gsteigwiler im Berner Oberland. Ebenso bieten wir Fl\u00fcge ins Wallis ab Gampel und Collombey und auch ab dem Flughafen Sitten an. Wir bieten auch Fl\u00fcge ins Greyerzerland vom Flugplatz Epagny im Kanton Freiburg aus an. Au\u00dferdem bieten wir Flugreisen in den Aargau ab Buttwil an. Zum einen bieten wir Fl\u00fcge vom Flugplatz Grenchen im Kanton Solothurn an. Au\u00dferdem bieten wir Helikopterfl\u00fcge vom internationalen Flughafen Bern-Belp aus an. Aber auch vom internationalen Flughafen Z\u00fcrich-Kloten. Wir bieten auch Fl\u00fcge ab dem Heliport K\u00fcssnacht im Kanton Schwyz an. Es gibt aber auch Fl\u00fcge von St. Moritz im Winter und Fl\u00fcge das ganze Jahr \u00fcber ab dem Flugplatz Samedan. Au\u00dferdem haben wir Fl\u00fcge von den Heliports in Flims, Tavanasa und Untervaz in Graub\u00fcnden. Wir bieten auch Fl\u00fcge von den Flugpl\u00e4tzen Lodrino und Locarno-Magadino im Tessin an. Ebenso starten wir vom Flugplatz Sitterdorf in Thurgau und vom Heliport Balzers in Liechtenstein.\n<\/p>\n<p><a id=\"seeMore\" onclick=\"toggleSeeMore()\" href=\"javascript:void(0);\">Lesen Sie mehr<\/a><\/p>\n","protected":false},"featured_media":86323,"comment_status":"open","ping_status":"closed","template":"","meta":{"inline_featured_image":false,"_mi_skip_tracking":false},"product_cat":[263,366],"product_tag":[],"class_list":["post-91891","product","type-product","status-publish","has-post-thumbnail","hentry","product_cat-helikopterflug-in-der-schweiz","product_cat-helikopterrundflug-lauterbrunnen"],"yoast_head":"<!-- This site is optimized with the Yoast SEO plugin v23.6 - https:\/\/yoast.com\/wordpress\/plugins\/seo\/ -->\n<title>Das legend\u00e4re Matterhorn im Helikopter von Lauterbrunnen aus<\/title>\n<meta name=\"description\" content=\"Das legend\u00e4re Matterhorn. Dieser 70-min\u00fctige Flug ist sicherlich einer der spektakul\u00e4rsten aller von uns angebotenen Rundfl\u00fcge.\" \/>\n<meta name=\"robots\" content=\"index, follow, max-snippet:-1, max-image-preview:large, max-video-preview:-1\" \/>\n<link rel=\"canonical\" href=\"https:\/\/www.swissraft.ch\/de\/produkt\/hubschrauberflug-von-lauterbrunnen-der-mythische-cervin-70-min-chf-3-276-00\/\" \/>\n<meta property=\"og:locale\" content=\"de_DE\" \/>\n<meta property=\"og:type\" content=\"article\" \/>\n<meta property=\"og:title\" content=\"Das legend\u00e4re Matterhorn im Helikopter von Lauterbrunnen aus\" \/>\n<meta property=\"og:description\" content=\"Das legend\u00e4re Matterhorn. Dieser 70-min\u00fctige Flug ist sicherlich einer der spektakul\u00e4rsten aller von uns angebotenen Rundfl\u00fcge.\" \/>\n<meta property=\"og:url\" content=\"https:\/\/www.swissraft.ch\/de\/produkt\/hubschrauberflug-von-lauterbrunnen-der-mythische-cervin-70-min-chf-3-276-00\/\" \/>\n<meta property=\"og:site_name\" content=\"Swissraft\" \/>\n<meta property=\"article:modified_time\" content=\"2025-04-15T21:44:51+00:00\" \/>\n<meta property=\"og:image\" content=\"https:\/\/www.swissraft.ch\/wp-content\/uploads\/2022\/12\/5-LAUTERBRUNNEN-Das-Matterhorn-776x776-2.jpg\" \/>\n\t<meta property=\"og:image:width\" content=\"776\" \/>\n\t<meta property=\"og:image:height\" content=\"776\" \/>\n\t<meta property=\"og:image:type\" content=\"image\/jpeg\" \/>\n<meta name=\"twitter:card\" content=\"summary_large_image\" \/>\n<script type=\"application\/ld+json\" class=\"yoast-schema-graph\">{\"@context\":\"https:\/\/schema.org\",\"@graph\":[{\"@type\":\"WebPage\",\"@id\":\"https:\/\/www.swissraft.ch\/de\/produkt\/hubschrauberflug-von-lauterbrunnen-der-mythische-cervin-70-min-chf-3-276-00\/\",\"url\":\"https:\/\/www.swissraft.ch\/de\/produkt\/hubschrauberflug-von-lauterbrunnen-der-mythische-cervin-70-min-chf-3-276-00\/\",\"name\":\"Das legend\u00e4re Matterhorn im Helikopter von Lauterbrunnen aus\",\"isPartOf\":{\"@id\":\"https:\/\/www.swissraft.ch\/de\/#website\"},\"primaryImageOfPage\":{\"@id\":\"https:\/\/www.swissraft.ch\/de\/produkt\/hubschrauberflug-von-lauterbrunnen-der-mythische-cervin-70-min-chf-3-276-00\/#primaryimage\"},\"image\":{\"@id\":\"https:\/\/www.swissraft.ch\/de\/produkt\/hubschrauberflug-von-lauterbrunnen-der-mythische-cervin-70-min-chf-3-276-00\/#primaryimage\"},\"thumbnailUrl\":\"https:\/\/www.swissraft.ch\/wp-content\/uploads\/2022\/12\/5-LAUTERBRUNNEN-Das-Matterhorn-776x776-2.jpg\",\"datePublished\":\"2022-12-10T13:43:17+00:00\",\"dateModified\":\"2025-04-15T21:44:51+00:00\",\"description\":\"Das legend\u00e4re Matterhorn. Dieser 70-min\u00fctige Flug ist sicherlich einer der spektakul\u00e4rsten aller von uns angebotenen Rundfl\u00fcge.\",\"breadcrumb\":{\"@id\":\"https:\/\/www.swissraft.ch\/de\/produkt\/hubschrauberflug-von-lauterbrunnen-der-mythische-cervin-70-min-chf-3-276-00\/#breadcrumb\"},\"inLanguage\":\"de\",\"potentialAction\":[{\"@type\":\"ReadAction\",\"target\":[\"https:\/\/www.swissraft.ch\/de\/produkt\/hubschrauberflug-von-lauterbrunnen-der-mythische-cervin-70-min-chf-3-276-00\/\"]}]},{\"@type\":\"ImageObject\",\"inLanguage\":\"de\",\"@id\":\"https:\/\/www.swissraft.ch\/de\/produkt\/hubschrauberflug-von-lauterbrunnen-der-mythische-cervin-70-min-chf-3-276-00\/#primaryimage\",\"url\":\"https:\/\/www.swissraft.ch\/wp-content\/uploads\/2022\/12\/5-LAUTERBRUNNEN-Das-Matterhorn-776x776-2.jpg\",\"contentUrl\":\"https:\/\/www.swissraft.ch\/wp-content\/uploads\/2022\/12\/5-LAUTERBRUNNEN-Das-Matterhorn-776x776-2.jpg\",\"width\":776,\"height\":776,\"caption\":\"Hubschrauberflug von Lauterbrunnen zum legend\u00e4ren Matterhorn\"},{\"@type\":\"BreadcrumbList\",\"@id\":\"https:\/\/www.swissraft.ch\/de\/produkt\/hubschrauberflug-von-lauterbrunnen-der-mythische-cervin-70-min-chf-3-276-00\/#breadcrumb\",\"itemListElement\":[{\"@type\":\"ListItem\",\"position\":1,\"name\":\"Accueil\",\"item\":\"https:\/\/www.swissraft.ch\/de\/\"},{\"@type\":\"ListItem\",\"position\":2,\"name\":\"Shop\",\"item\":\"https:\/\/www.swissraft.ch\/de\/shop\/\"},{\"@type\":\"ListItem\",\"position\":3,\"name\":\"Helikopterflug von LAUTERBRUNNEN &#8211; DAS MYTHISCHE MATTERHORN &#8211; 70 Min. &#8211; CHF 3&#8217;400.00\"}]},{\"@type\":\"WebSite\",\"@id\":\"https:\/\/www.swissraft.ch\/de\/#website\",\"url\":\"https:\/\/www.swissraft.ch\/de\/\",\"name\":\"Swissraft\",\"description\":\"To enjoy nature as it is\",\"publisher\":{\"@id\":\"https:\/\/www.swissraft.ch\/de\/#organization\"},\"potentialAction\":[{\"@type\":\"SearchAction\",\"target\":{\"@type\":\"EntryPoint\",\"urlTemplate\":\"https:\/\/www.swissraft.ch\/de\/?s={search_term_string}\"},\"query-input\":{\"@type\":\"PropertyValueSpecification\",\"valueRequired\":true,\"valueName\":\"search_term_string\"}}],\"inLanguage\":\"de\"},{\"@type\":\"Organization\",\"@id\":\"https:\/\/www.swissraft.ch\/de\/#organization\",\"name\":\"Swissraft\",\"url\":\"https:\/\/www.swissraft.ch\/de\/\",\"logo\":{\"@type\":\"ImageObject\",\"inLanguage\":\"de\",\"@id\":\"https:\/\/www.swissraft.ch\/de\/#\/schema\/logo\/image\/\",\"url\":\"https:\/\/www.swissraft.ch\/wp-content\/uploads\/2025\/09\/Capture.jpg\",\"contentUrl\":\"https:\/\/www.swissraft.ch\/wp-content\/uploads\/2025\/09\/Capture.jpg\",\"width\":293,\"height\":108,\"caption\":\"Swissraft\"},\"image\":{\"@id\":\"https:\/\/www.swissraft.ch\/de\/#\/schema\/logo\/image\/\"}}]}<\/script>\n<!-- \/ Yoast SEO plugin. -->","yoast_head_json":{"title":"Das legend\u00e4re Matterhorn im Helikopter von Lauterbrunnen aus","description":"Das legend\u00e4re Matterhorn. Dieser 70-min\u00fctige Flug ist sicherlich einer der spektakul\u00e4rsten aller von uns angebotenen Rundfl\u00fcge.","robots":{"index":"index","follow":"follow","max-snippet":"max-snippet:-1","max-image-preview":"max-image-preview:large","max-video-preview":"max-video-preview:-1"},"canonical":"https:\/\/www.swissraft.ch\/de\/produkt\/hubschrauberflug-von-lauterbrunnen-der-mythische-cervin-70-min-chf-3-276-00\/","og_locale":"de_DE","og_type":"article","og_title":"Das legend\u00e4re Matterhorn im Helikopter von Lauterbrunnen aus","og_description":"Das legend\u00e4re Matterhorn. Dieser 70-min\u00fctige Flug ist sicherlich einer der spektakul\u00e4rsten aller von uns angebotenen Rundfl\u00fcge.","og_url":"https:\/\/www.swissraft.ch\/de\/produkt\/hubschrauberflug-von-lauterbrunnen-der-mythische-cervin-70-min-chf-3-276-00\/","og_site_name":"Swissraft","article_modified_time":"2025-04-15T21:44:51+00:00","og_image":[{"width":776,"height":776,"url":"https:\/\/www.swissraft.ch\/wp-content\/uploads\/2022\/12\/5-LAUTERBRUNNEN-Das-Matterhorn-776x776-2.jpg","type":"image\/jpeg"}],"twitter_card":"summary_large_image","schema":{"@context":"https:\/\/schema.org","@graph":[{"@type":"WebPage","@id":"https:\/\/www.swissraft.ch\/de\/produkt\/hubschrauberflug-von-lauterbrunnen-der-mythische-cervin-70-min-chf-3-276-00\/","url":"https:\/\/www.swissraft.ch\/de\/produkt\/hubschrauberflug-von-lauterbrunnen-der-mythische-cervin-70-min-chf-3-276-00\/","name":"Das legend\u00e4re Matterhorn im Helikopter von Lauterbrunnen aus","isPartOf":{"@id":"https:\/\/www.swissraft.ch\/de\/#website"},"primaryImageOfPage":{"@id":"https:\/\/www.swissraft.ch\/de\/produkt\/hubschrauberflug-von-lauterbrunnen-der-mythische-cervin-70-min-chf-3-276-00\/#primaryimage"},"image":{"@id":"https:\/\/www.swissraft.ch\/de\/produkt\/hubschrauberflug-von-lauterbrunnen-der-mythische-cervin-70-min-chf-3-276-00\/#primaryimage"},"thumbnailUrl":"https:\/\/www.swissraft.ch\/wp-content\/uploads\/2022\/12\/5-LAUTERBRUNNEN-Das-Matterhorn-776x776-2.jpg","datePublished":"2022-12-10T13:43:17+00:00","dateModified":"2025-04-15T21:44:51+00:00","description":"Das legend\u00e4re Matterhorn. Dieser 70-min\u00fctige Flug ist sicherlich einer der spektakul\u00e4rsten aller von uns angebotenen Rundfl\u00fcge.","breadcrumb":{"@id":"https:\/\/www.swissraft.ch\/de\/produkt\/hubschrauberflug-von-lauterbrunnen-der-mythische-cervin-70-min-chf-3-276-00\/#breadcrumb"},"inLanguage":"de","potentialAction":[{"@type":"ReadAction","target":["https:\/\/www.swissraft.ch\/de\/produkt\/hubschrauberflug-von-lauterbrunnen-der-mythische-cervin-70-min-chf-3-276-00\/"]}]},{"@type":"ImageObject","inLanguage":"de","@id":"https:\/\/www.swissraft.ch\/de\/produkt\/hubschrauberflug-von-lauterbrunnen-der-mythische-cervin-70-min-chf-3-276-00\/#primaryimage","url":"https:\/\/www.swissraft.ch\/wp-content\/uploads\/2022\/12\/5-LAUTERBRUNNEN-Das-Matterhorn-776x776-2.jpg","contentUrl":"https:\/\/www.swissraft.ch\/wp-content\/uploads\/2022\/12\/5-LAUTERBRUNNEN-Das-Matterhorn-776x776-2.jpg","width":776,"height":776,"caption":"Hubschrauberflug von Lauterbrunnen zum legend\u00e4ren Matterhorn"},{"@type":"BreadcrumbList","@id":"https:\/\/www.swissraft.ch\/de\/produkt\/hubschrauberflug-von-lauterbrunnen-der-mythische-cervin-70-min-chf-3-276-00\/#breadcrumb","itemListElement":[{"@type":"ListItem","position":1,"name":"Accueil","item":"https:\/\/www.swissraft.ch\/de\/"},{"@type":"ListItem","position":2,"name":"Shop","item":"https:\/\/www.swissraft.ch\/de\/shop\/"},{"@type":"ListItem","position":3,"name":"Helikopterflug von LAUTERBRUNNEN &#8211; DAS MYTHISCHE MATTERHORN &#8211; 70 Min. &#8211; CHF 3&#8217;400.00"}]},{"@type":"WebSite","@id":"https:\/\/www.swissraft.ch\/de\/#website","url":"https:\/\/www.swissraft.ch\/de\/","name":"Swissraft","description":"To enjoy nature as it is","publisher":{"@id":"https:\/\/www.swissraft.ch\/de\/#organization"},"potentialAction":[{"@type":"SearchAction","target":{"@type":"EntryPoint","urlTemplate":"https:\/\/www.swissraft.ch\/de\/?s={search_term_string}"},"query-input":{"@type":"PropertyValueSpecification","valueRequired":true,"valueName":"search_term_string"}}],"inLanguage":"de"},{"@type":"Organization","@id":"https:\/\/www.swissraft.ch\/de\/#organization","name":"Swissraft","url":"https:\/\/www.swissraft.ch\/de\/","logo":{"@type":"ImageObject","inLanguage":"de","@id":"https:\/\/www.swissraft.ch\/de\/#\/schema\/logo\/image\/","url":"https:\/\/www.swissraft.ch\/wp-content\/uploads\/2025\/09\/Capture.jpg","contentUrl":"https:\/\/www.swissraft.ch\/wp-content\/uploads\/2025\/09\/Capture.jpg","width":293,"height":108,"caption":"Swissraft"},"image":{"@id":"https:\/\/www.swissraft.ch\/de\/#\/schema\/logo\/image\/"}}]}},"_links":{"self":[{"href":"https:\/\/www.swissraft.ch\/de\/wp-json\/wp\/v2\/product\/91891","targetHints":{"allow":["GET"]}}],"collection":[{"href":"https:\/\/www.swissraft.ch\/de\/wp-json\/wp\/v2\/product"}],"about":[{"href":"https:\/\/www.swissraft.ch\/de\/wp-json\/wp\/v2\/types\/product"}],"replies":[{"embeddable":true,"href":"https:\/\/www.swissraft.ch\/de\/wp-json\/wp\/v2\/comments?post=91891"}],"version-history":[{"count":4,"href":"https:\/\/www.swissraft.ch\/de\/wp-json\/wp\/v2\/product\/91891\/revisions"}],"predecessor-version":[{"id":112795,"href":"https:\/\/www.swissraft.ch\/de\/wp-json\/wp\/v2\/product\/91891\/revisions\/112795"}],"wp:featuredmedia":[{"embeddable":true,"href":"https:\/\/www.swissraft.ch\/de\/wp-json\/wp\/v2\/media\/86323"}],"wp:attachment":[{"href":"https:\/\/www.swissraft.ch\/de\/wp-json\/wp\/v2\/media?parent=91891"}],"wp:term":[{"taxonomy":"product_cat","embeddable":true,"href":"https:\/\/www.swissraft.ch\/de\/wp-json\/wp\/v2\/product_cat?post=91891"},{"taxonomy":"product_tag","embeddable":true,"href":"https:\/\/www.swissraft.ch\/de\/wp-json\/wp\/v2\/product_tag?post=91891"}],"curies":[{"name":"wp","href":"https:\/\/api.w.org\/{rel}","templated":true}]}}