{"id":91887,"date":"2022-12-10T14:36:19","date_gmt":"2022-12-10T13:36:19","guid":{"rendered":"https:\/\/swissraft.xyanzkdne.eu\/product\/hubschrauberflug-von-lauterbrunnen-grand-tour-des-alpes-30-min-ab-chf-1217-00\/"},"modified":"2025-03-29T22:01:45","modified_gmt":"2025-03-29T21:01:45","slug":"helikopterflug-lauterbrunnen-grosser-alpenflug","status":"publish","type":"product","link":"https:\/\/www.swissraft.ch\/de\/produkt\/helikopterflug-lauterbrunnen-grosser-alpenflug\/","title":{"rendered":"Hubschrauberflug von LAUTERBRUNNEN &#8211; GROSSE ALPEN-RUNDFAHRT &#8211; 30 Min. &#8211; Ab CHF 1&#8217;320.00"},"content":{"rendered":"\t\t<div data-elementor-type=\"wp-post\" data-elementor-id=\"91887\" class=\"elementor elementor-91887 elementor-29446\">\n\t\t\t\t\t\t\t\t\t<section class=\"elementor-section elementor-top-section elementor-element elementor-element-3303a7e3 elementor-section-boxed elementor-section-height-default elementor-section-height-default\" data-id=\"3303a7e3\" data-element_type=\"section\">\n\t\t\t\t\t\t<div class=\"elementor-container elementor-column-gap-default\">\n\t\t\t\t\t<div class=\"elementor-column elementor-col-100 elementor-top-column elementor-element elementor-element-16d72dbf\" data-id=\"16d72dbf\" data-element_type=\"column\">\n\t\t\t<div class=\"elementor-widget-wrap elementor-element-populated\">\n\t\t\t\t\t\t\t\t<div class=\"elementor-element elementor-element-d743c03 elementor-widget elementor-widget-text-editor\" data-id=\"d743c03\" data-element_type=\"widget\" data-widget_type=\"text-editor.default\">\n\t\t\t\t<div class=\"elementor-widget-container\">\n\t\t\t\t\t\t\t<h2>W\u00c4HLEN SIE UNTEN IHRE AKTIVIT\u00c4T AUS, UM GESCHENKGUTSCHEINE \/ TICKETS ZU VERSCHENKEN ODER ZU BUCHEN.<\/h2>\n<table style=\"height: 290px;\" border=\"0\" width=\"580\" cellspacing=\"10\" cellpadding=\"10\">\n<tbody>\n<tr>\n<td width=\"50%\"><strong>GROSSE ALPENRUNDFAHRT &#8211; PRIVATFLUG (1-5 Pers.) &#8211; 30 Min.<\/strong><\/td>\n<td><strong>CHF <span class=\"productPrice\">1&#8217;320.00 pro Privatflug<\/span><br \/><\/strong><\/td>\n<\/tr>\n<tr>\n<td>Weitere Informationen<\/td>\n<td>&#8211; Sie haben den Helikopter ausschlie\u00dflich f\u00fcr sich<br \/>&#8211; Sie bestimmen das Datum und die Uhrzeit des Abflugs<br \/>&#8211; Maximal 5 Pers.<\/td>\n<\/tr>\n<tr>\n<td>Heliport<\/td>\n<td><a href=\"https:\/\/www.google.com\/maps\/place\/46%C2%B035'08.5%22N+7%C2%B054'49.9%22E\/@46.5866323,7.8960457,3102m\/data=!3m1!1e3!4m4!3m3!8m2!3d46.5856944!4d7.9138611?entry=ttu\" target=\"_blank\" rel=\"noopener\">Lauterbrunnen<\/a><\/td>\n<\/tr>\n<tr>\n<td>Flugzeit<\/td>\n<td>30 Min.<\/td>\n<\/tr>\n<tr>\n<td>Gesamtdauer<\/td>\n<td>ca. 1,5 Std.<\/td>\n<\/tr>\n<tr>\n<td>Terminvereinbarung<\/td>\n<td>Per Telefon<\/td>\n<\/tr>\n<tr>\n<td><button class=\"elementor-button\" type=\"button\"><a href=\"https:\/\/swissraft.outdoorbooking.ch\/fo\/products\/1729?base_id=227&amp;category_id=6&amp;order_type=gift_voucher&amp;lang=de\" target=\"_blank\" rel=\"noopener\">GUTSCHEIN KAUFEN<\/a><\/button><\/td>\n<td><strong>CHF 1&#8217;320.00 &#8211; Privatflug (1-4 Pers.)<\/strong><\/td>\n<\/tr>\n<tr>\n<td><button class=\"elementor-button\" type=\"button\"><a href=\"https:\/\/swissraft.outdoorbooking.ch\/fo\/products\/1734?base_id=228&amp;category_id=6&amp;order_type=gift_voucher&amp;lang=de\" target=\"_blank\" rel=\"noopener\">GUTSCHEIN KAUFEN<\/a><\/button><\/td>\n<td><strong>CHF 1&#8217;650.00 &#8211; Privatflug<\/strong><strong> (5 Pers.)<\/strong><\/td>\n<\/tr>\n<tr>\n<td> <\/td>\n<td style=\"text-align: left;\">Um zu buchen : <span class=\"patt\" style=\"font-family: inherit; font-size: inherit;\"><span class=\"plbl\"><span class=\"patt\"><a href=\"https:\/\/www.swissraft.ch\/de\/kontakt\/\">Kontaktieren Sie uns<\/a><\/span><\/span><\/span><\/td>\n<\/tr>\n<\/tbody>\n<\/table>\n\t\t\t\t\t\t<\/div>\n\t\t\t\t<\/div>\n\t\t\t\t\t<\/div>\n\t\t<\/div>\n\t\t\t\t\t\t\t<\/div>\n\t\t<\/section>\n\t\t\t\t\t\t\t<\/div>\n\t\t","protected":false},"excerpt":{"rendered":"<div align=\"justify\">\n<h2 align=\"justify\">Dieser 30-min\u00fctige Helikoperrundflug mit Landung auf einem Gletscher sowie ein Flug \u00fcber die bekanntesten Berge der Berner Alpen stehen auf dem Programm.<\/h2>\n<h3>Dank der Lage unseres Helikopterlandeplatzes befinden wir uns im Herzen der Berner Alpen. Dies erm\u00f6glicht es uns, die Giganten der Alpen in wenigen Flugminuten zu erreichen. <\/h3>\n<\/div>\n<div align=\"justify\">\n<p>Fliegen Sie \u00fcber die sch\u00f6nsten Gipfel der Berner Alpen: Schilthorn, Breithorn, Ebnefluh, Alestchhorn, Eiger, M\u00f6nch, Jungfrau. Ein kurzer Aufenthalt auf dem Alestch-Gletscher ist im Flug inbegriffen. Ein unvergesslicher Moment, den Sie mit Ihren Freunden und Verwandten teilen k\u00f6nnen.<\/p>\n<h3>Swissraft International bietet Ihnen Routen von 14 Helikopterlandepl\u00e4tzen, 9 Flugpl\u00e4tzen und 3 internationalen Flugh\u00e4fen in der Schweiz an.<\/h3>\n<p id=\"textarea\" style=\"display: none;\">So starten wir von den Heliports Erstfeld im Kanton Uri und Pfaffnau im Kanton Luzern. Aber auch vom Heliport Gstaad-Grund im Saanenland und vom Flugplatz Saanen. Ebenso wie die Heliports Lenk-Simmental, Interlaken-Gsteigwiler und Schattenhalb-Meiringen im Berner Oberland. Dar\u00fcber hinaus bieten wir Fl\u00fcge ins Wallis von Gampel und Collombey sowie vom Flughafen Sitten an. Aber auch vom Flugplatz \u00c9pagny im Kanton Freiburg aus fliegen wir ins Greyerzerland. Aber auch Rundfl\u00fcge im Aargau ab dem Flugplatz Buttwil. Au\u00dferdem bieten wir Fl\u00fcge von Grenchen im Kanton Solothurn an. Zum einen haben wir Helikopterfl\u00fcge vom internationalen Flughafen Bern-Belp aus im Angebot. Andererseits vom internationalen Flughafen Z\u00fcrich-Kloten. Ebenso bieten wir Fl\u00fcge vom Heliport K\u00fcssnacht im Kanton Schwyz an. Au\u00dferdem gibt es im Winter Flugreisen von St. Moritz und das ganze Jahr \u00fcber Fl\u00fcge vom Flugplatz Samedan. Aber auch Fl\u00fcge von den Heliports in Flims, Tavanasa und Untervaz in Graub\u00fcnden. Wir bieten auch Fl\u00fcge von den Flugpl\u00e4tzen Lodrino und Locarno-Magadino im Tessin an. Au\u00dferdem starten wir vom Flugplatz Sitterdorf in Thurgau und vom Heliport Balzers in Liechtenstein.\n<\/p>\n<p><a id=\"seeMore\" onclick=\"toggleSeeMore()\" href=\"javascript:void(0);\">Lesen Sie mehr<\/a><\/p>\n","protected":false},"featured_media":86311,"comment_status":"open","ping_status":"closed","template":"","meta":{"inline_featured_image":false,"_mi_skip_tracking":false},"product_cat":[263,366],"product_tag":[],"class_list":["post-91887","product","type-product","status-publish","has-post-thumbnail","hentry","product_cat-helikopterflug-in-der-schweiz","product_cat-helikopterrundflug-lauterbrunnen"],"yoast_head":"<!-- This site is optimized with the Yoast SEO plugin v23.6 - https:\/\/yoast.com\/wordpress\/plugins\/seo\/ -->\n<title>Grosser Alpenflug<\/title>\n<meta name=\"description\" content=\"Gro\u00dfer Alpenrundflug im Helikopter von Lauterbrunnen aus. Dieser 30-min\u00fctige Flug f\u00fchrt Sie \u00fcber die bekanntesten Berge der Berner Alpen.\" \/>\n<meta name=\"robots\" content=\"index, follow, max-snippet:-1, max-image-preview:large, max-video-preview:-1\" \/>\n<link rel=\"canonical\" href=\"https:\/\/www.swissraft.ch\/de\/produkt\/helikopterflug-lauterbrunnen-grosser-alpenflug\/\" \/>\n<meta property=\"og:locale\" content=\"de_DE\" \/>\n<meta property=\"og:type\" content=\"article\" \/>\n<meta property=\"og:title\" content=\"Grosser Alpenflug\" \/>\n<meta property=\"og:description\" content=\"Gro\u00dfer Alpenrundflug im Helikopter von Lauterbrunnen aus. Dieser 30-min\u00fctige Flug f\u00fchrt Sie \u00fcber die bekanntesten Berge der Berner Alpen.\" \/>\n<meta property=\"og:url\" content=\"https:\/\/www.swissraft.ch\/de\/produkt\/helikopterflug-lauterbrunnen-grosser-alpenflug\/\" \/>\n<meta property=\"og:site_name\" content=\"Swissraft\" \/>\n<meta property=\"article:modified_time\" content=\"2025-03-29T21:01:45+00:00\" \/>\n<meta property=\"og:image\" content=\"https:\/\/www.swissraft.ch\/wp-content\/uploads\/2022\/12\/4-LAUTERBRUNNEN-Grosse-Alpenrundflug-776x776-2.jpg\" \/>\n\t<meta property=\"og:image:width\" content=\"776\" \/>\n\t<meta property=\"og:image:height\" content=\"776\" \/>\n\t<meta property=\"og:image:type\" content=\"image\/jpeg\" \/>\n<meta name=\"twitter:card\" content=\"summary_large_image\" \/>\n<meta name=\"twitter:label1\" content=\"Gesch\u00e4tzte Lesezeit\" \/>\n\t<meta name=\"twitter:data1\" content=\"1\u00a0Minute\" \/>\n<script type=\"application\/ld+json\" class=\"yoast-schema-graph\">{\"@context\":\"https:\/\/schema.org\",\"@graph\":[{\"@type\":\"WebPage\",\"@id\":\"https:\/\/www.swissraft.ch\/de\/produkt\/helikopterflug-lauterbrunnen-grosser-alpenflug\/\",\"url\":\"https:\/\/www.swissraft.ch\/de\/produkt\/helikopterflug-lauterbrunnen-grosser-alpenflug\/\",\"name\":\"Grosser Alpenflug\",\"isPartOf\":{\"@id\":\"https:\/\/www.swissraft.ch\/de\/#website\"},\"primaryImageOfPage\":{\"@id\":\"https:\/\/www.swissraft.ch\/de\/produkt\/helikopterflug-lauterbrunnen-grosser-alpenflug\/#primaryimage\"},\"image\":{\"@id\":\"https:\/\/www.swissraft.ch\/de\/produkt\/helikopterflug-lauterbrunnen-grosser-alpenflug\/#primaryimage\"},\"thumbnailUrl\":\"https:\/\/www.swissraft.ch\/wp-content\/uploads\/2022\/12\/4-LAUTERBRUNNEN-Grosse-Alpenrundflug-776x776-2.jpg\",\"datePublished\":\"2022-12-10T13:36:19+00:00\",\"dateModified\":\"2025-03-29T21:01:45+00:00\",\"description\":\"Gro\u00dfer Alpenrundflug im Helikopter von Lauterbrunnen aus. Dieser 30-min\u00fctige Flug f\u00fchrt Sie \u00fcber die bekanntesten Berge der Berner Alpen.\",\"breadcrumb\":{\"@id\":\"https:\/\/www.swissraft.ch\/de\/produkt\/helikopterflug-lauterbrunnen-grosser-alpenflug\/#breadcrumb\"},\"inLanguage\":\"de\",\"potentialAction\":[{\"@type\":\"ReadAction\",\"target\":[\"https:\/\/www.swissraft.ch\/de\/produkt\/helikopterflug-lauterbrunnen-grosser-alpenflug\/\"]}]},{\"@type\":\"ImageObject\",\"inLanguage\":\"de\",\"@id\":\"https:\/\/www.swissraft.ch\/de\/produkt\/helikopterflug-lauterbrunnen-grosser-alpenflug\/#primaryimage\",\"url\":\"https:\/\/www.swissraft.ch\/wp-content\/uploads\/2022\/12\/4-LAUTERBRUNNEN-Grosse-Alpenrundflug-776x776-2.jpg\",\"contentUrl\":\"https:\/\/www.swissraft.ch\/wp-content\/uploads\/2022\/12\/4-LAUTERBRUNNEN-Grosse-Alpenrundflug-776x776-2.jpg\",\"width\":776,\"height\":776,\"caption\":\"Gro\u00dfer Hubschrauberrundflug \u00fcber die Alpen von Lauterbrunnen aus\"},{\"@type\":\"BreadcrumbList\",\"@id\":\"https:\/\/www.swissraft.ch\/de\/produkt\/helikopterflug-lauterbrunnen-grosser-alpenflug\/#breadcrumb\",\"itemListElement\":[{\"@type\":\"ListItem\",\"position\":1,\"name\":\"Accueil\",\"item\":\"https:\/\/www.swissraft.ch\/de\/\"},{\"@type\":\"ListItem\",\"position\":2,\"name\":\"Shop\",\"item\":\"https:\/\/www.swissraft.ch\/de\/shop\/\"},{\"@type\":\"ListItem\",\"position\":3,\"name\":\"Hubschrauberflug von LAUTERBRUNNEN &#8211; GROSSE ALPEN-RUNDFAHRT &#8211; 30 Min. &#8211; Ab CHF 1&#8217;320.00\"}]},{\"@type\":\"WebSite\",\"@id\":\"https:\/\/www.swissraft.ch\/de\/#website\",\"url\":\"https:\/\/www.swissraft.ch\/de\/\",\"name\":\"Swissraft\",\"description\":\"To enjoy nature as it is\",\"publisher\":{\"@id\":\"https:\/\/www.swissraft.ch\/de\/#organization\"},\"potentialAction\":[{\"@type\":\"SearchAction\",\"target\":{\"@type\":\"EntryPoint\",\"urlTemplate\":\"https:\/\/www.swissraft.ch\/de\/?s={search_term_string}\"},\"query-input\":{\"@type\":\"PropertyValueSpecification\",\"valueRequired\":true,\"valueName\":\"search_term_string\"}}],\"inLanguage\":\"de\"},{\"@type\":\"Organization\",\"@id\":\"https:\/\/www.swissraft.ch\/de\/#organization\",\"name\":\"Swissraft\",\"url\":\"https:\/\/www.swissraft.ch\/de\/\",\"logo\":{\"@type\":\"ImageObject\",\"inLanguage\":\"de\",\"@id\":\"https:\/\/www.swissraft.ch\/de\/#\/schema\/logo\/image\/\",\"url\":\"https:\/\/www.swissraft.ch\/wp-content\/uploads\/2025\/09\/Capture.jpg\",\"contentUrl\":\"https:\/\/www.swissraft.ch\/wp-content\/uploads\/2025\/09\/Capture.jpg\",\"width\":293,\"height\":108,\"caption\":\"Swissraft\"},\"image\":{\"@id\":\"https:\/\/www.swissraft.ch\/de\/#\/schema\/logo\/image\/\"}}]}<\/script>\n<!-- \/ Yoast SEO plugin. -->","yoast_head_json":{"title":"Grosser Alpenflug","description":"Gro\u00dfer Alpenrundflug im Helikopter von Lauterbrunnen aus. Dieser 30-min\u00fctige Flug f\u00fchrt Sie \u00fcber die bekanntesten Berge der Berner Alpen.","robots":{"index":"index","follow":"follow","max-snippet":"max-snippet:-1","max-image-preview":"max-image-preview:large","max-video-preview":"max-video-preview:-1"},"canonical":"https:\/\/www.swissraft.ch\/de\/produkt\/helikopterflug-lauterbrunnen-grosser-alpenflug\/","og_locale":"de_DE","og_type":"article","og_title":"Grosser Alpenflug","og_description":"Gro\u00dfer Alpenrundflug im Helikopter von Lauterbrunnen aus. Dieser 30-min\u00fctige Flug f\u00fchrt Sie \u00fcber die bekanntesten Berge der Berner Alpen.","og_url":"https:\/\/www.swissraft.ch\/de\/produkt\/helikopterflug-lauterbrunnen-grosser-alpenflug\/","og_site_name":"Swissraft","article_modified_time":"2025-03-29T21:01:45+00:00","og_image":[{"width":776,"height":776,"url":"https:\/\/www.swissraft.ch\/wp-content\/uploads\/2022\/12\/4-LAUTERBRUNNEN-Grosse-Alpenrundflug-776x776-2.jpg","type":"image\/jpeg"}],"twitter_card":"summary_large_image","twitter_misc":{"Gesch\u00e4tzte Lesezeit":"1\u00a0Minute"},"schema":{"@context":"https:\/\/schema.org","@graph":[{"@type":"WebPage","@id":"https:\/\/www.swissraft.ch\/de\/produkt\/helikopterflug-lauterbrunnen-grosser-alpenflug\/","url":"https:\/\/www.swissraft.ch\/de\/produkt\/helikopterflug-lauterbrunnen-grosser-alpenflug\/","name":"Grosser Alpenflug","isPartOf":{"@id":"https:\/\/www.swissraft.ch\/de\/#website"},"primaryImageOfPage":{"@id":"https:\/\/www.swissraft.ch\/de\/produkt\/helikopterflug-lauterbrunnen-grosser-alpenflug\/#primaryimage"},"image":{"@id":"https:\/\/www.swissraft.ch\/de\/produkt\/helikopterflug-lauterbrunnen-grosser-alpenflug\/#primaryimage"},"thumbnailUrl":"https:\/\/www.swissraft.ch\/wp-content\/uploads\/2022\/12\/4-LAUTERBRUNNEN-Grosse-Alpenrundflug-776x776-2.jpg","datePublished":"2022-12-10T13:36:19+00:00","dateModified":"2025-03-29T21:01:45+00:00","description":"Gro\u00dfer Alpenrundflug im Helikopter von Lauterbrunnen aus. Dieser 30-min\u00fctige Flug f\u00fchrt Sie \u00fcber die bekanntesten Berge der Berner Alpen.","breadcrumb":{"@id":"https:\/\/www.swissraft.ch\/de\/produkt\/helikopterflug-lauterbrunnen-grosser-alpenflug\/#breadcrumb"},"inLanguage":"de","potentialAction":[{"@type":"ReadAction","target":["https:\/\/www.swissraft.ch\/de\/produkt\/helikopterflug-lauterbrunnen-grosser-alpenflug\/"]}]},{"@type":"ImageObject","inLanguage":"de","@id":"https:\/\/www.swissraft.ch\/de\/produkt\/helikopterflug-lauterbrunnen-grosser-alpenflug\/#primaryimage","url":"https:\/\/www.swissraft.ch\/wp-content\/uploads\/2022\/12\/4-LAUTERBRUNNEN-Grosse-Alpenrundflug-776x776-2.jpg","contentUrl":"https:\/\/www.swissraft.ch\/wp-content\/uploads\/2022\/12\/4-LAUTERBRUNNEN-Grosse-Alpenrundflug-776x776-2.jpg","width":776,"height":776,"caption":"Gro\u00dfer Hubschrauberrundflug \u00fcber die Alpen von Lauterbrunnen aus"},{"@type":"BreadcrumbList","@id":"https:\/\/www.swissraft.ch\/de\/produkt\/helikopterflug-lauterbrunnen-grosser-alpenflug\/#breadcrumb","itemListElement":[{"@type":"ListItem","position":1,"name":"Accueil","item":"https:\/\/www.swissraft.ch\/de\/"},{"@type":"ListItem","position":2,"name":"Shop","item":"https:\/\/www.swissraft.ch\/de\/shop\/"},{"@type":"ListItem","position":3,"name":"Hubschrauberflug von LAUTERBRUNNEN &#8211; GROSSE ALPEN-RUNDFAHRT &#8211; 30 Min. &#8211; Ab CHF 1&#8217;320.00"}]},{"@type":"WebSite","@id":"https:\/\/www.swissraft.ch\/de\/#website","url":"https:\/\/www.swissraft.ch\/de\/","name":"Swissraft","description":"To enjoy nature as it is","publisher":{"@id":"https:\/\/www.swissraft.ch\/de\/#organization"},"potentialAction":[{"@type":"SearchAction","target":{"@type":"EntryPoint","urlTemplate":"https:\/\/www.swissraft.ch\/de\/?s={search_term_string}"},"query-input":{"@type":"PropertyValueSpecification","valueRequired":true,"valueName":"search_term_string"}}],"inLanguage":"de"},{"@type":"Organization","@id":"https:\/\/www.swissraft.ch\/de\/#organization","name":"Swissraft","url":"https:\/\/www.swissraft.ch\/de\/","logo":{"@type":"ImageObject","inLanguage":"de","@id":"https:\/\/www.swissraft.ch\/de\/#\/schema\/logo\/image\/","url":"https:\/\/www.swissraft.ch\/wp-content\/uploads\/2025\/09\/Capture.jpg","contentUrl":"https:\/\/www.swissraft.ch\/wp-content\/uploads\/2025\/09\/Capture.jpg","width":293,"height":108,"caption":"Swissraft"},"image":{"@id":"https:\/\/www.swissraft.ch\/de\/#\/schema\/logo\/image\/"}}]}},"_links":{"self":[{"href":"https:\/\/www.swissraft.ch\/de\/wp-json\/wp\/v2\/product\/91887","targetHints":{"allow":["GET"]}}],"collection":[{"href":"https:\/\/www.swissraft.ch\/de\/wp-json\/wp\/v2\/product"}],"about":[{"href":"https:\/\/www.swissraft.ch\/de\/wp-json\/wp\/v2\/types\/product"}],"replies":[{"embeddable":true,"href":"https:\/\/www.swissraft.ch\/de\/wp-json\/wp\/v2\/comments?post=91887"}],"version-history":[{"count":6,"href":"https:\/\/www.swissraft.ch\/de\/wp-json\/wp\/v2\/product\/91887\/revisions"}],"predecessor-version":[{"id":112043,"href":"https:\/\/www.swissraft.ch\/de\/wp-json\/wp\/v2\/product\/91887\/revisions\/112043"}],"wp:featuredmedia":[{"embeddable":true,"href":"https:\/\/www.swissraft.ch\/de\/wp-json\/wp\/v2\/media\/86311"}],"wp:attachment":[{"href":"https:\/\/www.swissraft.ch\/de\/wp-json\/wp\/v2\/media?parent=91887"}],"wp:term":[{"taxonomy":"product_cat","embeddable":true,"href":"https:\/\/www.swissraft.ch\/de\/wp-json\/wp\/v2\/product_cat?post=91887"},{"taxonomy":"product_tag","embeddable":true,"href":"https:\/\/www.swissraft.ch\/de\/wp-json\/wp\/v2\/product_tag?post=91887"}],"curies":[{"name":"wp","href":"https:\/\/api.w.org\/{rel}","templated":true}]}}