{"id":91884,"date":"2022-12-10T15:04:45","date_gmt":"2022-12-10T14:04:45","guid":{"rendered":"https:\/\/swissraft.xyanzkdne.eu\/product\/helikopterflug-von-gstaad-grund-eiger-moench-jungfrau-40-min-chf-1950-00\/"},"modified":"2024-12-07T02:04:25","modified_gmt":"2024-12-07T01:04:25","slug":"helikopterflug-gstaad-grund-flug-eiger-moench-jungfrau","status":"publish","type":"product","link":"https:\/\/www.swissraft.ch\/de\/produkt\/helikopterflug-gstaad-grund-flug-eiger-moench-jungfrau\/","title":{"rendered":"Helikopterflug ab GSTAAD-GRUND &#8211; EIGER-M\u00d6NCH-JUNGFRAU &#8211; 40 Min. &#8211; CHF 1&#8217;950.00"},"content":{"rendered":"\t\t<div data-elementor-type=\"wp-post\" data-elementor-id=\"91884\" class=\"elementor elementor-91884 elementor-29469\">\n\t\t\t\t\t\t\t\t\t<section class=\"elementor-section elementor-top-section elementor-element elementor-element-3303a7e3 elementor-section-boxed elementor-section-height-default elementor-section-height-default\" data-id=\"3303a7e3\" data-element_type=\"section\">\n\t\t\t\t\t\t<div class=\"elementor-container elementor-column-gap-default\">\n\t\t\t\t\t<div class=\"elementor-column elementor-col-100 elementor-top-column elementor-element elementor-element-16d72dbf\" data-id=\"16d72dbf\" data-element_type=\"column\">\n\t\t\t<div class=\"elementor-widget-wrap elementor-element-populated\">\n\t\t\t\t\t\t\t\t<div class=\"elementor-element elementor-element-d743c03 elementor-widget elementor-widget-text-editor\" data-id=\"d743c03\" data-element_type=\"widget\" data-widget_type=\"text-editor.default\">\n\t\t\t\t<div class=\"elementor-widget-container\">\n\t\t\t\t\t\t\t<h2>W\u00c4HLEN SIE UNTEN IHRE AKTIVIT\u00c4T AUS, UM GESCHENKGUTSCHEINE \/ TICKETS ZU VERSCHENKEN ODER ZU BUCHEN.<\/h2>\n<table style=\"height: 290px;\" border=\"0\" width=\"580\" cellspacing=\"10\" cellpadding=\"10\">\n<tbody>\n<tr>\n<td width=\"50%\"><strong>EIGER-M\u00d6NCH-JUNGFRAU &#8211; PRIVATFLUG (1-5 pax) &#8211; 40 Min.<\/strong><\/td>\n<td><span style=\"font-weight: bold; background-color: #ffffff;\">CHF 1&#8217;950.00 pro Privatflug<br \/><\/span><\/td>\n<\/tr>\n<tr>\n<td>Weitere Informationen<\/td>\n<td>&#8211; Sie haben den Helikopter ausschlie\u00dflich f\u00fcr sich<br \/>&#8211; Sie bestimmen das Datum und die Uhrzeit des Abflugs<br \/>&#8211; Maximal 5 Pers.<\/td>\n<\/tr>\n<tr>\n<td>Heliport<\/td>\n<td><a href=\"https:\/\/www.google.com\/maps\/place\/46%C2%B025'43.8%22N+7%C2%B016'14.8%22E\/@46.4289323,7.2660634,778m\/data=!3m1!1e3!4m4!3m3!8m2!3d46.4288333!4d7.2707778?entry=ttu\" target=\"_blank\" rel=\"noopener\">Gstaad-Grund<\/a><\/td>\n<\/tr>\n<tr>\n<td>Flugzeit<\/td>\n<td>40 Min.<\/td>\n<\/tr>\n<tr>\n<td>Gesamtdauer<\/td>\n<td>ca. 1:15 Std.<\/td>\n<\/tr>\n<tr>\n<td>Terminvereinbarung<\/td>\n<td>Per Telefon<\/td>\n<\/tr>\n<tr>\n<td><button class=\"elementor-button\" type=\"button\"><a href=\"https:\/\/swissraft.outdoorbooking.ch\/fo\/products\/67?base_id=12&amp;category_id=6&amp;order_type=gift_voucher&amp;lang=de\" target=\"_blank\" rel=\"noopener\">GUTSCHEIN KAUFEN<\/a><\/button><\/td>\n<td>Um zu buchen : <span class=\"patt\" style=\"font-family: inherit; font-size: inherit;\"><span class=\"plbl\"><span class=\"patt\"><a href=\"https:\/\/www.swissraft.ch\/de\/kontakt\/\">Kontaktieren Sie uns<\/a><\/span><\/span><\/span><\/td>\n<\/tr>\n<\/tbody>\n<\/table>\n\t\t\t\t\t\t<\/div>\n\t\t\t\t<\/div>\n\t\t\t\t\t<\/div>\n\t\t<\/div>\n\t\t\t\t\t\t\t<\/div>\n\t\t<\/section>\n\t\t\t\t\t\t\t<\/div>\n\t\t","protected":false},"excerpt":{"rendered":"<div align=\"justify\">\n<h2 align=\"justify\">Ein 40-min\u00fctiger Flug \u00fcber das Jungfraujoch und den Eiger von Gstaad-Grund aus.<\/h2>\n<h3>Der Helikopterflug von Gstaad-Grund \u00fcber das Jungfraujoch und den Eiger ist ein Erlebnis, das Sie nicht bereuen werden.<\/h3>\n<\/div>\n<div align=\"justify\">\n<p>Vom Heliport Gstaad-Grund aus machen Sie einen imposanten Helikopterflug \u00fcber das 4158 m hohe Jungfraujoch und den Eiger! Hier ist der Flugplan: Lenk &#8211; Adelboden &#8211; Kandersteg &#8211; Bl\u00fcemlisalp &#8211; Schilthorn &#8211; Kleine Scheidegg &#8211; Eiger Nordwand &#8211; Mittellegih\u00fctte &#8211; M\u00f6nchsjoch &#8211; Jungfraujoch &#8211; Rottal &#8211; Gasteretal &#8211; Engstligenalp &#8211; Wildstrubel &#8211; Lauenen und R\u00fcckflug zum Heliport Gstaad Grund.<\/p>\n<h3>Unsere Helikopter, die von zahlreichen Heliports und Flugpl\u00e4tzen aus starten, stehen Ihnen f\u00fcr Rundfl\u00fcge Ihrer Wahl oder \u00e0 la carte zur Verf\u00fcgung.<\/h3>\n<p id=\"textarea\" style=\"display: none;\">\nEbenso starten wir von Interlaken-Gsteigwiler und Saanen im Saanenland. Sowie von den Heliports in Lauterbrunnen, Lenk-Simmental und Schattenhalb-Meiringen. Wir starten auch von Collombey, Gampel und Sitten im Wallis. Wir starten auch von \u00c9pagny im Greyerzerland im Kanton Freiburg. Aber auch im Kanton Uri ab dem Heliport Erstfeld und ab Pfaffnau bei Luzern. Au\u00dferdem bieten wir Ihnen Fl\u00fcge vom Flugplatz Buttwil in Aargau an. Aber auch der Flugplatz Grenchen im Kanton Solothurn und der Flughafen Bern-Belp. Hubschrauberrundfl\u00fcge vom internationalen Flughafen Z\u00fcrich-Kloten. Ebenso wie von K\u00fcssnacht im Kanton Schwyz. Aber auch in Graub\u00fcnden von St. Moritz im Winter und im Engadin der Flughafen von Samedan. Au\u00dferdem bieten wir Helikopterfl\u00fcge von Flims, Tavanasa und Untervaz auch in Graub\u00fcnden an. Au\u00dferdem gibt es touristische Fl\u00fcge ins Tessin von den Flugh\u00e4fen Locarno und Lodrino aus. Wir starten auch von Balzers in Liechtenstein und vom Flugplatz Sitterdorf im Thurgau.\n<\/p>\n<p><a id=\"seeMore\" onclick=\"toggleSeeMore()\" href=\"javascript:void(0);\">Lesen Sie mehr<\/a><\/p>\n","protected":false},"featured_media":86083,"comment_status":"open","ping_status":"closed","template":"","meta":{"inline_featured_image":false,"_mi_skip_tracking":false},"product_cat":[263,367],"product_tag":[],"class_list":["post-91884","product","type-product","status-publish","has-post-thumbnail","hentry","product_cat-helikopterflug-in-der-schweiz","product_cat-helikopterrundflug-gstaad-grund"],"yoast_head":"<!-- This site is optimized with the Yoast SEO plugin v23.6 - https:\/\/yoast.com\/wordpress\/plugins\/seo\/ -->\n<title>Helikopterflug Eiger-M\u00f6nch-Jungfrau ab Gstaad-Grund<\/title>\n<meta name=\"description\" content=\"Eiger-M\u00f6nch-Jungfrau-Flug ab Gstaad-Grund im Helikopter f\u00fcr einen 40-min\u00fctigen herrlichen Flug um das Eigermassiv.\" \/>\n<meta name=\"robots\" content=\"index, follow, max-snippet:-1, max-image-preview:large, max-video-preview:-1\" \/>\n<link rel=\"canonical\" href=\"https:\/\/www.swissraft.ch\/de\/produkt\/helikopterflug-gstaad-grund-flug-eiger-moench-jungfrau\/\" \/>\n<meta property=\"og:locale\" content=\"de_DE\" \/>\n<meta property=\"og:type\" content=\"article\" \/>\n<meta property=\"og:title\" content=\"Helikopterflug Eiger-M\u00f6nch-Jungfrau ab Gstaad-Grund\" \/>\n<meta property=\"og:description\" content=\"Eiger-M\u00f6nch-Jungfrau-Flug ab Gstaad-Grund im Helikopter f\u00fcr einen 40-min\u00fctigen herrlichen Flug um das Eigermassiv.\" \/>\n<meta property=\"og:url\" content=\"https:\/\/www.swissraft.ch\/de\/produkt\/helikopterflug-gstaad-grund-flug-eiger-moench-jungfrau\/\" \/>\n<meta property=\"og:site_name\" content=\"Swissraft\" \/>\n<meta property=\"article:modified_time\" content=\"2024-12-07T01:04:25+00:00\" \/>\n<meta property=\"og:image\" content=\"https:\/\/www.swissraft.ch\/wp-content\/uploads\/2022\/12\/3-GSTAAD-GRUND-Eiger-Monch-Jungfrau-776x776-2.jpg\" \/>\n\t<meta property=\"og:image:width\" content=\"776\" \/>\n\t<meta property=\"og:image:height\" content=\"776\" \/>\n\t<meta property=\"og:image:type\" content=\"image\/jpeg\" \/>\n<meta name=\"twitter:card\" content=\"summary_large_image\" \/>\n<meta name=\"twitter:label1\" content=\"Gesch\u00e4tzte Lesezeit\" \/>\n\t<meta name=\"twitter:data1\" content=\"1\u00a0Minute\" \/>\n<script type=\"application\/ld+json\" class=\"yoast-schema-graph\">{\"@context\":\"https:\/\/schema.org\",\"@graph\":[{\"@type\":\"WebPage\",\"@id\":\"https:\/\/www.swissraft.ch\/de\/produkt\/helikopterflug-gstaad-grund-flug-eiger-moench-jungfrau\/\",\"url\":\"https:\/\/www.swissraft.ch\/de\/produkt\/helikopterflug-gstaad-grund-flug-eiger-moench-jungfrau\/\",\"name\":\"Helikopterflug Eiger-M\u00f6nch-Jungfrau ab Gstaad-Grund\",\"isPartOf\":{\"@id\":\"https:\/\/www.swissraft.ch\/de\/#website\"},\"primaryImageOfPage\":{\"@id\":\"https:\/\/www.swissraft.ch\/de\/produkt\/helikopterflug-gstaad-grund-flug-eiger-moench-jungfrau\/#primaryimage\"},\"image\":{\"@id\":\"https:\/\/www.swissraft.ch\/de\/produkt\/helikopterflug-gstaad-grund-flug-eiger-moench-jungfrau\/#primaryimage\"},\"thumbnailUrl\":\"https:\/\/www.swissraft.ch\/wp-content\/uploads\/2022\/12\/3-GSTAAD-GRUND-Eiger-Monch-Jungfrau-776x776-2.jpg\",\"datePublished\":\"2022-12-10T14:04:45+00:00\",\"dateModified\":\"2024-12-07T01:04:25+00:00\",\"description\":\"Eiger-M\u00f6nch-Jungfrau-Flug ab Gstaad-Grund im Helikopter f\u00fcr einen 40-min\u00fctigen herrlichen Flug um das Eigermassiv.\",\"breadcrumb\":{\"@id\":\"https:\/\/www.swissraft.ch\/de\/produkt\/helikopterflug-gstaad-grund-flug-eiger-moench-jungfrau\/#breadcrumb\"},\"inLanguage\":\"de\",\"potentialAction\":[{\"@type\":\"ReadAction\",\"target\":[\"https:\/\/www.swissraft.ch\/de\/produkt\/helikopterflug-gstaad-grund-flug-eiger-moench-jungfrau\/\"]}]},{\"@type\":\"ImageObject\",\"inLanguage\":\"de\",\"@id\":\"https:\/\/www.swissraft.ch\/de\/produkt\/helikopterflug-gstaad-grund-flug-eiger-moench-jungfrau\/#primaryimage\",\"url\":\"https:\/\/www.swissraft.ch\/wp-content\/uploads\/2022\/12\/3-GSTAAD-GRUND-Eiger-Monch-Jungfrau-776x776-2.jpg\",\"contentUrl\":\"https:\/\/www.swissraft.ch\/wp-content\/uploads\/2022\/12\/3-GSTAAD-GRUND-Eiger-Monch-Jungfrau-776x776-2.jpg\",\"width\":776,\"height\":776,\"caption\":\"Eiger-M\u00f6nch-Jungfrau-Helikopterflug von Gstaad-Grund aus\"},{\"@type\":\"BreadcrumbList\",\"@id\":\"https:\/\/www.swissraft.ch\/de\/produkt\/helikopterflug-gstaad-grund-flug-eiger-moench-jungfrau\/#breadcrumb\",\"itemListElement\":[{\"@type\":\"ListItem\",\"position\":1,\"name\":\"Accueil\",\"item\":\"https:\/\/www.swissraft.ch\/de\/\"},{\"@type\":\"ListItem\",\"position\":2,\"name\":\"Shop\",\"item\":\"https:\/\/www.swissraft.ch\/de\/shop\/\"},{\"@type\":\"ListItem\",\"position\":3,\"name\":\"Helikopterflug ab GSTAAD-GRUND &#8211; EIGER-M\u00d6NCH-JUNGFRAU &#8211; 40 Min. &#8211; CHF 1&#8217;950.00\"}]},{\"@type\":\"WebSite\",\"@id\":\"https:\/\/www.swissraft.ch\/de\/#website\",\"url\":\"https:\/\/www.swissraft.ch\/de\/\",\"name\":\"Swissraft\",\"description\":\"To enjoy nature as it is\",\"publisher\":{\"@id\":\"https:\/\/www.swissraft.ch\/de\/#organization\"},\"potentialAction\":[{\"@type\":\"SearchAction\",\"target\":{\"@type\":\"EntryPoint\",\"urlTemplate\":\"https:\/\/www.swissraft.ch\/de\/?s={search_term_string}\"},\"query-input\":{\"@type\":\"PropertyValueSpecification\",\"valueRequired\":true,\"valueName\":\"search_term_string\"}}],\"inLanguage\":\"de\"},{\"@type\":\"Organization\",\"@id\":\"https:\/\/www.swissraft.ch\/de\/#organization\",\"name\":\"Swissraft\",\"url\":\"https:\/\/www.swissraft.ch\/de\/\",\"logo\":{\"@type\":\"ImageObject\",\"inLanguage\":\"de\",\"@id\":\"https:\/\/www.swissraft.ch\/de\/#\/schema\/logo\/image\/\",\"url\":\"https:\/\/www.swissraft.ch\/wp-content\/uploads\/2025\/09\/Capture.jpg\",\"contentUrl\":\"https:\/\/www.swissraft.ch\/wp-content\/uploads\/2025\/09\/Capture.jpg\",\"width\":293,\"height\":108,\"caption\":\"Swissraft\"},\"image\":{\"@id\":\"https:\/\/www.swissraft.ch\/de\/#\/schema\/logo\/image\/\"}}]}<\/script>\n<!-- \/ Yoast SEO plugin. -->","yoast_head_json":{"title":"Helikopterflug Eiger-M\u00f6nch-Jungfrau ab Gstaad-Grund","description":"Eiger-M\u00f6nch-Jungfrau-Flug ab Gstaad-Grund im Helikopter f\u00fcr einen 40-min\u00fctigen herrlichen Flug um das Eigermassiv.","robots":{"index":"index","follow":"follow","max-snippet":"max-snippet:-1","max-image-preview":"max-image-preview:large","max-video-preview":"max-video-preview:-1"},"canonical":"https:\/\/www.swissraft.ch\/de\/produkt\/helikopterflug-gstaad-grund-flug-eiger-moench-jungfrau\/","og_locale":"de_DE","og_type":"article","og_title":"Helikopterflug Eiger-M\u00f6nch-Jungfrau ab Gstaad-Grund","og_description":"Eiger-M\u00f6nch-Jungfrau-Flug ab Gstaad-Grund im Helikopter f\u00fcr einen 40-min\u00fctigen herrlichen Flug um das Eigermassiv.","og_url":"https:\/\/www.swissraft.ch\/de\/produkt\/helikopterflug-gstaad-grund-flug-eiger-moench-jungfrau\/","og_site_name":"Swissraft","article_modified_time":"2024-12-07T01:04:25+00:00","og_image":[{"width":776,"height":776,"url":"https:\/\/www.swissraft.ch\/wp-content\/uploads\/2022\/12\/3-GSTAAD-GRUND-Eiger-Monch-Jungfrau-776x776-2.jpg","type":"image\/jpeg"}],"twitter_card":"summary_large_image","twitter_misc":{"Gesch\u00e4tzte Lesezeit":"1\u00a0Minute"},"schema":{"@context":"https:\/\/schema.org","@graph":[{"@type":"WebPage","@id":"https:\/\/www.swissraft.ch\/de\/produkt\/helikopterflug-gstaad-grund-flug-eiger-moench-jungfrau\/","url":"https:\/\/www.swissraft.ch\/de\/produkt\/helikopterflug-gstaad-grund-flug-eiger-moench-jungfrau\/","name":"Helikopterflug Eiger-M\u00f6nch-Jungfrau ab Gstaad-Grund","isPartOf":{"@id":"https:\/\/www.swissraft.ch\/de\/#website"},"primaryImageOfPage":{"@id":"https:\/\/www.swissraft.ch\/de\/produkt\/helikopterflug-gstaad-grund-flug-eiger-moench-jungfrau\/#primaryimage"},"image":{"@id":"https:\/\/www.swissraft.ch\/de\/produkt\/helikopterflug-gstaad-grund-flug-eiger-moench-jungfrau\/#primaryimage"},"thumbnailUrl":"https:\/\/www.swissraft.ch\/wp-content\/uploads\/2022\/12\/3-GSTAAD-GRUND-Eiger-Monch-Jungfrau-776x776-2.jpg","datePublished":"2022-12-10T14:04:45+00:00","dateModified":"2024-12-07T01:04:25+00:00","description":"Eiger-M\u00f6nch-Jungfrau-Flug ab Gstaad-Grund im Helikopter f\u00fcr einen 40-min\u00fctigen herrlichen Flug um das Eigermassiv.","breadcrumb":{"@id":"https:\/\/www.swissraft.ch\/de\/produkt\/helikopterflug-gstaad-grund-flug-eiger-moench-jungfrau\/#breadcrumb"},"inLanguage":"de","potentialAction":[{"@type":"ReadAction","target":["https:\/\/www.swissraft.ch\/de\/produkt\/helikopterflug-gstaad-grund-flug-eiger-moench-jungfrau\/"]}]},{"@type":"ImageObject","inLanguage":"de","@id":"https:\/\/www.swissraft.ch\/de\/produkt\/helikopterflug-gstaad-grund-flug-eiger-moench-jungfrau\/#primaryimage","url":"https:\/\/www.swissraft.ch\/wp-content\/uploads\/2022\/12\/3-GSTAAD-GRUND-Eiger-Monch-Jungfrau-776x776-2.jpg","contentUrl":"https:\/\/www.swissraft.ch\/wp-content\/uploads\/2022\/12\/3-GSTAAD-GRUND-Eiger-Monch-Jungfrau-776x776-2.jpg","width":776,"height":776,"caption":"Eiger-M\u00f6nch-Jungfrau-Helikopterflug von Gstaad-Grund aus"},{"@type":"BreadcrumbList","@id":"https:\/\/www.swissraft.ch\/de\/produkt\/helikopterflug-gstaad-grund-flug-eiger-moench-jungfrau\/#breadcrumb","itemListElement":[{"@type":"ListItem","position":1,"name":"Accueil","item":"https:\/\/www.swissraft.ch\/de\/"},{"@type":"ListItem","position":2,"name":"Shop","item":"https:\/\/www.swissraft.ch\/de\/shop\/"},{"@type":"ListItem","position":3,"name":"Helikopterflug ab GSTAAD-GRUND &#8211; EIGER-M\u00d6NCH-JUNGFRAU &#8211; 40 Min. &#8211; CHF 1&#8217;950.00"}]},{"@type":"WebSite","@id":"https:\/\/www.swissraft.ch\/de\/#website","url":"https:\/\/www.swissraft.ch\/de\/","name":"Swissraft","description":"To enjoy nature as it is","publisher":{"@id":"https:\/\/www.swissraft.ch\/de\/#organization"},"potentialAction":[{"@type":"SearchAction","target":{"@type":"EntryPoint","urlTemplate":"https:\/\/www.swissraft.ch\/de\/?s={search_term_string}"},"query-input":{"@type":"PropertyValueSpecification","valueRequired":true,"valueName":"search_term_string"}}],"inLanguage":"de"},{"@type":"Organization","@id":"https:\/\/www.swissraft.ch\/de\/#organization","name":"Swissraft","url":"https:\/\/www.swissraft.ch\/de\/","logo":{"@type":"ImageObject","inLanguage":"de","@id":"https:\/\/www.swissraft.ch\/de\/#\/schema\/logo\/image\/","url":"https:\/\/www.swissraft.ch\/wp-content\/uploads\/2025\/09\/Capture.jpg","contentUrl":"https:\/\/www.swissraft.ch\/wp-content\/uploads\/2025\/09\/Capture.jpg","width":293,"height":108,"caption":"Swissraft"},"image":{"@id":"https:\/\/www.swissraft.ch\/de\/#\/schema\/logo\/image\/"}}]}},"_links":{"self":[{"href":"https:\/\/www.swissraft.ch\/de\/wp-json\/wp\/v2\/product\/91884","targetHints":{"allow":["GET"]}}],"collection":[{"href":"https:\/\/www.swissraft.ch\/de\/wp-json\/wp\/v2\/product"}],"about":[{"href":"https:\/\/www.swissraft.ch\/de\/wp-json\/wp\/v2\/types\/product"}],"replies":[{"embeddable":true,"href":"https:\/\/www.swissraft.ch\/de\/wp-json\/wp\/v2\/comments?post=91884"}],"version-history":[{"count":0,"href":"https:\/\/www.swissraft.ch\/de\/wp-json\/wp\/v2\/product\/91884\/revisions"}],"wp:featuredmedia":[{"embeddable":true,"href":"https:\/\/www.swissraft.ch\/de\/wp-json\/wp\/v2\/media\/86083"}],"wp:attachment":[{"href":"https:\/\/www.swissraft.ch\/de\/wp-json\/wp\/v2\/media?parent=91884"}],"wp:term":[{"taxonomy":"product_cat","embeddable":true,"href":"https:\/\/www.swissraft.ch\/de\/wp-json\/wp\/v2\/product_cat?post=91884"},{"taxonomy":"product_tag","embeddable":true,"href":"https:\/\/www.swissraft.ch\/de\/wp-json\/wp\/v2\/product_tag?post=91884"}],"curies":[{"name":"wp","href":"https:\/\/api.w.org\/{rel}","templated":true}]}}