{"id":91880,"date":"2022-12-10T14:59:23","date_gmt":"2022-12-10T13:59:23","guid":{"rendered":"https:\/\/swissraft.xyanzkdne.eu\/product\/helikopterflug-von-gstaad-grund-die-alpen-20-min-chf-980-00\/"},"modified":"2024-12-06T22:06:52","modified_gmt":"2024-12-06T21:06:52","slug":"helikopterflug-gstaad-grund-die-alpen","status":"publish","type":"product","link":"https:\/\/www.swissraft.ch\/de\/produkt\/helikopterflug-gstaad-grund-die-alpen\/","title":{"rendered":"Helikopterflug ab GSTAAD-GRUND &#8211; DIE ALPEN &#8211; 20 Min. &#8211; CHF 980.00"},"content":{"rendered":"\t\t<div data-elementor-type=\"wp-post\" data-elementor-id=\"91880\" class=\"elementor elementor-91880 elementor-29463\">\n\t\t\t\t\t\t\t\t\t<section class=\"elementor-section elementor-top-section elementor-element elementor-element-3303a7e3 elementor-section-boxed elementor-section-height-default elementor-section-height-default\" data-id=\"3303a7e3\" data-element_type=\"section\">\n\t\t\t\t\t\t<div class=\"elementor-container elementor-column-gap-default\">\n\t\t\t\t\t<div class=\"elementor-column elementor-col-100 elementor-top-column elementor-element elementor-element-16d72dbf\" data-id=\"16d72dbf\" data-element_type=\"column\">\n\t\t\t<div class=\"elementor-widget-wrap elementor-element-populated\">\n\t\t\t\t\t\t\t\t<div class=\"elementor-element elementor-element-d743c03 elementor-widget elementor-widget-text-editor\" data-id=\"d743c03\" data-element_type=\"widget\" data-widget_type=\"text-editor.default\">\n\t\t\t\t<div class=\"elementor-widget-container\">\n\t\t\t\t\t\t\t<h2>W\u00c4HLEN SIE UNTEN IHRE AKTIVIT\u00c4T AUS, UM GESCHENKGUTSCHEINE \/ TICKETS ZU VERSCHENKEN ODER ZU BUCHEN.<\/h2><table style=\"height: 290px;\" border=\"0\" width=\"580\" cellspacing=\"10\" cellpadding=\"10\"><tbody><tr><td width=\"50%\"><strong>DIE ALPEN &#8211; PRIVATFLUG (1-5 pax) &#8211; 20 Min.<\/strong><\/td><td><span style=\"font-weight: bold; background-color: #ffffff;\">CHF 980.00.00 pro Privatflug<br \/><\/span><\/td><\/tr><tr><td>Weitere Informationen<\/td><td>&#8211; Sie haben den Helikopter ausschlie\u00dflich f\u00fcr sich<br \/>&#8211; Sie bestimmen das Datum und die Uhrzeit des Abflugs<br \/>&#8211; Maximal 5 Pers.<\/td><\/tr><tr><td>Heliport<\/td><td><a href=\"https:\/\/www.google.com\/maps\/place\/46%C2%B025'43.8%22N+7%C2%B016'14.8%22E\/@46.4289323,7.2660634,778m\/data=!3m1!1e3!4m4!3m3!8m2!3d46.4288333!4d7.2707778?entry=ttu\" target=\"_blank\" rel=\"noopener\">Gstaad-Grund<\/a><\/td><\/tr><tr><td>Flugzeit<\/td><td>20 Min.<\/td><\/tr><tr><td>Gesamtdauer<\/td><td>ca. 50 Min.<\/td><\/tr><tr><td>Terminvereinbarung<\/td><td>Per Telefon<\/td><\/tr><tr><td><button class=\"elementor-button\" type=\"button\"><a href=\"https:\/\/swissraft.outdoorbooking.ch\/fo\/products\/66?base_id=12&amp;category_id=6&amp;order_type=gift_voucher&amp;lang=de\" target=\"_blank\" rel=\"noopener\">GUTSCHEIN KAUFEN<\/a><\/button><\/td><td>Um zu buchen : <span class=\"patt\" style=\"font-family: inherit; font-size: inherit;\"><span class=\"plbl\"><span class=\"patt\"><a href=\"https:\/\/www.swissraft.ch\/de\/kontakt\/\">Kontaktieren Sie uns<\/a><\/span><\/span><\/span><\/td><\/tr><\/tbody><\/table>\t\t\t\t\t\t<\/div>\n\t\t\t\t<\/div>\n\t\t\t\t\t<\/div>\n\t\t<\/div>\n\t\t\t\t\t\t\t<\/div>\n\t\t<\/section>\n\t\t\t\t\t\t\t<\/div>\n\t\t","protected":false},"excerpt":{"rendered":"<div align=\"justify\">\n<h2 align=\"justify\">20-min\u00fctiger Helikopterflug \u00fcber die Umgebung des Saanenlandes<\/h2>\n<h3>Das Saanenland mit seinen typischen D\u00f6rfern und den umliegenden Gipfeln ist ein Genuss f\u00fcr alle, die sich f\u00fcr diesen Panorama-Hubschrauberrundflug entschieden haben. Das Programm sieht wie folgt aus: Lauenen &#8211; Lenk &#8211; Hahnenmoospass &#8211; Wildstrubel &#8211; Glacier de la Plaine Morte &#8211; Rawilpass &#8211; Wildhorn &#8211; Sanetschpass &#8211; Les Diablerets &#8211; Col du Pillon &#8211; Arnensee und dann zur\u00fcck nach Gstaad Grund.<\/h3>\n<\/div>\n<div align=\"justify\">\n<p>Von Gstaad-Grund aus fliegen Sie mit unserem Hubschrauber Ecureuil B2 \u00fcber das sch\u00f6ne Saanenland.<\/p>\n<h3>Swissraft bietet Ihnen weitere Touren an, die von vielen Heliports und Flugpl\u00e4tzen in der Schweiz aus starten.<\/h3>\n<p id=\"textarea\" style=\"display: none;\">\nWir starten auch vom Heliport Interlaken-Gsteigwiler und vom Flugplatz Saanen im Saanenland. Sowie von den Heliports Lauterbrunnen, Lenk-Simmental und Schattenhalb-Meiringen, die ebenfalls im Berner Oberland liegen. Wir fliegen aber auch von Collombey und Gampel sowie vom Flughafen Sitten im Wallis. Au\u00dferdem starten wir von \u00c9pagny im Greyerzerland im Kanton Freiburg. Aber auch im Kanton Uri ab dem Heliport Erstfeld und ab Pfaffnau im Kanton Luzern. Vom Flugplatz Buttwil in Aargau. Au\u00dferdem starten wir vom Flugplatz Grenchen im Kanton Solothurn und vom Flughafen Bern-Belp. Rundfl\u00fcge vom internationalen Flughafen Z\u00fcrich-Kloten. Sowie vom Heliport K\u00fcssnacht im Kanton Schwyz. Au\u00dferdem fliegen wir von St. Moritz im Winter und das ganze Jahr \u00fcber der Flughafen Samedan im Engadin. Helikopterrundfl\u00fcge von den Heliports Flims, Tavanasa und Untervaz auch in Graub\u00fcnden. Wir bieten auch Fl\u00fcge in den Kanton Tessin von den Flugpl\u00e4tzen Locarno und Lodrino aus an. Flugreisen nach Liechtenstein ab Balzers und in den Thurgau ab dem Flugplatz Sitterdorf.\n<\/p>\n<p><a id=\"seeMore\" onclick=\"toggleSeeMore()\" href=\"javascript:void(0);\">Lesen Sie mehr<\/a><\/p>\n","protected":false},"featured_media":86071,"comment_status":"open","ping_status":"closed","template":"","meta":{"inline_featured_image":false,"_mi_skip_tracking":false},"product_cat":[263,367],"product_tag":[],"class_list":["post-91880","product","type-product","status-publish","has-post-thumbnail","hentry","product_cat-helikopterflug-in-der-schweiz","product_cat-helikopterrundflug-gstaad-grund"],"yoast_head":"<!-- This site is optimized with the Yoast SEO plugin v23.6 - https:\/\/yoast.com\/wordpress\/plugins\/seo\/ -->\n<title>Die Alpen ab Gstaad-Grund mit dem Helikopter<\/title>\n<meta name=\"description\" content=\"Die Alpen von Gstaad-Grund aus mit dem Hubschrauber f\u00fcr 20 Minuten voller Begeisterung, w\u00e4hrend Sie die Gipfel rund um das Saanenland erkunden\" \/>\n<meta name=\"robots\" content=\"index, follow, max-snippet:-1, max-image-preview:large, max-video-preview:-1\" \/>\n<link rel=\"canonical\" href=\"https:\/\/www.swissraft.ch\/de\/produkt\/helikopterflug-gstaad-grund-die-alpen\/\" \/>\n<meta property=\"og:locale\" content=\"de_DE\" \/>\n<meta property=\"og:type\" content=\"article\" \/>\n<meta property=\"og:title\" content=\"Die Alpen ab Gstaad-Grund mit dem Helikopter\" \/>\n<meta property=\"og:description\" content=\"Die Alpen von Gstaad-Grund aus mit dem Hubschrauber f\u00fcr 20 Minuten voller Begeisterung, w\u00e4hrend Sie die Gipfel rund um das Saanenland erkunden\" \/>\n<meta property=\"og:url\" content=\"https:\/\/www.swissraft.ch\/de\/produkt\/helikopterflug-gstaad-grund-die-alpen\/\" \/>\n<meta property=\"og:site_name\" content=\"Swissraft\" \/>\n<meta property=\"article:modified_time\" content=\"2024-12-06T21:06:52+00:00\" \/>\n<meta property=\"og:image\" content=\"https:\/\/www.swissraft.ch\/wp-content\/uploads\/2022\/12\/2-GSTAAD-GRUND-Alpen-776x776-2.jpg\" \/>\n\t<meta property=\"og:image:width\" content=\"776\" \/>\n\t<meta property=\"og:image:height\" content=\"776\" \/>\n\t<meta property=\"og:image:type\" content=\"image\/jpeg\" \/>\n<meta name=\"twitter:card\" content=\"summary_large_image\" \/>\n<meta name=\"twitter:label1\" content=\"Gesch\u00e4tzte Lesezeit\" \/>\n\t<meta name=\"twitter:data1\" content=\"1\u00a0Minute\" \/>\n<script type=\"application\/ld+json\" class=\"yoast-schema-graph\">{\"@context\":\"https:\/\/schema.org\",\"@graph\":[{\"@type\":\"WebPage\",\"@id\":\"https:\/\/www.swissraft.ch\/de\/produkt\/helikopterflug-gstaad-grund-die-alpen\/\",\"url\":\"https:\/\/www.swissraft.ch\/de\/produkt\/helikopterflug-gstaad-grund-die-alpen\/\",\"name\":\"Die Alpen ab Gstaad-Grund mit dem Helikopter\",\"isPartOf\":{\"@id\":\"https:\/\/www.swissraft.ch\/de\/#website\"},\"primaryImageOfPage\":{\"@id\":\"https:\/\/www.swissraft.ch\/de\/produkt\/helikopterflug-gstaad-grund-die-alpen\/#primaryimage\"},\"image\":{\"@id\":\"https:\/\/www.swissraft.ch\/de\/produkt\/helikopterflug-gstaad-grund-die-alpen\/#primaryimage\"},\"thumbnailUrl\":\"https:\/\/www.swissraft.ch\/wp-content\/uploads\/2022\/12\/2-GSTAAD-GRUND-Alpen-776x776-2.jpg\",\"datePublished\":\"2022-12-10T13:59:23+00:00\",\"dateModified\":\"2024-12-06T21:06:52+00:00\",\"description\":\"Die Alpen von Gstaad-Grund aus mit dem Hubschrauber f\u00fcr 20 Minuten voller Begeisterung, w\u00e4hrend Sie die Gipfel rund um das Saanenland erkunden\",\"breadcrumb\":{\"@id\":\"https:\/\/www.swissraft.ch\/de\/produkt\/helikopterflug-gstaad-grund-die-alpen\/#breadcrumb\"},\"inLanguage\":\"de\",\"potentialAction\":[{\"@type\":\"ReadAction\",\"target\":[\"https:\/\/www.swissraft.ch\/de\/produkt\/helikopterflug-gstaad-grund-die-alpen\/\"]}]},{\"@type\":\"ImageObject\",\"inLanguage\":\"de\",\"@id\":\"https:\/\/www.swissraft.ch\/de\/produkt\/helikopterflug-gstaad-grund-die-alpen\/#primaryimage\",\"url\":\"https:\/\/www.swissraft.ch\/wp-content\/uploads\/2022\/12\/2-GSTAAD-GRUND-Alpen-776x776-2.jpg\",\"contentUrl\":\"https:\/\/www.swissraft.ch\/wp-content\/uploads\/2022\/12\/2-GSTAAD-GRUND-Alpen-776x776-2.jpg\",\"width\":776,\"height\":776,\"caption\":\"Die Alpen im Saanenland mit dem Hubschrauber\"},{\"@type\":\"BreadcrumbList\",\"@id\":\"https:\/\/www.swissraft.ch\/de\/produkt\/helikopterflug-gstaad-grund-die-alpen\/#breadcrumb\",\"itemListElement\":[{\"@type\":\"ListItem\",\"position\":1,\"name\":\"Accueil\",\"item\":\"https:\/\/www.swissraft.ch\/de\/\"},{\"@type\":\"ListItem\",\"position\":2,\"name\":\"Shop\",\"item\":\"https:\/\/www.swissraft.ch\/de\/shop\/\"},{\"@type\":\"ListItem\",\"position\":3,\"name\":\"Helikopterflug ab GSTAAD-GRUND &#8211; DIE ALPEN &#8211; 20 Min. &#8211; CHF 980.00\"}]},{\"@type\":\"WebSite\",\"@id\":\"https:\/\/www.swissraft.ch\/de\/#website\",\"url\":\"https:\/\/www.swissraft.ch\/de\/\",\"name\":\"Swissraft\",\"description\":\"To enjoy nature as it is\",\"publisher\":{\"@id\":\"https:\/\/www.swissraft.ch\/de\/#organization\"},\"potentialAction\":[{\"@type\":\"SearchAction\",\"target\":{\"@type\":\"EntryPoint\",\"urlTemplate\":\"https:\/\/www.swissraft.ch\/de\/?s={search_term_string}\"},\"query-input\":{\"@type\":\"PropertyValueSpecification\",\"valueRequired\":true,\"valueName\":\"search_term_string\"}}],\"inLanguage\":\"de\"},{\"@type\":\"Organization\",\"@id\":\"https:\/\/www.swissraft.ch\/de\/#organization\",\"name\":\"Swissraft\",\"url\":\"https:\/\/www.swissraft.ch\/de\/\",\"logo\":{\"@type\":\"ImageObject\",\"inLanguage\":\"de\",\"@id\":\"https:\/\/www.swissraft.ch\/de\/#\/schema\/logo\/image\/\",\"url\":\"https:\/\/www.swissraft.ch\/wp-content\/uploads\/2025\/09\/Capture.jpg\",\"contentUrl\":\"https:\/\/www.swissraft.ch\/wp-content\/uploads\/2025\/09\/Capture.jpg\",\"width\":293,\"height\":108,\"caption\":\"Swissraft\"},\"image\":{\"@id\":\"https:\/\/www.swissraft.ch\/de\/#\/schema\/logo\/image\/\"}}]}<\/script>\n<!-- \/ Yoast SEO plugin. -->","yoast_head_json":{"title":"Die Alpen ab Gstaad-Grund mit dem Helikopter","description":"Die Alpen von Gstaad-Grund aus mit dem Hubschrauber f\u00fcr 20 Minuten voller Begeisterung, w\u00e4hrend Sie die Gipfel rund um das Saanenland erkunden","robots":{"index":"index","follow":"follow","max-snippet":"max-snippet:-1","max-image-preview":"max-image-preview:large","max-video-preview":"max-video-preview:-1"},"canonical":"https:\/\/www.swissraft.ch\/de\/produkt\/helikopterflug-gstaad-grund-die-alpen\/","og_locale":"de_DE","og_type":"article","og_title":"Die Alpen ab Gstaad-Grund mit dem Helikopter","og_description":"Die Alpen von Gstaad-Grund aus mit dem Hubschrauber f\u00fcr 20 Minuten voller Begeisterung, w\u00e4hrend Sie die Gipfel rund um das Saanenland erkunden","og_url":"https:\/\/www.swissraft.ch\/de\/produkt\/helikopterflug-gstaad-grund-die-alpen\/","og_site_name":"Swissraft","article_modified_time":"2024-12-06T21:06:52+00:00","og_image":[{"width":776,"height":776,"url":"https:\/\/www.swissraft.ch\/wp-content\/uploads\/2022\/12\/2-GSTAAD-GRUND-Alpen-776x776-2.jpg","type":"image\/jpeg"}],"twitter_card":"summary_large_image","twitter_misc":{"Gesch\u00e4tzte Lesezeit":"1\u00a0Minute"},"schema":{"@context":"https:\/\/schema.org","@graph":[{"@type":"WebPage","@id":"https:\/\/www.swissraft.ch\/de\/produkt\/helikopterflug-gstaad-grund-die-alpen\/","url":"https:\/\/www.swissraft.ch\/de\/produkt\/helikopterflug-gstaad-grund-die-alpen\/","name":"Die Alpen ab Gstaad-Grund mit dem Helikopter","isPartOf":{"@id":"https:\/\/www.swissraft.ch\/de\/#website"},"primaryImageOfPage":{"@id":"https:\/\/www.swissraft.ch\/de\/produkt\/helikopterflug-gstaad-grund-die-alpen\/#primaryimage"},"image":{"@id":"https:\/\/www.swissraft.ch\/de\/produkt\/helikopterflug-gstaad-grund-die-alpen\/#primaryimage"},"thumbnailUrl":"https:\/\/www.swissraft.ch\/wp-content\/uploads\/2022\/12\/2-GSTAAD-GRUND-Alpen-776x776-2.jpg","datePublished":"2022-12-10T13:59:23+00:00","dateModified":"2024-12-06T21:06:52+00:00","description":"Die Alpen von Gstaad-Grund aus mit dem Hubschrauber f\u00fcr 20 Minuten voller Begeisterung, w\u00e4hrend Sie die Gipfel rund um das Saanenland erkunden","breadcrumb":{"@id":"https:\/\/www.swissraft.ch\/de\/produkt\/helikopterflug-gstaad-grund-die-alpen\/#breadcrumb"},"inLanguage":"de","potentialAction":[{"@type":"ReadAction","target":["https:\/\/www.swissraft.ch\/de\/produkt\/helikopterflug-gstaad-grund-die-alpen\/"]}]},{"@type":"ImageObject","inLanguage":"de","@id":"https:\/\/www.swissraft.ch\/de\/produkt\/helikopterflug-gstaad-grund-die-alpen\/#primaryimage","url":"https:\/\/www.swissraft.ch\/wp-content\/uploads\/2022\/12\/2-GSTAAD-GRUND-Alpen-776x776-2.jpg","contentUrl":"https:\/\/www.swissraft.ch\/wp-content\/uploads\/2022\/12\/2-GSTAAD-GRUND-Alpen-776x776-2.jpg","width":776,"height":776,"caption":"Die Alpen im Saanenland mit dem Hubschrauber"},{"@type":"BreadcrumbList","@id":"https:\/\/www.swissraft.ch\/de\/produkt\/helikopterflug-gstaad-grund-die-alpen\/#breadcrumb","itemListElement":[{"@type":"ListItem","position":1,"name":"Accueil","item":"https:\/\/www.swissraft.ch\/de\/"},{"@type":"ListItem","position":2,"name":"Shop","item":"https:\/\/www.swissraft.ch\/de\/shop\/"},{"@type":"ListItem","position":3,"name":"Helikopterflug ab GSTAAD-GRUND &#8211; DIE ALPEN &#8211; 20 Min. &#8211; CHF 980.00"}]},{"@type":"WebSite","@id":"https:\/\/www.swissraft.ch\/de\/#website","url":"https:\/\/www.swissraft.ch\/de\/","name":"Swissraft","description":"To enjoy nature as it is","publisher":{"@id":"https:\/\/www.swissraft.ch\/de\/#organization"},"potentialAction":[{"@type":"SearchAction","target":{"@type":"EntryPoint","urlTemplate":"https:\/\/www.swissraft.ch\/de\/?s={search_term_string}"},"query-input":{"@type":"PropertyValueSpecification","valueRequired":true,"valueName":"search_term_string"}}],"inLanguage":"de"},{"@type":"Organization","@id":"https:\/\/www.swissraft.ch\/de\/#organization","name":"Swissraft","url":"https:\/\/www.swissraft.ch\/de\/","logo":{"@type":"ImageObject","inLanguage":"de","@id":"https:\/\/www.swissraft.ch\/de\/#\/schema\/logo\/image\/","url":"https:\/\/www.swissraft.ch\/wp-content\/uploads\/2025\/09\/Capture.jpg","contentUrl":"https:\/\/www.swissraft.ch\/wp-content\/uploads\/2025\/09\/Capture.jpg","width":293,"height":108,"caption":"Swissraft"},"image":{"@id":"https:\/\/www.swissraft.ch\/de\/#\/schema\/logo\/image\/"}}]}},"_links":{"self":[{"href":"https:\/\/www.swissraft.ch\/de\/wp-json\/wp\/v2\/product\/91880","targetHints":{"allow":["GET"]}}],"collection":[{"href":"https:\/\/www.swissraft.ch\/de\/wp-json\/wp\/v2\/product"}],"about":[{"href":"https:\/\/www.swissraft.ch\/de\/wp-json\/wp\/v2\/types\/product"}],"replies":[{"embeddable":true,"href":"https:\/\/www.swissraft.ch\/de\/wp-json\/wp\/v2\/comments?post=91880"}],"version-history":[{"count":0,"href":"https:\/\/www.swissraft.ch\/de\/wp-json\/wp\/v2\/product\/91880\/revisions"}],"wp:featuredmedia":[{"embeddable":true,"href":"https:\/\/www.swissraft.ch\/de\/wp-json\/wp\/v2\/media\/86071"}],"wp:attachment":[{"href":"https:\/\/www.swissraft.ch\/de\/wp-json\/wp\/v2\/media?parent=91880"}],"wp:term":[{"taxonomy":"product_cat","embeddable":true,"href":"https:\/\/www.swissraft.ch\/de\/wp-json\/wp\/v2\/product_cat?post=91880"},{"taxonomy":"product_tag","embeddable":true,"href":"https:\/\/www.swissraft.ch\/de\/wp-json\/wp\/v2\/product_tag?post=91880"}],"curies":[{"name":"wp","href":"https:\/\/api.w.org\/{rel}","templated":true}]}}