{"id":91879,"date":"2022-12-10T13:56:03","date_gmt":"2022-12-10T12:56:03","guid":{"rendered":"https:\/\/swissraft.xyanzkdne.eu\/product\/hubschrauberflug-von-lauterbrunnen-glaciers-flug-20-min-ab-chf-811-00\/"},"modified":"2025-03-29T22:17:07","modified_gmt":"2025-03-29T21:17:07","slug":"hubschrauberflug-von-lauterbrunnen-glaciers-flug-20-min-ab-chf-811-00","status":"publish","type":"product","link":"https:\/\/www.swissraft.ch\/de\/produkt\/hubschrauberflug-von-lauterbrunnen-glaciers-flug-20-min-ab-chf-811-00\/","title":{"rendered":"Helikopterflug ab LAUTERBRUNNEN &#8211; GLETSCHERSFLUG &#8211; 20 Min. &#8211; Ab CHF 870.00"},"content":{"rendered":"\t\t<div data-elementor-type=\"wp-post\" data-elementor-id=\"91879\" class=\"elementor elementor-91879 elementor-29416\">\n\t\t\t\t\t\t\t\t\t<section class=\"elementor-section elementor-top-section elementor-element elementor-element-3303a7e3 elementor-section-boxed elementor-section-height-default elementor-section-height-default\" data-id=\"3303a7e3\" data-element_type=\"section\">\n\t\t\t\t\t\t<div class=\"elementor-container elementor-column-gap-default\">\n\t\t\t\t\t<div class=\"elementor-column elementor-col-100 elementor-top-column elementor-element elementor-element-16d72dbf\" data-id=\"16d72dbf\" data-element_type=\"column\">\n\t\t\t<div class=\"elementor-widget-wrap elementor-element-populated\">\n\t\t\t\t\t\t\t\t<div class=\"elementor-element elementor-element-d743c03 elementor-widget elementor-widget-text-editor\" data-id=\"d743c03\" data-element_type=\"widget\" data-widget_type=\"text-editor.default\">\n\t\t\t\t<div class=\"elementor-widget-container\">\n\t\t\t\t\t\t\t<h2>W\u00c4HLEN SIE UNTEN IHRE AKTIVIT\u00c4T AUS, UM GESCHENKGUTSCHEINE \/ TICKETS ZU VERSCHENKEN ODER ZU BUCHEN.<\/h2>\n<table style=\"height: 290px;\" border=\"0\" width=\"580\" cellspacing=\"10\" cellpadding=\"10\">\n<tbody>\n<tr>\n<td width=\"50%\"><strong>GLETSCHERSFLUG &#8211; PRIVATFLUG (1-5 Pers.) &#8211; 20 Min.<\/strong><\/td>\n<td><strong>CHF 870.00 pro Privatflug<\/strong><\/td>\n<\/tr>\n<tr>\n<td>Weitere Informationen<\/td>\n<td> &#8211; Sie haben den Helikopter ausschlie\u00dflich f\u00fcr sich<br \/>&#8211; Sie bestimmen das Datum und die Uhrzeit des Abflugs<br \/>&#8211; Maximal 5 Pers.<\/td>\n<\/tr>\n<tr>\n<td>Heliport<\/td>\n<td><a href=\"https:\/\/www.google.com\/maps\/place\/46%C2%B035'08.5%22N+7%C2%B054'49.9%22E\/@46.5866323,7.8960457,3102m\/data=!3m1!1e3!4m4!3m3!8m2!3d46.5856944!4d7.9138611?entry=ttu\" target=\"_blank\" rel=\"noopener\">Lauterbrunnen<\/a><\/td>\n<\/tr>\n<tr>\n<td>Flugzeit<\/td>\n<td>20 Min.<\/td>\n<\/tr>\n<tr>\n<td>Gesamtdauer<\/td>\n<td>ca. 1 Std.<\/td>\n<\/tr>\n<tr>\n<td>Terminvereinbarung<\/td>\n<td>Per Telefon<\/td>\n<\/tr>\n<tr>\n<td><button class=\"elementor-button\" type=\"button\"><a href=\"https:\/\/swissraft.outdoorbooking.ch\/fo\/products\/1726?base_id=21&amp;category_id=6&amp;order_type=gift_voucher&amp;lang=de\" target=\"_blank\" rel=\"noopener\">GUTSCHEIN KAUFEN<\/a><\/button><\/td>\n<td><strong>CHF 870.00 &#8211; Privatflug<\/strong><strong> (1-3 Pers.)<\/strong><\/td>\n<\/tr>\n<tr>\n<td><button class=\"elementor-button\" type=\"button\"><a href=\"https:\/\/swissraft.outdoorbooking.ch\/fo\/products\/1727?base_id=21&amp;category_id=6&amp;order_type=gift_voucher&amp;lang=de\" target=\"_blank\" rel=\"noopener\">GUTSCHEIN KAUFEN<\/a><\/button><\/td>\n<td><strong>CHF 930.00 &#8211; Privatflug<\/strong><strong> (1-3 pax) &#8211; LANDUNG AUF EINEM GLACIER<\/strong><\/td>\n<\/tr>\n<tr>\n<td><button class=\"elementor-button\" type=\"button\"><a href=\"https:\/\/swissraft.outdoorbooking.ch\/fo\/products\/1731?base_id=227&amp;category_id=6&amp;order_type=gift_voucher&amp;lang=de\" target=\"_blank\" rel=\"noopener\">GUTSCHEIN KAUFEN<\/a><\/button><\/td>\n<td><strong>CHF 1&#8217;000.00 &#8211; Privatflug<\/strong><strong> (4 Pers.)<\/strong><\/td>\n<\/tr>\n<tr>\n<td><button class=\"elementor-button\" type=\"button\"><a href=\"https:\/\/swissraft.outdoorbooking.ch\/fo\/products\/1730?base_id=227&amp;category_id=6&amp;order_type=gift_voucher&amp;lang=de\" target=\"_blank\" rel=\"noopener\">GUTSCHEIN KAUFEN<\/a><\/button><\/td>\n<td><strong>CHF 1&#8217;080.00 &#8211; Privater Flug<\/strong><strong> (4 Pers.) &#8211; LANDUNG AUF EINEM GLACIER<\/strong><\/td>\n<\/tr>\n<tr>\n<td><button class=\"elementor-button\" type=\"button\"><a href=\"https:\/\/swissraft.outdoorbooking.ch\/fo\/products\/1736?base_id=228&amp;category_id=6&amp;order_type=gift_voucher&amp;lang=de\" target=\"_blank\" rel=\"noopener\">GUTSCHEIN KAUFEN<\/a><\/button><\/td>\n<td><strong>CHF 1&#8217;250.00 &#8211; Privatflug<\/strong><strong> (5 Pers.)<\/strong><\/td>\n<\/tr>\n<tr>\n<td><button class=\"elementor-button\" type=\"button\"><a href=\"https:\/\/swissraft.outdoorbooking.ch\/fo\/products\/1735?base_id=228&amp;category_id=6&amp;order_type=gift_voucher&amp;lang=de\" target=\"_blank\" rel=\"noopener\">GUTSCHEIN KAUFEN<\/a><\/button><\/td>\n<td><strong>CHF 1&#8217;350.00 &#8211; Privatflug<\/strong><strong> (5 Pers.) &#8211; LANDUNG AUF EINEM GLACIER<\/strong><\/td>\n<\/tr>\n<tr>\n<td> <\/td>\n<td style=\"text-align: left;\">Um zu buchen : <span class=\"patt\" style=\"font-family: inherit; font-size: inherit;\"><span class=\"plbl\"><span class=\"patt\"><a href=\"https:\/\/www.swissraft.ch\/de\/kontakt\/\">Kontaktieren Sie uns<\/a><\/span><\/span><\/span><\/td>\n<\/tr>\n<\/tbody>\n<\/table>\n\t\t\t\t\t\t<\/div>\n\t\t\t\t<\/div>\n\t\t\t\t\t<\/div>\n\t\t<\/div>\n\t\t\t\t\t\t\t<\/div>\n\t\t<\/section>\n\t\t\t\t\t\t\t<\/div>\n\t\t","protected":false},"excerpt":{"rendered":"<div align=\"justify\">\n<h2 align=\"justify\">Dieser 20-min\u00fctige Flug von Lauterbrunnen aus f\u00fchrt Sie \u00fcber drei der beeindruckendsten Gletscher der Berner Alpen.<\/h2>\n<h3>Je nach Schneeverh\u00e4ltnissen ist es m\u00f6glich, einige Minuten auf einem der beiden zu landen.<\/h3>\n<\/div>\n<div align=\"justify\">\n<p>Von Lauterbrunnen aus fliegen Sie mit dem Hubschrauber zu den drei sch\u00f6nsten Gletschern der Berner Alpen. Der Aletschgletscher, der gr\u00f6\u00dfte Gletscher der Alpen, der Wildhorngletscher und der Tzanfleuron-Gletscher stehen auf dem Programm. Dieser Rundflug ist von gro\u00dfer Sch\u00f6nheit. Mindestens einmal im Leben erleben! Wenn es die Bedingungen erlauben, k\u00f6nnen wir gegen eine zus\u00e4tzliche Geb\u00fchr pro Flug auf einem dieser Flugzeuge landen.<\/p>\n<h3>Swissraft bietet auf seiner Website \u00fcber 150 verschiedene Fl\u00fcge von 14 Heliports, 9 Flugpl\u00e4tzen und 3 Flugh\u00e4fen an.<\/h3>\n<p id=\"textarea\" style=\"display: none;\">Zun\u00e4chst starten wir von den Heliports Erstfeld im Kanton Uri und Pfaffnau im Kanton Luzern. Dasselbe gilt f\u00fcr den Heliport Gstaad-Grund im Saanenland und den Flugplatz Saanen. Auch von den Heliports Interlaken-Gsteigwiler, Lenk-Simmental und Schattenhalb-Meiringen. Wir bieten Fl\u00fcge ins Wallis von den Heliports Collombey und Gampel sowie vom Flughafen Sion an. Wir bieten auch Rundfl\u00fcge ab dem Flugplatz von \u00c9pagny im Greyerzerland an. Aber auch Rundfl\u00fcge im Aargau, die vom Flugplatz Buttwil aus starten. Au\u00dferdem gibt es Fl\u00fcge von Grenchen im Kanton Solothurn. Wir bieten auch Helikopterfl\u00fcge ab dem internationalen Flughafen Bern-Belp an. Sowie vom internationalen Flughafen Z\u00fcrich-Kloten. Andererseits von K\u00fcssnacht im Kanton Schwyz. Au\u00dferdem bieten wir im Winter Fl\u00fcge von St. Moritz und das ganze Jahr \u00fcber Fl\u00fcge von Samedan. Aber wir bieten auch Routen von den Heliports Flims, Tavanasa und Untervaz in Graub\u00fcnden an. Im Kanton Tessin bieten wir Rundreisen ab Lodrino und Locarno an. Dar\u00fcber hinaus starten wir vom Heliport Balzers in Liechtenstein und vom Flugplatz Sitterdorf in Thurgau.\n<\/p>\n<p><a id=\"seeMore\" onclick=\"toggleSeeMore()\" href=\"javascript:void(0);\">Lesen Sie mehr<\/a><\/p>\n","protected":false},"featured_media":86275,"comment_status":"open","ping_status":"closed","template":"","meta":{"inline_featured_image":false,"_mi_skip_tracking":false},"product_cat":[263,366],"product_tag":[],"class_list":["post-91879","product","type-product","status-publish","has-post-thumbnail","hentry","product_cat-helikopterflug-in-der-schweiz","product_cat-helikopterrundflug-lauterbrunnen"],"yoast_head":"<!-- This site is optimized with the Yoast SEO plugin v23.6 - https:\/\/yoast.com\/wordpress\/plugins\/seo\/ -->\n<title>Gletscherflug im Helikopter von Lauterbrunnen aus<\/title>\n<meta name=\"description\" content=\"Gletscherflug mit dem Helikopter von Lauterbrunnen aus. Dieser 20-min\u00fctige Flug f\u00fchrt Sie zu den sch\u00f6nsten Gletschern der Berner Alpen.\" \/>\n<meta name=\"robots\" content=\"index, follow, max-snippet:-1, max-image-preview:large, max-video-preview:-1\" \/>\n<link rel=\"canonical\" href=\"https:\/\/www.swissraft.ch\/de\/produkt\/hubschrauberflug-von-lauterbrunnen-glaciers-flug-20-min-ab-chf-811-00\/\" \/>\n<meta property=\"og:locale\" content=\"de_DE\" \/>\n<meta property=\"og:type\" content=\"article\" \/>\n<meta property=\"og:title\" content=\"Gletscherflug im Helikopter von Lauterbrunnen aus\" \/>\n<meta property=\"og:description\" content=\"Gletscherflug mit dem Helikopter von Lauterbrunnen aus. Dieser 20-min\u00fctige Flug f\u00fchrt Sie zu den sch\u00f6nsten Gletschern der Berner Alpen.\" \/>\n<meta property=\"og:url\" content=\"https:\/\/www.swissraft.ch\/de\/produkt\/hubschrauberflug-von-lauterbrunnen-glaciers-flug-20-min-ab-chf-811-00\/\" \/>\n<meta property=\"og:site_name\" content=\"Swissraft\" \/>\n<meta property=\"article:modified_time\" content=\"2025-03-29T21:17:07+00:00\" \/>\n<meta property=\"og:image\" content=\"https:\/\/www.swissraft.ch\/wp-content\/uploads\/2022\/12\/2-LAUTERBRUNNEN-Gletscherrundflug-776x776-2.jpg\" \/>\n\t<meta property=\"og:image:width\" content=\"776\" \/>\n\t<meta property=\"og:image:height\" content=\"776\" \/>\n\t<meta property=\"og:image:type\" content=\"image\/jpeg\" \/>\n<meta name=\"twitter:card\" content=\"summary_large_image\" \/>\n<meta name=\"twitter:label1\" content=\"Gesch\u00e4tzte Lesezeit\" \/>\n\t<meta name=\"twitter:data1\" content=\"1\u00a0Minute\" \/>\n<script type=\"application\/ld+json\" class=\"yoast-schema-graph\">{\"@context\":\"https:\/\/schema.org\",\"@graph\":[{\"@type\":\"WebPage\",\"@id\":\"https:\/\/www.swissraft.ch\/de\/produkt\/hubschrauberflug-von-lauterbrunnen-glaciers-flug-20-min-ab-chf-811-00\/\",\"url\":\"https:\/\/www.swissraft.ch\/de\/produkt\/hubschrauberflug-von-lauterbrunnen-glaciers-flug-20-min-ab-chf-811-00\/\",\"name\":\"Gletscherflug im Helikopter von Lauterbrunnen aus\",\"isPartOf\":{\"@id\":\"https:\/\/www.swissraft.ch\/de\/#website\"},\"primaryImageOfPage\":{\"@id\":\"https:\/\/www.swissraft.ch\/de\/produkt\/hubschrauberflug-von-lauterbrunnen-glaciers-flug-20-min-ab-chf-811-00\/#primaryimage\"},\"image\":{\"@id\":\"https:\/\/www.swissraft.ch\/de\/produkt\/hubschrauberflug-von-lauterbrunnen-glaciers-flug-20-min-ab-chf-811-00\/#primaryimage\"},\"thumbnailUrl\":\"https:\/\/www.swissraft.ch\/wp-content\/uploads\/2022\/12\/2-LAUTERBRUNNEN-Gletscherrundflug-776x776-2.jpg\",\"datePublished\":\"2022-12-10T12:56:03+00:00\",\"dateModified\":\"2025-03-29T21:17:07+00:00\",\"description\":\"Gletscherflug mit dem Helikopter von Lauterbrunnen aus. Dieser 20-min\u00fctige Flug f\u00fchrt Sie zu den sch\u00f6nsten Gletschern der Berner Alpen.\",\"breadcrumb\":{\"@id\":\"https:\/\/www.swissraft.ch\/de\/produkt\/hubschrauberflug-von-lauterbrunnen-glaciers-flug-20-min-ab-chf-811-00\/#breadcrumb\"},\"inLanguage\":\"de\",\"potentialAction\":[{\"@type\":\"ReadAction\",\"target\":[\"https:\/\/www.swissraft.ch\/de\/produkt\/hubschrauberflug-von-lauterbrunnen-glaciers-flug-20-min-ab-chf-811-00\/\"]}]},{\"@type\":\"ImageObject\",\"inLanguage\":\"de\",\"@id\":\"https:\/\/www.swissraft.ch\/de\/produkt\/hubschrauberflug-von-lauterbrunnen-glaciers-flug-20-min-ab-chf-811-00\/#primaryimage\",\"url\":\"https:\/\/www.swissraft.ch\/wp-content\/uploads\/2022\/12\/2-LAUTERBRUNNEN-Gletscherrundflug-776x776-2.jpg\",\"contentUrl\":\"https:\/\/www.swissraft.ch\/wp-content\/uploads\/2022\/12\/2-LAUTERBRUNNEN-Gletscherrundflug-776x776-2.jpg\",\"width\":776,\"height\":776,\"caption\":\"Gletscherflug im Helikopter von Lauterbrunnen aus\"},{\"@type\":\"BreadcrumbList\",\"@id\":\"https:\/\/www.swissraft.ch\/de\/produkt\/hubschrauberflug-von-lauterbrunnen-glaciers-flug-20-min-ab-chf-811-00\/#breadcrumb\",\"itemListElement\":[{\"@type\":\"ListItem\",\"position\":1,\"name\":\"Accueil\",\"item\":\"https:\/\/www.swissraft.ch\/de\/\"},{\"@type\":\"ListItem\",\"position\":2,\"name\":\"Shop\",\"item\":\"https:\/\/www.swissraft.ch\/de\/shop\/\"},{\"@type\":\"ListItem\",\"position\":3,\"name\":\"Helikopterflug ab LAUTERBRUNNEN &#8211; GLETSCHERSFLUG &#8211; 20 Min. &#8211; Ab CHF 870.00\"}]},{\"@type\":\"WebSite\",\"@id\":\"https:\/\/www.swissraft.ch\/de\/#website\",\"url\":\"https:\/\/www.swissraft.ch\/de\/\",\"name\":\"Swissraft\",\"description\":\"To enjoy nature as it is\",\"publisher\":{\"@id\":\"https:\/\/www.swissraft.ch\/de\/#organization\"},\"potentialAction\":[{\"@type\":\"SearchAction\",\"target\":{\"@type\":\"EntryPoint\",\"urlTemplate\":\"https:\/\/www.swissraft.ch\/de\/?s={search_term_string}\"},\"query-input\":{\"@type\":\"PropertyValueSpecification\",\"valueRequired\":true,\"valueName\":\"search_term_string\"}}],\"inLanguage\":\"de\"},{\"@type\":\"Organization\",\"@id\":\"https:\/\/www.swissraft.ch\/de\/#organization\",\"name\":\"Swissraft\",\"url\":\"https:\/\/www.swissraft.ch\/de\/\",\"logo\":{\"@type\":\"ImageObject\",\"inLanguage\":\"de\",\"@id\":\"https:\/\/www.swissraft.ch\/de\/#\/schema\/logo\/image\/\",\"url\":\"https:\/\/www.swissraft.ch\/wp-content\/uploads\/2025\/09\/Capture.jpg\",\"contentUrl\":\"https:\/\/www.swissraft.ch\/wp-content\/uploads\/2025\/09\/Capture.jpg\",\"width\":293,\"height\":108,\"caption\":\"Swissraft\"},\"image\":{\"@id\":\"https:\/\/www.swissraft.ch\/de\/#\/schema\/logo\/image\/\"}}]}<\/script>\n<!-- \/ Yoast SEO plugin. -->","yoast_head_json":{"title":"Gletscherflug im Helikopter von Lauterbrunnen aus","description":"Gletscherflug mit dem Helikopter von Lauterbrunnen aus. Dieser 20-min\u00fctige Flug f\u00fchrt Sie zu den sch\u00f6nsten Gletschern der Berner Alpen.","robots":{"index":"index","follow":"follow","max-snippet":"max-snippet:-1","max-image-preview":"max-image-preview:large","max-video-preview":"max-video-preview:-1"},"canonical":"https:\/\/www.swissraft.ch\/de\/produkt\/hubschrauberflug-von-lauterbrunnen-glaciers-flug-20-min-ab-chf-811-00\/","og_locale":"de_DE","og_type":"article","og_title":"Gletscherflug im Helikopter von Lauterbrunnen aus","og_description":"Gletscherflug mit dem Helikopter von Lauterbrunnen aus. Dieser 20-min\u00fctige Flug f\u00fchrt Sie zu den sch\u00f6nsten Gletschern der Berner Alpen.","og_url":"https:\/\/www.swissraft.ch\/de\/produkt\/hubschrauberflug-von-lauterbrunnen-glaciers-flug-20-min-ab-chf-811-00\/","og_site_name":"Swissraft","article_modified_time":"2025-03-29T21:17:07+00:00","og_image":[{"width":776,"height":776,"url":"https:\/\/www.swissraft.ch\/wp-content\/uploads\/2022\/12\/2-LAUTERBRUNNEN-Gletscherrundflug-776x776-2.jpg","type":"image\/jpeg"}],"twitter_card":"summary_large_image","twitter_misc":{"Gesch\u00e4tzte Lesezeit":"1\u00a0Minute"},"schema":{"@context":"https:\/\/schema.org","@graph":[{"@type":"WebPage","@id":"https:\/\/www.swissraft.ch\/de\/produkt\/hubschrauberflug-von-lauterbrunnen-glaciers-flug-20-min-ab-chf-811-00\/","url":"https:\/\/www.swissraft.ch\/de\/produkt\/hubschrauberflug-von-lauterbrunnen-glaciers-flug-20-min-ab-chf-811-00\/","name":"Gletscherflug im Helikopter von Lauterbrunnen aus","isPartOf":{"@id":"https:\/\/www.swissraft.ch\/de\/#website"},"primaryImageOfPage":{"@id":"https:\/\/www.swissraft.ch\/de\/produkt\/hubschrauberflug-von-lauterbrunnen-glaciers-flug-20-min-ab-chf-811-00\/#primaryimage"},"image":{"@id":"https:\/\/www.swissraft.ch\/de\/produkt\/hubschrauberflug-von-lauterbrunnen-glaciers-flug-20-min-ab-chf-811-00\/#primaryimage"},"thumbnailUrl":"https:\/\/www.swissraft.ch\/wp-content\/uploads\/2022\/12\/2-LAUTERBRUNNEN-Gletscherrundflug-776x776-2.jpg","datePublished":"2022-12-10T12:56:03+00:00","dateModified":"2025-03-29T21:17:07+00:00","description":"Gletscherflug mit dem Helikopter von Lauterbrunnen aus. Dieser 20-min\u00fctige Flug f\u00fchrt Sie zu den sch\u00f6nsten Gletschern der Berner Alpen.","breadcrumb":{"@id":"https:\/\/www.swissraft.ch\/de\/produkt\/hubschrauberflug-von-lauterbrunnen-glaciers-flug-20-min-ab-chf-811-00\/#breadcrumb"},"inLanguage":"de","potentialAction":[{"@type":"ReadAction","target":["https:\/\/www.swissraft.ch\/de\/produkt\/hubschrauberflug-von-lauterbrunnen-glaciers-flug-20-min-ab-chf-811-00\/"]}]},{"@type":"ImageObject","inLanguage":"de","@id":"https:\/\/www.swissraft.ch\/de\/produkt\/hubschrauberflug-von-lauterbrunnen-glaciers-flug-20-min-ab-chf-811-00\/#primaryimage","url":"https:\/\/www.swissraft.ch\/wp-content\/uploads\/2022\/12\/2-LAUTERBRUNNEN-Gletscherrundflug-776x776-2.jpg","contentUrl":"https:\/\/www.swissraft.ch\/wp-content\/uploads\/2022\/12\/2-LAUTERBRUNNEN-Gletscherrundflug-776x776-2.jpg","width":776,"height":776,"caption":"Gletscherflug im Helikopter von Lauterbrunnen aus"},{"@type":"BreadcrumbList","@id":"https:\/\/www.swissraft.ch\/de\/produkt\/hubschrauberflug-von-lauterbrunnen-glaciers-flug-20-min-ab-chf-811-00\/#breadcrumb","itemListElement":[{"@type":"ListItem","position":1,"name":"Accueil","item":"https:\/\/www.swissraft.ch\/de\/"},{"@type":"ListItem","position":2,"name":"Shop","item":"https:\/\/www.swissraft.ch\/de\/shop\/"},{"@type":"ListItem","position":3,"name":"Helikopterflug ab LAUTERBRUNNEN &#8211; GLETSCHERSFLUG &#8211; 20 Min. &#8211; Ab CHF 870.00"}]},{"@type":"WebSite","@id":"https:\/\/www.swissraft.ch\/de\/#website","url":"https:\/\/www.swissraft.ch\/de\/","name":"Swissraft","description":"To enjoy nature as it is","publisher":{"@id":"https:\/\/www.swissraft.ch\/de\/#organization"},"potentialAction":[{"@type":"SearchAction","target":{"@type":"EntryPoint","urlTemplate":"https:\/\/www.swissraft.ch\/de\/?s={search_term_string}"},"query-input":{"@type":"PropertyValueSpecification","valueRequired":true,"valueName":"search_term_string"}}],"inLanguage":"de"},{"@type":"Organization","@id":"https:\/\/www.swissraft.ch\/de\/#organization","name":"Swissraft","url":"https:\/\/www.swissraft.ch\/de\/","logo":{"@type":"ImageObject","inLanguage":"de","@id":"https:\/\/www.swissraft.ch\/de\/#\/schema\/logo\/image\/","url":"https:\/\/www.swissraft.ch\/wp-content\/uploads\/2025\/09\/Capture.jpg","contentUrl":"https:\/\/www.swissraft.ch\/wp-content\/uploads\/2025\/09\/Capture.jpg","width":293,"height":108,"caption":"Swissraft"},"image":{"@id":"https:\/\/www.swissraft.ch\/de\/#\/schema\/logo\/image\/"}}]}},"_links":{"self":[{"href":"https:\/\/www.swissraft.ch\/de\/wp-json\/wp\/v2\/product\/91879","targetHints":{"allow":["GET"]}}],"collection":[{"href":"https:\/\/www.swissraft.ch\/de\/wp-json\/wp\/v2\/product"}],"about":[{"href":"https:\/\/www.swissraft.ch\/de\/wp-json\/wp\/v2\/types\/product"}],"replies":[{"embeddable":true,"href":"https:\/\/www.swissraft.ch\/de\/wp-json\/wp\/v2\/comments?post=91879"}],"version-history":[{"count":20,"href":"https:\/\/www.swissraft.ch\/de\/wp-json\/wp\/v2\/product\/91879\/revisions"}],"predecessor-version":[{"id":112057,"href":"https:\/\/www.swissraft.ch\/de\/wp-json\/wp\/v2\/product\/91879\/revisions\/112057"}],"wp:featuredmedia":[{"embeddable":true,"href":"https:\/\/www.swissraft.ch\/de\/wp-json\/wp\/v2\/media\/86275"}],"wp:attachment":[{"href":"https:\/\/www.swissraft.ch\/de\/wp-json\/wp\/v2\/media?parent=91879"}],"wp:term":[{"taxonomy":"product_cat","embeddable":true,"href":"https:\/\/www.swissraft.ch\/de\/wp-json\/wp\/v2\/product_cat?post=91879"},{"taxonomy":"product_tag","embeddable":true,"href":"https:\/\/www.swissraft.ch\/de\/wp-json\/wp\/v2\/product_tag?post=91879"}],"curies":[{"name":"wp","href":"https:\/\/api.w.org\/{rel}","templated":true}]}}