{"id":91875,"date":"2022-12-10T12:29:26","date_gmt":"2022-12-10T11:29:26","guid":{"rendered":"https:\/\/swissraft.xyanzkdne.eu\/product\/hubschrauberflug-von-lauterbrunnen-nordseite-jungfrau-13-min-ab-chf-608-00\/"},"modified":"2026-04-19T04:21:08","modified_gmt":"2026-04-19T02:21:08","slug":"lauterbrunnen-rundflug-nordseite-jungfrau","status":"publish","type":"product","link":"https:\/\/www.swissraft.ch\/de\/produkt\/lauterbrunnen-rundflug-nordseite-jungfrau\/","title":{"rendered":"Helikopterflug &#8211; Lauterbrunnen &#8211; Nordseite Jungfrau &#8211; 13 Min. &#8211; Ab CHF 660.00"},"content":{"rendered":"\t\t<div data-elementor-type=\"wp-post\" data-elementor-id=\"91875\" class=\"elementor elementor-91875 elementor-29410\">\n\t\t\t\t\t\t\t\t\t<section class=\"elementor-section elementor-top-section elementor-element elementor-element-3303a7e3 elementor-section-boxed elementor-section-height-default elementor-section-height-default\" data-id=\"3303a7e3\" data-element_type=\"section\">\n\t\t\t\t\t\t<div class=\"elementor-container elementor-column-gap-default\">\n\t\t\t\t\t<div class=\"elementor-column elementor-col-100 elementor-top-column elementor-element elementor-element-16d72dbf\" data-id=\"16d72dbf\" data-element_type=\"column\">\n\t\t\t<div class=\"elementor-widget-wrap elementor-element-populated\">\n\t\t\t\t\t\t\t\t<div class=\"elementor-element elementor-element-d743c03 elementor-widget elementor-widget-text-editor\" data-id=\"d743c03\" data-element_type=\"widget\" data-widget_type=\"text-editor.default\">\n\t\t\t\t<div class=\"elementor-widget-container\">\n\t\t\t\t\t\t\t<h2>W\u00c4HLEN SIE UNTEN IHRE AKTIVIT\u00c4T AUS, UM GESCHENKGUTSCHEINE \/ TICKETS ZU VERSCHENKEN ODER ZU BUCHEN<\/h2><table style=\"height: 290px;\" border=\"0\" width=\"580\" cellspacing=\"10\" cellpadding=\"10\"><tbody><tr><td width=\"50%\"><strong>RUNDFLUG &#8211; NORDSEITE JUNGFRAU &#8211; PRIVATFLUG (1-5 Pers.) &#8211; 13 Min.<\/strong><\/td><td><strong>Ab CHF 660.00 pro Privatflug<\/strong><\/td><\/tr><tr><td>Zus\u00e4tzliche Informationen<\/td><td>&#8211; Sie haben den Helikopter exklusiv f\u00fcr sich.<br \/>&#8211; Sie bestimmen das Datum und die Uhrzeit des Abflugs<br \/>&#8211; Maximum 5 Pers.<\/td><\/tr><tr><td>Heliport<\/td><td><a href=\"https:\/\/www.google.com\/maps\/place\/46%C2%B035'08.5%22N+7%C2%B054'49.9%22E\/@46.5866323,7.8960457,3102m\/data=!3m1!1e3!4m4!3m3!8m2!3d46.5856944!4d7.9138611?entry=ttu\" target=\"_blank\" rel=\"noopener\">Lauterbrunnen<\/a><\/td><\/tr><tr><td>Flugzeit<\/td><td>13 Min.<\/td><\/tr><tr><td>Gesamtdauer<\/td><td>ca. 45 Min.<\/td><\/tr><tr><td>Termin<\/td><td>Per Telefon<\/td><\/tr><tr><td><button class=\"elementor-button\" type=\"button\"><a href=\"https:\/\/swissraft.outdoorbooking.ch\/fo\/products\/1725?base_id=21&amp;category_id=6&amp;order_type=gift_voucher&amp;lang=de\" target=\"_blank\" rel=\"noopener\">GUTSCHEIN \/ TICKET KAUFEN<\/a><\/button><\/td><td><strong>CHF 660.00 &#8211; Privatflug<\/strong><strong> (1-3 pax)<\/strong><\/td><\/tr><tr><td><button class=\"elementor-button\" type=\"button\"><a href=\"https:\/\/swissraft.outdoorbooking.ch\/fo\/products\/1732?base_id=227&amp;category_id=6&amp;order_type=gift_voucher&amp;lang=de\" target=\"_blank\" rel=\"noopener\">GUTSCHEIN \/ TICKET KAUFEN<\/a><\/button><\/td><td><strong>CHF 780.00 &#8211; Privatflug<\/strong><strong> (4 pers.)<\/strong><\/td><\/tr><tr><td><button class=\"elementor-button\" type=\"button\"><a href=\"https:\/\/swissraft.outdoorbooking.ch\/fo\/products\/1737?base_id=228&amp;category_id=6&amp;order_type=gift_voucher&amp;lang=de\" target=\"_blank\" rel=\"noopener\">GUTSCHEIN \/ TICKET KAUFEN<\/a><\/button><\/td><td><strong>CHF 975.00 &#8211; Privatflug<\/strong><strong> (5 pers.)<\/strong><\/td><\/tr><tr><td>\u00a0<\/td><td style=\"text-align: left;\"><strong><em>WICHTIG !<\/em><\/strong><br \/><em>Um zu reservieren, rufen Sie die Nummer an, die sich oben links auf dem Gutschein \/ Ticket befindet.<\/em><\/td><\/tr><\/tbody><\/table>\t\t\t\t\t\t<\/div>\n\t\t\t\t<\/div>\n\t\t\t\t\t<\/div>\n\t\t<\/div>\n\t\t\t\t\t\t\t<\/div>\n\t\t<\/section>\n\t\t\t\t\t\t\t<\/div>\n\t\t","protected":false},"excerpt":{"rendered":"<div align=\"justify\">\n<h2 align=\"justify\">Dieser Flug f\u00fchrt Sie direkt auf die Nordseite der Jungfrau.<\/h2>\n<h3>Ein 13-min\u00fctiger Flug vom Hubschrauberlandeplatz Lauterbrunnen aus, der Ihnen einen besonderen Nervenkitzel bietet.<\/h3>\n<\/div>\n<div align=\"justify\">Sie fliegen \u00fcber die Nordseite der Jungfrau, einem der sch\u00f6nsten Gipfel der Berner Alpen, der 4158 m hoch ist.<\/p>\n<h3>Dank seines umfangreichen Netzwerks an Hubschrauberlandepl\u00e4tzen und Flugpl\u00e4tzen bietet Swissraft Ihnen eine Vielzahl von Routen in der Schweiz an<\/h3>\n<p id=\"textarea\" style=\"display: none;\">\nZun\u00e4chst starten wir vom Heliport Erstfeld im Kanton Uri und im Kanton Luzern von Pfaffnau aus. Aber auch vom Heliport Gstaad-Grund im Saanenland und vom Flugplatz Saanen. Ebenso starten wir von den Heliports Interlaken-Gsteigwiler, Lenk-Simmental und Schattenhalb-Meiringen. Im Wallis bieten wir auch Fl\u00fcge von Collombey und Gampel sowie vom Flughafen Sitten an. Wir haben \u00fcbrigens auch Rundreisen im Kanton Freiburg, die in \u00c9pagny beginnen. Aber auch Rundfl\u00fcge ab dem Flugplatz Buttwil in Aargau. Auch im Kanton Solothurn ab dem Flugplatz Grenchen. Au\u00dferdem bieten wir Helikopterfl\u00fcge ab dem Flughafen Bern-Belp an. Sowie vom internationalen Flughafen Z\u00fcrich-Kloten. Wir fliegen auch von K\u00fcssnacht im Kanton Schwyz, aber auch ins Engadin, wo wir im Winter Fl\u00fcge von St. Moritz und das ganze Jahr \u00fcber von Samedan aus. Ebenso bieten wir Routen ab den Heliports Flims, Tavanasa und Untervaz in Graub\u00fcnden an. Im Tessin fliegen wir von den Flugpl\u00e4tzen Lodrino und Locarno aus. Au\u00dferdem starten wir von Balzers in Liechtenstein und von Sitterdorf in Thurgau.\n<\/p>\n<p><a id=\"seeMore\" onclick=\"toggleSeeMore()\" href=\"javascript:void(0);\">Lesen Sie mehr<\/a><\/p>\n","protected":false},"featured_media":86263,"comment_status":"open","ping_status":"closed","template":"","meta":{"inline_featured_image":false,"_mi_skip_tracking":false},"product_cat":[263,366],"product_tag":[],"class_list":["post-91875","product","type-product","status-publish","has-post-thumbnail","hentry","product_cat-helikopterflug-in-der-schweiz","product_cat-helikopterflug-rundflug-lauterbrunnen"],"yoast_head":"<!-- This site is optimized with the Yoast SEO plugin v23.6 - https:\/\/yoast.com\/wordpress\/plugins\/seo\/ -->\n<title>Rundflug Nordseite Jungfrau mit dem Helikopter ab Lauterbrunnen<\/title>\n<meta name=\"description\" content=\"Rundflug Nordseite Jungfrau mit dem Hubschrauber von Lauterbrunnen aus. Ein sch\u00f6ner Flug von 13 Minuten, der Sie direkt \u00fcber die Jungfrau f\u00fchrt\" \/>\n<meta name=\"robots\" content=\"index, follow, max-snippet:-1, max-image-preview:large, max-video-preview:-1\" \/>\n<link rel=\"canonical\" href=\"https:\/\/www.swissraft.ch\/de\/produkt\/lauterbrunnen-rundflug-nordseite-jungfrau\/\" \/>\n<meta property=\"og:locale\" content=\"de_DE\" \/>\n<meta property=\"og:type\" content=\"article\" \/>\n<meta property=\"og:title\" content=\"Rundflug Nordseite Jungfrau mit dem Helikopter ab Lauterbrunnen\" \/>\n<meta property=\"og:description\" content=\"Rundflug Nordseite Jungfrau mit dem Hubschrauber von Lauterbrunnen aus. Ein sch\u00f6ner Flug von 13 Minuten, der Sie direkt \u00fcber die Jungfrau f\u00fchrt\" \/>\n<meta property=\"og:url\" content=\"https:\/\/www.swissraft.ch\/de\/produkt\/lauterbrunnen-rundflug-nordseite-jungfrau\/\" \/>\n<meta property=\"og:site_name\" content=\"Swissraft\" \/>\n<meta property=\"article:modified_time\" content=\"2026-04-19T02:21:08+00:00\" \/>\n<meta property=\"og:image\" content=\"https:\/\/www.swissraft.ch\/wp-content\/uploads\/2022\/12\/1-LAUTERBRUNNEN-Nordwand-Jungfrau-776x776-2.jpg\" \/>\n\t<meta property=\"og:image:width\" content=\"776\" \/>\n\t<meta property=\"og:image:height\" content=\"776\" \/>\n\t<meta property=\"og:image:type\" content=\"image\/jpeg\" \/>\n<meta name=\"twitter:card\" content=\"summary_large_image\" \/>\n<meta name=\"twitter:label1\" content=\"Gesch\u00e4tzte Lesezeit\" \/>\n\t<meta name=\"twitter:data1\" content=\"1\u00a0Minute\" \/>\n<script type=\"application\/ld+json\" class=\"yoast-schema-graph\">{\"@context\":\"https:\/\/schema.org\",\"@graph\":[{\"@type\":\"WebPage\",\"@id\":\"https:\/\/www.swissraft.ch\/de\/produkt\/lauterbrunnen-rundflug-nordseite-jungfrau\/\",\"url\":\"https:\/\/www.swissraft.ch\/de\/produkt\/lauterbrunnen-rundflug-nordseite-jungfrau\/\",\"name\":\"Rundflug Nordseite Jungfrau mit dem Helikopter ab Lauterbrunnen\",\"isPartOf\":{\"@id\":\"https:\/\/www.swissraft.ch\/de\/#website\"},\"primaryImageOfPage\":{\"@id\":\"https:\/\/www.swissraft.ch\/de\/produkt\/lauterbrunnen-rundflug-nordseite-jungfrau\/#primaryimage\"},\"image\":{\"@id\":\"https:\/\/www.swissraft.ch\/de\/produkt\/lauterbrunnen-rundflug-nordseite-jungfrau\/#primaryimage\"},\"thumbnailUrl\":\"https:\/\/www.swissraft.ch\/wp-content\/uploads\/2022\/12\/1-LAUTERBRUNNEN-Nordwand-Jungfrau-776x776-2.jpg\",\"datePublished\":\"2022-12-10T11:29:26+00:00\",\"dateModified\":\"2026-04-19T02:21:08+00:00\",\"description\":\"Rundflug Nordseite Jungfrau mit dem Hubschrauber von Lauterbrunnen aus. Ein sch\u00f6ner Flug von 13 Minuten, der Sie direkt \u00fcber die Jungfrau f\u00fchrt\",\"breadcrumb\":{\"@id\":\"https:\/\/www.swissraft.ch\/de\/produkt\/lauterbrunnen-rundflug-nordseite-jungfrau\/#breadcrumb\"},\"inLanguage\":\"de\",\"potentialAction\":[{\"@type\":\"ReadAction\",\"target\":[\"https:\/\/www.swissraft.ch\/de\/produkt\/lauterbrunnen-rundflug-nordseite-jungfrau\/\"]}]},{\"@type\":\"ImageObject\",\"inLanguage\":\"de\",\"@id\":\"https:\/\/www.swissraft.ch\/de\/produkt\/lauterbrunnen-rundflug-nordseite-jungfrau\/#primaryimage\",\"url\":\"https:\/\/www.swissraft.ch\/wp-content\/uploads\/2022\/12\/1-LAUTERBRUNNEN-Nordwand-Jungfrau-776x776-2.jpg\",\"contentUrl\":\"https:\/\/www.swissraft.ch\/wp-content\/uploads\/2022\/12\/1-LAUTERBRUNNEN-Nordwand-Jungfrau-776x776-2.jpg\",\"width\":776,\"height\":776,\"caption\":\"Rundflug Nordseite Jungfrau mit einem Helikopter\"},{\"@type\":\"BreadcrumbList\",\"@id\":\"https:\/\/www.swissraft.ch\/de\/produkt\/lauterbrunnen-rundflug-nordseite-jungfrau\/#breadcrumb\",\"itemListElement\":[{\"@type\":\"ListItem\",\"position\":1,\"name\":\"Accueil\",\"item\":\"https:\/\/www.swissraft.ch\/de\/\"},{\"@type\":\"ListItem\",\"position\":2,\"name\":\"Shop\",\"item\":\"https:\/\/www.swissraft.ch\/de\/shop\/\"},{\"@type\":\"ListItem\",\"position\":3,\"name\":\"Helikopterflug &#8211; Lauterbrunnen &#8211; Nordseite Jungfrau &#8211; 13 Min. &#8211; Ab CHF 660.00\"}]},{\"@type\":\"WebSite\",\"@id\":\"https:\/\/www.swissraft.ch\/de\/#website\",\"url\":\"https:\/\/www.swissraft.ch\/de\/\",\"name\":\"Swissraft\",\"description\":\"To enjoy nature as it is\",\"publisher\":{\"@id\":\"https:\/\/www.swissraft.ch\/de\/#organization\"},\"potentialAction\":[{\"@type\":\"SearchAction\",\"target\":{\"@type\":\"EntryPoint\",\"urlTemplate\":\"https:\/\/www.swissraft.ch\/de\/?s={search_term_string}\"},\"query-input\":{\"@type\":\"PropertyValueSpecification\",\"valueRequired\":true,\"valueName\":\"search_term_string\"}}],\"inLanguage\":\"de\"},{\"@type\":\"Organization\",\"@id\":\"https:\/\/www.swissraft.ch\/de\/#organization\",\"name\":\"Swissraft\",\"url\":\"https:\/\/www.swissraft.ch\/de\/\",\"logo\":{\"@type\":\"ImageObject\",\"inLanguage\":\"de\",\"@id\":\"https:\/\/www.swissraft.ch\/de\/#\/schema\/logo\/image\/\",\"url\":\"https:\/\/www.swissraft.ch\/wp-content\/uploads\/2025\/09\/Capture.jpg\",\"contentUrl\":\"https:\/\/www.swissraft.ch\/wp-content\/uploads\/2025\/09\/Capture.jpg\",\"width\":293,\"height\":108,\"caption\":\"Swissraft\"},\"image\":{\"@id\":\"https:\/\/www.swissraft.ch\/de\/#\/schema\/logo\/image\/\"}}]}<\/script>\n<!-- \/ Yoast SEO plugin. -->","yoast_head_json":{"title":"Rundflug Nordseite Jungfrau mit dem Helikopter ab Lauterbrunnen","description":"Rundflug Nordseite Jungfrau mit dem Hubschrauber von Lauterbrunnen aus. Ein sch\u00f6ner Flug von 13 Minuten, der Sie direkt \u00fcber die Jungfrau f\u00fchrt","robots":{"index":"index","follow":"follow","max-snippet":"max-snippet:-1","max-image-preview":"max-image-preview:large","max-video-preview":"max-video-preview:-1"},"canonical":"https:\/\/www.swissraft.ch\/de\/produkt\/lauterbrunnen-rundflug-nordseite-jungfrau\/","og_locale":"de_DE","og_type":"article","og_title":"Rundflug Nordseite Jungfrau mit dem Helikopter ab Lauterbrunnen","og_description":"Rundflug Nordseite Jungfrau mit dem Hubschrauber von Lauterbrunnen aus. Ein sch\u00f6ner Flug von 13 Minuten, der Sie direkt \u00fcber die Jungfrau f\u00fchrt","og_url":"https:\/\/www.swissraft.ch\/de\/produkt\/lauterbrunnen-rundflug-nordseite-jungfrau\/","og_site_name":"Swissraft","article_modified_time":"2026-04-19T02:21:08+00:00","og_image":[{"width":776,"height":776,"url":"https:\/\/www.swissraft.ch\/wp-content\/uploads\/2022\/12\/1-LAUTERBRUNNEN-Nordwand-Jungfrau-776x776-2.jpg","type":"image\/jpeg"}],"twitter_card":"summary_large_image","twitter_misc":{"Gesch\u00e4tzte Lesezeit":"1\u00a0Minute"},"schema":{"@context":"https:\/\/schema.org","@graph":[{"@type":"WebPage","@id":"https:\/\/www.swissraft.ch\/de\/produkt\/lauterbrunnen-rundflug-nordseite-jungfrau\/","url":"https:\/\/www.swissraft.ch\/de\/produkt\/lauterbrunnen-rundflug-nordseite-jungfrau\/","name":"Rundflug Nordseite Jungfrau mit dem Helikopter ab Lauterbrunnen","isPartOf":{"@id":"https:\/\/www.swissraft.ch\/de\/#website"},"primaryImageOfPage":{"@id":"https:\/\/www.swissraft.ch\/de\/produkt\/lauterbrunnen-rundflug-nordseite-jungfrau\/#primaryimage"},"image":{"@id":"https:\/\/www.swissraft.ch\/de\/produkt\/lauterbrunnen-rundflug-nordseite-jungfrau\/#primaryimage"},"thumbnailUrl":"https:\/\/www.swissraft.ch\/wp-content\/uploads\/2022\/12\/1-LAUTERBRUNNEN-Nordwand-Jungfrau-776x776-2.jpg","datePublished":"2022-12-10T11:29:26+00:00","dateModified":"2026-04-19T02:21:08+00:00","description":"Rundflug Nordseite Jungfrau mit dem Hubschrauber von Lauterbrunnen aus. Ein sch\u00f6ner Flug von 13 Minuten, der Sie direkt \u00fcber die Jungfrau f\u00fchrt","breadcrumb":{"@id":"https:\/\/www.swissraft.ch\/de\/produkt\/lauterbrunnen-rundflug-nordseite-jungfrau\/#breadcrumb"},"inLanguage":"de","potentialAction":[{"@type":"ReadAction","target":["https:\/\/www.swissraft.ch\/de\/produkt\/lauterbrunnen-rundflug-nordseite-jungfrau\/"]}]},{"@type":"ImageObject","inLanguage":"de","@id":"https:\/\/www.swissraft.ch\/de\/produkt\/lauterbrunnen-rundflug-nordseite-jungfrau\/#primaryimage","url":"https:\/\/www.swissraft.ch\/wp-content\/uploads\/2022\/12\/1-LAUTERBRUNNEN-Nordwand-Jungfrau-776x776-2.jpg","contentUrl":"https:\/\/www.swissraft.ch\/wp-content\/uploads\/2022\/12\/1-LAUTERBRUNNEN-Nordwand-Jungfrau-776x776-2.jpg","width":776,"height":776,"caption":"Rundflug Nordseite Jungfrau mit einem Helikopter"},{"@type":"BreadcrumbList","@id":"https:\/\/www.swissraft.ch\/de\/produkt\/lauterbrunnen-rundflug-nordseite-jungfrau\/#breadcrumb","itemListElement":[{"@type":"ListItem","position":1,"name":"Accueil","item":"https:\/\/www.swissraft.ch\/de\/"},{"@type":"ListItem","position":2,"name":"Shop","item":"https:\/\/www.swissraft.ch\/de\/shop\/"},{"@type":"ListItem","position":3,"name":"Helikopterflug &#8211; Lauterbrunnen &#8211; Nordseite Jungfrau &#8211; 13 Min. &#8211; Ab CHF 660.00"}]},{"@type":"WebSite","@id":"https:\/\/www.swissraft.ch\/de\/#website","url":"https:\/\/www.swissraft.ch\/de\/","name":"Swissraft","description":"To enjoy nature as it is","publisher":{"@id":"https:\/\/www.swissraft.ch\/de\/#organization"},"potentialAction":[{"@type":"SearchAction","target":{"@type":"EntryPoint","urlTemplate":"https:\/\/www.swissraft.ch\/de\/?s={search_term_string}"},"query-input":{"@type":"PropertyValueSpecification","valueRequired":true,"valueName":"search_term_string"}}],"inLanguage":"de"},{"@type":"Organization","@id":"https:\/\/www.swissraft.ch\/de\/#organization","name":"Swissraft","url":"https:\/\/www.swissraft.ch\/de\/","logo":{"@type":"ImageObject","inLanguage":"de","@id":"https:\/\/www.swissraft.ch\/de\/#\/schema\/logo\/image\/","url":"https:\/\/www.swissraft.ch\/wp-content\/uploads\/2025\/09\/Capture.jpg","contentUrl":"https:\/\/www.swissraft.ch\/wp-content\/uploads\/2025\/09\/Capture.jpg","width":293,"height":108,"caption":"Swissraft"},"image":{"@id":"https:\/\/www.swissraft.ch\/de\/#\/schema\/logo\/image\/"}}]}},"_links":{"self":[{"href":"https:\/\/www.swissraft.ch\/de\/wp-json\/wp\/v2\/product\/91875","targetHints":{"allow":["GET"]}}],"collection":[{"href":"https:\/\/www.swissraft.ch\/de\/wp-json\/wp\/v2\/product"}],"about":[{"href":"https:\/\/www.swissraft.ch\/de\/wp-json\/wp\/v2\/types\/product"}],"replies":[{"embeddable":true,"href":"https:\/\/www.swissraft.ch\/de\/wp-json\/wp\/v2\/comments?post=91875"}],"version-history":[{"count":18,"href":"https:\/\/www.swissraft.ch\/de\/wp-json\/wp\/v2\/product\/91875\/revisions"}],"predecessor-version":[{"id":141040,"href":"https:\/\/www.swissraft.ch\/de\/wp-json\/wp\/v2\/product\/91875\/revisions\/141040"}],"wp:featuredmedia":[{"embeddable":true,"href":"https:\/\/www.swissraft.ch\/de\/wp-json\/wp\/v2\/media\/86263"}],"wp:attachment":[{"href":"https:\/\/www.swissraft.ch\/de\/wp-json\/wp\/v2\/media?parent=91875"}],"wp:term":[{"taxonomy":"product_cat","embeddable":true,"href":"https:\/\/www.swissraft.ch\/de\/wp-json\/wp\/v2\/product_cat?post=91875"},{"taxonomy":"product_tag","embeddable":true,"href":"https:\/\/www.swissraft.ch\/de\/wp-json\/wp\/v2\/product_tag?post=91875"}],"curies":[{"name":"wp","href":"https:\/\/api.w.org\/{rel}","templated":true}]}}