{"id":91871,"date":"2022-12-21T18:05:41","date_gmt":"2022-12-21T17:05:41","guid":{"rendered":"https:\/\/swissraft.xyanzkdne.eu\/product\/hubschrauberflug-von-balzers-tessinische-alpen-und-grotto-90-min-ab-chf-1890-00\/"},"modified":"2024-12-01T01:27:26","modified_gmt":"2024-12-01T00:27:26","slug":"helikopterflug-balzers-tessiner-alpen-und-grotto","status":"publish","type":"product","link":"https:\/\/www.swissraft.ch\/de\/produkt\/helikopterflug-balzers-tessiner-alpen-und-grotto\/","title":{"rendered":"Helikopterflug von BALZERS &#8211; TESSINER ALPEN UND GROTTO &#8211; 90 Min. &#8211; Ab CHF 1&#8217;890.00"},"content":{"rendered":"\t\t<div data-elementor-type=\"wp-post\" data-elementor-id=\"91871\" class=\"elementor elementor-91871 elementor-29853\">\n\t\t\t\t\t\t\t\t\t<section class=\"elementor-section elementor-top-section elementor-element elementor-element-3303a7e3 elementor-section-boxed elementor-section-height-default elementor-section-height-default\" data-id=\"3303a7e3\" data-element_type=\"section\">\n\t\t\t\t\t\t<div class=\"elementor-container elementor-column-gap-default\">\n\t\t\t\t\t<div class=\"elementor-column elementor-col-100 elementor-top-column elementor-element elementor-element-16d72dbf\" data-id=\"16d72dbf\" data-element_type=\"column\">\n\t\t\t<div class=\"elementor-widget-wrap elementor-element-populated\">\n\t\t\t\t\t\t\t\t<div class=\"elementor-element elementor-element-d743c03 elementor-widget elementor-widget-text-editor\" data-id=\"d743c03\" data-element_type=\"widget\" data-widget_type=\"text-editor.default\">\n\t\t\t\t<div class=\"elementor-widget-container\">\n\t\t\t\t\t\t\t<h2>W\u00c4HLEN SIE UNTEN IHRE AKTIVIT\u00c4T AUS, UM GESCHENKGUTSCHEINE \/ TICKETS ZU VERSCHENKEN ODER ZU BUCHEN.<\/h2><table border=\"0\" width=\"580\" cellspacing=\"10\" cellpadding=\"10\"><tbody><tr><td width=\"50%\"><h3><strong>TESSINER ALPEN UND GROTTO &#8211; <\/strong><strong style=\"font-family: inherit; font-size: inherit;\">PRIVATFLUG (1-4 Pers.) &#8211; 90 min.<\/strong><\/h3><\/td><td><strong>Ab CHF 1&#8217;890.00 pro Privatflug<span class=\"productPrice\"><br \/><\/span><\/strong><\/td><\/tr><tr><td>Weitere Informationen<\/td><td>&#8211; Sie haben den Helikopter ausschlie\u00dflich f\u00fcr sich<br \/>&#8211; Sie bestimmen Datum und Uhrzeit des Abflugs<br \/>&#8211; Maximal 4 Personen<br \/>&#8211; Mahlzeiten und Getr\u00e4nke nicht inbegriffen<\/td><\/tr><tr><td>Heliport<\/td><td><a href=\"https:\/\/www.google.com\/maps\/place\/47%C2%B004'05.9%22N+9%C2%B028'54.3%22E\/@47.0684676,9.4773295,769m\/data=!3m1!1e3!4m4!3m3!8m2!3d47.0683056!4d9.48175?entry=ttu\" target=\"_blank\" rel=\"noopener\">Balzers<\/a><\/td><\/tr><tr><td>Flugzeit<\/td><td>90 Min.<\/td><\/tr><tr><td>Gesamtdauer<\/td><td>ca. 3 Std.<\/td><\/tr><tr><td>Terminvereinbarung<\/td><td>Per Telefon<\/td><\/tr><tr><td><button class=\"elementor-button\" type=\"button\"><a href=\"https:\/\/swissraft.outdoorbooking.ch\/fo\/products\/1064?base_id=183&amp;category_id=6&amp;order_type=gift_voucher&amp;lang=de\" target=\"_blank\" rel=\"noopener\">GUTSCHEIN KAUFEN<\/a><\/button><\/td><td><strong>CHF 1&#8217;890.00 &#8211; Privatflug (1-3 Pers.)<\/strong><\/td><\/tr><tr><td><button class=\"elementor-button\" type=\"button\"><a href=\"https:\/\/swissraft.outdoorbooking.ch\/fo\/products\/1065?base_id=184&amp;category_id=6&amp;order_type=gift_voucher&amp;lang=de\" target=\"_blank\" rel=\"noopener\">GUTSCHEIN KAUFEN<\/a><\/button><\/td><td><strong>CHF 2&#8217;590.00 &#8211; Privatflug (4 Pers.)<\/strong><\/td><\/tr><tr><td>\u00a0<\/td><td>Um zu buchen : <span class=\"patt\" style=\"font-family: inherit; font-size: inherit;\"><span class=\"plbl\"><span class=\"patt\"><a href=\"https:\/\/www.swissraft.ch\/de\/kontakt\/\">Kontaktieren Sie uns<\/a><\/span><\/span><\/span><\/td><\/tr><\/tbody><\/table>\t\t\t\t\t\t<\/div>\n\t\t\t\t<\/div>\n\t\t\t\t\t<\/div>\n\t\t<\/div>\n\t\t\t\t\t\t\t<\/div>\n\t\t<\/section>\n\t\t\t\t\t\t\t<\/div>\n\t\t","protected":false},"excerpt":{"rendered":"<div align=\"justify\">\n<h2 align=\"justify\">Dieser 90-min\u00fctige Helikopterflug bringt Sie auf der Terrasse eines Grotto im Handumdrehen ins Tessin.<\/h2>\n<h3>Von Nord nach S\u00fcd in Rekordzeit mit einer H\u00f6henpause auf der Terrasse eines typischen Tessiner Grotto.<\/h3>\n<\/div>\n<div align=\"justify\">\nVon Balzers aus fliegen Sie \u00fcber Maienfeld und den San Bernardino in Richtung Bellinzona. Wenn Sie \u00fcber die Ebene von Magadino fliegen, k\u00f6nnen Sie bereits die Reflexionen des Lago Maggiore sehen. Hoch \u00fcber dem See landen Sie auf einer Terrasse in der N\u00e4he eines Grotto. Dort erwarten Sie Spezialit\u00e4ten aus der Region. Auf dem R\u00fcckflug fliegen Sie durch das Verzascatal, \u00fcber den Piz Medel und seinen Gletscher. Danach folgen die imposanten Spitzen von Clariden, der T\u00f6di, die Tschingelh\u00f6rner mit dem ber\u00fchmten Martinsloch, bevor wir nach Balzers zur\u00fcckkehren.<\/p>\n<h3>Mit \u00fcber 150 Rundfl\u00fcgen haben Sie die Qual der Wahl. Rufen Sie uns an und wir beraten Sie gerne. <\/h3>\n<p id=\"textarea\" style=\"display: none;\">\nWir bieten Fl\u00fcge vom Heliport in St. Moritz im Winter und vom Flugplatz Samedan das ganze Jahr \u00fcber. Ebenso Fl\u00fcge von den Heliports in Tavanasa, Flims und Untervaz. Aber auch vom Flugplatz Sitterdorf in Thurgau aus. Wir fliegen auch von den internationalen Flugh\u00e4fen Z\u00fcrich-Kloten und Bern-Belp. Au\u00dferdem starten wir vom Heliport Gstaad-Grund und vom Flugplatz Saanen in Gstaad-Saanenland. Dar\u00fcber hinaus bieten wir Fl\u00fcge von den Heliports Lenk-Simmental, Schattenhalb-Meiringen, Interlaken-Gsteigwiler und Lauterbrunnen an. Sowie Fl\u00fcge in den Kanton Luzern von Pfaffnau und in den Kanton Uri von Erstfeld. Wir bieten auch Fl\u00fcge von Buttwil im Kanton Aargau an. Au\u00dferdem gibt es Rundreisen ab K\u00fcssnacht im Kanton Schwyz und ab Grenchen im Kanton Solothurn. Ebenso bieten wir Rundreisen ab \u00c9pagny im Greyerzerland an. Im Wallis starten wir von den Helikopterlandepl\u00e4tzen Gampel und Collombey sowie vom Flughafen der Stadt Sitten. Au\u00dferdem starten wir von den Flugpl\u00e4tzen Locarno und Lodrino im Tessin.\n<\/p>\n<p><a id=\"seeMore\" onclick=\"toggleSeeMore()\" href=\"javascript:void(0);\">Lesen Sie mehr<\/a><\/p>\n","protected":false},"featured_media":86668,"comment_status":"open","ping_status":"closed","template":"","meta":{"inline_featured_image":false,"_mi_skip_tracking":false},"product_cat":[263,284],"product_tag":[],"class_list":["post-91871","product","type-product","status-publish","has-post-thumbnail","hentry","product_cat-helikopterflug-in-der-schweiz","product_cat-helikopterrundflug-balzers"],"yoast_head":"<!-- This site is optimized with the Yoast SEO plugin v23.6 - https:\/\/yoast.com\/wordpress\/plugins\/seo\/ -->\n<title>Tessiner Alpen und Grotto mit dem Helikopter von Balzers aus<\/title>\n<meta name=\"description\" content=\"Tessiner Alpen und Grotto mit dem Helikopter von Balzers aus f\u00fcr einen 90-min\u00fctigen Flug mit Landung in der N\u00e4he eines typischen Tessiner Grotto.\" \/>\n<meta name=\"robots\" content=\"index, follow, max-snippet:-1, max-image-preview:large, max-video-preview:-1\" \/>\n<link rel=\"canonical\" href=\"https:\/\/www.swissraft.ch\/de\/produkt\/helikopterflug-balzers-tessiner-alpen-und-grotto\/\" \/>\n<meta property=\"og:locale\" content=\"de_DE\" \/>\n<meta property=\"og:type\" content=\"article\" \/>\n<meta property=\"og:title\" content=\"Tessiner Alpen und Grotto mit dem Helikopter von Balzers aus\" \/>\n<meta property=\"og:description\" content=\"Tessiner Alpen und Grotto mit dem Helikopter von Balzers aus f\u00fcr einen 90-min\u00fctigen Flug mit Landung in der N\u00e4he eines typischen Tessiner Grotto.\" \/>\n<meta property=\"og:url\" content=\"https:\/\/www.swissraft.ch\/de\/produkt\/helikopterflug-balzers-tessiner-alpen-und-grotto\/\" \/>\n<meta property=\"og:site_name\" content=\"Swissraft\" \/>\n<meta property=\"article:modified_time\" content=\"2024-12-01T00:27:26+00:00\" \/>\n<meta property=\"og:image\" content=\"https:\/\/www.swissraft.ch\/wp-content\/uploads\/2022\/12\/10-SARGANS-BALZERS-Uber-die-Alpen-ins-Tessiner-Grotto-776x776-2.jpg\" \/>\n\t<meta property=\"og:image:width\" content=\"776\" \/>\n\t<meta property=\"og:image:height\" content=\"776\" \/>\n\t<meta property=\"og:image:type\" content=\"image\/jpeg\" \/>\n<meta name=\"twitter:card\" content=\"summary_large_image\" \/>\n<meta name=\"twitter:label1\" content=\"Gesch\u00e4tzte Lesezeit\" \/>\n\t<meta name=\"twitter:data1\" content=\"1\u00a0Minute\" \/>\n<script type=\"application\/ld+json\" class=\"yoast-schema-graph\">{\"@context\":\"https:\/\/schema.org\",\"@graph\":[{\"@type\":\"WebPage\",\"@id\":\"https:\/\/www.swissraft.ch\/de\/produkt\/helikopterflug-balzers-tessiner-alpen-und-grotto\/\",\"url\":\"https:\/\/www.swissraft.ch\/de\/produkt\/helikopterflug-balzers-tessiner-alpen-und-grotto\/\",\"name\":\"Tessiner Alpen und Grotto mit dem Helikopter von Balzers aus\",\"isPartOf\":{\"@id\":\"https:\/\/www.swissraft.ch\/de\/#website\"},\"primaryImageOfPage\":{\"@id\":\"https:\/\/www.swissraft.ch\/de\/produkt\/helikopterflug-balzers-tessiner-alpen-und-grotto\/#primaryimage\"},\"image\":{\"@id\":\"https:\/\/www.swissraft.ch\/de\/produkt\/helikopterflug-balzers-tessiner-alpen-und-grotto\/#primaryimage\"},\"thumbnailUrl\":\"https:\/\/www.swissraft.ch\/wp-content\/uploads\/2022\/12\/10-SARGANS-BALZERS-Uber-die-Alpen-ins-Tessiner-Grotto-776x776-2.jpg\",\"datePublished\":\"2022-12-21T17:05:41+00:00\",\"dateModified\":\"2024-12-01T00:27:26+00:00\",\"description\":\"Tessiner Alpen und Grotto mit dem Helikopter von Balzers aus f\u00fcr einen 90-min\u00fctigen Flug mit Landung in der N\u00e4he eines typischen Tessiner Grotto.\",\"breadcrumb\":{\"@id\":\"https:\/\/www.swissraft.ch\/de\/produkt\/helikopterflug-balzers-tessiner-alpen-und-grotto\/#breadcrumb\"},\"inLanguage\":\"de\",\"potentialAction\":[{\"@type\":\"ReadAction\",\"target\":[\"https:\/\/www.swissraft.ch\/de\/produkt\/helikopterflug-balzers-tessiner-alpen-und-grotto\/\"]}]},{\"@type\":\"ImageObject\",\"inLanguage\":\"de\",\"@id\":\"https:\/\/www.swissraft.ch\/de\/produkt\/helikopterflug-balzers-tessiner-alpen-und-grotto\/#primaryimage\",\"url\":\"https:\/\/www.swissraft.ch\/wp-content\/uploads\/2022\/12\/10-SARGANS-BALZERS-Uber-die-Alpen-ins-Tessiner-Grotto-776x776-2.jpg\",\"contentUrl\":\"https:\/\/www.swissraft.ch\/wp-content\/uploads\/2022\/12\/10-SARGANS-BALZERS-Uber-die-Alpen-ins-Tessiner-Grotto-776x776-2.jpg\",\"width\":776,\"height\":776,\"caption\":\"De Balzers f\u00fcr einen Hubschrauberflug \u00fcber die Alpen und ein Tessiner Grotto\"},{\"@type\":\"BreadcrumbList\",\"@id\":\"https:\/\/www.swissraft.ch\/de\/produkt\/helikopterflug-balzers-tessiner-alpen-und-grotto\/#breadcrumb\",\"itemListElement\":[{\"@type\":\"ListItem\",\"position\":1,\"name\":\"Accueil\",\"item\":\"https:\/\/www.swissraft.ch\/de\/\"},{\"@type\":\"ListItem\",\"position\":2,\"name\":\"Shop\",\"item\":\"https:\/\/www.swissraft.ch\/de\/shop\/\"},{\"@type\":\"ListItem\",\"position\":3,\"name\":\"Helikopterflug von BALZERS &#8211; TESSINER ALPEN UND GROTTO &#8211; 90 Min. &#8211; Ab CHF 1&#8217;890.00\"}]},{\"@type\":\"WebSite\",\"@id\":\"https:\/\/www.swissraft.ch\/de\/#website\",\"url\":\"https:\/\/www.swissraft.ch\/de\/\",\"name\":\"Swissraft\",\"description\":\"To enjoy nature as it is\",\"publisher\":{\"@id\":\"https:\/\/www.swissraft.ch\/de\/#organization\"},\"potentialAction\":[{\"@type\":\"SearchAction\",\"target\":{\"@type\":\"EntryPoint\",\"urlTemplate\":\"https:\/\/www.swissraft.ch\/de\/?s={search_term_string}\"},\"query-input\":{\"@type\":\"PropertyValueSpecification\",\"valueRequired\":true,\"valueName\":\"search_term_string\"}}],\"inLanguage\":\"de\"},{\"@type\":\"Organization\",\"@id\":\"https:\/\/www.swissraft.ch\/de\/#organization\",\"name\":\"Swissraft\",\"url\":\"https:\/\/www.swissraft.ch\/de\/\",\"logo\":{\"@type\":\"ImageObject\",\"inLanguage\":\"de\",\"@id\":\"https:\/\/www.swissraft.ch\/de\/#\/schema\/logo\/image\/\",\"url\":\"https:\/\/www.swissraft.ch\/wp-content\/uploads\/2025\/09\/Capture.jpg\",\"contentUrl\":\"https:\/\/www.swissraft.ch\/wp-content\/uploads\/2025\/09\/Capture.jpg\",\"width\":293,\"height\":108,\"caption\":\"Swissraft\"},\"image\":{\"@id\":\"https:\/\/www.swissraft.ch\/de\/#\/schema\/logo\/image\/\"}}]}<\/script>\n<!-- \/ Yoast SEO plugin. -->","yoast_head_json":{"title":"Tessiner Alpen und Grotto mit dem Helikopter von Balzers aus","description":"Tessiner Alpen und Grotto mit dem Helikopter von Balzers aus f\u00fcr einen 90-min\u00fctigen Flug mit Landung in der N\u00e4he eines typischen Tessiner Grotto.","robots":{"index":"index","follow":"follow","max-snippet":"max-snippet:-1","max-image-preview":"max-image-preview:large","max-video-preview":"max-video-preview:-1"},"canonical":"https:\/\/www.swissraft.ch\/de\/produkt\/helikopterflug-balzers-tessiner-alpen-und-grotto\/","og_locale":"de_DE","og_type":"article","og_title":"Tessiner Alpen und Grotto mit dem Helikopter von Balzers aus","og_description":"Tessiner Alpen und Grotto mit dem Helikopter von Balzers aus f\u00fcr einen 90-min\u00fctigen Flug mit Landung in der N\u00e4he eines typischen Tessiner Grotto.","og_url":"https:\/\/www.swissraft.ch\/de\/produkt\/helikopterflug-balzers-tessiner-alpen-und-grotto\/","og_site_name":"Swissraft","article_modified_time":"2024-12-01T00:27:26+00:00","og_image":[{"width":776,"height":776,"url":"https:\/\/www.swissraft.ch\/wp-content\/uploads\/2022\/12\/10-SARGANS-BALZERS-Uber-die-Alpen-ins-Tessiner-Grotto-776x776-2.jpg","type":"image\/jpeg"}],"twitter_card":"summary_large_image","twitter_misc":{"Gesch\u00e4tzte Lesezeit":"1\u00a0Minute"},"schema":{"@context":"https:\/\/schema.org","@graph":[{"@type":"WebPage","@id":"https:\/\/www.swissraft.ch\/de\/produkt\/helikopterflug-balzers-tessiner-alpen-und-grotto\/","url":"https:\/\/www.swissraft.ch\/de\/produkt\/helikopterflug-balzers-tessiner-alpen-und-grotto\/","name":"Tessiner Alpen und Grotto mit dem Helikopter von Balzers aus","isPartOf":{"@id":"https:\/\/www.swissraft.ch\/de\/#website"},"primaryImageOfPage":{"@id":"https:\/\/www.swissraft.ch\/de\/produkt\/helikopterflug-balzers-tessiner-alpen-und-grotto\/#primaryimage"},"image":{"@id":"https:\/\/www.swissraft.ch\/de\/produkt\/helikopterflug-balzers-tessiner-alpen-und-grotto\/#primaryimage"},"thumbnailUrl":"https:\/\/www.swissraft.ch\/wp-content\/uploads\/2022\/12\/10-SARGANS-BALZERS-Uber-die-Alpen-ins-Tessiner-Grotto-776x776-2.jpg","datePublished":"2022-12-21T17:05:41+00:00","dateModified":"2024-12-01T00:27:26+00:00","description":"Tessiner Alpen und Grotto mit dem Helikopter von Balzers aus f\u00fcr einen 90-min\u00fctigen Flug mit Landung in der N\u00e4he eines typischen Tessiner Grotto.","breadcrumb":{"@id":"https:\/\/www.swissraft.ch\/de\/produkt\/helikopterflug-balzers-tessiner-alpen-und-grotto\/#breadcrumb"},"inLanguage":"de","potentialAction":[{"@type":"ReadAction","target":["https:\/\/www.swissraft.ch\/de\/produkt\/helikopterflug-balzers-tessiner-alpen-und-grotto\/"]}]},{"@type":"ImageObject","inLanguage":"de","@id":"https:\/\/www.swissraft.ch\/de\/produkt\/helikopterflug-balzers-tessiner-alpen-und-grotto\/#primaryimage","url":"https:\/\/www.swissraft.ch\/wp-content\/uploads\/2022\/12\/10-SARGANS-BALZERS-Uber-die-Alpen-ins-Tessiner-Grotto-776x776-2.jpg","contentUrl":"https:\/\/www.swissraft.ch\/wp-content\/uploads\/2022\/12\/10-SARGANS-BALZERS-Uber-die-Alpen-ins-Tessiner-Grotto-776x776-2.jpg","width":776,"height":776,"caption":"De Balzers f\u00fcr einen Hubschrauberflug \u00fcber die Alpen und ein Tessiner Grotto"},{"@type":"BreadcrumbList","@id":"https:\/\/www.swissraft.ch\/de\/produkt\/helikopterflug-balzers-tessiner-alpen-und-grotto\/#breadcrumb","itemListElement":[{"@type":"ListItem","position":1,"name":"Accueil","item":"https:\/\/www.swissraft.ch\/de\/"},{"@type":"ListItem","position":2,"name":"Shop","item":"https:\/\/www.swissraft.ch\/de\/shop\/"},{"@type":"ListItem","position":3,"name":"Helikopterflug von BALZERS &#8211; TESSINER ALPEN UND GROTTO &#8211; 90 Min. &#8211; Ab CHF 1&#8217;890.00"}]},{"@type":"WebSite","@id":"https:\/\/www.swissraft.ch\/de\/#website","url":"https:\/\/www.swissraft.ch\/de\/","name":"Swissraft","description":"To enjoy nature as it is","publisher":{"@id":"https:\/\/www.swissraft.ch\/de\/#organization"},"potentialAction":[{"@type":"SearchAction","target":{"@type":"EntryPoint","urlTemplate":"https:\/\/www.swissraft.ch\/de\/?s={search_term_string}"},"query-input":{"@type":"PropertyValueSpecification","valueRequired":true,"valueName":"search_term_string"}}],"inLanguage":"de"},{"@type":"Organization","@id":"https:\/\/www.swissraft.ch\/de\/#organization","name":"Swissraft","url":"https:\/\/www.swissraft.ch\/de\/","logo":{"@type":"ImageObject","inLanguage":"de","@id":"https:\/\/www.swissraft.ch\/de\/#\/schema\/logo\/image\/","url":"https:\/\/www.swissraft.ch\/wp-content\/uploads\/2025\/09\/Capture.jpg","contentUrl":"https:\/\/www.swissraft.ch\/wp-content\/uploads\/2025\/09\/Capture.jpg","width":293,"height":108,"caption":"Swissraft"},"image":{"@id":"https:\/\/www.swissraft.ch\/de\/#\/schema\/logo\/image\/"}}]}},"_links":{"self":[{"href":"https:\/\/www.swissraft.ch\/de\/wp-json\/wp\/v2\/product\/91871","targetHints":{"allow":["GET"]}}],"collection":[{"href":"https:\/\/www.swissraft.ch\/de\/wp-json\/wp\/v2\/product"}],"about":[{"href":"https:\/\/www.swissraft.ch\/de\/wp-json\/wp\/v2\/types\/product"}],"replies":[{"embeddable":true,"href":"https:\/\/www.swissraft.ch\/de\/wp-json\/wp\/v2\/comments?post=91871"}],"version-history":[{"count":0,"href":"https:\/\/www.swissraft.ch\/de\/wp-json\/wp\/v2\/product\/91871\/revisions"}],"wp:featuredmedia":[{"embeddable":true,"href":"https:\/\/www.swissraft.ch\/de\/wp-json\/wp\/v2\/media\/86668"}],"wp:attachment":[{"href":"https:\/\/www.swissraft.ch\/de\/wp-json\/wp\/v2\/media?parent=91871"}],"wp:term":[{"taxonomy":"product_cat","embeddable":true,"href":"https:\/\/www.swissraft.ch\/de\/wp-json\/wp\/v2\/product_cat?post=91871"},{"taxonomy":"product_tag","embeddable":true,"href":"https:\/\/www.swissraft.ch\/de\/wp-json\/wp\/v2\/product_tag?post=91871"}],"curies":[{"name":"wp","href":"https:\/\/api.w.org\/{rel}","templated":true}]}}