{"id":91867,"date":"2022-12-21T18:00:22","date_gmt":"2022-12-21T17:00:22","guid":{"rendered":"https:\/\/swissraft.xyanzkdne.eu\/product\/hubschrauberflug-von-balzers-seen-glaciers-und-pose-auf-3000m-75-min-ab-chf-1539-00\/"},"modified":"2026-04-18T06:02:30","modified_gmt":"2026-04-18T04:02:30","slug":"helikopterflug-balzers-rundflug-seen-gletscherlandung","status":"publish","type":"product","link":"https:\/\/www.swissraft.ch\/de\/produkt\/helikopterflug-balzers-rundflug-seen-gletscherlandung\/","title":{"rendered":"Helikopterflug &#8211; Balzers &#8211; Seen &#8211; Gletschers und Landung auf 3000m &#8211; 75 Min. &#8211; Ab CHF 1&#8217;539.00"},"content":{"rendered":"\t\t<div data-elementor-type=\"wp-post\" data-elementor-id=\"91867\" class=\"elementor elementor-91867 elementor-29847\">\n\t\t\t\t\t\t\t\t\t<section class=\"elementor-section elementor-top-section elementor-element elementor-element-3303a7e3 elementor-section-boxed elementor-section-height-default elementor-section-height-default\" data-id=\"3303a7e3\" data-element_type=\"section\">\n\t\t\t\t\t\t<div class=\"elementor-container elementor-column-gap-default\">\n\t\t\t\t\t<div class=\"elementor-column elementor-col-100 elementor-top-column elementor-element elementor-element-16d72dbf\" data-id=\"16d72dbf\" data-element_type=\"column\">\n\t\t\t<div class=\"elementor-widget-wrap elementor-element-populated\">\n\t\t\t\t\t\t\t\t<div class=\"elementor-element elementor-element-d743c03 elementor-widget elementor-widget-text-editor\" data-id=\"d743c03\" data-element_type=\"widget\" data-widget_type=\"text-editor.default\">\n\t\t\t\t<div class=\"elementor-widget-container\">\n\t\t\t\t\t\t\t<h2>W\u00c4HLEN SIE UNTEN IHRE AKTIVIT\u00c4T AUS, UM GESCHENKGUTSCHEINE \/ TICKETS ZU VERSCHENKEN ODER ZU BUCHEN<\/h2><table border=\"0\" width=\"580\" cellspacing=\"10\" cellpadding=\"10\"><tbody><tr><td width=\"50%\"><strong>RUNDFLUG &#8211; SEEN &#8211; GLETSCHERS UND LANDUNG AUF 3000M -. <\/strong><strong>PRIVATER FLUG (1-4 Pers.) &#8211; 75 Min.<\/strong><\/td><td><strong>Ab CHF 1&#8217;539.00 pro Privatflug<span class=\"productPrice\"><br \/><\/span><\/strong><\/td><\/tr><tr><td>Zus\u00e4tzliche Informationen<\/td><td>&#8211; Sie haben den Helikopter ausschlie\u00dflich f\u00fcr sich<br \/>&#8211; Sie bestimmen das Datum und die Uhrzeit des Abflugs<br \/>&#8211; Maximum 4 Pers.<\/td><\/tr><tr><td>Heliport<\/td><td><a href=\"https:\/\/www.google.com\/maps\/place\/47%C2%B004'05.9%22N+9%C2%B028'54.3%22E\/@47.0684676,9.4773295,769m\/data=!3m1!1e3!4m4!3m3!8m2!3d47.0683056!4d9.48175?entry=ttu\" target=\"_blank\" rel=\"noopener\">Balzers<\/a><\/td><\/tr><tr><td>Flugzeit<\/td><td>75 Min.<\/td><\/tr><tr><td>Gesamtdauer<\/td><td>ca. 2,5 Std.<\/td><\/tr><tr><td>Termin<\/td><td>Per Telefon<\/td><\/tr><tr><td><button class=\"elementor-button\" type=\"button\"><a href=\"https:\/\/swissraft.outdoorbooking.ch\/fo\/products\/1061?base_id=182&amp;category_id=6&amp;order_type=gift_voucher&amp;lang=de\" target=\"_blank\" rel=\"noopener\">GUTSCHEIN \/ TICKET KAUFEN<\/a><\/button><\/td><td><strong>CHF 1&#8217;539.00 &#8211; Privatflug (1-2 Pers.)<\/strong><\/td><\/tr><tr><td><button class=\"elementor-button\" type=\"button\"><a href=\"https:\/\/swissraft.outdoorbooking.ch\/fo\/products\/1062?base_id=184&amp;category_id=6&amp;order_type=gift_voucher&amp;lang=de\" target=\"_blank\" rel=\"noopener\">GUTSCHEIN \/ TICKET KAUFEN<\/a><\/button><\/td><td><strong>CHF 2&#8217;120.00 &#8211; Privatflug (3-4 Pers.)<\/strong><\/td><\/tr><tr><td>\u00a0<\/td><td><strong><em>WICHTIG !<\/em><\/strong><br \/><em>Um zu reservieren, rufen Sie die Nummer an, die sich oben links auf dem Gutschein \/ Ticket befindet.<\/em><\/td><\/tr><\/tbody><\/table>\t\t\t\t\t\t<\/div>\n\t\t\t\t<\/div>\n\t\t\t\t\t<\/div>\n\t\t<\/div>\n\t\t\t\t\t\t\t<\/div>\n\t\t<\/section>\n\t\t\t\t\t\t\t<\/div>\n\t\t","protected":false},"excerpt":{"rendered":"<div align=\"justify\">\n<h2 align=\"justify\">Von Balzers aus fliegen Sie 75 Minuten lang \u00fcber 12 Seen und 6 Gletscher.<\/h2>\n<h3>W\u00e4hrend dieses Fluges fliegen Sie durch 4 Kantone: St. Gallen, Glarus, Uri und Schwyz. Als besonderes Highlight landen Sie auf einem Gletscher in \u00fcber 3000 m H\u00f6he. Ein unvergessliches Erlebnis<\/h3>\n<\/div>\n<div align=\"justify\">Von Balzers aus machen Sie einen fantastischen Flug \u00fcber Gipfel und T\u00e4ler, Gletscher und Seen. Sie fliegen auch entlang der \u00f6sterreichischen und der liechtensteinischen Grenze. W\u00e4hrend dieser Reise machen Sie Halt auf einem Gletscher in \u00fcber 3000 m H\u00f6he. Dann setzen Sie Ihr Abenteuer fort und kehren nach einem 75-min\u00fctigen spektakul\u00e4ren Flug zum Balzers Heliport zur\u00fcck.<\/p>\n<h3>Auf unserer Website bieten wir Ihnen \u00fcber 150 Helikopterrundfl\u00fcge an. Rufen Sie uns an! Wir beraten Sie gerne.<\/h3>\n<p id=\"textarea\" style=\"display: none;\">\nAu\u00dferdem starten wir das ganze Jahr \u00fcber vom Flugplatz Samedan und vom Hubschrauberlandeplatz St. Moritz nur im Winter. Ebenso starten wir das ganze Jahr \u00fcber von den Heliports Tavanasa, Flims und Untervaz. Aber wir starten auch vom Flugplatz Sitterdorf im Kanton Thurgau. Wir bieten auch Fl\u00fcge von den internationalen Flugh\u00e4fen Z\u00fcrich-Kloten und Bern-Belp an. Ebenso wie Fl\u00fcge vom Flugplatz Saanen und vom Heliport Gstaad-Grund in Gstaad-Saanenland. Einerseits bieten wir Fl\u00fcge von den Heliports Lenk-Simmental, Schattenhalb-Meiringen, Interlaken-Gsteigwiler und Lauterbrunnen an. Andererseits Fl\u00fcge von Pfaffnau im Kanton Luzern und von Erstfeld im Kanton Uri. Au\u00dferdem bieten wir Routen von Buttwil im Kanton Aargau an. sowie Routen ab K\u00fcssnacht im Kanton Schwyz. Aber auch aus Grenchen im Kanton Solothurn. Wir haben auch Touren im Kanton Freiburg ab \u00c9pagny im Greyerzerland im Angebot. Ebenso im Wallis ab dem Flughafen Sitten und den Heliports Collombey und Gampel.<br \/>\nAu\u00dferdem bieten wir Rundfl\u00fcge im Tessin an, die von den Flugpl\u00e4tzen Locarno und Lodrino starten.\n<\/p>\n<p><a id=\"seeMore\" onclick=\"toggleSeeMore()\" href=\"javascript:void(0);\">Lesen Sie mehr<\/a><\/p>\n","protected":false},"featured_media":86680,"comment_status":"open","ping_status":"closed","template":"","meta":{"inline_featured_image":false,"_mi_skip_tracking":false},"product_cat":[263,284],"product_tag":[],"class_list":["post-91867","product","type-product","status-publish","has-post-thumbnail","hentry","product_cat-helikopterflug-in-der-schweiz","product_cat-helikopterflug-rundflug-balzers"],"yoast_head":"<!-- This site is optimized with the Yoast SEO plugin v23.6 - https:\/\/yoast.com\/wordpress\/plugins\/seo\/ -->\n<title>Rundflug Seen Gletschers Balzers aus<\/title>\n<meta name=\"description\" content=\"Rundflug Seen Gletschers Landung von Balzers aus. Dieser spektakul\u00e4re Flug f\u00fchrt Sie \u00fcber 12 Seen und 6 Gletscher mit einer Landung auf einem der Gletscher\" \/>\n<meta name=\"robots\" content=\"index, follow, max-snippet:-1, max-image-preview:large, max-video-preview:-1\" \/>\n<link rel=\"canonical\" href=\"https:\/\/www.swissraft.ch\/de\/produkt\/helikopterflug-balzers-rundflug-seen-gletscherlandung\/\" \/>\n<meta property=\"og:locale\" content=\"de_DE\" \/>\n<meta property=\"og:type\" content=\"article\" \/>\n<meta property=\"og:title\" content=\"Rundflug Seen Gletschers Balzers aus\" \/>\n<meta property=\"og:description\" content=\"Rundflug Seen Gletschers Landung von Balzers aus. Dieser spektakul\u00e4re Flug f\u00fchrt Sie \u00fcber 12 Seen und 6 Gletscher mit einer Landung auf einem der Gletscher\" \/>\n<meta property=\"og:url\" content=\"https:\/\/www.swissraft.ch\/de\/produkt\/helikopterflug-balzers-rundflug-seen-gletscherlandung\/\" \/>\n<meta property=\"og:site_name\" content=\"Swissraft\" \/>\n<meta property=\"article:modified_time\" content=\"2026-04-18T04:02:30+00:00\" \/>\n<meta property=\"og:image\" content=\"https:\/\/www.swissraft.ch\/wp-content\/uploads\/2022\/12\/09-SARGANS-BALZERS-12-Seen-6-Gletscher-Landung-auf-3000-m-776x776-Kopie-1.jpg\" \/>\n\t<meta property=\"og:image:width\" content=\"776\" \/>\n\t<meta property=\"og:image:height\" content=\"776\" \/>\n\t<meta property=\"og:image:type\" content=\"image\/jpeg\" \/>\n<meta name=\"twitter:card\" content=\"summary_large_image\" \/>\n<meta name=\"twitter:label1\" content=\"Gesch\u00e4tzte Lesezeit\" \/>\n\t<meta name=\"twitter:data1\" content=\"1\u00a0Minute\" \/>\n<script type=\"application\/ld+json\" class=\"yoast-schema-graph\">{\"@context\":\"https:\/\/schema.org\",\"@graph\":[{\"@type\":\"WebPage\",\"@id\":\"https:\/\/www.swissraft.ch\/de\/produkt\/helikopterflug-balzers-rundflug-seen-gletscherlandung\/\",\"url\":\"https:\/\/www.swissraft.ch\/de\/produkt\/helikopterflug-balzers-rundflug-seen-gletscherlandung\/\",\"name\":\"Rundflug Seen Gletschers Balzers aus\",\"isPartOf\":{\"@id\":\"https:\/\/www.swissraft.ch\/de\/#website\"},\"primaryImageOfPage\":{\"@id\":\"https:\/\/www.swissraft.ch\/de\/produkt\/helikopterflug-balzers-rundflug-seen-gletscherlandung\/#primaryimage\"},\"image\":{\"@id\":\"https:\/\/www.swissraft.ch\/de\/produkt\/helikopterflug-balzers-rundflug-seen-gletscherlandung\/#primaryimage\"},\"thumbnailUrl\":\"https:\/\/www.swissraft.ch\/wp-content\/uploads\/2022\/12\/09-SARGANS-BALZERS-12-Seen-6-Gletscher-Landung-auf-3000-m-776x776-Kopie-1.jpg\",\"datePublished\":\"2022-12-21T17:00:22+00:00\",\"dateModified\":\"2026-04-18T04:02:30+00:00\",\"description\":\"Rundflug Seen Gletschers Landung von Balzers aus. Dieser spektakul\u00e4re Flug f\u00fchrt Sie \u00fcber 12 Seen und 6 Gletscher mit einer Landung auf einem der Gletscher\",\"breadcrumb\":{\"@id\":\"https:\/\/www.swissraft.ch\/de\/produkt\/helikopterflug-balzers-rundflug-seen-gletscherlandung\/#breadcrumb\"},\"inLanguage\":\"de\",\"potentialAction\":[{\"@type\":\"ReadAction\",\"target\":[\"https:\/\/www.swissraft.ch\/de\/produkt\/helikopterflug-balzers-rundflug-seen-gletscherlandung\/\"]}]},{\"@type\":\"ImageObject\",\"inLanguage\":\"de\",\"@id\":\"https:\/\/www.swissraft.ch\/de\/produkt\/helikopterflug-balzers-rundflug-seen-gletscherlandung\/#primaryimage\",\"url\":\"https:\/\/www.swissraft.ch\/wp-content\/uploads\/2022\/12\/09-SARGANS-BALZERS-12-Seen-6-Gletscher-Landung-auf-3000-m-776x776-Kopie-1.jpg\",\"contentUrl\":\"https:\/\/www.swissraft.ch\/wp-content\/uploads\/2022\/12\/09-SARGANS-BALZERS-12-Seen-6-Gletscher-Landung-auf-3000-m-776x776-Kopie-1.jpg\",\"width\":776,\"height\":776,\"caption\":\"Rundflug Seen Gletschers Landung auf einem gletscher mit helikopter\"},{\"@type\":\"BreadcrumbList\",\"@id\":\"https:\/\/www.swissraft.ch\/de\/produkt\/helikopterflug-balzers-rundflug-seen-gletscherlandung\/#breadcrumb\",\"itemListElement\":[{\"@type\":\"ListItem\",\"position\":1,\"name\":\"Accueil\",\"item\":\"https:\/\/www.swissraft.ch\/de\/\"},{\"@type\":\"ListItem\",\"position\":2,\"name\":\"Shop\",\"item\":\"https:\/\/www.swissraft.ch\/de\/shop\/\"},{\"@type\":\"ListItem\",\"position\":3,\"name\":\"Helikopterflug &#8211; Balzers &#8211; Seen &#8211; Gletschers und Landung auf 3000m &#8211; 75 Min. &#8211; Ab CHF 1&rsquo;539.00\"}]},{\"@type\":\"WebSite\",\"@id\":\"https:\/\/www.swissraft.ch\/de\/#website\",\"url\":\"https:\/\/www.swissraft.ch\/de\/\",\"name\":\"Swissraft\",\"description\":\"To enjoy nature as it is\",\"publisher\":{\"@id\":\"https:\/\/www.swissraft.ch\/de\/#organization\"},\"potentialAction\":[{\"@type\":\"SearchAction\",\"target\":{\"@type\":\"EntryPoint\",\"urlTemplate\":\"https:\/\/www.swissraft.ch\/de\/?s={search_term_string}\"},\"query-input\":{\"@type\":\"PropertyValueSpecification\",\"valueRequired\":true,\"valueName\":\"search_term_string\"}}],\"inLanguage\":\"de\"},{\"@type\":\"Organization\",\"@id\":\"https:\/\/www.swissraft.ch\/de\/#organization\",\"name\":\"Swissraft\",\"url\":\"https:\/\/www.swissraft.ch\/de\/\",\"logo\":{\"@type\":\"ImageObject\",\"inLanguage\":\"de\",\"@id\":\"https:\/\/www.swissraft.ch\/de\/#\/schema\/logo\/image\/\",\"url\":\"https:\/\/www.swissraft.ch\/wp-content\/uploads\/2025\/09\/Capture.jpg\",\"contentUrl\":\"https:\/\/www.swissraft.ch\/wp-content\/uploads\/2025\/09\/Capture.jpg\",\"width\":293,\"height\":108,\"caption\":\"Swissraft\"},\"image\":{\"@id\":\"https:\/\/www.swissraft.ch\/de\/#\/schema\/logo\/image\/\"}}]}<\/script>\n<!-- \/ Yoast SEO plugin. -->","yoast_head_json":{"title":"Rundflug Seen Gletschers Balzers aus","description":"Rundflug Seen Gletschers Landung von Balzers aus. Dieser spektakul\u00e4re Flug f\u00fchrt Sie \u00fcber 12 Seen und 6 Gletscher mit einer Landung auf einem der Gletscher","robots":{"index":"index","follow":"follow","max-snippet":"max-snippet:-1","max-image-preview":"max-image-preview:large","max-video-preview":"max-video-preview:-1"},"canonical":"https:\/\/www.swissraft.ch\/de\/produkt\/helikopterflug-balzers-rundflug-seen-gletscherlandung\/","og_locale":"de_DE","og_type":"article","og_title":"Rundflug Seen Gletschers Balzers aus","og_description":"Rundflug Seen Gletschers Landung von Balzers aus. Dieser spektakul\u00e4re Flug f\u00fchrt Sie \u00fcber 12 Seen und 6 Gletscher mit einer Landung auf einem der Gletscher","og_url":"https:\/\/www.swissraft.ch\/de\/produkt\/helikopterflug-balzers-rundflug-seen-gletscherlandung\/","og_site_name":"Swissraft","article_modified_time":"2026-04-18T04:02:30+00:00","og_image":[{"width":776,"height":776,"url":"https:\/\/www.swissraft.ch\/wp-content\/uploads\/2022\/12\/09-SARGANS-BALZERS-12-Seen-6-Gletscher-Landung-auf-3000-m-776x776-Kopie-1.jpg","type":"image\/jpeg"}],"twitter_card":"summary_large_image","twitter_misc":{"Gesch\u00e4tzte Lesezeit":"1\u00a0Minute"},"schema":{"@context":"https:\/\/schema.org","@graph":[{"@type":"WebPage","@id":"https:\/\/www.swissraft.ch\/de\/produkt\/helikopterflug-balzers-rundflug-seen-gletscherlandung\/","url":"https:\/\/www.swissraft.ch\/de\/produkt\/helikopterflug-balzers-rundflug-seen-gletscherlandung\/","name":"Rundflug Seen Gletschers Balzers aus","isPartOf":{"@id":"https:\/\/www.swissraft.ch\/de\/#website"},"primaryImageOfPage":{"@id":"https:\/\/www.swissraft.ch\/de\/produkt\/helikopterflug-balzers-rundflug-seen-gletscherlandung\/#primaryimage"},"image":{"@id":"https:\/\/www.swissraft.ch\/de\/produkt\/helikopterflug-balzers-rundflug-seen-gletscherlandung\/#primaryimage"},"thumbnailUrl":"https:\/\/www.swissraft.ch\/wp-content\/uploads\/2022\/12\/09-SARGANS-BALZERS-12-Seen-6-Gletscher-Landung-auf-3000-m-776x776-Kopie-1.jpg","datePublished":"2022-12-21T17:00:22+00:00","dateModified":"2026-04-18T04:02:30+00:00","description":"Rundflug Seen Gletschers Landung von Balzers aus. Dieser spektakul\u00e4re Flug f\u00fchrt Sie \u00fcber 12 Seen und 6 Gletscher mit einer Landung auf einem der Gletscher","breadcrumb":{"@id":"https:\/\/www.swissraft.ch\/de\/produkt\/helikopterflug-balzers-rundflug-seen-gletscherlandung\/#breadcrumb"},"inLanguage":"de","potentialAction":[{"@type":"ReadAction","target":["https:\/\/www.swissraft.ch\/de\/produkt\/helikopterflug-balzers-rundflug-seen-gletscherlandung\/"]}]},{"@type":"ImageObject","inLanguage":"de","@id":"https:\/\/www.swissraft.ch\/de\/produkt\/helikopterflug-balzers-rundflug-seen-gletscherlandung\/#primaryimage","url":"https:\/\/www.swissraft.ch\/wp-content\/uploads\/2022\/12\/09-SARGANS-BALZERS-12-Seen-6-Gletscher-Landung-auf-3000-m-776x776-Kopie-1.jpg","contentUrl":"https:\/\/www.swissraft.ch\/wp-content\/uploads\/2022\/12\/09-SARGANS-BALZERS-12-Seen-6-Gletscher-Landung-auf-3000-m-776x776-Kopie-1.jpg","width":776,"height":776,"caption":"Rundflug Seen Gletschers Landung auf einem gletscher mit helikopter"},{"@type":"BreadcrumbList","@id":"https:\/\/www.swissraft.ch\/de\/produkt\/helikopterflug-balzers-rundflug-seen-gletscherlandung\/#breadcrumb","itemListElement":[{"@type":"ListItem","position":1,"name":"Accueil","item":"https:\/\/www.swissraft.ch\/de\/"},{"@type":"ListItem","position":2,"name":"Shop","item":"https:\/\/www.swissraft.ch\/de\/shop\/"},{"@type":"ListItem","position":3,"name":"Helikopterflug &#8211; Balzers &#8211; Seen &#8211; Gletschers und Landung auf 3000m &#8211; 75 Min. &#8211; Ab CHF 1&rsquo;539.00"}]},{"@type":"WebSite","@id":"https:\/\/www.swissraft.ch\/de\/#website","url":"https:\/\/www.swissraft.ch\/de\/","name":"Swissraft","description":"To enjoy nature as it is","publisher":{"@id":"https:\/\/www.swissraft.ch\/de\/#organization"},"potentialAction":[{"@type":"SearchAction","target":{"@type":"EntryPoint","urlTemplate":"https:\/\/www.swissraft.ch\/de\/?s={search_term_string}"},"query-input":{"@type":"PropertyValueSpecification","valueRequired":true,"valueName":"search_term_string"}}],"inLanguage":"de"},{"@type":"Organization","@id":"https:\/\/www.swissraft.ch\/de\/#organization","name":"Swissraft","url":"https:\/\/www.swissraft.ch\/de\/","logo":{"@type":"ImageObject","inLanguage":"de","@id":"https:\/\/www.swissraft.ch\/de\/#\/schema\/logo\/image\/","url":"https:\/\/www.swissraft.ch\/wp-content\/uploads\/2025\/09\/Capture.jpg","contentUrl":"https:\/\/www.swissraft.ch\/wp-content\/uploads\/2025\/09\/Capture.jpg","width":293,"height":108,"caption":"Swissraft"},"image":{"@id":"https:\/\/www.swissraft.ch\/de\/#\/schema\/logo\/image\/"}}]}},"_links":{"self":[{"href":"https:\/\/www.swissraft.ch\/de\/wp-json\/wp\/v2\/product\/91867","targetHints":{"allow":["GET"]}}],"collection":[{"href":"https:\/\/www.swissraft.ch\/de\/wp-json\/wp\/v2\/product"}],"about":[{"href":"https:\/\/www.swissraft.ch\/de\/wp-json\/wp\/v2\/types\/product"}],"replies":[{"embeddable":true,"href":"https:\/\/www.swissraft.ch\/de\/wp-json\/wp\/v2\/comments?post=91867"}],"version-history":[{"count":10,"href":"https:\/\/www.swissraft.ch\/de\/wp-json\/wp\/v2\/product\/91867\/revisions"}],"predecessor-version":[{"id":140711,"href":"https:\/\/www.swissraft.ch\/de\/wp-json\/wp\/v2\/product\/91867\/revisions\/140711"}],"wp:featuredmedia":[{"embeddable":true,"href":"https:\/\/www.swissraft.ch\/de\/wp-json\/wp\/v2\/media\/86680"}],"wp:attachment":[{"href":"https:\/\/www.swissraft.ch\/de\/wp-json\/wp\/v2\/media?parent=91867"}],"wp:term":[{"taxonomy":"product_cat","embeddable":true,"href":"https:\/\/www.swissraft.ch\/de\/wp-json\/wp\/v2\/product_cat?post=91867"},{"taxonomy":"product_tag","embeddable":true,"href":"https:\/\/www.swissraft.ch\/de\/wp-json\/wp\/v2\/product_tag?post=91867"}],"curies":[{"name":"wp","href":"https:\/\/api.w.org\/{rel}","templated":true}]}}