{"id":91864,"date":"2022-12-21T17:47:14","date_gmt":"2022-12-21T16:47:14","guid":{"rendered":"https:\/\/swissraft.xyanzkdne.eu\/product\/hubschrauberflug-von-balzers-landung-auf-dem-buergenstock-70-min-ab-chf-1425-00\/"},"modified":"2024-12-01T01:25:19","modified_gmt":"2024-12-01T00:25:19","slug":"helikopterflug-balzers-landung-auf-dem-buergenstock","status":"publish","type":"product","link":"https:\/\/www.swissraft.ch\/de\/produkt\/helikopterflug-balzers-landung-auf-dem-buergenstock\/","title":{"rendered":"Helikopterflug von BALZERS &#8211; LANDUNG AUF DEM B\u00dcRGENSTOCK &#8211; 70 Min. &#8211; Ab CHF 1&#8217;425.00"},"content":{"rendered":"\t\t<div data-elementor-type=\"wp-post\" data-elementor-id=\"91864\" class=\"elementor elementor-91864 elementor-29837\">\n\t\t\t\t\t\t\t\t\t<section class=\"elementor-section elementor-top-section elementor-element elementor-element-3303a7e3 elementor-section-boxed elementor-section-height-default elementor-section-height-default\" data-id=\"3303a7e3\" data-element_type=\"section\">\n\t\t\t\t\t\t<div class=\"elementor-container elementor-column-gap-default\">\n\t\t\t\t\t<div class=\"elementor-column elementor-col-100 elementor-top-column elementor-element elementor-element-16d72dbf\" data-id=\"16d72dbf\" data-element_type=\"column\">\n\t\t\t<div class=\"elementor-widget-wrap elementor-element-populated\">\n\t\t\t\t\t\t\t\t<div class=\"elementor-element elementor-element-d743c03 elementor-widget elementor-widget-text-editor\" data-id=\"d743c03\" data-element_type=\"widget\" data-widget_type=\"text-editor.default\">\n\t\t\t\t<div class=\"elementor-widget-container\">\n\t\t\t\t\t\t\t<h2>W\u00c4HLEN SIE UNTEN IHRE AKTIVIT\u00c4T AUS, UM GESCHENKGUTSCHEINE \/ TICKETS ZU VERSCHENKEN ODER ZU BUCHEN.<\/h2><table border=\"0\" width=\"580\" cellspacing=\"10\" cellpadding=\"10\"><tbody><tr><td width=\"50%\"><strong>LANDUNG AUF DEM B\u00dcRGENSTOCK &#8211;<\/strong><strong>PRIVATFLUG (1-4 Pers.) &#8211; 70 Min.<\/strong><\/td><td><strong>Ab CHF 1&#8217;425.00 pro Privatflug<span class=\"productPrice\"><br \/><\/span><\/strong><\/td><\/tr><tr><td>Weitere Informationen<\/td><td>&#8211; Sie haben den Helikopter ausschlie\u00dflich f\u00fcr sich<br \/>&#8211; Sie bestimmen Datum und Uhrzeit des Abflugs<br \/>&#8211; Maximal 4 Personen<br \/>&#8211; Mahlzeiten und Getr\u00e4nke nicht inbegriffen<\/td><\/tr><tr><td>Heliport<\/td><td><a href=\"https:\/\/www.google.com\/maps\/place\/47%C2%B004'05.9%22N+9%C2%B028'54.3%22E\/@47.0684676,9.4773295,769m\/data=!3m1!1e3!4m4!3m3!8m2!3d47.0683056!4d9.48175?entry=ttu\" target=\"_blank\" rel=\"noopener\">Balzers<\/a><\/td><\/tr><tr><td>Flugzeit<\/td><td>70 Min.<\/td><\/tr><tr><td>Gesamtdauer<\/td><td>ca. 3 Std.<\/td><\/tr><tr><td>Terminvereinbarung<\/td><td>Per Telefon<\/td><\/tr><tr><td><button class=\"elementor-button\" type=\"button\"><a href=\"https:\/\/swissraft.outdoorbooking.ch\/fo\/products\/1058?base_id=183&amp;category_id=6&amp;order_type=gift_voucher&amp;lang=de\" target=\"_blank\" rel=\"noopener\">GUTSCHEIN KAUFEN<\/a><\/button><\/td><td><strong>CHF 1&#8217;425.00 &#8211; Privatflug (1-3 Pers.)<\/strong><\/td><\/tr><tr><td><button class=\"elementor-button\" type=\"button\"><a href=\"https:\/\/swissraft.outdoorbooking.ch\/fo\/products\/1057?base_id=184&amp;category_id=6&amp;order_type=gift_voucher&amp;lang=de\" target=\"_blank\" rel=\"noopener\">GUTSCHEIN KAUFEN<\/a><\/button><\/td><td><strong>CHF 1&#8217;900.00 &#8211; Privatflug (4 Pers.)<\/strong><\/td><\/tr><tr><td>\u00a0<\/td><td>Um zu buchen : <span class=\"patt\" style=\"font-family: inherit; font-size: inherit;\"><span class=\"plbl\"><span class=\"patt\"><a href=\"https:\/\/www.swissraft.ch\/de\/kontakt\/\">Kontaktieren Sie uns<\/a><\/span><\/span><\/span><\/td><\/tr><\/tbody><\/table>\t\t\t\t\t\t<\/div>\n\t\t\t\t<\/div>\n\t\t\t\t\t<\/div>\n\t\t<\/div>\n\t\t\t\t\t\t\t<\/div>\n\t\t<\/section>\n\t\t\t\t\t\t\t<\/div>\n\t\t","protected":false},"excerpt":{"rendered":"<div align=\"justify\">\n<h2 align=\"justify\">Auf dem Weg in die Zentralschweiz mit einem 70-min\u00fctigen gro\u00dfen Helikopterflug<\/h2>\n<h3>Der Flug beginnt in Balzers und endet mit einer Landung auf dem ber\u00fchmten B\u00fcrgenstock.<\/h3>\n<\/div>\n<div align=\"justify\">\nVon Balzers aus fliegen wir \u00fcber den Walensee und dann entlang des Rautispitzes zum W\u00e4gitaler See. Anschlie\u00dfend fahren Sie weiter ins Euthal und zum Sihlsee bei Einsiedeln. Anschlie\u00dfend fahren Sie zur Rigi und zur Stadt Luzern. Entlang des Pilatus und dann zum B\u00fcrgenstock, wo Sie eine Zwischenlandung machen. Wenn Sie m\u00f6chten, k\u00f6nnen Sie eine kulinarische Pause einlegen. Dann geht der R\u00fcckflug weiter zur R\u00fctliwiese \u00fcber den Fronalpstock mit einer herrlichen Aussicht auf den Brunnen und die Mythen. Anschlie\u00dfend fahren Sie in das Muota-Tal, das Land der Seen und H\u00f6hlen. Schlie\u00dflich fliegen Sie \u00fcber den Kl\u00f6ntalsee, Flumserberg, Sargans und landen wieder auf dem Hubschrauberlandeplatz von Balzers.<\/p>\n<h3>Mehr als 150 Fl\u00fcge werden von Swissraft angeboten. Rufen Sie uns an, wir beraten Sie gerne. <\/h3>\n<p id=\"textarea\" style=\"display: none;\">\nWir starten das ganze Jahr \u00fcber vom Flugplatz Samedan und vom Heliport St. Moritz nur im Winter. Sowie von den Heliports in Tavanasa, Flims und Untervaz das ganze Jahr \u00fcber. Ebenso starten wir im Thurgau vom Flugplatz Sitterdorf aus. Wir bieten auch Fl\u00fcge von den internationalen Flugh\u00e4fen Z\u00fcrich-Kloten und Bern-Belp an. Aber auch Fl\u00fcge ab dem Flugplatz Saanen und ab dem Heliport Gstaad-Grund in Gstaad-Saanenland. Wir bieten auch Fl\u00fcge von den Heliports Lenk-Simmental, Schattenhalb-Meiringen, Interlaken-Gsteigwiler und Lauterbrunnen an. Auch im Kanton Luzern von Pfaffnau und von Erstfeld im Kanton Uri.<br \/>\nAu\u00dferdem bieten wir Rundreisen ab Buttwil im Kanton Aargau an. Au\u00dferdem gibt es Rundreisen ab K\u00fcssnacht im Kanton Schwyz und ab Grenchen im Kanton Solothurn. Dann haben wir noch Rundreisen ab \u00c9pagny im Greyerzerland. Ebenso im Wallis ab dem Flughafen Sion und den Heliports Collombey und Gampel.<br \/>\nGleichzeitig sind wir auch im Tessin vertreten und bieten Fl\u00fcge von den Flugpl\u00e4tzen Locarno und Lodrino an.\n<\/p>\n<p><a id=\"seeMore\" onclick=\"toggleSeeMore()\" href=\"javascript:void(0);\">Lesen Sie mehr<\/a><\/p>\n","protected":false},"featured_media":86716,"comment_status":"open","ping_status":"closed","template":"","meta":{"inline_featured_image":false,"_mi_skip_tracking":false},"product_cat":[263,284],"product_tag":[],"class_list":["post-91864","product","type-product","status-publish","has-post-thumbnail","hentry","product_cat-helikopterflug-in-der-schweiz","product_cat-helikopterrundflug-balzers"],"yoast_head":"<!-- This site is optimized with the Yoast SEO plugin v23.6 - https:\/\/yoast.com\/wordpress\/plugins\/seo\/ -->\n<title>Helikopterlandung auf dem B\u00fcrgenstock von Balzers aus<\/title>\n<meta name=\"description\" content=\"Landen Sie mit dem Helikopter auf dem B\u00fcrgenstock ab Balzers. Dieser 70-min\u00fctige Helikopterflug wird Sie begeistern.\" \/>\n<meta name=\"robots\" content=\"index, follow, max-snippet:-1, max-image-preview:large, max-video-preview:-1\" \/>\n<link rel=\"canonical\" href=\"https:\/\/www.swissraft.ch\/de\/produkt\/helikopterflug-balzers-landung-auf-dem-buergenstock\/\" \/>\n<meta property=\"og:locale\" content=\"de_DE\" \/>\n<meta property=\"og:type\" content=\"article\" \/>\n<meta property=\"og:title\" content=\"Helikopterlandung auf dem B\u00fcrgenstock von Balzers aus\" \/>\n<meta property=\"og:description\" content=\"Landen Sie mit dem Helikopter auf dem B\u00fcrgenstock ab Balzers. Dieser 70-min\u00fctige Helikopterflug wird Sie begeistern.\" \/>\n<meta property=\"og:url\" content=\"https:\/\/www.swissraft.ch\/de\/produkt\/helikopterflug-balzers-landung-auf-dem-buergenstock\/\" \/>\n<meta property=\"og:site_name\" content=\"Swissraft\" \/>\n<meta property=\"article:modified_time\" content=\"2024-12-01T00:25:19+00:00\" \/>\n<meta property=\"og:image\" content=\"https:\/\/www.swissraft.ch\/wp-content\/uploads\/2022\/12\/08-SARGANS-BALZERS-Innerschweiz-Zwischenlandung-776x776-4.jpg\" \/>\n\t<meta property=\"og:image:width\" content=\"776\" \/>\n\t<meta property=\"og:image:height\" content=\"776\" \/>\n\t<meta property=\"og:image:type\" content=\"image\/jpeg\" \/>\n<meta name=\"twitter:card\" content=\"summary_large_image\" \/>\n<meta name=\"twitter:label1\" content=\"Gesch\u00e4tzte Lesezeit\" \/>\n\t<meta name=\"twitter:data1\" content=\"1\u00a0Minute\" \/>\n<script type=\"application\/ld+json\" class=\"yoast-schema-graph\">{\"@context\":\"https:\/\/schema.org\",\"@graph\":[{\"@type\":\"WebPage\",\"@id\":\"https:\/\/www.swissraft.ch\/de\/produkt\/helikopterflug-balzers-landung-auf-dem-buergenstock\/\",\"url\":\"https:\/\/www.swissraft.ch\/de\/produkt\/helikopterflug-balzers-landung-auf-dem-buergenstock\/\",\"name\":\"Helikopterlandung auf dem B\u00fcrgenstock von Balzers aus\",\"isPartOf\":{\"@id\":\"https:\/\/www.swissraft.ch\/de\/#website\"},\"primaryImageOfPage\":{\"@id\":\"https:\/\/www.swissraft.ch\/de\/produkt\/helikopterflug-balzers-landung-auf-dem-buergenstock\/#primaryimage\"},\"image\":{\"@id\":\"https:\/\/www.swissraft.ch\/de\/produkt\/helikopterflug-balzers-landung-auf-dem-buergenstock\/#primaryimage\"},\"thumbnailUrl\":\"https:\/\/www.swissraft.ch\/wp-content\/uploads\/2022\/12\/08-SARGANS-BALZERS-Innerschweiz-Zwischenlandung-776x776-4.jpg\",\"datePublished\":\"2022-12-21T16:47:14+00:00\",\"dateModified\":\"2024-12-01T00:25:19+00:00\",\"description\":\"Landen Sie mit dem Helikopter auf dem B\u00fcrgenstock ab Balzers. Dieser 70-min\u00fctige Helikopterflug wird Sie begeistern.\",\"breadcrumb\":{\"@id\":\"https:\/\/www.swissraft.ch\/de\/produkt\/helikopterflug-balzers-landung-auf-dem-buergenstock\/#breadcrumb\"},\"inLanguage\":\"de\",\"potentialAction\":[{\"@type\":\"ReadAction\",\"target\":[\"https:\/\/www.swissraft.ch\/de\/produkt\/helikopterflug-balzers-landung-auf-dem-buergenstock\/\"]}]},{\"@type\":\"ImageObject\",\"inLanguage\":\"de\",\"@id\":\"https:\/\/www.swissraft.ch\/de\/produkt\/helikopterflug-balzers-landung-auf-dem-buergenstock\/#primaryimage\",\"url\":\"https:\/\/www.swissraft.ch\/wp-content\/uploads\/2022\/12\/08-SARGANS-BALZERS-Innerschweiz-Zwischenlandung-776x776-4.jpg\",\"contentUrl\":\"https:\/\/www.swissraft.ch\/wp-content\/uploads\/2022\/12\/08-SARGANS-BALZERS-Innerschweiz-Zwischenlandung-776x776-4.jpg\",\"width\":776,\"height\":776,\"caption\":\"Von Balzers aus in die Zentralschweiz und eine Helikopterlandung auf dem B\u00fcrgenstock\"},{\"@type\":\"BreadcrumbList\",\"@id\":\"https:\/\/www.swissraft.ch\/de\/produkt\/helikopterflug-balzers-landung-auf-dem-buergenstock\/#breadcrumb\",\"itemListElement\":[{\"@type\":\"ListItem\",\"position\":1,\"name\":\"Accueil\",\"item\":\"https:\/\/www.swissraft.ch\/de\/\"},{\"@type\":\"ListItem\",\"position\":2,\"name\":\"Shop\",\"item\":\"https:\/\/www.swissraft.ch\/de\/shop\/\"},{\"@type\":\"ListItem\",\"position\":3,\"name\":\"Helikopterflug von BALZERS &#8211; LANDUNG AUF DEM B\u00dcRGENSTOCK &#8211; 70 Min. &#8211; Ab CHF 1&#8217;425.00\"}]},{\"@type\":\"WebSite\",\"@id\":\"https:\/\/www.swissraft.ch\/de\/#website\",\"url\":\"https:\/\/www.swissraft.ch\/de\/\",\"name\":\"Swissraft\",\"description\":\"To enjoy nature as it is\",\"publisher\":{\"@id\":\"https:\/\/www.swissraft.ch\/de\/#organization\"},\"potentialAction\":[{\"@type\":\"SearchAction\",\"target\":{\"@type\":\"EntryPoint\",\"urlTemplate\":\"https:\/\/www.swissraft.ch\/de\/?s={search_term_string}\"},\"query-input\":{\"@type\":\"PropertyValueSpecification\",\"valueRequired\":true,\"valueName\":\"search_term_string\"}}],\"inLanguage\":\"de\"},{\"@type\":\"Organization\",\"@id\":\"https:\/\/www.swissraft.ch\/de\/#organization\",\"name\":\"Swissraft\",\"url\":\"https:\/\/www.swissraft.ch\/de\/\",\"logo\":{\"@type\":\"ImageObject\",\"inLanguage\":\"de\",\"@id\":\"https:\/\/www.swissraft.ch\/de\/#\/schema\/logo\/image\/\",\"url\":\"https:\/\/www.swissraft.ch\/wp-content\/uploads\/2025\/09\/Capture.jpg\",\"contentUrl\":\"https:\/\/www.swissraft.ch\/wp-content\/uploads\/2025\/09\/Capture.jpg\",\"width\":293,\"height\":108,\"caption\":\"Swissraft\"},\"image\":{\"@id\":\"https:\/\/www.swissraft.ch\/de\/#\/schema\/logo\/image\/\"}}]}<\/script>\n<!-- \/ Yoast SEO plugin. -->","yoast_head_json":{"title":"Helikopterlandung auf dem B\u00fcrgenstock von Balzers aus","description":"Landen Sie mit dem Helikopter auf dem B\u00fcrgenstock ab Balzers. Dieser 70-min\u00fctige Helikopterflug wird Sie begeistern.","robots":{"index":"index","follow":"follow","max-snippet":"max-snippet:-1","max-image-preview":"max-image-preview:large","max-video-preview":"max-video-preview:-1"},"canonical":"https:\/\/www.swissraft.ch\/de\/produkt\/helikopterflug-balzers-landung-auf-dem-buergenstock\/","og_locale":"de_DE","og_type":"article","og_title":"Helikopterlandung auf dem B\u00fcrgenstock von Balzers aus","og_description":"Landen Sie mit dem Helikopter auf dem B\u00fcrgenstock ab Balzers. Dieser 70-min\u00fctige Helikopterflug wird Sie begeistern.","og_url":"https:\/\/www.swissraft.ch\/de\/produkt\/helikopterflug-balzers-landung-auf-dem-buergenstock\/","og_site_name":"Swissraft","article_modified_time":"2024-12-01T00:25:19+00:00","og_image":[{"width":776,"height":776,"url":"https:\/\/www.swissraft.ch\/wp-content\/uploads\/2022\/12\/08-SARGANS-BALZERS-Innerschweiz-Zwischenlandung-776x776-4.jpg","type":"image\/jpeg"}],"twitter_card":"summary_large_image","twitter_misc":{"Gesch\u00e4tzte Lesezeit":"1\u00a0Minute"},"schema":{"@context":"https:\/\/schema.org","@graph":[{"@type":"WebPage","@id":"https:\/\/www.swissraft.ch\/de\/produkt\/helikopterflug-balzers-landung-auf-dem-buergenstock\/","url":"https:\/\/www.swissraft.ch\/de\/produkt\/helikopterflug-balzers-landung-auf-dem-buergenstock\/","name":"Helikopterlandung auf dem B\u00fcrgenstock von Balzers aus","isPartOf":{"@id":"https:\/\/www.swissraft.ch\/de\/#website"},"primaryImageOfPage":{"@id":"https:\/\/www.swissraft.ch\/de\/produkt\/helikopterflug-balzers-landung-auf-dem-buergenstock\/#primaryimage"},"image":{"@id":"https:\/\/www.swissraft.ch\/de\/produkt\/helikopterflug-balzers-landung-auf-dem-buergenstock\/#primaryimage"},"thumbnailUrl":"https:\/\/www.swissraft.ch\/wp-content\/uploads\/2022\/12\/08-SARGANS-BALZERS-Innerschweiz-Zwischenlandung-776x776-4.jpg","datePublished":"2022-12-21T16:47:14+00:00","dateModified":"2024-12-01T00:25:19+00:00","description":"Landen Sie mit dem Helikopter auf dem B\u00fcrgenstock ab Balzers. Dieser 70-min\u00fctige Helikopterflug wird Sie begeistern.","breadcrumb":{"@id":"https:\/\/www.swissraft.ch\/de\/produkt\/helikopterflug-balzers-landung-auf-dem-buergenstock\/#breadcrumb"},"inLanguage":"de","potentialAction":[{"@type":"ReadAction","target":["https:\/\/www.swissraft.ch\/de\/produkt\/helikopterflug-balzers-landung-auf-dem-buergenstock\/"]}]},{"@type":"ImageObject","inLanguage":"de","@id":"https:\/\/www.swissraft.ch\/de\/produkt\/helikopterflug-balzers-landung-auf-dem-buergenstock\/#primaryimage","url":"https:\/\/www.swissraft.ch\/wp-content\/uploads\/2022\/12\/08-SARGANS-BALZERS-Innerschweiz-Zwischenlandung-776x776-4.jpg","contentUrl":"https:\/\/www.swissraft.ch\/wp-content\/uploads\/2022\/12\/08-SARGANS-BALZERS-Innerschweiz-Zwischenlandung-776x776-4.jpg","width":776,"height":776,"caption":"Von Balzers aus in die Zentralschweiz und eine Helikopterlandung auf dem B\u00fcrgenstock"},{"@type":"BreadcrumbList","@id":"https:\/\/www.swissraft.ch\/de\/produkt\/helikopterflug-balzers-landung-auf-dem-buergenstock\/#breadcrumb","itemListElement":[{"@type":"ListItem","position":1,"name":"Accueil","item":"https:\/\/www.swissraft.ch\/de\/"},{"@type":"ListItem","position":2,"name":"Shop","item":"https:\/\/www.swissraft.ch\/de\/shop\/"},{"@type":"ListItem","position":3,"name":"Helikopterflug von BALZERS &#8211; LANDUNG AUF DEM B\u00dcRGENSTOCK &#8211; 70 Min. &#8211; Ab CHF 1&#8217;425.00"}]},{"@type":"WebSite","@id":"https:\/\/www.swissraft.ch\/de\/#website","url":"https:\/\/www.swissraft.ch\/de\/","name":"Swissraft","description":"To enjoy nature as it is","publisher":{"@id":"https:\/\/www.swissraft.ch\/de\/#organization"},"potentialAction":[{"@type":"SearchAction","target":{"@type":"EntryPoint","urlTemplate":"https:\/\/www.swissraft.ch\/de\/?s={search_term_string}"},"query-input":{"@type":"PropertyValueSpecification","valueRequired":true,"valueName":"search_term_string"}}],"inLanguage":"de"},{"@type":"Organization","@id":"https:\/\/www.swissraft.ch\/de\/#organization","name":"Swissraft","url":"https:\/\/www.swissraft.ch\/de\/","logo":{"@type":"ImageObject","inLanguage":"de","@id":"https:\/\/www.swissraft.ch\/de\/#\/schema\/logo\/image\/","url":"https:\/\/www.swissraft.ch\/wp-content\/uploads\/2025\/09\/Capture.jpg","contentUrl":"https:\/\/www.swissraft.ch\/wp-content\/uploads\/2025\/09\/Capture.jpg","width":293,"height":108,"caption":"Swissraft"},"image":{"@id":"https:\/\/www.swissraft.ch\/de\/#\/schema\/logo\/image\/"}}]}},"_links":{"self":[{"href":"https:\/\/www.swissraft.ch\/de\/wp-json\/wp\/v2\/product\/91864","targetHints":{"allow":["GET"]}}],"collection":[{"href":"https:\/\/www.swissraft.ch\/de\/wp-json\/wp\/v2\/product"}],"about":[{"href":"https:\/\/www.swissraft.ch\/de\/wp-json\/wp\/v2\/types\/product"}],"replies":[{"embeddable":true,"href":"https:\/\/www.swissraft.ch\/de\/wp-json\/wp\/v2\/comments?post=91864"}],"version-history":[{"count":0,"href":"https:\/\/www.swissraft.ch\/de\/wp-json\/wp\/v2\/product\/91864\/revisions"}],"wp:featuredmedia":[{"embeddable":true,"href":"https:\/\/www.swissraft.ch\/de\/wp-json\/wp\/v2\/media\/86716"}],"wp:attachment":[{"href":"https:\/\/www.swissraft.ch\/de\/wp-json\/wp\/v2\/media?parent=91864"}],"wp:term":[{"taxonomy":"product_cat","embeddable":true,"href":"https:\/\/www.swissraft.ch\/de\/wp-json\/wp\/v2\/product_cat?post=91864"},{"taxonomy":"product_tag","embeddable":true,"href":"https:\/\/www.swissraft.ch\/de\/wp-json\/wp\/v2\/product_tag?post=91864"}],"curies":[{"name":"wp","href":"https:\/\/api.w.org\/{rel}","templated":true}]}}