{"id":91860,"date":"2022-12-21T17:40:32","date_gmt":"2022-12-21T16:40:32","guid":{"rendered":"https:\/\/swissraft.xyanzkdne.eu\/product\/hubschrauberflug-von-balzers-alpen-und-glasposition-50-min-ab-chf-359-00\/"},"modified":"2026-04-18T00:06:31","modified_gmt":"2026-04-17T22:06:31","slug":"helikopterflug-balzers-rundflug-alpen-gletscherlandung","status":"publish","type":"product","link":"https:\/\/www.swissraft.ch\/de\/produkt\/helikopterflug-balzers-rundflug-alpen-gletscherlandung\/","title":{"rendered":"Helikopterflug &#8211; Balzers &#8211; Alpen und Gletscherlandung &#8211; 50 Min. &#8211; Ab CHF 359.00"},"content":{"rendered":"\t\t<div data-elementor-type=\"wp-post\" data-elementor-id=\"91860\" class=\"elementor elementor-91860 elementor-29830\">\n\t\t\t\t\t\t\t\t\t<section class=\"elementor-section elementor-top-section elementor-element elementor-element-3303a7e3 elementor-section-boxed elementor-section-height-default elementor-section-height-default\" data-id=\"3303a7e3\" data-element_type=\"section\">\n\t\t\t\t\t\t<div class=\"elementor-container elementor-column-gap-default\">\n\t\t\t\t\t<div class=\"elementor-column elementor-col-100 elementor-top-column elementor-element elementor-element-16d72dbf\" data-id=\"16d72dbf\" data-element_type=\"column\">\n\t\t\t<div class=\"elementor-widget-wrap elementor-element-populated\">\n\t\t\t\t\t\t\t\t<div class=\"elementor-element elementor-element-d743c03 elementor-widget elementor-widget-text-editor\" data-id=\"d743c03\" data-element_type=\"widget\" data-widget_type=\"text-editor.default\">\n\t\t\t\t<div class=\"elementor-widget-container\">\n\t\t\t\t\t\t\t<h2>W\u00c4HLEN SIE UNTEN IHRE AKTIVIT\u00c4T AUS, UM GESCHENKGUTSCHEINE \/ TICKETS ZU VERSCHENKEN ODER ZU BUCHEN<\/h2><table border=\"0\" width=\"580\" cellspacing=\"10\" cellpadding=\"10\"><tbody><tr><td width=\"50%\"><strong>RUNDFLUG &#8211; ALPEN UND GLETSCHERLANDUNG (1-4 Pers.) &#8211; 50 min.<\/strong><\/td><td><strong>Ab CHF 359.00 pro Person<span class=\"productPrice\"><br \/><\/span><\/strong><\/td><\/tr><tr><td>Zus\u00e4tzliche Informationen<\/td><td>&#8211; Sie werden mit anderen Passagieren zusammen sein<br \/>&#8211; Privatflug ab 3 Pers.<\/td><\/tr><tr><td>Heliport<\/td><td><a href=\"https:\/\/www.google.com\/maps\/place\/47%C2%B004'05.9%22N+9%C2%B028'54.3%22E\/@47.0684676,9.4773295,769m\/data=!3m1!1e3!4m4!3m3!8m2!3d47.0683056!4d9.48175?entry=ttu\" target=\"_blank\" rel=\"noopener\">Balzers<\/a><\/td><\/tr><tr><td>Flugzeit<\/td><td>50 Min.<\/td><\/tr><tr><td>Gesamtdauer<\/td><td>ca. 1:45 Std.<\/td><\/tr><tr><td>Termin<\/td><td>Per Telefon<\/td><\/tr><tr><td><button class=\"elementor-button\" type=\"button\"><a href=\"https:\/\/swissraft.outdoorbooking.ch\/fo\/products\/1048?base_id=180&amp;category_id=6&amp;order_type=gift_voucher&amp;lang=de\" target=\"_blank\" rel=\"noopener\">GUTSCHEIN \/ TICKET KAUFEN<\/a><\/button><\/td><td><strong>CHF 359.00 pro Person<\/strong><\/td><\/tr><tr><td><button class=\"elementor-button\" type=\"button\"><a href=\"https:\/\/swissraft.outdoorbooking.ch\/fo\/products\/1049?base_id=182&amp;category_id=6&amp;order_type=gift_voucher&amp;lang=de\" target=\"_blank\" rel=\"noopener\">GUTSCHEIN \/ TICKET KAUFEN<\/a><\/button><\/td><td><strong>CHF 1&#8217;059.00 &#8211; Privatflug (1-3 Pers.)<\/strong><\/td><\/tr><tr><td><button class=\"elementor-button\" type=\"button\"><a href=\"https:\/\/swissraft.outdoorbooking.ch\/fo\/products\/1051?base_id=184&amp;category_id=6&amp;order_type=gift_voucher&amp;lang=de\" target=\"_blank\" rel=\"noopener\">GUTSCHEIN \/ TICKET KAUFEN<\/a><\/button><\/td><td><strong>CHF 1&#8217;436.00 &#8211; Privatflug (4 Pers.)<\/strong><\/td><\/tr><tr><td>\u00a0<\/td><td><strong><em>WICHTIG !<\/em><\/strong><br \/><em>Um zu reservieren, rufen Sie die Nummer an, die sich oben links auf dem Gutschein \/ Ticket befindet.<\/em><\/td><\/tr><\/tbody><\/table>\t\t\t\t\t\t<\/div>\n\t\t\t\t<\/div>\n\t\t\t\t\t<\/div>\n\t\t<\/div>\n\t\t\t\t\t\t\t<\/div>\n\t\t<\/section>\n\t\t\t\t\t\t\t<\/div>\n\t\t","protected":false},"excerpt":{"rendered":"<div align=\"justify\">\n<h2 align=\"justify\">Dieser 50-min\u00fctige Helikopterflug f\u00fchrt Sie mitten in die Schweizer Alpen.<\/h2>\n<h3>Diese Tour beinhaltet eine Landung auf einem Gletscher in fast 3000 m H\u00f6he; vergessen Sie Ihre Kamera nicht.<\/h3>\n<\/div>\n<div align=\"justify\">\n<p>Von Balzers aus fliegen wir in Richtung der Glarner Alpen und landen auf einem Gletscher. Sie haben gen\u00fcgend Zeit, um herrliche Fotos zu machen. Auf dem R\u00fcckweg fahren wir \u00fcber den Staudamm des Limmersees und dann \u00fcber den Geopark Sardona. Wir sehen auch das Martinsloch auf ca. 2600 m H\u00f6he und die Tschingelhorns&#8230; Emotionen sind garantiert!<\/p>\n<h3>Swissraft m\u00f6chte jedem die M\u00f6glichkeit geben, einen Hubschrauberflug zu machen und bietet Ihnen Preise, die Ihrem Budget entsprechen. Mehr als 150 Flugvorschl\u00e4ge auf unserer Website<\/h3>\n<p id=\"textarea\" style=\"display: none;\">\nWir fliegen vom Heliport in St. Moritz im Winter und vom Flugplatz Samedan das ganze Jahr \u00fcber. Danach fliegen wir von den Heliports in Untervaz, Flims und Tavanasa in Graub\u00fcnden. Ebenso fliegen wir vom Flugplatz Sitterdorf aus in den Thurgau. Sowie Fl\u00fcge vom internationalen Flughafen Z\u00fcrich-Kloten und vom internationalen Flughafen Bern-Belp. Au\u00dferdem starten wir vom Heliport Gstaad-Grund und vom Flugplatz Saanen in Gstaad-Saanenland. Aber auch von den Hubschrauberlandepl\u00e4tzen Lenk-Simmental, Schattenhalb-Meiringen, Interlaken-Gsteigwiler und Lauterbrunnen. Wir bieten auch Fl\u00fcge von Pfaffnau im Kanton Luzern und von Erstfeld im Kanton Uri an. \u00dcbrigens bieten wir auch Fl\u00fcge von Buttwil im Kanton Aargau an. Daneben haben wir Fl\u00fcge von K\u00fcssnacht im Kanton Schwyz und von Grenchen im Kanton Solothurn. Au\u00dferdem bieten wir Rundfl\u00fcge durch das Greyerzerland vom Flugplatz \u00c9pagny im Kanton Freiburg aus an. Aber auch im Wallis von den Helikopterlandepl\u00e4tzen Collombey und Gampel sowie vom Flughafen Sitten aus. Au\u00dferdem starten wir von den Flugpl\u00e4tzen Locarno und Lodrino im Tessin zu sch\u00f6nen Rundfl\u00fcgen.\n<\/p>\n<p><a id=\"seeMore\" onclick=\"toggleSeeMore()\" href=\"javascript:void(0);\">Lesen Sie mehr<\/a><\/p>\n","protected":false},"featured_media":86620,"comment_status":"open","ping_status":"closed","template":"","meta":{"inline_featured_image":false,"_mi_skip_tracking":false},"product_cat":[263,284],"product_tag":[],"class_list":["post-91860","product","type-product","status-publish","has-post-thumbnail","hentry","product_cat-helikopterflug-in-der-schweiz","product_cat-helikopterflug-rundflug-balzers"],"yoast_head":"<!-- This site is optimized with the Yoast SEO plugin v23.6 - https:\/\/yoast.com\/wordpress\/plugins\/seo\/ -->\n<title>Rundflug mit einer Gletscherlandung mit dem Helikopter<\/title>\n<meta name=\"description\" content=\"Rundflug mit einer Gletscherlandung von Balzers aus. Der 50-min\u00fctige Flug f\u00fchrt Sie mitten in die Glarner Alpen. Emotionen w\u00e4hrend des Fluges garantiert\" \/>\n<meta name=\"robots\" content=\"index, follow, max-snippet:-1, max-image-preview:large, max-video-preview:-1\" \/>\n<link rel=\"canonical\" href=\"https:\/\/www.swissraft.ch\/de\/produkt\/helikopterflug-balzers-rundflug-alpen-gletscherlandung\/\" \/>\n<meta property=\"og:locale\" content=\"de_DE\" \/>\n<meta property=\"og:type\" content=\"article\" \/>\n<meta property=\"og:title\" content=\"Rundflug mit einer Gletscherlandung mit dem Helikopter\" \/>\n<meta property=\"og:description\" content=\"Rundflug mit einer Gletscherlandung von Balzers aus. Der 50-min\u00fctige Flug f\u00fchrt Sie mitten in die Glarner Alpen. Emotionen w\u00e4hrend des Fluges garantiert\" \/>\n<meta property=\"og:url\" content=\"https:\/\/www.swissraft.ch\/de\/produkt\/helikopterflug-balzers-rundflug-alpen-gletscherlandung\/\" \/>\n<meta property=\"og:site_name\" content=\"Swissraft\" \/>\n<meta property=\"article:modified_time\" content=\"2026-04-17T22:06:31+00:00\" \/>\n<meta property=\"og:image\" content=\"https:\/\/www.swissraft.ch\/wp-content\/uploads\/2022\/12\/06-SARGANS-BALZERS-Alpenrundflug-mit-Gletscherlandung-776x776-2.jpg\" \/>\n\t<meta property=\"og:image:width\" content=\"776\" \/>\n\t<meta property=\"og:image:height\" content=\"776\" \/>\n\t<meta property=\"og:image:type\" content=\"image\/jpeg\" \/>\n<meta name=\"twitter:card\" content=\"summary_large_image\" \/>\n<meta name=\"twitter:label1\" content=\"Gesch\u00e4tzte Lesezeit\" \/>\n\t<meta name=\"twitter:data1\" content=\"1\u00a0Minute\" \/>\n<script type=\"application\/ld+json\" class=\"yoast-schema-graph\">{\"@context\":\"https:\/\/schema.org\",\"@graph\":[{\"@type\":\"WebPage\",\"@id\":\"https:\/\/www.swissraft.ch\/de\/produkt\/helikopterflug-balzers-rundflug-alpen-gletscherlandung\/\",\"url\":\"https:\/\/www.swissraft.ch\/de\/produkt\/helikopterflug-balzers-rundflug-alpen-gletscherlandung\/\",\"name\":\"Rundflug mit einer Gletscherlandung mit dem Helikopter\",\"isPartOf\":{\"@id\":\"https:\/\/www.swissraft.ch\/de\/#website\"},\"primaryImageOfPage\":{\"@id\":\"https:\/\/www.swissraft.ch\/de\/produkt\/helikopterflug-balzers-rundflug-alpen-gletscherlandung\/#primaryimage\"},\"image\":{\"@id\":\"https:\/\/www.swissraft.ch\/de\/produkt\/helikopterflug-balzers-rundflug-alpen-gletscherlandung\/#primaryimage\"},\"thumbnailUrl\":\"https:\/\/www.swissraft.ch\/wp-content\/uploads\/2022\/12\/06-SARGANS-BALZERS-Alpenrundflug-mit-Gletscherlandung-776x776-2.jpg\",\"datePublished\":\"2022-12-21T16:40:32+00:00\",\"dateModified\":\"2026-04-17T22:06:31+00:00\",\"description\":\"Rundflug mit einer Gletscherlandung von Balzers aus. Der 50-min\u00fctige Flug f\u00fchrt Sie mitten in die Glarner Alpen. Emotionen w\u00e4hrend des Fluges garantiert\",\"breadcrumb\":{\"@id\":\"https:\/\/www.swissraft.ch\/de\/produkt\/helikopterflug-balzers-rundflug-alpen-gletscherlandung\/#breadcrumb\"},\"inLanguage\":\"de\",\"potentialAction\":[{\"@type\":\"ReadAction\",\"target\":[\"https:\/\/www.swissraft.ch\/de\/produkt\/helikopterflug-balzers-rundflug-alpen-gletscherlandung\/\"]}]},{\"@type\":\"ImageObject\",\"inLanguage\":\"de\",\"@id\":\"https:\/\/www.swissraft.ch\/de\/produkt\/helikopterflug-balzers-rundflug-alpen-gletscherlandung\/#primaryimage\",\"url\":\"https:\/\/www.swissraft.ch\/wp-content\/uploads\/2022\/12\/06-SARGANS-BALZERS-Alpenrundflug-mit-Gletscherlandung-776x776-2.jpg\",\"contentUrl\":\"https:\/\/www.swissraft.ch\/wp-content\/uploads\/2022\/12\/06-SARGANS-BALZERS-Alpenrundflug-mit-Gletscherlandung-776x776-2.jpg\",\"width\":776,\"height\":776,\"caption\":\"Rundflug mit einer Gletscherlandung\"},{\"@type\":\"BreadcrumbList\",\"@id\":\"https:\/\/www.swissraft.ch\/de\/produkt\/helikopterflug-balzers-rundflug-alpen-gletscherlandung\/#breadcrumb\",\"itemListElement\":[{\"@type\":\"ListItem\",\"position\":1,\"name\":\"Accueil\",\"item\":\"https:\/\/www.swissraft.ch\/de\/\"},{\"@type\":\"ListItem\",\"position\":2,\"name\":\"Shop\",\"item\":\"https:\/\/www.swissraft.ch\/de\/shop\/\"},{\"@type\":\"ListItem\",\"position\":3,\"name\":\"Helikopterflug &#8211; Balzers &#8211; Alpen und Gletscherlandung &#8211; 50 Min. &#8211; Ab CHF 359.00\"}]},{\"@type\":\"WebSite\",\"@id\":\"https:\/\/www.swissraft.ch\/de\/#website\",\"url\":\"https:\/\/www.swissraft.ch\/de\/\",\"name\":\"Swissraft\",\"description\":\"To enjoy nature as it is\",\"publisher\":{\"@id\":\"https:\/\/www.swissraft.ch\/de\/#organization\"},\"potentialAction\":[{\"@type\":\"SearchAction\",\"target\":{\"@type\":\"EntryPoint\",\"urlTemplate\":\"https:\/\/www.swissraft.ch\/de\/?s={search_term_string}\"},\"query-input\":{\"@type\":\"PropertyValueSpecification\",\"valueRequired\":true,\"valueName\":\"search_term_string\"}}],\"inLanguage\":\"de\"},{\"@type\":\"Organization\",\"@id\":\"https:\/\/www.swissraft.ch\/de\/#organization\",\"name\":\"Swissraft\",\"url\":\"https:\/\/www.swissraft.ch\/de\/\",\"logo\":{\"@type\":\"ImageObject\",\"inLanguage\":\"de\",\"@id\":\"https:\/\/www.swissraft.ch\/de\/#\/schema\/logo\/image\/\",\"url\":\"https:\/\/www.swissraft.ch\/wp-content\/uploads\/2025\/09\/Capture.jpg\",\"contentUrl\":\"https:\/\/www.swissraft.ch\/wp-content\/uploads\/2025\/09\/Capture.jpg\",\"width\":293,\"height\":108,\"caption\":\"Swissraft\"},\"image\":{\"@id\":\"https:\/\/www.swissraft.ch\/de\/#\/schema\/logo\/image\/\"}}]}<\/script>\n<!-- \/ Yoast SEO plugin. -->","yoast_head_json":{"title":"Rundflug mit einer Gletscherlandung mit dem Helikopter","description":"Rundflug mit einer Gletscherlandung von Balzers aus. Der 50-min\u00fctige Flug f\u00fchrt Sie mitten in die Glarner Alpen. Emotionen w\u00e4hrend des Fluges garantiert","robots":{"index":"index","follow":"follow","max-snippet":"max-snippet:-1","max-image-preview":"max-image-preview:large","max-video-preview":"max-video-preview:-1"},"canonical":"https:\/\/www.swissraft.ch\/de\/produkt\/helikopterflug-balzers-rundflug-alpen-gletscherlandung\/","og_locale":"de_DE","og_type":"article","og_title":"Rundflug mit einer Gletscherlandung mit dem Helikopter","og_description":"Rundflug mit einer Gletscherlandung von Balzers aus. Der 50-min\u00fctige Flug f\u00fchrt Sie mitten in die Glarner Alpen. Emotionen w\u00e4hrend des Fluges garantiert","og_url":"https:\/\/www.swissraft.ch\/de\/produkt\/helikopterflug-balzers-rundflug-alpen-gletscherlandung\/","og_site_name":"Swissraft","article_modified_time":"2026-04-17T22:06:31+00:00","og_image":[{"width":776,"height":776,"url":"https:\/\/www.swissraft.ch\/wp-content\/uploads\/2022\/12\/06-SARGANS-BALZERS-Alpenrundflug-mit-Gletscherlandung-776x776-2.jpg","type":"image\/jpeg"}],"twitter_card":"summary_large_image","twitter_misc":{"Gesch\u00e4tzte Lesezeit":"1\u00a0Minute"},"schema":{"@context":"https:\/\/schema.org","@graph":[{"@type":"WebPage","@id":"https:\/\/www.swissraft.ch\/de\/produkt\/helikopterflug-balzers-rundflug-alpen-gletscherlandung\/","url":"https:\/\/www.swissraft.ch\/de\/produkt\/helikopterflug-balzers-rundflug-alpen-gletscherlandung\/","name":"Rundflug mit einer Gletscherlandung mit dem Helikopter","isPartOf":{"@id":"https:\/\/www.swissraft.ch\/de\/#website"},"primaryImageOfPage":{"@id":"https:\/\/www.swissraft.ch\/de\/produkt\/helikopterflug-balzers-rundflug-alpen-gletscherlandung\/#primaryimage"},"image":{"@id":"https:\/\/www.swissraft.ch\/de\/produkt\/helikopterflug-balzers-rundflug-alpen-gletscherlandung\/#primaryimage"},"thumbnailUrl":"https:\/\/www.swissraft.ch\/wp-content\/uploads\/2022\/12\/06-SARGANS-BALZERS-Alpenrundflug-mit-Gletscherlandung-776x776-2.jpg","datePublished":"2022-12-21T16:40:32+00:00","dateModified":"2026-04-17T22:06:31+00:00","description":"Rundflug mit einer Gletscherlandung von Balzers aus. Der 50-min\u00fctige Flug f\u00fchrt Sie mitten in die Glarner Alpen. Emotionen w\u00e4hrend des Fluges garantiert","breadcrumb":{"@id":"https:\/\/www.swissraft.ch\/de\/produkt\/helikopterflug-balzers-rundflug-alpen-gletscherlandung\/#breadcrumb"},"inLanguage":"de","potentialAction":[{"@type":"ReadAction","target":["https:\/\/www.swissraft.ch\/de\/produkt\/helikopterflug-balzers-rundflug-alpen-gletscherlandung\/"]}]},{"@type":"ImageObject","inLanguage":"de","@id":"https:\/\/www.swissraft.ch\/de\/produkt\/helikopterflug-balzers-rundflug-alpen-gletscherlandung\/#primaryimage","url":"https:\/\/www.swissraft.ch\/wp-content\/uploads\/2022\/12\/06-SARGANS-BALZERS-Alpenrundflug-mit-Gletscherlandung-776x776-2.jpg","contentUrl":"https:\/\/www.swissraft.ch\/wp-content\/uploads\/2022\/12\/06-SARGANS-BALZERS-Alpenrundflug-mit-Gletscherlandung-776x776-2.jpg","width":776,"height":776,"caption":"Rundflug mit einer Gletscherlandung"},{"@type":"BreadcrumbList","@id":"https:\/\/www.swissraft.ch\/de\/produkt\/helikopterflug-balzers-rundflug-alpen-gletscherlandung\/#breadcrumb","itemListElement":[{"@type":"ListItem","position":1,"name":"Accueil","item":"https:\/\/www.swissraft.ch\/de\/"},{"@type":"ListItem","position":2,"name":"Shop","item":"https:\/\/www.swissraft.ch\/de\/shop\/"},{"@type":"ListItem","position":3,"name":"Helikopterflug &#8211; Balzers &#8211; Alpen und Gletscherlandung &#8211; 50 Min. &#8211; Ab CHF 359.00"}]},{"@type":"WebSite","@id":"https:\/\/www.swissraft.ch\/de\/#website","url":"https:\/\/www.swissraft.ch\/de\/","name":"Swissraft","description":"To enjoy nature as it is","publisher":{"@id":"https:\/\/www.swissraft.ch\/de\/#organization"},"potentialAction":[{"@type":"SearchAction","target":{"@type":"EntryPoint","urlTemplate":"https:\/\/www.swissraft.ch\/de\/?s={search_term_string}"},"query-input":{"@type":"PropertyValueSpecification","valueRequired":true,"valueName":"search_term_string"}}],"inLanguage":"de"},{"@type":"Organization","@id":"https:\/\/www.swissraft.ch\/de\/#organization","name":"Swissraft","url":"https:\/\/www.swissraft.ch\/de\/","logo":{"@type":"ImageObject","inLanguage":"de","@id":"https:\/\/www.swissraft.ch\/de\/#\/schema\/logo\/image\/","url":"https:\/\/www.swissraft.ch\/wp-content\/uploads\/2025\/09\/Capture.jpg","contentUrl":"https:\/\/www.swissraft.ch\/wp-content\/uploads\/2025\/09\/Capture.jpg","width":293,"height":108,"caption":"Swissraft"},"image":{"@id":"https:\/\/www.swissraft.ch\/de\/#\/schema\/logo\/image\/"}}]}},"_links":{"self":[{"href":"https:\/\/www.swissraft.ch\/de\/wp-json\/wp\/v2\/product\/91860","targetHints":{"allow":["GET"]}}],"collection":[{"href":"https:\/\/www.swissraft.ch\/de\/wp-json\/wp\/v2\/product"}],"about":[{"href":"https:\/\/www.swissraft.ch\/de\/wp-json\/wp\/v2\/types\/product"}],"replies":[{"embeddable":true,"href":"https:\/\/www.swissraft.ch\/de\/wp-json\/wp\/v2\/comments?post=91860"}],"version-history":[{"count":22,"href":"https:\/\/www.swissraft.ch\/de\/wp-json\/wp\/v2\/product\/91860\/revisions"}],"predecessor-version":[{"id":140600,"href":"https:\/\/www.swissraft.ch\/de\/wp-json\/wp\/v2\/product\/91860\/revisions\/140600"}],"wp:featuredmedia":[{"embeddable":true,"href":"https:\/\/www.swissraft.ch\/de\/wp-json\/wp\/v2\/media\/86620"}],"wp:attachment":[{"href":"https:\/\/www.swissraft.ch\/de\/wp-json\/wp\/v2\/media?parent=91860"}],"wp:term":[{"taxonomy":"product_cat","embeddable":true,"href":"https:\/\/www.swissraft.ch\/de\/wp-json\/wp\/v2\/product_cat?post=91860"},{"taxonomy":"product_tag","embeddable":true,"href":"https:\/\/www.swissraft.ch\/de\/wp-json\/wp\/v2\/product_tag?post=91860"}],"curies":[{"name":"wp","href":"https:\/\/api.w.org\/{rel}","templated":true}]}}