{"id":91859,"date":"2022-12-13T23:17:24","date_gmt":"2022-12-13T22:17:24","guid":{"rendered":"https:\/\/swissraft.xyanzkdne.eu\/product\/hubschrauberflug-von-pfaffnau-cervin-und-berner-alpen-95-min-ab-785-00\/"},"modified":"2025-06-25T01:46:40","modified_gmt":"2025-06-24T23:46:40","slug":"helikopterflug-pfaffnau-matterhorn-berner-alpen","status":"publish","type":"product","link":"https:\/\/www.swissraft.ch\/de\/produkt\/helikopterflug-pfaffnau-matterhorn-berner-alpen\/","title":{"rendered":"Helikopterflug von PFAFFNAU &#8211; MATTERHORN UND BERNER ALPEN &#8211; 95 Min. &#8211; Ab 835.00"},"content":{"rendered":"\t\t<div data-elementor-type=\"wp-post\" data-elementor-id=\"91859\" class=\"elementor elementor-91859 elementor-29763\">\n\t\t\t\t\t\t\t\t\t<section class=\"elementor-section elementor-top-section elementor-element elementor-element-3303a7e3 elementor-section-boxed elementor-section-height-default elementor-section-height-default\" data-id=\"3303a7e3\" data-element_type=\"section\">\n\t\t\t\t\t\t<div class=\"elementor-container elementor-column-gap-default\">\n\t\t\t\t\t<div class=\"elementor-column elementor-col-100 elementor-top-column elementor-element elementor-element-16d72dbf\" data-id=\"16d72dbf\" data-element_type=\"column\">\n\t\t\t<div class=\"elementor-widget-wrap elementor-element-populated\">\n\t\t\t\t\t\t\t\t<div class=\"elementor-element elementor-element-d743c03 elementor-widget elementor-widget-text-editor\" data-id=\"d743c03\" data-element_type=\"widget\" data-widget_type=\"text-editor.default\">\n\t\t\t\t<div class=\"elementor-widget-container\">\n\t\t\t\t\t\t\t<h2>W\u00c4HLEN SIE UNTEN IHRE AKTIVIT\u00c4T AUS, UM GESCHENKGUTSCHEINE \/ TICKETS ZU VERSCHENKEN ODER ZU BUCHEN.<\/h2>\n<table border=\"0\" width=\"580\" cellspacing=\"10\" cellpadding=\"10\">\n<tbody>\n<tr>\n<td width=\"50%\"><strong>MATTERHORN UND BERNER ALPEN &#8211; 95 Min.<\/strong><\/td>\n<td><strong>CHF <span class=\"productPrice\">835.00 pro Person<\/span><\/strong><\/td>\n<\/tr>\n<tr>\n<td>Weitere Informationen<\/td>\n<td>&#8211; Sie werden mit anderen Passagieren zusammen sein<br \/>&#8211; Maximum 4 pers.<\/td>\n<\/tr>\n<tr>\n<td>Heliport<\/td>\n<td><a href=\"https:\/\/www.google.com\/maps\/place\/47%C2%B014'05.9%22N+7%C2%B054'34.3%22E\/@47.2351812,7.9050044,758m\/data=!3m1!1e3!4m4!3m3!8m2!3d47.2349722!4d7.9095278?entry=ttu\" target=\"_blank\" rel=\"noopener\">Pfaffnau<\/a><\/td>\n<\/tr>\n<tr>\n<td>Flugzeit<\/td>\n<td>95 Min.<\/td>\n<\/tr>\n<tr>\n<td>Gesamtdauer<\/td>\n<td>ca. 2:15 Std.<\/td>\n<\/tr>\n<tr>\n<td>Terminvereinbarung<\/td>\n<td>Per Telefon<\/td>\n<\/tr>\n<tr>\n<td><button class=\"elementor-button\" type=\"button\"><a href=\"https:\/\/swissraft.outdoorbooking.ch\/fo\/products\/49?base_id=11&amp;category_id=6&amp;order_type=gift_voucher&amp;lang=de\" target=\"_blank\" rel=\"noopener\">GUTSCHEIN KAUFEN<\/a><\/button><\/td>\n<td>Nach Erhalt Ihres Tickets\/Gutscheins rufen Sie bitte die Telefonnummer an, die oben links angegeben ist, um zu reservieren.<\/td>\n<\/tr>\n<\/tbody>\n<\/table>\n\t\t\t\t\t\t<\/div>\n\t\t\t\t<\/div>\n\t\t\t\t\t<\/div>\n\t\t<\/div>\n\t\t\t\t\t\t\t<\/div>\n\t\t<\/section>\n\t\t\t\t\t\t\t<\/div>\n\t\t","protected":false},"excerpt":{"rendered":"<div align=\"justify\">\n<h2 align=\"justify\">Sie landen auf dem Petersgrat-Gletscher f\u00fcr eine kleine Kaffeepause.<\/h2>\n<h3>Von Pfaffnau aus fliegen Sie mit dem Hubschrauber zum Gipfel des Petersgratgletschers auf \u00fcber 3000 m, nachdem Sie das Matterhorn \u00fcberflogen haben. Ein herrlicher Flug<\/h3>\n<\/div>\n<div align=\"justify\">\n<p>An Bord unseres Hubschraubers fliegen Sie in die Napfregion, das Emmental und den Thunersee. Dann das Kandertal, entlang der Bl\u00fcemlisalp und dem Petersgrat Gletscher. Sie befinden sich nun im Wallis und fliegen \u00fcber das Rhonetal, das Mattertal. Nachdem Sie Zermatt \u00fcberflogen haben, erreichen Sie den ber\u00fchmten 4000er: das Matterhorn. Auf dem R\u00fcckweg machen Sie einen Zwischenstopp auf dem Gipfel des Petersgrat (3150m). Ein kleiner Kaffee oder ein guter Tropfen, den Sie mitbringen, wenn Sie sich auf dem Gletscher die Beine vertreten.<br \/>\nDer R\u00fcckflug f\u00fchrt Sie zum Breithorn, zum Monte Rosa Gletscher und zur Dufourspitze. Dann das Saastal, der Aletschgletscher, die Jungfrau, entlang der Nordseite des Eigers. Danach fliegen Sie \u00fcber Grindelwald und die Gemeinde Entlebuch, bevor Sie wieder auf dem Heliport Pfaffnau landen.<\/p>\n<h3>Besuchen Sie unsere Website, wir bieten Ihnen mehr als 150 Hubschrauber-Routen in der Schweiz an.<\/h3>\n<p id=\"textarea\" style=\"display: none;\">\nWir bieten Fl\u00fcge ab dem Heliport Erstfeld im Kanton Uri an. Aber auch im Tessin von den Flugh\u00e4fen Locarno und Lodrino aus. Dann haben wir Rundfl\u00fcge vom Flugplatz Samedan aus. Aber auch von den Heliports in Untervaz, Flims und Tavanasa in Graub\u00fcnden. Ebenso starten wir in Liechtenstein in Balzers und auf dem Flugplatz Sitterdorf im Kanton Thurgau. So fliegen wir auch vom internationalen Flughafen Z\u00fcrich-Kloten und vom internationalen Flughafen Bern-Belp ab. Wir starten \u00fcbrigens vom Flugplatz Saanen und vom Heliport Gstaad-Grund im Saanenland. Au\u00dferdem starten wir von den Heliports Lenk-Simmental, Schattenhalb-Meiringen, Interlaken-Gsteigwiler und Lauterbrunnen. Wir fliegen auch von den Heliports Collombey und Gampel sowie vom Flughafen Sion im Wallis. Aber auch vom Flugplatz \u00c9pagny im Greyerzerland im Kanton Freiburg. Sowie des Flugplatzes Buttwil im Kanton Aargau. Wir fliegen auch in den Kanton Solothurn vom Flugplatz Grenchen aus. Ebenso Fl\u00fcge in den Kanton Schwyz vom Heliport K\u00fcssnacht aus.\n<\/p>\n<p><a id=\"seeMore\" onclick=\"toggleSeeMore()\" href=\"javascript:void(0);\">Lesen Sie mehr<\/a><\/p>\n","protected":false},"featured_media":86455,"comment_status":"open","ping_status":"closed","template":"","meta":{"inline_featured_image":false,"_mi_skip_tracking":false},"product_cat":[263,265],"product_tag":[],"class_list":["post-91859","product","type-product","status-publish","has-post-thumbnail","hentry","product_cat-helikopterflug-in-der-schweiz","product_cat-helikopterrundflug-pfaffnau"],"yoast_head":"<!-- This site is optimized with the Yoast SEO plugin v23.6 - https:\/\/yoast.com\/wordpress\/plugins\/seo\/ -->\n<title>Matterhorn und Berner Alpen von Pfaffnau aus. Flug von 95 Min.<\/title>\n<meta name=\"description\" content=\"Matterhorn und Berner Alpen mit dem Helikopter u Abfahrt von Pfaffnau f\u00fcr einen 95-min\u00fctigen Flug mit Zwischenlandung auf dem Petersgrat.\" \/>\n<meta name=\"robots\" content=\"index, follow, max-snippet:-1, max-image-preview:large, max-video-preview:-1\" \/>\n<link rel=\"canonical\" href=\"https:\/\/www.swissraft.ch\/de\/produkt\/helikopterflug-pfaffnau-matterhorn-berner-alpen\/\" \/>\n<meta property=\"og:locale\" content=\"de_DE\" \/>\n<meta property=\"og:type\" content=\"article\" \/>\n<meta property=\"og:title\" content=\"Matterhorn und Berner Alpen von Pfaffnau aus. Flug von 95 Min.\" \/>\n<meta property=\"og:description\" content=\"Matterhorn und Berner Alpen mit dem Helikopter u Abfahrt von Pfaffnau f\u00fcr einen 95-min\u00fctigen Flug mit Zwischenlandung auf dem Petersgrat.\" \/>\n<meta property=\"og:url\" content=\"https:\/\/www.swissraft.ch\/de\/produkt\/helikopterflug-pfaffnau-matterhorn-berner-alpen\/\" \/>\n<meta property=\"og:site_name\" content=\"Swissraft\" \/>\n<meta property=\"article:modified_time\" content=\"2025-06-24T23:46:40+00:00\" \/>\n<meta property=\"og:image\" content=\"https:\/\/www.swissraft.ch\/wp-content\/uploads\/2022\/12\/3-PFAFFNAU-Le-Cervin-776x776-1.jpg\" \/>\n\t<meta property=\"og:image:width\" content=\"776\" \/>\n\t<meta property=\"og:image:height\" content=\"776\" \/>\n\t<meta property=\"og:image:type\" content=\"image\/jpeg\" \/>\n<meta name=\"twitter:card\" content=\"summary_large_image\" \/>\n<meta name=\"twitter:label1\" content=\"Gesch\u00e4tzte Lesezeit\" \/>\n\t<meta name=\"twitter:data1\" content=\"1\u00a0Minute\" \/>\n<script type=\"application\/ld+json\" class=\"yoast-schema-graph\">{\"@context\":\"https:\/\/schema.org\",\"@graph\":[{\"@type\":\"WebPage\",\"@id\":\"https:\/\/www.swissraft.ch\/de\/produkt\/helikopterflug-pfaffnau-matterhorn-berner-alpen\/\",\"url\":\"https:\/\/www.swissraft.ch\/de\/produkt\/helikopterflug-pfaffnau-matterhorn-berner-alpen\/\",\"name\":\"Matterhorn und Berner Alpen von Pfaffnau aus. Flug von 95 Min.\",\"isPartOf\":{\"@id\":\"https:\/\/www.swissraft.ch\/de\/#website\"},\"primaryImageOfPage\":{\"@id\":\"https:\/\/www.swissraft.ch\/de\/produkt\/helikopterflug-pfaffnau-matterhorn-berner-alpen\/#primaryimage\"},\"image\":{\"@id\":\"https:\/\/www.swissraft.ch\/de\/produkt\/helikopterflug-pfaffnau-matterhorn-berner-alpen\/#primaryimage\"},\"thumbnailUrl\":\"https:\/\/www.swissraft.ch\/wp-content\/uploads\/2022\/12\/3-PFAFFNAU-Le-Cervin-776x776-1.jpg\",\"datePublished\":\"2022-12-13T22:17:24+00:00\",\"dateModified\":\"2025-06-24T23:46:40+00:00\",\"description\":\"Matterhorn und Berner Alpen mit dem Helikopter u Abfahrt von Pfaffnau f\u00fcr einen 95-min\u00fctigen Flug mit Zwischenlandung auf dem Petersgrat.\",\"breadcrumb\":{\"@id\":\"https:\/\/www.swissraft.ch\/de\/produkt\/helikopterflug-pfaffnau-matterhorn-berner-alpen\/#breadcrumb\"},\"inLanguage\":\"de\",\"potentialAction\":[{\"@type\":\"ReadAction\",\"target\":[\"https:\/\/www.swissraft.ch\/de\/produkt\/helikopterflug-pfaffnau-matterhorn-berner-alpen\/\"]}]},{\"@type\":\"ImageObject\",\"inLanguage\":\"de\",\"@id\":\"https:\/\/www.swissraft.ch\/de\/produkt\/helikopterflug-pfaffnau-matterhorn-berner-alpen\/#primaryimage\",\"url\":\"https:\/\/www.swissraft.ch\/wp-content\/uploads\/2022\/12\/3-PFAFFNAU-Le-Cervin-776x776-1.jpg\",\"contentUrl\":\"https:\/\/www.swissraft.ch\/wp-content\/uploads\/2022\/12\/3-PFAFFNAU-Le-Cervin-776x776-1.jpg\",\"width\":776,\"height\":776,\"caption\":\"Matterhorn und Berner Alpen mit dem Hubschrauber von Pfaffnau aus\"},{\"@type\":\"BreadcrumbList\",\"@id\":\"https:\/\/www.swissraft.ch\/de\/produkt\/helikopterflug-pfaffnau-matterhorn-berner-alpen\/#breadcrumb\",\"itemListElement\":[{\"@type\":\"ListItem\",\"position\":1,\"name\":\"Accueil\",\"item\":\"https:\/\/www.swissraft.ch\/de\/\"},{\"@type\":\"ListItem\",\"position\":2,\"name\":\"Shop\",\"item\":\"https:\/\/www.swissraft.ch\/de\/shop\/\"},{\"@type\":\"ListItem\",\"position\":3,\"name\":\"Helikopterflug von PFAFFNAU &#8211; MATTERHORN UND BERNER ALPEN &#8211; 95 Min. &#8211; Ab 835.00\"}]},{\"@type\":\"WebSite\",\"@id\":\"https:\/\/www.swissraft.ch\/de\/#website\",\"url\":\"https:\/\/www.swissraft.ch\/de\/\",\"name\":\"Swissraft\",\"description\":\"To enjoy nature as it is\",\"publisher\":{\"@id\":\"https:\/\/www.swissraft.ch\/de\/#organization\"},\"potentialAction\":[{\"@type\":\"SearchAction\",\"target\":{\"@type\":\"EntryPoint\",\"urlTemplate\":\"https:\/\/www.swissraft.ch\/de\/?s={search_term_string}\"},\"query-input\":{\"@type\":\"PropertyValueSpecification\",\"valueRequired\":true,\"valueName\":\"search_term_string\"}}],\"inLanguage\":\"de\"},{\"@type\":\"Organization\",\"@id\":\"https:\/\/www.swissraft.ch\/de\/#organization\",\"name\":\"Swissraft\",\"url\":\"https:\/\/www.swissraft.ch\/de\/\",\"logo\":{\"@type\":\"ImageObject\",\"inLanguage\":\"de\",\"@id\":\"https:\/\/www.swissraft.ch\/de\/#\/schema\/logo\/image\/\",\"url\":\"https:\/\/www.swissraft.ch\/wp-content\/uploads\/2025\/09\/Capture.jpg\",\"contentUrl\":\"https:\/\/www.swissraft.ch\/wp-content\/uploads\/2025\/09\/Capture.jpg\",\"width\":293,\"height\":108,\"caption\":\"Swissraft\"},\"image\":{\"@id\":\"https:\/\/www.swissraft.ch\/de\/#\/schema\/logo\/image\/\"}}]}<\/script>\n<!-- \/ Yoast SEO plugin. -->","yoast_head_json":{"title":"Matterhorn und Berner Alpen von Pfaffnau aus. Flug von 95 Min.","description":"Matterhorn und Berner Alpen mit dem Helikopter u Abfahrt von Pfaffnau f\u00fcr einen 95-min\u00fctigen Flug mit Zwischenlandung auf dem Petersgrat.","robots":{"index":"index","follow":"follow","max-snippet":"max-snippet:-1","max-image-preview":"max-image-preview:large","max-video-preview":"max-video-preview:-1"},"canonical":"https:\/\/www.swissraft.ch\/de\/produkt\/helikopterflug-pfaffnau-matterhorn-berner-alpen\/","og_locale":"de_DE","og_type":"article","og_title":"Matterhorn und Berner Alpen von Pfaffnau aus. Flug von 95 Min.","og_description":"Matterhorn und Berner Alpen mit dem Helikopter u Abfahrt von Pfaffnau f\u00fcr einen 95-min\u00fctigen Flug mit Zwischenlandung auf dem Petersgrat.","og_url":"https:\/\/www.swissraft.ch\/de\/produkt\/helikopterflug-pfaffnau-matterhorn-berner-alpen\/","og_site_name":"Swissraft","article_modified_time":"2025-06-24T23:46:40+00:00","og_image":[{"width":776,"height":776,"url":"https:\/\/www.swissraft.ch\/wp-content\/uploads\/2022\/12\/3-PFAFFNAU-Le-Cervin-776x776-1.jpg","type":"image\/jpeg"}],"twitter_card":"summary_large_image","twitter_misc":{"Gesch\u00e4tzte Lesezeit":"1\u00a0Minute"},"schema":{"@context":"https:\/\/schema.org","@graph":[{"@type":"WebPage","@id":"https:\/\/www.swissraft.ch\/de\/produkt\/helikopterflug-pfaffnau-matterhorn-berner-alpen\/","url":"https:\/\/www.swissraft.ch\/de\/produkt\/helikopterflug-pfaffnau-matterhorn-berner-alpen\/","name":"Matterhorn und Berner Alpen von Pfaffnau aus. Flug von 95 Min.","isPartOf":{"@id":"https:\/\/www.swissraft.ch\/de\/#website"},"primaryImageOfPage":{"@id":"https:\/\/www.swissraft.ch\/de\/produkt\/helikopterflug-pfaffnau-matterhorn-berner-alpen\/#primaryimage"},"image":{"@id":"https:\/\/www.swissraft.ch\/de\/produkt\/helikopterflug-pfaffnau-matterhorn-berner-alpen\/#primaryimage"},"thumbnailUrl":"https:\/\/www.swissraft.ch\/wp-content\/uploads\/2022\/12\/3-PFAFFNAU-Le-Cervin-776x776-1.jpg","datePublished":"2022-12-13T22:17:24+00:00","dateModified":"2025-06-24T23:46:40+00:00","description":"Matterhorn und Berner Alpen mit dem Helikopter u Abfahrt von Pfaffnau f\u00fcr einen 95-min\u00fctigen Flug mit Zwischenlandung auf dem Petersgrat.","breadcrumb":{"@id":"https:\/\/www.swissraft.ch\/de\/produkt\/helikopterflug-pfaffnau-matterhorn-berner-alpen\/#breadcrumb"},"inLanguage":"de","potentialAction":[{"@type":"ReadAction","target":["https:\/\/www.swissraft.ch\/de\/produkt\/helikopterflug-pfaffnau-matterhorn-berner-alpen\/"]}]},{"@type":"ImageObject","inLanguage":"de","@id":"https:\/\/www.swissraft.ch\/de\/produkt\/helikopterflug-pfaffnau-matterhorn-berner-alpen\/#primaryimage","url":"https:\/\/www.swissraft.ch\/wp-content\/uploads\/2022\/12\/3-PFAFFNAU-Le-Cervin-776x776-1.jpg","contentUrl":"https:\/\/www.swissraft.ch\/wp-content\/uploads\/2022\/12\/3-PFAFFNAU-Le-Cervin-776x776-1.jpg","width":776,"height":776,"caption":"Matterhorn und Berner Alpen mit dem Hubschrauber von Pfaffnau aus"},{"@type":"BreadcrumbList","@id":"https:\/\/www.swissraft.ch\/de\/produkt\/helikopterflug-pfaffnau-matterhorn-berner-alpen\/#breadcrumb","itemListElement":[{"@type":"ListItem","position":1,"name":"Accueil","item":"https:\/\/www.swissraft.ch\/de\/"},{"@type":"ListItem","position":2,"name":"Shop","item":"https:\/\/www.swissraft.ch\/de\/shop\/"},{"@type":"ListItem","position":3,"name":"Helikopterflug von PFAFFNAU &#8211; MATTERHORN UND BERNER ALPEN &#8211; 95 Min. &#8211; Ab 835.00"}]},{"@type":"WebSite","@id":"https:\/\/www.swissraft.ch\/de\/#website","url":"https:\/\/www.swissraft.ch\/de\/","name":"Swissraft","description":"To enjoy nature as it is","publisher":{"@id":"https:\/\/www.swissraft.ch\/de\/#organization"},"potentialAction":[{"@type":"SearchAction","target":{"@type":"EntryPoint","urlTemplate":"https:\/\/www.swissraft.ch\/de\/?s={search_term_string}"},"query-input":{"@type":"PropertyValueSpecification","valueRequired":true,"valueName":"search_term_string"}}],"inLanguage":"de"},{"@type":"Organization","@id":"https:\/\/www.swissraft.ch\/de\/#organization","name":"Swissraft","url":"https:\/\/www.swissraft.ch\/de\/","logo":{"@type":"ImageObject","inLanguage":"de","@id":"https:\/\/www.swissraft.ch\/de\/#\/schema\/logo\/image\/","url":"https:\/\/www.swissraft.ch\/wp-content\/uploads\/2025\/09\/Capture.jpg","contentUrl":"https:\/\/www.swissraft.ch\/wp-content\/uploads\/2025\/09\/Capture.jpg","width":293,"height":108,"caption":"Swissraft"},"image":{"@id":"https:\/\/www.swissraft.ch\/de\/#\/schema\/logo\/image\/"}}]}},"_links":{"self":[{"href":"https:\/\/www.swissraft.ch\/de\/wp-json\/wp\/v2\/product\/91859","targetHints":{"allow":["GET"]}}],"collection":[{"href":"https:\/\/www.swissraft.ch\/de\/wp-json\/wp\/v2\/product"}],"about":[{"href":"https:\/\/www.swissraft.ch\/de\/wp-json\/wp\/v2\/types\/product"}],"replies":[{"embeddable":true,"href":"https:\/\/www.swissraft.ch\/de\/wp-json\/wp\/v2\/comments?post=91859"}],"version-history":[{"count":6,"href":"https:\/\/www.swissraft.ch\/de\/wp-json\/wp\/v2\/product\/91859\/revisions"}],"predecessor-version":[{"id":118819,"href":"https:\/\/www.swissraft.ch\/de\/wp-json\/wp\/v2\/product\/91859\/revisions\/118819"}],"wp:featuredmedia":[{"embeddable":true,"href":"https:\/\/www.swissraft.ch\/de\/wp-json\/wp\/v2\/media\/86455"}],"wp:attachment":[{"href":"https:\/\/www.swissraft.ch\/de\/wp-json\/wp\/v2\/media?parent=91859"}],"wp:term":[{"taxonomy":"product_cat","embeddable":true,"href":"https:\/\/www.swissraft.ch\/de\/wp-json\/wp\/v2\/product_cat?post=91859"},{"taxonomy":"product_tag","embeddable":true,"href":"https:\/\/www.swissraft.ch\/de\/wp-json\/wp\/v2\/product_tag?post=91859"}],"curies":[{"name":"wp","href":"https:\/\/api.w.org\/{rel}","templated":true}]}}