{"id":91856,"date":"2022-12-21T17:33:10","date_gmt":"2022-12-21T16:33:10","guid":{"rendered":"https:\/\/swissraft.xyanzkdne.eu\/product\/hubschrauberflug-von-balzers-eiger-und-position-auf-dem-buergenstock-95-min-ab-chf-1875-00\/"},"modified":"2026-04-18T05:41:40","modified_gmt":"2026-04-18T03:41:40","slug":"helikopterflug-balzers-rundflug-eiger-landung-auf-dem-buergenstock","status":"publish","type":"product","link":"https:\/\/www.swissraft.ch\/de\/produkt\/helikopterflug-balzers-rundflug-eiger-landung-auf-dem-buergenstock\/","title":{"rendered":"Helikopterflug &#8211; Balzers &#8211; Eiger und Landung auf dem B\u00fcrgenstock &#8211; 95 Min. &#8211; Ab CHF 1&#8217;875.00"},"content":{"rendered":"\t\t<div data-elementor-type=\"wp-post\" data-elementor-id=\"91856\" class=\"elementor elementor-91856 elementor-29825\">\n\t\t\t\t\t\t\t\t\t<section class=\"elementor-section elementor-top-section elementor-element elementor-element-3303a7e3 elementor-section-boxed elementor-section-height-default elementor-section-height-default\" data-id=\"3303a7e3\" data-element_type=\"section\">\n\t\t\t\t\t\t<div class=\"elementor-container elementor-column-gap-default\">\n\t\t\t\t\t<div class=\"elementor-column elementor-col-100 elementor-top-column elementor-element elementor-element-16d72dbf\" data-id=\"16d72dbf\" data-element_type=\"column\">\n\t\t\t<div class=\"elementor-widget-wrap elementor-element-populated\">\n\t\t\t\t\t\t\t\t<div class=\"elementor-element elementor-element-d743c03 elementor-widget elementor-widget-text-editor\" data-id=\"d743c03\" data-element_type=\"widget\" data-widget_type=\"text-editor.default\">\n\t\t\t\t<div class=\"elementor-widget-container\">\n\t\t\t\t\t\t\t<h2>W\u00c4HLEN SIE UNTEN IHRE AKTIVIT\u00c4T AUS, UM GESCHENKGUTSCHEINE \/ TICKETS ZU VERSCHENKEN ODER ZU BUCHEN<\/h2><table border=\"0\" width=\"580\" cellspacing=\"10\" cellpadding=\"10\"><tbody><tr><td width=\"50%\"><strong>RUNDFLUG &#8211; EIGER UND LANDUNG AUF DEM B\u00dcRGENSTOCK &#8211; PRIVATFLUG (1-4 Pers.) &#8211; 95 Min.<\/strong><\/td><td><strong>Ab CHF <span class=\"productPrice\">1&#8217;875.00 pro Privatflug<br \/><\/span><\/strong><\/td><\/tr><tr><td>Zus\u00e4tzliche Informationen<\/td><td>&#8211; Sie haben den Helikopter ausschlie\u00dflich f\u00fcr sich<br \/>&#8211; Sie bestimmen Datum und Uhrzeit des Abflugs<br \/>&#8211; Maximum 4 Pers.<br \/>&#8211; Mahlzeiten und Getr\u00e4nke nicht inbegriffen<\/td><\/tr><tr><td>Heliport<\/td><td><a href=\"https:\/\/www.google.com\/maps\/place\/47%C2%B004'05.9%22N+9%C2%B028'54.3%22E\/@47.0684676,9.4773295,769m\/data=!3m1!1e3!4m4!3m3!8m2!3d47.0683056!4d9.48175?entry=ttu\" target=\"_blank\" rel=\"noopener\">Balzers<\/a><\/td><\/tr><tr><td>Flugzeit<\/td><td>25 Min.<\/td><\/tr><tr><td>Gesamtdauer<\/td><td>ca. 1 Std.<\/td><\/tr><tr><td>Termin<\/td><td>Per Telefon<\/td><\/tr><tr><td><button class=\"elementor-button\" type=\"button\"><a href=\"https:\/\/swissraft.outdoorbooking.ch\/fo\/products\/1064?base_id=183&amp;category_id=6&amp;order_type=gift_voucher&amp;lang=de\" target=\"_blank\" rel=\"noopener\">GUTSCHEIN \/ TICKET KAUFEN<\/a><\/button><\/td><td><strong>CHF 1&#8217;890.00 &#8211; Privatflug (1-3 pax)<\/strong><\/td><\/tr><tr><td><button class=\"elementor-button\" type=\"button\"><a href=\"https:\/\/swissraft.outdoorbooking.ch\/fo\/products\/1069?base_id=184&amp;category_id=6&amp;order_type=gift_voucher&amp;lang=de\" target=\"_blank\" rel=\"noopener\">GUTSCHEIN \/ TICKET KAUFEN<\/a><\/button><\/td><td><strong>CHF 2&#8217;500.00 &#8211; Privatflug (4 Pers.)<\/strong><\/td><\/tr><tr><td>\u00a0<\/td><td><strong><em>WICHTIG !<\/em><\/strong><br \/><em>Um zu reservieren, rufen Sie die Nummer an, die sich oben links auf dem Gutschein \/ Ticket befindet.<\/em><\/td><\/tr><\/tbody><\/table>\t\t\t\t\t\t<\/div>\n\t\t\t\t<\/div>\n\t\t\t\t\t<\/div>\n\t\t<\/div>\n\t\t\t\t\t\t\t<\/div>\n\t\t<\/section>\n\t\t\t\t\t\t\t<\/div>\n\t\t","protected":false},"excerpt":{"rendered":"<div align=\"justify\">\n<h2 align=\"justify\">Ein 95-min\u00fctiger Helikopterflug mit einem Gesch\u00e4ftsessen oder ein Abendessen zu zweit f\u00fcr einen Heiratsantrag&#8230;<\/h2>\n<h3>Genie\u00dfen Sie vom Panoramarestaurant auf dem B\u00fcrgenstock aus einen spektakul\u00e4ren Blick \u00fcber den Vierwaldst\u00e4ttersee.<\/h3>\n<\/div>\n<div align=\"justify\">Mit einem atemberaubenden Blick auf den Vierwaldst\u00e4ttersee bei unserer Zwischenlandung, nachdem wir den Eiger in seiner ganzen Pracht \u00fcberflogen hatten, haben Sie die richtige Wahl f\u00fcr diesen Anlass getroffen. Dieser Helikopterflug und das kulinarische Erlebnis werden Ihnen in Erinnerung bleiben. Wir starten vom Heliport Balzers und fliegen in Richtung Eiger in den Berner Alpen, bevor wir auf dem R\u00fcckweg eine Zwischenlandung auf dem B\u00fcrgenstock machen. Nach einer kulinarischen Pause heben wir wieder ab und kehren zum Heliport von Balzers zur\u00fcck, um zu landen.<\/p>\n<h3>Swissraft ber\u00e4t Sie gerne bei Ihrer Wahl. Rufen Sie uns an und fordern Sie ein Angebot nach Ihren W\u00fcnschen an.<\/h3>\n<p id=\"textarea\" style=\"display: none;\">\nWir starten vom Heliport in St. Moritz im Winter und vom Flugplatz Samedan das ganze Jahr \u00fcber. Aber auch von den Heliports in Tavanasa, Flims und Untervaz. Wir starten auch in den Thurgau vom Flugplatz Sitterdorf aus. Wir bieten auch Rundfl\u00fcge von den internationalen Flugh\u00e4fen Z\u00fcrich-Kloten und Bern-Belp an. Aber auch Fl\u00fcge ab dem Heliport Gstaad-Grund und dem Flugplatz Saanen in Gstaad-Saanenland. Einerseits bieten wir Fl\u00fcge von den Heliports Lenk-Simmental, Schattenhalb-Meiringen, Interlaken-Gsteigwiler und Lauterbrunnen an. Au\u00dferdem fliegen wir von Pfaffnau in den Kanton Luzern und von Erstfeld in den Kanton Uri.<br \/>\nWir bieten auch Rundfl\u00fcge ab Buttwil im Kanton Aargau an. Aber auch Rundreisen ab K\u00fcssnacht im Kanton Schwyz und Grenchen im Kanton Solothurn. Au\u00dferdem bieten wir Rundfl\u00fcge ab \u00c9pagny im Greyerzerland an. Sowie im Wallis von den Heliports Gampel und Collombey und vom Flughafen der Stadt Sion aus.<br \/>\nAu\u00dferdem starten wir von den Flugpl\u00e4tzen Locarno und Lodrino im Tessin.\n<\/p>\n<p><a id=\"seeMore\" onclick=\"toggleSeeMore()\" href=\"javascript:void(0);\">Lesen Sie mehr<\/a><\/p>\n","protected":false},"featured_media":90571,"comment_status":"open","ping_status":"closed","template":"","meta":{"inline_featured_image":false,"_mi_skip_tracking":false},"product_cat":[263,284],"product_tag":[],"class_list":["post-91856","product","type-product","status-publish","has-post-thumbnail","hentry","product_cat-helikopterflug-in-der-schweiz","product_cat-helikopterflug-rundflug-balzers"],"yoast_head":"<!-- This site is optimized with the Yoast SEO plugin v23.6 - https:\/\/yoast.com\/wordpress\/plugins\/seo\/ -->\n<title>Rundflug Balzers Eiger B\u00fcrgenstock. Flug von 95 Minuten<\/title>\n<meta name=\"description\" content=\"Rundflug Balzers Eiger B\u00fcrgenstock mit dem Helikopter. 95-min\u00fctiger Flug mit einem Gourmet-Men\u00fc auf dem B\u00fcrgenstock. Fantastischer Flug\" \/>\n<meta name=\"robots\" content=\"index, follow, max-snippet:-1, max-image-preview:large, max-video-preview:-1\" \/>\n<link rel=\"canonical\" href=\"https:\/\/www.swissraft.ch\/de\/produkt\/helikopterflug-balzers-rundflug-eiger-landung-auf-dem-buergenstock\/\" \/>\n<meta property=\"og:locale\" content=\"de_DE\" \/>\n<meta property=\"og:type\" content=\"article\" \/>\n<meta property=\"og:title\" content=\"Rundflug Balzers Eiger B\u00fcrgenstock. Flug von 95 Minuten\" \/>\n<meta property=\"og:description\" content=\"Rundflug Balzers Eiger B\u00fcrgenstock mit dem Helikopter. 95-min\u00fctiger Flug mit einem Gourmet-Men\u00fc auf dem B\u00fcrgenstock. Fantastischer Flug\" \/>\n<meta property=\"og:url\" content=\"https:\/\/www.swissraft.ch\/de\/produkt\/helikopterflug-balzers-rundflug-eiger-landung-auf-dem-buergenstock\/\" \/>\n<meta property=\"og:site_name\" content=\"Swissraft\" \/>\n<meta property=\"article:modified_time\" content=\"2026-04-18T03:41:40+00:00\" \/>\n<meta property=\"og:image\" content=\"https:\/\/www.swissraft.ch\/wp-content\/uploads\/2022\/12\/1-Eiger-Balzers-776x776-1.jpg\" \/>\n\t<meta property=\"og:image:width\" content=\"776\" \/>\n\t<meta property=\"og:image:height\" content=\"776\" \/>\n\t<meta property=\"og:image:type\" content=\"image\/jpeg\" \/>\n<meta name=\"twitter:card\" content=\"summary_large_image\" \/>\n<meta name=\"twitter:label1\" content=\"Gesch\u00e4tzte Lesezeit\" \/>\n\t<meta name=\"twitter:data1\" content=\"1\u00a0Minute\" \/>\n<script type=\"application\/ld+json\" class=\"yoast-schema-graph\">{\"@context\":\"https:\/\/schema.org\",\"@graph\":[{\"@type\":\"WebPage\",\"@id\":\"https:\/\/www.swissraft.ch\/de\/produkt\/helikopterflug-balzers-rundflug-eiger-landung-auf-dem-buergenstock\/\",\"url\":\"https:\/\/www.swissraft.ch\/de\/produkt\/helikopterflug-balzers-rundflug-eiger-landung-auf-dem-buergenstock\/\",\"name\":\"Rundflug Balzers Eiger B\u00fcrgenstock. Flug von 95 Minuten\",\"isPartOf\":{\"@id\":\"https:\/\/www.swissraft.ch\/de\/#website\"},\"primaryImageOfPage\":{\"@id\":\"https:\/\/www.swissraft.ch\/de\/produkt\/helikopterflug-balzers-rundflug-eiger-landung-auf-dem-buergenstock\/#primaryimage\"},\"image\":{\"@id\":\"https:\/\/www.swissraft.ch\/de\/produkt\/helikopterflug-balzers-rundflug-eiger-landung-auf-dem-buergenstock\/#primaryimage\"},\"thumbnailUrl\":\"https:\/\/www.swissraft.ch\/wp-content\/uploads\/2022\/12\/1-Eiger-Balzers-776x776-1.jpg\",\"datePublished\":\"2022-12-21T16:33:10+00:00\",\"dateModified\":\"2026-04-18T03:41:40+00:00\",\"description\":\"Rundflug Balzers Eiger B\u00fcrgenstock mit dem Helikopter. 95-min\u00fctiger Flug mit einem Gourmet-Men\u00fc auf dem B\u00fcrgenstock. Fantastischer Flug\",\"breadcrumb\":{\"@id\":\"https:\/\/www.swissraft.ch\/de\/produkt\/helikopterflug-balzers-rundflug-eiger-landung-auf-dem-buergenstock\/#breadcrumb\"},\"inLanguage\":\"de\",\"potentialAction\":[{\"@type\":\"ReadAction\",\"target\":[\"https:\/\/www.swissraft.ch\/de\/produkt\/helikopterflug-balzers-rundflug-eiger-landung-auf-dem-buergenstock\/\"]}]},{\"@type\":\"ImageObject\",\"inLanguage\":\"de\",\"@id\":\"https:\/\/www.swissraft.ch\/de\/produkt\/helikopterflug-balzers-rundflug-eiger-landung-auf-dem-buergenstock\/#primaryimage\",\"url\":\"https:\/\/www.swissraft.ch\/wp-content\/uploads\/2022\/12\/1-Eiger-Balzers-776x776-1.jpg\",\"contentUrl\":\"https:\/\/www.swissraft.ch\/wp-content\/uploads\/2022\/12\/1-Eiger-Balzers-776x776-1.jpg\",\"width\":776,\"height\":776,\"caption\":\"Eiger und Zwischenlandung mit dem Helikopter von Balzers aus\"},{\"@type\":\"BreadcrumbList\",\"@id\":\"https:\/\/www.swissraft.ch\/de\/produkt\/helikopterflug-balzers-rundflug-eiger-landung-auf-dem-buergenstock\/#breadcrumb\",\"itemListElement\":[{\"@type\":\"ListItem\",\"position\":1,\"name\":\"Accueil\",\"item\":\"https:\/\/www.swissraft.ch\/de\/\"},{\"@type\":\"ListItem\",\"position\":2,\"name\":\"Shop\",\"item\":\"https:\/\/www.swissraft.ch\/de\/shop\/\"},{\"@type\":\"ListItem\",\"position\":3,\"name\":\"Helikopterflug &#8211; Balzers &#8211; Eiger und Landung auf dem B\u00fcrgenstock &#8211; 95 Min. &#8211; Ab CHF 1&rsquo;875.00\"}]},{\"@type\":\"WebSite\",\"@id\":\"https:\/\/www.swissraft.ch\/de\/#website\",\"url\":\"https:\/\/www.swissraft.ch\/de\/\",\"name\":\"Swissraft\",\"description\":\"To enjoy nature as it is\",\"publisher\":{\"@id\":\"https:\/\/www.swissraft.ch\/de\/#organization\"},\"potentialAction\":[{\"@type\":\"SearchAction\",\"target\":{\"@type\":\"EntryPoint\",\"urlTemplate\":\"https:\/\/www.swissraft.ch\/de\/?s={search_term_string}\"},\"query-input\":{\"@type\":\"PropertyValueSpecification\",\"valueRequired\":true,\"valueName\":\"search_term_string\"}}],\"inLanguage\":\"de\"},{\"@type\":\"Organization\",\"@id\":\"https:\/\/www.swissraft.ch\/de\/#organization\",\"name\":\"Swissraft\",\"url\":\"https:\/\/www.swissraft.ch\/de\/\",\"logo\":{\"@type\":\"ImageObject\",\"inLanguage\":\"de\",\"@id\":\"https:\/\/www.swissraft.ch\/de\/#\/schema\/logo\/image\/\",\"url\":\"https:\/\/www.swissraft.ch\/wp-content\/uploads\/2025\/09\/Capture.jpg\",\"contentUrl\":\"https:\/\/www.swissraft.ch\/wp-content\/uploads\/2025\/09\/Capture.jpg\",\"width\":293,\"height\":108,\"caption\":\"Swissraft\"},\"image\":{\"@id\":\"https:\/\/www.swissraft.ch\/de\/#\/schema\/logo\/image\/\"}}]}<\/script>\n<!-- \/ Yoast SEO plugin. -->","yoast_head_json":{"title":"Rundflug Balzers Eiger B\u00fcrgenstock. Flug von 95 Minuten","description":"Rundflug Balzers Eiger B\u00fcrgenstock mit dem Helikopter. 95-min\u00fctiger Flug mit einem Gourmet-Men\u00fc auf dem B\u00fcrgenstock. Fantastischer Flug","robots":{"index":"index","follow":"follow","max-snippet":"max-snippet:-1","max-image-preview":"max-image-preview:large","max-video-preview":"max-video-preview:-1"},"canonical":"https:\/\/www.swissraft.ch\/de\/produkt\/helikopterflug-balzers-rundflug-eiger-landung-auf-dem-buergenstock\/","og_locale":"de_DE","og_type":"article","og_title":"Rundflug Balzers Eiger B\u00fcrgenstock. Flug von 95 Minuten","og_description":"Rundflug Balzers Eiger B\u00fcrgenstock mit dem Helikopter. 95-min\u00fctiger Flug mit einem Gourmet-Men\u00fc auf dem B\u00fcrgenstock. Fantastischer Flug","og_url":"https:\/\/www.swissraft.ch\/de\/produkt\/helikopterflug-balzers-rundflug-eiger-landung-auf-dem-buergenstock\/","og_site_name":"Swissraft","article_modified_time":"2026-04-18T03:41:40+00:00","og_image":[{"width":776,"height":776,"url":"https:\/\/www.swissraft.ch\/wp-content\/uploads\/2022\/12\/1-Eiger-Balzers-776x776-1.jpg","type":"image\/jpeg"}],"twitter_card":"summary_large_image","twitter_misc":{"Gesch\u00e4tzte Lesezeit":"1\u00a0Minute"},"schema":{"@context":"https:\/\/schema.org","@graph":[{"@type":"WebPage","@id":"https:\/\/www.swissraft.ch\/de\/produkt\/helikopterflug-balzers-rundflug-eiger-landung-auf-dem-buergenstock\/","url":"https:\/\/www.swissraft.ch\/de\/produkt\/helikopterflug-balzers-rundflug-eiger-landung-auf-dem-buergenstock\/","name":"Rundflug Balzers Eiger B\u00fcrgenstock. Flug von 95 Minuten","isPartOf":{"@id":"https:\/\/www.swissraft.ch\/de\/#website"},"primaryImageOfPage":{"@id":"https:\/\/www.swissraft.ch\/de\/produkt\/helikopterflug-balzers-rundflug-eiger-landung-auf-dem-buergenstock\/#primaryimage"},"image":{"@id":"https:\/\/www.swissraft.ch\/de\/produkt\/helikopterflug-balzers-rundflug-eiger-landung-auf-dem-buergenstock\/#primaryimage"},"thumbnailUrl":"https:\/\/www.swissraft.ch\/wp-content\/uploads\/2022\/12\/1-Eiger-Balzers-776x776-1.jpg","datePublished":"2022-12-21T16:33:10+00:00","dateModified":"2026-04-18T03:41:40+00:00","description":"Rundflug Balzers Eiger B\u00fcrgenstock mit dem Helikopter. 95-min\u00fctiger Flug mit einem Gourmet-Men\u00fc auf dem B\u00fcrgenstock. Fantastischer Flug","breadcrumb":{"@id":"https:\/\/www.swissraft.ch\/de\/produkt\/helikopterflug-balzers-rundflug-eiger-landung-auf-dem-buergenstock\/#breadcrumb"},"inLanguage":"de","potentialAction":[{"@type":"ReadAction","target":["https:\/\/www.swissraft.ch\/de\/produkt\/helikopterflug-balzers-rundflug-eiger-landung-auf-dem-buergenstock\/"]}]},{"@type":"ImageObject","inLanguage":"de","@id":"https:\/\/www.swissraft.ch\/de\/produkt\/helikopterflug-balzers-rundflug-eiger-landung-auf-dem-buergenstock\/#primaryimage","url":"https:\/\/www.swissraft.ch\/wp-content\/uploads\/2022\/12\/1-Eiger-Balzers-776x776-1.jpg","contentUrl":"https:\/\/www.swissraft.ch\/wp-content\/uploads\/2022\/12\/1-Eiger-Balzers-776x776-1.jpg","width":776,"height":776,"caption":"Eiger und Zwischenlandung mit dem Helikopter von Balzers aus"},{"@type":"BreadcrumbList","@id":"https:\/\/www.swissraft.ch\/de\/produkt\/helikopterflug-balzers-rundflug-eiger-landung-auf-dem-buergenstock\/#breadcrumb","itemListElement":[{"@type":"ListItem","position":1,"name":"Accueil","item":"https:\/\/www.swissraft.ch\/de\/"},{"@type":"ListItem","position":2,"name":"Shop","item":"https:\/\/www.swissraft.ch\/de\/shop\/"},{"@type":"ListItem","position":3,"name":"Helikopterflug &#8211; Balzers &#8211; Eiger und Landung auf dem B\u00fcrgenstock &#8211; 95 Min. &#8211; Ab CHF 1&rsquo;875.00"}]},{"@type":"WebSite","@id":"https:\/\/www.swissraft.ch\/de\/#website","url":"https:\/\/www.swissraft.ch\/de\/","name":"Swissraft","description":"To enjoy nature as it is","publisher":{"@id":"https:\/\/www.swissraft.ch\/de\/#organization"},"potentialAction":[{"@type":"SearchAction","target":{"@type":"EntryPoint","urlTemplate":"https:\/\/www.swissraft.ch\/de\/?s={search_term_string}"},"query-input":{"@type":"PropertyValueSpecification","valueRequired":true,"valueName":"search_term_string"}}],"inLanguage":"de"},{"@type":"Organization","@id":"https:\/\/www.swissraft.ch\/de\/#organization","name":"Swissraft","url":"https:\/\/www.swissraft.ch\/de\/","logo":{"@type":"ImageObject","inLanguage":"de","@id":"https:\/\/www.swissraft.ch\/de\/#\/schema\/logo\/image\/","url":"https:\/\/www.swissraft.ch\/wp-content\/uploads\/2025\/09\/Capture.jpg","contentUrl":"https:\/\/www.swissraft.ch\/wp-content\/uploads\/2025\/09\/Capture.jpg","width":293,"height":108,"caption":"Swissraft"},"image":{"@id":"https:\/\/www.swissraft.ch\/de\/#\/schema\/logo\/image\/"}}]}},"_links":{"self":[{"href":"https:\/\/www.swissraft.ch\/de\/wp-json\/wp\/v2\/product\/91856","targetHints":{"allow":["GET"]}}],"collection":[{"href":"https:\/\/www.swissraft.ch\/de\/wp-json\/wp\/v2\/product"}],"about":[{"href":"https:\/\/www.swissraft.ch\/de\/wp-json\/wp\/v2\/types\/product"}],"replies":[{"embeddable":true,"href":"https:\/\/www.swissraft.ch\/de\/wp-json\/wp\/v2\/comments?post=91856"}],"version-history":[{"count":13,"href":"https:\/\/www.swissraft.ch\/de\/wp-json\/wp\/v2\/product\/91856\/revisions"}],"predecessor-version":[{"id":140678,"href":"https:\/\/www.swissraft.ch\/de\/wp-json\/wp\/v2\/product\/91856\/revisions\/140678"}],"wp:featuredmedia":[{"embeddable":true,"href":"https:\/\/www.swissraft.ch\/de\/wp-json\/wp\/v2\/media\/90571"}],"wp:attachment":[{"href":"https:\/\/www.swissraft.ch\/de\/wp-json\/wp\/v2\/media?parent=91856"}],"wp:term":[{"taxonomy":"product_cat","embeddable":true,"href":"https:\/\/www.swissraft.ch\/de\/wp-json\/wp\/v2\/product_cat?post=91856"},{"taxonomy":"product_tag","embeddable":true,"href":"https:\/\/www.swissraft.ch\/de\/wp-json\/wp\/v2\/product_tag?post=91856"}],"curies":[{"name":"wp","href":"https:\/\/api.w.org\/{rel}","templated":true}]}}