{"id":91855,"date":"2022-12-13T23:11:59","date_gmt":"2022-12-13T22:11:59","guid":{"rendered":"https:\/\/swissraft.xyanzkdne.eu\/product\/hubschrauberflug-von-pfaffnau-nordseite-eiger-60-min-ab-chf-495-00\/"},"modified":"2025-06-25T00:46:00","modified_gmt":"2025-06-24T22:46:00","slug":"helikopterflug-pfaffnau-eiger-nordwand","status":"publish","type":"product","link":"https:\/\/www.swissraft.ch\/de\/produkt\/helikopterflug-pfaffnau-eiger-nordwand\/","title":{"rendered":"Helikopterflug von PFAFFNAU &#8211; EIGER NORDWAND &#8211; 60 Min. &#8211; Ab CHF 525.00"},"content":{"rendered":"\t\t<div data-elementor-type=\"wp-post\" data-elementor-id=\"91855\" class=\"elementor elementor-91855 elementor-29757\">\n\t\t\t\t\t\t\t\t\t<section class=\"elementor-section elementor-top-section elementor-element elementor-element-3303a7e3 elementor-section-boxed elementor-section-height-default elementor-section-height-default\" data-id=\"3303a7e3\" data-element_type=\"section\">\n\t\t\t\t\t\t<div class=\"elementor-container elementor-column-gap-default\">\n\t\t\t\t\t<div class=\"elementor-column elementor-col-100 elementor-top-column elementor-element elementor-element-16d72dbf\" data-id=\"16d72dbf\" data-element_type=\"column\">\n\t\t\t<div class=\"elementor-widget-wrap elementor-element-populated\">\n\t\t\t\t\t\t\t\t<div class=\"elementor-element elementor-element-d743c03 elementor-widget elementor-widget-text-editor\" data-id=\"d743c03\" data-element_type=\"widget\" data-widget_type=\"text-editor.default\">\n\t\t\t\t<div class=\"elementor-widget-container\">\n\t\t\t\t\t\t\t<h2>W\u00c4HLEN SIE UNTEN IHRE AKTIVIT\u00c4T AUS, UM GESCHENKGUTSCHEINE \/ TICKETS ZU VERSCHENKEN ODER ZU BUCHEN.<\/h2>\n<table border=\"0\" width=\"580\" cellspacing=\"10\" cellpadding=\"10\">\n<tbody>\n<tr>\n<td width=\"50%\"><strong>EIGER NORDWAND UND GLETSCHER &#8211; 60 Min.<\/strong><\/td>\n<td><strong>CHF 525.00 pro Person<span class=\"productPrice\"><br \/><\/span><\/strong><\/td>\n<\/tr>\n<tr>\n<td>Weitere Informationen<\/td>\n<td>&#8211; Sie werden mit anderen Passagieren zusammen sein<br \/>&#8211; Maximum 4 pers.<\/td>\n<\/tr>\n<tr>\n<td>Heliport<\/td>\n<td><a href=\"https:\/\/www.google.com\/maps\/place\/47%C2%B014'05.9%22N+7%C2%B054'34.3%22E\/@47.2351812,7.9050044,758m\/data=!3m1!1e3!4m4!3m3!8m2!3d47.2349722!4d7.9095278?entry=ttu\" target=\"_blank\" rel=\"noopener\">Pfaffnau<\/a><\/td>\n<\/tr>\n<tr>\n<td>Flugzeit<\/td>\n<td>60 Min.<\/td>\n<\/tr>\n<tr>\n<td>Gesamtdauer<\/td>\n<td>ca. 1,5 Std.<\/td>\n<\/tr>\n<tr>\n<td>Terminvereinbarung<\/td>\n<td>Per Telefon<\/td>\n<\/tr>\n<tr>\n<td><button class=\"elementor-button\" type=\"button\"><a href=\"https:\/\/swissraft.outdoorbooking.ch\/fo\/products\/48?base_id=11&amp;category_id=6&amp;order_type=gift_voucher&amp;lang=de\" target=\"_blank\" rel=\"noopener\">GUTSCHEIN KAUFEN<\/a><\/button><\/td>\n<td>Nach Erhalt Ihres Tickets\/Gutscheins rufen Sie bitte die Telefonnummer an, die oben links angegeben ist, um zu reservieren.<\/td>\n<\/tr>\n<\/tbody>\n<\/table>\n\t\t\t\t\t\t<\/div>\n\t\t\t\t<\/div>\n\t\t\t\t\t<\/div>\n\t\t<\/div>\n\t\t\t\t\t\t\t<\/div>\n\t\t<\/section>\n\t\t\t\t\t\t\t<\/div>\n\t\t","protected":false},"excerpt":{"rendered":"<div align=\"justify\">\n<h2 align=\"justify\">Eiger Nordwand und Landung auf dem Gletscher<\/h2>\n<h3>Mit einem Glas Champagner in der Hand oder einer Tasse Kaffee k\u00f6nnen Sie den imposanten Gletscher des Petersgrats oder des Kanderfirns bewundern.<\/h3>\n<\/div>\n<div align=\"justify\">\n<p>Wir starten von Pfaffnau und fliegen nach Willisau, Entlebuch, Brienzer-Rothorn, Brienzer See, Faulhorn, Grindelwald. Dann geht der Flug weiter zum Mittellegigrat entlang der beeindruckenden Nordwand von Eiger und Jungfrau. Sie fliegen dann \u00fcber den Aletsch- und L\u00f6tschenl\u00fccke-Gletscher, bevor Sie auf dem Petersgrat- oder Kanderfirn-Gletscher landen. Nach einer Kaffeepause oder einem guten Tropfen bringt Sie der R\u00fcckflug nach Bl\u00fcemlisalp, zum \u00d6eschinensee, nach Kiental. Danach Thunersee, Niederhorn, Emmental, Napf und Huttwil, bevor Sie sich auf dem Heliport Pfaffnau ausruhen.<\/p>\n<h3>Swissraft hat in seinem Katalog \u00fcber 150 Fl\u00fcge in der Schweiz von 12 Hubschrauberlandepl\u00e4tzen, 9 Flugpl\u00e4tzen und 2 Flugh\u00e4fen aus.<\/h3>\n<p id=\"textarea\" style=\"display: none;\">\nWir bieten Fl\u00fcge in den Kanton Uri vom Heliport Erstfeld aus an. Aber auch im Tessin von den Flugpl\u00e4tzen Locarno und Lodrino aus. Wir bieten auch Rundfl\u00fcge ab dem Flugplatz Samedan an. Aber wir bieten auch Fl\u00fcge von den Heliports Untervaz, Flims und Tavanasa in Graub\u00fcnden an. Sowie Fl\u00fcge ab Liechtenstein in Balzers und ab dem Flugplatz Sitterdorf im Kanton Thurgau. Ebenso fliegen wir mit dem Helikopter vom internationalen Flughafen Z\u00fcrich-Kloten und vom internationalen Flughafen Bern-Belp ab. Au\u00dferdem starten wir vom Flugplatz Saanen und vom Heliport Gstaad-Grund im Saanenland. Au\u00dferdem immer im Berner Oberland von den Heliports Lenk-Simmental, Schattenhalb-Meiringen, Interlaken-Gsteigwiler und Lauterbrunnen. Wir haben auch Fl\u00fcge vom Flughafen Sitten und den Heliports Collombey und Gampel im Wallis. Aber auch vom Flugplatz \u00c9pagny im Greyerzerland im Kanton Freiburg. Au\u00dferdem starten wir vom Flugplatz Buttwil im Kanton Aargau. Au\u00dferdem fliegen wir vom Flugplatz Grenchen aus auch in den Kanton Solothurn. Sowie Fl\u00fcge vom Heliport K\u00fcssnacht im Kanton Schwyz.\n<\/p>\n<p><a id=\"seeMore\" onclick=\"toggleSeeMore()\" href=\"javascript:void(0);\">Lesen Sie mehr<\/a><\/p>\n","protected":false},"featured_media":86443,"comment_status":"open","ping_status":"closed","template":"","meta":{"inline_featured_image":false,"_mi_skip_tracking":false},"product_cat":[263,265],"product_tag":[],"class_list":["post-91855","product","type-product","status-publish","has-post-thumbnail","hentry","product_cat-helikopterflug-rundflug-in-der-schweiz","product_cat-helikopterrundflug-pfaffnau"],"yoast_head":"<!-- This site is optimized with the Yoast SEO plugin v23.6 - https:\/\/yoast.com\/wordpress\/plugins\/seo\/ -->\n<title>Eiger Nordwand von Pfaffnau aus. Ein 60-min\u00fctiger Flug<\/title>\n<meta name=\"description\" content=\"Eiger Nordwand von Pfaffnau aus im Helikopter auf einem 60-min\u00fctigen Flug mit Landung auf einem Gletscher. Sie werden diesen Flug genie\u00dfen\" \/>\n<meta name=\"robots\" content=\"index, follow, max-snippet:-1, max-image-preview:large, max-video-preview:-1\" \/>\n<link rel=\"canonical\" href=\"https:\/\/www.swissraft.ch\/de\/produkt\/helikopterflug-pfaffnau-eiger-nordwand\/\" \/>\n<meta property=\"og:locale\" content=\"de_DE\" \/>\n<meta property=\"og:type\" content=\"article\" \/>\n<meta property=\"og:title\" content=\"Eiger Nordwand von Pfaffnau aus. Ein 60-min\u00fctiger Flug\" \/>\n<meta property=\"og:description\" content=\"Eiger Nordwand von Pfaffnau aus im Helikopter auf einem 60-min\u00fctigen Flug mit Landung auf einem Gletscher. Sie werden diesen Flug genie\u00dfen\" \/>\n<meta property=\"og:url\" content=\"https:\/\/www.swissraft.ch\/de\/produkt\/helikopterflug-pfaffnau-eiger-nordwand\/\" \/>\n<meta property=\"og:site_name\" content=\"Swissraft\" \/>\n<meta property=\"article:modified_time\" content=\"2025-06-24T22:46:00+00:00\" \/>\n<meta property=\"og:image\" content=\"https:\/\/www.swissraft.ch\/wp-content\/uploads\/2022\/12\/2-PFAFFNAU-Grosses-Gletschererlebnis-776x776-2.jpg\" \/>\n\t<meta property=\"og:image:width\" content=\"776\" \/>\n\t<meta property=\"og:image:height\" content=\"776\" \/>\n\t<meta property=\"og:image:type\" content=\"image\/jpeg\" \/>\n<meta name=\"twitter:card\" content=\"summary_large_image\" \/>\n<meta name=\"twitter:label1\" content=\"Gesch\u00e4tzte Lesezeit\" \/>\n\t<meta name=\"twitter:data1\" content=\"1\u00a0Minute\" \/>\n<script type=\"application\/ld+json\" class=\"yoast-schema-graph\">{\"@context\":\"https:\/\/schema.org\",\"@graph\":[{\"@type\":\"WebPage\",\"@id\":\"https:\/\/www.swissraft.ch\/de\/produkt\/helikopterflug-pfaffnau-eiger-nordwand\/\",\"url\":\"https:\/\/www.swissraft.ch\/de\/produkt\/helikopterflug-pfaffnau-eiger-nordwand\/\",\"name\":\"Eiger Nordwand von Pfaffnau aus. Ein 60-min\u00fctiger Flug\",\"isPartOf\":{\"@id\":\"https:\/\/www.swissraft.ch\/de\/#website\"},\"primaryImageOfPage\":{\"@id\":\"https:\/\/www.swissraft.ch\/de\/produkt\/helikopterflug-pfaffnau-eiger-nordwand\/#primaryimage\"},\"image\":{\"@id\":\"https:\/\/www.swissraft.ch\/de\/produkt\/helikopterflug-pfaffnau-eiger-nordwand\/#primaryimage\"},\"thumbnailUrl\":\"https:\/\/www.swissraft.ch\/wp-content\/uploads\/2022\/12\/2-PFAFFNAU-Grosses-Gletschererlebnis-776x776-2.jpg\",\"datePublished\":\"2022-12-13T22:11:59+00:00\",\"dateModified\":\"2025-06-24T22:46:00+00:00\",\"description\":\"Eiger Nordwand von Pfaffnau aus im Helikopter auf einem 60-min\u00fctigen Flug mit Landung auf einem Gletscher. Sie werden diesen Flug genie\u00dfen\",\"breadcrumb\":{\"@id\":\"https:\/\/www.swissraft.ch\/de\/produkt\/helikopterflug-pfaffnau-eiger-nordwand\/#breadcrumb\"},\"inLanguage\":\"de\",\"potentialAction\":[{\"@type\":\"ReadAction\",\"target\":[\"https:\/\/www.swissraft.ch\/de\/produkt\/helikopterflug-pfaffnau-eiger-nordwand\/\"]}]},{\"@type\":\"ImageObject\",\"inLanguage\":\"de\",\"@id\":\"https:\/\/www.swissraft.ch\/de\/produkt\/helikopterflug-pfaffnau-eiger-nordwand\/#primaryimage\",\"url\":\"https:\/\/www.swissraft.ch\/wp-content\/uploads\/2022\/12\/2-PFAFFNAU-Grosses-Gletschererlebnis-776x776-2.jpg\",\"contentUrl\":\"https:\/\/www.swissraft.ch\/wp-content\/uploads\/2022\/12\/2-PFAFFNAU-Grosses-Gletschererlebnis-776x776-2.jpg\",\"width\":776,\"height\":776,\"caption\":\"Eiger Nordwand und Gletscher mit dem Hubschrauber von Pfaffnau aus\"},{\"@type\":\"BreadcrumbList\",\"@id\":\"https:\/\/www.swissraft.ch\/de\/produkt\/helikopterflug-pfaffnau-eiger-nordwand\/#breadcrumb\",\"itemListElement\":[{\"@type\":\"ListItem\",\"position\":1,\"name\":\"Accueil\",\"item\":\"https:\/\/www.swissraft.ch\/de\/\"},{\"@type\":\"ListItem\",\"position\":2,\"name\":\"Shop\",\"item\":\"https:\/\/www.swissraft.ch\/de\/shop\/\"},{\"@type\":\"ListItem\",\"position\":3,\"name\":\"Helikopterflug von PFAFFNAU &#8211; EIGER NORDWAND &#8211; 60 Min. &#8211; Ab CHF 525.00\"}]},{\"@type\":\"WebSite\",\"@id\":\"https:\/\/www.swissraft.ch\/de\/#website\",\"url\":\"https:\/\/www.swissraft.ch\/de\/\",\"name\":\"Swissraft\",\"description\":\"To enjoy nature as it is\",\"publisher\":{\"@id\":\"https:\/\/www.swissraft.ch\/de\/#organization\"},\"potentialAction\":[{\"@type\":\"SearchAction\",\"target\":{\"@type\":\"EntryPoint\",\"urlTemplate\":\"https:\/\/www.swissraft.ch\/de\/?s={search_term_string}\"},\"query-input\":{\"@type\":\"PropertyValueSpecification\",\"valueRequired\":true,\"valueName\":\"search_term_string\"}}],\"inLanguage\":\"de\"},{\"@type\":\"Organization\",\"@id\":\"https:\/\/www.swissraft.ch\/de\/#organization\",\"name\":\"Swissraft\",\"url\":\"https:\/\/www.swissraft.ch\/de\/\",\"logo\":{\"@type\":\"ImageObject\",\"inLanguage\":\"de\",\"@id\":\"https:\/\/www.swissraft.ch\/de\/#\/schema\/logo\/image\/\",\"url\":\"https:\/\/www.swissraft.ch\/wp-content\/uploads\/2025\/09\/Capture.jpg\",\"contentUrl\":\"https:\/\/www.swissraft.ch\/wp-content\/uploads\/2025\/09\/Capture.jpg\",\"width\":293,\"height\":108,\"caption\":\"Swissraft\"},\"image\":{\"@id\":\"https:\/\/www.swissraft.ch\/de\/#\/schema\/logo\/image\/\"}}]}<\/script>\n<!-- \/ Yoast SEO plugin. -->","yoast_head_json":{"title":"Eiger Nordwand von Pfaffnau aus. Ein 60-min\u00fctiger Flug","description":"Eiger Nordwand von Pfaffnau aus im Helikopter auf einem 60-min\u00fctigen Flug mit Landung auf einem Gletscher. Sie werden diesen Flug genie\u00dfen","robots":{"index":"index","follow":"follow","max-snippet":"max-snippet:-1","max-image-preview":"max-image-preview:large","max-video-preview":"max-video-preview:-1"},"canonical":"https:\/\/www.swissraft.ch\/de\/produkt\/helikopterflug-pfaffnau-eiger-nordwand\/","og_locale":"de_DE","og_type":"article","og_title":"Eiger Nordwand von Pfaffnau aus. Ein 60-min\u00fctiger Flug","og_description":"Eiger Nordwand von Pfaffnau aus im Helikopter auf einem 60-min\u00fctigen Flug mit Landung auf einem Gletscher. Sie werden diesen Flug genie\u00dfen","og_url":"https:\/\/www.swissraft.ch\/de\/produkt\/helikopterflug-pfaffnau-eiger-nordwand\/","og_site_name":"Swissraft","article_modified_time":"2025-06-24T22:46:00+00:00","og_image":[{"width":776,"height":776,"url":"https:\/\/www.swissraft.ch\/wp-content\/uploads\/2022\/12\/2-PFAFFNAU-Grosses-Gletschererlebnis-776x776-2.jpg","type":"image\/jpeg"}],"twitter_card":"summary_large_image","twitter_misc":{"Gesch\u00e4tzte Lesezeit":"1\u00a0Minute"},"schema":{"@context":"https:\/\/schema.org","@graph":[{"@type":"WebPage","@id":"https:\/\/www.swissraft.ch\/de\/produkt\/helikopterflug-pfaffnau-eiger-nordwand\/","url":"https:\/\/www.swissraft.ch\/de\/produkt\/helikopterflug-pfaffnau-eiger-nordwand\/","name":"Eiger Nordwand von Pfaffnau aus. Ein 60-min\u00fctiger Flug","isPartOf":{"@id":"https:\/\/www.swissraft.ch\/de\/#website"},"primaryImageOfPage":{"@id":"https:\/\/www.swissraft.ch\/de\/produkt\/helikopterflug-pfaffnau-eiger-nordwand\/#primaryimage"},"image":{"@id":"https:\/\/www.swissraft.ch\/de\/produkt\/helikopterflug-pfaffnau-eiger-nordwand\/#primaryimage"},"thumbnailUrl":"https:\/\/www.swissraft.ch\/wp-content\/uploads\/2022\/12\/2-PFAFFNAU-Grosses-Gletschererlebnis-776x776-2.jpg","datePublished":"2022-12-13T22:11:59+00:00","dateModified":"2025-06-24T22:46:00+00:00","description":"Eiger Nordwand von Pfaffnau aus im Helikopter auf einem 60-min\u00fctigen Flug mit Landung auf einem Gletscher. Sie werden diesen Flug genie\u00dfen","breadcrumb":{"@id":"https:\/\/www.swissraft.ch\/de\/produkt\/helikopterflug-pfaffnau-eiger-nordwand\/#breadcrumb"},"inLanguage":"de","potentialAction":[{"@type":"ReadAction","target":["https:\/\/www.swissraft.ch\/de\/produkt\/helikopterflug-pfaffnau-eiger-nordwand\/"]}]},{"@type":"ImageObject","inLanguage":"de","@id":"https:\/\/www.swissraft.ch\/de\/produkt\/helikopterflug-pfaffnau-eiger-nordwand\/#primaryimage","url":"https:\/\/www.swissraft.ch\/wp-content\/uploads\/2022\/12\/2-PFAFFNAU-Grosses-Gletschererlebnis-776x776-2.jpg","contentUrl":"https:\/\/www.swissraft.ch\/wp-content\/uploads\/2022\/12\/2-PFAFFNAU-Grosses-Gletschererlebnis-776x776-2.jpg","width":776,"height":776,"caption":"Eiger Nordwand und Gletscher mit dem Hubschrauber von Pfaffnau aus"},{"@type":"BreadcrumbList","@id":"https:\/\/www.swissraft.ch\/de\/produkt\/helikopterflug-pfaffnau-eiger-nordwand\/#breadcrumb","itemListElement":[{"@type":"ListItem","position":1,"name":"Accueil","item":"https:\/\/www.swissraft.ch\/de\/"},{"@type":"ListItem","position":2,"name":"Shop","item":"https:\/\/www.swissraft.ch\/de\/shop\/"},{"@type":"ListItem","position":3,"name":"Helikopterflug von PFAFFNAU &#8211; EIGER NORDWAND &#8211; 60 Min. &#8211; Ab CHF 525.00"}]},{"@type":"WebSite","@id":"https:\/\/www.swissraft.ch\/de\/#website","url":"https:\/\/www.swissraft.ch\/de\/","name":"Swissraft","description":"To enjoy nature as it is","publisher":{"@id":"https:\/\/www.swissraft.ch\/de\/#organization"},"potentialAction":[{"@type":"SearchAction","target":{"@type":"EntryPoint","urlTemplate":"https:\/\/www.swissraft.ch\/de\/?s={search_term_string}"},"query-input":{"@type":"PropertyValueSpecification","valueRequired":true,"valueName":"search_term_string"}}],"inLanguage":"de"},{"@type":"Organization","@id":"https:\/\/www.swissraft.ch\/de\/#organization","name":"Swissraft","url":"https:\/\/www.swissraft.ch\/de\/","logo":{"@type":"ImageObject","inLanguage":"de","@id":"https:\/\/www.swissraft.ch\/de\/#\/schema\/logo\/image\/","url":"https:\/\/www.swissraft.ch\/wp-content\/uploads\/2025\/09\/Capture.jpg","contentUrl":"https:\/\/www.swissraft.ch\/wp-content\/uploads\/2025\/09\/Capture.jpg","width":293,"height":108,"caption":"Swissraft"},"image":{"@id":"https:\/\/www.swissraft.ch\/de\/#\/schema\/logo\/image\/"}}]}},"_links":{"self":[{"href":"https:\/\/www.swissraft.ch\/de\/wp-json\/wp\/v2\/product\/91855","targetHints":{"allow":["GET"]}}],"collection":[{"href":"https:\/\/www.swissraft.ch\/de\/wp-json\/wp\/v2\/product"}],"about":[{"href":"https:\/\/www.swissraft.ch\/de\/wp-json\/wp\/v2\/types\/product"}],"replies":[{"embeddable":true,"href":"https:\/\/www.swissraft.ch\/de\/wp-json\/wp\/v2\/comments?post=91855"}],"version-history":[{"count":6,"href":"https:\/\/www.swissraft.ch\/de\/wp-json\/wp\/v2\/product\/91855\/revisions"}],"predecessor-version":[{"id":118750,"href":"https:\/\/www.swissraft.ch\/de\/wp-json\/wp\/v2\/product\/91855\/revisions\/118750"}],"wp:featuredmedia":[{"embeddable":true,"href":"https:\/\/www.swissraft.ch\/de\/wp-json\/wp\/v2\/media\/86443"}],"wp:attachment":[{"href":"https:\/\/www.swissraft.ch\/de\/wp-json\/wp\/v2\/media?parent=91855"}],"wp:term":[{"taxonomy":"product_cat","embeddable":true,"href":"https:\/\/www.swissraft.ch\/de\/wp-json\/wp\/v2\/product_cat?post=91855"},{"taxonomy":"product_tag","embeddable":true,"href":"https:\/\/www.swissraft.ch\/de\/wp-json\/wp\/v2\/product_tag?post=91855"}],"curies":[{"name":"wp","href":"https:\/\/api.w.org\/{rel}","templated":true}]}}