{"id":91852,"date":"2022-12-11T21:08:30","date_gmt":"2022-12-11T20:08:30","guid":{"rendered":"https:\/\/swissraft.xyanzkdne.eu\/product\/helikopterflug-von-samedan-oberes-engadina-15-min-chf-180-00\/"},"modified":"2025-06-16T02:16:53","modified_gmt":"2025-06-16T00:16:53","slug":"oberengadin-samedan-helikopter","status":"publish","type":"product","link":"https:\/\/www.swissraft.ch\/de\/produkt\/oberengadin-samedan-helikopter\/","title":{"rendered":"Helikopterflug von SAMEDAN &#8211; OBERENGADIN &#8211; 15 Min. &#8211; CHF 190.00"},"content":{"rendered":"\t\t<div data-elementor-type=\"wp-post\" data-elementor-id=\"91852\" class=\"elementor elementor-91852 elementor-29625\">\n\t\t\t\t\t\t\t\t\t<section class=\"elementor-section elementor-top-section elementor-element elementor-element-3303a7e3 elementor-section-boxed elementor-section-height-default elementor-section-height-default\" data-id=\"3303a7e3\" data-element_type=\"section\">\n\t\t\t\t\t\t<div class=\"elementor-container elementor-column-gap-default\">\n\t\t\t\t\t<div class=\"elementor-column elementor-col-100 elementor-top-column elementor-element elementor-element-16d72dbf\" data-id=\"16d72dbf\" data-element_type=\"column\">\n\t\t\t<div class=\"elementor-widget-wrap elementor-element-populated\">\n\t\t\t\t\t\t\t\t<div class=\"elementor-element elementor-element-d743c03 elementor-widget elementor-widget-text-editor\" data-id=\"d743c03\" data-element_type=\"widget\" data-widget_type=\"text-editor.default\">\n\t\t\t\t<div class=\"elementor-widget-container\">\n\t\t\t\t\t\t\t<h2>W\u00c4HLEN SIE UNTEN IHRE AKTIVIT\u00c4T AUS, UM GESCHENKGUTSCHEINE \/ TICKETS ZU VERSCHENKEN ODER ZU BUCHEN.<\/h2>\n<table border=\"0\" width=\"580\" cellspacing=\"10\" cellpadding=\"10\">\n<tbody>\n<tr>\n<td width=\"50%\"><strong>OBERENGADIN (1-5 pers.) &#8211; 15 Min.<\/strong><\/td>\n<td><strong>CHF 190.00 pro Person<\/strong><\/td>\n<\/tr>\n<tr>\n<td>Weitere Informationen<\/td>\n<td>&#8211; Sie werden mit anderen Passagieren zusammen sein<br \/>&#8211; Maximal 5 Pers.<br \/>&#8211; Privatflug mit 5 Pers.<\/td>\n<\/tr>\n<tr>\n<td>Flugplatz<\/td>\n<td><a href=\"https:\/\/www.google.com\/maps\/place\/46%C2%B031'49.3%22N+9%C2%B052'43.3%22E\/@46.5309513,9.8600862,3106m\/data=!3m1!1e3!4m4!3m3!8m2!3d46.5303611!4d9.8786944?entry=ttu\" target=\"_blank\" rel=\"noopener\">Samedan<\/a><\/td>\n<\/tr>\n<tr>\n<td>Flugzeit<\/td>\n<td>15 Min.<\/td>\n<\/tr>\n<tr>\n<td>Gesamtdauer<\/td>\n<td>ca. 45 Min.<\/td>\n<\/tr>\n<tr>\n<td>Terminvereinbarung<\/td>\n<td>Per Telefon<\/td>\n<\/tr>\n<tr>\n<td><button class=\"elementor-button\" type=\"button\"><a href=\"https:\/\/swissraft.outdoorbooking.ch\/fo\/products\/515?base_id=127&amp;category_id=6&amp;order_type=gift_voucher&amp;lang=de\" target=\"_blank\" rel=\"noopener\">GUTSCHEIN KAUFEN<\/a><\/button><\/td>\n<td>Nach Erhalt Ihres Tickets\/Gutscheins rufen Sie bitte die Telefonnummer an, die oben links angegeben ist, um zu reservieren.<\/td>\n<\/tr>\n<\/tbody>\n<\/table>\n\t\t\t\t\t\t<\/div>\n\t\t\t\t<\/div>\n\t\t\t\t\t<\/div>\n\t\t<\/div>\n\t\t\t\t\t\t\t<\/div>\n\t\t<\/section>\n\t\t\t\t\t\t\t<\/div>\n\t\t","protected":false},"excerpt":{"rendered":"<div align=\"justify\">\n<h2 align=\"justify\">Flug von Samedan \u00fcber die Gletscher des Oberengadins<\/h2>\n<h3>Dieser 15-min\u00fctige Flug f\u00fchrt Sie \u00fcber mehrere imposante Gletscher, die St. Moritz \u00fcberragen.<\/h3>\n<\/div>\n<div align=\"justify\">\n<p>Von Samedan im Oberengadin aus gehen Sie an Bord eines unserer Helikopter. Schon bald fliegen Sie \u00fcber die Gletscher des Oberengadins mit dem ber\u00fchmten Bianco Grat, dem Morteratsch-Gletscher. Dann der Piz Pal\u00fc, der Corvatsch mit einem herrlichen Blick auf St. Moritz.   <\/p>\n<h3>Swissraft bietet Ihnen von Samedan aus 3 herrliche Helikopterfl\u00fcge an.<\/h3>\n<p id=\"textarea\" style=\"display: none;\">\nWir starten auch von den Heliports in Untervaz, Flims und Tavanasa in Graub\u00fcnden. Au\u00dferdem f\u00fchren wir Rundfl\u00fcge von Liechtenstein ab Balzers und Sitterdorf im Thurgau durch. Ebenso fliegen wir vom internationalen Flughafen Z\u00fcrich-Kloten und vom internationalen Flughafen Bern-Belp ab. Au\u00dferdem bieten wir auch Fl\u00fcge vom Heliport Gstaad-Grund und vom Flugplatz Saanen im Saanenland an. Ebenso von den Hubschrauberlandepl\u00e4tzen Lenk-Simmental, Schattenhalb-Meiringen, Interlaken-Gsteigwiler und Lauterbrunnen. Wir bieten auch Fl\u00fcge von Pfaffnau im Kanton Luzern und von Erstfeld im Kanton Uri an. Dann haben wir Fl\u00fcge von Buttwil im Kanton Aargau. Aber auch vom Hubschrauberlandeplatz in K\u00fcssnacht im Kanton Schwyz. Sowie vom Flugplatz Grenchen im Kanton Solothurn. Au\u00dferdem fliegen wir vom Flugplatz \u00c9pagny en Gruy\u00e8re im Kanton Freiburg aus. Aber auch von den Hubschrauberlandepl\u00e4tzen Gampel und Collombey sowie vom Flughafen Sion im Wallis. Von den Flugpl\u00e4tzen Locarno und Lodrino im Tessin aus bieten wir sch\u00f6ne Hubschrauberrundfl\u00fcge an.\n<\/p>\n<p><a id=\"seeMore\" onclick=\"toggleSeeMore()\" href=\"javascript:void(0);\">Lesen Sie mehr<\/a><\/p>\n","protected":false},"featured_media":86542,"comment_status":"open","ping_status":"closed","template":"","meta":{"inline_featured_image":false,"_mi_skip_tracking":false},"product_cat":[263,363],"product_tag":[],"class_list":["post-91852","product","type-product","status-publish","has-post-thumbnail","hentry","product_cat-helikopterflug-in-der-schweiz","product_cat-helikopterrundflug-samedan"],"yoast_head":"<!-- This site is optimized with the Yoast SEO plugin v23.6 - https:\/\/yoast.com\/wordpress\/plugins\/seo\/ -->\n<title>Oberes Engadin von Samedan aus mit dem Helikopter. Ein Flug von 15 Min.<\/title>\n<meta name=\"description\" content=\"Oberes Engadin von Samedan aus mit dem Hubschrauber in einem 15-min\u00fctigen Flug. W\u00e4hrend dieser Zeit fliegen Sie \u00fcber die Gletscher der Region, die sich \u00fcber St. Petersburg erheben. Moritz\" \/>\n<meta name=\"robots\" content=\"index, follow, max-snippet:-1, max-image-preview:large, max-video-preview:-1\" \/>\n<link rel=\"canonical\" href=\"https:\/\/www.swissraft.ch\/de\/produkt\/oberengadin-samedan-helikopter\/\" \/>\n<meta property=\"og:locale\" content=\"de_DE\" \/>\n<meta property=\"og:type\" content=\"article\" \/>\n<meta property=\"og:title\" content=\"Oberes Engadin von Samedan aus mit dem Helikopter. Ein Flug von 15 Min.\" \/>\n<meta property=\"og:description\" content=\"Oberes Engadin von Samedan aus mit dem Hubschrauber in einem 15-min\u00fctigen Flug. W\u00e4hrend dieser Zeit fliegen Sie \u00fcber die Gletscher der Region, die sich \u00fcber St. Petersburg erheben. Moritz\" \/>\n<meta property=\"og:url\" content=\"https:\/\/www.swissraft.ch\/de\/produkt\/oberengadin-samedan-helikopter\/\" \/>\n<meta property=\"og:site_name\" content=\"Swissraft\" \/>\n<meta property=\"article:modified_time\" content=\"2025-06-16T00:16:53+00:00\" \/>\n<meta property=\"og:image\" content=\"https:\/\/www.swissraft.ch\/wp-content\/uploads\/2022\/12\/1-SAMEDAN-ST.-MORITZ-Oberengadiner-Gletscher-776x776-3.jpg\" \/>\n\t<meta property=\"og:image:width\" content=\"776\" \/>\n\t<meta property=\"og:image:height\" content=\"776\" \/>\n\t<meta property=\"og:image:type\" content=\"image\/jpeg\" \/>\n<meta name=\"twitter:card\" content=\"summary_large_image\" \/>\n<meta name=\"twitter:label1\" content=\"Gesch\u00e4tzte Lesezeit\" \/>\n\t<meta name=\"twitter:data1\" content=\"1\u00a0Minute\" \/>\n<script type=\"application\/ld+json\" class=\"yoast-schema-graph\">{\"@context\":\"https:\/\/schema.org\",\"@graph\":[{\"@type\":\"WebPage\",\"@id\":\"https:\/\/www.swissraft.ch\/de\/produkt\/oberengadin-samedan-helikopter\/\",\"url\":\"https:\/\/www.swissraft.ch\/de\/produkt\/oberengadin-samedan-helikopter\/\",\"name\":\"Oberes Engadin von Samedan aus mit dem Helikopter. Ein Flug von 15 Min.\",\"isPartOf\":{\"@id\":\"https:\/\/www.swissraft.ch\/de\/#website\"},\"primaryImageOfPage\":{\"@id\":\"https:\/\/www.swissraft.ch\/de\/produkt\/oberengadin-samedan-helikopter\/#primaryimage\"},\"image\":{\"@id\":\"https:\/\/www.swissraft.ch\/de\/produkt\/oberengadin-samedan-helikopter\/#primaryimage\"},\"thumbnailUrl\":\"https:\/\/www.swissraft.ch\/wp-content\/uploads\/2022\/12\/1-SAMEDAN-ST.-MORITZ-Oberengadiner-Gletscher-776x776-3.jpg\",\"datePublished\":\"2022-12-11T20:08:30+00:00\",\"dateModified\":\"2025-06-16T00:16:53+00:00\",\"description\":\"Oberes Engadin von Samedan aus mit dem Hubschrauber in einem 15-min\u00fctigen Flug. W\u00e4hrend dieser Zeit fliegen Sie \u00fcber die Gletscher der Region, die sich \u00fcber St. Petersburg erheben. Moritz\",\"breadcrumb\":{\"@id\":\"https:\/\/www.swissraft.ch\/de\/produkt\/oberengadin-samedan-helikopter\/#breadcrumb\"},\"inLanguage\":\"de\",\"potentialAction\":[{\"@type\":\"ReadAction\",\"target\":[\"https:\/\/www.swissraft.ch\/de\/produkt\/oberengadin-samedan-helikopter\/\"]}]},{\"@type\":\"ImageObject\",\"inLanguage\":\"de\",\"@id\":\"https:\/\/www.swissraft.ch\/de\/produkt\/oberengadin-samedan-helikopter\/#primaryimage\",\"url\":\"https:\/\/www.swissraft.ch\/wp-content\/uploads\/2022\/12\/1-SAMEDAN-ST.-MORITZ-Oberengadiner-Gletscher-776x776-3.jpg\",\"contentUrl\":\"https:\/\/www.swissraft.ch\/wp-content\/uploads\/2022\/12\/1-SAMEDAN-ST.-MORITZ-Oberengadiner-Gletscher-776x776-3.jpg\",\"width\":776,\"height\":776,\"caption\":\"Mit dem Helikopter von Samedan ins obere Engadin\"},{\"@type\":\"BreadcrumbList\",\"@id\":\"https:\/\/www.swissraft.ch\/de\/produkt\/oberengadin-samedan-helikopter\/#breadcrumb\",\"itemListElement\":[{\"@type\":\"ListItem\",\"position\":1,\"name\":\"Accueil\",\"item\":\"https:\/\/www.swissraft.ch\/de\/\"},{\"@type\":\"ListItem\",\"position\":2,\"name\":\"Shop\",\"item\":\"https:\/\/www.swissraft.ch\/de\/shop\/\"},{\"@type\":\"ListItem\",\"position\":3,\"name\":\"Helikopterflug von SAMEDAN &#8211; OBERENGADIN &#8211; 15 Min. &#8211; CHF 190.00\"}]},{\"@type\":\"WebSite\",\"@id\":\"https:\/\/www.swissraft.ch\/de\/#website\",\"url\":\"https:\/\/www.swissraft.ch\/de\/\",\"name\":\"Swissraft\",\"description\":\"To enjoy nature as it is\",\"publisher\":{\"@id\":\"https:\/\/www.swissraft.ch\/de\/#organization\"},\"potentialAction\":[{\"@type\":\"SearchAction\",\"target\":{\"@type\":\"EntryPoint\",\"urlTemplate\":\"https:\/\/www.swissraft.ch\/de\/?s={search_term_string}\"},\"query-input\":{\"@type\":\"PropertyValueSpecification\",\"valueRequired\":true,\"valueName\":\"search_term_string\"}}],\"inLanguage\":\"de\"},{\"@type\":\"Organization\",\"@id\":\"https:\/\/www.swissraft.ch\/de\/#organization\",\"name\":\"Swissraft\",\"url\":\"https:\/\/www.swissraft.ch\/de\/\",\"logo\":{\"@type\":\"ImageObject\",\"inLanguage\":\"de\",\"@id\":\"https:\/\/www.swissraft.ch\/de\/#\/schema\/logo\/image\/\",\"url\":\"https:\/\/www.swissraft.ch\/wp-content\/uploads\/2025\/09\/Capture.jpg\",\"contentUrl\":\"https:\/\/www.swissraft.ch\/wp-content\/uploads\/2025\/09\/Capture.jpg\",\"width\":293,\"height\":108,\"caption\":\"Swissraft\"},\"image\":{\"@id\":\"https:\/\/www.swissraft.ch\/de\/#\/schema\/logo\/image\/\"}}]}<\/script>\n<!-- \/ Yoast SEO plugin. -->","yoast_head_json":{"title":"Oberes Engadin von Samedan aus mit dem Helikopter. Ein Flug von 15 Min.","description":"Oberes Engadin von Samedan aus mit dem Hubschrauber in einem 15-min\u00fctigen Flug. W\u00e4hrend dieser Zeit fliegen Sie \u00fcber die Gletscher der Region, die sich \u00fcber St. Petersburg erheben. Moritz","robots":{"index":"index","follow":"follow","max-snippet":"max-snippet:-1","max-image-preview":"max-image-preview:large","max-video-preview":"max-video-preview:-1"},"canonical":"https:\/\/www.swissraft.ch\/de\/produkt\/oberengadin-samedan-helikopter\/","og_locale":"de_DE","og_type":"article","og_title":"Oberes Engadin von Samedan aus mit dem Helikopter. Ein Flug von 15 Min.","og_description":"Oberes Engadin von Samedan aus mit dem Hubschrauber in einem 15-min\u00fctigen Flug. W\u00e4hrend dieser Zeit fliegen Sie \u00fcber die Gletscher der Region, die sich \u00fcber St. Petersburg erheben. Moritz","og_url":"https:\/\/www.swissraft.ch\/de\/produkt\/oberengadin-samedan-helikopter\/","og_site_name":"Swissraft","article_modified_time":"2025-06-16T00:16:53+00:00","og_image":[{"width":776,"height":776,"url":"https:\/\/www.swissraft.ch\/wp-content\/uploads\/2022\/12\/1-SAMEDAN-ST.-MORITZ-Oberengadiner-Gletscher-776x776-3.jpg","type":"image\/jpeg"}],"twitter_card":"summary_large_image","twitter_misc":{"Gesch\u00e4tzte Lesezeit":"1\u00a0Minute"},"schema":{"@context":"https:\/\/schema.org","@graph":[{"@type":"WebPage","@id":"https:\/\/www.swissraft.ch\/de\/produkt\/oberengadin-samedan-helikopter\/","url":"https:\/\/www.swissraft.ch\/de\/produkt\/oberengadin-samedan-helikopter\/","name":"Oberes Engadin von Samedan aus mit dem Helikopter. Ein Flug von 15 Min.","isPartOf":{"@id":"https:\/\/www.swissraft.ch\/de\/#website"},"primaryImageOfPage":{"@id":"https:\/\/www.swissraft.ch\/de\/produkt\/oberengadin-samedan-helikopter\/#primaryimage"},"image":{"@id":"https:\/\/www.swissraft.ch\/de\/produkt\/oberengadin-samedan-helikopter\/#primaryimage"},"thumbnailUrl":"https:\/\/www.swissraft.ch\/wp-content\/uploads\/2022\/12\/1-SAMEDAN-ST.-MORITZ-Oberengadiner-Gletscher-776x776-3.jpg","datePublished":"2022-12-11T20:08:30+00:00","dateModified":"2025-06-16T00:16:53+00:00","description":"Oberes Engadin von Samedan aus mit dem Hubschrauber in einem 15-min\u00fctigen Flug. W\u00e4hrend dieser Zeit fliegen Sie \u00fcber die Gletscher der Region, die sich \u00fcber St. Petersburg erheben. Moritz","breadcrumb":{"@id":"https:\/\/www.swissraft.ch\/de\/produkt\/oberengadin-samedan-helikopter\/#breadcrumb"},"inLanguage":"de","potentialAction":[{"@type":"ReadAction","target":["https:\/\/www.swissraft.ch\/de\/produkt\/oberengadin-samedan-helikopter\/"]}]},{"@type":"ImageObject","inLanguage":"de","@id":"https:\/\/www.swissraft.ch\/de\/produkt\/oberengadin-samedan-helikopter\/#primaryimage","url":"https:\/\/www.swissraft.ch\/wp-content\/uploads\/2022\/12\/1-SAMEDAN-ST.-MORITZ-Oberengadiner-Gletscher-776x776-3.jpg","contentUrl":"https:\/\/www.swissraft.ch\/wp-content\/uploads\/2022\/12\/1-SAMEDAN-ST.-MORITZ-Oberengadiner-Gletscher-776x776-3.jpg","width":776,"height":776,"caption":"Mit dem Helikopter von Samedan ins obere Engadin"},{"@type":"BreadcrumbList","@id":"https:\/\/www.swissraft.ch\/de\/produkt\/oberengadin-samedan-helikopter\/#breadcrumb","itemListElement":[{"@type":"ListItem","position":1,"name":"Accueil","item":"https:\/\/www.swissraft.ch\/de\/"},{"@type":"ListItem","position":2,"name":"Shop","item":"https:\/\/www.swissraft.ch\/de\/shop\/"},{"@type":"ListItem","position":3,"name":"Helikopterflug von SAMEDAN &#8211; OBERENGADIN &#8211; 15 Min. &#8211; CHF 190.00"}]},{"@type":"WebSite","@id":"https:\/\/www.swissraft.ch\/de\/#website","url":"https:\/\/www.swissraft.ch\/de\/","name":"Swissraft","description":"To enjoy nature as it is","publisher":{"@id":"https:\/\/www.swissraft.ch\/de\/#organization"},"potentialAction":[{"@type":"SearchAction","target":{"@type":"EntryPoint","urlTemplate":"https:\/\/www.swissraft.ch\/de\/?s={search_term_string}"},"query-input":{"@type":"PropertyValueSpecification","valueRequired":true,"valueName":"search_term_string"}}],"inLanguage":"de"},{"@type":"Organization","@id":"https:\/\/www.swissraft.ch\/de\/#organization","name":"Swissraft","url":"https:\/\/www.swissraft.ch\/de\/","logo":{"@type":"ImageObject","inLanguage":"de","@id":"https:\/\/www.swissraft.ch\/de\/#\/schema\/logo\/image\/","url":"https:\/\/www.swissraft.ch\/wp-content\/uploads\/2025\/09\/Capture.jpg","contentUrl":"https:\/\/www.swissraft.ch\/wp-content\/uploads\/2025\/09\/Capture.jpg","width":293,"height":108,"caption":"Swissraft"},"image":{"@id":"https:\/\/www.swissraft.ch\/de\/#\/schema\/logo\/image\/"}}]}},"_links":{"self":[{"href":"https:\/\/www.swissraft.ch\/de\/wp-json\/wp\/v2\/product\/91852","targetHints":{"allow":["GET"]}}],"collection":[{"href":"https:\/\/www.swissraft.ch\/de\/wp-json\/wp\/v2\/product"}],"about":[{"href":"https:\/\/www.swissraft.ch\/de\/wp-json\/wp\/v2\/types\/product"}],"replies":[{"embeddable":true,"href":"https:\/\/www.swissraft.ch\/de\/wp-json\/wp\/v2\/comments?post=91852"}],"version-history":[{"count":13,"href":"https:\/\/www.swissraft.ch\/de\/wp-json\/wp\/v2\/product\/91852\/revisions"}],"predecessor-version":[{"id":117833,"href":"https:\/\/www.swissraft.ch\/de\/wp-json\/wp\/v2\/product\/91852\/revisions\/117833"}],"wp:featuredmedia":[{"embeddable":true,"href":"https:\/\/www.swissraft.ch\/de\/wp-json\/wp\/v2\/media\/86542"}],"wp:attachment":[{"href":"https:\/\/www.swissraft.ch\/de\/wp-json\/wp\/v2\/media?parent=91852"}],"wp:term":[{"taxonomy":"product_cat","embeddable":true,"href":"https:\/\/www.swissraft.ch\/de\/wp-json\/wp\/v2\/product_cat?post=91852"},{"taxonomy":"product_tag","embeddable":true,"href":"https:\/\/www.swissraft.ch\/de\/wp-json\/wp\/v2\/product_tag?post=91852"}],"curies":[{"name":"wp","href":"https:\/\/api.w.org\/{rel}","templated":true}]}}