{"id":91851,"date":"2022-12-13T23:06:54","date_gmt":"2022-12-13T22:06:54","guid":{"rendered":"https:\/\/swissraft.xyanzkdne.eu\/product\/hubschrauberflug-von-pfaffnau-pilatus-napf-und-emmental-30-min-ab-chf-250-00\/"},"modified":"2026-04-20T00:17:58","modified_gmt":"2026-04-19T22:17:58","slug":"pfaffnau-rundflug-pilatus-napf-emmental","status":"publish","type":"product","link":"https:\/\/www.swissraft.ch\/de\/produkt\/pfaffnau-rundflug-pilatus-napf-emmental\/","title":{"rendered":"Helikopterflug &#8211; Pfaffnau &#8211; Pilatus, Napf und Emmental &#8211; 30 Min. &#8211; Ab CHF 265.00"},"content":{"rendered":"\t\t<div data-elementor-type=\"wp-post\" data-elementor-id=\"91851\" class=\"elementor elementor-91851 elementor-29752\">\n\t\t\t\t\t\t\t\t\t<section class=\"elementor-section elementor-top-section elementor-element elementor-element-3303a7e3 elementor-section-boxed elementor-section-height-default elementor-section-height-default\" data-id=\"3303a7e3\" data-element_type=\"section\">\n\t\t\t\t\t\t<div class=\"elementor-container elementor-column-gap-default\">\n\t\t\t\t\t<div class=\"elementor-column elementor-col-100 elementor-top-column elementor-element elementor-element-16d72dbf\" data-id=\"16d72dbf\" data-element_type=\"column\">\n\t\t\t<div class=\"elementor-widget-wrap elementor-element-populated\">\n\t\t\t\t\t\t\t\t<div class=\"elementor-element elementor-element-d743c03 elementor-widget elementor-widget-text-editor\" data-id=\"d743c03\" data-element_type=\"widget\" data-widget_type=\"text-editor.default\">\n\t\t\t\t<div class=\"elementor-widget-container\">\n\t\t\t\t\t\t\t<h2>W\u00c4HLEN SIE UNTEN IHRE AKTIVIT\u00c4T AUS, UM GESCHENKGUTSCHEINE \/ TICKETS ZU VERSCHENKEN ODER ZU BUCHEN<\/h2><table border=\"0\" width=\"580\" cellspacing=\"10\" cellpadding=\"10\"><tbody><tr><td width=\"50%\"><h3><strong>RUNDFLUG &#8211; PILATUS NAPF UND EMMENTAL &#8211; 30 Min.<\/strong><\/h3><\/td><td><strong>CHF 265.00 pro Person<span class=\"productPrice\"><br \/><\/span><\/strong><\/td><\/tr><tr><td>Zus\u00e4tzliche Informationen<\/td><td>&#8211; Sie werden mit anderen Passagieren zusammen sein<br \/>&#8211; Maximum 4 pers.<\/td><\/tr><tr><td>Heliport<\/td><td><a href=\"https:\/\/www.google.com\/maps\/place\/47%C2%B014'05.9%22N+7%C2%B054'34.3%22E\/@47.2351812,7.9050044,758m\/data=!3m1!1e3!4m4!3m3!8m2!3d47.2349722!4d7.9095278?entry=ttu\" target=\"_blank\" rel=\"noopener\">Pfaffnau<\/a><\/td><\/tr><tr><td>Flugzeit<\/td><td>30 Min.<\/td><\/tr><tr><td>Gesamtdauer<\/td><td>ca. 1 Std.<\/td><\/tr><tr><td>Termin<\/td><td>Per Telefon<\/td><\/tr><tr><td><button class=\"elementor-button\" type=\"button\"><a href=\"https:\/\/swissraft.outdoorbooking.ch\/fo\/products\/47?base_id=11&amp;category_id=6&amp;order_type=gift_voucher&amp;lang=de\" target=\"_blank\" rel=\"noopener\">GUTSCHEIN \/ TICKET KAUFEN<\/a><\/button><\/td><td><strong><em>WICHTIG !<\/em><\/strong><br \/><em>Um zu reservieren, rufen Sie die Nummer an, die sich oben links auf dem Gutschein \/ Ticket befindet.<\/em><\/td><\/tr><\/tbody><\/table>\t\t\t\t\t\t<\/div>\n\t\t\t\t<\/div>\n\t\t\t\t\t<\/div>\n\t\t<\/div>\n\t\t\t\t\t\t\t<\/div>\n\t\t<\/section>\n\t\t\t\t\t\t\t<\/div>\n\t\t","protected":false},"excerpt":{"rendered":"<div align=\"justify\">\n<h2 align=\"justify\">Von Pfaffnau aus ist dieser 30-min\u00fctige Flug sehr beliebt.<\/h2>\n<h3>Die Aussicht auf den Sempacher See und die Stadt Luzern ist von oben atemberaubend. Es ist ein herrliches Panorama<\/h3>\n<\/div>\n<div align=\"justify\">\n<p>Von Pfaffnau aus fliegen Sie mit unserem Helikopter zum Sempachersee. Dann entlang der Stadt Luzern bis zum Pilatus und Mittagg\u00fcpfi. Anschlie\u00dfend fahren Sie in die Gemeinde Entlebuch. Danach fliegen Sie \u00fcber das Napfgebiet, bevor Sie wieder auf dem Hubschrauberlandeplatz von Pfaffnau landen.<\/p>\n<h3>Von Pfaffnau aus bieten wir 5 Rundfl\u00fcge an, die von unseren Kunden sehr gesch\u00e4tzt werden.<\/h3>\n<p id=\"textarea\" style=\"display: none;\">\nDar\u00fcber hinaus bieten wir auch Fl\u00fcge in den Kanton Uri an, die vom Heliport Erstfeld aus starten. Aber wir fliegen auch ins Tessin von den Flugpl\u00e4tzen Locarno und Lodrino aus. Wir bieten auch Rundfl\u00fcge ab dem Flugplatz Samedan an. Dar\u00fcber hinaus bieten wir Fl\u00fcge von den Heliports Untervaz, Flims und Tavanasa in Graub\u00fcnden an. Ebenso haben wir Fl\u00fcge von Liechtenstein nach Balzers und vom Flugplatz Sitterdorf im Kanton Thurgau. Anschlie\u00dfend fliegen wir mit dem Hubschrauber vom internationalen Flughafen Z\u00fcrich-Kloten und vom internationalen Flughafen Bern-Belp ab. Aber auch vom Flugplatz Saanen und dem Heliport Gstaad-Grund im Saanenland. Au\u00dferdem starten wir immer noch im Berner Oberland von den Heliports Lenk-Simmental, Schattenhalb-Meiringen, Interlaken-Gsteigwiler und Lauterbrunnen. Au\u00dferdem haben wir Fl\u00fcge vom Flughafen Sitten und den Heliports Collombey und Gampel im Wallis. Aber auch vom Flugplatz \u00c9pagny im Greyerzerland im Kanton Freiburg. Au\u00dferdem starten wir vom Flugplatz Buttwil im Kanton Aargau. Wir fliegen auch in den Kanton Solothurn vom Flugplatz Grenchen aus. Aber auch Fl\u00fcge vom Heliport K\u00fcssnacht im Kanton Schwyz.\n<\/p>\n<p><a id=\"seeMore\" onclick=\"toggleSeeMore()\" href=\"javascript:void(0);\">Lesen Sie mehr<\/a><\/p>\n","protected":false},"featured_media":86431,"comment_status":"open","ping_status":"closed","template":"","meta":{"inline_featured_image":false,"_mi_skip_tracking":false},"product_cat":[263,265],"product_tag":[],"class_list":["post-91851","product","type-product","status-publish","has-post-thumbnail","hentry","product_cat-helikopterflug-in-der-schweiz","product_cat-helikopterflug-rundflug-pfaffnau"],"yoast_head":"<!-- This site is optimized with the Yoast SEO plugin v23.6 - https:\/\/yoast.com\/wordpress\/plugins\/seo\/ -->\n<title>Rundflug Pilatus Napf Emmental ab Pfaffnau mit dem Helikopter<\/title>\n<meta name=\"description\" content=\"Rundflug Pilatus Napf Emmental von Pfaffnau aus mit dem Helikopter auf einem 30-min\u00fctigen Flug. Sie fliegen \u00fcber den Sempacher See, die Stadt Luzern\" \/>\n<meta name=\"robots\" content=\"index, follow, max-snippet:-1, max-image-preview:large, max-video-preview:-1\" \/>\n<link rel=\"canonical\" href=\"https:\/\/www.swissraft.ch\/de\/produkt\/pfaffnau-rundflug-pilatus-napf-emmental\/\" \/>\n<meta property=\"og:locale\" content=\"de_DE\" \/>\n<meta property=\"og:type\" content=\"article\" \/>\n<meta property=\"og:title\" content=\"Rundflug Pilatus Napf Emmental ab Pfaffnau mit dem Helikopter\" \/>\n<meta property=\"og:description\" content=\"Rundflug Pilatus Napf Emmental von Pfaffnau aus mit dem Helikopter auf einem 30-min\u00fctigen Flug. Sie fliegen \u00fcber den Sempacher See, die Stadt Luzern\" \/>\n<meta property=\"og:url\" content=\"https:\/\/www.swissraft.ch\/de\/produkt\/pfaffnau-rundflug-pilatus-napf-emmental\/\" \/>\n<meta property=\"og:site_name\" content=\"Swissraft\" \/>\n<meta property=\"article:modified_time\" content=\"2026-04-19T22:17:58+00:00\" \/>\n<meta property=\"og:image\" content=\"https:\/\/www.swissraft.ch\/wp-content\/uploads\/2022\/12\/1-PFAFFNAU-Pilatus-776x776-1.jpg\" \/>\n\t<meta property=\"og:image:width\" content=\"776\" \/>\n\t<meta property=\"og:image:height\" content=\"776\" \/>\n\t<meta property=\"og:image:type\" content=\"image\/jpeg\" \/>\n<meta name=\"twitter:card\" content=\"summary_large_image\" \/>\n<meta name=\"twitter:label1\" content=\"Gesch\u00e4tzte Lesezeit\" \/>\n\t<meta name=\"twitter:data1\" content=\"1\u00a0Minute\" \/>\n<script type=\"application\/ld+json\" class=\"yoast-schema-graph\">{\"@context\":\"https:\/\/schema.org\",\"@graph\":[{\"@type\":\"WebPage\",\"@id\":\"https:\/\/www.swissraft.ch\/de\/produkt\/pfaffnau-rundflug-pilatus-napf-emmental\/\",\"url\":\"https:\/\/www.swissraft.ch\/de\/produkt\/pfaffnau-rundflug-pilatus-napf-emmental\/\",\"name\":\"Rundflug Pilatus Napf Emmental ab Pfaffnau mit dem Helikopter\",\"isPartOf\":{\"@id\":\"https:\/\/www.swissraft.ch\/de\/#website\"},\"primaryImageOfPage\":{\"@id\":\"https:\/\/www.swissraft.ch\/de\/produkt\/pfaffnau-rundflug-pilatus-napf-emmental\/#primaryimage\"},\"image\":{\"@id\":\"https:\/\/www.swissraft.ch\/de\/produkt\/pfaffnau-rundflug-pilatus-napf-emmental\/#primaryimage\"},\"thumbnailUrl\":\"https:\/\/www.swissraft.ch\/wp-content\/uploads\/2022\/12\/1-PFAFFNAU-Pilatus-776x776-1.jpg\",\"datePublished\":\"2022-12-13T22:06:54+00:00\",\"dateModified\":\"2026-04-19T22:17:58+00:00\",\"description\":\"Rundflug Pilatus Napf Emmental von Pfaffnau aus mit dem Helikopter auf einem 30-min\u00fctigen Flug. Sie fliegen \u00fcber den Sempacher See, die Stadt Luzern\",\"breadcrumb\":{\"@id\":\"https:\/\/www.swissraft.ch\/de\/produkt\/pfaffnau-rundflug-pilatus-napf-emmental\/#breadcrumb\"},\"inLanguage\":\"de\",\"potentialAction\":[{\"@type\":\"ReadAction\",\"target\":[\"https:\/\/www.swissraft.ch\/de\/produkt\/pfaffnau-rundflug-pilatus-napf-emmental\/\"]}]},{\"@type\":\"ImageObject\",\"inLanguage\":\"de\",\"@id\":\"https:\/\/www.swissraft.ch\/de\/produkt\/pfaffnau-rundflug-pilatus-napf-emmental\/#primaryimage\",\"url\":\"https:\/\/www.swissraft.ch\/wp-content\/uploads\/2022\/12\/1-PFAFFNAU-Pilatus-776x776-1.jpg\",\"contentUrl\":\"https:\/\/www.swissraft.ch\/wp-content\/uploads\/2022\/12\/1-PFAFFNAU-Pilatus-776x776-1.jpg\",\"width\":776,\"height\":776,\"caption\":\"Pilatus, Napf und Emmental von Pfaffnau aus mit dem Helikopter\"},{\"@type\":\"BreadcrumbList\",\"@id\":\"https:\/\/www.swissraft.ch\/de\/produkt\/pfaffnau-rundflug-pilatus-napf-emmental\/#breadcrumb\",\"itemListElement\":[{\"@type\":\"ListItem\",\"position\":1,\"name\":\"Accueil\",\"item\":\"https:\/\/www.swissraft.ch\/de\/\"},{\"@type\":\"ListItem\",\"position\":2,\"name\":\"Shop\",\"item\":\"https:\/\/www.swissraft.ch\/de\/shop\/\"},{\"@type\":\"ListItem\",\"position\":3,\"name\":\"Helikopterflug &#8211; Pfaffnau &#8211; Pilatus, Napf und Emmental &#8211; 30 Min. &#8211; Ab CHF 265.00\"}]},{\"@type\":\"WebSite\",\"@id\":\"https:\/\/www.swissraft.ch\/de\/#website\",\"url\":\"https:\/\/www.swissraft.ch\/de\/\",\"name\":\"Swissraft\",\"description\":\"To enjoy nature as it is\",\"publisher\":{\"@id\":\"https:\/\/www.swissraft.ch\/de\/#organization\"},\"potentialAction\":[{\"@type\":\"SearchAction\",\"target\":{\"@type\":\"EntryPoint\",\"urlTemplate\":\"https:\/\/www.swissraft.ch\/de\/?s={search_term_string}\"},\"query-input\":{\"@type\":\"PropertyValueSpecification\",\"valueRequired\":true,\"valueName\":\"search_term_string\"}}],\"inLanguage\":\"de\"},{\"@type\":\"Organization\",\"@id\":\"https:\/\/www.swissraft.ch\/de\/#organization\",\"name\":\"Swissraft\",\"url\":\"https:\/\/www.swissraft.ch\/de\/\",\"logo\":{\"@type\":\"ImageObject\",\"inLanguage\":\"de\",\"@id\":\"https:\/\/www.swissraft.ch\/de\/#\/schema\/logo\/image\/\",\"url\":\"https:\/\/www.swissraft.ch\/wp-content\/uploads\/2025\/09\/Capture.jpg\",\"contentUrl\":\"https:\/\/www.swissraft.ch\/wp-content\/uploads\/2025\/09\/Capture.jpg\",\"width\":293,\"height\":108,\"caption\":\"Swissraft\"},\"image\":{\"@id\":\"https:\/\/www.swissraft.ch\/de\/#\/schema\/logo\/image\/\"}}]}<\/script>\n<!-- \/ Yoast SEO plugin. -->","yoast_head_json":{"title":"Rundflug Pilatus Napf Emmental ab Pfaffnau mit dem Helikopter","description":"Rundflug Pilatus Napf Emmental von Pfaffnau aus mit dem Helikopter auf einem 30-min\u00fctigen Flug. Sie fliegen \u00fcber den Sempacher See, die Stadt Luzern","robots":{"index":"index","follow":"follow","max-snippet":"max-snippet:-1","max-image-preview":"max-image-preview:large","max-video-preview":"max-video-preview:-1"},"canonical":"https:\/\/www.swissraft.ch\/de\/produkt\/pfaffnau-rundflug-pilatus-napf-emmental\/","og_locale":"de_DE","og_type":"article","og_title":"Rundflug Pilatus Napf Emmental ab Pfaffnau mit dem Helikopter","og_description":"Rundflug Pilatus Napf Emmental von Pfaffnau aus mit dem Helikopter auf einem 30-min\u00fctigen Flug. Sie fliegen \u00fcber den Sempacher See, die Stadt Luzern","og_url":"https:\/\/www.swissraft.ch\/de\/produkt\/pfaffnau-rundflug-pilatus-napf-emmental\/","og_site_name":"Swissraft","article_modified_time":"2026-04-19T22:17:58+00:00","og_image":[{"width":776,"height":776,"url":"https:\/\/www.swissraft.ch\/wp-content\/uploads\/2022\/12\/1-PFAFFNAU-Pilatus-776x776-1.jpg","type":"image\/jpeg"}],"twitter_card":"summary_large_image","twitter_misc":{"Gesch\u00e4tzte Lesezeit":"1\u00a0Minute"},"schema":{"@context":"https:\/\/schema.org","@graph":[{"@type":"WebPage","@id":"https:\/\/www.swissraft.ch\/de\/produkt\/pfaffnau-rundflug-pilatus-napf-emmental\/","url":"https:\/\/www.swissraft.ch\/de\/produkt\/pfaffnau-rundflug-pilatus-napf-emmental\/","name":"Rundflug Pilatus Napf Emmental ab Pfaffnau mit dem Helikopter","isPartOf":{"@id":"https:\/\/www.swissraft.ch\/de\/#website"},"primaryImageOfPage":{"@id":"https:\/\/www.swissraft.ch\/de\/produkt\/pfaffnau-rundflug-pilatus-napf-emmental\/#primaryimage"},"image":{"@id":"https:\/\/www.swissraft.ch\/de\/produkt\/pfaffnau-rundflug-pilatus-napf-emmental\/#primaryimage"},"thumbnailUrl":"https:\/\/www.swissraft.ch\/wp-content\/uploads\/2022\/12\/1-PFAFFNAU-Pilatus-776x776-1.jpg","datePublished":"2022-12-13T22:06:54+00:00","dateModified":"2026-04-19T22:17:58+00:00","description":"Rundflug Pilatus Napf Emmental von Pfaffnau aus mit dem Helikopter auf einem 30-min\u00fctigen Flug. Sie fliegen \u00fcber den Sempacher See, die Stadt Luzern","breadcrumb":{"@id":"https:\/\/www.swissraft.ch\/de\/produkt\/pfaffnau-rundflug-pilatus-napf-emmental\/#breadcrumb"},"inLanguage":"de","potentialAction":[{"@type":"ReadAction","target":["https:\/\/www.swissraft.ch\/de\/produkt\/pfaffnau-rundflug-pilatus-napf-emmental\/"]}]},{"@type":"ImageObject","inLanguage":"de","@id":"https:\/\/www.swissraft.ch\/de\/produkt\/pfaffnau-rundflug-pilatus-napf-emmental\/#primaryimage","url":"https:\/\/www.swissraft.ch\/wp-content\/uploads\/2022\/12\/1-PFAFFNAU-Pilatus-776x776-1.jpg","contentUrl":"https:\/\/www.swissraft.ch\/wp-content\/uploads\/2022\/12\/1-PFAFFNAU-Pilatus-776x776-1.jpg","width":776,"height":776,"caption":"Pilatus, Napf und Emmental von Pfaffnau aus mit dem Helikopter"},{"@type":"BreadcrumbList","@id":"https:\/\/www.swissraft.ch\/de\/produkt\/pfaffnau-rundflug-pilatus-napf-emmental\/#breadcrumb","itemListElement":[{"@type":"ListItem","position":1,"name":"Accueil","item":"https:\/\/www.swissraft.ch\/de\/"},{"@type":"ListItem","position":2,"name":"Shop","item":"https:\/\/www.swissraft.ch\/de\/shop\/"},{"@type":"ListItem","position":3,"name":"Helikopterflug &#8211; Pfaffnau &#8211; Pilatus, Napf und Emmental &#8211; 30 Min. &#8211; Ab CHF 265.00"}]},{"@type":"WebSite","@id":"https:\/\/www.swissraft.ch\/de\/#website","url":"https:\/\/www.swissraft.ch\/de\/","name":"Swissraft","description":"To enjoy nature as it is","publisher":{"@id":"https:\/\/www.swissraft.ch\/de\/#organization"},"potentialAction":[{"@type":"SearchAction","target":{"@type":"EntryPoint","urlTemplate":"https:\/\/www.swissraft.ch\/de\/?s={search_term_string}"},"query-input":{"@type":"PropertyValueSpecification","valueRequired":true,"valueName":"search_term_string"}}],"inLanguage":"de"},{"@type":"Organization","@id":"https:\/\/www.swissraft.ch\/de\/#organization","name":"Swissraft","url":"https:\/\/www.swissraft.ch\/de\/","logo":{"@type":"ImageObject","inLanguage":"de","@id":"https:\/\/www.swissraft.ch\/de\/#\/schema\/logo\/image\/","url":"https:\/\/www.swissraft.ch\/wp-content\/uploads\/2025\/09\/Capture.jpg","contentUrl":"https:\/\/www.swissraft.ch\/wp-content\/uploads\/2025\/09\/Capture.jpg","width":293,"height":108,"caption":"Swissraft"},"image":{"@id":"https:\/\/www.swissraft.ch\/de\/#\/schema\/logo\/image\/"}}]}},"_links":{"self":[{"href":"https:\/\/www.swissraft.ch\/de\/wp-json\/wp\/v2\/product\/91851","targetHints":{"allow":["GET"]}}],"collection":[{"href":"https:\/\/www.swissraft.ch\/de\/wp-json\/wp\/v2\/product"}],"about":[{"href":"https:\/\/www.swissraft.ch\/de\/wp-json\/wp\/v2\/types\/product"}],"replies":[{"embeddable":true,"href":"https:\/\/www.swissraft.ch\/de\/wp-json\/wp\/v2\/comments?post=91851"}],"version-history":[{"count":13,"href":"https:\/\/www.swissraft.ch\/de\/wp-json\/wp\/v2\/product\/91851\/revisions"}],"predecessor-version":[{"id":141241,"href":"https:\/\/www.swissraft.ch\/de\/wp-json\/wp\/v2\/product\/91851\/revisions\/141241"}],"wp:featuredmedia":[{"embeddable":true,"href":"https:\/\/www.swissraft.ch\/de\/wp-json\/wp\/v2\/media\/86431"}],"wp:attachment":[{"href":"https:\/\/www.swissraft.ch\/de\/wp-json\/wp\/v2\/media?parent=91851"}],"wp:term":[{"taxonomy":"product_cat","embeddable":true,"href":"https:\/\/www.swissraft.ch\/de\/wp-json\/wp\/v2\/product_cat?post=91851"},{"taxonomy":"product_tag","embeddable":true,"href":"https:\/\/www.swissraft.ch\/de\/wp-json\/wp\/v2\/product_tag?post=91851"}],"curies":[{"name":"wp","href":"https:\/\/api.w.org\/{rel}","templated":true}]}}