{"id":91848,"date":"2022-12-11T14:49:52","date_gmt":"2022-12-11T13:49:52","guid":{"rendered":"https:\/\/swissraft.xyanzkdne.eu\/product\/helikopterflug-ab-epagny-grands-ducs-tournee-130-minuten-chf-6240-00\/"},"modified":"2026-02-05T05:03:24","modified_gmt":"2026-02-05T04:03:24","slug":"helikopterflug-epagny-grands-ducs-rundflug","status":"publish","type":"product","link":"https:\/\/www.swissraft.ch\/de\/produkt\/helikopterflug-epagny-grands-ducs-rundflug\/","title":{"rendered":"Helikopterflug von \u00c9PAGNY &#8211; GRANDS DUCS TOURN\u00c9E &#8211; 130 Min. &#8211; CHF 6&#8217;260.00"},"content":{"rendered":"\t\t<div data-elementor-type=\"wp-post\" data-elementor-id=\"91848\" class=\"elementor elementor-91848 elementor-29604\">\n\t\t\t\t\t\t\t\t\t<section class=\"elementor-section elementor-top-section elementor-element elementor-element-3303a7e3 elementor-section-boxed elementor-section-height-default elementor-section-height-default\" data-id=\"3303a7e3\" data-element_type=\"section\">\n\t\t\t\t\t\t<div class=\"elementor-container elementor-column-gap-default\">\n\t\t\t\t\t<div class=\"elementor-column elementor-col-100 elementor-top-column elementor-element elementor-element-16d72dbf\" data-id=\"16d72dbf\" data-element_type=\"column\">\n\t\t\t<div class=\"elementor-widget-wrap elementor-element-populated\">\n\t\t\t\t\t\t\t\t<div class=\"elementor-element elementor-element-d743c03 elementor-widget elementor-widget-text-editor\" data-id=\"d743c03\" data-element_type=\"widget\" data-widget_type=\"text-editor.default\">\n\t\t\t\t<div class=\"elementor-widget-container\">\n\t\t\t\t\t\t\t<h2>W\u00c4HLEN SIE UNTEN IHRE AKTIVIT\u00c4T AUS, UM GESCHENKGUTSCHEINE \/ TICKETS ZU VERSCHENKEN ODER ZU BUCHEN.<\/h2><table border=\"0\" width=\"580\" cellspacing=\"10\" cellpadding=\"10\"><tbody><tr><td width=\"50%\"><strong>GRANDS DUCS RUNDFLUG &#8211; PRIVATFLUG (1-5 pax) &#8211; 130 Min.<\/strong><\/td><td><strong>CHF 6&#8217;260.00 pro Privatflug<span class=\"productPrice\"><br \/><\/span><\/strong><\/td><\/tr><tr><td>Weitere Informationen<\/td><td>&#8211; Sie haben den Helikopter ausschlie\u00dflich f\u00fcr sich<br \/>&#8211; Sie bestimmen das Datum und die Uhrzeit des Abflugs<br \/>&#8211; Maximal 5 Pers.<\/td><\/tr><tr><td>Flugplatz<\/td><td><a href=\"https:\/\/www.google.com\/maps\/place\/A%C3%A9rodrome+de+la+Gruy%C3%A8re\/@46.5952055,7.0843047,1551m\/data=!3m1!1e3!4m6!3m5!1s0x478e89f722c3d039:0xd4423e0e6ea8594d!8m2!3d46.5948613!4d7.0933586!16s%2Fg%2F120t9782?entry=ttu\" target=\"_blank\" rel=\"noopener\">\u00c9pagny<\/a><\/td><\/tr><tr><td>Flugzeit<\/td><td>130 Min.<\/td><\/tr><tr><td>Gesamtdauer<\/td><td>ca. 2,5 Std.<\/td><\/tr><tr><td>Termin<\/td><td>Per Telefon<\/td><\/tr><tr><td><button class=\"elementor-button\" type=\"button\"><a href=\"https:\/\/swissraft.outdoorbooking.ch\/fo\/products\/513?base_id=124&amp;category_id=6&amp;order_type=gift_voucher&amp;lang=de\" target=\"_blank\" rel=\"noopener\">GUTSCHEIN \/ TICKET KAUFEN<\/a><\/button><\/td><td><strong><em>WICHTIG !<\/em><\/strong><br \/><em>Um zu reservieren, rufen Sie die Nummer an, die sich oben links auf dem Gutschein \/ Ticket befindet.<\/em><\/td><\/tr><\/tbody><\/table>\t\t\t\t\t\t<\/div>\n\t\t\t\t<\/div>\n\t\t\t\t\t<\/div>\n\t\t<\/div>\n\t\t\t\t\t\t\t<\/div>\n\t\t<\/section>\n\t\t\t\t\t\t\t<\/div>\n\t\t","protected":false},"excerpt":{"rendered":"<div align=\"justify\">\n<h2 align=\"justify\">Von \u00c9pagny aus starten Sie zu einem 130-min\u00fctigen, atemberaubenden Flug. Sie fliegen zum Mont Blanc, dem Dach Europas.<\/h2>\n<h3>Die Schweizer und franz\u00f6sischen Alpen zeigen sich Ihnen auf diesem Helikopterflug in ihrer ganzen Pracht.<\/h3>\n<\/div>\n<div align=\"justify\">\n<p>Von \u00c9pagny im Greyerzerland aus fahren Sie durch die Freiburger und Waadtl\u00e4nder Voralpen in Richtung des Ferienortes Verbier. Ihr Flug f\u00fchrt Sie praktisch entlang der Walliser Kantonsgrenze. Sie fliegen \u00fcber den Grand Combin (4314 m) und den Mont Blanc de Cheillon (3870 m). Dann die Dent Blanche (4358 m), das Matterhorn (4478 m), das Dorf Zermatt. Dann Monte Rosa (4634 m), der neunth\u00f6chste Gipfel Europas, Saas-Fee, der Simplonpass. Der Flug geht weiter in Richtung Conche-Tal, Rhonegletscher, Grimsel-Pass. Sie sehen das Finsteraarhorn (4274 m), den Eiger (3967 m), M\u00f6nch (4110 m), die Jungfrau (4158 m) und den Aletschgletscher. Aber auch das Bietschhorn (3934 m), der See von Oeschinen, der Wildstrubel (3244 m), Adelboden, die Gastlosen und Charmey. Nach diesem fantastischen Rundflug landen Sie wieder auf dem Flugplatz von Epagny. Auf Wunsch organisieren wir einen Aperitif auf einem Gletscher oder ein Essen im Refuge du Cervin (italienische K\u00fcche). Es besteht auch die M\u00f6glichkeit, auf dem Jungfraujoch zu landen, um den Eispalast zu besuchen und eine Mahlzeit zu sich zu nehmen.<\/p>\n<h3>Swissraft freut sich, Ihnen auf seiner Website mehr als 150 Helikopterfl\u00fcge pr\u00e4sentieren zu k\u00f6nnen.<\/h3>\n<p id=\"textarea\" style=\"display: none;\">\nWir bieten Rundfl\u00fcge vom Flughafen Sion im Wallis und den Heliports Gampel und Collombey an. Dar\u00fcber hinaus bieten wir Helikopterrundfl\u00fcge ab dem Heliport Interlaken-Gsteigwiler an. Ebenso starten wir vom Heliport Gstaad-Grund und vom Flugplatz Saanen im Saanenland. Sowie Lauterbrunnen, Lenk-Simmental und Schattenhalb-Meiringen ebenfalls im Berner Oberland. Au\u00dferdem bieten wir Helikopterrundfl\u00fcge ab dem internationalen Flughafen Bern-Belp an. Au\u00dferdem fliegen wir im Kanton Solothurn vom Flughafen Grenchen ab. \u00dcbrigens fliegen wir auch mit dem Helikopter vom internationalen Flughafen Z\u00fcrich-Kloten ab. Gleichzeitig haben wir Fl\u00fcge vom Heliport Pfaffnau im Kanton Luzern aus. Aber auch Hubschrauberrundfl\u00fcge im Kanton Uri, die vom Heliport Erstfeld aus starten. sowie Rundreisen ab K\u00fcssnacht im Kanton Schwyz. Au\u00dferdem starten wir im Kanton Aargau vom Flugplatz Buttwil aus. Dann haben wir Rundfl\u00fcge im Tessin von den Flugh\u00e4fen Locarno und Lodrino aus. Au\u00dferdem starten wir das ganze Jahr \u00fcber vom Flugplatz Samedan aus. Au\u00dferdem bieten wir in Graub\u00fcnden immer noch Rundfl\u00fcge von den Heliports in Flims, Tavanasa und Untervaz an. F\u00fcr Liechtenstein bieten wir Hubschrauberfl\u00fcge ab Balzers und ab dem Flugplatz Sitterdorf im Thurgau an.\n<\/p>\n<p><a id=\"seeMore\" onclick=\"toggleSeeMore()\" href=\"javascript:void(0);\">Lesen Sie mehr<\/a><\/p>\n","protected":false},"featured_media":87514,"comment_status":"open","ping_status":"closed","template":"","meta":{"inline_featured_image":false,"_mi_skip_tracking":false},"product_cat":[263,315],"product_tag":[],"class_list":["post-91848","product","type-product","status-publish","has-post-thumbnail","hentry","product_cat-helikopterflug-in-der-schweiz","product_cat-helikopterrundflug-epagny"],"yoast_head":"<!-- This site is optimized with the Yoast SEO plugin v23.6 - https:\/\/yoast.com\/wordpress\/plugins\/seo\/ -->\n<title>Grands Ducs Rundflug von \u00c9pagny aus<\/title>\n<meta name=\"description\" content=\"Grands Ducs Rundflug. Ein 130-min\u00fctiger Helikopterflug von \u00c9pagny aus \u00fcber die Grands Ducs. Sie fliegen \u00fcber die 4000er des Alpenbogens\" \/>\n<meta name=\"robots\" content=\"index, follow, max-snippet:-1, max-image-preview:large, max-video-preview:-1\" \/>\n<link rel=\"canonical\" href=\"https:\/\/www.swissraft.ch\/de\/produkt\/helikopterflug-epagny-grands-ducs-rundflug\/\" \/>\n<meta property=\"og:locale\" content=\"de_DE\" \/>\n<meta property=\"og:type\" content=\"article\" \/>\n<meta property=\"og:title\" content=\"Grands Ducs Rundflug von \u00c9pagny aus\" \/>\n<meta property=\"og:description\" content=\"Grands Ducs Rundflug. Ein 130-min\u00fctiger Helikopterflug von \u00c9pagny aus \u00fcber die Grands Ducs. Sie fliegen \u00fcber die 4000er des Alpenbogens\" \/>\n<meta property=\"og:url\" content=\"https:\/\/www.swissraft.ch\/de\/produkt\/helikopterflug-epagny-grands-ducs-rundflug\/\" \/>\n<meta property=\"og:site_name\" content=\"Swissraft\" \/>\n<meta property=\"article:modified_time\" content=\"2026-02-05T04:03:24+00:00\" \/>\n<meta property=\"og:image\" content=\"https:\/\/www.swissraft.ch\/wp-content\/uploads\/2022\/12\/10-EPAGNY-Rundflug-des-Grands-Ducs-776x776-2.jpg\" \/>\n\t<meta property=\"og:image:width\" content=\"776\" \/>\n\t<meta property=\"og:image:height\" content=\"776\" \/>\n\t<meta property=\"og:image:type\" content=\"image\/jpeg\" \/>\n<meta name=\"twitter:card\" content=\"summary_large_image\" \/>\n<meta name=\"twitter:label1\" content=\"Gesch\u00e4tzte Lesezeit\" \/>\n\t<meta name=\"twitter:data1\" content=\"1\u00a0Minute\" \/>\n<script type=\"application\/ld+json\" class=\"yoast-schema-graph\">{\"@context\":\"https:\/\/schema.org\",\"@graph\":[{\"@type\":\"WebPage\",\"@id\":\"https:\/\/www.swissraft.ch\/de\/produkt\/helikopterflug-epagny-grands-ducs-rundflug\/\",\"url\":\"https:\/\/www.swissraft.ch\/de\/produkt\/helikopterflug-epagny-grands-ducs-rundflug\/\",\"name\":\"Grands Ducs Rundflug von \u00c9pagny aus\",\"isPartOf\":{\"@id\":\"https:\/\/www.swissraft.ch\/de\/#website\"},\"primaryImageOfPage\":{\"@id\":\"https:\/\/www.swissraft.ch\/de\/produkt\/helikopterflug-epagny-grands-ducs-rundflug\/#primaryimage\"},\"image\":{\"@id\":\"https:\/\/www.swissraft.ch\/de\/produkt\/helikopterflug-epagny-grands-ducs-rundflug\/#primaryimage\"},\"thumbnailUrl\":\"https:\/\/www.swissraft.ch\/wp-content\/uploads\/2022\/12\/10-EPAGNY-Rundflug-des-Grands-Ducs-776x776-2.jpg\",\"datePublished\":\"2022-12-11T13:49:52+00:00\",\"dateModified\":\"2026-02-05T04:03:24+00:00\",\"description\":\"Grands Ducs Rundflug. Ein 130-min\u00fctiger Helikopterflug von \u00c9pagny aus \u00fcber die Grands Ducs. Sie fliegen \u00fcber die 4000er des Alpenbogens\",\"breadcrumb\":{\"@id\":\"https:\/\/www.swissraft.ch\/de\/produkt\/helikopterflug-epagny-grands-ducs-rundflug\/#breadcrumb\"},\"inLanguage\":\"de\",\"potentialAction\":[{\"@type\":\"ReadAction\",\"target\":[\"https:\/\/www.swissraft.ch\/de\/produkt\/helikopterflug-epagny-grands-ducs-rundflug\/\"]}]},{\"@type\":\"ImageObject\",\"inLanguage\":\"de\",\"@id\":\"https:\/\/www.swissraft.ch\/de\/produkt\/helikopterflug-epagny-grands-ducs-rundflug\/#primaryimage\",\"url\":\"https:\/\/www.swissraft.ch\/wp-content\/uploads\/2022\/12\/10-EPAGNY-Rundflug-des-Grands-Ducs-776x776-2.jpg\",\"contentUrl\":\"https:\/\/www.swissraft.ch\/wp-content\/uploads\/2022\/12\/10-EPAGNY-Rundflug-des-Grands-Ducs-776x776-2.jpg\",\"width\":776,\"height\":776,\"caption\":\"Grand Ducs Hubschrauberrundflug von \u00c9pagny aus\"},{\"@type\":\"BreadcrumbList\",\"@id\":\"https:\/\/www.swissraft.ch\/de\/produkt\/helikopterflug-epagny-grands-ducs-rundflug\/#breadcrumb\",\"itemListElement\":[{\"@type\":\"ListItem\",\"position\":1,\"name\":\"Accueil\",\"item\":\"https:\/\/www.swissraft.ch\/de\/\"},{\"@type\":\"ListItem\",\"position\":2,\"name\":\"Shop\",\"item\":\"https:\/\/www.swissraft.ch\/de\/shop\/\"},{\"@type\":\"ListItem\",\"position\":3,\"name\":\"Helikopterflug von \u00c9PAGNY &#8211; GRANDS DUCS TOURN\u00c9E &#8211; 130 Min. &#8211; CHF 6&rsquo;260.00\"}]},{\"@type\":\"WebSite\",\"@id\":\"https:\/\/www.swissraft.ch\/de\/#website\",\"url\":\"https:\/\/www.swissraft.ch\/de\/\",\"name\":\"Swissraft\",\"description\":\"To enjoy nature as it is\",\"publisher\":{\"@id\":\"https:\/\/www.swissraft.ch\/de\/#organization\"},\"potentialAction\":[{\"@type\":\"SearchAction\",\"target\":{\"@type\":\"EntryPoint\",\"urlTemplate\":\"https:\/\/www.swissraft.ch\/de\/?s={search_term_string}\"},\"query-input\":{\"@type\":\"PropertyValueSpecification\",\"valueRequired\":true,\"valueName\":\"search_term_string\"}}],\"inLanguage\":\"de\"},{\"@type\":\"Organization\",\"@id\":\"https:\/\/www.swissraft.ch\/de\/#organization\",\"name\":\"Swissraft\",\"url\":\"https:\/\/www.swissraft.ch\/de\/\",\"logo\":{\"@type\":\"ImageObject\",\"inLanguage\":\"de\",\"@id\":\"https:\/\/www.swissraft.ch\/de\/#\/schema\/logo\/image\/\",\"url\":\"https:\/\/www.swissraft.ch\/wp-content\/uploads\/2025\/09\/Capture.jpg\",\"contentUrl\":\"https:\/\/www.swissraft.ch\/wp-content\/uploads\/2025\/09\/Capture.jpg\",\"width\":293,\"height\":108,\"caption\":\"Swissraft\"},\"image\":{\"@id\":\"https:\/\/www.swissraft.ch\/de\/#\/schema\/logo\/image\/\"}}]}<\/script>\n<!-- \/ Yoast SEO plugin. -->","yoast_head_json":{"title":"Grands Ducs Rundflug von \u00c9pagny aus","description":"Grands Ducs Rundflug. Ein 130-min\u00fctiger Helikopterflug von \u00c9pagny aus \u00fcber die Grands Ducs. Sie fliegen \u00fcber die 4000er des Alpenbogens","robots":{"index":"index","follow":"follow","max-snippet":"max-snippet:-1","max-image-preview":"max-image-preview:large","max-video-preview":"max-video-preview:-1"},"canonical":"https:\/\/www.swissraft.ch\/de\/produkt\/helikopterflug-epagny-grands-ducs-rundflug\/","og_locale":"de_DE","og_type":"article","og_title":"Grands Ducs Rundflug von \u00c9pagny aus","og_description":"Grands Ducs Rundflug. Ein 130-min\u00fctiger Helikopterflug von \u00c9pagny aus \u00fcber die Grands Ducs. Sie fliegen \u00fcber die 4000er des Alpenbogens","og_url":"https:\/\/www.swissraft.ch\/de\/produkt\/helikopterflug-epagny-grands-ducs-rundflug\/","og_site_name":"Swissraft","article_modified_time":"2026-02-05T04:03:24+00:00","og_image":[{"width":776,"height":776,"url":"https:\/\/www.swissraft.ch\/wp-content\/uploads\/2022\/12\/10-EPAGNY-Rundflug-des-Grands-Ducs-776x776-2.jpg","type":"image\/jpeg"}],"twitter_card":"summary_large_image","twitter_misc":{"Gesch\u00e4tzte Lesezeit":"1\u00a0Minute"},"schema":{"@context":"https:\/\/schema.org","@graph":[{"@type":"WebPage","@id":"https:\/\/www.swissraft.ch\/de\/produkt\/helikopterflug-epagny-grands-ducs-rundflug\/","url":"https:\/\/www.swissraft.ch\/de\/produkt\/helikopterflug-epagny-grands-ducs-rundflug\/","name":"Grands Ducs Rundflug von \u00c9pagny aus","isPartOf":{"@id":"https:\/\/www.swissraft.ch\/de\/#website"},"primaryImageOfPage":{"@id":"https:\/\/www.swissraft.ch\/de\/produkt\/helikopterflug-epagny-grands-ducs-rundflug\/#primaryimage"},"image":{"@id":"https:\/\/www.swissraft.ch\/de\/produkt\/helikopterflug-epagny-grands-ducs-rundflug\/#primaryimage"},"thumbnailUrl":"https:\/\/www.swissraft.ch\/wp-content\/uploads\/2022\/12\/10-EPAGNY-Rundflug-des-Grands-Ducs-776x776-2.jpg","datePublished":"2022-12-11T13:49:52+00:00","dateModified":"2026-02-05T04:03:24+00:00","description":"Grands Ducs Rundflug. Ein 130-min\u00fctiger Helikopterflug von \u00c9pagny aus \u00fcber die Grands Ducs. Sie fliegen \u00fcber die 4000er des Alpenbogens","breadcrumb":{"@id":"https:\/\/www.swissraft.ch\/de\/produkt\/helikopterflug-epagny-grands-ducs-rundflug\/#breadcrumb"},"inLanguage":"de","potentialAction":[{"@type":"ReadAction","target":["https:\/\/www.swissraft.ch\/de\/produkt\/helikopterflug-epagny-grands-ducs-rundflug\/"]}]},{"@type":"ImageObject","inLanguage":"de","@id":"https:\/\/www.swissraft.ch\/de\/produkt\/helikopterflug-epagny-grands-ducs-rundflug\/#primaryimage","url":"https:\/\/www.swissraft.ch\/wp-content\/uploads\/2022\/12\/10-EPAGNY-Rundflug-des-Grands-Ducs-776x776-2.jpg","contentUrl":"https:\/\/www.swissraft.ch\/wp-content\/uploads\/2022\/12\/10-EPAGNY-Rundflug-des-Grands-Ducs-776x776-2.jpg","width":776,"height":776,"caption":"Grand Ducs Hubschrauberrundflug von \u00c9pagny aus"},{"@type":"BreadcrumbList","@id":"https:\/\/www.swissraft.ch\/de\/produkt\/helikopterflug-epagny-grands-ducs-rundflug\/#breadcrumb","itemListElement":[{"@type":"ListItem","position":1,"name":"Accueil","item":"https:\/\/www.swissraft.ch\/de\/"},{"@type":"ListItem","position":2,"name":"Shop","item":"https:\/\/www.swissraft.ch\/de\/shop\/"},{"@type":"ListItem","position":3,"name":"Helikopterflug von \u00c9PAGNY &#8211; GRANDS DUCS TOURN\u00c9E &#8211; 130 Min. &#8211; CHF 6&rsquo;260.00"}]},{"@type":"WebSite","@id":"https:\/\/www.swissraft.ch\/de\/#website","url":"https:\/\/www.swissraft.ch\/de\/","name":"Swissraft","description":"To enjoy nature as it is","publisher":{"@id":"https:\/\/www.swissraft.ch\/de\/#organization"},"potentialAction":[{"@type":"SearchAction","target":{"@type":"EntryPoint","urlTemplate":"https:\/\/www.swissraft.ch\/de\/?s={search_term_string}"},"query-input":{"@type":"PropertyValueSpecification","valueRequired":true,"valueName":"search_term_string"}}],"inLanguage":"de"},{"@type":"Organization","@id":"https:\/\/www.swissraft.ch\/de\/#organization","name":"Swissraft","url":"https:\/\/www.swissraft.ch\/de\/","logo":{"@type":"ImageObject","inLanguage":"de","@id":"https:\/\/www.swissraft.ch\/de\/#\/schema\/logo\/image\/","url":"https:\/\/www.swissraft.ch\/wp-content\/uploads\/2025\/09\/Capture.jpg","contentUrl":"https:\/\/www.swissraft.ch\/wp-content\/uploads\/2025\/09\/Capture.jpg","width":293,"height":108,"caption":"Swissraft"},"image":{"@id":"https:\/\/www.swissraft.ch\/de\/#\/schema\/logo\/image\/"}}]}},"_links":{"self":[{"href":"https:\/\/www.swissraft.ch\/de\/wp-json\/wp\/v2\/product\/91848","targetHints":{"allow":["GET"]}}],"collection":[{"href":"https:\/\/www.swissraft.ch\/de\/wp-json\/wp\/v2\/product"}],"about":[{"href":"https:\/\/www.swissraft.ch\/de\/wp-json\/wp\/v2\/types\/product"}],"replies":[{"embeddable":true,"href":"https:\/\/www.swissraft.ch\/de\/wp-json\/wp\/v2\/comments?post=91848"}],"version-history":[{"count":15,"href":"https:\/\/www.swissraft.ch\/de\/wp-json\/wp\/v2\/product\/91848\/revisions"}],"predecessor-version":[{"id":129324,"href":"https:\/\/www.swissraft.ch\/de\/wp-json\/wp\/v2\/product\/91848\/revisions\/129324"}],"wp:featuredmedia":[{"embeddable":true,"href":"https:\/\/www.swissraft.ch\/de\/wp-json\/wp\/v2\/media\/87514"}],"wp:attachment":[{"href":"https:\/\/www.swissraft.ch\/de\/wp-json\/wp\/v2\/media?parent=91848"}],"wp:term":[{"taxonomy":"product_cat","embeddable":true,"href":"https:\/\/www.swissraft.ch\/de\/wp-json\/wp\/v2\/product_cat?post=91848"},{"taxonomy":"product_tag","embeddable":true,"href":"https:\/\/www.swissraft.ch\/de\/wp-json\/wp\/v2\/product_tag?post=91848"}],"curies":[{"name":"wp","href":"https:\/\/api.w.org\/{rel}","templated":true}]}}