{"id":91847,"date":"2022-12-13T22:40:30","date_gmt":"2022-12-13T21:40:30","guid":{"rendered":"https:\/\/swissraft.xyanzkdne.eu\/product\/helikopterflug-von-untervaz-swiss-grand-canyon-20-min-ab-chf-230-00\/"},"modified":"2025-12-23T16:53:22","modified_gmt":"2025-12-23T15:53:22","slug":"helikopterflug-untervaz-swiss-grand-canyon","status":"publish","type":"product","link":"https:\/\/www.swissraft.ch\/de\/produkt\/helikopterflug-untervaz-swiss-grand-canyon\/","title":{"rendered":"Helikopterflug von UNTERVAZ &#8211; SWISS GRAND CANYON &#8211; 20 Min. &#8211; Ab CHF 240.00"},"content":{"rendered":"\t\t<div data-elementor-type=\"wp-post\" data-elementor-id=\"91847\" class=\"elementor elementor-91847 elementor-29738\">\n\t\t\t\t\t\t\t\t\t<section class=\"elementor-section elementor-top-section elementor-element elementor-element-3303a7e3 elementor-section-boxed elementor-section-height-default elementor-section-height-default\" data-id=\"3303a7e3\" data-element_type=\"section\">\n\t\t\t\t\t\t<div class=\"elementor-container elementor-column-gap-default\">\n\t\t\t\t\t<div class=\"elementor-column elementor-col-100 elementor-top-column elementor-element elementor-element-16d72dbf\" data-id=\"16d72dbf\" data-element_type=\"column\">\n\t\t\t<div class=\"elementor-widget-wrap elementor-element-populated\">\n\t\t\t\t\t\t\t\t<div class=\"elementor-element elementor-element-d743c03 elementor-widget elementor-widget-text-editor\" data-id=\"d743c03\" data-element_type=\"widget\" data-widget_type=\"text-editor.default\">\n\t\t\t\t<div class=\"elementor-widget-container\">\n\t\t\t\t\t\t\t<h2>W\u00c4HLEN SIE UNTEN IHRE AKTIVIT\u00c4T AUS, UM GESCHENKGUTSCHEINE \/ TICKETS ZU VERSCHENKEN ODER ZU BUCHEN.<\/h2><table border=\"0\" width=\"580\" cellspacing=\"10\" cellpadding=\"10\"><tbody><tr><td width=\"50%\"><strong>SWISS GRAND CANYON &#8211; RHEIN (1-5 Pers.) &#8211; 20 Min.<\/strong><\/td><td><strong>CHF 240.00 pro Person<span class=\"productPrice\"><br \/><\/span><\/strong><\/td><\/tr><tr><td>Zus\u00e4tzliche Informationen<\/td><td>&#8211; Sie werden mit anderen Passagieren zusammen sein<br \/>&#8211; Sie werden haupts\u00e4chlich am Sonntag fliegen<br \/>&#8211; Maximal 5 Personen<br \/>&#8211; Privatflug mit 5 Personen.<\/td><\/tr><tr><td>Heliport<\/td><td><a href=\"https:\/\/www.google.com\/maps\/place\/46%C2%B054'46.7%22N+9%C2%B033'04.4%22E\/@46.9130263,9.5490439,385m\/data=!3m1!1e3!4m4!3m3!8m2!3d46.912975!4d9.5512111?entry=ttu\" target=\"_blank\" rel=\"noopener\">Untervaz<\/a><\/td><\/tr><tr><td>Flugzeit<\/td><td>20 Min.<\/td><\/tr><tr><td>Gesamtdauer<\/td><td>ca. 1 Std.<\/td><\/tr><tr><td>Terminvereinbarung<\/td><td>Per Telefon<\/td><\/tr><tr><td><button class=\"elementor-button\" type=\"button\"><a href=\"https:\/\/swissraft.outdoorbooking.ch\/fo\/products\/1651?base_id=17&amp;category_id=6&amp;order_type=gift_voucher&amp;lang=de\" target=\"_blank\" rel=\"noopener\">GUTSCHEIN \/ TICKET KAUFEN<\/a><\/button><\/td><td><strong><em>WICHTIG !<\/em><\/strong><br \/><em>Um zu reservieren, rufen Sie die Nummer an, die sich oben links auf dem Gutschein \/ Ticket befindet.<\/em><\/td><\/tr><\/tbody><\/table>\t\t\t\t\t\t<\/div>\n\t\t\t\t<\/div>\n\t\t\t\t\t<\/div>\n\t\t<\/div>\n\t\t\t\t\t\t\t<\/div>\n\t\t<\/section>\n\t\t\t\t\t\t\t<\/div>\n\t\t","protected":false},"excerpt":{"rendered":"<div align=\"justify\">\n<h2 align=\"justify\">Fliegen Sie \u00fcber den ber\u00fchmten Swiss Grand Canyon von Ilanz nach Reichenau, wo der Vorderrhein flie\u00dft.<\/h2>\n<h3>Vom Heliport in Untervaz aus f\u00fchrt Sie dieser 20-min\u00fctige Helikopterflug \u00fcber die wei\u00dfe Arena bis zum Martinsloch.<\/h3>\n<\/div>\n<div align=\"justify\">\n<p>Von Untervaz in Graub\u00fcnden aus fliegen Sie mit unserem Hubschrauber Ecureuil B3 in Richtung Chur. Danach fliegen Sie \u00fcber den Swiss Grand Canyon, dann \u00fcber Flims und das Martinsloch, bevor Sie zum Hubschrauberlandeplatz von Untervaz zur\u00fcckkehren.<\/p>\n<h3>Vom Helikopterlandeplatz in Untervaz aus bieten wir Ihnen Helikopterrundfl\u00fcge an.<\/h3>\n<p id=\"textarea\" style=\"display: none;\">\nWir starten auch von den Heliports in Flims und Tavanasa in Graub\u00fcnden. Ebenso wie vom Flugplatz Samedan im Engadin. Einerseits haben wir Fl\u00fcge vom Heliport Balzers und vom Flugplatz Sitterdorf im Thurgau. Au\u00dferdem haben wir touristische Fl\u00fcge vom internationalen Flughafen Z\u00fcrich-Kloten und vom internationalen Flughafen Bern-Belp. Au\u00dferdem starten wir vom Heliport Gstaad-Grund und vom Flugplatz Saanen im Saanenland. Aber auch immer noch im Berner Oberland starten wir von den Heliports Lenk-Simmental, Schattenhalb-Meiringen, Interlaken-Gsteigwiler und Lauterbrunnen. Wir bieten auch Fl\u00fcge in den Kanton Luzern ab Pfaffnau und ab Erstfeld im Kanton Uri an. Au\u00dferdem haben wir Rundreisen im Kanton Aargau ab Buttwil im Angebot. Au\u00dferdem starten wir im Kanton Schwyz von K\u00fcssnacht und im Kanton Solothurn von Grenchen. Danach fliegen wir vom Flugplatz \u00c9pagny in den Kanton Freiburg. Parallel dazu starten wir im Wallis von den Heliports Collombey und Gampel sowie vom Stadtflughafen Sion. Dar\u00fcber hinaus bieten wir im Tessin Hubschrauberrundfl\u00fcge von den Flugpl\u00e4tzen Locarno-Magadino und Lodrino an.\n<\/p>\n<p><a id=\"seeMore\" onclick=\"toggleSeeMore()\" href=\"javascript:void(0);\">Lesen Sie mehr<\/a><\/p>\n","protected":false},"featured_media":87184,"comment_status":"open","ping_status":"closed","template":"","meta":{"inline_featured_image":false,"_mi_skip_tracking":false},"product_cat":[263,365],"product_tag":[],"class_list":["post-91847","product","type-product","status-publish","has-post-thumbnail","hentry","product_cat-helikopterflug-in-der-schweiz","product_cat-helikopterrundflug-untervaz"],"yoast_head":"<!-- This site is optimized with the Yoast SEO plugin v23.6 - https:\/\/yoast.com\/wordpress\/plugins\/seo\/ -->\n<title>Swiss Grand Canyon Rhein von Untervaz aus mit dem Helikopter<\/title>\n<meta name=\"description\" content=\"Swiss Grand Canyon Rhein ab Untervaz mit dem Helikopter auf einem 20-min\u00fctigen Flug \u00fcber den ber\u00fchmten Swiss Canyon und das Martinsloch.\" \/>\n<meta name=\"robots\" content=\"index, follow, max-snippet:-1, max-image-preview:large, max-video-preview:-1\" \/>\n<link rel=\"canonical\" href=\"https:\/\/www.swissraft.ch\/de\/produkt\/helikopterflug-untervaz-swiss-grand-canyon\/\" \/>\n<meta property=\"og:locale\" content=\"de_DE\" \/>\n<meta property=\"og:type\" content=\"article\" \/>\n<meta property=\"og:title\" content=\"Swiss Grand Canyon Rhein von Untervaz aus mit dem Helikopter\" \/>\n<meta property=\"og:description\" content=\"Swiss Grand Canyon Rhein ab Untervaz mit dem Helikopter auf einem 20-min\u00fctigen Flug \u00fcber den ber\u00fchmten Swiss Canyon und das Martinsloch.\" \/>\n<meta property=\"og:url\" content=\"https:\/\/www.swissraft.ch\/de\/produkt\/helikopterflug-untervaz-swiss-grand-canyon\/\" \/>\n<meta property=\"og:site_name\" content=\"Swissraft\" \/>\n<meta property=\"article:modified_time\" content=\"2025-12-23T15:53:22+00:00\" \/>\n<meta property=\"og:image\" content=\"https:\/\/www.swissraft.ch\/wp-content\/uploads\/2022\/12\/1-UNTERVAZ-Swiss-Grand-Canyon-776x776-2.jpg\" \/>\n\t<meta property=\"og:image:width\" content=\"776\" \/>\n\t<meta property=\"og:image:height\" content=\"776\" \/>\n\t<meta property=\"og:image:type\" content=\"image\/jpeg\" \/>\n<meta name=\"twitter:card\" content=\"summary_large_image\" \/>\n<meta name=\"twitter:label1\" content=\"Gesch\u00e4tzte Lesezeit\" \/>\n\t<meta name=\"twitter:data1\" content=\"1\u00a0Minute\" \/>\n<script type=\"application\/ld+json\" class=\"yoast-schema-graph\">{\"@context\":\"https:\/\/schema.org\",\"@graph\":[{\"@type\":\"WebPage\",\"@id\":\"https:\/\/www.swissraft.ch\/de\/produkt\/helikopterflug-untervaz-swiss-grand-canyon\/\",\"url\":\"https:\/\/www.swissraft.ch\/de\/produkt\/helikopterflug-untervaz-swiss-grand-canyon\/\",\"name\":\"Swiss Grand Canyon Rhein von Untervaz aus mit dem Helikopter\",\"isPartOf\":{\"@id\":\"https:\/\/www.swissraft.ch\/de\/#website\"},\"primaryImageOfPage\":{\"@id\":\"https:\/\/www.swissraft.ch\/de\/produkt\/helikopterflug-untervaz-swiss-grand-canyon\/#primaryimage\"},\"image\":{\"@id\":\"https:\/\/www.swissraft.ch\/de\/produkt\/helikopterflug-untervaz-swiss-grand-canyon\/#primaryimage\"},\"thumbnailUrl\":\"https:\/\/www.swissraft.ch\/wp-content\/uploads\/2022\/12\/1-UNTERVAZ-Swiss-Grand-Canyon-776x776-2.jpg\",\"datePublished\":\"2022-12-13T21:40:30+00:00\",\"dateModified\":\"2025-12-23T15:53:22+00:00\",\"description\":\"Swiss Grand Canyon Rhein ab Untervaz mit dem Helikopter auf einem 20-min\u00fctigen Flug \u00fcber den ber\u00fchmten Swiss Canyon und das Martinsloch.\",\"breadcrumb\":{\"@id\":\"https:\/\/www.swissraft.ch\/de\/produkt\/helikopterflug-untervaz-swiss-grand-canyon\/#breadcrumb\"},\"inLanguage\":\"de\",\"potentialAction\":[{\"@type\":\"ReadAction\",\"target\":[\"https:\/\/www.swissraft.ch\/de\/produkt\/helikopterflug-untervaz-swiss-grand-canyon\/\"]}]},{\"@type\":\"ImageObject\",\"inLanguage\":\"de\",\"@id\":\"https:\/\/www.swissraft.ch\/de\/produkt\/helikopterflug-untervaz-swiss-grand-canyon\/#primaryimage\",\"url\":\"https:\/\/www.swissraft.ch\/wp-content\/uploads\/2022\/12\/1-UNTERVAZ-Swiss-Grand-Canyon-776x776-2.jpg\",\"contentUrl\":\"https:\/\/www.swissraft.ch\/wp-content\/uploads\/2022\/12\/1-UNTERVAZ-Swiss-Grand-Canyon-776x776-2.jpg\",\"width\":776,\"height\":776,\"caption\":\"Swiss Grand Canyon mit dem Hubschrauber von Untervaz aus\"},{\"@type\":\"BreadcrumbList\",\"@id\":\"https:\/\/www.swissraft.ch\/de\/produkt\/helikopterflug-untervaz-swiss-grand-canyon\/#breadcrumb\",\"itemListElement\":[{\"@type\":\"ListItem\",\"position\":1,\"name\":\"Accueil\",\"item\":\"https:\/\/www.swissraft.ch\/de\/\"},{\"@type\":\"ListItem\",\"position\":2,\"name\":\"Shop\",\"item\":\"https:\/\/www.swissraft.ch\/de\/shop\/\"},{\"@type\":\"ListItem\",\"position\":3,\"name\":\"Helikopterflug von UNTERVAZ &#8211; SWISS GRAND CANYON &#8211; 20 Min. &#8211; Ab CHF 240.00\"}]},{\"@type\":\"WebSite\",\"@id\":\"https:\/\/www.swissraft.ch\/de\/#website\",\"url\":\"https:\/\/www.swissraft.ch\/de\/\",\"name\":\"Swissraft\",\"description\":\"To enjoy nature as it is\",\"publisher\":{\"@id\":\"https:\/\/www.swissraft.ch\/de\/#organization\"},\"potentialAction\":[{\"@type\":\"SearchAction\",\"target\":{\"@type\":\"EntryPoint\",\"urlTemplate\":\"https:\/\/www.swissraft.ch\/de\/?s={search_term_string}\"},\"query-input\":{\"@type\":\"PropertyValueSpecification\",\"valueRequired\":true,\"valueName\":\"search_term_string\"}}],\"inLanguage\":\"de\"},{\"@type\":\"Organization\",\"@id\":\"https:\/\/www.swissraft.ch\/de\/#organization\",\"name\":\"Swissraft\",\"url\":\"https:\/\/www.swissraft.ch\/de\/\",\"logo\":{\"@type\":\"ImageObject\",\"inLanguage\":\"de\",\"@id\":\"https:\/\/www.swissraft.ch\/de\/#\/schema\/logo\/image\/\",\"url\":\"https:\/\/www.swissraft.ch\/wp-content\/uploads\/2025\/09\/Capture.jpg\",\"contentUrl\":\"https:\/\/www.swissraft.ch\/wp-content\/uploads\/2025\/09\/Capture.jpg\",\"width\":293,\"height\":108,\"caption\":\"Swissraft\"},\"image\":{\"@id\":\"https:\/\/www.swissraft.ch\/de\/#\/schema\/logo\/image\/\"}}]}<\/script>\n<!-- \/ Yoast SEO plugin. -->","yoast_head_json":{"title":"Swiss Grand Canyon Rhein von Untervaz aus mit dem Helikopter","description":"Swiss Grand Canyon Rhein ab Untervaz mit dem Helikopter auf einem 20-min\u00fctigen Flug \u00fcber den ber\u00fchmten Swiss Canyon und das Martinsloch.","robots":{"index":"index","follow":"follow","max-snippet":"max-snippet:-1","max-image-preview":"max-image-preview:large","max-video-preview":"max-video-preview:-1"},"canonical":"https:\/\/www.swissraft.ch\/de\/produkt\/helikopterflug-untervaz-swiss-grand-canyon\/","og_locale":"de_DE","og_type":"article","og_title":"Swiss Grand Canyon Rhein von Untervaz aus mit dem Helikopter","og_description":"Swiss Grand Canyon Rhein ab Untervaz mit dem Helikopter auf einem 20-min\u00fctigen Flug \u00fcber den ber\u00fchmten Swiss Canyon und das Martinsloch.","og_url":"https:\/\/www.swissraft.ch\/de\/produkt\/helikopterflug-untervaz-swiss-grand-canyon\/","og_site_name":"Swissraft","article_modified_time":"2025-12-23T15:53:22+00:00","og_image":[{"width":776,"height":776,"url":"https:\/\/www.swissraft.ch\/wp-content\/uploads\/2022\/12\/1-UNTERVAZ-Swiss-Grand-Canyon-776x776-2.jpg","type":"image\/jpeg"}],"twitter_card":"summary_large_image","twitter_misc":{"Gesch\u00e4tzte Lesezeit":"1\u00a0Minute"},"schema":{"@context":"https:\/\/schema.org","@graph":[{"@type":"WebPage","@id":"https:\/\/www.swissraft.ch\/de\/produkt\/helikopterflug-untervaz-swiss-grand-canyon\/","url":"https:\/\/www.swissraft.ch\/de\/produkt\/helikopterflug-untervaz-swiss-grand-canyon\/","name":"Swiss Grand Canyon Rhein von Untervaz aus mit dem Helikopter","isPartOf":{"@id":"https:\/\/www.swissraft.ch\/de\/#website"},"primaryImageOfPage":{"@id":"https:\/\/www.swissraft.ch\/de\/produkt\/helikopterflug-untervaz-swiss-grand-canyon\/#primaryimage"},"image":{"@id":"https:\/\/www.swissraft.ch\/de\/produkt\/helikopterflug-untervaz-swiss-grand-canyon\/#primaryimage"},"thumbnailUrl":"https:\/\/www.swissraft.ch\/wp-content\/uploads\/2022\/12\/1-UNTERVAZ-Swiss-Grand-Canyon-776x776-2.jpg","datePublished":"2022-12-13T21:40:30+00:00","dateModified":"2025-12-23T15:53:22+00:00","description":"Swiss Grand Canyon Rhein ab Untervaz mit dem Helikopter auf einem 20-min\u00fctigen Flug \u00fcber den ber\u00fchmten Swiss Canyon und das Martinsloch.","breadcrumb":{"@id":"https:\/\/www.swissraft.ch\/de\/produkt\/helikopterflug-untervaz-swiss-grand-canyon\/#breadcrumb"},"inLanguage":"de","potentialAction":[{"@type":"ReadAction","target":["https:\/\/www.swissraft.ch\/de\/produkt\/helikopterflug-untervaz-swiss-grand-canyon\/"]}]},{"@type":"ImageObject","inLanguage":"de","@id":"https:\/\/www.swissraft.ch\/de\/produkt\/helikopterflug-untervaz-swiss-grand-canyon\/#primaryimage","url":"https:\/\/www.swissraft.ch\/wp-content\/uploads\/2022\/12\/1-UNTERVAZ-Swiss-Grand-Canyon-776x776-2.jpg","contentUrl":"https:\/\/www.swissraft.ch\/wp-content\/uploads\/2022\/12\/1-UNTERVAZ-Swiss-Grand-Canyon-776x776-2.jpg","width":776,"height":776,"caption":"Swiss Grand Canyon mit dem Hubschrauber von Untervaz aus"},{"@type":"BreadcrumbList","@id":"https:\/\/www.swissraft.ch\/de\/produkt\/helikopterflug-untervaz-swiss-grand-canyon\/#breadcrumb","itemListElement":[{"@type":"ListItem","position":1,"name":"Accueil","item":"https:\/\/www.swissraft.ch\/de\/"},{"@type":"ListItem","position":2,"name":"Shop","item":"https:\/\/www.swissraft.ch\/de\/shop\/"},{"@type":"ListItem","position":3,"name":"Helikopterflug von UNTERVAZ &#8211; SWISS GRAND CANYON &#8211; 20 Min. &#8211; Ab CHF 240.00"}]},{"@type":"WebSite","@id":"https:\/\/www.swissraft.ch\/de\/#website","url":"https:\/\/www.swissraft.ch\/de\/","name":"Swissraft","description":"To enjoy nature as it is","publisher":{"@id":"https:\/\/www.swissraft.ch\/de\/#organization"},"potentialAction":[{"@type":"SearchAction","target":{"@type":"EntryPoint","urlTemplate":"https:\/\/www.swissraft.ch\/de\/?s={search_term_string}"},"query-input":{"@type":"PropertyValueSpecification","valueRequired":true,"valueName":"search_term_string"}}],"inLanguage":"de"},{"@type":"Organization","@id":"https:\/\/www.swissraft.ch\/de\/#organization","name":"Swissraft","url":"https:\/\/www.swissraft.ch\/de\/","logo":{"@type":"ImageObject","inLanguage":"de","@id":"https:\/\/www.swissraft.ch\/de\/#\/schema\/logo\/image\/","url":"https:\/\/www.swissraft.ch\/wp-content\/uploads\/2025\/09\/Capture.jpg","contentUrl":"https:\/\/www.swissraft.ch\/wp-content\/uploads\/2025\/09\/Capture.jpg","width":293,"height":108,"caption":"Swissraft"},"image":{"@id":"https:\/\/www.swissraft.ch\/de\/#\/schema\/logo\/image\/"}}]}},"_links":{"self":[{"href":"https:\/\/www.swissraft.ch\/de\/wp-json\/wp\/v2\/product\/91847","targetHints":{"allow":["GET"]}}],"collection":[{"href":"https:\/\/www.swissraft.ch\/de\/wp-json\/wp\/v2\/product"}],"about":[{"href":"https:\/\/www.swissraft.ch\/de\/wp-json\/wp\/v2\/types\/product"}],"replies":[{"embeddable":true,"href":"https:\/\/www.swissraft.ch\/de\/wp-json\/wp\/v2\/comments?post=91847"}],"version-history":[{"count":14,"href":"https:\/\/www.swissraft.ch\/de\/wp-json\/wp\/v2\/product\/91847\/revisions"}],"predecessor-version":[{"id":125024,"href":"https:\/\/www.swissraft.ch\/de\/wp-json\/wp\/v2\/product\/91847\/revisions\/125024"}],"wp:featuredmedia":[{"embeddable":true,"href":"https:\/\/www.swissraft.ch\/de\/wp-json\/wp\/v2\/media\/87184"}],"wp:attachment":[{"href":"https:\/\/www.swissraft.ch\/de\/wp-json\/wp\/v2\/media?parent=91847"}],"wp:term":[{"taxonomy":"product_cat","embeddable":true,"href":"https:\/\/www.swissraft.ch\/de\/wp-json\/wp\/v2\/product_cat?post=91847"},{"taxonomy":"product_tag","embeddable":true,"href":"https:\/\/www.swissraft.ch\/de\/wp-json\/wp\/v2\/product_tag?post=91847"}],"curies":[{"name":"wp","href":"https:\/\/api.w.org\/{rel}","templated":true}]}}