{"id":91844,"date":"2022-12-11T14:44:46","date_gmt":"2022-12-11T13:44:46","guid":{"rendered":"https:\/\/swissraft.xyanzkdne.eu\/product\/hubschrauberflug-von-epagny-le-mont-blanc-90-min-chf-2990-00\/"},"modified":"2026-02-05T04:52:46","modified_gmt":"2026-02-05T03:52:46","slug":"helikopterflug-epagny-mont-blanc","status":"publish","type":"product","link":"https:\/\/www.swissraft.ch\/de\/produkt\/helikopterflug-epagny-mont-blanc\/","title":{"rendered":"Helikopterflug von \u00c9PAGNY &#8211; DER MONT BLANC &#8211; 90 Min. &#8211; CHF 3&#8217;170.00"},"content":{"rendered":"\t\t<div data-elementor-type=\"wp-post\" data-elementor-id=\"91844\" class=\"elementor elementor-91844 elementor-29599\">\n\t\t\t\t\t\t\t\t\t<section class=\"elementor-section elementor-top-section elementor-element elementor-element-3303a7e3 elementor-section-boxed elementor-section-height-default elementor-section-height-default\" data-id=\"3303a7e3\" data-element_type=\"section\">\n\t\t\t\t\t\t<div class=\"elementor-container elementor-column-gap-default\">\n\t\t\t\t\t<div class=\"elementor-column elementor-col-100 elementor-top-column elementor-element elementor-element-16d72dbf\" data-id=\"16d72dbf\" data-element_type=\"column\">\n\t\t\t<div class=\"elementor-widget-wrap elementor-element-populated\">\n\t\t\t\t\t\t\t\t<div class=\"elementor-element elementor-element-d743c03 elementor-widget elementor-widget-text-editor\" data-id=\"d743c03\" data-element_type=\"widget\" data-widget_type=\"text-editor.default\">\n\t\t\t\t<div class=\"elementor-widget-container\">\n\t\t\t\t\t\t\t<h2>W\u00c4HLEN SIE UNTEN IHRE AKTIVIT\u00c4T AUS, UM GESCHENKGUTSCHEINE \/ TICKETS ZU VERSCHENKEN ODER ZU BUCHEN.<\/h2><table border=\"0\" width=\"580\" cellspacing=\"10\" cellpadding=\"10\"><tbody><tr><td width=\"50%\"><strong>DER MONT BLANC &#8211; PRIVATFLUG (1-4 pax) &#8211; 90 Min.<\/strong><\/td><td><strong>CHF 3&#8217;170.00 <span class=\"productPrice\">\u00a0pro Flug<br \/><\/span><\/strong><\/td><\/tr><tr><td>Weitere Informationen<\/td><td>&#8211; Sie haben den Helikopter ausschlie\u00dflich f\u00fcr sich<br \/>&#8211; Sie bestimmen das Datum und die Uhrzeit des Abflugs<br \/>&#8211; Maximal 4 Pers.<br \/>&#8211; 5 Passagiere auf Anfrage<\/td><\/tr><tr><td>Flugplatz<\/td><td><a href=\"https:\/\/www.google.com\/maps\/place\/A%C3%A9rodrome+de+la+Gruy%C3%A8re\/@46.5952055,7.0843047,1551m\/data=!3m1!1e3!4m6!3m5!1s0x478e89f722c3d039:0xd4423e0e6ea8594d!8m2!3d46.5948613!4d7.0933586!16s%2Fg%2F120t9782?entry=ttu\" target=\"_blank\" rel=\"noopener\">\u00c9pagny<\/a><\/td><\/tr><tr><td>Flugzeit<\/td><td>90 Min.<\/td><\/tr><tr><td>Gesamtdauer<\/td><td>ca. 2 Std.<\/td><\/tr><tr><td>Termin<\/td><td>Per Telefon<\/td><\/tr><tr><td><button class=\"elementor-button\" type=\"button\"><a href=\"https:\/\/swissraft.outdoorbooking.ch\/fo\/products\/64?base_id=125&amp;category_id=6&amp;order_type=gift_voucher&amp;lang=de\" target=\"_blank\" rel=\"noopener\">GUTSCHEIN \/ TICKET KAUFEN<\/a><\/button><\/td><td><strong><em>WICHTIG !<\/em><\/strong><br \/><em>Um zu reservieren, rufen Sie die Nummer an, die sich oben links auf dem Gutschein \/ Ticket befindet.<\/em><\/td><\/tr><\/tbody><\/table>\t\t\t\t\t\t<\/div>\n\t\t\t\t<\/div>\n\t\t\t\t\t<\/div>\n\t\t<\/div>\n\t\t\t\t\t\t\t<\/div>\n\t\t<\/section>\n\t\t\t\t\t\t\t<\/div>\n\t\t","protected":false},"excerpt":{"rendered":"<div align=\"justify\">\n<h2 align=\"justify\">Von \u00c9pagny aus starten Sie zu einem 90-min\u00fctigen, atemberaubenden Flug. Sie fliegen zum Mont Blanc, dem Dach Europas.<\/h2>\n<h3>Die Schweizer und franz\u00f6sischen Alpen zeigen sich Ihnen auf diesem Helikopterflug in ihrer ganzen Pracht.<\/h3>\n<\/div>\n<div align=\"justify\">\n<p>Sie starten in \u00c9pagny im Greyerzerland an Bord eines unserer Hubschrauber in Richtung Mol\u00e9son, Rochers de Naye. Danach fahren Sie \u00fcber den Genfersee, die Dents du Midi. Der See von Emosson und Chamonix. Vor Ihnen erhebt sich das imposante Massiv des Mont Blanc, dann kommen die ber\u00fchmten Grandes Jorasses auf Sie zu. Dann haben Sie den Trient-Gletscher, Petit-Combin und Verbier im Wallis und das Rhonetal. Der Flug geht weiter zum Grand-Muveran (3051 m) und zum Mosses Pass, bevor Sie wieder in \u00c9pagny landen.<\/p>\n<h3>Auf der Swissraft-Website finden Sie spektakul\u00e4re Helikopterrundfl\u00fcge.<\/h3>\n<p id=\"textarea\" style=\"display: none;\">\nWir starten vom Flughafen Sitten im Wallis und den Heliports Gampel und Collombey. Ebenso bieten wir Hubschrauberrundfl\u00fcge ab dem Heliport Interlaken-Gsteigwiler an. Zum einen starten wir vom Heliport Gstaad-Grund und vom Flugplatz Saanen im Saanenland. Au\u00dferdem starten wir von den Heliports Lauterbrunnen, Lenk-Simmental und Schattenhalb-Meiringen auch im Berner Oberland. Au\u00dferdem bieten wir Fl\u00fcge vom internationalen Flughafen Bern-Belp an. Au\u00dferdem bieten wir vom Flughafen Grenchen aus Fl\u00fcge in den Kanton Solothurn an. Aber auch vom internationalen Flughafen Z\u00fcrich-Kloten. Anschlie\u00dfend fliegen wir zum Heliport Pfaffnau im Kanton Luzern. Daneben f\u00fchren wir auch Helikopterrundfl\u00fcge im Kanton Uri durch, die vom Hubschrauberlandeplatz Erstfeld aus starten. Ebenso fliegen wir im Kanton Schwyz vom Heliport K\u00fcssnacht aus. Wir starten auch von Buttwil im Kanton Aargau. Wir bieten auch Rundfl\u00fcge im Tessin von den Flugh\u00e4fen Locarno-Magadino und Lodrino an. Wir fliegen das ganze Jahr \u00fcber mit dem Hubschrauber vom Flugplatz Samedan ab. Au\u00dferdem bieten wir in Graub\u00fcnden weiterhin Rundfl\u00fcge von den Heliports Flims, Tavanasa und Untervaz an. In Liechtenstein bieten wir Heliport ab Balzers und ab dem Flugplatz Sitterdorf im Thurgau an.\n<\/p>\n<p><a id=\"seeMore\" onclick=\"toggleSeeMore()\" href=\"javascript:void(0);\">Lesen Sie mehr<\/a><\/p>\n","protected":false},"featured_media":87496,"comment_status":"open","ping_status":"closed","template":"","meta":{"inline_featured_image":false,"_mi_skip_tracking":false},"product_cat":[263,315],"product_tag":[],"class_list":["post-91844","product","type-product","status-publish","has-post-thumbnail","hentry","product_cat-helikopterflug-in-der-schweiz","product_cat-helikopterrundflug-epagny"],"yoast_head":"<!-- This site is optimized with the Yoast SEO plugin v23.6 - https:\/\/yoast.com\/wordpress\/plugins\/seo\/ -->\n<title>Der Mont Blanc im Helikopter von \u00c9pagny aus. 90-min\u00fctigen Flug.<\/title>\n<meta name=\"description\" content=\"Der Mont Blanc im Helikopter von \u00c9pagny aus in einem 90-min\u00fctigen Flug. Sie fliegen \u00fcber die Schweizer und Franz\u00f6sischen Alpen mit ihren ber\u00fchmten Gipfeln.\" \/>\n<meta name=\"robots\" content=\"index, follow, max-snippet:-1, max-image-preview:large, max-video-preview:-1\" \/>\n<link rel=\"canonical\" href=\"https:\/\/www.swissraft.ch\/de\/produkt\/helikopterflug-epagny-mont-blanc\/\" \/>\n<meta property=\"og:locale\" content=\"de_DE\" \/>\n<meta property=\"og:type\" content=\"article\" \/>\n<meta property=\"og:title\" content=\"Der Mont Blanc im Helikopter von \u00c9pagny aus. 90-min\u00fctigen Flug.\" \/>\n<meta property=\"og:description\" content=\"Der Mont Blanc im Helikopter von \u00c9pagny aus in einem 90-min\u00fctigen Flug. Sie fliegen \u00fcber die Schweizer und Franz\u00f6sischen Alpen mit ihren ber\u00fchmten Gipfeln.\" \/>\n<meta property=\"og:url\" content=\"https:\/\/www.swissraft.ch\/de\/produkt\/helikopterflug-epagny-mont-blanc\/\" \/>\n<meta property=\"og:site_name\" content=\"Swissraft\" \/>\n<meta property=\"article:modified_time\" content=\"2026-02-05T03:52:46+00:00\" \/>\n<meta property=\"og:image\" content=\"https:\/\/www.swissraft.ch\/wp-content\/uploads\/2022\/12\/09-EPAGNY-Montblancgebiet-776x776-2.jpg\" \/>\n\t<meta property=\"og:image:width\" content=\"776\" \/>\n\t<meta property=\"og:image:height\" content=\"776\" \/>\n\t<meta property=\"og:image:type\" content=\"image\/jpeg\" \/>\n<meta name=\"twitter:card\" content=\"summary_large_image\" \/>\n<meta name=\"twitter:label1\" content=\"Gesch\u00e4tzte Lesezeit\" \/>\n\t<meta name=\"twitter:data1\" content=\"1\u00a0Minute\" \/>\n<script type=\"application\/ld+json\" class=\"yoast-schema-graph\">{\"@context\":\"https:\/\/schema.org\",\"@graph\":[{\"@type\":\"WebPage\",\"@id\":\"https:\/\/www.swissraft.ch\/de\/produkt\/helikopterflug-epagny-mont-blanc\/\",\"url\":\"https:\/\/www.swissraft.ch\/de\/produkt\/helikopterflug-epagny-mont-blanc\/\",\"name\":\"Der Mont Blanc im Helikopter von \u00c9pagny aus. 90-min\u00fctigen Flug.\",\"isPartOf\":{\"@id\":\"https:\/\/www.swissraft.ch\/de\/#website\"},\"primaryImageOfPage\":{\"@id\":\"https:\/\/www.swissraft.ch\/de\/produkt\/helikopterflug-epagny-mont-blanc\/#primaryimage\"},\"image\":{\"@id\":\"https:\/\/www.swissraft.ch\/de\/produkt\/helikopterflug-epagny-mont-blanc\/#primaryimage\"},\"thumbnailUrl\":\"https:\/\/www.swissraft.ch\/wp-content\/uploads\/2022\/12\/09-EPAGNY-Montblancgebiet-776x776-2.jpg\",\"datePublished\":\"2022-12-11T13:44:46+00:00\",\"dateModified\":\"2026-02-05T03:52:46+00:00\",\"description\":\"Der Mont Blanc im Helikopter von \u00c9pagny aus in einem 90-min\u00fctigen Flug. Sie fliegen \u00fcber die Schweizer und Franz\u00f6sischen Alpen mit ihren ber\u00fchmten Gipfeln.\",\"breadcrumb\":{\"@id\":\"https:\/\/www.swissraft.ch\/de\/produkt\/helikopterflug-epagny-mont-blanc\/#breadcrumb\"},\"inLanguage\":\"de\",\"potentialAction\":[{\"@type\":\"ReadAction\",\"target\":[\"https:\/\/www.swissraft.ch\/de\/produkt\/helikopterflug-epagny-mont-blanc\/\"]}]},{\"@type\":\"ImageObject\",\"inLanguage\":\"de\",\"@id\":\"https:\/\/www.swissraft.ch\/de\/produkt\/helikopterflug-epagny-mont-blanc\/#primaryimage\",\"url\":\"https:\/\/www.swissraft.ch\/wp-content\/uploads\/2022\/12\/09-EPAGNY-Montblancgebiet-776x776-2.jpg\",\"contentUrl\":\"https:\/\/www.swissraft.ch\/wp-content\/uploads\/2022\/12\/09-EPAGNY-Montblancgebiet-776x776-2.jpg\",\"width\":776,\"height\":776,\"caption\":\"Hubschrauberflug \u00fcber den Mont Blanc von \u00c9pagny aus\"},{\"@type\":\"BreadcrumbList\",\"@id\":\"https:\/\/www.swissraft.ch\/de\/produkt\/helikopterflug-epagny-mont-blanc\/#breadcrumb\",\"itemListElement\":[{\"@type\":\"ListItem\",\"position\":1,\"name\":\"Accueil\",\"item\":\"https:\/\/www.swissraft.ch\/de\/\"},{\"@type\":\"ListItem\",\"position\":2,\"name\":\"Shop\",\"item\":\"https:\/\/www.swissraft.ch\/de\/shop\/\"},{\"@type\":\"ListItem\",\"position\":3,\"name\":\"Helikopterflug von \u00c9PAGNY &#8211; DER MONT BLANC &#8211; 90 Min. &#8211; CHF 3&rsquo;170.00\"}]},{\"@type\":\"WebSite\",\"@id\":\"https:\/\/www.swissraft.ch\/de\/#website\",\"url\":\"https:\/\/www.swissraft.ch\/de\/\",\"name\":\"Swissraft\",\"description\":\"To enjoy nature as it is\",\"publisher\":{\"@id\":\"https:\/\/www.swissraft.ch\/de\/#organization\"},\"potentialAction\":[{\"@type\":\"SearchAction\",\"target\":{\"@type\":\"EntryPoint\",\"urlTemplate\":\"https:\/\/www.swissraft.ch\/de\/?s={search_term_string}\"},\"query-input\":{\"@type\":\"PropertyValueSpecification\",\"valueRequired\":true,\"valueName\":\"search_term_string\"}}],\"inLanguage\":\"de\"},{\"@type\":\"Organization\",\"@id\":\"https:\/\/www.swissraft.ch\/de\/#organization\",\"name\":\"Swissraft\",\"url\":\"https:\/\/www.swissraft.ch\/de\/\",\"logo\":{\"@type\":\"ImageObject\",\"inLanguage\":\"de\",\"@id\":\"https:\/\/www.swissraft.ch\/de\/#\/schema\/logo\/image\/\",\"url\":\"https:\/\/www.swissraft.ch\/wp-content\/uploads\/2025\/09\/Capture.jpg\",\"contentUrl\":\"https:\/\/www.swissraft.ch\/wp-content\/uploads\/2025\/09\/Capture.jpg\",\"width\":293,\"height\":108,\"caption\":\"Swissraft\"},\"image\":{\"@id\":\"https:\/\/www.swissraft.ch\/de\/#\/schema\/logo\/image\/\"}}]}<\/script>\n<!-- \/ Yoast SEO plugin. -->","yoast_head_json":{"title":"Der Mont Blanc im Helikopter von \u00c9pagny aus. 90-min\u00fctigen Flug.","description":"Der Mont Blanc im Helikopter von \u00c9pagny aus in einem 90-min\u00fctigen Flug. Sie fliegen \u00fcber die Schweizer und Franz\u00f6sischen Alpen mit ihren ber\u00fchmten Gipfeln.","robots":{"index":"index","follow":"follow","max-snippet":"max-snippet:-1","max-image-preview":"max-image-preview:large","max-video-preview":"max-video-preview:-1"},"canonical":"https:\/\/www.swissraft.ch\/de\/produkt\/helikopterflug-epagny-mont-blanc\/","og_locale":"de_DE","og_type":"article","og_title":"Der Mont Blanc im Helikopter von \u00c9pagny aus. 90-min\u00fctigen Flug.","og_description":"Der Mont Blanc im Helikopter von \u00c9pagny aus in einem 90-min\u00fctigen Flug. Sie fliegen \u00fcber die Schweizer und Franz\u00f6sischen Alpen mit ihren ber\u00fchmten Gipfeln.","og_url":"https:\/\/www.swissraft.ch\/de\/produkt\/helikopterflug-epagny-mont-blanc\/","og_site_name":"Swissraft","article_modified_time":"2026-02-05T03:52:46+00:00","og_image":[{"width":776,"height":776,"url":"https:\/\/www.swissraft.ch\/wp-content\/uploads\/2022\/12\/09-EPAGNY-Montblancgebiet-776x776-2.jpg","type":"image\/jpeg"}],"twitter_card":"summary_large_image","twitter_misc":{"Gesch\u00e4tzte Lesezeit":"1\u00a0Minute"},"schema":{"@context":"https:\/\/schema.org","@graph":[{"@type":"WebPage","@id":"https:\/\/www.swissraft.ch\/de\/produkt\/helikopterflug-epagny-mont-blanc\/","url":"https:\/\/www.swissraft.ch\/de\/produkt\/helikopterflug-epagny-mont-blanc\/","name":"Der Mont Blanc im Helikopter von \u00c9pagny aus. 90-min\u00fctigen Flug.","isPartOf":{"@id":"https:\/\/www.swissraft.ch\/de\/#website"},"primaryImageOfPage":{"@id":"https:\/\/www.swissraft.ch\/de\/produkt\/helikopterflug-epagny-mont-blanc\/#primaryimage"},"image":{"@id":"https:\/\/www.swissraft.ch\/de\/produkt\/helikopterflug-epagny-mont-blanc\/#primaryimage"},"thumbnailUrl":"https:\/\/www.swissraft.ch\/wp-content\/uploads\/2022\/12\/09-EPAGNY-Montblancgebiet-776x776-2.jpg","datePublished":"2022-12-11T13:44:46+00:00","dateModified":"2026-02-05T03:52:46+00:00","description":"Der Mont Blanc im Helikopter von \u00c9pagny aus in einem 90-min\u00fctigen Flug. Sie fliegen \u00fcber die Schweizer und Franz\u00f6sischen Alpen mit ihren ber\u00fchmten Gipfeln.","breadcrumb":{"@id":"https:\/\/www.swissraft.ch\/de\/produkt\/helikopterflug-epagny-mont-blanc\/#breadcrumb"},"inLanguage":"de","potentialAction":[{"@type":"ReadAction","target":["https:\/\/www.swissraft.ch\/de\/produkt\/helikopterflug-epagny-mont-blanc\/"]}]},{"@type":"ImageObject","inLanguage":"de","@id":"https:\/\/www.swissraft.ch\/de\/produkt\/helikopterflug-epagny-mont-blanc\/#primaryimage","url":"https:\/\/www.swissraft.ch\/wp-content\/uploads\/2022\/12\/09-EPAGNY-Montblancgebiet-776x776-2.jpg","contentUrl":"https:\/\/www.swissraft.ch\/wp-content\/uploads\/2022\/12\/09-EPAGNY-Montblancgebiet-776x776-2.jpg","width":776,"height":776,"caption":"Hubschrauberflug \u00fcber den Mont Blanc von \u00c9pagny aus"},{"@type":"BreadcrumbList","@id":"https:\/\/www.swissraft.ch\/de\/produkt\/helikopterflug-epagny-mont-blanc\/#breadcrumb","itemListElement":[{"@type":"ListItem","position":1,"name":"Accueil","item":"https:\/\/www.swissraft.ch\/de\/"},{"@type":"ListItem","position":2,"name":"Shop","item":"https:\/\/www.swissraft.ch\/de\/shop\/"},{"@type":"ListItem","position":3,"name":"Helikopterflug von \u00c9PAGNY &#8211; DER MONT BLANC &#8211; 90 Min. &#8211; CHF 3&rsquo;170.00"}]},{"@type":"WebSite","@id":"https:\/\/www.swissraft.ch\/de\/#website","url":"https:\/\/www.swissraft.ch\/de\/","name":"Swissraft","description":"To enjoy nature as it is","publisher":{"@id":"https:\/\/www.swissraft.ch\/de\/#organization"},"potentialAction":[{"@type":"SearchAction","target":{"@type":"EntryPoint","urlTemplate":"https:\/\/www.swissraft.ch\/de\/?s={search_term_string}"},"query-input":{"@type":"PropertyValueSpecification","valueRequired":true,"valueName":"search_term_string"}}],"inLanguage":"de"},{"@type":"Organization","@id":"https:\/\/www.swissraft.ch\/de\/#organization","name":"Swissraft","url":"https:\/\/www.swissraft.ch\/de\/","logo":{"@type":"ImageObject","inLanguage":"de","@id":"https:\/\/www.swissraft.ch\/de\/#\/schema\/logo\/image\/","url":"https:\/\/www.swissraft.ch\/wp-content\/uploads\/2025\/09\/Capture.jpg","contentUrl":"https:\/\/www.swissraft.ch\/wp-content\/uploads\/2025\/09\/Capture.jpg","width":293,"height":108,"caption":"Swissraft"},"image":{"@id":"https:\/\/www.swissraft.ch\/de\/#\/schema\/logo\/image\/"}}]}},"_links":{"self":[{"href":"https:\/\/www.swissraft.ch\/de\/wp-json\/wp\/v2\/product\/91844","targetHints":{"allow":["GET"]}}],"collection":[{"href":"https:\/\/www.swissraft.ch\/de\/wp-json\/wp\/v2\/product"}],"about":[{"href":"https:\/\/www.swissraft.ch\/de\/wp-json\/wp\/v2\/types\/product"}],"replies":[{"embeddable":true,"href":"https:\/\/www.swissraft.ch\/de\/wp-json\/wp\/v2\/comments?post=91844"}],"version-history":[{"count":21,"href":"https:\/\/www.swissraft.ch\/de\/wp-json\/wp\/v2\/product\/91844\/revisions"}],"predecessor-version":[{"id":129302,"href":"https:\/\/www.swissraft.ch\/de\/wp-json\/wp\/v2\/product\/91844\/revisions\/129302"}],"wp:featuredmedia":[{"embeddable":true,"href":"https:\/\/www.swissraft.ch\/de\/wp-json\/wp\/v2\/media\/87496"}],"wp:attachment":[{"href":"https:\/\/www.swissraft.ch\/de\/wp-json\/wp\/v2\/media?parent=91844"}],"wp:term":[{"taxonomy":"product_cat","embeddable":true,"href":"https:\/\/www.swissraft.ch\/de\/wp-json\/wp\/v2\/product_cat?post=91844"},{"taxonomy":"product_tag","embeddable":true,"href":"https:\/\/www.swissraft.ch\/de\/wp-json\/wp\/v2\/product_tag?post=91844"}],"curies":[{"name":"wp","href":"https:\/\/api.w.org\/{rel}","templated":true}]}}