{"id":91843,"date":"2022-12-13T22:33:13","date_gmt":"2022-12-13T21:33:13","guid":{"rendered":"https:\/\/swissraft.xyanzkdne.eu\/product\/hubschrauberflug-von-tavanasa-surselva-tower-30-min-chf-1380-00\/"},"modified":"2026-04-24T05:26:53","modified_gmt":"2026-04-24T03:26:53","slug":"tavanasa-rundflug-surselva-tour","status":"publish","type":"product","link":"https:\/\/www.swissraft.ch\/de\/produkt\/tavanasa-rundflug-surselva-tour\/","title":{"rendered":"Helikopterflug &#8211; Tavanasa &#8211; Surselva-Tour &#8211; 30 Min. &#8211; CHF 1&#8217;440.00"},"content":{"rendered":"\t\t<div data-elementor-type=\"wp-post\" data-elementor-id=\"91843\" class=\"elementor elementor-91843 elementor-29732\">\n\t\t\t\t\t\t\t\t\t<section class=\"elementor-section elementor-top-section elementor-element elementor-element-3303a7e3 elementor-section-boxed elementor-section-height-default elementor-section-height-default\" data-id=\"3303a7e3\" data-element_type=\"section\">\n\t\t\t\t\t\t<div class=\"elementor-container elementor-column-gap-default\">\n\t\t\t\t\t<div class=\"elementor-column elementor-col-100 elementor-top-column elementor-element elementor-element-16d72dbf\" data-id=\"16d72dbf\" data-element_type=\"column\">\n\t\t\t<div class=\"elementor-widget-wrap elementor-element-populated\">\n\t\t\t\t\t\t\t\t<div class=\"elementor-element elementor-element-d743c03 elementor-widget elementor-widget-text-editor\" data-id=\"d743c03\" data-element_type=\"widget\" data-widget_type=\"text-editor.default\">\n\t\t\t\t<div class=\"elementor-widget-container\">\n\t\t\t\t\t\t\t<h2>W\u00c4HLEN SIE UNTEN IHRE AKTIVIT\u00c4T AUS, UM GESCHENKGUTSCHEINE \/ TICKETS ZU VERSCHENKEN ODER ZU BUCHEN<\/h2><table border=\"0\" width=\"580\" cellspacing=\"10\" cellpadding=\"10\"><tbody><tr><td width=\"50%\"><strong>RUNDFLUG &#8211; SURSELVA-TOUR &#8211; PRIVATFLUG (1-5 Pers.) &#8211; 30 Min.<\/strong><\/td><td><strong>CHF 1&#8217;440.00 pro Privatflug<span class=\"productPrice\"><br \/><\/span><\/strong><\/td><\/tr><tr><td>Zus\u00e4tzliche Informationen<\/td><td>&#8211; Sie haben den Helikopter ausschlie\u00dflich f\u00fcr sich<br \/>&#8211; Sie bestimmen das Datum und die Uhrzeit des Abflugs<br \/>&#8211; Maximum 5 Pers.<\/td><\/tr><tr><td>Heliport<\/td><td><a href=\"https:\/\/www.google.com\/maps\/place\/46%C2%B045'38.6%22N+9%C2%B005'33.8%22E\/@46.7608205,9.0904287,387m\/data=!3m1!1e3!4m4!3m3!8m2!3d46.7607222!4d9.0927222?entry=ttu\" target=\"_blank\" rel=\"noopener\">Tavanasa<\/a><\/td><\/tr><tr><td>Flugzeit<\/td><td>30 Min.<\/td><\/tr><tr><td>Gesamtdauer<\/td><td>ca. 1 Std.<\/td><\/tr><tr><td>Termin<\/td><td>Per Telefon<\/td><\/tr><tr><td><button class=\"elementor-button\" type=\"button\"><a href=\"https:\/\/swissraft.outdoorbooking.ch\/fo\/products\/1808?base_id=16&amp;category_id=6&amp;order_type=gift_voucher&amp;lang=de\" target=\"_blank\" rel=\"noopener\">GUTSCHEIN \/ TICKET KAUFEN<\/a><\/button><\/td><td><strong><em>WICHTIG !<\/em><\/strong><br \/><em>Um zu reservieren, rufen Sie die Nummer an, die sich oben links auf dem Gutschein \/ Ticket befindet.<\/em><\/td><\/tr><\/tbody><\/table>\t\t\t\t\t\t<\/div>\n\t\t\t\t<\/div>\n\t\t\t\t\t<\/div>\n\t\t<\/div>\n\t\t\t\t\t\t\t<\/div>\n\t\t<\/section>\n\t\t\t\t\t\t\t<\/div>\n\t\t","protected":false},"excerpt":{"rendered":"<div align=\"justify\">\n<h2 align=\"justify\">Entdecken Sie die Surselva in ihrer Gesamtheit auf diesem 30-min\u00fctigen Flug.<\/h2>\n<h3>Vom Heliport in Tavanasa aus k\u00f6nnen Sie die Surselva und zahlreiche Gipfel \u00fcber 3000 m \u00fcberfliegen.<\/h3>\n<\/div>\n<div align=\"justify\">\n<p>Von Tavanasa in der Surselva aus fliegen wir nach Obersaxen, dem Dorf Vals. Anschlie\u00dfend fliegen Sie \u00fcber den Piz Terri, die Medels-H\u00fctte und die Stadt Disentis. Danach folgt Sedrun, das f\u00fcr seine Langlaufloipen entlang des Rheins bekannt ist. Dann der Oberalpstock, der Gipfel des T\u00f6di, der zwischen den Kantonen Glarus und Graub\u00fcnden liegt. Die Bifertenh\u00fctte auf 2482 m, der See von da Pigniu, bevor Sie sich auf dem Heliport von Tavanasa ausruhen.<\/p>\n<h3>Mehr als 150 Rundfl\u00fcge in der Schweiz finden Sie auf unserer Swissraft-Website.<\/h3>\n<p id=\"textarea\" style=\"display: none;\">\nWir f\u00fchren Rundfl\u00fcge von den Heliports Untervaz und Flims in Graub\u00fcnden aus durch. Wir bieten auch Rundfl\u00fcge ab dem Flugplatz Samedan im Engadin an. Dar\u00fcber hinaus bieten wir Rundfl\u00fcge vom Heliport Balzers und vom Flugplatz Sitterdorf in Thurgau an. Ebenso starten wir zu Rundfl\u00fcgen von den internationalen Flugh\u00e4fen Z\u00fcrich-Kloten und Bern-Belp. Zum einen starten wir vom Heliport Gstaad-Grund und vom Flugplatz Saanen im Saanenland. Weiterhin starten wir im Berner Oberland von den Heliports Lenk-Simmental, Schattenhalb-Meiringen, Interlaken-Gsteigwiler und Lauterbrunnen. Wir bieten auch Fl\u00fcge in den Kanton Luzern ab Pfaffnau und in den Kanton Uri ab Erstfeld an. Au\u00dferdem bieten wir Fl\u00fcge vom Flugplatz Buttwil im Kanton Aargau an. Ebenso wie Fl\u00fcge aus Grenchen im Kanton Solothurn und aus K\u00fcssnacht im Kanton Schwyz. Von \u00c9pagny im Greyerzerland im Kanton Freiburg aus k\u00f6nnen wir sehr sch\u00f6ne Helikopterfl\u00fcge anbieten. Sowie im Wallis vom Flughafen Sitten und den Heliport Collombey und Gampel. Daneben bieten wir Helikopterfl\u00fcge von den Flugpl\u00e4tzen Locarno-Magadino und Lodrino aus an.\n<\/p>\n<p><a id=\"seeMore\" onclick=\"toggleSeeMore()\" href=\"javascript:void(0);\">Lesen Sie mehr<\/a><\/p>\n","protected":false},"featured_media":87172,"comment_status":"open","ping_status":"closed","template":"","meta":{"inline_featured_image":false,"_mi_skip_tracking":false},"product_cat":[263,364],"product_tag":[],"class_list":["post-91843","product","type-product","status-publish","has-post-thumbnail","hentry","product_cat-helikopterflug-in-der-schweiz","product_cat-helikopterflug-rundflug-tavanasa"],"yoast_head":"<!-- This site is optimized with the Yoast SEO plugin v23.6 - https:\/\/yoast.com\/wordpress\/plugins\/seo\/ -->\n<title>Rundflug Surselva-Tour ab Tavanasa mit dem Helikopter<\/title>\n<meta name=\"description\" content=\"Rundflug Surselva-Tour von Tavanasa mit dem Helikopter : Ein super 30-min\u00fctiger Flug \u00fcber die gesamte Surselva und die B\u00fcndner Berge\" \/>\n<meta name=\"robots\" content=\"index, follow, max-snippet:-1, max-image-preview:large, max-video-preview:-1\" \/>\n<link rel=\"canonical\" href=\"https:\/\/www.swissraft.ch\/de\/produkt\/tavanasa-rundflug-surselva-tour\/\" \/>\n<meta property=\"og:locale\" content=\"de_DE\" \/>\n<meta property=\"og:type\" content=\"article\" \/>\n<meta property=\"og:title\" content=\"Rundflug Surselva-Tour ab Tavanasa mit dem Helikopter\" \/>\n<meta property=\"og:description\" content=\"Rundflug Surselva-Tour von Tavanasa mit dem Helikopter : Ein super 30-min\u00fctiger Flug \u00fcber die gesamte Surselva und die B\u00fcndner Berge\" \/>\n<meta property=\"og:url\" content=\"https:\/\/www.swissraft.ch\/de\/produkt\/tavanasa-rundflug-surselva-tour\/\" \/>\n<meta property=\"og:site_name\" content=\"Swissraft\" \/>\n<meta property=\"article:modified_time\" content=\"2026-04-24T03:26:53+00:00\" \/>\n<meta property=\"og:image\" content=\"https:\/\/www.swissraft.ch\/wp-content\/uploads\/2022\/12\/4-TAVANASA-Surselva-Tour-776x776-2.jpg\" \/>\n\t<meta property=\"og:image:width\" content=\"776\" \/>\n\t<meta property=\"og:image:height\" content=\"776\" \/>\n\t<meta property=\"og:image:type\" content=\"image\/jpeg\" \/>\n<meta name=\"twitter:card\" content=\"summary_large_image\" \/>\n<meta name=\"twitter:label1\" content=\"Gesch\u00e4tzte Lesezeit\" \/>\n\t<meta name=\"twitter:data1\" content=\"1\u00a0Minute\" \/>\n<script type=\"application\/ld+json\" class=\"yoast-schema-graph\">{\"@context\":\"https:\/\/schema.org\",\"@graph\":[{\"@type\":\"WebPage\",\"@id\":\"https:\/\/www.swissraft.ch\/de\/produkt\/tavanasa-rundflug-surselva-tour\/\",\"url\":\"https:\/\/www.swissraft.ch\/de\/produkt\/tavanasa-rundflug-surselva-tour\/\",\"name\":\"Rundflug Surselva-Tour ab Tavanasa mit dem Helikopter\",\"isPartOf\":{\"@id\":\"https:\/\/www.swissraft.ch\/de\/#website\"},\"primaryImageOfPage\":{\"@id\":\"https:\/\/www.swissraft.ch\/de\/produkt\/tavanasa-rundflug-surselva-tour\/#primaryimage\"},\"image\":{\"@id\":\"https:\/\/www.swissraft.ch\/de\/produkt\/tavanasa-rundflug-surselva-tour\/#primaryimage\"},\"thumbnailUrl\":\"https:\/\/www.swissraft.ch\/wp-content\/uploads\/2022\/12\/4-TAVANASA-Surselva-Tour-776x776-2.jpg\",\"datePublished\":\"2022-12-13T21:33:13+00:00\",\"dateModified\":\"2026-04-24T03:26:53+00:00\",\"description\":\"Rundflug Surselva-Tour von Tavanasa mit dem Helikopter : Ein super 30-min\u00fctiger Flug \u00fcber die gesamte Surselva und die B\u00fcndner Berge\",\"breadcrumb\":{\"@id\":\"https:\/\/www.swissraft.ch\/de\/produkt\/tavanasa-rundflug-surselva-tour\/#breadcrumb\"},\"inLanguage\":\"de\",\"potentialAction\":[{\"@type\":\"ReadAction\",\"target\":[\"https:\/\/www.swissraft.ch\/de\/produkt\/tavanasa-rundflug-surselva-tour\/\"]}]},{\"@type\":\"ImageObject\",\"inLanguage\":\"de\",\"@id\":\"https:\/\/www.swissraft.ch\/de\/produkt\/tavanasa-rundflug-surselva-tour\/#primaryimage\",\"url\":\"https:\/\/www.swissraft.ch\/wp-content\/uploads\/2022\/12\/4-TAVANASA-Surselva-Tour-776x776-2.jpg\",\"contentUrl\":\"https:\/\/www.swissraft.ch\/wp-content\/uploads\/2022\/12\/4-TAVANASA-Surselva-Tour-776x776-2.jpg\",\"width\":776,\"height\":776,\"caption\":\"OLYMPUS DIGITAL CAMERA\"},{\"@type\":\"BreadcrumbList\",\"@id\":\"https:\/\/www.swissraft.ch\/de\/produkt\/tavanasa-rundflug-surselva-tour\/#breadcrumb\",\"itemListElement\":[{\"@type\":\"ListItem\",\"position\":1,\"name\":\"Accueil\",\"item\":\"https:\/\/www.swissraft.ch\/de\/\"},{\"@type\":\"ListItem\",\"position\":2,\"name\":\"Shop\",\"item\":\"https:\/\/www.swissraft.ch\/de\/shop\/\"},{\"@type\":\"ListItem\",\"position\":3,\"name\":\"Helikopterflug &#8211; Tavanasa &#8211; Surselva-Tour &#8211; 30 Min. &#8211; CHF 1&rsquo;440.00\"}]},{\"@type\":\"WebSite\",\"@id\":\"https:\/\/www.swissraft.ch\/de\/#website\",\"url\":\"https:\/\/www.swissraft.ch\/de\/\",\"name\":\"Swissraft\",\"description\":\"To enjoy nature as it is\",\"publisher\":{\"@id\":\"https:\/\/www.swissraft.ch\/de\/#organization\"},\"potentialAction\":[{\"@type\":\"SearchAction\",\"target\":{\"@type\":\"EntryPoint\",\"urlTemplate\":\"https:\/\/www.swissraft.ch\/de\/?s={search_term_string}\"},\"query-input\":{\"@type\":\"PropertyValueSpecification\",\"valueRequired\":true,\"valueName\":\"search_term_string\"}}],\"inLanguage\":\"de\"},{\"@type\":\"Organization\",\"@id\":\"https:\/\/www.swissraft.ch\/de\/#organization\",\"name\":\"Swissraft\",\"url\":\"https:\/\/www.swissraft.ch\/de\/\",\"logo\":{\"@type\":\"ImageObject\",\"inLanguage\":\"de\",\"@id\":\"https:\/\/www.swissraft.ch\/de\/#\/schema\/logo\/image\/\",\"url\":\"https:\/\/www.swissraft.ch\/wp-content\/uploads\/2025\/09\/Capture.jpg\",\"contentUrl\":\"https:\/\/www.swissraft.ch\/wp-content\/uploads\/2025\/09\/Capture.jpg\",\"width\":293,\"height\":108,\"caption\":\"Swissraft\"},\"image\":{\"@id\":\"https:\/\/www.swissraft.ch\/de\/#\/schema\/logo\/image\/\"}}]}<\/script>\n<!-- \/ Yoast SEO plugin. -->","yoast_head_json":{"title":"Rundflug Surselva-Tour ab Tavanasa mit dem Helikopter","description":"Rundflug Surselva-Tour von Tavanasa mit dem Helikopter : Ein super 30-min\u00fctiger Flug \u00fcber die gesamte Surselva und die B\u00fcndner Berge","robots":{"index":"index","follow":"follow","max-snippet":"max-snippet:-1","max-image-preview":"max-image-preview:large","max-video-preview":"max-video-preview:-1"},"canonical":"https:\/\/www.swissraft.ch\/de\/produkt\/tavanasa-rundflug-surselva-tour\/","og_locale":"de_DE","og_type":"article","og_title":"Rundflug Surselva-Tour ab Tavanasa mit dem Helikopter","og_description":"Rundflug Surselva-Tour von Tavanasa mit dem Helikopter : Ein super 30-min\u00fctiger Flug \u00fcber die gesamte Surselva und die B\u00fcndner Berge","og_url":"https:\/\/www.swissraft.ch\/de\/produkt\/tavanasa-rundflug-surselva-tour\/","og_site_name":"Swissraft","article_modified_time":"2026-04-24T03:26:53+00:00","og_image":[{"width":776,"height":776,"url":"https:\/\/www.swissraft.ch\/wp-content\/uploads\/2022\/12\/4-TAVANASA-Surselva-Tour-776x776-2.jpg","type":"image\/jpeg"}],"twitter_card":"summary_large_image","twitter_misc":{"Gesch\u00e4tzte Lesezeit":"1\u00a0Minute"},"schema":{"@context":"https:\/\/schema.org","@graph":[{"@type":"WebPage","@id":"https:\/\/www.swissraft.ch\/de\/produkt\/tavanasa-rundflug-surselva-tour\/","url":"https:\/\/www.swissraft.ch\/de\/produkt\/tavanasa-rundflug-surselva-tour\/","name":"Rundflug Surselva-Tour ab Tavanasa mit dem Helikopter","isPartOf":{"@id":"https:\/\/www.swissraft.ch\/de\/#website"},"primaryImageOfPage":{"@id":"https:\/\/www.swissraft.ch\/de\/produkt\/tavanasa-rundflug-surselva-tour\/#primaryimage"},"image":{"@id":"https:\/\/www.swissraft.ch\/de\/produkt\/tavanasa-rundflug-surselva-tour\/#primaryimage"},"thumbnailUrl":"https:\/\/www.swissraft.ch\/wp-content\/uploads\/2022\/12\/4-TAVANASA-Surselva-Tour-776x776-2.jpg","datePublished":"2022-12-13T21:33:13+00:00","dateModified":"2026-04-24T03:26:53+00:00","description":"Rundflug Surselva-Tour von Tavanasa mit dem Helikopter : Ein super 30-min\u00fctiger Flug \u00fcber die gesamte Surselva und die B\u00fcndner Berge","breadcrumb":{"@id":"https:\/\/www.swissraft.ch\/de\/produkt\/tavanasa-rundflug-surselva-tour\/#breadcrumb"},"inLanguage":"de","potentialAction":[{"@type":"ReadAction","target":["https:\/\/www.swissraft.ch\/de\/produkt\/tavanasa-rundflug-surselva-tour\/"]}]},{"@type":"ImageObject","inLanguage":"de","@id":"https:\/\/www.swissraft.ch\/de\/produkt\/tavanasa-rundflug-surselva-tour\/#primaryimage","url":"https:\/\/www.swissraft.ch\/wp-content\/uploads\/2022\/12\/4-TAVANASA-Surselva-Tour-776x776-2.jpg","contentUrl":"https:\/\/www.swissraft.ch\/wp-content\/uploads\/2022\/12\/4-TAVANASA-Surselva-Tour-776x776-2.jpg","width":776,"height":776,"caption":"OLYMPUS DIGITAL CAMERA"},{"@type":"BreadcrumbList","@id":"https:\/\/www.swissraft.ch\/de\/produkt\/tavanasa-rundflug-surselva-tour\/#breadcrumb","itemListElement":[{"@type":"ListItem","position":1,"name":"Accueil","item":"https:\/\/www.swissraft.ch\/de\/"},{"@type":"ListItem","position":2,"name":"Shop","item":"https:\/\/www.swissraft.ch\/de\/shop\/"},{"@type":"ListItem","position":3,"name":"Helikopterflug &#8211; Tavanasa &#8211; Surselva-Tour &#8211; 30 Min. &#8211; CHF 1&rsquo;440.00"}]},{"@type":"WebSite","@id":"https:\/\/www.swissraft.ch\/de\/#website","url":"https:\/\/www.swissraft.ch\/de\/","name":"Swissraft","description":"To enjoy nature as it is","publisher":{"@id":"https:\/\/www.swissraft.ch\/de\/#organization"},"potentialAction":[{"@type":"SearchAction","target":{"@type":"EntryPoint","urlTemplate":"https:\/\/www.swissraft.ch\/de\/?s={search_term_string}"},"query-input":{"@type":"PropertyValueSpecification","valueRequired":true,"valueName":"search_term_string"}}],"inLanguage":"de"},{"@type":"Organization","@id":"https:\/\/www.swissraft.ch\/de\/#organization","name":"Swissraft","url":"https:\/\/www.swissraft.ch\/de\/","logo":{"@type":"ImageObject","inLanguage":"de","@id":"https:\/\/www.swissraft.ch\/de\/#\/schema\/logo\/image\/","url":"https:\/\/www.swissraft.ch\/wp-content\/uploads\/2025\/09\/Capture.jpg","contentUrl":"https:\/\/www.swissraft.ch\/wp-content\/uploads\/2025\/09\/Capture.jpg","width":293,"height":108,"caption":"Swissraft"},"image":{"@id":"https:\/\/www.swissraft.ch\/de\/#\/schema\/logo\/image\/"}}]}},"_links":{"self":[{"href":"https:\/\/www.swissraft.ch\/de\/wp-json\/wp\/v2\/product\/91843","targetHints":{"allow":["GET"]}}],"collection":[{"href":"https:\/\/www.swissraft.ch\/de\/wp-json\/wp\/v2\/product"}],"about":[{"href":"https:\/\/www.swissraft.ch\/de\/wp-json\/wp\/v2\/types\/product"}],"replies":[{"embeddable":true,"href":"https:\/\/www.swissraft.ch\/de\/wp-json\/wp\/v2\/comments?post=91843"}],"version-history":[{"count":20,"href":"https:\/\/www.swissraft.ch\/de\/wp-json\/wp\/v2\/product\/91843\/revisions"}],"predecessor-version":[{"id":141711,"href":"https:\/\/www.swissraft.ch\/de\/wp-json\/wp\/v2\/product\/91843\/revisions\/141711"}],"wp:featuredmedia":[{"embeddable":true,"href":"https:\/\/www.swissraft.ch\/de\/wp-json\/wp\/v2\/media\/87172"}],"wp:attachment":[{"href":"https:\/\/www.swissraft.ch\/de\/wp-json\/wp\/v2\/media?parent=91843"}],"wp:term":[{"taxonomy":"product_cat","embeddable":true,"href":"https:\/\/www.swissraft.ch\/de\/wp-json\/wp\/v2\/product_cat?post=91843"},{"taxonomy":"product_tag","embeddable":true,"href":"https:\/\/www.swissraft.ch\/de\/wp-json\/wp\/v2\/product_tag?post=91843"}],"curies":[{"name":"wp","href":"https:\/\/api.w.org\/{rel}","templated":true}]}}