{"id":91840,"date":"2022-12-11T14:40:31","date_gmt":"2022-12-11T13:40:31","guid":{"rendered":"https:\/\/swissraft.xyanzkdne.eu\/product\/hubschrauberflug-von-epagny-le-cervin-75-min-chf-2495-00\/"},"modified":"2026-02-05T04:44:30","modified_gmt":"2026-02-05T03:44:30","slug":"helikopterflug-epagny-matterhorn-privatflug","status":"publish","type":"product","link":"https:\/\/www.swissraft.ch\/de\/produkt\/helikopterflug-epagny-matterhorn-privatflug\/","title":{"rendered":"Helikopterflug ab \u00c9PAGNY &#8211; DAS MATTERHORN &#8211; 75 Min. &#8211; CHF 2&#8217;645.00"},"content":{"rendered":"\t\t<div data-elementor-type=\"wp-post\" data-elementor-id=\"91840\" class=\"elementor elementor-91840 elementor-29593\">\n\t\t\t\t\t\t\t\t\t<section class=\"elementor-section elementor-top-section elementor-element elementor-element-3303a7e3 elementor-section-boxed elementor-section-height-default elementor-section-height-default\" data-id=\"3303a7e3\" data-element_type=\"section\">\n\t\t\t\t\t\t<div class=\"elementor-container elementor-column-gap-default\">\n\t\t\t\t\t<div class=\"elementor-column elementor-col-100 elementor-top-column elementor-element elementor-element-16d72dbf\" data-id=\"16d72dbf\" data-element_type=\"column\">\n\t\t\t<div class=\"elementor-widget-wrap elementor-element-populated\">\n\t\t\t\t\t\t\t\t<div class=\"elementor-element elementor-element-d743c03 elementor-widget elementor-widget-text-editor\" data-id=\"d743c03\" data-element_type=\"widget\" data-widget_type=\"text-editor.default\">\n\t\t\t\t<div class=\"elementor-widget-container\">\n\t\t\t\t\t\t\t<h2>W\u00c4HLEN SIE UNTEN IHRE AKTIVIT\u00c4T AUS, UM GESCHENKGUTSCHEINE \/ TICKETS ZU VERSCHENKEN ODER ZU BUCHEN.<\/h2><table border=\"0\" width=\"580\" cellspacing=\"10\" cellpadding=\"10\"><tbody><tr><td width=\"50%\"><strong>CERVIN &#8211; PRIVATFLUG (1-4 Pers.) &#8211; 75 Min.<\/strong><\/td><td><strong>CHF <span class=\"productPrice\">2&#8217;645.00 pro Privatflug<br \/><\/span><\/strong><\/td><\/tr><tr><td>Weitere Informationen<\/td><td>&#8211; Sie haben den Helikopter ausschlie\u00dflich f\u00fcr sich<br \/>&#8211; Sie bestimmen das Datum und die Uhrzeit des Abflugs<br \/>&#8211; Maximal 4 Pers.<\/td><\/tr><tr><td>Flugplatz<\/td><td><a href=\"https:\/\/www.google.com\/maps\/place\/A%C3%A9rodrome+de+la+Gruy%C3%A8re\/@46.5952055,7.0843047,1551m\/data=!3m1!1e3!4m6!3m5!1s0x478e89f722c3d039:0xd4423e0e6ea8594d!8m2!3d46.5948613!4d7.0933586!16s%2Fg%2F120t9782?entry=ttu\" target=\"_blank\" rel=\"noopener\">\u00c9pagny<\/a><\/td><\/tr><tr><td>Flugzeit<\/td><td>75 Min.<\/td><\/tr><tr><td>Gesamtdauer<\/td><td>ca. 1:45 Std.<\/td><\/tr><tr><td>Termin<\/td><td>Per Telefon<\/td><\/tr><tr><td><button class=\"elementor-button\" type=\"button\"><a href=\"https:\/\/swissraft.outdoorbooking.ch\/fo\/products\/63?base_id=125&amp;category_id=6&amp;order_type=gift_voucher&amp;lang=de\" target=\"_blank\" rel=\"noopener\">GUTSCHEIN \/ TICKET KAUFEN<\/a><\/button><\/td><td><strong><em>WICHTIG !<\/em><\/strong><br \/><em>Um zu reservieren, rufen Sie die Nummer an, die sich oben links auf dem Gutschein \/ Ticket befindet.<\/em><\/td><\/tr><\/tbody><\/table>\t\t\t\t\t\t<\/div>\n\t\t\t\t<\/div>\n\t\t\t\t\t<\/div>\n\t\t<\/div>\n\t\t\t\t\t\t\t<\/div>\n\t\t<\/section>\n\t\t\t\t\t\t\t<\/div>\n\t\t","protected":false},"excerpt":{"rendered":"<div align=\"justify\">\n<h2 align=\"justify\">Von \u00c9pagny aus f\u00fchrt Sie dieser 75-min\u00fctige Hubschrauberrundflug zu dem legend\u00e4ren Berg der Schweiz, dem Matterhorn.<\/h2>\n<h3>Bequem an Bord heben Sie zu einem gro\u00dfen Flug ab und fliegen \u00fcber zahlreiche Gipfel und D\u00f6rfer der Schweizer Alpen.<\/h3>\n<\/div>\n<div align=\"justify\">\n<p>Sie fliegen von \u00c9pagny im Greyerzerland zum Vanil noir, dem bekanntesten Berg des Kantons Freiburg. Dann nach Gstaad, Wildhorn, Rhonetal, Dent Blanche, Matterhorn, der mythische Berg der Schweiz. Danach geht der Flug weiter zum Gornergrat, Weisshorn, Montana-Crans, Wildstrubel mit 3244 m H\u00f6he. Dann kommen nacheinander das Dorf Gstaad, die Gastlosen und Charmey, bevor Sie sich in \u00c9pagny ausruhen.<\/p>\n<h3>Bitte z\u00f6gern Sie nicht, uns per E-Mail oder Telefon zu kontaktieren, wenn Sie Fragen zu den Helikopterrundfl\u00fcgen haben, die wir Ihnen auf der Swissraft-Website vorstellen.<\/h3>\n<p id=\"textarea\" style=\"display: none;\">\nSo starten wir von den Heliports Gampel und Collombey sowie vom Flughafen Sitten im Wallis. Au\u00dferdem bieten wir Rundfl\u00fcge vom Heliport Interlaken-Gsteigwiler an. Sowie vom Heliport Gstaad-Grund und vom Flugplatz Saanen im Saanenland. Ebenso starten wir von den Heliports Lauterbrunnen, Lenk-Simmental und Schattenhalb-Meiringen. Sowie vom internationalen Flughafen Bern-Belp. Au\u00dferdem bieten wir Fl\u00fcge vom Flughafen Grenchen im Kanton Solothurn an. Sowie vom internationalen Flughafen Z\u00fcrich-Kloten. Au\u00dferdem starten wir im Kanton Luzern vom Heliport Pfaffnau. Dar\u00fcber hinaus bieten wir Helikopterrundfl\u00fcge ab Erstfeld im Kanton Uri an. Sowie im Kanton Schwyz vom Heliport K\u00fcssnacht aus. Au\u00dferdem starten wir von Buttwil im Kanton Aargau. Aber wir haben auch Fl\u00fcge ins Tessin von den Flugpl\u00e4tzen Locarno und Lodrino aus. Au\u00dferdem starten wir das ganze Jahr \u00fcber mit dem Hubschrauber vom Flugplatz Samedan. Ebenso bieten wir Hubschrauberrundfl\u00fcge von den Heliports in Flims, Tavanasa und Untervaz in Graub\u00fcnden an. Daneben bieten wir auch Helikopterfl\u00fcge ab Balzers und ab dem Flugplatz Sitterdorf im Thurgau an.\n<\/p>\n<p><a id=\"seeMore\" onclick=\"toggleSeeMore()\" href=\"javascript:void(0);\">Lesen Sie mehr<\/a><\/p>\n","protected":false},"featured_media":87478,"comment_status":"open","ping_status":"closed","template":"","meta":{"inline_featured_image":false,"_mi_skip_tracking":false},"product_cat":[263,315],"product_tag":[],"class_list":["post-91840","product","type-product","status-publish","has-post-thumbnail","hentry","product_cat-helikopterflug-in-der-schweiz","product_cat-helikopterrundflug-epagny"],"yoast_head":"<!-- This site is optimized with the Yoast SEO plugin v23.6 - https:\/\/yoast.com\/wordpress\/plugins\/seo\/ -->\n<title>Das Matterhorn im Helikopter von \u00c9pagny aus in einem 75-min\u00fctigen Flug<\/title>\n<meta name=\"description\" content=\"Matterhorn-Helikopterflug von \u00c9pagny aus f\u00fcr einen 75-min\u00fctigen Flug, bei dem Sie \u00fcber zahlreiche Gipfel und Schweizer D\u00f6rfer in den Alpen fliegen.\" \/>\n<meta name=\"robots\" content=\"index, follow, max-snippet:-1, max-image-preview:large, max-video-preview:-1\" \/>\n<link rel=\"canonical\" href=\"https:\/\/www.swissraft.ch\/de\/produkt\/helikopterflug-epagny-matterhorn-privatflug\/\" \/>\n<meta property=\"og:locale\" content=\"de_DE\" \/>\n<meta property=\"og:type\" content=\"article\" \/>\n<meta property=\"og:title\" content=\"Das Matterhorn im Helikopter von \u00c9pagny aus in einem 75-min\u00fctigen Flug\" \/>\n<meta property=\"og:description\" content=\"Matterhorn-Helikopterflug von \u00c9pagny aus f\u00fcr einen 75-min\u00fctigen Flug, bei dem Sie \u00fcber zahlreiche Gipfel und Schweizer D\u00f6rfer in den Alpen fliegen.\" \/>\n<meta property=\"og:url\" content=\"https:\/\/www.swissraft.ch\/de\/produkt\/helikopterflug-epagny-matterhorn-privatflug\/\" \/>\n<meta property=\"og:site_name\" content=\"Swissraft\" \/>\n<meta property=\"article:modified_time\" content=\"2026-02-05T03:44:30+00:00\" \/>\n<meta property=\"og:image\" content=\"https:\/\/www.swissraft.ch\/wp-content\/uploads\/2022\/12\/08-EPAGNY-Matterhorngebiet-776x776-2.jpg\" \/>\n\t<meta property=\"og:image:width\" content=\"776\" \/>\n\t<meta property=\"og:image:height\" content=\"776\" \/>\n\t<meta property=\"og:image:type\" content=\"image\/jpeg\" \/>\n<meta name=\"twitter:card\" content=\"summary_large_image\" \/>\n<meta name=\"twitter:label1\" content=\"Gesch\u00e4tzte Lesezeit\" \/>\n\t<meta name=\"twitter:data1\" content=\"1\u00a0Minute\" \/>\n<script type=\"application\/ld+json\" class=\"yoast-schema-graph\">{\"@context\":\"https:\/\/schema.org\",\"@graph\":[{\"@type\":\"WebPage\",\"@id\":\"https:\/\/www.swissraft.ch\/de\/produkt\/helikopterflug-epagny-matterhorn-privatflug\/\",\"url\":\"https:\/\/www.swissraft.ch\/de\/produkt\/helikopterflug-epagny-matterhorn-privatflug\/\",\"name\":\"Das Matterhorn im Helikopter von \u00c9pagny aus in einem 75-min\u00fctigen Flug\",\"isPartOf\":{\"@id\":\"https:\/\/www.swissraft.ch\/de\/#website\"},\"primaryImageOfPage\":{\"@id\":\"https:\/\/www.swissraft.ch\/de\/produkt\/helikopterflug-epagny-matterhorn-privatflug\/#primaryimage\"},\"image\":{\"@id\":\"https:\/\/www.swissraft.ch\/de\/produkt\/helikopterflug-epagny-matterhorn-privatflug\/#primaryimage\"},\"thumbnailUrl\":\"https:\/\/www.swissraft.ch\/wp-content\/uploads\/2022\/12\/08-EPAGNY-Matterhorngebiet-776x776-2.jpg\",\"datePublished\":\"2022-12-11T13:40:31+00:00\",\"dateModified\":\"2026-02-05T03:44:30+00:00\",\"description\":\"Matterhorn-Helikopterflug von \u00c9pagny aus f\u00fcr einen 75-min\u00fctigen Flug, bei dem Sie \u00fcber zahlreiche Gipfel und Schweizer D\u00f6rfer in den Alpen fliegen.\",\"breadcrumb\":{\"@id\":\"https:\/\/www.swissraft.ch\/de\/produkt\/helikopterflug-epagny-matterhorn-privatflug\/#breadcrumb\"},\"inLanguage\":\"de\",\"potentialAction\":[{\"@type\":\"ReadAction\",\"target\":[\"https:\/\/www.swissraft.ch\/de\/produkt\/helikopterflug-epagny-matterhorn-privatflug\/\"]}]},{\"@type\":\"ImageObject\",\"inLanguage\":\"de\",\"@id\":\"https:\/\/www.swissraft.ch\/de\/produkt\/helikopterflug-epagny-matterhorn-privatflug\/#primaryimage\",\"url\":\"https:\/\/www.swissraft.ch\/wp-content\/uploads\/2022\/12\/08-EPAGNY-Matterhorngebiet-776x776-2.jpg\",\"contentUrl\":\"https:\/\/www.swissraft.ch\/wp-content\/uploads\/2022\/12\/08-EPAGNY-Matterhorngebiet-776x776-2.jpg\",\"width\":776,\"height\":776,\"caption\":\"Hubschrauberflug zum Matterhorn von Epagny aus\"},{\"@type\":\"BreadcrumbList\",\"@id\":\"https:\/\/www.swissraft.ch\/de\/produkt\/helikopterflug-epagny-matterhorn-privatflug\/#breadcrumb\",\"itemListElement\":[{\"@type\":\"ListItem\",\"position\":1,\"name\":\"Accueil\",\"item\":\"https:\/\/www.swissraft.ch\/de\/\"},{\"@type\":\"ListItem\",\"position\":2,\"name\":\"Shop\",\"item\":\"https:\/\/www.swissraft.ch\/de\/shop\/\"},{\"@type\":\"ListItem\",\"position\":3,\"name\":\"Helikopterflug ab \u00c9PAGNY &#8211; DAS MATTERHORN &#8211; 75 Min. &#8211; CHF 2&rsquo;645.00\"}]},{\"@type\":\"WebSite\",\"@id\":\"https:\/\/www.swissraft.ch\/de\/#website\",\"url\":\"https:\/\/www.swissraft.ch\/de\/\",\"name\":\"Swissraft\",\"description\":\"To enjoy nature as it is\",\"publisher\":{\"@id\":\"https:\/\/www.swissraft.ch\/de\/#organization\"},\"potentialAction\":[{\"@type\":\"SearchAction\",\"target\":{\"@type\":\"EntryPoint\",\"urlTemplate\":\"https:\/\/www.swissraft.ch\/de\/?s={search_term_string}\"},\"query-input\":{\"@type\":\"PropertyValueSpecification\",\"valueRequired\":true,\"valueName\":\"search_term_string\"}}],\"inLanguage\":\"de\"},{\"@type\":\"Organization\",\"@id\":\"https:\/\/www.swissraft.ch\/de\/#organization\",\"name\":\"Swissraft\",\"url\":\"https:\/\/www.swissraft.ch\/de\/\",\"logo\":{\"@type\":\"ImageObject\",\"inLanguage\":\"de\",\"@id\":\"https:\/\/www.swissraft.ch\/de\/#\/schema\/logo\/image\/\",\"url\":\"https:\/\/www.swissraft.ch\/wp-content\/uploads\/2025\/09\/Capture.jpg\",\"contentUrl\":\"https:\/\/www.swissraft.ch\/wp-content\/uploads\/2025\/09\/Capture.jpg\",\"width\":293,\"height\":108,\"caption\":\"Swissraft\"},\"image\":{\"@id\":\"https:\/\/www.swissraft.ch\/de\/#\/schema\/logo\/image\/\"}}]}<\/script>\n<!-- \/ Yoast SEO plugin. -->","yoast_head_json":{"title":"Das Matterhorn im Helikopter von \u00c9pagny aus in einem 75-min\u00fctigen Flug","description":"Matterhorn-Helikopterflug von \u00c9pagny aus f\u00fcr einen 75-min\u00fctigen Flug, bei dem Sie \u00fcber zahlreiche Gipfel und Schweizer D\u00f6rfer in den Alpen fliegen.","robots":{"index":"index","follow":"follow","max-snippet":"max-snippet:-1","max-image-preview":"max-image-preview:large","max-video-preview":"max-video-preview:-1"},"canonical":"https:\/\/www.swissraft.ch\/de\/produkt\/helikopterflug-epagny-matterhorn-privatflug\/","og_locale":"de_DE","og_type":"article","og_title":"Das Matterhorn im Helikopter von \u00c9pagny aus in einem 75-min\u00fctigen Flug","og_description":"Matterhorn-Helikopterflug von \u00c9pagny aus f\u00fcr einen 75-min\u00fctigen Flug, bei dem Sie \u00fcber zahlreiche Gipfel und Schweizer D\u00f6rfer in den Alpen fliegen.","og_url":"https:\/\/www.swissraft.ch\/de\/produkt\/helikopterflug-epagny-matterhorn-privatflug\/","og_site_name":"Swissraft","article_modified_time":"2026-02-05T03:44:30+00:00","og_image":[{"width":776,"height":776,"url":"https:\/\/www.swissraft.ch\/wp-content\/uploads\/2022\/12\/08-EPAGNY-Matterhorngebiet-776x776-2.jpg","type":"image\/jpeg"}],"twitter_card":"summary_large_image","twitter_misc":{"Gesch\u00e4tzte Lesezeit":"1\u00a0Minute"},"schema":{"@context":"https:\/\/schema.org","@graph":[{"@type":"WebPage","@id":"https:\/\/www.swissraft.ch\/de\/produkt\/helikopterflug-epagny-matterhorn-privatflug\/","url":"https:\/\/www.swissraft.ch\/de\/produkt\/helikopterflug-epagny-matterhorn-privatflug\/","name":"Das Matterhorn im Helikopter von \u00c9pagny aus in einem 75-min\u00fctigen Flug","isPartOf":{"@id":"https:\/\/www.swissraft.ch\/de\/#website"},"primaryImageOfPage":{"@id":"https:\/\/www.swissraft.ch\/de\/produkt\/helikopterflug-epagny-matterhorn-privatflug\/#primaryimage"},"image":{"@id":"https:\/\/www.swissraft.ch\/de\/produkt\/helikopterflug-epagny-matterhorn-privatflug\/#primaryimage"},"thumbnailUrl":"https:\/\/www.swissraft.ch\/wp-content\/uploads\/2022\/12\/08-EPAGNY-Matterhorngebiet-776x776-2.jpg","datePublished":"2022-12-11T13:40:31+00:00","dateModified":"2026-02-05T03:44:30+00:00","description":"Matterhorn-Helikopterflug von \u00c9pagny aus f\u00fcr einen 75-min\u00fctigen Flug, bei dem Sie \u00fcber zahlreiche Gipfel und Schweizer D\u00f6rfer in den Alpen fliegen.","breadcrumb":{"@id":"https:\/\/www.swissraft.ch\/de\/produkt\/helikopterflug-epagny-matterhorn-privatflug\/#breadcrumb"},"inLanguage":"de","potentialAction":[{"@type":"ReadAction","target":["https:\/\/www.swissraft.ch\/de\/produkt\/helikopterflug-epagny-matterhorn-privatflug\/"]}]},{"@type":"ImageObject","inLanguage":"de","@id":"https:\/\/www.swissraft.ch\/de\/produkt\/helikopterflug-epagny-matterhorn-privatflug\/#primaryimage","url":"https:\/\/www.swissraft.ch\/wp-content\/uploads\/2022\/12\/08-EPAGNY-Matterhorngebiet-776x776-2.jpg","contentUrl":"https:\/\/www.swissraft.ch\/wp-content\/uploads\/2022\/12\/08-EPAGNY-Matterhorngebiet-776x776-2.jpg","width":776,"height":776,"caption":"Hubschrauberflug zum Matterhorn von Epagny aus"},{"@type":"BreadcrumbList","@id":"https:\/\/www.swissraft.ch\/de\/produkt\/helikopterflug-epagny-matterhorn-privatflug\/#breadcrumb","itemListElement":[{"@type":"ListItem","position":1,"name":"Accueil","item":"https:\/\/www.swissraft.ch\/de\/"},{"@type":"ListItem","position":2,"name":"Shop","item":"https:\/\/www.swissraft.ch\/de\/shop\/"},{"@type":"ListItem","position":3,"name":"Helikopterflug ab \u00c9PAGNY &#8211; DAS MATTERHORN &#8211; 75 Min. &#8211; CHF 2&rsquo;645.00"}]},{"@type":"WebSite","@id":"https:\/\/www.swissraft.ch\/de\/#website","url":"https:\/\/www.swissraft.ch\/de\/","name":"Swissraft","description":"To enjoy nature as it is","publisher":{"@id":"https:\/\/www.swissraft.ch\/de\/#organization"},"potentialAction":[{"@type":"SearchAction","target":{"@type":"EntryPoint","urlTemplate":"https:\/\/www.swissraft.ch\/de\/?s={search_term_string}"},"query-input":{"@type":"PropertyValueSpecification","valueRequired":true,"valueName":"search_term_string"}}],"inLanguage":"de"},{"@type":"Organization","@id":"https:\/\/www.swissraft.ch\/de\/#organization","name":"Swissraft","url":"https:\/\/www.swissraft.ch\/de\/","logo":{"@type":"ImageObject","inLanguage":"de","@id":"https:\/\/www.swissraft.ch\/de\/#\/schema\/logo\/image\/","url":"https:\/\/www.swissraft.ch\/wp-content\/uploads\/2025\/09\/Capture.jpg","contentUrl":"https:\/\/www.swissraft.ch\/wp-content\/uploads\/2025\/09\/Capture.jpg","width":293,"height":108,"caption":"Swissraft"},"image":{"@id":"https:\/\/www.swissraft.ch\/de\/#\/schema\/logo\/image\/"}}]}},"_links":{"self":[{"href":"https:\/\/www.swissraft.ch\/de\/wp-json\/wp\/v2\/product\/91840","targetHints":{"allow":["GET"]}}],"collection":[{"href":"https:\/\/www.swissraft.ch\/de\/wp-json\/wp\/v2\/product"}],"about":[{"href":"https:\/\/www.swissraft.ch\/de\/wp-json\/wp\/v2\/types\/product"}],"replies":[{"embeddable":true,"href":"https:\/\/www.swissraft.ch\/de\/wp-json\/wp\/v2\/comments?post=91840"}],"version-history":[{"count":17,"href":"https:\/\/www.swissraft.ch\/de\/wp-json\/wp\/v2\/product\/91840\/revisions"}],"predecessor-version":[{"id":129284,"href":"https:\/\/www.swissraft.ch\/de\/wp-json\/wp\/v2\/product\/91840\/revisions\/129284"}],"wp:featuredmedia":[{"embeddable":true,"href":"https:\/\/www.swissraft.ch\/de\/wp-json\/wp\/v2\/media\/87478"}],"wp:attachment":[{"href":"https:\/\/www.swissraft.ch\/de\/wp-json\/wp\/v2\/media?parent=91840"}],"wp:term":[{"taxonomy":"product_cat","embeddable":true,"href":"https:\/\/www.swissraft.ch\/de\/wp-json\/wp\/v2\/product_cat?post=91840"},{"taxonomy":"product_tag","embeddable":true,"href":"https:\/\/www.swissraft.ch\/de\/wp-json\/wp\/v2\/product_tag?post=91840"}],"curies":[{"name":"wp","href":"https:\/\/api.w.org\/{rel}","templated":true}]}}