{"id":91839,"date":"2022-12-11T21:19:05","date_gmt":"2022-12-11T20:19:05","guid":{"rendered":"https:\/\/swissraft.xyanzkdne.eu\/product\/hubschrauberflug-von-samedan-st-moritz-bernina-bergell-30-min-chf-350-00\/"},"modified":"2025-06-16T02:40:04","modified_gmt":"2025-06-16T00:40:04","slug":"helikopter-samedan-der-bernina-bergell","status":"publish","type":"product","link":"https:\/\/www.swissraft.ch\/de\/produkt\/helikopter-samedan-der-bernina-bergell\/","title":{"rendered":"Helikopterflug von SAMEDAN &#8211; BERNINA-BERGELL &#8211; 30 Min. &#8211; CHF 370.00"},"content":{"rendered":"\t\t<div data-elementor-type=\"wp-post\" data-elementor-id=\"91839\" class=\"elementor elementor-91839 elementor-29635\">\n\t\t\t\t\t\t\t\t\t<section class=\"elementor-section elementor-top-section elementor-element elementor-element-3303a7e3 elementor-section-boxed elementor-section-height-default elementor-section-height-default\" data-id=\"3303a7e3\" data-element_type=\"section\">\n\t\t\t\t\t\t<div class=\"elementor-container elementor-column-gap-default\">\n\t\t\t\t\t<div class=\"elementor-column elementor-col-100 elementor-top-column elementor-element elementor-element-16d72dbf\" data-id=\"16d72dbf\" data-element_type=\"column\">\n\t\t\t<div class=\"elementor-widget-wrap elementor-element-populated\">\n\t\t\t\t\t\t\t\t<div class=\"elementor-element elementor-element-d743c03 elementor-widget elementor-widget-text-editor\" data-id=\"d743c03\" data-element_type=\"widget\" data-widget_type=\"text-editor.default\">\n\t\t\t\t<div class=\"elementor-widget-container\">\n\t\t\t\t\t\t\t<h2>W\u00c4HLEN SIE UNTEN IHRE AKTIVIT\u00c4T AUS, UM GESCHENKGUTSCHEINE \/ TICKETS ZU VERSCHENKEN ODER ZU BUCHEN.<\/h2><table border=\"0\" width=\"580\" cellspacing=\"10\" cellpadding=\"10\"><tbody><tr><td width=\"50%\"><strong>DER BERNINA &#8211; BERGELL &#8211; ENGADIN (1-5 pax) &#8211; 30 Min.<\/strong><\/td><td><strong>CHF 370.00 pro Person<span class=\"productPrice\"><br \/><\/span><\/strong><\/td><\/tr><tr><td>Weitere Informationen<\/td><td>&#8211; Sie werden mit anderen Passagieren zusammen sein<br \/>&#8211; Maximal 5 Pers.<br \/>&#8211; Privatflug mit 5 Pers.<\/td><\/tr><tr><td>Flugplatz<\/td><td><a href=\"https:\/\/www.google.com\/maps\/place\/46%C2%B031'49.3%22N+9%C2%B052'43.3%22E\/@46.5309513,9.8600862,3106m\/data=!3m1!1e3!4m4!3m3!8m2!3d46.5303611!4d9.8786944?entry=ttu\" target=\"_blank\" rel=\"noopener\">Samedan<\/a><\/td><\/tr><tr><td>Flugzeit<\/td><td>30 Min.<\/td><\/tr><tr><td>Gesamtdauer<\/td><td>ca. 1 Std.<\/td><\/tr><tr><td>Terminvereinbarung<\/td><td>Per Telefon<\/td><\/tr><tr><td><button class=\"elementor-button\" type=\"button\"><a href=\"https:\/\/swissraft.outdoorbooking.ch\/fo\/products\/714?base_id=127&amp;category_id=6&amp;order_type=gift_voucher&amp;lang=de\" target=\"_blank\" rel=\"noopener\">GUTSCHEIN KAUFEN<\/a><\/button><\/td><td>Nach Erhalt Ihres Tickets\/Gutscheins rufen Sie bitte die Telefonnummer an, die oben links angegeben ist, um zu reservieren.<\/td><\/tr><\/tbody><\/table>\t\t\t\t\t\t<\/div>\n\t\t\t\t<\/div>\n\t\t\t\t\t<\/div>\n\t\t<\/div>\n\t\t\t\t\t\t\t<\/div>\n\t\t<\/section>\n\t\t\t\t\t\t\t<\/div>\n\t\t","protected":false},"excerpt":{"rendered":"<div align=\"justify\">\n<h2 align=\"justify\">30-min\u00fctiger Flug vom Flugplatz Samedan zum Bernina und Bergell<\/h2>\n<h3>Helikopterflug \u00fcber Bernina und Bergell; ein unvergesslicher Flug ab Samedan in Graub\u00fcnden<\/h3>\n<\/div>\n<div align=\"justify\">\n<p>Vom Flugplatz Samedan aus fliegen Sie mit unserem Helikopter Ecureuil B3 in Richtung Moteratsch-Gletscher. Danach fliegen Sie in Richtung Piz Pal\u00fc, Piz Bernina, Biancograt, Val Fex, Forno Badile. Sie fahren weiter \u00fcber die Oberengadiner Seen und St. Moritz, bevor Sie sich in Samedan ausruhen.<\/p>\n<h3>Wir haben viele Vorschl\u00e4ge f\u00fcr Rundreisen auf unserer Website. Nehmen Sie sich die Zeit, sie zu entdecken und rufen Sie uns an.<\/h3>\n<p id=\"textarea\" style=\"display: none;\">Wir starten auch von den Heliports in Untervaz, Flims und Tavanasa in Graub\u00fcnden. Au\u00dferdem fliegen wir von Balzers und dem Flugplatz Sitterdorf im Thurgau nach Liechtenstein. Au\u00dferdem gibt es touristische Fl\u00fcge vom internationalen Flughafen Z\u00fcrich-Kloten und vom internationalen Flughafen Bern-Belp. Ebenso wie der Helikoperlandeplatz Gstaad-Grund und der Flugplatz Saanen im Saanenland. Aber auch immer noch im Berner Oberland von den Hubschrauberlandepl\u00e4tzen Lenk-Simmental, Schattenhalb-Meiringen, Interlaken-Gsteigwiler und Lauterbrunnen. Zum einen bieten wir Fl\u00fcge in den Kanton Luzern ab Pfaffnau und in den Kanton Uri ab Erstfeld an. Andererseits Fl\u00fcge von Buttwil im Kanton Aargau. Danach starten wir auch von K\u00fcssnacht im Kanton Schwyz und von Grenchen im Kanton Solothurn. Au\u00dferdem fliegen wir in Gruy\u00e8re im Kanton Freiburg vom Flugplatz \u00c9pagny aus. Au\u00dferdem starten wir im Wallis von den Hubschrauberlandepl\u00e4tzen Collombey und Gampel sowie vom Flughafen Sion. Aber auch im Tessin von den Flugpl\u00e4tzen Locarno und Lodrino aus.\n<\/p>\n<p><a id=\"seeMore\" onclick=\"toggleSeeMore()\" href=\"javascript:void(0);\">Lesen Sie mehr<\/a><\/p>\n","protected":false},"featured_media":86566,"comment_status":"open","ping_status":"closed","template":"","meta":{"inline_featured_image":false,"_mi_skip_tracking":false},"product_cat":[263,363],"product_tag":[],"class_list":["post-91839","product","type-product","status-publish","has-post-thumbnail","hentry","product_cat-helikopterflug-in-der-schweiz","product_cat-helikopterrundflug-samedan"],"yoast_head":"<!-- This site is optimized with the Yoast SEO plugin v23.6 - https:\/\/yoast.com\/wordpress\/plugins\/seo\/ -->\n<title>Der Bernina - Bergell - Engadin von Samedan mit dem Helikopter<\/title>\n<meta name=\"description\" content=\"Der Bernina - Bergell - Engadin von Samedan aus mit dem Helikopter in einem 30-min\u00fctigen Flug. Sie fliegen \u00fcber zwei spektakul\u00e4re Engadin Region\" \/>\n<meta name=\"robots\" content=\"index, follow, max-snippet:-1, max-image-preview:large, max-video-preview:-1\" \/>\n<link rel=\"canonical\" href=\"https:\/\/www.swissraft.ch\/de\/produkt\/helikopter-samedan-der-bernina-bergell\/\" \/>\n<meta property=\"og:locale\" content=\"de_DE\" \/>\n<meta property=\"og:type\" content=\"article\" \/>\n<meta property=\"og:title\" content=\"Der Bernina - Bergell - Engadin von Samedan mit dem Helikopter\" \/>\n<meta property=\"og:description\" content=\"Der Bernina - Bergell - Engadin von Samedan aus mit dem Helikopter in einem 30-min\u00fctigen Flug. Sie fliegen \u00fcber zwei spektakul\u00e4re Engadin Region\" \/>\n<meta property=\"og:url\" content=\"https:\/\/www.swissraft.ch\/de\/produkt\/helikopter-samedan-der-bernina-bergell\/\" \/>\n<meta property=\"og:site_name\" content=\"Swissraft\" \/>\n<meta property=\"article:modified_time\" content=\"2025-06-16T00:40:04+00:00\" \/>\n<meta property=\"og:image\" content=\"https:\/\/www.swissraft.ch\/wp-content\/uploads\/2022\/12\/3-SAMEDAN-_-ST.-MORITZ-Bernina-Bergell-776x776-3.jpg\" \/>\n\t<meta property=\"og:image:width\" content=\"776\" \/>\n\t<meta property=\"og:image:height\" content=\"776\" \/>\n\t<meta property=\"og:image:type\" content=\"image\/jpeg\" \/>\n<meta name=\"twitter:card\" content=\"summary_large_image\" \/>\n<meta name=\"twitter:label1\" content=\"Gesch\u00e4tzte Lesezeit\" \/>\n\t<meta name=\"twitter:data1\" content=\"1\u00a0Minute\" \/>\n<script type=\"application\/ld+json\" class=\"yoast-schema-graph\">{\"@context\":\"https:\/\/schema.org\",\"@graph\":[{\"@type\":\"WebPage\",\"@id\":\"https:\/\/www.swissraft.ch\/de\/produkt\/helikopter-samedan-der-bernina-bergell\/\",\"url\":\"https:\/\/www.swissraft.ch\/de\/produkt\/helikopter-samedan-der-bernina-bergell\/\",\"name\":\"Der Bernina - Bergell - Engadin von Samedan mit dem Helikopter\",\"isPartOf\":{\"@id\":\"https:\/\/www.swissraft.ch\/de\/#website\"},\"primaryImageOfPage\":{\"@id\":\"https:\/\/www.swissraft.ch\/de\/produkt\/helikopter-samedan-der-bernina-bergell\/#primaryimage\"},\"image\":{\"@id\":\"https:\/\/www.swissraft.ch\/de\/produkt\/helikopter-samedan-der-bernina-bergell\/#primaryimage\"},\"thumbnailUrl\":\"https:\/\/www.swissraft.ch\/wp-content\/uploads\/2022\/12\/3-SAMEDAN-_-ST.-MORITZ-Bernina-Bergell-776x776-3.jpg\",\"datePublished\":\"2022-12-11T20:19:05+00:00\",\"dateModified\":\"2025-06-16T00:40:04+00:00\",\"description\":\"Der Bernina - Bergell - Engadin von Samedan aus mit dem Helikopter in einem 30-min\u00fctigen Flug. Sie fliegen \u00fcber zwei spektakul\u00e4re Engadin Region\",\"breadcrumb\":{\"@id\":\"https:\/\/www.swissraft.ch\/de\/produkt\/helikopter-samedan-der-bernina-bergell\/#breadcrumb\"},\"inLanguage\":\"de\",\"potentialAction\":[{\"@type\":\"ReadAction\",\"target\":[\"https:\/\/www.swissraft.ch\/de\/produkt\/helikopter-samedan-der-bernina-bergell\/\"]}]},{\"@type\":\"ImageObject\",\"inLanguage\":\"de\",\"@id\":\"https:\/\/www.swissraft.ch\/de\/produkt\/helikopter-samedan-der-bernina-bergell\/#primaryimage\",\"url\":\"https:\/\/www.swissraft.ch\/wp-content\/uploads\/2022\/12\/3-SAMEDAN-_-ST.-MORITZ-Bernina-Bergell-776x776-3.jpg\",\"contentUrl\":\"https:\/\/www.swissraft.ch\/wp-content\/uploads\/2022\/12\/3-SAMEDAN-_-ST.-MORITZ-Bernina-Bergell-776x776-3.jpg\",\"width\":776,\"height\":776,\"caption\":\"Von Samedan Bernina und Bergell mit dem Hubschrauber\"},{\"@type\":\"BreadcrumbList\",\"@id\":\"https:\/\/www.swissraft.ch\/de\/produkt\/helikopter-samedan-der-bernina-bergell\/#breadcrumb\",\"itemListElement\":[{\"@type\":\"ListItem\",\"position\":1,\"name\":\"Accueil\",\"item\":\"https:\/\/www.swissraft.ch\/de\/\"},{\"@type\":\"ListItem\",\"position\":2,\"name\":\"Shop\",\"item\":\"https:\/\/www.swissraft.ch\/de\/shop\/\"},{\"@type\":\"ListItem\",\"position\":3,\"name\":\"Helikopterflug von SAMEDAN &#8211; BERNINA-BERGELL &#8211; 30 Min. &#8211; CHF 370.00\"}]},{\"@type\":\"WebSite\",\"@id\":\"https:\/\/www.swissraft.ch\/de\/#website\",\"url\":\"https:\/\/www.swissraft.ch\/de\/\",\"name\":\"Swissraft\",\"description\":\"To enjoy nature as it is\",\"publisher\":{\"@id\":\"https:\/\/www.swissraft.ch\/de\/#organization\"},\"potentialAction\":[{\"@type\":\"SearchAction\",\"target\":{\"@type\":\"EntryPoint\",\"urlTemplate\":\"https:\/\/www.swissraft.ch\/de\/?s={search_term_string}\"},\"query-input\":{\"@type\":\"PropertyValueSpecification\",\"valueRequired\":true,\"valueName\":\"search_term_string\"}}],\"inLanguage\":\"de\"},{\"@type\":\"Organization\",\"@id\":\"https:\/\/www.swissraft.ch\/de\/#organization\",\"name\":\"Swissraft\",\"url\":\"https:\/\/www.swissraft.ch\/de\/\",\"logo\":{\"@type\":\"ImageObject\",\"inLanguage\":\"de\",\"@id\":\"https:\/\/www.swissraft.ch\/de\/#\/schema\/logo\/image\/\",\"url\":\"https:\/\/www.swissraft.ch\/wp-content\/uploads\/2025\/09\/Capture.jpg\",\"contentUrl\":\"https:\/\/www.swissraft.ch\/wp-content\/uploads\/2025\/09\/Capture.jpg\",\"width\":293,\"height\":108,\"caption\":\"Swissraft\"},\"image\":{\"@id\":\"https:\/\/www.swissraft.ch\/de\/#\/schema\/logo\/image\/\"}}]}<\/script>\n<!-- \/ Yoast SEO plugin. -->","yoast_head_json":{"title":"Der Bernina - Bergell - Engadin von Samedan mit dem Helikopter","description":"Der Bernina - Bergell - Engadin von Samedan aus mit dem Helikopter in einem 30-min\u00fctigen Flug. Sie fliegen \u00fcber zwei spektakul\u00e4re Engadin Region","robots":{"index":"index","follow":"follow","max-snippet":"max-snippet:-1","max-image-preview":"max-image-preview:large","max-video-preview":"max-video-preview:-1"},"canonical":"https:\/\/www.swissraft.ch\/de\/produkt\/helikopter-samedan-der-bernina-bergell\/","og_locale":"de_DE","og_type":"article","og_title":"Der Bernina - Bergell - Engadin von Samedan mit dem Helikopter","og_description":"Der Bernina - Bergell - Engadin von Samedan aus mit dem Helikopter in einem 30-min\u00fctigen Flug. Sie fliegen \u00fcber zwei spektakul\u00e4re Engadin Region","og_url":"https:\/\/www.swissraft.ch\/de\/produkt\/helikopter-samedan-der-bernina-bergell\/","og_site_name":"Swissraft","article_modified_time":"2025-06-16T00:40:04+00:00","og_image":[{"width":776,"height":776,"url":"https:\/\/www.swissraft.ch\/wp-content\/uploads\/2022\/12\/3-SAMEDAN-_-ST.-MORITZ-Bernina-Bergell-776x776-3.jpg","type":"image\/jpeg"}],"twitter_card":"summary_large_image","twitter_misc":{"Gesch\u00e4tzte Lesezeit":"1\u00a0Minute"},"schema":{"@context":"https:\/\/schema.org","@graph":[{"@type":"WebPage","@id":"https:\/\/www.swissraft.ch\/de\/produkt\/helikopter-samedan-der-bernina-bergell\/","url":"https:\/\/www.swissraft.ch\/de\/produkt\/helikopter-samedan-der-bernina-bergell\/","name":"Der Bernina - Bergell - Engadin von Samedan mit dem Helikopter","isPartOf":{"@id":"https:\/\/www.swissraft.ch\/de\/#website"},"primaryImageOfPage":{"@id":"https:\/\/www.swissraft.ch\/de\/produkt\/helikopter-samedan-der-bernina-bergell\/#primaryimage"},"image":{"@id":"https:\/\/www.swissraft.ch\/de\/produkt\/helikopter-samedan-der-bernina-bergell\/#primaryimage"},"thumbnailUrl":"https:\/\/www.swissraft.ch\/wp-content\/uploads\/2022\/12\/3-SAMEDAN-_-ST.-MORITZ-Bernina-Bergell-776x776-3.jpg","datePublished":"2022-12-11T20:19:05+00:00","dateModified":"2025-06-16T00:40:04+00:00","description":"Der Bernina - Bergell - Engadin von Samedan aus mit dem Helikopter in einem 30-min\u00fctigen Flug. Sie fliegen \u00fcber zwei spektakul\u00e4re Engadin Region","breadcrumb":{"@id":"https:\/\/www.swissraft.ch\/de\/produkt\/helikopter-samedan-der-bernina-bergell\/#breadcrumb"},"inLanguage":"de","potentialAction":[{"@type":"ReadAction","target":["https:\/\/www.swissraft.ch\/de\/produkt\/helikopter-samedan-der-bernina-bergell\/"]}]},{"@type":"ImageObject","inLanguage":"de","@id":"https:\/\/www.swissraft.ch\/de\/produkt\/helikopter-samedan-der-bernina-bergell\/#primaryimage","url":"https:\/\/www.swissraft.ch\/wp-content\/uploads\/2022\/12\/3-SAMEDAN-_-ST.-MORITZ-Bernina-Bergell-776x776-3.jpg","contentUrl":"https:\/\/www.swissraft.ch\/wp-content\/uploads\/2022\/12\/3-SAMEDAN-_-ST.-MORITZ-Bernina-Bergell-776x776-3.jpg","width":776,"height":776,"caption":"Von Samedan Bernina und Bergell mit dem Hubschrauber"},{"@type":"BreadcrumbList","@id":"https:\/\/www.swissraft.ch\/de\/produkt\/helikopter-samedan-der-bernina-bergell\/#breadcrumb","itemListElement":[{"@type":"ListItem","position":1,"name":"Accueil","item":"https:\/\/www.swissraft.ch\/de\/"},{"@type":"ListItem","position":2,"name":"Shop","item":"https:\/\/www.swissraft.ch\/de\/shop\/"},{"@type":"ListItem","position":3,"name":"Helikopterflug von SAMEDAN &#8211; BERNINA-BERGELL &#8211; 30 Min. &#8211; CHF 370.00"}]},{"@type":"WebSite","@id":"https:\/\/www.swissraft.ch\/de\/#website","url":"https:\/\/www.swissraft.ch\/de\/","name":"Swissraft","description":"To enjoy nature as it is","publisher":{"@id":"https:\/\/www.swissraft.ch\/de\/#organization"},"potentialAction":[{"@type":"SearchAction","target":{"@type":"EntryPoint","urlTemplate":"https:\/\/www.swissraft.ch\/de\/?s={search_term_string}"},"query-input":{"@type":"PropertyValueSpecification","valueRequired":true,"valueName":"search_term_string"}}],"inLanguage":"de"},{"@type":"Organization","@id":"https:\/\/www.swissraft.ch\/de\/#organization","name":"Swissraft","url":"https:\/\/www.swissraft.ch\/de\/","logo":{"@type":"ImageObject","inLanguage":"de","@id":"https:\/\/www.swissraft.ch\/de\/#\/schema\/logo\/image\/","url":"https:\/\/www.swissraft.ch\/wp-content\/uploads\/2025\/09\/Capture.jpg","contentUrl":"https:\/\/www.swissraft.ch\/wp-content\/uploads\/2025\/09\/Capture.jpg","width":293,"height":108,"caption":"Swissraft"},"image":{"@id":"https:\/\/www.swissraft.ch\/de\/#\/schema\/logo\/image\/"}}]}},"_links":{"self":[{"href":"https:\/\/www.swissraft.ch\/de\/wp-json\/wp\/v2\/product\/91839","targetHints":{"allow":["GET"]}}],"collection":[{"href":"https:\/\/www.swissraft.ch\/de\/wp-json\/wp\/v2\/product"}],"about":[{"href":"https:\/\/www.swissraft.ch\/de\/wp-json\/wp\/v2\/types\/product"}],"replies":[{"embeddable":true,"href":"https:\/\/www.swissraft.ch\/de\/wp-json\/wp\/v2\/comments?post=91839"}],"version-history":[{"count":12,"href":"https:\/\/www.swissraft.ch\/de\/wp-json\/wp\/v2\/product\/91839\/revisions"}],"predecessor-version":[{"id":117860,"href":"https:\/\/www.swissraft.ch\/de\/wp-json\/wp\/v2\/product\/91839\/revisions\/117860"}],"wp:featuredmedia":[{"embeddable":true,"href":"https:\/\/www.swissraft.ch\/de\/wp-json\/wp\/v2\/media\/86566"}],"wp:attachment":[{"href":"https:\/\/www.swissraft.ch\/de\/wp-json\/wp\/v2\/media?parent=91839"}],"wp:term":[{"taxonomy":"product_cat","embeddable":true,"href":"https:\/\/www.swissraft.ch\/de\/wp-json\/wp\/v2\/product_cat?post=91839"},{"taxonomy":"product_tag","embeddable":true,"href":"https:\/\/www.swissraft.ch\/de\/wp-json\/wp\/v2\/product_tag?post=91839"}],"curies":[{"name":"wp","href":"https:\/\/api.w.org\/{rel}","templated":true}]}}