{"id":91836,"date":"2022-12-11T21:14:18","date_gmt":"2022-12-11T20:14:18","guid":{"rendered":"https:\/\/swissraft.xyanzkdne.eu\/product\/hubschrauberflug-von-samedan-st-moritz-bernina-20-min-chf-230-00\/"},"modified":"2025-06-16T02:13:41","modified_gmt":"2025-06-16T00:13:41","slug":"der-bernina-helikopterflug-samedan","status":"publish","type":"product","link":"https:\/\/www.swissraft.ch\/de\/produkt\/der-bernina-helikopterflug-samedan\/","title":{"rendered":"Helikopterflug von SAMEDAN &#8211; BERNINA &#8211; 20 Min. &#8211; CHF 240.00"},"content":{"rendered":"\t\t<div data-elementor-type=\"wp-post\" data-elementor-id=\"91836\" class=\"elementor elementor-91836 elementor-29630\">\n\t\t\t\t\t\t\t\t\t<section class=\"elementor-section elementor-top-section elementor-element elementor-element-3303a7e3 elementor-section-boxed elementor-section-height-default elementor-section-height-default\" data-id=\"3303a7e3\" data-element_type=\"section\">\n\t\t\t\t\t\t<div class=\"elementor-container elementor-column-gap-default\">\n\t\t\t\t\t<div class=\"elementor-column elementor-col-100 elementor-top-column elementor-element elementor-element-16d72dbf\" data-id=\"16d72dbf\" data-element_type=\"column\">\n\t\t\t<div class=\"elementor-widget-wrap elementor-element-populated\">\n\t\t\t\t\t\t\t\t<div class=\"elementor-element elementor-element-d743c03 elementor-widget elementor-widget-text-editor\" data-id=\"d743c03\" data-element_type=\"widget\" data-widget_type=\"text-editor.default\">\n\t\t\t\t<div class=\"elementor-widget-container\">\n\t\t\t\t\t\t\t<h2>W\u00c4HLEN SIE UNTEN IHRE AKTIVIT\u00c4T AUS, UM GESCHENKGUTSCHEINE \/ TICKETS ZU VERSCHENKEN ODER ZU BUCHEN.<\/h2>\n<table border=\"0\" width=\"580\" cellspacing=\"10\" cellpadding=\"10\">\n<tbody>\n<tr>\n<td width=\"50%\"><strong>BERNINA (1-5 Pers.) &#8211; 20 Min.<\/strong><\/td>\n<td><strong>CHF 240.00 pro Person<span class=\"productPrice\"><br \/><\/span><\/strong><\/td>\n<\/tr>\n<tr>\n<td>Weitere Informationen<\/td>\n<td>&#8211; Sie werden mit anderen Passagieren zusammen sein<br \/>&#8211; Maximal 5 Pers.<br \/>&#8211; Privatflug mit 5 Pers.<\/td>\n<\/tr>\n<tr>\n<td>Flugplatz<\/td>\n<td><a href=\"https:\/\/www.google.com\/maps\/place\/46%C2%B031'49.3%22N+9%C2%B052'43.3%22E\/@46.5309513,9.8600862,3106m\/data=!3m1!1e3!4m4!3m3!8m2!3d46.5303611!4d9.8786944?entry=ttu\" target=\"_blank\" rel=\"noopener\">Samedan<\/a><\/td>\n<\/tr>\n<tr>\n<td>Flugzeit<\/td>\n<td>20 Min.<\/td>\n<\/tr>\n<tr>\n<td>Gesamtdauer<\/td>\n<td>ca. 50 Min.<\/td>\n<\/tr>\n<tr>\n<td>Terminvereinbarung<\/td>\n<td>Per Telefon<\/td>\n<\/tr>\n<tr>\n<td><button class=\"elementor-button\" type=\"button\"><a href=\"https:\/\/swissraft.outdoorbooking.ch\/fo\/products\/517?base_id=127&amp;category_id=6&amp;order_type=gift_voucher&amp;lang=de\" target=\"_blank\" rel=\"noopener\">GUTSCHEIN KAUFEN<\/a><\/button><\/td>\n<td>Nach Erhalt Ihres Tickets\/Gutscheins rufen Sie bitte die Telefonnummer an, die oben links angegeben ist, um zu reservieren.<\/td>\n<\/tr>\n<\/tbody>\n<\/table>\n\t\t\t\t\t\t<\/div>\n\t\t\t\t<\/div>\n\t\t\t\t\t<\/div>\n\t\t<\/div>\n\t\t\t\t\t\t\t<\/div>\n\t\t<\/section>\n\t\t\t\t\t\t\t<\/div>\n\t\t","protected":false},"excerpt":{"rendered":"<div align=\"justify\">\n<h2 align=\"justify\">Vom Flugplatz Samedan aus machen Sie einen 20-min\u00fctigen Flug in den Bernina im Oberengadin<\/h2>\n<h3>Sie fliegen in der Bernina-Region \u00fcber alle Gletscher in der Umgebung des ber\u00fchmten Dorfes St. Moritz in Graub\u00fcnden <\/h3>\n<\/div>\n<div align=\"justify\">\n<p>Von Samedan im Engadin in Graub\u00fcnden aus fliegen wir zu den Moteratsch-Gletschern. Dann fliegen wir \u00fcber den Piz Pal\u00fc, den Biancograt und den Piz Roseg. Danach fliegen wir \u00fcber St. Moritz, bevor wir wieder auf dem Flugplatz von Samedan landen.<\/p>\n<h3>Swissraft mit seinem Netzwerk von 12 Heliports, 9 Flugpl\u00e4tzen und 2 Flugh\u00e4fen bietet Ihnen eine Vielzahl von Fl\u00fcgen in der Schweiz an.<\/h3>\n<p id=\"textarea\" style=\"display: none;\">Dar\u00fcber hinaus starten wir auch von den Heliports in Untervaz, Flims und Tavanasa in Graub\u00fcnden. Ebenso fliegen wir von Balzers und dem Flugplatz Sitterdorf im Thurgau nach Liechtenstein. Gleichzeitig fliegen wir vom internationalen Flughafen Z\u00fcrich-Kloten und vom internationalen Flughafen Bern-Belp ab. Sowie vom Hubschrauberlandeplatz Gstaad-Grund und vom Flugplatz Saanen im Saanenland. Aber auch immer noch im Berner Oberland von den Hubschrauberlandepl\u00e4tzen Lenk-Simmental, Schattenhalb-Meiringen, Interlaken-Gsteigwiler und Lauterbrunnen aus. Wir bieten auch Fl\u00fcge in den Kanton Luzern von Pfaffnau und in den Kanton Uri von Erstfeld aus an. Au\u00dferdem bieten wir Fl\u00fcge von Buttwil im Kanton Aargau an. Aber auch vom Heliport in K\u00fcssnacht im Kanton Schwyz. Sowie vom Flugplatz Grenchen im Kanton Solothurn. Zum einen fliegen wir vom Flugplatz \u00c9pagny en Gruy\u00e8re im Kanton Freiburg aus. Andererseits von den Hubschrauberlandepl\u00e4tzen Gampel und Collombey sowie vom Flughafen Sion im Wallis. Aber wir haben auch Fl\u00fcge ins Tessin von den Flugpl\u00e4tzen Locarno und Lodrino aus.\n<\/p>\n<p><a id=\"seeMore\" onclick=\"toggleSeeMore()\" href=\"javascript:void(0);\">Lesen Sie mehr<\/a><\/p>\n","protected":false},"featured_media":86554,"comment_status":"open","ping_status":"closed","template":"","meta":{"inline_featured_image":false,"_mi_skip_tracking":false},"product_cat":[263,363],"product_tag":[],"class_list":["post-91836","product","type-product","status-publish","has-post-thumbnail","hentry","product_cat-helikopterflug-in-der-schweiz","product_cat-helikopterrundflug-samedan"],"yoast_head":"<!-- This site is optimized with the Yoast SEO plugin v23.6 - https:\/\/yoast.com\/wordpress\/plugins\/seo\/ -->\n<title>Der Bernina im Engadin mit dem Helikopter ab Samedan<\/title>\n<meta name=\"description\" content=\"Der Bernina im Engadin mit dem Helikopter von Samedan aus f\u00fcr einen 20-min\u00fctigen Flug, bei dem Sie \u00fcber die Gletscher in der Umgebung von St. Moritz\" \/>\n<meta name=\"robots\" content=\"index, follow, max-snippet:-1, max-image-preview:large, max-video-preview:-1\" \/>\n<link rel=\"canonical\" href=\"https:\/\/www.swissraft.ch\/de\/produkt\/der-bernina-helikopterflug-samedan\/\" \/>\n<meta property=\"og:locale\" content=\"de_DE\" \/>\n<meta property=\"og:type\" content=\"article\" \/>\n<meta property=\"og:title\" content=\"Der Bernina im Engadin mit dem Helikopter ab Samedan\" \/>\n<meta property=\"og:description\" content=\"Der Bernina im Engadin mit dem Helikopter von Samedan aus f\u00fcr einen 20-min\u00fctigen Flug, bei dem Sie \u00fcber die Gletscher in der Umgebung von St. Moritz\" \/>\n<meta property=\"og:url\" content=\"https:\/\/www.swissraft.ch\/de\/produkt\/der-bernina-helikopterflug-samedan\/\" \/>\n<meta property=\"og:site_name\" content=\"Swissraft\" \/>\n<meta property=\"article:modified_time\" content=\"2025-06-16T00:13:41+00:00\" \/>\n<meta property=\"og:image\" content=\"https:\/\/www.swissraft.ch\/wp-content\/uploads\/2022\/12\/2-SAMEDAN-ST.-MORITZ-Bernina-776x776-3.jpg\" \/>\n\t<meta property=\"og:image:width\" content=\"776\" \/>\n\t<meta property=\"og:image:height\" content=\"776\" \/>\n\t<meta property=\"og:image:type\" content=\"image\/jpeg\" \/>\n<meta name=\"twitter:card\" content=\"summary_large_image\" \/>\n<meta name=\"twitter:label1\" content=\"Gesch\u00e4tzte Lesezeit\" \/>\n\t<meta name=\"twitter:data1\" content=\"1\u00a0Minute\" \/>\n<script type=\"application\/ld+json\" class=\"yoast-schema-graph\">{\"@context\":\"https:\/\/schema.org\",\"@graph\":[{\"@type\":\"WebPage\",\"@id\":\"https:\/\/www.swissraft.ch\/de\/produkt\/der-bernina-helikopterflug-samedan\/\",\"url\":\"https:\/\/www.swissraft.ch\/de\/produkt\/der-bernina-helikopterflug-samedan\/\",\"name\":\"Der Bernina im Engadin mit dem Helikopter ab Samedan\",\"isPartOf\":{\"@id\":\"https:\/\/www.swissraft.ch\/de\/#website\"},\"primaryImageOfPage\":{\"@id\":\"https:\/\/www.swissraft.ch\/de\/produkt\/der-bernina-helikopterflug-samedan\/#primaryimage\"},\"image\":{\"@id\":\"https:\/\/www.swissraft.ch\/de\/produkt\/der-bernina-helikopterflug-samedan\/#primaryimage\"},\"thumbnailUrl\":\"https:\/\/www.swissraft.ch\/wp-content\/uploads\/2022\/12\/2-SAMEDAN-ST.-MORITZ-Bernina-776x776-3.jpg\",\"datePublished\":\"2022-12-11T20:14:18+00:00\",\"dateModified\":\"2025-06-16T00:13:41+00:00\",\"description\":\"Der Bernina im Engadin mit dem Helikopter von Samedan aus f\u00fcr einen 20-min\u00fctigen Flug, bei dem Sie \u00fcber die Gletscher in der Umgebung von St. Moritz\",\"breadcrumb\":{\"@id\":\"https:\/\/www.swissraft.ch\/de\/produkt\/der-bernina-helikopterflug-samedan\/#breadcrumb\"},\"inLanguage\":\"de\",\"potentialAction\":[{\"@type\":\"ReadAction\",\"target\":[\"https:\/\/www.swissraft.ch\/de\/produkt\/der-bernina-helikopterflug-samedan\/\"]}]},{\"@type\":\"ImageObject\",\"inLanguage\":\"de\",\"@id\":\"https:\/\/www.swissraft.ch\/de\/produkt\/der-bernina-helikopterflug-samedan\/#primaryimage\",\"url\":\"https:\/\/www.swissraft.ch\/wp-content\/uploads\/2022\/12\/2-SAMEDAN-ST.-MORITZ-Bernina-776x776-3.jpg\",\"contentUrl\":\"https:\/\/www.swissraft.ch\/wp-content\/uploads\/2022\/12\/2-SAMEDAN-ST.-MORITZ-Bernina-776x776-3.jpg\",\"width\":776,\"height\":776,\"caption\":\"Helikopterflug \u00fcber den Bernina von Samedan aus\"},{\"@type\":\"BreadcrumbList\",\"@id\":\"https:\/\/www.swissraft.ch\/de\/produkt\/der-bernina-helikopterflug-samedan\/#breadcrumb\",\"itemListElement\":[{\"@type\":\"ListItem\",\"position\":1,\"name\":\"Accueil\",\"item\":\"https:\/\/www.swissraft.ch\/de\/\"},{\"@type\":\"ListItem\",\"position\":2,\"name\":\"Shop\",\"item\":\"https:\/\/www.swissraft.ch\/de\/shop\/\"},{\"@type\":\"ListItem\",\"position\":3,\"name\":\"Helikopterflug von SAMEDAN &#8211; BERNINA &#8211; 20 Min. &#8211; CHF 240.00\"}]},{\"@type\":\"WebSite\",\"@id\":\"https:\/\/www.swissraft.ch\/de\/#website\",\"url\":\"https:\/\/www.swissraft.ch\/de\/\",\"name\":\"Swissraft\",\"description\":\"To enjoy nature as it is\",\"publisher\":{\"@id\":\"https:\/\/www.swissraft.ch\/de\/#organization\"},\"potentialAction\":[{\"@type\":\"SearchAction\",\"target\":{\"@type\":\"EntryPoint\",\"urlTemplate\":\"https:\/\/www.swissraft.ch\/de\/?s={search_term_string}\"},\"query-input\":{\"@type\":\"PropertyValueSpecification\",\"valueRequired\":true,\"valueName\":\"search_term_string\"}}],\"inLanguage\":\"de\"},{\"@type\":\"Organization\",\"@id\":\"https:\/\/www.swissraft.ch\/de\/#organization\",\"name\":\"Swissraft\",\"url\":\"https:\/\/www.swissraft.ch\/de\/\",\"logo\":{\"@type\":\"ImageObject\",\"inLanguage\":\"de\",\"@id\":\"https:\/\/www.swissraft.ch\/de\/#\/schema\/logo\/image\/\",\"url\":\"https:\/\/www.swissraft.ch\/wp-content\/uploads\/2025\/09\/Capture.jpg\",\"contentUrl\":\"https:\/\/www.swissraft.ch\/wp-content\/uploads\/2025\/09\/Capture.jpg\",\"width\":293,\"height\":108,\"caption\":\"Swissraft\"},\"image\":{\"@id\":\"https:\/\/www.swissraft.ch\/de\/#\/schema\/logo\/image\/\"}}]}<\/script>\n<!-- \/ Yoast SEO plugin. -->","yoast_head_json":{"title":"Der Bernina im Engadin mit dem Helikopter ab Samedan","description":"Der Bernina im Engadin mit dem Helikopter von Samedan aus f\u00fcr einen 20-min\u00fctigen Flug, bei dem Sie \u00fcber die Gletscher in der Umgebung von St. Moritz","robots":{"index":"index","follow":"follow","max-snippet":"max-snippet:-1","max-image-preview":"max-image-preview:large","max-video-preview":"max-video-preview:-1"},"canonical":"https:\/\/www.swissraft.ch\/de\/produkt\/der-bernina-helikopterflug-samedan\/","og_locale":"de_DE","og_type":"article","og_title":"Der Bernina im Engadin mit dem Helikopter ab Samedan","og_description":"Der Bernina im Engadin mit dem Helikopter von Samedan aus f\u00fcr einen 20-min\u00fctigen Flug, bei dem Sie \u00fcber die Gletscher in der Umgebung von St. Moritz","og_url":"https:\/\/www.swissraft.ch\/de\/produkt\/der-bernina-helikopterflug-samedan\/","og_site_name":"Swissraft","article_modified_time":"2025-06-16T00:13:41+00:00","og_image":[{"width":776,"height":776,"url":"https:\/\/www.swissraft.ch\/wp-content\/uploads\/2022\/12\/2-SAMEDAN-ST.-MORITZ-Bernina-776x776-3.jpg","type":"image\/jpeg"}],"twitter_card":"summary_large_image","twitter_misc":{"Gesch\u00e4tzte Lesezeit":"1\u00a0Minute"},"schema":{"@context":"https:\/\/schema.org","@graph":[{"@type":"WebPage","@id":"https:\/\/www.swissraft.ch\/de\/produkt\/der-bernina-helikopterflug-samedan\/","url":"https:\/\/www.swissraft.ch\/de\/produkt\/der-bernina-helikopterflug-samedan\/","name":"Der Bernina im Engadin mit dem Helikopter ab Samedan","isPartOf":{"@id":"https:\/\/www.swissraft.ch\/de\/#website"},"primaryImageOfPage":{"@id":"https:\/\/www.swissraft.ch\/de\/produkt\/der-bernina-helikopterflug-samedan\/#primaryimage"},"image":{"@id":"https:\/\/www.swissraft.ch\/de\/produkt\/der-bernina-helikopterflug-samedan\/#primaryimage"},"thumbnailUrl":"https:\/\/www.swissraft.ch\/wp-content\/uploads\/2022\/12\/2-SAMEDAN-ST.-MORITZ-Bernina-776x776-3.jpg","datePublished":"2022-12-11T20:14:18+00:00","dateModified":"2025-06-16T00:13:41+00:00","description":"Der Bernina im Engadin mit dem Helikopter von Samedan aus f\u00fcr einen 20-min\u00fctigen Flug, bei dem Sie \u00fcber die Gletscher in der Umgebung von St. Moritz","breadcrumb":{"@id":"https:\/\/www.swissraft.ch\/de\/produkt\/der-bernina-helikopterflug-samedan\/#breadcrumb"},"inLanguage":"de","potentialAction":[{"@type":"ReadAction","target":["https:\/\/www.swissraft.ch\/de\/produkt\/der-bernina-helikopterflug-samedan\/"]}]},{"@type":"ImageObject","inLanguage":"de","@id":"https:\/\/www.swissraft.ch\/de\/produkt\/der-bernina-helikopterflug-samedan\/#primaryimage","url":"https:\/\/www.swissraft.ch\/wp-content\/uploads\/2022\/12\/2-SAMEDAN-ST.-MORITZ-Bernina-776x776-3.jpg","contentUrl":"https:\/\/www.swissraft.ch\/wp-content\/uploads\/2022\/12\/2-SAMEDAN-ST.-MORITZ-Bernina-776x776-3.jpg","width":776,"height":776,"caption":"Helikopterflug \u00fcber den Bernina von Samedan aus"},{"@type":"BreadcrumbList","@id":"https:\/\/www.swissraft.ch\/de\/produkt\/der-bernina-helikopterflug-samedan\/#breadcrumb","itemListElement":[{"@type":"ListItem","position":1,"name":"Accueil","item":"https:\/\/www.swissraft.ch\/de\/"},{"@type":"ListItem","position":2,"name":"Shop","item":"https:\/\/www.swissraft.ch\/de\/shop\/"},{"@type":"ListItem","position":3,"name":"Helikopterflug von SAMEDAN &#8211; BERNINA &#8211; 20 Min. &#8211; CHF 240.00"}]},{"@type":"WebSite","@id":"https:\/\/www.swissraft.ch\/de\/#website","url":"https:\/\/www.swissraft.ch\/de\/","name":"Swissraft","description":"To enjoy nature as it is","publisher":{"@id":"https:\/\/www.swissraft.ch\/de\/#organization"},"potentialAction":[{"@type":"SearchAction","target":{"@type":"EntryPoint","urlTemplate":"https:\/\/www.swissraft.ch\/de\/?s={search_term_string}"},"query-input":{"@type":"PropertyValueSpecification","valueRequired":true,"valueName":"search_term_string"}}],"inLanguage":"de"},{"@type":"Organization","@id":"https:\/\/www.swissraft.ch\/de\/#organization","name":"Swissraft","url":"https:\/\/www.swissraft.ch\/de\/","logo":{"@type":"ImageObject","inLanguage":"de","@id":"https:\/\/www.swissraft.ch\/de\/#\/schema\/logo\/image\/","url":"https:\/\/www.swissraft.ch\/wp-content\/uploads\/2025\/09\/Capture.jpg","contentUrl":"https:\/\/www.swissraft.ch\/wp-content\/uploads\/2025\/09\/Capture.jpg","width":293,"height":108,"caption":"Swissraft"},"image":{"@id":"https:\/\/www.swissraft.ch\/de\/#\/schema\/logo\/image\/"}}]}},"_links":{"self":[{"href":"https:\/\/www.swissraft.ch\/de\/wp-json\/wp\/v2\/product\/91836","targetHints":{"allow":["GET"]}}],"collection":[{"href":"https:\/\/www.swissraft.ch\/de\/wp-json\/wp\/v2\/product"}],"about":[{"href":"https:\/\/www.swissraft.ch\/de\/wp-json\/wp\/v2\/types\/product"}],"replies":[{"embeddable":true,"href":"https:\/\/www.swissraft.ch\/de\/wp-json\/wp\/v2\/comments?post=91836"}],"version-history":[{"count":14,"href":"https:\/\/www.swissraft.ch\/de\/wp-json\/wp\/v2\/product\/91836\/revisions"}],"predecessor-version":[{"id":117830,"href":"https:\/\/www.swissraft.ch\/de\/wp-json\/wp\/v2\/product\/91836\/revisions\/117830"}],"wp:featuredmedia":[{"embeddable":true,"href":"https:\/\/www.swissraft.ch\/de\/wp-json\/wp\/v2\/media\/86554"}],"wp:attachment":[{"href":"https:\/\/www.swissraft.ch\/de\/wp-json\/wp\/v2\/media?parent=91836"}],"wp:term":[{"taxonomy":"product_cat","embeddable":true,"href":"https:\/\/www.swissraft.ch\/de\/wp-json\/wp\/v2\/product_cat?post=91836"},{"taxonomy":"product_tag","embeddable":true,"href":"https:\/\/www.swissraft.ch\/de\/wp-json\/wp\/v2\/product_tag?post=91836"}],"curies":[{"name":"wp","href":"https:\/\/api.w.org\/{rel}","templated":true}]}}