{"id":91835,"date":"2022-12-11T14:35:15","date_gmt":"2022-12-11T13:35:15","guid":{"rendered":"https:\/\/swissraft.xyanzkdne.eu\/product\/hubschrauberflug-von-epagny-la-jungfraujoch-75-min-chf-2495-00\/"},"modified":"2026-02-05T04:33:40","modified_gmt":"2026-02-05T03:33:40","slug":"helikopterflug-epagny-jungfrau-privatflug","status":"publish","type":"product","link":"https:\/\/www.swissraft.ch\/de\/produkt\/helikopterflug-epagny-jungfrau-privatflug\/","title":{"rendered":"Helikopterflug von \u00c9PAGNY &#8211; DIE JUNGFRAU &#8211; 75 Min. &#8211; CHF 2&#8217;645.00"},"content":{"rendered":"\t\t<div data-elementor-type=\"wp-post\" data-elementor-id=\"91835\" class=\"elementor elementor-91835 elementor-29588\">\n\t\t\t\t\t\t\t\t\t<section class=\"elementor-section elementor-top-section elementor-element elementor-element-3303a7e3 elementor-section-boxed elementor-section-height-default elementor-section-height-default\" data-id=\"3303a7e3\" data-element_type=\"section\">\n\t\t\t\t\t\t<div class=\"elementor-container elementor-column-gap-default\">\n\t\t\t\t\t<div class=\"elementor-column elementor-col-100 elementor-top-column elementor-element elementor-element-16d72dbf\" data-id=\"16d72dbf\" data-element_type=\"column\">\n\t\t\t<div class=\"elementor-widget-wrap elementor-element-populated\">\n\t\t\t\t\t\t\t\t<div class=\"elementor-element elementor-element-d743c03 elementor-widget elementor-widget-text-editor\" data-id=\"d743c03\" data-element_type=\"widget\" data-widget_type=\"text-editor.default\">\n\t\t\t\t<div class=\"elementor-widget-container\">\n\t\t\t\t\t\t\t<h2>W\u00c4HLEN SIE UNTEN IHRE AKTIVIT\u00c4T AUS, UM GESCHENKGUTSCHEINE \/ TICKETS ZU VERSCHENKEN ODER ZU BUCHEN.<\/h2><table border=\"0\" width=\"580\" cellspacing=\"10\" cellpadding=\"10\"><tbody><tr><td width=\"50%\"><strong>JUNGFRAU &#8211; PRIVATFLUG (1-4 pax) &#8211; 75 min.<\/strong><\/td><td><strong>CHF <span class=\"productPrice\">2&#8217;645.00 pro Privatflug<br \/><\/span><\/strong><\/td><\/tr><tr><td>Weitere Informationen<\/td><td>&#8211; Sie haben den Helikopter ausschlie\u00dflich f\u00fcr sich<br \/>&#8211; Sie bestimmen das Datum und die Uhrzeit des Abflugs<br \/>&#8211; Maximal 4 Pers.<br \/>&#8211; 5 Passagiere auf Anfrage<\/td><\/tr><tr><td>Flugplatz<\/td><td><a href=\"https:\/\/www.google.com\/maps\/place\/A%C3%A9rodrome+de+la+Gruy%C3%A8re\/@46.5952055,7.0843047,1551m\/data=!3m1!1e3!4m6!3m5!1s0x478e89f722c3d039:0xd4423e0e6ea8594d!8m2!3d46.5948613!4d7.0933586!16s%2Fg%2F120t9782?entry=ttu\" target=\"_blank\" rel=\"noopener\">\u00c9pagny<\/a><\/td><\/tr><tr><td>Flugzeit<\/td><td>75 Min.<\/td><\/tr><tr><td>Gesamtdauer<\/td><td>ca. 1:45 Std.<\/td><\/tr><tr><td>Termin<\/td><td>Per Telefon<\/td><\/tr><tr><td><button class=\"elementor-button\" type=\"button\"><a href=\"https:\/\/swissraft.outdoorbooking.ch\/fo\/products\/1832?base_id=125&amp;category_id=6&amp;order_type=gift_voucher&amp;lang=de\" target=\"_blank\" rel=\"noopener\">GUTSCHEIN \/ TICKET KAUFEN<\/a><\/button><\/td><td><strong><em>WICHTIG !<\/em><\/strong><br \/><em>Um zu reservieren, rufen Sie die Nummer an, die sich oben links auf dem Gutschein \/ Ticket befindet.<\/em><\/td><\/tr><\/tbody><\/table>\t\t\t\t\t\t<\/div>\n\t\t\t\t<\/div>\n\t\t\t\t\t<\/div>\n\t\t<\/div>\n\t\t\t\t\t\t\t<\/div>\n\t\t<\/section>\n\t\t\t\t<section class=\"elementor-section elementor-top-section elementor-element elementor-element-84e178d elementor-section-boxed elementor-section-height-default elementor-section-height-default\" data-id=\"84e178d\" data-element_type=\"section\">\n\t\t\t\t\t\t<div class=\"elementor-container elementor-column-gap-default\">\n\t\t\t\t\t<div class=\"elementor-column elementor-col-100 elementor-top-column elementor-element elementor-element-b7a6df5\" data-id=\"b7a6df5\" data-element_type=\"column\">\n\t\t\t<div class=\"elementor-widget-wrap elementor-element-populated\">\n\t\t\t\t\t\t\t\t<div class=\"elementor-element elementor-element-5ce7f71 elementor-widget elementor-widget-text-editor\" data-id=\"5ce7f71\" data-element_type=\"widget\" data-widget_type=\"text-editor.default\">\n\t\t\t\t<div class=\"elementor-widget-container\">\n\t\t\t\t\t\t\t<h2>W\u00c4HLEN SIE UNTEN IHRE AKTIVIT\u00c4T AUS, UM GESCHENKGUTSCHEINE \/ TICKETS ZU VERSCHENKEN ODER ZU BUCHEN.<\/h2>\n\t\t\t\t\t\t<\/div>\n\t\t\t\t<\/div>\n\t\t\t\t\t<\/div>\n\t\t<\/div>\n\t\t\t\t\t\t\t<\/div>\n\t\t<\/section>\n\t\t\t\t\t\t\t<\/div>\n\t\t","protected":false},"excerpt":{"rendered":"<div align=\"justify\">\n<h2 align=\"justify\">Mit diesem 75-min\u00fctigen Flug erobern Sie die Jungfrau.<\/h2>\n<h3>Vom Flugplatz \u00c9pagny im Greyerzerland aus fliegen Sie mit dem Hubschrauber \u00fcber zahlreiche Gletscher und Gipfel der Region und des Berner Oberlandes.<\/h3>\n<\/div>\n<div align=\"justify\">\n<p>Sie starten in \u00c9pagny im Greyerzerland an Bord unseres Helikopters in Richtung Charmey, Gastlosen, Adelboden, Oeschinersee. Dann geht es weiter zur Bl\u00fcemlisalp, zur Jungfrau, zum Aletschgletscher, zum Langgletscher und ins L\u00f6tschental. Der Flug geht weiter zum Balmhorn, dem Plaine Morte Gletscher und Sch\u00f6nried, bevor Sie sich in \u00c9pagny ausruhen. Auf Wunsch k\u00f6nnen Sie mit unserem Hubschrauber Ecureuil mit 5 Passagieren auf dem Jungfraujoch landen. Auf dem Programm stehen eine Besichtigung des Spiegelpalastes und eine Verpflegung.<\/p>\n<h3>Auf der Swissraft-Website finden Sie mehr als 150 Helikopterrouten. Z\u00f6gern Sie nicht, uns per E-Mail oder Telefon zu kontaktieren.<\/h3>\n<p id=\"textarea\" style=\"display: none;\">Wir haben auch Fl\u00fcge von den Heliports Gampel und Collombey sowie vom Flughafen Sion im Wallis. Aber auch vom Heliport Interlaken-Gsteigwiler. Sowie vom Heliport Gstaad-Grund und vom Flugplatz Saanen im Saanenland. Zum einen starten wir von den Heliports Lauterbrunnen, Lenk-Simmental und Schattenhalb-Meiringen. Au\u00dferdem fliegen wir vom internationalen Flughafen Bern-Belp ab. Wir fliegen \u00fcbrigens auch vom Flughafen Grenchen im Kanton Solothurn aus. Au\u00dferdem bieten wir Rundfl\u00fcge vom internationalen Flughafen Z\u00fcrich-Kloten an. Au\u00dferdem starten wir vom Heliport Pfaffnau im Kanton Luzern. Dann haben wir Helikopterrundfl\u00fcge von Erstfeld im Kanton Uri aus. Ebenso im Kanton Schwyz vom Heliport K\u00fcssnacht aus. Au\u00dferdem starten wir von Buttwil im Kanton Aargau. Aber wir bieten auch Rundfl\u00fcge von den Flugpl\u00e4tzen Locarno und Lodrino im Tessin an. Wir bieten auch Hubschrauberfl\u00fcge vom Flugplatz Samedan aus an. Dar\u00fcber hinaus haben wir Fl\u00fcge von den Heliports Flims, Tavanasa und Untervaz in Graub\u00fcnden. Dar\u00fcber hinaus bieten wir auch Helikopterrfl\u00fcge von Balzers und vom Flugplatz Sitterdorf im Thurgau an.\n<\/p>\n<p><a id=\"seeMore\" onclick=\"toggleSeeMore()\" href=\"javascript:void(0);\">Lesen Sie mehr<\/a><\/p>\n","protected":false},"featured_media":87460,"comment_status":"open","ping_status":"closed","template":"","meta":{"inline_featured_image":false,"_mi_skip_tracking":false},"product_cat":[263,315],"product_tag":[],"class_list":["post-91835","product","type-product","status-publish","has-post-thumbnail","hentry","product_cat-helikopterflug-in-der-schweiz","product_cat-helikopterrundflug-epagny"],"yoast_head":"<!-- This site is optimized with the Yoast SEO plugin v23.6 - https:\/\/yoast.com\/wordpress\/plugins\/seo\/ -->\n<title>Die Jungfrau Privatflug mit Helikopter von \u00c9pagny aus<\/title>\n<meta name=\"description\" content=\"Die Jungfrau Privatflug mit Helikopterflug von \u00c9pagny aus. Sie fliegen \u00fcber die Gipfel und Gletscher der Region und des Berner Oberlandes\" \/>\n<meta name=\"robots\" content=\"index, follow, max-snippet:-1, max-image-preview:large, max-video-preview:-1\" \/>\n<link rel=\"canonical\" href=\"https:\/\/www.swissraft.ch\/de\/produkt\/helikopterflug-epagny-jungfrau-privatflug\/\" \/>\n<meta property=\"og:locale\" content=\"de_DE\" \/>\n<meta property=\"og:type\" content=\"article\" \/>\n<meta property=\"og:title\" content=\"Die Jungfrau Privatflug mit Helikopter von \u00c9pagny aus\" \/>\n<meta property=\"og:description\" content=\"Die Jungfrau Privatflug mit Helikopterflug von \u00c9pagny aus. Sie fliegen \u00fcber die Gipfel und Gletscher der Region und des Berner Oberlandes\" \/>\n<meta property=\"og:url\" content=\"https:\/\/www.swissraft.ch\/de\/produkt\/helikopterflug-epagny-jungfrau-privatflug\/\" \/>\n<meta property=\"og:site_name\" content=\"Swissraft\" \/>\n<meta property=\"article:modified_time\" content=\"2026-02-05T03:33:40+00:00\" \/>\n<meta property=\"og:image\" content=\"https:\/\/www.swissraft.ch\/wp-content\/uploads\/2022\/12\/07-EPAGNY-Die-Jungfrau-776x776-2.jpg\" \/>\n\t<meta property=\"og:image:width\" content=\"776\" \/>\n\t<meta property=\"og:image:height\" content=\"776\" \/>\n\t<meta property=\"og:image:type\" content=\"image\/jpeg\" \/>\n<meta name=\"twitter:card\" content=\"summary_large_image\" \/>\n<meta name=\"twitter:label1\" content=\"Gesch\u00e4tzte Lesezeit\" \/>\n\t<meta name=\"twitter:data1\" content=\"1\u00a0Minute\" \/>\n<script type=\"application\/ld+json\" class=\"yoast-schema-graph\">{\"@context\":\"https:\/\/schema.org\",\"@graph\":[{\"@type\":\"WebPage\",\"@id\":\"https:\/\/www.swissraft.ch\/de\/produkt\/helikopterflug-epagny-jungfrau-privatflug\/\",\"url\":\"https:\/\/www.swissraft.ch\/de\/produkt\/helikopterflug-epagny-jungfrau-privatflug\/\",\"name\":\"Die Jungfrau Privatflug mit Helikopter von \u00c9pagny aus\",\"isPartOf\":{\"@id\":\"https:\/\/www.swissraft.ch\/de\/#website\"},\"primaryImageOfPage\":{\"@id\":\"https:\/\/www.swissraft.ch\/de\/produkt\/helikopterflug-epagny-jungfrau-privatflug\/#primaryimage\"},\"image\":{\"@id\":\"https:\/\/www.swissraft.ch\/de\/produkt\/helikopterflug-epagny-jungfrau-privatflug\/#primaryimage\"},\"thumbnailUrl\":\"https:\/\/www.swissraft.ch\/wp-content\/uploads\/2022\/12\/07-EPAGNY-Die-Jungfrau-776x776-2.jpg\",\"datePublished\":\"2022-12-11T13:35:15+00:00\",\"dateModified\":\"2026-02-05T03:33:40+00:00\",\"description\":\"Die Jungfrau Privatflug mit Helikopterflug von \u00c9pagny aus. Sie fliegen \u00fcber die Gipfel und Gletscher der Region und des Berner Oberlandes\",\"breadcrumb\":{\"@id\":\"https:\/\/www.swissraft.ch\/de\/produkt\/helikopterflug-epagny-jungfrau-privatflug\/#breadcrumb\"},\"inLanguage\":\"de\",\"potentialAction\":[{\"@type\":\"ReadAction\",\"target\":[\"https:\/\/www.swissraft.ch\/de\/produkt\/helikopterflug-epagny-jungfrau-privatflug\/\"]}]},{\"@type\":\"ImageObject\",\"inLanguage\":\"de\",\"@id\":\"https:\/\/www.swissraft.ch\/de\/produkt\/helikopterflug-epagny-jungfrau-privatflug\/#primaryimage\",\"url\":\"https:\/\/www.swissraft.ch\/wp-content\/uploads\/2022\/12\/07-EPAGNY-Die-Jungfrau-776x776-2.jpg\",\"contentUrl\":\"https:\/\/www.swissraft.ch\/wp-content\/uploads\/2022\/12\/07-EPAGNY-Die-Jungfrau-776x776-2.jpg\",\"width\":776,\"height\":776,\"caption\":\"Die Jungfrau privatflug von \u00c9pagny aus mit dem Hubschrauber\"},{\"@type\":\"BreadcrumbList\",\"@id\":\"https:\/\/www.swissraft.ch\/de\/produkt\/helikopterflug-epagny-jungfrau-privatflug\/#breadcrumb\",\"itemListElement\":[{\"@type\":\"ListItem\",\"position\":1,\"name\":\"Accueil\",\"item\":\"https:\/\/www.swissraft.ch\/de\/\"},{\"@type\":\"ListItem\",\"position\":2,\"name\":\"Shop\",\"item\":\"https:\/\/www.swissraft.ch\/de\/shop\/\"},{\"@type\":\"ListItem\",\"position\":3,\"name\":\"Helikopterflug von \u00c9PAGNY &#8211; DIE JUNGFRAU &#8211; 75 Min. &#8211; CHF 2&rsquo;645.00\"}]},{\"@type\":\"WebSite\",\"@id\":\"https:\/\/www.swissraft.ch\/de\/#website\",\"url\":\"https:\/\/www.swissraft.ch\/de\/\",\"name\":\"Swissraft\",\"description\":\"To enjoy nature as it is\",\"publisher\":{\"@id\":\"https:\/\/www.swissraft.ch\/de\/#organization\"},\"potentialAction\":[{\"@type\":\"SearchAction\",\"target\":{\"@type\":\"EntryPoint\",\"urlTemplate\":\"https:\/\/www.swissraft.ch\/de\/?s={search_term_string}\"},\"query-input\":{\"@type\":\"PropertyValueSpecification\",\"valueRequired\":true,\"valueName\":\"search_term_string\"}}],\"inLanguage\":\"de\"},{\"@type\":\"Organization\",\"@id\":\"https:\/\/www.swissraft.ch\/de\/#organization\",\"name\":\"Swissraft\",\"url\":\"https:\/\/www.swissraft.ch\/de\/\",\"logo\":{\"@type\":\"ImageObject\",\"inLanguage\":\"de\",\"@id\":\"https:\/\/www.swissraft.ch\/de\/#\/schema\/logo\/image\/\",\"url\":\"https:\/\/www.swissraft.ch\/wp-content\/uploads\/2025\/09\/Capture.jpg\",\"contentUrl\":\"https:\/\/www.swissraft.ch\/wp-content\/uploads\/2025\/09\/Capture.jpg\",\"width\":293,\"height\":108,\"caption\":\"Swissraft\"},\"image\":{\"@id\":\"https:\/\/www.swissraft.ch\/de\/#\/schema\/logo\/image\/\"}}]}<\/script>\n<!-- \/ Yoast SEO plugin. -->","yoast_head_json":{"title":"Die Jungfrau Privatflug mit Helikopter von \u00c9pagny aus","description":"Die Jungfrau Privatflug mit Helikopterflug von \u00c9pagny aus. Sie fliegen \u00fcber die Gipfel und Gletscher der Region und des Berner Oberlandes","robots":{"index":"index","follow":"follow","max-snippet":"max-snippet:-1","max-image-preview":"max-image-preview:large","max-video-preview":"max-video-preview:-1"},"canonical":"https:\/\/www.swissraft.ch\/de\/produkt\/helikopterflug-epagny-jungfrau-privatflug\/","og_locale":"de_DE","og_type":"article","og_title":"Die Jungfrau Privatflug mit Helikopter von \u00c9pagny aus","og_description":"Die Jungfrau Privatflug mit Helikopterflug von \u00c9pagny aus. Sie fliegen \u00fcber die Gipfel und Gletscher der Region und des Berner Oberlandes","og_url":"https:\/\/www.swissraft.ch\/de\/produkt\/helikopterflug-epagny-jungfrau-privatflug\/","og_site_name":"Swissraft","article_modified_time":"2026-02-05T03:33:40+00:00","og_image":[{"width":776,"height":776,"url":"https:\/\/www.swissraft.ch\/wp-content\/uploads\/2022\/12\/07-EPAGNY-Die-Jungfrau-776x776-2.jpg","type":"image\/jpeg"}],"twitter_card":"summary_large_image","twitter_misc":{"Gesch\u00e4tzte Lesezeit":"1\u00a0Minute"},"schema":{"@context":"https:\/\/schema.org","@graph":[{"@type":"WebPage","@id":"https:\/\/www.swissraft.ch\/de\/produkt\/helikopterflug-epagny-jungfrau-privatflug\/","url":"https:\/\/www.swissraft.ch\/de\/produkt\/helikopterflug-epagny-jungfrau-privatflug\/","name":"Die Jungfrau Privatflug mit Helikopter von \u00c9pagny aus","isPartOf":{"@id":"https:\/\/www.swissraft.ch\/de\/#website"},"primaryImageOfPage":{"@id":"https:\/\/www.swissraft.ch\/de\/produkt\/helikopterflug-epagny-jungfrau-privatflug\/#primaryimage"},"image":{"@id":"https:\/\/www.swissraft.ch\/de\/produkt\/helikopterflug-epagny-jungfrau-privatflug\/#primaryimage"},"thumbnailUrl":"https:\/\/www.swissraft.ch\/wp-content\/uploads\/2022\/12\/07-EPAGNY-Die-Jungfrau-776x776-2.jpg","datePublished":"2022-12-11T13:35:15+00:00","dateModified":"2026-02-05T03:33:40+00:00","description":"Die Jungfrau Privatflug mit Helikopterflug von \u00c9pagny aus. Sie fliegen \u00fcber die Gipfel und Gletscher der Region und des Berner Oberlandes","breadcrumb":{"@id":"https:\/\/www.swissraft.ch\/de\/produkt\/helikopterflug-epagny-jungfrau-privatflug\/#breadcrumb"},"inLanguage":"de","potentialAction":[{"@type":"ReadAction","target":["https:\/\/www.swissraft.ch\/de\/produkt\/helikopterflug-epagny-jungfrau-privatflug\/"]}]},{"@type":"ImageObject","inLanguage":"de","@id":"https:\/\/www.swissraft.ch\/de\/produkt\/helikopterflug-epagny-jungfrau-privatflug\/#primaryimage","url":"https:\/\/www.swissraft.ch\/wp-content\/uploads\/2022\/12\/07-EPAGNY-Die-Jungfrau-776x776-2.jpg","contentUrl":"https:\/\/www.swissraft.ch\/wp-content\/uploads\/2022\/12\/07-EPAGNY-Die-Jungfrau-776x776-2.jpg","width":776,"height":776,"caption":"Die Jungfrau privatflug von \u00c9pagny aus mit dem Hubschrauber"},{"@type":"BreadcrumbList","@id":"https:\/\/www.swissraft.ch\/de\/produkt\/helikopterflug-epagny-jungfrau-privatflug\/#breadcrumb","itemListElement":[{"@type":"ListItem","position":1,"name":"Accueil","item":"https:\/\/www.swissraft.ch\/de\/"},{"@type":"ListItem","position":2,"name":"Shop","item":"https:\/\/www.swissraft.ch\/de\/shop\/"},{"@type":"ListItem","position":3,"name":"Helikopterflug von \u00c9PAGNY &#8211; DIE JUNGFRAU &#8211; 75 Min. &#8211; CHF 2&rsquo;645.00"}]},{"@type":"WebSite","@id":"https:\/\/www.swissraft.ch\/de\/#website","url":"https:\/\/www.swissraft.ch\/de\/","name":"Swissraft","description":"To enjoy nature as it is","publisher":{"@id":"https:\/\/www.swissraft.ch\/de\/#organization"},"potentialAction":[{"@type":"SearchAction","target":{"@type":"EntryPoint","urlTemplate":"https:\/\/www.swissraft.ch\/de\/?s={search_term_string}"},"query-input":{"@type":"PropertyValueSpecification","valueRequired":true,"valueName":"search_term_string"}}],"inLanguage":"de"},{"@type":"Organization","@id":"https:\/\/www.swissraft.ch\/de\/#organization","name":"Swissraft","url":"https:\/\/www.swissraft.ch\/de\/","logo":{"@type":"ImageObject","inLanguage":"de","@id":"https:\/\/www.swissraft.ch\/de\/#\/schema\/logo\/image\/","url":"https:\/\/www.swissraft.ch\/wp-content\/uploads\/2025\/09\/Capture.jpg","contentUrl":"https:\/\/www.swissraft.ch\/wp-content\/uploads\/2025\/09\/Capture.jpg","width":293,"height":108,"caption":"Swissraft"},"image":{"@id":"https:\/\/www.swissraft.ch\/de\/#\/schema\/logo\/image\/"}}]}},"_links":{"self":[{"href":"https:\/\/www.swissraft.ch\/de\/wp-json\/wp\/v2\/product\/91835","targetHints":{"allow":["GET"]}}],"collection":[{"href":"https:\/\/www.swissraft.ch\/de\/wp-json\/wp\/v2\/product"}],"about":[{"href":"https:\/\/www.swissraft.ch\/de\/wp-json\/wp\/v2\/types\/product"}],"replies":[{"embeddable":true,"href":"https:\/\/www.swissraft.ch\/de\/wp-json\/wp\/v2\/comments?post=91835"}],"version-history":[{"count":18,"href":"https:\/\/www.swissraft.ch\/de\/wp-json\/wp\/v2\/product\/91835\/revisions"}],"predecessor-version":[{"id":129251,"href":"https:\/\/www.swissraft.ch\/de\/wp-json\/wp\/v2\/product\/91835\/revisions\/129251"}],"wp:featuredmedia":[{"embeddable":true,"href":"https:\/\/www.swissraft.ch\/de\/wp-json\/wp\/v2\/media\/87460"}],"wp:attachment":[{"href":"https:\/\/www.swissraft.ch\/de\/wp-json\/wp\/v2\/media?parent=91835"}],"wp:term":[{"taxonomy":"product_cat","embeddable":true,"href":"https:\/\/www.swissraft.ch\/de\/wp-json\/wp\/v2\/product_cat?post=91835"},{"taxonomy":"product_tag","embeddable":true,"href":"https:\/\/www.swissraft.ch\/de\/wp-json\/wp\/v2\/product_tag?post=91835"}],"curies":[{"name":"wp","href":"https:\/\/api.w.org\/{rel}","templated":true}]}}