{"id":91831,"date":"2022-12-27T14:39:48","date_gmt":"2022-12-27T13:39:48","guid":{"rendered":"https:\/\/swissraft.xyanzkdne.eu\/product\/hubschrauberflug-von-locarno-vorspeise-in-einem-grotto-25-min-chf-1150-00\/"},"modified":"2025-06-30T19:13:03","modified_gmt":"2025-06-30T17:13:03","slug":"aperitiv-in-einem-grotto-helikopterflug-locarno","status":"publish","type":"product","link":"https:\/\/www.swissraft.ch\/de\/produkt\/aperitiv-in-einem-grotto-helikopterflug-locarno\/","title":{"rendered":"Helikopterflug von LOCARNO &#8211; APERITIF IN EINEM GROTTO &#8211; 30 min. &#8211; CHF 1&#8217;210.00"},"content":{"rendered":"\t\t<div data-elementor-type=\"wp-post\" data-elementor-id=\"91831\" class=\"elementor elementor-91831 elementor-30001\">\n\t\t\t\t\t\t\t\t\t<section class=\"elementor-section elementor-top-section elementor-element elementor-element-3303a7e3 elementor-section-boxed elementor-section-height-default elementor-section-height-default\" data-id=\"3303a7e3\" data-element_type=\"section\">\n\t\t\t\t\t\t<div class=\"elementor-container elementor-column-gap-default\">\n\t\t\t\t\t<div class=\"elementor-column elementor-col-100 elementor-top-column elementor-element elementor-element-16d72dbf\" data-id=\"16d72dbf\" data-element_type=\"column\">\n\t\t\t<div class=\"elementor-widget-wrap elementor-element-populated\">\n\t\t\t\t\t\t\t\t<div class=\"elementor-element elementor-element-d743c03 elementor-widget elementor-widget-text-editor\" data-id=\"d743c03\" data-element_type=\"widget\" data-widget_type=\"text-editor.default\">\n\t\t\t\t<div class=\"elementor-widget-container\">\n\t\t\t\t\t\t\t<h2>W\u00c4HLEN SIE UNTEN IHRE AKTIVIT\u00c4T AUS, UM GESCHENKGUTSCHEINE \/ TICKETS ZU VERSCHENKEN ODER ZU BUCHEN.<\/h2><table border=\"0\" width=\"580\" cellspacing=\"10\" cellpadding=\"10\"><tbody><tr><td width=\"50%\"><strong>APERITIF IN EINEM GROTTO &#8211; PRIVATLUG (1-4 Pers.) &#8211; 30 Min.<\/strong><\/td><td><strong>CHF 1&#8217;210.00 pro Privatflug<span class=\"productPrice\"><br \/><\/span><\/strong><\/td><\/tr><tr><td>Weitere Informationen<\/td><td><span class=\"patt\">&#8211; Sie haben den Helikopter ausschlie\u00dflich f\u00fcr sich<br \/>&#8211; Sie bestimmen das Datum und die Uhrzeit des Abflugs<br \/>&#8211; Maximal 4 Pers. <\/span><\/td><\/tr><tr><td>Flugplatz<\/td><td><a href=\"https:\/\/www.google.com\/maps\/place\/46%C2%B009'51.6%22N+8%C2%B052'57.2%22E\/@46.1653551,8.8644715,3127m\/data=!3m1!1e3!4m12!1m7!3m6!1s0x4785cb3732ff3a03:0xc7688bd294b9853!2sSwiss+Helicopter+Engineering+AG!8m2!3d46.1629655!4d8.8826566!16s%2Fg%2F11j10rdxvw!3m3!8m2!3d46.1643333!4d8.8825556?entry=ttu\" target=\"_blank\" rel=\"noopener\">Locarno &#8211; Gordola<\/a><\/td><\/tr><tr><td>Flugzeit<\/td><td>30 Min.<\/td><\/tr><tr><td>Gesamtdauer<\/td><td>ca. 2 Std.<\/td><\/tr><tr><td>Terminvereinbarung<\/td><td>Per Telefon<\/td><\/tr><tr><td><button class=\"elementor-button\" type=\"button\"><a href=\"https:\/\/swissraft.outdoorbooking.ch\/fo\/products\/135?base_id=18&amp;category_id=6&amp;order_type=gift_voucher&amp;lang=de\" target=\"_blank\" rel=\"noopener\">GUTSCHEIN KAUFEN<\/a><\/button><\/td><td><strong>CHF 1&#8217;210.00<\/strong>\/Privatflug (1-4 Pers.)<\/td><\/tr><tr><td>\u00a0<\/td><td>Nach Erhalt Ihres Tickets\/Gutscheins rufen Sie bitte die Telefonnummer an, die oben links angegeben ist, um zu reservieren.<\/td><\/tr><\/tbody><\/table>\t\t\t\t\t\t<\/div>\n\t\t\t\t<\/div>\n\t\t\t\t\t<\/div>\n\t\t<\/div>\n\t\t\t\t\t\t\t<\/div>\n\t\t<\/section>\n\t\t\t\t\t\t\t<\/div>\n\t\t","protected":false},"excerpt":{"rendered":"<div align=\"justify\">\n<h2 align=\"justify\">Von Locarno aus mit dem Helikopter zu einem von uns angebotenen Aperitif am Mittag oder am sp\u00e4ten Nachmittag an einem sch\u00f6nen Sommertag in einem typischen Tessiner Grotto.<\/h2>\n<h3>Auf den Terrassen der Grottos BOREI, CURZUTT oder MONTI MOTTI k\u00f6nnen Sie einen herrlichen Blick auf die Tessiner Berge werfen und Ihren Aperitif mit Freunden genie\u00dfen.<\/h3>\n<\/div>\n<div align=\"justify\">\n<p>Nach dem Start vom Flugplatz Locarno begeben wir uns zu einem der Grottos Ihrer Wahl, um den Aperitif einzunehmen, der im Flugpreis inbegriffen ist. Nach einer dreiviertelst\u00fcndigen Pause starten wir wieder in Richtung des Flugplatzes Locarno-Magadino. Seien Sie versichert, dass der Pilot w\u00e4hrend der Pause Milch trinken wird&#8230;<\/p>\n<h3>Mit 23 Heliports und Flugpl\u00e4tzen bietet Swissraft mehr als 150 Hubschrauberrundfl\u00fcge an.<\/h3>\n<p id=\"textarea\" style=\"display: none;\">Im Tessin bieten wir auch Fl\u00fcge vom Flughafen Lodrino an. Aber auch von Samedan aus bieten wir das ganze Jahr \u00fcber Rundreisen an. Au\u00dferdem haben wir Fl\u00fcge von den Heliports in Untervaz, Flims und Tavanasa in Graub\u00fcnden. Aber auch von Balzers aus bieten wir Fl\u00fcge nach Liechtenstein an. Sowie im Kanton Thurgau vom Flugplatz Sitterdorf aus. Wir bieten auch Helikopterfl\u00fcge vom internationalen Flughafen Z\u00fcrich-Kloten an. Ebenso haben wir Fl\u00fcge vom internationalen Flughafen Bern-Belp.<br \/>\nAber auch Fl\u00fcge vom Heliport Gstaad-Grund im Saanenland und vom Flugplatz Saanen. Ebenso von den Heliports Lenk-Simmental, Schattenhalb-Meiringen, Interlaken-Gsteigwiler und Lauterbrunnen im Berner Oberland. Wir bieten auch Rundfl\u00fcge ab den Heliports Erstfeld im Kanton Uri und Pfaffnau im Kanton Luzern an. Au\u00dferdem starten wir von den Heliports Gampel und Collombey sowie vom Flughafen Sion im Wallis. Ebenso wie vom Flugplatz \u00c9pagny im Greyerzerland im Kanton Freiburg. Danach fliegen wir vom Flugplatz Buttwil im Kanton Aargau. Aber auch Fl\u00fcge ab dem Flugplatz Grenchen im Kanton Solothurn. Im Kanton Schwyz bieten wir auch Fl\u00fcge vom Hubschrauberlandeplatz K\u00fcssnacht an.\n<\/p>\n<p><a id=\"seeMore\" onclick=\"toggleSeeMore()\" href=\"javascript:void(0);\">Lesen Sie mehr<\/a><\/p>\n","protected":false},"featured_media":86395,"comment_status":"open","ping_status":"closed","template":"","meta":{"inline_featured_image":false,"_mi_skip_tracking":false},"product_cat":[263,316],"product_tag":[],"class_list":["post-91831","product","type-product","status-publish","has-post-thumbnail","hentry","product_cat-helikopterflug-in-der-schweiz","product_cat-helikopterrundflug-locarno-gordola"],"yoast_head":"<!-- This site is optimized with the Yoast SEO plugin v23.6 - https:\/\/yoast.com\/wordpress\/plugins\/seo\/ -->\n<title>Aperitif in einem Grotto ab Locarno mit dem Helikopter<\/title>\n<meta name=\"description\" content=\"Aperitif in einem Grotto von Locarno aus mit dem Helikopter. Sie haben einen herrlichen Blick auf die Berge des Tessins. Ein angenehmer Flug mit Freunden\" \/>\n<meta name=\"robots\" content=\"index, follow, max-snippet:-1, max-image-preview:large, max-video-preview:-1\" \/>\n<link rel=\"canonical\" href=\"https:\/\/www.swissraft.ch\/de\/produkt\/aperitiv-in-einem-grotto-helikopterflug-locarno\/\" \/>\n<meta property=\"og:locale\" content=\"de_DE\" \/>\n<meta property=\"og:type\" content=\"article\" \/>\n<meta property=\"og:title\" content=\"Aperitif in einem Grotto ab Locarno mit dem Helikopter\" \/>\n<meta property=\"og:description\" content=\"Aperitif in einem Grotto von Locarno aus mit dem Helikopter. Sie haben einen herrlichen Blick auf die Berge des Tessins. Ein angenehmer Flug mit Freunden\" \/>\n<meta property=\"og:url\" content=\"https:\/\/www.swissraft.ch\/de\/produkt\/aperitiv-in-einem-grotto-helikopterflug-locarno\/\" \/>\n<meta property=\"og:site_name\" content=\"Swissraft\" \/>\n<meta property=\"article:modified_time\" content=\"2025-06-30T17:13:03+00:00\" \/>\n<meta property=\"og:image\" content=\"https:\/\/www.swissraft.ch\/wp-content\/uploads\/2022\/12\/4-LOCARNO-Grotto-Apero-776x776-2.jpg\" \/>\n\t<meta property=\"og:image:width\" content=\"776\" \/>\n\t<meta property=\"og:image:height\" content=\"776\" \/>\n\t<meta property=\"og:image:type\" content=\"image\/jpeg\" \/>\n<meta name=\"twitter:card\" content=\"summary_large_image\" \/>\n<meta name=\"twitter:label1\" content=\"Gesch\u00e4tzte Lesezeit\" \/>\n\t<meta name=\"twitter:data1\" content=\"1\u00a0Minute\" \/>\n<script type=\"application\/ld+json\" class=\"yoast-schema-graph\">{\"@context\":\"https:\/\/schema.org\",\"@graph\":[{\"@type\":\"WebPage\",\"@id\":\"https:\/\/www.swissraft.ch\/de\/produkt\/aperitiv-in-einem-grotto-helikopterflug-locarno\/\",\"url\":\"https:\/\/www.swissraft.ch\/de\/produkt\/aperitiv-in-einem-grotto-helikopterflug-locarno\/\",\"name\":\"Aperitif in einem Grotto ab Locarno mit dem Helikopter\",\"isPartOf\":{\"@id\":\"https:\/\/www.swissraft.ch\/de\/#website\"},\"primaryImageOfPage\":{\"@id\":\"https:\/\/www.swissraft.ch\/de\/produkt\/aperitiv-in-einem-grotto-helikopterflug-locarno\/#primaryimage\"},\"image\":{\"@id\":\"https:\/\/www.swissraft.ch\/de\/produkt\/aperitiv-in-einem-grotto-helikopterflug-locarno\/#primaryimage\"},\"thumbnailUrl\":\"https:\/\/www.swissraft.ch\/wp-content\/uploads\/2022\/12\/4-LOCARNO-Grotto-Apero-776x776-2.jpg\",\"datePublished\":\"2022-12-27T13:39:48+00:00\",\"dateModified\":\"2025-06-30T17:13:03+00:00\",\"description\":\"Aperitif in einem Grotto von Locarno aus mit dem Helikopter. Sie haben einen herrlichen Blick auf die Berge des Tessins. Ein angenehmer Flug mit Freunden\",\"breadcrumb\":{\"@id\":\"https:\/\/www.swissraft.ch\/de\/produkt\/aperitiv-in-einem-grotto-helikopterflug-locarno\/#breadcrumb\"},\"inLanguage\":\"de\",\"potentialAction\":[{\"@type\":\"ReadAction\",\"target\":[\"https:\/\/www.swissraft.ch\/de\/produkt\/aperitiv-in-einem-grotto-helikopterflug-locarno\/\"]}]},{\"@type\":\"ImageObject\",\"inLanguage\":\"de\",\"@id\":\"https:\/\/www.swissraft.ch\/de\/produkt\/aperitiv-in-einem-grotto-helikopterflug-locarno\/#primaryimage\",\"url\":\"https:\/\/www.swissraft.ch\/wp-content\/uploads\/2022\/12\/4-LOCARNO-Grotto-Apero-776x776-2.jpg\",\"contentUrl\":\"https:\/\/www.swissraft.ch\/wp-content\/uploads\/2022\/12\/4-LOCARNO-Grotto-Apero-776x776-2.jpg\",\"width\":776,\"height\":776,\"caption\":\"Hubschrauberflug von Locarno zu einem Aperitif in einem Grotto\"},{\"@type\":\"BreadcrumbList\",\"@id\":\"https:\/\/www.swissraft.ch\/de\/produkt\/aperitiv-in-einem-grotto-helikopterflug-locarno\/#breadcrumb\",\"itemListElement\":[{\"@type\":\"ListItem\",\"position\":1,\"name\":\"Accueil\",\"item\":\"https:\/\/www.swissraft.ch\/de\/\"},{\"@type\":\"ListItem\",\"position\":2,\"name\":\"Shop\",\"item\":\"https:\/\/www.swissraft.ch\/de\/shop\/\"},{\"@type\":\"ListItem\",\"position\":3,\"name\":\"Helikopterflug von LOCARNO &#8211; APERITIF IN EINEM GROTTO &#8211; 30 min. &#8211; CHF 1&#8217;210.00\"}]},{\"@type\":\"WebSite\",\"@id\":\"https:\/\/www.swissraft.ch\/de\/#website\",\"url\":\"https:\/\/www.swissraft.ch\/de\/\",\"name\":\"Swissraft\",\"description\":\"To enjoy nature as it is\",\"publisher\":{\"@id\":\"https:\/\/www.swissraft.ch\/de\/#organization\"},\"potentialAction\":[{\"@type\":\"SearchAction\",\"target\":{\"@type\":\"EntryPoint\",\"urlTemplate\":\"https:\/\/www.swissraft.ch\/de\/?s={search_term_string}\"},\"query-input\":{\"@type\":\"PropertyValueSpecification\",\"valueRequired\":true,\"valueName\":\"search_term_string\"}}],\"inLanguage\":\"de\"},{\"@type\":\"Organization\",\"@id\":\"https:\/\/www.swissraft.ch\/de\/#organization\",\"name\":\"Swissraft\",\"url\":\"https:\/\/www.swissraft.ch\/de\/\",\"logo\":{\"@type\":\"ImageObject\",\"inLanguage\":\"de\",\"@id\":\"https:\/\/www.swissraft.ch\/de\/#\/schema\/logo\/image\/\",\"url\":\"https:\/\/www.swissraft.ch\/wp-content\/uploads\/2025\/09\/Capture.jpg\",\"contentUrl\":\"https:\/\/www.swissraft.ch\/wp-content\/uploads\/2025\/09\/Capture.jpg\",\"width\":293,\"height\":108,\"caption\":\"Swissraft\"},\"image\":{\"@id\":\"https:\/\/www.swissraft.ch\/de\/#\/schema\/logo\/image\/\"}}]}<\/script>\n<!-- \/ Yoast SEO plugin. -->","yoast_head_json":{"title":"Aperitif in einem Grotto ab Locarno mit dem Helikopter","description":"Aperitif in einem Grotto von Locarno aus mit dem Helikopter. Sie haben einen herrlichen Blick auf die Berge des Tessins. Ein angenehmer Flug mit Freunden","robots":{"index":"index","follow":"follow","max-snippet":"max-snippet:-1","max-image-preview":"max-image-preview:large","max-video-preview":"max-video-preview:-1"},"canonical":"https:\/\/www.swissraft.ch\/de\/produkt\/aperitiv-in-einem-grotto-helikopterflug-locarno\/","og_locale":"de_DE","og_type":"article","og_title":"Aperitif in einem Grotto ab Locarno mit dem Helikopter","og_description":"Aperitif in einem Grotto von Locarno aus mit dem Helikopter. Sie haben einen herrlichen Blick auf die Berge des Tessins. Ein angenehmer Flug mit Freunden","og_url":"https:\/\/www.swissraft.ch\/de\/produkt\/aperitiv-in-einem-grotto-helikopterflug-locarno\/","og_site_name":"Swissraft","article_modified_time":"2025-06-30T17:13:03+00:00","og_image":[{"width":776,"height":776,"url":"https:\/\/www.swissraft.ch\/wp-content\/uploads\/2022\/12\/4-LOCARNO-Grotto-Apero-776x776-2.jpg","type":"image\/jpeg"}],"twitter_card":"summary_large_image","twitter_misc":{"Gesch\u00e4tzte Lesezeit":"1\u00a0Minute"},"schema":{"@context":"https:\/\/schema.org","@graph":[{"@type":"WebPage","@id":"https:\/\/www.swissraft.ch\/de\/produkt\/aperitiv-in-einem-grotto-helikopterflug-locarno\/","url":"https:\/\/www.swissraft.ch\/de\/produkt\/aperitiv-in-einem-grotto-helikopterflug-locarno\/","name":"Aperitif in einem Grotto ab Locarno mit dem Helikopter","isPartOf":{"@id":"https:\/\/www.swissraft.ch\/de\/#website"},"primaryImageOfPage":{"@id":"https:\/\/www.swissraft.ch\/de\/produkt\/aperitiv-in-einem-grotto-helikopterflug-locarno\/#primaryimage"},"image":{"@id":"https:\/\/www.swissraft.ch\/de\/produkt\/aperitiv-in-einem-grotto-helikopterflug-locarno\/#primaryimage"},"thumbnailUrl":"https:\/\/www.swissraft.ch\/wp-content\/uploads\/2022\/12\/4-LOCARNO-Grotto-Apero-776x776-2.jpg","datePublished":"2022-12-27T13:39:48+00:00","dateModified":"2025-06-30T17:13:03+00:00","description":"Aperitif in einem Grotto von Locarno aus mit dem Helikopter. Sie haben einen herrlichen Blick auf die Berge des Tessins. Ein angenehmer Flug mit Freunden","breadcrumb":{"@id":"https:\/\/www.swissraft.ch\/de\/produkt\/aperitiv-in-einem-grotto-helikopterflug-locarno\/#breadcrumb"},"inLanguage":"de","potentialAction":[{"@type":"ReadAction","target":["https:\/\/www.swissraft.ch\/de\/produkt\/aperitiv-in-einem-grotto-helikopterflug-locarno\/"]}]},{"@type":"ImageObject","inLanguage":"de","@id":"https:\/\/www.swissraft.ch\/de\/produkt\/aperitiv-in-einem-grotto-helikopterflug-locarno\/#primaryimage","url":"https:\/\/www.swissraft.ch\/wp-content\/uploads\/2022\/12\/4-LOCARNO-Grotto-Apero-776x776-2.jpg","contentUrl":"https:\/\/www.swissraft.ch\/wp-content\/uploads\/2022\/12\/4-LOCARNO-Grotto-Apero-776x776-2.jpg","width":776,"height":776,"caption":"Hubschrauberflug von Locarno zu einem Aperitif in einem Grotto"},{"@type":"BreadcrumbList","@id":"https:\/\/www.swissraft.ch\/de\/produkt\/aperitiv-in-einem-grotto-helikopterflug-locarno\/#breadcrumb","itemListElement":[{"@type":"ListItem","position":1,"name":"Accueil","item":"https:\/\/www.swissraft.ch\/de\/"},{"@type":"ListItem","position":2,"name":"Shop","item":"https:\/\/www.swissraft.ch\/de\/shop\/"},{"@type":"ListItem","position":3,"name":"Helikopterflug von LOCARNO &#8211; APERITIF IN EINEM GROTTO &#8211; 30 min. &#8211; CHF 1&#8217;210.00"}]},{"@type":"WebSite","@id":"https:\/\/www.swissraft.ch\/de\/#website","url":"https:\/\/www.swissraft.ch\/de\/","name":"Swissraft","description":"To enjoy nature as it is","publisher":{"@id":"https:\/\/www.swissraft.ch\/de\/#organization"},"potentialAction":[{"@type":"SearchAction","target":{"@type":"EntryPoint","urlTemplate":"https:\/\/www.swissraft.ch\/de\/?s={search_term_string}"},"query-input":{"@type":"PropertyValueSpecification","valueRequired":true,"valueName":"search_term_string"}}],"inLanguage":"de"},{"@type":"Organization","@id":"https:\/\/www.swissraft.ch\/de\/#organization","name":"Swissraft","url":"https:\/\/www.swissraft.ch\/de\/","logo":{"@type":"ImageObject","inLanguage":"de","@id":"https:\/\/www.swissraft.ch\/de\/#\/schema\/logo\/image\/","url":"https:\/\/www.swissraft.ch\/wp-content\/uploads\/2025\/09\/Capture.jpg","contentUrl":"https:\/\/www.swissraft.ch\/wp-content\/uploads\/2025\/09\/Capture.jpg","width":293,"height":108,"caption":"Swissraft"},"image":{"@id":"https:\/\/www.swissraft.ch\/de\/#\/schema\/logo\/image\/"}}]}},"_links":{"self":[{"href":"https:\/\/www.swissraft.ch\/de\/wp-json\/wp\/v2\/product\/91831","targetHints":{"allow":["GET"]}}],"collection":[{"href":"https:\/\/www.swissraft.ch\/de\/wp-json\/wp\/v2\/product"}],"about":[{"href":"https:\/\/www.swissraft.ch\/de\/wp-json\/wp\/v2\/types\/product"}],"replies":[{"embeddable":true,"href":"https:\/\/www.swissraft.ch\/de\/wp-json\/wp\/v2\/comments?post=91831"}],"version-history":[{"count":35,"href":"https:\/\/www.swissraft.ch\/de\/wp-json\/wp\/v2\/product\/91831\/revisions"}],"predecessor-version":[{"id":119038,"href":"https:\/\/www.swissraft.ch\/de\/wp-json\/wp\/v2\/product\/91831\/revisions\/119038"}],"wp:featuredmedia":[{"embeddable":true,"href":"https:\/\/www.swissraft.ch\/de\/wp-json\/wp\/v2\/media\/86395"}],"wp:attachment":[{"href":"https:\/\/www.swissraft.ch\/de\/wp-json\/wp\/v2\/media?parent=91831"}],"wp:term":[{"taxonomy":"product_cat","embeddable":true,"href":"https:\/\/www.swissraft.ch\/de\/wp-json\/wp\/v2\/product_cat?post=91831"},{"taxonomy":"product_tag","embeddable":true,"href":"https:\/\/www.swissraft.ch\/de\/wp-json\/wp\/v2\/product_tag?post=91831"}],"curies":[{"name":"wp","href":"https:\/\/api.w.org\/{rel}","templated":true}]}}