{"id":91824,"date":"2022-12-27T14:27:08","date_gmt":"2022-12-27T13:27:08","guid":{"rendered":"https:\/\/swissraft.xyanzkdne.eu\/product\/helikopterflug-von-locarno-privatflug-a-la-carte-ab-chf-360-00\/"},"modified":"2025-06-20T23:52:13","modified_gmt":"2025-06-20T21:52:13","slug":"helikopterflug-locarno-a-la-carte-privatflug","status":"publish","type":"product","link":"https:\/\/www.swissraft.ch\/de\/produkt\/helikopterflug-locarno-a-la-carte-privatflug\/","title":{"rendered":"Helikopterflug von LOCARNO &#8211; PRIVATFLUG \u00c0 LA CARTE &#8211; Ab CHF 380.00"},"content":{"rendered":"\t\t<div data-elementor-type=\"wp-post\" data-elementor-id=\"91824\" class=\"elementor elementor-91824 elementor-29990\">\n\t\t\t\t\t\t\t\t\t<section class=\"elementor-section elementor-top-section elementor-element elementor-element-3303a7e3 elementor-section-boxed elementor-section-height-default elementor-section-height-default\" data-id=\"3303a7e3\" data-element_type=\"section\">\n\t\t\t\t\t\t<div class=\"elementor-container elementor-column-gap-default\">\n\t\t\t\t\t<div class=\"elementor-column elementor-col-100 elementor-top-column elementor-element elementor-element-16d72dbf\" data-id=\"16d72dbf\" data-element_type=\"column\">\n\t\t\t<div class=\"elementor-widget-wrap elementor-element-populated\">\n\t\t\t\t\t\t\t\t<div class=\"elementor-element elementor-element-d743c03 elementor-widget elementor-widget-text-editor\" data-id=\"d743c03\" data-element_type=\"widget\" data-widget_type=\"text-editor.default\">\n\t\t\t\t<div class=\"elementor-widget-container\">\n\t\t\t\t\t\t\t<h2>W\u00c4HLEN SIE UNTEN IHRE AKTIVIT\u00c4T AUS, UM GESCHENKGUTSCHEINE \/ TICKETS ZU VERSCHENKEN ODER ZU BUCHEN.<\/h2><table border=\"0\" width=\"580\" cellspacing=\"10\" cellpadding=\"10\"><tbody><tr><td width=\"50%\"><strong>\u00c0 LA CARTE &#8211; PRIVATFLUG (1-4 Pers.) &#8211; Ab 10 Min.<\/strong><\/td><td><strong>Ab CHF 380.00 pro Privatflug<span class=\"productPrice\"><br \/><\/span><\/strong><\/td><\/tr><tr><td>Weitere Informationen<\/td><td>&#8211; Sie haben den Helikopter ausschlie\u00dflich f\u00fcr sich<br \/>&#8211; Sie bestimmen das Datum und die Uhrzeit des Abflugs<br \/>&#8211; Maximal 4 Pers.<\/td><\/tr><tr><td>Flugplatz<\/td><td><a href=\"https:\/\/www.google.com\/maps\/place\/46%C2%B009'51.6%22N+8%C2%B052'57.2%22E\/@46.1653551,8.8644715,3127m\/data=!3m1!1e3!4m12!1m7!3m6!1s0x4785cb3732ff3a03:0xc7688bd294b9853!2sSwiss+Helicopter+Engineering+AG!8m2!3d46.1629655!4d8.8826566!16s%2Fg%2F11j10rdxvw!3m3!8m2!3d46.1643333!4d8.8825556?entry=ttu\" target=\"_blank\" rel=\"noopener\">Locarno &#8211; Gordola<\/a><\/td><\/tr><tr><td>Flugzeit<\/td><td>10 \/ 20 \/ 30 \/ 45 Min.<\/td><\/tr><tr><td>Gesamtdauer<\/td><td>ca. 40 Min. bis 1,5 Std. je nach gew\u00e4hltem Flug<\/td><\/tr><tr><td>Terminvereinbarung<\/td><td>Per Telefon<\/td><\/tr><tr><td><button class=\"elementor-button\" type=\"button\"><a href=\"https:\/\/swissraft.outdoorbooking.ch\/fo\/products\/1839?base_id=18&amp;category_id=6&amp;order_type=gift_voucher&amp;lang=de\" target=\"_blank\" rel=\"noopener\">GUTSCHEIN KAUFEN<\/a><\/button><\/td><td><strong>CHF 380.00<\/strong>\/Privatflug &#8211; 10 Min. (1-4 Pers.)<\/td><\/tr><tr><td><button class=\"elementor-button\" type=\"button\"><a href=\"https:\/\/swissraft.outdoorbooking.ch\/fo\/products\/1841?base_id=18&amp;category_id=6&amp;order_type=gift_voucher&amp;lang=de\" target=\"_blank\" rel=\"noopener\">GUTSCHEIN KAUFEN<\/a><\/button><\/td><td><strong>CHF 700.00<\/strong>\/Privatflug &#8211; 20 Min. (1-4 Pers.)<\/td><\/tr><tr><td><button class=\"elementor-button\" type=\"button\"><a href=\"https:\/\/swissraft.outdoorbooking.ch\/fo\/products\/1842?base_id=18&amp;category_id=6&amp;order_type=gift_voucher&amp;lang=de\" target=\"_blank\" rel=\"noopener\">GUTSCHEIN KAUFEN<\/a><\/button><\/td><td><strong>CHF 1&#8217;050.00<\/strong>\/Privatflug &#8211; 30 Min. (1-4 Pers.)<\/td><\/tr><tr><td><button class=\"elementor-button\" type=\"button\"><a href=\"https:\/\/swissraft.outdoorbooking.ch\/fo\/products\/1843?base_id=18&amp;category_id=6&amp;order_type=gift_voucher&amp;lang=de\" target=\"_blank\" rel=\"noopener\">GUTSCHEIN KAUFEN<\/a><\/button><\/td><td><strong>CHF 1&#8217;580.00<\/strong>\/Privatflug &#8211; 45 Min. (1-4 Pers.)<\/td><\/tr><tr><td>\u00a0<\/td><td>Nach Erhalt Ihres Tickets\/Gutscheins rufen Sie bitte die Telefonnummer an, die oben links angegeben ist, um zu reservieren.<\/td><\/tr><\/tbody><\/table>\t\t\t\t\t\t<\/div>\n\t\t\t\t<\/div>\n\t\t\t\t\t<\/div>\n\t\t<\/div>\n\t\t\t\t\t\t\t<\/div>\n\t\t<\/section>\n\t\t\t\t\t\t\t<\/div>\n\t\t","protected":false},"excerpt":{"rendered":"<div align=\"justify\">\n<h2 align=\"justify\">Abflug von Locarno f\u00fcr Fl\u00fcge \u00e0 la carte von 10 bis 45 Minuten.<\/h2>\n<h3>Mediterrane Atmosph\u00e4re&#8230; Farniente&#8230;; wir sind im Tessin&#8230; Alle Zutaten f\u00fcr einen angenehmen Flug sind vorhanden.<\/h3>\n<\/div>\n<div align=\"justify\">\n<p>Der Flug beginnt in Locarno und f\u00fchrt Sie zu den vielen kleinen Str\u00e4nden von Tenero und Minusio. Dann ein kurzer Blick auf den Verzasca-Staudamm, der durch James Bond 007 ber\u00fchmt wurde. Sie fahren weiter nach Locarno, um die Piazza Grande, die B\u00fchne des Filmfestivals von Locarno, zu bewundern. Danach werden Sie vom Panorama des Dorfes Ascona mit seiner Promenade und dem botanischen Park der Brissago-Inseln verzaubert. Die Reise geht weiter entlang der Ufer des Gambarogno. Er endet mit einer unvergleichlichen Aussicht auf die Bolle di Magadino, ein Naturschutzgebiet.<\/p>\n<h3>Im Tessin bietet Ihnen Swissraft 5 herrliche Fl\u00fcge mit dem Geschmack des Mittags an&#8230;<\/h3>\n<p id=\"textarea\" style=\"display: none;\">Wir bieten auch Fl\u00fcge vom Flughafen Lodrino ins Tessin an. Au\u00dferdem bieten wir Fl\u00fcge vom Touristenort St. Moritz und Fl\u00fcge von Samedan das ganze Jahr \u00fcber. Dann haben wir noch Fl\u00fcge in Graub\u00fcnden von den Heliports in Untervaz, Flims und Tavanasa. Wir starten auch in Liechtenstein vom Heliport Balzers und vom Flugplatz Sitterdorf im Thurgau. Zum einen haben wir Helikopterrundfl\u00fcge vom internationalen Flughafen Z\u00fcrich-Kloten aus im Angebot. Sowie Fl\u00fcge vom internationalen Flughafen Bern-Belp. Daneben haben wir auch Rundfl\u00fcge vom Heliport Gstaad-Grund im Saanenland und vom Flugplatz Saanen aus im Angebot. Sowie von den Heliports Lenk-Simmental, Schattenhalb-Meiringen, Interlaken-Gsteigwiler und Lauterbrunnen im Berner Oberland. Auch Fl\u00fcge von den Heliports Erstfeld im Kanton Uri und Pfaffnau im Kanton Luzern. Au\u00dferdem starten wir von den Heliports Gampel und Collombey sowie vom Flughafen Sion im Wallis. Wir bieten auch Fl\u00fcge vom Flugplatz \u00c9pagny im Greyerzerland aus an. Wir bieten auch Routen ab dem Flugplatz Buttwil im Kanton Aargau an. Au\u00dferdem bieten wir Fl\u00fcge vom Flugplatz Grenchen im Kanton Solothurn an. Aber auch im Kanton Schwyz vom Heliport K\u00fcssnacht aus.\n<\/p>\n<p><a id=\"seeMore\" onclick=\"toggleSeeMore()\" href=\"javascript:void(0);\">Lesen Sie mehr<\/a><\/p>\n","protected":false},"featured_media":86359,"comment_status":"open","ping_status":"closed","template":"","meta":{"inline_featured_image":false,"_mi_skip_tracking":false},"product_cat":[263,316],"product_tag":[],"class_list":["post-91824","product","type-product","status-publish","has-post-thumbnail","hentry","product_cat-helikopterflug-in-der-schweiz","product_cat-helikopterrundflug-locarno-gordola"],"yoast_head":"<!-- This site is optimized with the Yoast SEO plugin v23.6 - https:\/\/yoast.com\/wordpress\/plugins\/seo\/ -->\n<title>\u00c0 la carte Privatflug ab Locarno mit dem Helikopter<\/title>\n<meta name=\"description\" content=\"\u00c0 la carte Privatflug ab Locarno mit dem Helikopter. Flug von 10 Min. ist sehr angenehm, da er eine Vielzahl von Panoramen mit mediterranen D\u00fcften bietet.\" \/>\n<meta name=\"robots\" content=\"index, follow, max-snippet:-1, max-image-preview:large, max-video-preview:-1\" \/>\n<link rel=\"canonical\" href=\"https:\/\/www.swissraft.ch\/de\/produkt\/helikopterflug-locarno-a-la-carte-privatflug\/\" \/>\n<meta property=\"og:locale\" content=\"de_DE\" \/>\n<meta property=\"og:type\" content=\"article\" \/>\n<meta property=\"og:title\" content=\"\u00c0 la carte Privatflug ab Locarno mit dem Helikopter\" \/>\n<meta property=\"og:description\" content=\"\u00c0 la carte Privatflug ab Locarno mit dem Helikopter. Flug von 10 Min. ist sehr angenehm, da er eine Vielzahl von Panoramen mit mediterranen D\u00fcften bietet.\" \/>\n<meta property=\"og:url\" content=\"https:\/\/www.swissraft.ch\/de\/produkt\/helikopterflug-locarno-a-la-carte-privatflug\/\" \/>\n<meta property=\"og:site_name\" content=\"Swissraft\" \/>\n<meta property=\"article:modified_time\" content=\"2025-06-20T21:52:13+00:00\" \/>\n<meta property=\"og:image\" content=\"https:\/\/www.swissraft.ch\/wp-content\/uploads\/2022\/12\/1-LOCARNO-Brissago-Inseln-776x776-2.jpg\" \/>\n\t<meta property=\"og:image:width\" content=\"776\" \/>\n\t<meta property=\"og:image:height\" content=\"776\" \/>\n\t<meta property=\"og:image:type\" content=\"image\/jpeg\" \/>\n<meta name=\"twitter:card\" content=\"summary_large_image\" \/>\n<meta name=\"twitter:label1\" content=\"Gesch\u00e4tzte Lesezeit\" \/>\n\t<meta name=\"twitter:data1\" content=\"1\u00a0Minute\" \/>\n<script type=\"application\/ld+json\" class=\"yoast-schema-graph\">{\"@context\":\"https:\/\/schema.org\",\"@graph\":[{\"@type\":\"WebPage\",\"@id\":\"https:\/\/www.swissraft.ch\/de\/produkt\/helikopterflug-locarno-a-la-carte-privatflug\/\",\"url\":\"https:\/\/www.swissraft.ch\/de\/produkt\/helikopterflug-locarno-a-la-carte-privatflug\/\",\"name\":\"\u00c0 la carte Privatflug ab Locarno mit dem Helikopter\",\"isPartOf\":{\"@id\":\"https:\/\/www.swissraft.ch\/de\/#website\"},\"primaryImageOfPage\":{\"@id\":\"https:\/\/www.swissraft.ch\/de\/produkt\/helikopterflug-locarno-a-la-carte-privatflug\/#primaryimage\"},\"image\":{\"@id\":\"https:\/\/www.swissraft.ch\/de\/produkt\/helikopterflug-locarno-a-la-carte-privatflug\/#primaryimage\"},\"thumbnailUrl\":\"https:\/\/www.swissraft.ch\/wp-content\/uploads\/2022\/12\/1-LOCARNO-Brissago-Inseln-776x776-2.jpg\",\"datePublished\":\"2022-12-27T13:27:08+00:00\",\"dateModified\":\"2025-06-20T21:52:13+00:00\",\"description\":\"\u00c0 la carte Privatflug ab Locarno mit dem Helikopter. Flug von 10 Min. ist sehr angenehm, da er eine Vielzahl von Panoramen mit mediterranen D\u00fcften bietet.\",\"breadcrumb\":{\"@id\":\"https:\/\/www.swissraft.ch\/de\/produkt\/helikopterflug-locarno-a-la-carte-privatflug\/#breadcrumb\"},\"inLanguage\":\"de\",\"potentialAction\":[{\"@type\":\"ReadAction\",\"target\":[\"https:\/\/www.swissraft.ch\/de\/produkt\/helikopterflug-locarno-a-la-carte-privatflug\/\"]}]},{\"@type\":\"ImageObject\",\"inLanguage\":\"de\",\"@id\":\"https:\/\/www.swissraft.ch\/de\/produkt\/helikopterflug-locarno-a-la-carte-privatflug\/#primaryimage\",\"url\":\"https:\/\/www.swissraft.ch\/wp-content\/uploads\/2022\/12\/1-LOCARNO-Brissago-Inseln-776x776-2.jpg\",\"contentUrl\":\"https:\/\/www.swissraft.ch\/wp-content\/uploads\/2022\/12\/1-LOCARNO-Brissago-Inseln-776x776-2.jpg\",\"width\":776,\"height\":776,\"caption\":\"Locarno - Helikopterflug \u00e0 la carte\"},{\"@type\":\"BreadcrumbList\",\"@id\":\"https:\/\/www.swissraft.ch\/de\/produkt\/helikopterflug-locarno-a-la-carte-privatflug\/#breadcrumb\",\"itemListElement\":[{\"@type\":\"ListItem\",\"position\":1,\"name\":\"Accueil\",\"item\":\"https:\/\/www.swissraft.ch\/de\/\"},{\"@type\":\"ListItem\",\"position\":2,\"name\":\"Shop\",\"item\":\"https:\/\/www.swissraft.ch\/de\/shop\/\"},{\"@type\":\"ListItem\",\"position\":3,\"name\":\"Helikopterflug von LOCARNO &#8211; PRIVATFLUG \u00c0 LA CARTE &#8211; Ab CHF 380.00\"}]},{\"@type\":\"WebSite\",\"@id\":\"https:\/\/www.swissraft.ch\/de\/#website\",\"url\":\"https:\/\/www.swissraft.ch\/de\/\",\"name\":\"Swissraft\",\"description\":\"To enjoy nature as it is\",\"publisher\":{\"@id\":\"https:\/\/www.swissraft.ch\/de\/#organization\"},\"potentialAction\":[{\"@type\":\"SearchAction\",\"target\":{\"@type\":\"EntryPoint\",\"urlTemplate\":\"https:\/\/www.swissraft.ch\/de\/?s={search_term_string}\"},\"query-input\":{\"@type\":\"PropertyValueSpecification\",\"valueRequired\":true,\"valueName\":\"search_term_string\"}}],\"inLanguage\":\"de\"},{\"@type\":\"Organization\",\"@id\":\"https:\/\/www.swissraft.ch\/de\/#organization\",\"name\":\"Swissraft\",\"url\":\"https:\/\/www.swissraft.ch\/de\/\",\"logo\":{\"@type\":\"ImageObject\",\"inLanguage\":\"de\",\"@id\":\"https:\/\/www.swissraft.ch\/de\/#\/schema\/logo\/image\/\",\"url\":\"https:\/\/www.swissraft.ch\/wp-content\/uploads\/2025\/09\/Capture.jpg\",\"contentUrl\":\"https:\/\/www.swissraft.ch\/wp-content\/uploads\/2025\/09\/Capture.jpg\",\"width\":293,\"height\":108,\"caption\":\"Swissraft\"},\"image\":{\"@id\":\"https:\/\/www.swissraft.ch\/de\/#\/schema\/logo\/image\/\"}}]}<\/script>\n<!-- \/ Yoast SEO plugin. -->","yoast_head_json":{"title":"\u00c0 la carte Privatflug ab Locarno mit dem Helikopter","description":"\u00c0 la carte Privatflug ab Locarno mit dem Helikopter. Flug von 10 Min. ist sehr angenehm, da er eine Vielzahl von Panoramen mit mediterranen D\u00fcften bietet.","robots":{"index":"index","follow":"follow","max-snippet":"max-snippet:-1","max-image-preview":"max-image-preview:large","max-video-preview":"max-video-preview:-1"},"canonical":"https:\/\/www.swissraft.ch\/de\/produkt\/helikopterflug-locarno-a-la-carte-privatflug\/","og_locale":"de_DE","og_type":"article","og_title":"\u00c0 la carte Privatflug ab Locarno mit dem Helikopter","og_description":"\u00c0 la carte Privatflug ab Locarno mit dem Helikopter. Flug von 10 Min. ist sehr angenehm, da er eine Vielzahl von Panoramen mit mediterranen D\u00fcften bietet.","og_url":"https:\/\/www.swissraft.ch\/de\/produkt\/helikopterflug-locarno-a-la-carte-privatflug\/","og_site_name":"Swissraft","article_modified_time":"2025-06-20T21:52:13+00:00","og_image":[{"width":776,"height":776,"url":"https:\/\/www.swissraft.ch\/wp-content\/uploads\/2022\/12\/1-LOCARNO-Brissago-Inseln-776x776-2.jpg","type":"image\/jpeg"}],"twitter_card":"summary_large_image","twitter_misc":{"Gesch\u00e4tzte Lesezeit":"1\u00a0Minute"},"schema":{"@context":"https:\/\/schema.org","@graph":[{"@type":"WebPage","@id":"https:\/\/www.swissraft.ch\/de\/produkt\/helikopterflug-locarno-a-la-carte-privatflug\/","url":"https:\/\/www.swissraft.ch\/de\/produkt\/helikopterflug-locarno-a-la-carte-privatflug\/","name":"\u00c0 la carte Privatflug ab Locarno mit dem Helikopter","isPartOf":{"@id":"https:\/\/www.swissraft.ch\/de\/#website"},"primaryImageOfPage":{"@id":"https:\/\/www.swissraft.ch\/de\/produkt\/helikopterflug-locarno-a-la-carte-privatflug\/#primaryimage"},"image":{"@id":"https:\/\/www.swissraft.ch\/de\/produkt\/helikopterflug-locarno-a-la-carte-privatflug\/#primaryimage"},"thumbnailUrl":"https:\/\/www.swissraft.ch\/wp-content\/uploads\/2022\/12\/1-LOCARNO-Brissago-Inseln-776x776-2.jpg","datePublished":"2022-12-27T13:27:08+00:00","dateModified":"2025-06-20T21:52:13+00:00","description":"\u00c0 la carte Privatflug ab Locarno mit dem Helikopter. Flug von 10 Min. ist sehr angenehm, da er eine Vielzahl von Panoramen mit mediterranen D\u00fcften bietet.","breadcrumb":{"@id":"https:\/\/www.swissraft.ch\/de\/produkt\/helikopterflug-locarno-a-la-carte-privatflug\/#breadcrumb"},"inLanguage":"de","potentialAction":[{"@type":"ReadAction","target":["https:\/\/www.swissraft.ch\/de\/produkt\/helikopterflug-locarno-a-la-carte-privatflug\/"]}]},{"@type":"ImageObject","inLanguage":"de","@id":"https:\/\/www.swissraft.ch\/de\/produkt\/helikopterflug-locarno-a-la-carte-privatflug\/#primaryimage","url":"https:\/\/www.swissraft.ch\/wp-content\/uploads\/2022\/12\/1-LOCARNO-Brissago-Inseln-776x776-2.jpg","contentUrl":"https:\/\/www.swissraft.ch\/wp-content\/uploads\/2022\/12\/1-LOCARNO-Brissago-Inseln-776x776-2.jpg","width":776,"height":776,"caption":"Locarno - Helikopterflug \u00e0 la carte"},{"@type":"BreadcrumbList","@id":"https:\/\/www.swissraft.ch\/de\/produkt\/helikopterflug-locarno-a-la-carte-privatflug\/#breadcrumb","itemListElement":[{"@type":"ListItem","position":1,"name":"Accueil","item":"https:\/\/www.swissraft.ch\/de\/"},{"@type":"ListItem","position":2,"name":"Shop","item":"https:\/\/www.swissraft.ch\/de\/shop\/"},{"@type":"ListItem","position":3,"name":"Helikopterflug von LOCARNO &#8211; PRIVATFLUG \u00c0 LA CARTE &#8211; Ab CHF 380.00"}]},{"@type":"WebSite","@id":"https:\/\/www.swissraft.ch\/de\/#website","url":"https:\/\/www.swissraft.ch\/de\/","name":"Swissraft","description":"To enjoy nature as it is","publisher":{"@id":"https:\/\/www.swissraft.ch\/de\/#organization"},"potentialAction":[{"@type":"SearchAction","target":{"@type":"EntryPoint","urlTemplate":"https:\/\/www.swissraft.ch\/de\/?s={search_term_string}"},"query-input":{"@type":"PropertyValueSpecification","valueRequired":true,"valueName":"search_term_string"}}],"inLanguage":"de"},{"@type":"Organization","@id":"https:\/\/www.swissraft.ch\/de\/#organization","name":"Swissraft","url":"https:\/\/www.swissraft.ch\/de\/","logo":{"@type":"ImageObject","inLanguage":"de","@id":"https:\/\/www.swissraft.ch\/de\/#\/schema\/logo\/image\/","url":"https:\/\/www.swissraft.ch\/wp-content\/uploads\/2025\/09\/Capture.jpg","contentUrl":"https:\/\/www.swissraft.ch\/wp-content\/uploads\/2025\/09\/Capture.jpg","width":293,"height":108,"caption":"Swissraft"},"image":{"@id":"https:\/\/www.swissraft.ch\/de\/#\/schema\/logo\/image\/"}}]}},"_links":{"self":[{"href":"https:\/\/www.swissraft.ch\/de\/wp-json\/wp\/v2\/product\/91824","targetHints":{"allow":["GET"]}}],"collection":[{"href":"https:\/\/www.swissraft.ch\/de\/wp-json\/wp\/v2\/product"}],"about":[{"href":"https:\/\/www.swissraft.ch\/de\/wp-json\/wp\/v2\/types\/product"}],"replies":[{"embeddable":true,"href":"https:\/\/www.swissraft.ch\/de\/wp-json\/wp\/v2\/comments?post=91824"}],"version-history":[{"count":15,"href":"https:\/\/www.swissraft.ch\/de\/wp-json\/wp\/v2\/product\/91824\/revisions"}],"predecessor-version":[{"id":118116,"href":"https:\/\/www.swissraft.ch\/de\/wp-json\/wp\/v2\/product\/91824\/revisions\/118116"}],"wp:featuredmedia":[{"embeddable":true,"href":"https:\/\/www.swissraft.ch\/de\/wp-json\/wp\/v2\/media\/86359"}],"wp:attachment":[{"href":"https:\/\/www.swissraft.ch\/de\/wp-json\/wp\/v2\/media?parent=91824"}],"wp:term":[{"taxonomy":"product_cat","embeddable":true,"href":"https:\/\/www.swissraft.ch\/de\/wp-json\/wp\/v2\/product_cat?post=91824"},{"taxonomy":"product_tag","embeddable":true,"href":"https:\/\/www.swissraft.ch\/de\/wp-json\/wp\/v2\/product_tag?post=91824"}],"curies":[{"name":"wp","href":"https:\/\/api.w.org\/{rel}","templated":true}]}}