{"id":91823,"date":"2022-12-27T15:58:54","date_gmt":"2022-12-27T14:58:54","guid":{"rendered":"https:\/\/swissraft.xyanzkdne.eu\/product\/hubschrauberflug-von-collombey-les-dents-du-midi-15-min-ab-chf-707-00\/"},"modified":"2026-02-04T04:29:11","modified_gmt":"2026-02-04T03:29:11","slug":"helikopterflug-collombey-die-dents-du-midi","status":"publish","type":"product","link":"https:\/\/www.swissraft.ch\/de\/produkt\/helikopterflug-collombey-die-dents-du-midi\/","title":{"rendered":"Helikopterflug von COLLOMBEY &#8211; LES DENTS DU MIDI &#8211; 15 Min. &#8211; Ab CHF 800.00"},"content":{"rendered":"\t\t<div data-elementor-type=\"wp-post\" data-elementor-id=\"91823\" class=\"elementor elementor-91823 elementor-30052\">\n\t\t\t\t\t\t\t\t\t<section class=\"elementor-section elementor-top-section elementor-element elementor-element-3303a7e3 elementor-section-boxed elementor-section-height-default elementor-section-height-default\" data-id=\"3303a7e3\" data-element_type=\"section\">\n\t\t\t\t\t\t<div class=\"elementor-container elementor-column-gap-default\">\n\t\t\t\t\t<div class=\"elementor-column elementor-col-100 elementor-top-column elementor-element elementor-element-16d72dbf\" data-id=\"16d72dbf\" data-element_type=\"column\">\n\t\t\t<div class=\"elementor-widget-wrap elementor-element-populated\">\n\t\t\t\t\t\t\t\t<div class=\"elementor-element elementor-element-d743c03 elementor-widget elementor-widget-text-editor\" data-id=\"d743c03\" data-element_type=\"widget\" data-widget_type=\"text-editor.default\">\n\t\t\t\t<div class=\"elementor-widget-container\">\n\t\t\t\t\t\t\t<h2>W\u00c4HLEN SIE UNTEN IHRE AKTIVIT\u00c4T AUS, UM GESCHENKGUTSCHEINE \/ TICKETS ZU VERSCHENKEN ODER ZU BUCHEN.<\/h2><table border=\"0\" width=\"580\" cellspacing=\"10\" cellpadding=\"10\"><tbody><tr><td width=\"50%\"><strong>LES DENTS DU MIDI &#8211; PRIVATFLUG (1-5 pax) &#8211; 15 Min.<\/strong><\/td><td><strong>Ab CHF 800.00 pro Privatflug<span class=\"productPrice\"><br \/><\/span><\/strong><\/td><\/tr><tr><td>Weitere Informationen<\/td><td><span class=\"patt\">&#8211; Sie haben den Helikopter ausschlie\u00dflich f\u00fcr sich<br \/>&#8211; Sie bestimmen das Datum und die Uhrzeit des Abflugs<br \/>&#8211; Maximal 5 Pers.<\/span><\/td><\/tr><tr><td>Heliport<\/td><td><a href=\"https:\/\/www.google.com\/maps\/place\/46%C2%B016'06.8%22N+6%C2%B057'33.1%22E\/@46.2692802,6.941192,3088m\/data=!3m1!1e3!4m4!3m3!8m2!3d46.2685556!4d6.9591944?entry=ttu\" target=\"_blank\" rel=\"noopener\">Collombey<\/a><\/td><\/tr><tr><td>Flugzeit<\/td><td>15 Min.<\/td><\/tr><tr><td>Gesamtdauer<\/td><td>ca. 45 Min.<\/td><\/tr><tr><td>Termin<\/td><td>Per Telefon<\/td><\/tr><tr><td><button class=\"elementor-button\" type=\"button\"><a href=\"https:\/\/swissraft.outdoorbooking.ch\/fo\/products\/1761?base_id=225&amp;category_id=6&amp;order_type=gift_voucher&amp;lang=de\" target=\"_blank\" rel=\"noopener\">GUTSCHEIN \/ TICKET KAUFEN<\/a><\/button><\/td><td><strong>CHF 800.00 &#8211; Privatflug (1-4 Pers.)<\/strong><\/td><\/tr><tr><td><button class=\"elementor-button\" type=\"button\"><a href=\"https:\/\/swissraft.outdoorbooking.ch\/fo\/products\/1762?base_id=226&amp;category_id=6&amp;order_type=gift_voucher&amp;lang=de\" target=\"_blank\" rel=\"noopener\">GUTSCHEIN \/ TICKET KAUFEN<\/a><\/button><\/td><td><strong>CHF 1&#8217;000.00 &#8211; Privatflug (5 Pers.)<\/strong><\/td><\/tr><tr><td>\u00a0<\/td><td><strong><em>WICHTIG !<\/em><\/strong><br \/><em>Um zu reservieren, rufen Sie die Nummer an, die sich oben links auf dem Gutschein \/ Ticket befindet.<\/em><\/td><\/tr><\/tbody><\/table>\t\t\t\t\t\t<\/div>\n\t\t\t\t<\/div>\n\t\t\t\t\t<\/div>\n\t\t<\/div>\n\t\t\t\t\t\t\t<\/div>\n\t\t<\/section>\n\t\t\t\t\t\t\t<\/div>\n\t\t","protected":false},"excerpt":{"rendered":"<div align=\"justify\">\n<h2 align=\"justify\">Von Collombey zu den Dents du Midi f\u00fcr einen privaten Helikopterflug<\/h2>\n<h3>Sie machen einen herrlichen 15-min\u00fctigen Flug von Collombey zu den Dents du Midi.<\/h3>\n<\/div>\n<div align=\"justify\">\n<p>Von Collombey aus fliegen Sie mit dem Helikopter zu den Dents du Midi im Walliser Chablais, einem majest\u00e4tischen Gipfel. Sie fliegen \u00fcber die Seen von Ant\u00e8me und \u00fcber das gr\u00f6\u00dfte Skigebiet der Welt, die Portes du Soleil. Ein herrlicher Rundgang zu den sch\u00f6nsten Spots im Walliser Chablais.<\/p>\n<h3>Swissraft bietet Ihnen auch andere Abfl\u00fcge f\u00fcr einen Helikoperflug an.<\/h3>\n<p id=\"textarea\" style=\"display: none;\">Wir fliegen im Kanton Solothurn in Grenchen und von Bern-Belp aus. Aber auch im Wallis vom Flughafen Sitten, vom Heliport Gampel und von Interlaken-Gsteigwiler im Berner Oberland. Ebenso vom Heliport Gstaad-Grund und vom Flugplatz Saanen im Saanenland. Au\u00dferdem starten wir von den Heliports in Lauterbrunnen, Lenk-Simmental und Schattenhalb-Meiringen. Aber auch von Z\u00fcrich-Kloten. Sowie vom Heliport Pfaffnau im Kanton Luzern. Parallel dazu starten wir vom Heliport Erstfeld im Kanton Uri und im Kanton Schwyz vom Heliport K\u00fcssnacht. Aber auch in den Kanton Aargau von Buttwil aus. Dar\u00fcber hinaus im Kanton Freiburg in \u00c9pagny im Greyerzerland, im Kanton Tessin in Locarno und Lodrino. Ebenso wie von Flims, Tavanasa, Untervaz und im Engadin vom Heliport St. Moritz und Samedan. Sowie in Liechtenstein von den Helikopterlandepl\u00e4tzen Balzers und Sitterdorf im Kanton Thurgau.\n<\/p>\n<p><a id=\"seeMore\" onclick=\"toggleSeeMore()\" href=\"javascript:void(0);\">Lesen Sie mehr<\/a><\/p>\n","protected":false},"featured_media":85708,"comment_status":"open","ping_status":"closed","template":"","meta":{"inline_featured_image":false,"_mi_skip_tracking":false},"product_cat":[263,359],"product_tag":[],"class_list":["post-91823","product","type-product","status-publish","has-post-thumbnail","hentry","product_cat-helikopterflug-in-der-schweiz","product_cat-helikopterrundflug-collombey"],"yoast_head":"<!-- This site is optimized with the Yoast SEO plugin v23.6 - https:\/\/yoast.com\/wordpress\/plugins\/seo\/ -->\n<title>Die Dents du Midi von Collombey aus im Helikopter<\/title>\n<meta name=\"description\" content=\"Von Collombey aus fliegen Sie mit dem Helikopter zu den Dents du Midi. Dieser 15-min\u00fctige Privatflug f\u00fchrt Sie zu einem der sch\u00f6nsten Gipfel der Alpenkette.\" \/>\n<meta name=\"robots\" content=\"index, follow, max-snippet:-1, max-image-preview:large, max-video-preview:-1\" \/>\n<link rel=\"canonical\" href=\"https:\/\/www.swissraft.ch\/de\/produkt\/helikopterflug-collombey-die-dents-du-midi\/\" \/>\n<meta property=\"og:locale\" content=\"de_DE\" \/>\n<meta property=\"og:type\" content=\"article\" \/>\n<meta property=\"og:title\" content=\"Die Dents du Midi von Collombey aus im Helikopter\" \/>\n<meta property=\"og:description\" content=\"Von Collombey aus fliegen Sie mit dem Helikopter zu den Dents du Midi. Dieser 15-min\u00fctige Privatflug f\u00fchrt Sie zu einem der sch\u00f6nsten Gipfel der Alpenkette.\" \/>\n<meta property=\"og:url\" content=\"https:\/\/www.swissraft.ch\/de\/produkt\/helikopterflug-collombey-die-dents-du-midi\/\" \/>\n<meta property=\"og:site_name\" content=\"Swissraft\" \/>\n<meta property=\"article:modified_time\" content=\"2026-02-04T03:29:11+00:00\" \/>\n<meta property=\"og:image\" content=\"https:\/\/www.swissraft.ch\/wp-content\/uploads\/2022\/12\/1-COLLOMBEY-Les-Dents-du-Midi-776x776-2.jpg\" \/>\n\t<meta property=\"og:image:width\" content=\"776\" \/>\n\t<meta property=\"og:image:height\" content=\"776\" \/>\n\t<meta property=\"og:image:type\" content=\"image\/jpeg\" \/>\n<meta name=\"twitter:card\" content=\"summary_large_image\" \/>\n<meta name=\"twitter:label1\" content=\"Gesch\u00e4tzte Lesezeit\" \/>\n\t<meta name=\"twitter:data1\" content=\"1\u00a0Minute\" \/>\n<script type=\"application\/ld+json\" class=\"yoast-schema-graph\">{\"@context\":\"https:\/\/schema.org\",\"@graph\":[{\"@type\":\"WebPage\",\"@id\":\"https:\/\/www.swissraft.ch\/de\/produkt\/helikopterflug-collombey-die-dents-du-midi\/\",\"url\":\"https:\/\/www.swissraft.ch\/de\/produkt\/helikopterflug-collombey-die-dents-du-midi\/\",\"name\":\"Die Dents du Midi von Collombey aus im Helikopter\",\"isPartOf\":{\"@id\":\"https:\/\/www.swissraft.ch\/de\/#website\"},\"primaryImageOfPage\":{\"@id\":\"https:\/\/www.swissraft.ch\/de\/produkt\/helikopterflug-collombey-die-dents-du-midi\/#primaryimage\"},\"image\":{\"@id\":\"https:\/\/www.swissraft.ch\/de\/produkt\/helikopterflug-collombey-die-dents-du-midi\/#primaryimage\"},\"thumbnailUrl\":\"https:\/\/www.swissraft.ch\/wp-content\/uploads\/2022\/12\/1-COLLOMBEY-Les-Dents-du-Midi-776x776-2.jpg\",\"datePublished\":\"2022-12-27T14:58:54+00:00\",\"dateModified\":\"2026-02-04T03:29:11+00:00\",\"description\":\"Von Collombey aus fliegen Sie mit dem Helikopter zu den Dents du Midi. Dieser 15-min\u00fctige Privatflug f\u00fchrt Sie zu einem der sch\u00f6nsten Gipfel der Alpenkette.\",\"breadcrumb\":{\"@id\":\"https:\/\/www.swissraft.ch\/de\/produkt\/helikopterflug-collombey-die-dents-du-midi\/#breadcrumb\"},\"inLanguage\":\"de\",\"potentialAction\":[{\"@type\":\"ReadAction\",\"target\":[\"https:\/\/www.swissraft.ch\/de\/produkt\/helikopterflug-collombey-die-dents-du-midi\/\"]}]},{\"@type\":\"ImageObject\",\"inLanguage\":\"de\",\"@id\":\"https:\/\/www.swissraft.ch\/de\/produkt\/helikopterflug-collombey-die-dents-du-midi\/#primaryimage\",\"url\":\"https:\/\/www.swissraft.ch\/wp-content\/uploads\/2022\/12\/1-COLLOMBEY-Les-Dents-du-Midi-776x776-2.jpg\",\"contentUrl\":\"https:\/\/www.swissraft.ch\/wp-content\/uploads\/2022\/12\/1-COLLOMBEY-Les-Dents-du-Midi-776x776-2.jpg\",\"width\":776,\"height\":776,\"caption\":\"Die Dents du Midi aus dem Hubschrauber\"},{\"@type\":\"BreadcrumbList\",\"@id\":\"https:\/\/www.swissraft.ch\/de\/produkt\/helikopterflug-collombey-die-dents-du-midi\/#breadcrumb\",\"itemListElement\":[{\"@type\":\"ListItem\",\"position\":1,\"name\":\"Accueil\",\"item\":\"https:\/\/www.swissraft.ch\/de\/\"},{\"@type\":\"ListItem\",\"position\":2,\"name\":\"Shop\",\"item\":\"https:\/\/www.swissraft.ch\/de\/shop\/\"},{\"@type\":\"ListItem\",\"position\":3,\"name\":\"Helikopterflug von COLLOMBEY &#8211; LES DENTS DU MIDI &#8211; 15 Min. &#8211; Ab CHF 800.00\"}]},{\"@type\":\"WebSite\",\"@id\":\"https:\/\/www.swissraft.ch\/de\/#website\",\"url\":\"https:\/\/www.swissraft.ch\/de\/\",\"name\":\"Swissraft\",\"description\":\"To enjoy nature as it is\",\"publisher\":{\"@id\":\"https:\/\/www.swissraft.ch\/de\/#organization\"},\"potentialAction\":[{\"@type\":\"SearchAction\",\"target\":{\"@type\":\"EntryPoint\",\"urlTemplate\":\"https:\/\/www.swissraft.ch\/de\/?s={search_term_string}\"},\"query-input\":{\"@type\":\"PropertyValueSpecification\",\"valueRequired\":true,\"valueName\":\"search_term_string\"}}],\"inLanguage\":\"de\"},{\"@type\":\"Organization\",\"@id\":\"https:\/\/www.swissraft.ch\/de\/#organization\",\"name\":\"Swissraft\",\"url\":\"https:\/\/www.swissraft.ch\/de\/\",\"logo\":{\"@type\":\"ImageObject\",\"inLanguage\":\"de\",\"@id\":\"https:\/\/www.swissraft.ch\/de\/#\/schema\/logo\/image\/\",\"url\":\"https:\/\/www.swissraft.ch\/wp-content\/uploads\/2025\/09\/Capture.jpg\",\"contentUrl\":\"https:\/\/www.swissraft.ch\/wp-content\/uploads\/2025\/09\/Capture.jpg\",\"width\":293,\"height\":108,\"caption\":\"Swissraft\"},\"image\":{\"@id\":\"https:\/\/www.swissraft.ch\/de\/#\/schema\/logo\/image\/\"}}]}<\/script>\n<!-- \/ Yoast SEO plugin. -->","yoast_head_json":{"title":"Die Dents du Midi von Collombey aus im Helikopter","description":"Von Collombey aus fliegen Sie mit dem Helikopter zu den Dents du Midi. Dieser 15-min\u00fctige Privatflug f\u00fchrt Sie zu einem der sch\u00f6nsten Gipfel der Alpenkette.","robots":{"index":"index","follow":"follow","max-snippet":"max-snippet:-1","max-image-preview":"max-image-preview:large","max-video-preview":"max-video-preview:-1"},"canonical":"https:\/\/www.swissraft.ch\/de\/produkt\/helikopterflug-collombey-die-dents-du-midi\/","og_locale":"de_DE","og_type":"article","og_title":"Die Dents du Midi von Collombey aus im Helikopter","og_description":"Von Collombey aus fliegen Sie mit dem Helikopter zu den Dents du Midi. Dieser 15-min\u00fctige Privatflug f\u00fchrt Sie zu einem der sch\u00f6nsten Gipfel der Alpenkette.","og_url":"https:\/\/www.swissraft.ch\/de\/produkt\/helikopterflug-collombey-die-dents-du-midi\/","og_site_name":"Swissraft","article_modified_time":"2026-02-04T03:29:11+00:00","og_image":[{"width":776,"height":776,"url":"https:\/\/www.swissraft.ch\/wp-content\/uploads\/2022\/12\/1-COLLOMBEY-Les-Dents-du-Midi-776x776-2.jpg","type":"image\/jpeg"}],"twitter_card":"summary_large_image","twitter_misc":{"Gesch\u00e4tzte Lesezeit":"1\u00a0Minute"},"schema":{"@context":"https:\/\/schema.org","@graph":[{"@type":"WebPage","@id":"https:\/\/www.swissraft.ch\/de\/produkt\/helikopterflug-collombey-die-dents-du-midi\/","url":"https:\/\/www.swissraft.ch\/de\/produkt\/helikopterflug-collombey-die-dents-du-midi\/","name":"Die Dents du Midi von Collombey aus im Helikopter","isPartOf":{"@id":"https:\/\/www.swissraft.ch\/de\/#website"},"primaryImageOfPage":{"@id":"https:\/\/www.swissraft.ch\/de\/produkt\/helikopterflug-collombey-die-dents-du-midi\/#primaryimage"},"image":{"@id":"https:\/\/www.swissraft.ch\/de\/produkt\/helikopterflug-collombey-die-dents-du-midi\/#primaryimage"},"thumbnailUrl":"https:\/\/www.swissraft.ch\/wp-content\/uploads\/2022\/12\/1-COLLOMBEY-Les-Dents-du-Midi-776x776-2.jpg","datePublished":"2022-12-27T14:58:54+00:00","dateModified":"2026-02-04T03:29:11+00:00","description":"Von Collombey aus fliegen Sie mit dem Helikopter zu den Dents du Midi. Dieser 15-min\u00fctige Privatflug f\u00fchrt Sie zu einem der sch\u00f6nsten Gipfel der Alpenkette.","breadcrumb":{"@id":"https:\/\/www.swissraft.ch\/de\/produkt\/helikopterflug-collombey-die-dents-du-midi\/#breadcrumb"},"inLanguage":"de","potentialAction":[{"@type":"ReadAction","target":["https:\/\/www.swissraft.ch\/de\/produkt\/helikopterflug-collombey-die-dents-du-midi\/"]}]},{"@type":"ImageObject","inLanguage":"de","@id":"https:\/\/www.swissraft.ch\/de\/produkt\/helikopterflug-collombey-die-dents-du-midi\/#primaryimage","url":"https:\/\/www.swissraft.ch\/wp-content\/uploads\/2022\/12\/1-COLLOMBEY-Les-Dents-du-Midi-776x776-2.jpg","contentUrl":"https:\/\/www.swissraft.ch\/wp-content\/uploads\/2022\/12\/1-COLLOMBEY-Les-Dents-du-Midi-776x776-2.jpg","width":776,"height":776,"caption":"Die Dents du Midi aus dem Hubschrauber"},{"@type":"BreadcrumbList","@id":"https:\/\/www.swissraft.ch\/de\/produkt\/helikopterflug-collombey-die-dents-du-midi\/#breadcrumb","itemListElement":[{"@type":"ListItem","position":1,"name":"Accueil","item":"https:\/\/www.swissraft.ch\/de\/"},{"@type":"ListItem","position":2,"name":"Shop","item":"https:\/\/www.swissraft.ch\/de\/shop\/"},{"@type":"ListItem","position":3,"name":"Helikopterflug von COLLOMBEY &#8211; LES DENTS DU MIDI &#8211; 15 Min. &#8211; Ab CHF 800.00"}]},{"@type":"WebSite","@id":"https:\/\/www.swissraft.ch\/de\/#website","url":"https:\/\/www.swissraft.ch\/de\/","name":"Swissraft","description":"To enjoy nature as it is","publisher":{"@id":"https:\/\/www.swissraft.ch\/de\/#organization"},"potentialAction":[{"@type":"SearchAction","target":{"@type":"EntryPoint","urlTemplate":"https:\/\/www.swissraft.ch\/de\/?s={search_term_string}"},"query-input":{"@type":"PropertyValueSpecification","valueRequired":true,"valueName":"search_term_string"}}],"inLanguage":"de"},{"@type":"Organization","@id":"https:\/\/www.swissraft.ch\/de\/#organization","name":"Swissraft","url":"https:\/\/www.swissraft.ch\/de\/","logo":{"@type":"ImageObject","inLanguage":"de","@id":"https:\/\/www.swissraft.ch\/de\/#\/schema\/logo\/image\/","url":"https:\/\/www.swissraft.ch\/wp-content\/uploads\/2025\/09\/Capture.jpg","contentUrl":"https:\/\/www.swissraft.ch\/wp-content\/uploads\/2025\/09\/Capture.jpg","width":293,"height":108,"caption":"Swissraft"},"image":{"@id":"https:\/\/www.swissraft.ch\/de\/#\/schema\/logo\/image\/"}}]}},"_links":{"self":[{"href":"https:\/\/www.swissraft.ch\/de\/wp-json\/wp\/v2\/product\/91823","targetHints":{"allow":["GET"]}}],"collection":[{"href":"https:\/\/www.swissraft.ch\/de\/wp-json\/wp\/v2\/product"}],"about":[{"href":"https:\/\/www.swissraft.ch\/de\/wp-json\/wp\/v2\/types\/product"}],"replies":[{"embeddable":true,"href":"https:\/\/www.swissraft.ch\/de\/wp-json\/wp\/v2\/comments?post=91823"}],"version-history":[{"count":12,"href":"https:\/\/www.swissraft.ch\/de\/wp-json\/wp\/v2\/product\/91823\/revisions"}],"predecessor-version":[{"id":128970,"href":"https:\/\/www.swissraft.ch\/de\/wp-json\/wp\/v2\/product\/91823\/revisions\/128970"}],"wp:featuredmedia":[{"embeddable":true,"href":"https:\/\/www.swissraft.ch\/de\/wp-json\/wp\/v2\/media\/85708"}],"wp:attachment":[{"href":"https:\/\/www.swissraft.ch\/de\/wp-json\/wp\/v2\/media?parent=91823"}],"wp:term":[{"taxonomy":"product_cat","embeddable":true,"href":"https:\/\/www.swissraft.ch\/de\/wp-json\/wp\/v2\/product_cat?post=91823"},{"taxonomy":"product_tag","embeddable":true,"href":"https:\/\/www.swissraft.ch\/de\/wp-json\/wp\/v2\/product_tag?post=91823"}],"curies":[{"name":"wp","href":"https:\/\/api.w.org\/{rel}","templated":true}]}}