{"id":91820,"date":"2022-12-27T14:07:14","date_gmt":"2022-12-27T13:07:14","guid":{"rendered":"https:\/\/swissraft.xyanzkdne.eu\/product\/helikopterflug-ab-sitterdorf-privatflug-a-la-carte-ab-chf-580-00\/"},"modified":"2024-12-11T00:13:27","modified_gmt":"2024-12-10T23:13:27","slug":"helikopterflug-sitterdorf-privatflug-a-la-carte","status":"publish","type":"product","link":"https:\/\/www.swissraft.ch\/de\/produkt\/helikopterflug-sitterdorf-privatflug-a-la-carte\/","title":{"rendered":"Helikopterflug ab SITTERDORF &#8211; PRIVATFLUG A LA CARTE &#8211; Ab CHF 580.00"},"content":{"rendered":"\t\t<div data-elementor-type=\"wp-post\" data-elementor-id=\"91820\" class=\"elementor elementor-91820 elementor-29985\">\n\t\t\t\t\t\t\t\t\t<section class=\"elementor-section elementor-top-section elementor-element elementor-element-3303a7e3 elementor-section-boxed elementor-section-height-default elementor-section-height-default\" data-id=\"3303a7e3\" data-element_type=\"section\">\n\t\t\t\t\t\t<div class=\"elementor-container elementor-column-gap-default\">\n\t\t\t\t\t<div class=\"elementor-column elementor-col-100 elementor-top-column elementor-element elementor-element-16d72dbf\" data-id=\"16d72dbf\" data-element_type=\"column\">\n\t\t\t<div class=\"elementor-widget-wrap elementor-element-populated\">\n\t\t\t\t\t\t\t\t<div class=\"elementor-element elementor-element-d743c03 elementor-widget elementor-widget-text-editor\" data-id=\"d743c03\" data-element_type=\"widget\" data-widget_type=\"text-editor.default\">\n\t\t\t\t<div class=\"elementor-widget-container\">\n\t\t\t\t\t\t\t<h2>W\u00c4HLEN SIE UNTEN IHRE AKTIVIT\u00c4T AUS, UM GESCHENKGUTSCHEINE \/ TICKETS ZU VERSCHENKEN ODER ZU BUCHEN.<\/h2><table border=\"0\" width=\"580\" cellspacing=\"10\" cellpadding=\"10\"><tbody><tr><td width=\"50%\"><strong>PRIVATFLUG A LA CARTE (1-4 pax) &#8211; ab 30 Min.<\/strong><\/td><td><strong>Ab CHF 580.00 pro Privatflug<span class=\"productPrice\"><br \/><\/span><\/strong><\/td><\/tr><tr><td>Weitere Informationen<\/td><td>&#8211; &#8211; Sie haben den Helikopter ausschlie\u00dflich f\u00fcr sich<br \/>&#8211; Sie bestimmen das Datum und die Uhrzeit des Abflugs<br \/>&#8211; Maximal 4 Pers.<\/td><\/tr><tr><td>Flugplatz<\/td><td><a href=\"https:\/\/www.google.com\/maps\/place\/47%C2%B030'37.4%22N+9%C2%B015'44.9%22E\/@47.5107092,9.2532447,1525m\/data=!3m1!1e3!4m4!3m3!8m2!3d47.5103889!4d9.2624722?entry=ttu\" target=\"_blank\" rel=\"noopener\">Sitterdorf<\/a><\/td><\/tr><tr><td>Flugzeit<\/td><td>30 \/ 45 \/ 60 Min.<\/td><\/tr><tr><td>Gesamtdauer<\/td><td>ca. 1 bis 1,5 Std., je nach gew\u00e4hltem Flug<\/td><\/tr><tr><td>Terminvereinbarung<\/td><td>Per Telefon<\/td><\/tr><tr><td><button class=\"elementor-button\" type=\"button\"><a href=\"https:\/\/swissraft.outdoorbooking.ch\/fo\/products\/1082?base_id=178&amp;category_id=6&amp;order_type=gift_voucher&amp;lang=de\" target=\"_blank\" rel=\"noopener\">GUTSCHEIN KAUFEN<\/a><\/button><\/td><td><strong>CHF 580.00 &#8211; Privatflug (1 bis 3 Pers.) &#8211; 30 Min.<\/strong><\/td><\/tr><tr><td><button class=\"elementor-button\" type=\"button\"><a href=\"https:\/\/swissraft.outdoorbooking.ch\/fo\/products\/1083?base_id=179&amp;category_id=6&amp;order_type=gift_voucher&amp;lang=de\" target=\"_blank\" rel=\"noopener\">GUTSCHEIN KAUFEN<\/a><\/button><\/td><td><strong>CHF 820.00 &#8211; Privatflug (4 Pers.) &#8211; 30 Min.<\/strong><\/td><\/tr><tr><td><button class=\"elementor-button\" type=\"button\"><a href=\"https:\/\/swissraft.outdoorbooking.ch\/fo\/products\/1084?base_id=178&amp;category_id=6&amp;order_type=gift_voucher&amp;lang=de\" target=\"_blank\" rel=\"noopener\">GUTSCHEIN KAUFEN<\/a><\/button><\/td><td><strong>CHF 830.00 &#8211; Privatflug (1 bis 3 Pers.) &#8211; 45 Min.<\/strong><\/td><\/tr><tr><td><button class=\"elementor-button\" type=\"button\"><a href=\"https:\/\/swissraft.outdoorbooking.ch\/fo\/products\/1085?base_id=179&amp;category_id=6&amp;order_type=gift_voucher&amp;lang=de\" target=\"_blank\" rel=\"noopener\">GUTSCHEIN KAUFEN<\/a><\/button><\/td><td><strong>CHF 1&#8217;190.00 &#8211; Privatflug (4 Pers.) &#8211; 45 Min.<\/strong><\/td><\/tr><tr><td><button class=\"elementor-button\" type=\"button\"><a href=\"https:\/\/swissraft.outdoorbooking.ch\/fo\/products\/1086?base_id=178&amp;category_id=6&amp;order_type=gift_voucher&amp;lang=de\" target=\"_blank\" rel=\"noopener\">GUTSCHEIN KAUFEN<\/a><\/button><\/td><td><strong>CHF 1&#8217;110.00 &#8211; Privatflug (1 bis 3 Pers.) &#8211; 60 Min.<\/strong><\/td><\/tr><tr><td><button class=\"elementor-button\" type=\"button\"><a href=\"https:\/\/swissraft.outdoorbooking.ch\/fo\/products\/1087?base_id=179&amp;category_id=6&amp;order_type=gift_voucher&amp;lang=de\" target=\"_blank\" rel=\"noopener\">GUTSCHEIN KAUFEN<\/a><\/button><\/td><td><strong>CHF 1&#8217;590.00 &#8211; Privatflug (4 Pers.) &#8211; 60 Min.<\/strong><\/td><\/tr><tr><td>\u00a0<\/td><td>Um zu buchen : <span class=\"patt\" style=\"font-family: inherit; font-size: inherit;\"><span class=\"plbl\"><span class=\"patt\"><a href=\"https:\/\/www.swissraft.ch\/de\/kontakt\/\">Kontaktieren Sie uns<\/a><\/span><\/span><\/span><\/td><\/tr><\/tbody><\/table>\t\t\t\t\t\t<\/div>\n\t\t\t\t<\/div>\n\t\t\t\t\t<\/div>\n\t\t<\/div>\n\t\t\t\t\t\t\t<\/div>\n\t\t<\/section>\n\t\t\t\t\t\t\t<\/div>\n\t\t","protected":false},"excerpt":{"rendered":"<div align=\"justify\">\n<h2 align=\"justify\">Von Sitterdorf aus k\u00f6nnen Sie Ihre Route selbst bestimmen. Unsere Hubschrauber k\u00f6nnen bis zu maximal 4 Passagiere mitnehmen.<\/h2>\n<h3>Wenn Sie Fragen oder besondere W\u00fcnsche haben, rufen Sie uns bitte an.<\/h3>\n<\/div>\n<div align=\"justify\">\n<p>F\u00fcr diesen privaten Flug \u00e0 la carte beraten wir Sie gerne. Wenn Sie m\u00f6chten, helfen wir Ihnen bei der Planung eines ma\u00dfgeschneiderten Fluges.<\/p>\n<h3>Mehr als 150 Hubschrauberfl\u00fcge finden Sie auf der Swissraft-Website. Nehmen Sie sich einfach die Zeit, den Katalog durchzubl\u00e4ttern, und Sie werden bestimmt den idealen Rundflug finden&#8230;<\/h3>\n<p id=\"textarea\" style=\"display: none;\">\nWir bieten auch Helikopterrundfl\u00fcge in Liechtenstein ab dem Heliport Balzers an. Aber wir fliegen auch von Samedan, wo wir das ganze Jahr \u00fcber Fl\u00fcge anbieten, und von St. Moritz im Winter. Ebenso starten wir von Tavanasa, Flims und Untervaz in Graub\u00fcnden und der Surselva-Region. Au\u00dferdem bieten wir Helikopterrundfl\u00fcge von den Flugpl\u00e4tzen Lodrino und Locarno-Magadino im Kanton Tessin an. Au\u00dferdem starten wir im Wallis vom Flughafen Sitten und von den Heliports Gampel und Collombey. Au\u00dferdem starten wir vom Flugplatz \u00c9pagny im Kanton Freiburg. Einerseits haben wir Fl\u00fcge in den Kanton Luzern von Pfaffnau und in den Kanton Uri von Erstfeld aus. Au\u00dferdem bieten wir Fl\u00fcge vom Heliport Gstaad-Grund und vom Flugplatz Saanen an. Aber auch von den Heliports in Lauterbrunnen, Schattenhalb-Meiringen, Lenk-Simmental und Interlaken-Gsteigwiler im Berner Oberland. Au\u00dferdem bieten wir Helikopterrundfl\u00fcge von den internationalen Flugh\u00e4fen Z\u00fcrich-Kloten und Bern-Belp an. Au\u00dferdem bieten wir Hubschrauberrundfl\u00fcge im Kanton Aargau ab dem Flugplatz Buttwil an. Dann haben wir noch Rundreisen durch den Kanton Schwyz in K\u00fcssnacht und durch den Kanton Solothurn in Grenchen.\n<\/p>\n<p><a id=\"seeMore\" onclick=\"toggleSeeMore()\" href=\"javascript:void(0);\">Lesen Sie mehr<\/a><\/p>\n","protected":false},"featured_media":87082,"comment_status":"open","ping_status":"closed","template":"","meta":{"inline_featured_image":false,"_mi_skip_tracking":false},"product_cat":[263,319],"product_tag":[],"class_list":["post-91820","product","type-product","status-publish","has-post-thumbnail","hentry","product_cat-helikopterflug-in-der-schweiz","product_cat-helikopterrundflug-sitterdorf"],"yoast_head":"<!-- This site is optimized with the Yoast SEO plugin v23.6 - https:\/\/yoast.com\/wordpress\/plugins\/seo\/ -->\n<title>Privatflug a la carte ab Sitterdorf von 30 bis 60 Minuten.<\/title>\n<meta name=\"description\" content=\"Privatflug a la carte von Sitterdorf nach Wunsch. Sie entscheiden, welchen Flug Sie machen m\u00f6chten. Wir sind da, um Sie zu beraten.\" \/>\n<meta name=\"robots\" content=\"index, follow, max-snippet:-1, max-image-preview:large, max-video-preview:-1\" \/>\n<link rel=\"canonical\" href=\"https:\/\/www.swissraft.ch\/de\/produkt\/helikopterflug-sitterdorf-privatflug-a-la-carte\/\" \/>\n<meta property=\"og:locale\" content=\"de_DE\" \/>\n<meta property=\"og:type\" content=\"article\" \/>\n<meta property=\"og:title\" content=\"Privatflug a la carte ab Sitterdorf von 30 bis 60 Minuten.\" \/>\n<meta property=\"og:description\" content=\"Privatflug a la carte von Sitterdorf nach Wunsch. Sie entscheiden, welchen Flug Sie machen m\u00f6chten. Wir sind da, um Sie zu beraten.\" \/>\n<meta property=\"og:url\" content=\"https:\/\/www.swissraft.ch\/de\/produkt\/helikopterflug-sitterdorf-privatflug-a-la-carte\/\" \/>\n<meta property=\"og:site_name\" content=\"Swissraft\" \/>\n<meta property=\"article:modified_time\" content=\"2024-12-10T23:13:27+00:00\" \/>\n<meta property=\"og:image\" content=\"https:\/\/www.swissraft.ch\/wp-content\/uploads\/2022\/12\/6-SITTERDORF-Rundfluge-a-la-carte-ab-30-Minuten-776x776-2.png\" \/>\n\t<meta property=\"og:image:width\" content=\"776\" \/>\n\t<meta property=\"og:image:height\" content=\"776\" \/>\n\t<meta property=\"og:image:type\" content=\"image\/png\" \/>\n<meta name=\"twitter:card\" content=\"summary_large_image\" \/>\n<meta name=\"twitter:label1\" content=\"Gesch\u00e4tzte Lesezeit\" \/>\n\t<meta name=\"twitter:data1\" content=\"1\u00a0Minute\" \/>\n<script type=\"application\/ld+json\" class=\"yoast-schema-graph\">{\"@context\":\"https:\/\/schema.org\",\"@graph\":[{\"@type\":\"WebPage\",\"@id\":\"https:\/\/www.swissraft.ch\/de\/produkt\/helikopterflug-sitterdorf-privatflug-a-la-carte\/\",\"url\":\"https:\/\/www.swissraft.ch\/de\/produkt\/helikopterflug-sitterdorf-privatflug-a-la-carte\/\",\"name\":\"Privatflug a la carte ab Sitterdorf von 30 bis 60 Minuten.\",\"isPartOf\":{\"@id\":\"https:\/\/www.swissraft.ch\/de\/#website\"},\"primaryImageOfPage\":{\"@id\":\"https:\/\/www.swissraft.ch\/de\/produkt\/helikopterflug-sitterdorf-privatflug-a-la-carte\/#primaryimage\"},\"image\":{\"@id\":\"https:\/\/www.swissraft.ch\/de\/produkt\/helikopterflug-sitterdorf-privatflug-a-la-carte\/#primaryimage\"},\"thumbnailUrl\":\"https:\/\/www.swissraft.ch\/wp-content\/uploads\/2022\/12\/6-SITTERDORF-Rundfluge-a-la-carte-ab-30-Minuten-776x776-2.png\",\"datePublished\":\"2022-12-27T13:07:14+00:00\",\"dateModified\":\"2024-12-10T23:13:27+00:00\",\"description\":\"Privatflug a la carte von Sitterdorf nach Wunsch. Sie entscheiden, welchen Flug Sie machen m\u00f6chten. Wir sind da, um Sie zu beraten.\",\"breadcrumb\":{\"@id\":\"https:\/\/www.swissraft.ch\/de\/produkt\/helikopterflug-sitterdorf-privatflug-a-la-carte\/#breadcrumb\"},\"inLanguage\":\"de\",\"potentialAction\":[{\"@type\":\"ReadAction\",\"target\":[\"https:\/\/www.swissraft.ch\/de\/produkt\/helikopterflug-sitterdorf-privatflug-a-la-carte\/\"]}]},{\"@type\":\"ImageObject\",\"inLanguage\":\"de\",\"@id\":\"https:\/\/www.swissraft.ch\/de\/produkt\/helikopterflug-sitterdorf-privatflug-a-la-carte\/#primaryimage\",\"url\":\"https:\/\/www.swissraft.ch\/wp-content\/uploads\/2022\/12\/6-SITTERDORF-Rundfluge-a-la-carte-ab-30-Minuten-776x776-2.png\",\"contentUrl\":\"https:\/\/www.swissraft.ch\/wp-content\/uploads\/2022\/12\/6-SITTERDORF-Rundfluge-a-la-carte-ab-30-Minuten-776x776-2.png\",\"width\":776,\"height\":776,\"caption\":\"Von Sitterdorf aus Helikopterflug \u00e0 la carte\"},{\"@type\":\"BreadcrumbList\",\"@id\":\"https:\/\/www.swissraft.ch\/de\/produkt\/helikopterflug-sitterdorf-privatflug-a-la-carte\/#breadcrumb\",\"itemListElement\":[{\"@type\":\"ListItem\",\"position\":1,\"name\":\"Accueil\",\"item\":\"https:\/\/www.swissraft.ch\/de\/\"},{\"@type\":\"ListItem\",\"position\":2,\"name\":\"Shop\",\"item\":\"https:\/\/www.swissraft.ch\/de\/shop\/\"},{\"@type\":\"ListItem\",\"position\":3,\"name\":\"Helikopterflug ab SITTERDORF &#8211; PRIVATFLUG A LA CARTE &#8211; Ab CHF 580.00\"}]},{\"@type\":\"WebSite\",\"@id\":\"https:\/\/www.swissraft.ch\/de\/#website\",\"url\":\"https:\/\/www.swissraft.ch\/de\/\",\"name\":\"Swissraft\",\"description\":\"To enjoy nature as it is\",\"publisher\":{\"@id\":\"https:\/\/www.swissraft.ch\/de\/#organization\"},\"potentialAction\":[{\"@type\":\"SearchAction\",\"target\":{\"@type\":\"EntryPoint\",\"urlTemplate\":\"https:\/\/www.swissraft.ch\/de\/?s={search_term_string}\"},\"query-input\":{\"@type\":\"PropertyValueSpecification\",\"valueRequired\":true,\"valueName\":\"search_term_string\"}}],\"inLanguage\":\"de\"},{\"@type\":\"Organization\",\"@id\":\"https:\/\/www.swissraft.ch\/de\/#organization\",\"name\":\"Swissraft\",\"url\":\"https:\/\/www.swissraft.ch\/de\/\",\"logo\":{\"@type\":\"ImageObject\",\"inLanguage\":\"de\",\"@id\":\"https:\/\/www.swissraft.ch\/de\/#\/schema\/logo\/image\/\",\"url\":\"https:\/\/www.swissraft.ch\/wp-content\/uploads\/2025\/09\/Capture.jpg\",\"contentUrl\":\"https:\/\/www.swissraft.ch\/wp-content\/uploads\/2025\/09\/Capture.jpg\",\"width\":293,\"height\":108,\"caption\":\"Swissraft\"},\"image\":{\"@id\":\"https:\/\/www.swissraft.ch\/de\/#\/schema\/logo\/image\/\"}}]}<\/script>\n<!-- \/ Yoast SEO plugin. -->","yoast_head_json":{"title":"Privatflug a la carte ab Sitterdorf von 30 bis 60 Minuten.","description":"Privatflug a la carte von Sitterdorf nach Wunsch. Sie entscheiden, welchen Flug Sie machen m\u00f6chten. Wir sind da, um Sie zu beraten.","robots":{"index":"index","follow":"follow","max-snippet":"max-snippet:-1","max-image-preview":"max-image-preview:large","max-video-preview":"max-video-preview:-1"},"canonical":"https:\/\/www.swissraft.ch\/de\/produkt\/helikopterflug-sitterdorf-privatflug-a-la-carte\/","og_locale":"de_DE","og_type":"article","og_title":"Privatflug a la carte ab Sitterdorf von 30 bis 60 Minuten.","og_description":"Privatflug a la carte von Sitterdorf nach Wunsch. Sie entscheiden, welchen Flug Sie machen m\u00f6chten. Wir sind da, um Sie zu beraten.","og_url":"https:\/\/www.swissraft.ch\/de\/produkt\/helikopterflug-sitterdorf-privatflug-a-la-carte\/","og_site_name":"Swissraft","article_modified_time":"2024-12-10T23:13:27+00:00","og_image":[{"width":776,"height":776,"url":"https:\/\/www.swissraft.ch\/wp-content\/uploads\/2022\/12\/6-SITTERDORF-Rundfluge-a-la-carte-ab-30-Minuten-776x776-2.png","type":"image\/png"}],"twitter_card":"summary_large_image","twitter_misc":{"Gesch\u00e4tzte Lesezeit":"1\u00a0Minute"},"schema":{"@context":"https:\/\/schema.org","@graph":[{"@type":"WebPage","@id":"https:\/\/www.swissraft.ch\/de\/produkt\/helikopterflug-sitterdorf-privatflug-a-la-carte\/","url":"https:\/\/www.swissraft.ch\/de\/produkt\/helikopterflug-sitterdorf-privatflug-a-la-carte\/","name":"Privatflug a la carte ab Sitterdorf von 30 bis 60 Minuten.","isPartOf":{"@id":"https:\/\/www.swissraft.ch\/de\/#website"},"primaryImageOfPage":{"@id":"https:\/\/www.swissraft.ch\/de\/produkt\/helikopterflug-sitterdorf-privatflug-a-la-carte\/#primaryimage"},"image":{"@id":"https:\/\/www.swissraft.ch\/de\/produkt\/helikopterflug-sitterdorf-privatflug-a-la-carte\/#primaryimage"},"thumbnailUrl":"https:\/\/www.swissraft.ch\/wp-content\/uploads\/2022\/12\/6-SITTERDORF-Rundfluge-a-la-carte-ab-30-Minuten-776x776-2.png","datePublished":"2022-12-27T13:07:14+00:00","dateModified":"2024-12-10T23:13:27+00:00","description":"Privatflug a la carte von Sitterdorf nach Wunsch. Sie entscheiden, welchen Flug Sie machen m\u00f6chten. Wir sind da, um Sie zu beraten.","breadcrumb":{"@id":"https:\/\/www.swissraft.ch\/de\/produkt\/helikopterflug-sitterdorf-privatflug-a-la-carte\/#breadcrumb"},"inLanguage":"de","potentialAction":[{"@type":"ReadAction","target":["https:\/\/www.swissraft.ch\/de\/produkt\/helikopterflug-sitterdorf-privatflug-a-la-carte\/"]}]},{"@type":"ImageObject","inLanguage":"de","@id":"https:\/\/www.swissraft.ch\/de\/produkt\/helikopterflug-sitterdorf-privatflug-a-la-carte\/#primaryimage","url":"https:\/\/www.swissraft.ch\/wp-content\/uploads\/2022\/12\/6-SITTERDORF-Rundfluge-a-la-carte-ab-30-Minuten-776x776-2.png","contentUrl":"https:\/\/www.swissraft.ch\/wp-content\/uploads\/2022\/12\/6-SITTERDORF-Rundfluge-a-la-carte-ab-30-Minuten-776x776-2.png","width":776,"height":776,"caption":"Von Sitterdorf aus Helikopterflug \u00e0 la carte"},{"@type":"BreadcrumbList","@id":"https:\/\/www.swissraft.ch\/de\/produkt\/helikopterflug-sitterdorf-privatflug-a-la-carte\/#breadcrumb","itemListElement":[{"@type":"ListItem","position":1,"name":"Accueil","item":"https:\/\/www.swissraft.ch\/de\/"},{"@type":"ListItem","position":2,"name":"Shop","item":"https:\/\/www.swissraft.ch\/de\/shop\/"},{"@type":"ListItem","position":3,"name":"Helikopterflug ab SITTERDORF &#8211; PRIVATFLUG A LA CARTE &#8211; Ab CHF 580.00"}]},{"@type":"WebSite","@id":"https:\/\/www.swissraft.ch\/de\/#website","url":"https:\/\/www.swissraft.ch\/de\/","name":"Swissraft","description":"To enjoy nature as it is","publisher":{"@id":"https:\/\/www.swissraft.ch\/de\/#organization"},"potentialAction":[{"@type":"SearchAction","target":{"@type":"EntryPoint","urlTemplate":"https:\/\/www.swissraft.ch\/de\/?s={search_term_string}"},"query-input":{"@type":"PropertyValueSpecification","valueRequired":true,"valueName":"search_term_string"}}],"inLanguage":"de"},{"@type":"Organization","@id":"https:\/\/www.swissraft.ch\/de\/#organization","name":"Swissraft","url":"https:\/\/www.swissraft.ch\/de\/","logo":{"@type":"ImageObject","inLanguage":"de","@id":"https:\/\/www.swissraft.ch\/de\/#\/schema\/logo\/image\/","url":"https:\/\/www.swissraft.ch\/wp-content\/uploads\/2025\/09\/Capture.jpg","contentUrl":"https:\/\/www.swissraft.ch\/wp-content\/uploads\/2025\/09\/Capture.jpg","width":293,"height":108,"caption":"Swissraft"},"image":{"@id":"https:\/\/www.swissraft.ch\/de\/#\/schema\/logo\/image\/"}}]}},"_links":{"self":[{"href":"https:\/\/www.swissraft.ch\/de\/wp-json\/wp\/v2\/product\/91820","targetHints":{"allow":["GET"]}}],"collection":[{"href":"https:\/\/www.swissraft.ch\/de\/wp-json\/wp\/v2\/product"}],"about":[{"href":"https:\/\/www.swissraft.ch\/de\/wp-json\/wp\/v2\/types\/product"}],"replies":[{"embeddable":true,"href":"https:\/\/www.swissraft.ch\/de\/wp-json\/wp\/v2\/comments?post=91820"}],"version-history":[{"count":0,"href":"https:\/\/www.swissraft.ch\/de\/wp-json\/wp\/v2\/product\/91820\/revisions"}],"wp:featuredmedia":[{"embeddable":true,"href":"https:\/\/www.swissraft.ch\/de\/wp-json\/wp\/v2\/media\/87082"}],"wp:attachment":[{"href":"https:\/\/www.swissraft.ch\/de\/wp-json\/wp\/v2\/media?parent=91820"}],"wp:term":[{"taxonomy":"product_cat","embeddable":true,"href":"https:\/\/www.swissraft.ch\/de\/wp-json\/wp\/v2\/product_cat?post=91820"},{"taxonomy":"product_tag","embeddable":true,"href":"https:\/\/www.swissraft.ch\/de\/wp-json\/wp\/v2\/product_tag?post=91820"}],"curies":[{"name":"wp","href":"https:\/\/api.w.org\/{rel}","templated":true}]}}